{"id":274576,"date":"2025-10-15T09:27:15","date_gmt":"2025-10-15T07:27:15","guid":{"rendered":"https:\/\/najnaj.eu\/?post_type=product&p=274576"},"modified":"2025-10-15T09:27:15","modified_gmt":"2025-10-15T07:27:15","slug":"voxi-rokavice-za-vozicek-temno-pescene","status":"publish","type":"product","link":"https:\/\/najnaj.eu\/sl\/izdelek\/voxi-rokavice-za-vozicek-temno-pescene\/","title":{"rendered":"Voxi rokavice za vozi\u010dek, temno pe\u0161\u010dene"},"content":{"rendered":"<p>Rokavice za vozi\u010dek Voksi so idealne za sprehode v hladnej\u0161ih dneh. Ko rokavice vzamete iz rokavic, ostanejo varno pritrjene na vozi\u010dek zaradi je\u017eka. Na voljo so v univerzalni velikosti, ki ustreza vsem.  <\/p>\n<p>Rokavice Voksi so izdelane iz naravnih in visokokakovostnih certificiranih materialov. Polnjene so s puhom, ki zagotavlja izjemno izolacijo pred mrazom. Zrak med puhovimi vlakni zagotavlja maksimalno toplotno za\u0161\u010dito in zadr\u017euje toploto, zaradi \u010desar so va\u0161e roke prijetno tople. Zunanja tkanina je odporna na veter, ima vodni stolpec najmanj 8000 mm in je prevle\u010dena s plastjo BIONIC-FINISH\u00aeECO, zaradi \u010desar je vodoodbojna. Vsi materiali so certificirani po standardu OEKO-TEX\u00ae 100, razred 1 \u2013 kar zagotavlja, da ne vsebujejo \u0161kodljivih kemikalij.    <\/p>\n<p>Zasnovane so tako, da se prilegajo vsem vozi\u010dkom in rokam. Rokavice se enostavno pritrdijo na vozi\u010dek tako, da odprete je\u017eka na vrhu in ga namestite okoli ro\u010daja. Stranska vrvica omogo\u010da dodatno tesnost, ki prepre\u010duje vdor hladnega zraka.  <\/p>\n","protected":false},"excerpt":{"rendered":"<p>&#8211; Univerzalna velikost &#8211; primerna za vse roke in vozi\u010dke<br \/>\n &#8211; Toplotna izolacija \u2013 zadr\u017euje toploto in \u0161\u010diti pred mrazom<br \/>\n &#8211; Vetroodporna in vodoodporna \u2013 z zunanjo tkanino (vodni stolpec 8000 mm) in premazom BIONIC-FINISH\u00aeECO<br \/>\n &#8211; Enostavna pritrditev \u2013 je\u017eek dr\u017ei rokavice na vozi\u010dku, tudi ko roke niso v njem<br \/>\n &#8211; Varni materiali \u2013 OEKO-TEX\u00ae Standard 100, razred 1 \u2013 brez \u0161kodljivih kemikalij<\/p>\n","protected":false},"featured_media":274347,"comment_status":"closed","ping_status":"closed","template":"","meta":{"_acf_changed":false,"footnotes":""},"product_brand":[],"product_cat":[1152,1224],"product_tag":[2282],"class_list":{"0":"post-274576","1":"product","2":"type-product","3":"status-publish","4":"has-post-thumbnail","6":"product_cat-dodaci-za-kolica-sl","7":"product_cat-ostalo-sl","8":"product_tag-zima-sl","9":"pa_boja-bez","10":"pa_boja-smeda-sl","11":"pa_brand-voksi-sl","13":"first","14":"outofstock","15":"shipping-taxable","16":"purchasable","17":"product-type-simple"},"bundled_by":[],"bundle_stock_status":"outofstock","bundle_stock_quantity":0,"bundle_virtual":false,"bundle_layout":"","bundle_add_to_cart_form_location":"","bundle_editable_in_cart":false,"bundle_sold_individually_context":"","bundle_item_grouping":"","bundle_min_size":"","bundle_max_size":"","bundle_price":[],"bundled_items":[],"bundle_sell_ids":[],"acf":[],"yoast_head":"<!-- This site is optimized with the Yoast SEO Premium plugin v21.5 (Yoast SEO v27.3) - https:\/\/yoast.com\/product\/yoast-seo-premium-wordpress\/ -->\n<title>Voxi rokavice za vozi\u010dek, temno pe\u0161\u010dene - NajNaj.eu<\/title>\n<meta name=\"description\" content=\"Voxi rokavice za otro\u0161ki vozi\u010dek za sprehode v hladnej\u0161ih dneh. Na vozi\u010dek se lahko pritrdijo z je\u017ekom. Univerzalna velikost.\" \/>\n<meta name=\"robots\" content=\"index, follow, max-snippet:-1, max-image-preview:large, max-video-preview:-1\" \/>\n<link rel=\"canonical\" href=\"https:\/\/najnaj.eu\/sl\/izdelek\/voxi-rokavice-za-vozicek-temno-pescene\/\" \/>\n<meta property=\"og:locale\" content=\"sl_SI\" \/>\n<meta property=\"og:type\" content=\"article\" \/>\n<meta property=\"og:title\" content=\"Voxi rokavice za vozi\u010dek, temno pe\u0161\u010dene\" \/>\n<meta property=\"og:description\" content=\"Voxi rokavice za otro\u0161ki vozi\u010dek za sprehode v hladnej\u0161ih dneh. Na vozi\u010dek se lahko pritrdijo z je\u017ekom. Univerzalna velikost.\" \/>\n<meta property=\"og:url\" content=\"https:\/\/najnaj.eu\/sl\/izdelek\/voxi-rokavice-za-vozicek-temno-pescene\/\" \/>\n<meta property=\"og:site_name\" content=\"NajNaj.eu\" \/>\n<meta property=\"article:publisher\" content=\"https:\/\/web.facebook.com\/najnaj.eu\/\" \/>\n<meta property=\"og:image\" content=\"https:\/\/najnaj.eu\/wp-content\/uploads\/2025\/10\/11037716_Voksi_Sroller-Mittens_Dark-Sand_1.jpg\" \/>\n\t<meta property=\"og:image:width\" content=\"1080\" \/>\n\t<meta property=\"og:image:height\" content=\"1080\" \/>\n\t<meta property=\"og:image:type\" content=\"image\/jpeg\" \/>\n<meta name=\"twitter:card\" content=\"summary_large_image\" \/>\n<meta name=\"twitter:label1\" content=\"Price\" \/>\n\t<meta name=\"twitter:data1\" content=\"45,90&nbsp;&euro;\" \/>\n\t<meta name=\"twitter:label2\" content=\"Availability\" \/>\n\t<meta name=\"twitter:data2\" content=\"Out of stock\" \/>\n<script type=\"application\/ld+json\" class=\"yoast-schema-graph\">{\"@context\":\"https:\\\/\\\/schema.org\",\"@graph\":[{\"@type\":\"WebPage\",\"@id\":\"https:\\\/\\\/najnaj.eu\\\/sl\\\/izdelek\\\/voxi-rokavice-za-vozicek-temno-pescene\\\/\",\"url\":\"https:\\\/\\\/najnaj.eu\\\/sl\\\/izdelek\\\/voxi-rokavice-za-vozicek-temno-pescene\\\/\",\"name\":\"Voxi rokavice za vozi\u010dek, temno pe\u0161\u010dene - NajNaj.eu\",\"isPartOf\":{\"@id\":\"https:\\\/\\\/najnaj.eu\\\/sl\\\/#website\"},\"primaryImageOfPage\":{\"@id\":\"https:\\\/\\\/najnaj.eu\\\/sl\\\/izdelek\\\/voxi-rokavice-za-vozicek-temno-pescene\\\/#primaryimage\"},\"image\":{\"@id\":\"https:\\\/\\\/najnaj.eu\\\/sl\\\/izdelek\\\/voxi-rokavice-za-vozicek-temno-pescene\\\/#primaryimage\"},\"thumbnailUrl\":\"https:\\\/\\\/najnaj.eu\\\/wp-content\\\/uploads\\\/2025\\\/10\\\/11037716_Voksi_Sroller-Mittens_Dark-Sand_1.jpg\",\"datePublished\":\"2025-10-15T07:27:15+00:00\",\"description\":\"Voxi rokavice za otro\u0161ki vozi\u010dek za sprehode v hladnej\u0161ih dneh. Na vozi\u010dek se lahko pritrdijo z je\u017ekom. Univerzalna velikost.\",\"breadcrumb\":{\"@id\":\"https:\\\/\\\/najnaj.eu\\\/sl\\\/izdelek\\\/voxi-rokavice-za-vozicek-temno-pescene\\\/#breadcrumb\"},\"inLanguage\":\"sl-SI\",\"potentialAction\":[{\"@type\":\"ReadAction\",\"target\":[\"https:\\\/\\\/najnaj.eu\\\/sl\\\/izdelek\\\/voxi-rokavice-za-vozicek-temno-pescene\\\/\"]}]},{\"@type\":\"ImageObject\",\"inLanguage\":\"sl-SI\",\"@id\":\"https:\\\/\\\/najnaj.eu\\\/sl\\\/izdelek\\\/voxi-rokavice-za-vozicek-temno-pescene\\\/#primaryimage\",\"url\":\"https:\\\/\\\/najnaj.eu\\\/wp-content\\\/uploads\\\/2025\\\/10\\\/11037716_Voksi_Sroller-Mittens_Dark-Sand_1.jpg\",\"contentUrl\":\"https:\\\/\\\/najnaj.eu\\\/wp-content\\\/uploads\\\/2025\\\/10\\\/11037716_Voksi_Sroller-Mittens_Dark-Sand_1.jpg\",\"width\":1080,\"height\":1080},{\"@type\":\"BreadcrumbList\",\"@id\":\"https:\\\/\\\/najnaj.eu\\\/sl\\\/izdelek\\\/voxi-rokavice-za-vozicek-temno-pescene\\\/#breadcrumb\",\"itemListElement\":[{\"@type\":\"ListItem\",\"position\":1,\"name\":\"Po\u010detna stranica\",\"item\":\"https:\\\/\\\/najnaj.eu\\\/sl\\\/prednja-stran\\\/\"},{\"@type\":\"ListItem\",\"position\":2,\"name\":\"Shop\",\"item\":\"https:\\\/\\\/najnaj.eu\\\/sl\\\/shop\\\/\"},{\"@type\":\"ListItem\",\"position\":3,\"name\":\"Privatno: Voxi rokavice za vozi\u010dek, temno pe\u0161\u010dene\"}]},{\"@type\":\"WebSite\",\"@id\":\"https:\\\/\\\/najnaj.eu\\\/sl\\\/#website\",\"url\":\"https:\\\/\\\/najnaj.eu\\\/sl\\\/\",\"name\":\"NajNaj.eu\",\"description\":\"Za najva\u017enije!\",\"publisher\":{\"@id\":\"https:\\\/\\\/najnaj.eu\\\/sl\\\/#organization\"},\"potentialAction\":[{\"@type\":\"SearchAction\",\"target\":{\"@type\":\"EntryPoint\",\"urlTemplate\":\"https:\\\/\\\/najnaj.eu\\\/sl\\\/?s={search_term_string}\"},\"query-input\":{\"@type\":\"PropertyValueSpecification\",\"valueRequired\":true,\"valueName\":\"search_term_string\"}}],\"inLanguage\":\"sl-SI\"},{\"@type\":\"Organization\",\"@id\":\"https:\\\/\\\/najnaj.eu\\\/sl\\\/#organization\",\"name\":\"NajNaj.eu\",\"url\":\"https:\\\/\\\/najnaj.eu\\\/sl\\\/\",\"logo\":{\"@type\":\"ImageObject\",\"inLanguage\":\"sl-SI\",\"@id\":\"https:\\\/\\\/najnaj.eu\\\/sl\\\/#\\\/schema\\\/logo\\\/image\\\/\",\"url\":\"https:\\\/\\\/najnaj.eu\\\/wp-content\\\/uploads\\\/2023\\\/09\\\/logo_Najnaj_2023.svg\",\"contentUrl\":\"https:\\\/\\\/najnaj.eu\\\/wp-content\\\/uploads\\\/2023\\\/09\\\/logo_Najnaj_2023.svg\",\"width\":501,\"height\":278,\"caption\":\"NajNaj.eu\"},\"image\":{\"@id\":\"https:\\\/\\\/najnaj.eu\\\/sl\\\/#\\\/schema\\\/logo\\\/image\\\/\"},\"sameAs\":[\"https:\\\/\\\/web.facebook.com\\\/najnaj.eu\\\/\",\"https:\\\/\\\/www.instagram.com\\\/najnaj.eu\\\/\",\"https:\\\/\\\/www.tiktok.com\\\/@najnaj.eu\"]}]}<\/script>\n<meta property=\"product:brand\" content=\"Voksi\" \/>\n<meta property=\"product:price:amount\" content=\"45.90\" \/>\n<meta property=\"product:price:currency\" content=\"EUR\" \/>\n<meta property=\"og:availability\" content=\"out of stock\" \/>\n<meta property=\"product:availability\" content=\"out of stock\" \/>\n<meta property=\"product:retailer_item_id\" content=\"11037716-DarkSand-LightGrey\" \/>\n<meta property=\"product:condition\" content=\"new\" \/>\n<!-- \/ Yoast SEO Premium plugin. -->","yoast_head_json":{"title":"Voxi rokavice za vozi\u010dek, temno pe\u0161\u010dene - NajNaj.eu","description":"Voxi rokavice za otro\u0161ki vozi\u010dek za sprehode v hladnej\u0161ih dneh. Na vozi\u010dek se lahko pritrdijo z je\u017ekom. Univerzalna velikost.","robots":{"index":"index","follow":"follow","max-snippet":"max-snippet:-1","max-image-preview":"max-image-preview:large","max-video-preview":"max-video-preview:-1"},"canonical":"https:\/\/najnaj.eu\/sl\/izdelek\/voxi-rokavice-za-vozicek-temno-pescene\/","og_locale":"sl_SI","og_type":"article","og_title":"Voxi rokavice za vozi\u010dek, temno pe\u0161\u010dene","og_description":"Voxi rokavice za otro\u0161ki vozi\u010dek za sprehode v hladnej\u0161ih dneh. Na vozi\u010dek se lahko pritrdijo z je\u017ekom. Univerzalna velikost.","og_url":"https:\/\/najnaj.eu\/sl\/izdelek\/voxi-rokavice-za-vozicek-temno-pescene\/","og_site_name":"NajNaj.eu","article_publisher":"https:\/\/web.facebook.com\/najnaj.eu\/","og_image":[{"width":1080,"height":1080,"url":"https:\/\/najnaj.eu\/wp-content\/uploads\/2025\/10\/11037716_Voksi_Sroller-Mittens_Dark-Sand_1.jpg","type":"image\/jpeg"}],"twitter_card":"summary_large_image","twitter_misc":{"Price":"45,90&nbsp;&euro;","Availability":"Out of stock"},"schema":{"@context":"https:\/\/schema.org","@graph":[{"@type":"WebPage","@id":"https:\/\/najnaj.eu\/sl\/izdelek\/voxi-rokavice-za-vozicek-temno-pescene\/","url":"https:\/\/najnaj.eu\/sl\/izdelek\/voxi-rokavice-za-vozicek-temno-pescene\/","name":"Voxi rokavice za vozi\u010dek, temno pe\u0161\u010dene - NajNaj.eu","isPartOf":{"@id":"https:\/\/najnaj.eu\/sl\/#website"},"primaryImageOfPage":{"@id":"https:\/\/najnaj.eu\/sl\/izdelek\/voxi-rokavice-za-vozicek-temno-pescene\/#primaryimage"},"image":{"@id":"https:\/\/najnaj.eu\/sl\/izdelek\/voxi-rokavice-za-vozicek-temno-pescene\/#primaryimage"},"thumbnailUrl":"https:\/\/najnaj.eu\/wp-content\/uploads\/2025\/10\/11037716_Voksi_Sroller-Mittens_Dark-Sand_1.jpg","datePublished":"2025-10-15T07:27:15+00:00","description":"Voxi rokavice za otro\u0161ki vozi\u010dek za sprehode v hladnej\u0161ih dneh. Na vozi\u010dek se lahko pritrdijo z je\u017ekom. Univerzalna velikost.","breadcrumb":{"@id":"https:\/\/najnaj.eu\/sl\/izdelek\/voxi-rokavice-za-vozicek-temno-pescene\/#breadcrumb"},"inLanguage":"sl-SI","potentialAction":[{"@type":"ReadAction","target":["https:\/\/najnaj.eu\/sl\/izdelek\/voxi-rokavice-za-vozicek-temno-pescene\/"]}]},{"@type":"ImageObject","inLanguage":"sl-SI","@id":"https:\/\/najnaj.eu\/sl\/izdelek\/voxi-rokavice-za-vozicek-temno-pescene\/#primaryimage","url":"https:\/\/najnaj.eu\/wp-content\/uploads\/2025\/10\/11037716_Voksi_Sroller-Mittens_Dark-Sand_1.jpg","contentUrl":"https:\/\/najnaj.eu\/wp-content\/uploads\/2025\/10\/11037716_Voksi_Sroller-Mittens_Dark-Sand_1.jpg","width":1080,"height":1080},{"@type":"BreadcrumbList","@id":"https:\/\/najnaj.eu\/sl\/izdelek\/voxi-rokavice-za-vozicek-temno-pescene\/#breadcrumb","itemListElement":[{"@type":"ListItem","position":1,"name":"Po\u010detna stranica","item":"https:\/\/najnaj.eu\/sl\/prednja-stran\/"},{"@type":"ListItem","position":2,"name":"Shop","item":"https:\/\/najnaj.eu\/sl\/shop\/"},{"@type":"ListItem","position":3,"name":"Privatno: Voxi rokavice za vozi\u010dek, temno pe\u0161\u010dene"}]},{"@type":"WebSite","@id":"https:\/\/najnaj.eu\/sl\/#website","url":"https:\/\/najnaj.eu\/sl\/","name":"NajNaj.eu","description":"Za najva\u017enije!","publisher":{"@id":"https:\/\/najnaj.eu\/sl\/#organization"},"potentialAction":[{"@type":"SearchAction","target":{"@type":"EntryPoint","urlTemplate":"https:\/\/najnaj.eu\/sl\/?s={search_term_string}"},"query-input":{"@type":"PropertyValueSpecification","valueRequired":true,"valueName":"search_term_string"}}],"inLanguage":"sl-SI"},{"@type":"Organization","@id":"https:\/\/najnaj.eu\/sl\/#organization","name":"NajNaj.eu","url":"https:\/\/najnaj.eu\/sl\/","logo":{"@type":"ImageObject","inLanguage":"sl-SI","@id":"https:\/\/najnaj.eu\/sl\/#\/schema\/logo\/image\/","url":"https:\/\/najnaj.eu\/wp-content\/uploads\/2023\/09\/logo_Najnaj_2023.svg","contentUrl":"https:\/\/najnaj.eu\/wp-content\/uploads\/2023\/09\/logo_Najnaj_2023.svg","width":501,"height":278,"caption":"NajNaj.eu"},"image":{"@id":"https:\/\/najnaj.eu\/sl\/#\/schema\/logo\/image\/"},"sameAs":["https:\/\/web.facebook.com\/najnaj.eu\/","https:\/\/www.instagram.com\/najnaj.eu\/","https:\/\/www.tiktok.com\/@najnaj.eu"]}]},"product_brand":"Voksi","product_price_amount":"45.90","product_price_currency":"EUR","og_availability":"out of stock","product_availability":"out of stock","product_retailer_item_id":"11037716-DarkSand-LightGrey","product_condition":"new"},"_links":{"self":[{"href":"https:\/\/najnaj.eu\/sl\/wp-json\/wp\/v2\/product\/274576","targetHints":{"allow":["GET"]}}],"collection":[{"href":"https:\/\/najnaj.eu\/sl\/wp-json\/wp\/v2\/product"}],"about":[{"href":"https:\/\/najnaj.eu\/sl\/wp-json\/wp\/v2\/types\/product"}],"replies":[{"embeddable":true,"href":"https:\/\/najnaj.eu\/sl\/wp-json\/wp\/v2\/comments?post=274576"}],"version-history":[{"count":0,"href":"https:\/\/najnaj.eu\/sl\/wp-json\/wp\/v2\/product\/274576\/revisions"}],"wp:featuredmedia":[{"embeddable":true,"href":"https:\/\/najnaj.eu\/sl\/wp-json\/wp\/v2\/media\/274347"}],"wp:attachment":[{"href":"https:\/\/najnaj.eu\/sl\/wp-json\/wp\/v2\/media?parent=274576"}],"wp:term":[{"taxonomy":"product_brand","embeddable":true,"href":"https:\/\/najnaj.eu\/sl\/wp-json\/wp\/v2\/product_brand?post=274576"},{"taxonomy":"product_cat","embeddable":true,"href":"https:\/\/najnaj.eu\/sl\/wp-json\/wp\/v2\/product_cat?post=274576"},{"taxonomy":"product_tag","embeddable":true,"href":"https:\/\/najnaj.eu\/sl\/wp-json\/wp\/v2\/product_tag?post=274576"}],"curies":[{"name":"wp","href":"https:\/\/api.w.org\/{rel}","templated":true}]}}