{"id":274565,"date":"2025-12-15T10:10:58","date_gmt":"2025-12-15T09:10:58","guid":{"rendered":"https:\/\/najnaj.eu\/?post_type=product&p=274565"},"modified":"2025-10-15T10:10:58","modified_gmt":"2025-10-15T08:10:58","slug":"voxi-zimska-torba-explorer-crna-enobarvna","status":"publish","type":"product","link":"https:\/\/najnaj.eu\/sl\/izdelek\/voxi-zimska-torba-explorer-crna-enobarvna\/","title":{"rendered":"Voxi zimska torba, Explorer, \u010drna enobarvna"},"content":{"rendered":"<p>Voksi\u00ae Explorer je izdelan iz naravnih in visokokakovostnih materialov, kot sta volna in puh. Zimska vre\u010da ima na hrbtni strani zra\u010dno volno, ki vpija vlago in tako zagotavlja optimalno temperaturo. Polnjena je s puhom, ki zagotavlja edinstveno izolacijo in greje otroka.  <\/p>\n<p>Na zunanji strani je torba prevle\u010dena s premazom BIONIC-FINISH\u00aeECO, ki odbija vodo in \u0161\u010diti pred snegom, vetrom in de\u017ejem.<\/p>\n<p>Vsi materiali v izdelku Voksi\u00ae Explorer imajo certifikat OEKO-TEX\u00ae standard 100, razred 1, kar je znak kakovosti, ki pomeni, da noben material v izdelku ne vsebuje \u0161kodljivih kemikalij.<\/p>\n<p>Naglavni trak omogo\u010da prilagajanje razli\u010dnim vremenskim razmeram. Stranske odprtine za zra\u010denje se prepognejo \u010dez sprednji del za optimalno prezra\u010devanje in dobro vidljivost, ko va\u0161 otrok \u017eeli raziskovati svet iz udobja vozi\u010dka. <\/p>\n<p>Zadrga omogo\u010da hitro odstranitev, hrbtni del pa se lahko uporablja kot prevleka za sede\u017e ali kot igralna podloga.<\/p>\n<p>Edinstvena zasnova odpiranja hrbti\u0161\u010da omogo\u010da enostavno namestitev in uporabo te torbe v avtosede\u017eih in vozi\u010dkih z razli\u010dnimi varnostnimi pasovi. Nedrse\u010d material na hrbtni strani zagotavlja, da torba ostane na svojem mestu v vozi\u010dku. Pri uporabi v avtosede\u017eu Voksi\u00ae Explorer zagotavlja izolacijo, ki nadomesti debela zimska obla\u010dila. Na ta na\u010din je varnostni pas name\u0161\u010den bli\u017eje otrokovemu telesu. Zadrga se hitro odpre, kar omogo\u010da enostaven dostop do otroka v avtosede\u017eu.    <\/p>\n<p>Zimska vre\u010da Voksi\u00ae Explorer je bila testirana z avtosede\u017ei BeSafe in se zaradi odprtine na zadnji strani prilagaja vsem drugim avtosede\u017eem.<\/p>\n","protected":false},"excerpt":{"rendered":"<p>Voksi\u00ae Explorer je zimska torba za vozi\u010dke in avtosede\u017ee, zasnovana za hladne jeseni in zime. Uporablja se lahko od rojstva do 3. leta.  <\/p>\n<p>&#8211; Polnilo iz naravnega ra\u010djega puha in volne<br \/>\n &#8211; Vodoodbojna zgornja plast<br \/>\n &#8211; Uporablja se lahko tudi v avtomobilskih sede\u017eih<\/p>\n","protected":false},"featured_media":274422,"comment_status":"closed","ping_status":"closed","template":"","meta":{"_acf_changed":false,"footnotes":""},"product_brand":[],"product_cat":[829,552,645,569],"product_tag":[2271],"class_list":{"0":"post-274565","1":"product","2":"type-product","3":"status-publish","4":"has-post-thumbnail","6":"product_cat-dodaci-za-autosjedalice","7":"product_cat-dodaci-za-kolica","8":"product_cat-zimske-vrece","9":"product_cat-zimske-vrece-za-kolica","10":"product_tag-zima","11":"pa_boja-crna","12":"pa_brand-voksi","14":"first","15":"outofstock","16":"shipping-taxable","17":"purchasable","18":"product-type-simple"},"bundled_by":[],"bundle_stock_status":"outofstock","bundle_stock_quantity":0,"bundle_virtual":false,"bundle_layout":"","bundle_add_to_cart_form_location":"","bundle_editable_in_cart":false,"bundle_sold_individually_context":"","bundle_item_grouping":"","bundle_min_size":"","bundle_max_size":"","bundle_price":[],"bundled_items":[],"bundle_sell_ids":[],"acf":[],"yoast_head":"<!-- This site is optimized with the Yoast SEO Premium plugin v21.5 (Yoast SEO v27.3) - https:\/\/yoast.com\/product\/yoast-seo-premium-wordpress\/ -->\n<title>Voxi zimska torba, Explorer, \u010drna enobarvna - NajNaj.eu<\/title>\n<meta name=\"description\" content=\"Nadome\u0161\u010da zimska obla\u010dila, omogo\u010da pravilno in varno namestitev avtomobilskega varnostnega pasu. Izdelano iz naravnih certificiranih materialov in vodoodporne zunanjosti.\" \/>\n<meta name=\"robots\" content=\"index, follow, max-snippet:-1, max-image-preview:large, max-video-preview:-1\" \/>\n<link rel=\"canonical\" href=\"https:\/\/najnaj.eu\/sl\/izdelek\/voxi-zimska-torba-explorer-crna-enobarvna\/\" \/>\n<meta property=\"og:locale\" content=\"sl_SI\" \/>\n<meta property=\"og:type\" content=\"article\" \/>\n<meta property=\"og:title\" content=\"Voxi zimska torba, Explorer, \u010drna enobarvna\" \/>\n<meta property=\"og:description\" content=\"Nadome\u0161\u010da zimska obla\u010dila, omogo\u010da pravilno in varno namestitev avtomobilskega varnostnega pasu. Izdelano iz naravnih certificiranih materialov in vodoodporne zunanjosti.\" \/>\n<meta property=\"og:url\" content=\"https:\/\/najnaj.eu\/sl\/izdelek\/voxi-zimska-torba-explorer-crna-enobarvna\/\" \/>\n<meta property=\"og:site_name\" content=\"NajNaj.eu\" \/>\n<meta property=\"article:publisher\" content=\"https:\/\/web.facebook.com\/najnaj.eu\/\" \/>\n<meta property=\"og:image\" content=\"https:\/\/najnaj.eu\/wp-content\/uploads\/2025\/10\/11040956_Voksi_Explorer_Black_Front.png\" \/>\n\t<meta property=\"og:image:width\" content=\"1200\" \/>\n\t<meta property=\"og:image:height\" content=\"1200\" \/>\n\t<meta property=\"og:image:type\" content=\"image\/png\" \/>\n<meta name=\"twitter:card\" content=\"summary_large_image\" \/>\n<meta name=\"twitter:label1\" content=\"Price\" \/>\n\t<meta name=\"twitter:data1\" content=\"159,90&nbsp;&euro;\" \/>\n\t<meta name=\"twitter:label2\" content=\"Availability\" \/>\n\t<meta name=\"twitter:data2\" content=\"Out of stock\" \/>\n<script type=\"application\/ld+json\" class=\"yoast-schema-graph\">{\"@context\":\"https:\\\/\\\/schema.org\",\"@graph\":[{\"@type\":\"WebPage\",\"@id\":\"https:\\\/\\\/najnaj.eu\\\/sl\\\/izdelek\\\/voxi-zimska-torba-explorer-crna-enobarvna\\\/\",\"url\":\"https:\\\/\\\/najnaj.eu\\\/sl\\\/izdelek\\\/voxi-zimska-torba-explorer-crna-enobarvna\\\/\",\"name\":\"Voxi zimska torba, Explorer, \u010drna enobarvna - NajNaj.eu\",\"isPartOf\":{\"@id\":\"https:\\\/\\\/najnaj.eu\\\/sl\\\/#website\"},\"primaryImageOfPage\":{\"@id\":\"https:\\\/\\\/najnaj.eu\\\/sl\\\/izdelek\\\/voxi-zimska-torba-explorer-crna-enobarvna\\\/#primaryimage\"},\"image\":{\"@id\":\"https:\\\/\\\/najnaj.eu\\\/sl\\\/izdelek\\\/voxi-zimska-torba-explorer-crna-enobarvna\\\/#primaryimage\"},\"thumbnailUrl\":\"https:\\\/\\\/najnaj.eu\\\/wp-content\\\/uploads\\\/2025\\\/10\\\/11040956_Voksi_Explorer_Black_Front.png\",\"datePublished\":\"2025-12-15T09:10:58+00:00\",\"description\":\"Nadome\u0161\u010da zimska obla\u010dila, omogo\u010da pravilno in varno namestitev avtomobilskega varnostnega pasu. Izdelano iz naravnih certificiranih materialov in vodoodporne zunanjosti.\",\"breadcrumb\":{\"@id\":\"https:\\\/\\\/najnaj.eu\\\/sl\\\/izdelek\\\/voxi-zimska-torba-explorer-crna-enobarvna\\\/#breadcrumb\"},\"inLanguage\":\"sl-SI\",\"potentialAction\":[{\"@type\":\"ReadAction\",\"target\":[\"https:\\\/\\\/najnaj.eu\\\/sl\\\/izdelek\\\/voxi-zimska-torba-explorer-crna-enobarvna\\\/\"]}]},{\"@type\":\"ImageObject\",\"inLanguage\":\"sl-SI\",\"@id\":\"https:\\\/\\\/najnaj.eu\\\/sl\\\/izdelek\\\/voxi-zimska-torba-explorer-crna-enobarvna\\\/#primaryimage\",\"url\":\"https:\\\/\\\/najnaj.eu\\\/wp-content\\\/uploads\\\/2025\\\/10\\\/11040956_Voksi_Explorer_Black_Front.png\",\"contentUrl\":\"https:\\\/\\\/najnaj.eu\\\/wp-content\\\/uploads\\\/2025\\\/10\\\/11040956_Voksi_Explorer_Black_Front.png\",\"width\":1200,\"height\":1200},{\"@type\":\"BreadcrumbList\",\"@id\":\"https:\\\/\\\/najnaj.eu\\\/sl\\\/izdelek\\\/voxi-zimska-torba-explorer-crna-enobarvna\\\/#breadcrumb\",\"itemListElement\":[{\"@type\":\"ListItem\",\"position\":1,\"name\":\"Po\u010detna stranica\",\"item\":\"https:\\\/\\\/najnaj.eu\\\/sl\\\/prednja-stran\\\/\"},{\"@type\":\"ListItem\",\"position\":2,\"name\":\"Shop\",\"item\":\"https:\\\/\\\/najnaj.eu\\\/sl\\\/shop\\\/\"},{\"@type\":\"ListItem\",\"position\":3,\"name\":\"Privatno: Voxi zimska torba, Explorer, \u010drna enobarvna\"}]},{\"@type\":\"WebSite\",\"@id\":\"https:\\\/\\\/najnaj.eu\\\/sl\\\/#website\",\"url\":\"https:\\\/\\\/najnaj.eu\\\/sl\\\/\",\"name\":\"NajNaj.eu\",\"description\":\"Za najva\u017enije!\",\"publisher\":{\"@id\":\"https:\\\/\\\/najnaj.eu\\\/sl\\\/#organization\"},\"potentialAction\":[{\"@type\":\"SearchAction\",\"target\":{\"@type\":\"EntryPoint\",\"urlTemplate\":\"https:\\\/\\\/najnaj.eu\\\/sl\\\/?s={search_term_string}\"},\"query-input\":{\"@type\":\"PropertyValueSpecification\",\"valueRequired\":true,\"valueName\":\"search_term_string\"}}],\"inLanguage\":\"sl-SI\"},{\"@type\":\"Organization\",\"@id\":\"https:\\\/\\\/najnaj.eu\\\/sl\\\/#organization\",\"name\":\"NajNaj.eu\",\"url\":\"https:\\\/\\\/najnaj.eu\\\/sl\\\/\",\"logo\":{\"@type\":\"ImageObject\",\"inLanguage\":\"sl-SI\",\"@id\":\"https:\\\/\\\/najnaj.eu\\\/sl\\\/#\\\/schema\\\/logo\\\/image\\\/\",\"url\":\"https:\\\/\\\/najnaj.eu\\\/wp-content\\\/uploads\\\/2023\\\/09\\\/logo_Najnaj_2023.svg\",\"contentUrl\":\"https:\\\/\\\/najnaj.eu\\\/wp-content\\\/uploads\\\/2023\\\/09\\\/logo_Najnaj_2023.svg\",\"width\":501,\"height\":278,\"caption\":\"NajNaj.eu\"},\"image\":{\"@id\":\"https:\\\/\\\/najnaj.eu\\\/sl\\\/#\\\/schema\\\/logo\\\/image\\\/\"},\"sameAs\":[\"https:\\\/\\\/web.facebook.com\\\/najnaj.eu\\\/\",\"https:\\\/\\\/www.instagram.com\\\/najnaj.eu\\\/\",\"https:\\\/\\\/www.tiktok.com\\\/@najnaj.eu\"]}]}<\/script>\n<meta property=\"product:brand\" content=\"Voksi\" \/>\n<meta property=\"product:price:amount\" content=\"159.90\" \/>\n<meta property=\"product:price:currency\" content=\"EUR\" \/>\n<meta property=\"og:availability\" content=\"out of stock\" \/>\n<meta property=\"product:availability\" content=\"out of stock\" \/>\n<meta property=\"product:retailer_item_id\" content=\"11040956-Black-0-3Y-solid\" \/>\n<meta property=\"product:condition\" content=\"new\" \/>\n<!-- \/ Yoast SEO Premium plugin. -->","yoast_head_json":{"title":"Voxi zimska torba, Explorer, \u010drna enobarvna - NajNaj.eu","description":"Nadome\u0161\u010da zimska obla\u010dila, omogo\u010da pravilno in varno namestitev avtomobilskega varnostnega pasu. Izdelano iz naravnih certificiranih materialov in vodoodporne zunanjosti.","robots":{"index":"index","follow":"follow","max-snippet":"max-snippet:-1","max-image-preview":"max-image-preview:large","max-video-preview":"max-video-preview:-1"},"canonical":"https:\/\/najnaj.eu\/sl\/izdelek\/voxi-zimska-torba-explorer-crna-enobarvna\/","og_locale":"sl_SI","og_type":"article","og_title":"Voxi zimska torba, Explorer, \u010drna enobarvna","og_description":"Nadome\u0161\u010da zimska obla\u010dila, omogo\u010da pravilno in varno namestitev avtomobilskega varnostnega pasu. Izdelano iz naravnih certificiranih materialov in vodoodporne zunanjosti.","og_url":"https:\/\/najnaj.eu\/sl\/izdelek\/voxi-zimska-torba-explorer-crna-enobarvna\/","og_site_name":"NajNaj.eu","article_publisher":"https:\/\/web.facebook.com\/najnaj.eu\/","og_image":[{"width":1200,"height":1200,"url":"https:\/\/najnaj.eu\/wp-content\/uploads\/2025\/10\/11040956_Voksi_Explorer_Black_Front.png","type":"image\/png"}],"twitter_card":"summary_large_image","twitter_misc":{"Price":"159,90&nbsp;&euro;","Availability":"Out of stock"},"schema":{"@context":"https:\/\/schema.org","@graph":[{"@type":"WebPage","@id":"https:\/\/najnaj.eu\/sl\/izdelek\/voxi-zimska-torba-explorer-crna-enobarvna\/","url":"https:\/\/najnaj.eu\/sl\/izdelek\/voxi-zimska-torba-explorer-crna-enobarvna\/","name":"Voxi zimska torba, Explorer, \u010drna enobarvna - NajNaj.eu","isPartOf":{"@id":"https:\/\/najnaj.eu\/sl\/#website"},"primaryImageOfPage":{"@id":"https:\/\/najnaj.eu\/sl\/izdelek\/voxi-zimska-torba-explorer-crna-enobarvna\/#primaryimage"},"image":{"@id":"https:\/\/najnaj.eu\/sl\/izdelek\/voxi-zimska-torba-explorer-crna-enobarvna\/#primaryimage"},"thumbnailUrl":"https:\/\/najnaj.eu\/wp-content\/uploads\/2025\/10\/11040956_Voksi_Explorer_Black_Front.png","datePublished":"2025-12-15T09:10:58+00:00","description":"Nadome\u0161\u010da zimska obla\u010dila, omogo\u010da pravilno in varno namestitev avtomobilskega varnostnega pasu. Izdelano iz naravnih certificiranih materialov in vodoodporne zunanjosti.","breadcrumb":{"@id":"https:\/\/najnaj.eu\/sl\/izdelek\/voxi-zimska-torba-explorer-crna-enobarvna\/#breadcrumb"},"inLanguage":"sl-SI","potentialAction":[{"@type":"ReadAction","target":["https:\/\/najnaj.eu\/sl\/izdelek\/voxi-zimska-torba-explorer-crna-enobarvna\/"]}]},{"@type":"ImageObject","inLanguage":"sl-SI","@id":"https:\/\/najnaj.eu\/sl\/izdelek\/voxi-zimska-torba-explorer-crna-enobarvna\/#primaryimage","url":"https:\/\/najnaj.eu\/wp-content\/uploads\/2025\/10\/11040956_Voksi_Explorer_Black_Front.png","contentUrl":"https:\/\/najnaj.eu\/wp-content\/uploads\/2025\/10\/11040956_Voksi_Explorer_Black_Front.png","width":1200,"height":1200},{"@type":"BreadcrumbList","@id":"https:\/\/najnaj.eu\/sl\/izdelek\/voxi-zimska-torba-explorer-crna-enobarvna\/#breadcrumb","itemListElement":[{"@type":"ListItem","position":1,"name":"Po\u010detna stranica","item":"https:\/\/najnaj.eu\/sl\/prednja-stran\/"},{"@type":"ListItem","position":2,"name":"Shop","item":"https:\/\/najnaj.eu\/sl\/shop\/"},{"@type":"ListItem","position":3,"name":"Privatno: Voxi zimska torba, Explorer, \u010drna enobarvna"}]},{"@type":"WebSite","@id":"https:\/\/najnaj.eu\/sl\/#website","url":"https:\/\/najnaj.eu\/sl\/","name":"NajNaj.eu","description":"Za najva\u017enije!","publisher":{"@id":"https:\/\/najnaj.eu\/sl\/#organization"},"potentialAction":[{"@type":"SearchAction","target":{"@type":"EntryPoint","urlTemplate":"https:\/\/najnaj.eu\/sl\/?s={search_term_string}"},"query-input":{"@type":"PropertyValueSpecification","valueRequired":true,"valueName":"search_term_string"}}],"inLanguage":"sl-SI"},{"@type":"Organization","@id":"https:\/\/najnaj.eu\/sl\/#organization","name":"NajNaj.eu","url":"https:\/\/najnaj.eu\/sl\/","logo":{"@type":"ImageObject","inLanguage":"sl-SI","@id":"https:\/\/najnaj.eu\/sl\/#\/schema\/logo\/image\/","url":"https:\/\/najnaj.eu\/wp-content\/uploads\/2023\/09\/logo_Najnaj_2023.svg","contentUrl":"https:\/\/najnaj.eu\/wp-content\/uploads\/2023\/09\/logo_Najnaj_2023.svg","width":501,"height":278,"caption":"NajNaj.eu"},"image":{"@id":"https:\/\/najnaj.eu\/sl\/#\/schema\/logo\/image\/"},"sameAs":["https:\/\/web.facebook.com\/najnaj.eu\/","https:\/\/www.instagram.com\/najnaj.eu\/","https:\/\/www.tiktok.com\/@najnaj.eu"]}]},"product_brand":"Voksi","product_price_amount":"159.90","product_price_currency":"EUR","og_availability":"out of stock","product_availability":"out of stock","product_retailer_item_id":"11040956-Black-0-3Y-solid","product_condition":"new"},"_links":{"self":[{"href":"https:\/\/najnaj.eu\/sl\/wp-json\/wp\/v2\/product\/274565","targetHints":{"allow":["GET"]}}],"collection":[{"href":"https:\/\/najnaj.eu\/sl\/wp-json\/wp\/v2\/product"}],"about":[{"href":"https:\/\/najnaj.eu\/sl\/wp-json\/wp\/v2\/types\/product"}],"replies":[{"embeddable":true,"href":"https:\/\/najnaj.eu\/sl\/wp-json\/wp\/v2\/comments?post=274565"}],"version-history":[{"count":0,"href":"https:\/\/najnaj.eu\/sl\/wp-json\/wp\/v2\/product\/274565\/revisions"}],"wp:featuredmedia":[{"embeddable":true,"href":"https:\/\/najnaj.eu\/sl\/wp-json\/wp\/v2\/media\/274422"}],"wp:attachment":[{"href":"https:\/\/najnaj.eu\/sl\/wp-json\/wp\/v2\/media?parent=274565"}],"wp:term":[{"taxonomy":"product_brand","embeddable":true,"href":"https:\/\/najnaj.eu\/sl\/wp-json\/wp\/v2\/product_brand?post=274565"},{"taxonomy":"product_cat","embeddable":true,"href":"https:\/\/najnaj.eu\/sl\/wp-json\/wp\/v2\/product_cat?post=274565"},{"taxonomy":"product_tag","embeddable":true,"href":"https:\/\/najnaj.eu\/sl\/wp-json\/wp\/v2\/product_tag?post=274565"}],"curies":[{"name":"wp","href":"https:\/\/api.w.org\/{rel}","templated":true}]}}