{"id":274557,"date":"2025-10-14T11:31:53","date_gmt":"2025-10-14T09:31:53","guid":{"rendered":"https:\/\/najnaj.eu\/proizvod\/zracna-blazina-besafe-za-avtosedez-temno-siva\/"},"modified":"2025-12-04T08:37:31","modified_gmt":"2025-12-04T07:37:31","slug":"zracna-blazina-besafe-za-avtosedez-temno-siva","status":"publish","type":"product","link":"https:\/\/najnaj.eu\/sl\/izdelek\/zracna-blazina-besafe-za-avtosedez-temno-siva\/","title":{"rendered":"Zra\u010dna blazina BeSafe za avtosede\u017e, temno siva"},"content":{"rendered":"<p><strong>Zra\u010dno udobje<\/strong><br \/>\n &#8211; 3D mre\u017easta struktura omogo\u010da dodatno kro\u017eenje zraka v avtosede\u017eu ali vozi\u010dku<br \/>\n &#8211; Zgornja plast iz izjemno mehke bambusove viskoze zagotavlja ob\u010dutek sve\u017eine in pomaga uravnavati temperaturo<br \/>\n &#8211; Pokriva hrbet, sede\u017e, ramena in glavo &#8211; za odli\u010dno prezra\u010devanje in udobje<br \/>\n &#8211; Dvostranska zasnova vam omogo\u010da, da po \u017eelji izberete stran, na kateri \u017eelite sedeti<\/p>\n<p><strong>Prilagodljivost in izjemno dolga uporaba<\/strong><br \/>\n &#8211; Primerno za avtosede\u017ee od rojstva do otro\u0161kih sede\u017eev do pribli\u017eno 135 cm, kot tudi za vozi\u010dke in prikolice za kolesa*<br \/>\n &#8211; Uporablja se lahko s 3- in 5-to\u010dkovnimi varnostnimi pasovi<br \/>\n &#8211; Osrednja odprtina za varnostno zaponko omogo\u010da enostavno prilagajanje sede\u017ea, ko otrok raste<br \/>\n &#8211; Vgrajen podalj\u0161ek za izjemno dolgo uporabo, z \u017eepom za shranjevanje, ko ga ne potrebujete<\/p>\n<p><strong>Varna in hitra namestitev<\/strong><br \/>\n &#8211; Enostavno se pritrdi na vzglavnik avtomobilskega sede\u017ea in zagotavlja stabilen polo\u017eaj med vo\u017enjo**<br \/>\n &#8211; Posebne odprtine omogo\u010dajo varno nastavitev varnostnih pasov<\/p>\n<p>*Popolnoma se prilega avtosede\u017eem BeSafe. Za druge znamke sede\u017eev, vozi\u010dkov in kolesarskih prikolic priporo\u010damo predhodno preverjanje zdru\u017eljivosti. Pri otrocih, vi\u0161jih od 135 cm v avtosede\u017eih, bo izdelek pokrival predvsem predel hrbta in glave.<br \/>\n**Ne velja za avtosede\u017ee z integriranim vzglavnikom, na primer iZi Go Modular.**<\/p>\n","protected":false},"excerpt":{"rendered":"<p>&#8211; Ohranja sve\u017eino in optimalno temperaturo<br \/>\n &#8211; Zagotavlja pretok zraka za maksimalno udobje<br \/>\n &#8211; Primerno za avtosede\u017e in otro\u0161ke vozi\u010dke<br \/>\n &#8211; Preizku\u0161eno pri tr\u010denju za varno uporabo<\/p>\n","protected":false},"featured_media":273835,"comment_status":"closed","ping_status":"closed","template":"","meta":{"_acf_changed":false,"footnotes":""},"product_brand":[],"product_cat":[1204,1341,1342],"product_tag":[2281],"class_list":{"0":"post-274557","1":"product","2":"type-product","3":"status-publish","4":"has-post-thumbnail","6":"product_cat-avto-sedezi","7":"product_cat-dodatki-za-avtosedeze","8":"product_cat-zracne-podloge-sl","9":"product_tag-poletje","10":"pa_boja-temno-siva","11":"pa_brand-besafe-sl","13":"first","14":"instock","15":"shipping-taxable","16":"purchasable","17":"product-type-simple"},"bundled_by":[],"bundle_stock_status":"instock","bundle_stock_quantity":15,"bundle_virtual":false,"bundle_layout":"","bundle_add_to_cart_form_location":"","bundle_editable_in_cart":false,"bundle_sold_individually_context":"","bundle_item_grouping":"","bundle_min_size":"","bundle_max_size":"","bundle_price":[],"bundled_items":[],"bundle_sell_ids":[],"acf":[],"yoast_head":"<!-- This site is optimized with the Yoast SEO Premium plugin v21.5 (Yoast SEO v27.4) - https:\/\/yoast.com\/product\/yoast-seo-premium-wordpress\/ -->\n<title>Zra\u010dna blazina BeSafe za avtosede\u017e, temno siva - NajNaj.eu<\/title>\n<meta name=\"description\" content=\"Ohranja sve\u017eino in optimalno temperaturo, zagotavlja pretok zraka za maksimalno udobje. Primerno za avtosede\u017ee in otro\u0161ke vozi\u010dke.\" \/>\n<meta name=\"robots\" content=\"index, follow, max-snippet:-1, max-image-preview:large, max-video-preview:-1\" \/>\n<link rel=\"canonical\" href=\"https:\/\/najnaj.eu\/sl\/izdelek\/zracna-blazina-besafe-za-avtosedez-temno-siva\/\" \/>\n<meta property=\"og:locale\" content=\"sl_SI\" \/>\n<meta property=\"og:type\" content=\"article\" \/>\n<meta property=\"og:title\" content=\"Zra\u010dna blazina BeSafe za avtosede\u017e, temno siva\" \/>\n<meta property=\"og:description\" content=\"Ohranja sve\u017eino in optimalno temperaturo, zagotavlja pretok zraka za maksimalno udobje. Primerno za avtosede\u017ee in otro\u0161ke vozi\u010dke.\" \/>\n<meta property=\"og:url\" content=\"https:\/\/najnaj.eu\/sl\/izdelek\/zracna-blazina-besafe-za-avtosedez-temno-siva\/\" \/>\n<meta property=\"og:site_name\" content=\"NajNaj.eu\" \/>\n<meta property=\"article:publisher\" content=\"https:\/\/web.facebook.com\/najnaj.eu\/\" \/>\n<meta property=\"article:modified_time\" content=\"2025-12-04T07:37:31+00:00\" \/>\n<meta property=\"og:image\" content=\"https:\/\/najnaj.eu\/wp-content\/uploads\/2025\/10\/11041151_BeSafe_Airflow-Liner_Dark-Grey_Front-Bamboo.png\" \/>\n\t<meta property=\"og:image:width\" content=\"1080\" \/>\n\t<meta property=\"og:image:height\" content=\"1080\" \/>\n\t<meta property=\"og:image:type\" content=\"image\/png\" \/>\n<meta name=\"twitter:card\" content=\"summary_large_image\" \/>\n<meta name=\"twitter:label1\" content=\"Price\" \/>\n\t<meta name=\"twitter:data1\" content=\"49,99&nbsp;&euro;\" \/>\n\t<meta name=\"twitter:label2\" content=\"Availability\" \/>\n\t<meta name=\"twitter:data2\" content=\"In stock\" \/>\n<script type=\"application\/ld+json\" class=\"yoast-schema-graph\">{\"@context\":\"https:\\\/\\\/schema.org\",\"@graph\":[{\"@type\":\"WebPage\",\"@id\":\"https:\\\/\\\/najnaj.eu\\\/sl\\\/izdelek\\\/zracna-blazina-besafe-za-avtosedez-temno-siva\\\/\",\"url\":\"https:\\\/\\\/najnaj.eu\\\/sl\\\/izdelek\\\/zracna-blazina-besafe-za-avtosedez-temno-siva\\\/\",\"name\":\"Zra\u010dna blazina BeSafe za avtosede\u017e, temno siva - NajNaj.eu\",\"isPartOf\":{\"@id\":\"https:\\\/\\\/najnaj.eu\\\/sl\\\/#website\"},\"primaryImageOfPage\":{\"@id\":\"https:\\\/\\\/najnaj.eu\\\/sl\\\/izdelek\\\/zracna-blazina-besafe-za-avtosedez-temno-siva\\\/#primaryimage\"},\"image\":{\"@id\":\"https:\\\/\\\/najnaj.eu\\\/sl\\\/izdelek\\\/zracna-blazina-besafe-za-avtosedez-temno-siva\\\/#primaryimage\"},\"thumbnailUrl\":\"https:\\\/\\\/najnaj.eu\\\/wp-content\\\/uploads\\\/2025\\\/10\\\/11041151_BeSafe_Airflow-Liner_Dark-Grey_Front-Bamboo.png\",\"datePublished\":\"2025-10-14T09:31:53+00:00\",\"dateModified\":\"2025-12-04T07:37:31+00:00\",\"description\":\"Ohranja sve\u017eino in optimalno temperaturo, zagotavlja pretok zraka za maksimalno udobje. Primerno za avtosede\u017ee in otro\u0161ke vozi\u010dke.\",\"breadcrumb\":{\"@id\":\"https:\\\/\\\/najnaj.eu\\\/sl\\\/izdelek\\\/zracna-blazina-besafe-za-avtosedez-temno-siva\\\/#breadcrumb\"},\"inLanguage\":\"sl-SI\",\"potentialAction\":[{\"@type\":\"ReadAction\",\"target\":[\"https:\\\/\\\/najnaj.eu\\\/sl\\\/izdelek\\\/zracna-blazina-besafe-za-avtosedez-temno-siva\\\/\"]}]},{\"@type\":\"ImageObject\",\"inLanguage\":\"sl-SI\",\"@id\":\"https:\\\/\\\/najnaj.eu\\\/sl\\\/izdelek\\\/zracna-blazina-besafe-za-avtosedez-temno-siva\\\/#primaryimage\",\"url\":\"https:\\\/\\\/najnaj.eu\\\/wp-content\\\/uploads\\\/2025\\\/10\\\/11041151_BeSafe_Airflow-Liner_Dark-Grey_Front-Bamboo.png\",\"contentUrl\":\"https:\\\/\\\/najnaj.eu\\\/wp-content\\\/uploads\\\/2025\\\/10\\\/11041151_BeSafe_Airflow-Liner_Dark-Grey_Front-Bamboo.png\",\"width\":1080,\"height\":1080},{\"@type\":\"BreadcrumbList\",\"@id\":\"https:\\\/\\\/najnaj.eu\\\/sl\\\/izdelek\\\/zracna-blazina-besafe-za-avtosedez-temno-siva\\\/#breadcrumb\",\"itemListElement\":[{\"@type\":\"ListItem\",\"position\":1,\"name\":\"Po\u010detna stranica\",\"item\":\"https:\\\/\\\/najnaj.eu\\\/sl\\\/prednja-stran\\\/\"},{\"@type\":\"ListItem\",\"position\":2,\"name\":\"Shop\",\"item\":\"https:\\\/\\\/najnaj.eu\\\/sl\\\/shop\\\/\"},{\"@type\":\"ListItem\",\"position\":3,\"name\":\"Zra\u010dna blazina BeSafe za avtosede\u017e, temno siva\"}]},{\"@type\":\"WebSite\",\"@id\":\"https:\\\/\\\/najnaj.eu\\\/sl\\\/#website\",\"url\":\"https:\\\/\\\/najnaj.eu\\\/sl\\\/\",\"name\":\"NajNaj.eu\",\"description\":\"Za najva\u017enije!\",\"publisher\":{\"@id\":\"https:\\\/\\\/najnaj.eu\\\/sl\\\/#organization\"},\"potentialAction\":[{\"@type\":\"SearchAction\",\"target\":{\"@type\":\"EntryPoint\",\"urlTemplate\":\"https:\\\/\\\/najnaj.eu\\\/sl\\\/?s={search_term_string}\"},\"query-input\":{\"@type\":\"PropertyValueSpecification\",\"valueRequired\":true,\"valueName\":\"search_term_string\"}}],\"inLanguage\":\"sl-SI\"},{\"@type\":\"Organization\",\"@id\":\"https:\\\/\\\/najnaj.eu\\\/sl\\\/#organization\",\"name\":\"NajNaj.eu\",\"url\":\"https:\\\/\\\/najnaj.eu\\\/sl\\\/\",\"logo\":{\"@type\":\"ImageObject\",\"inLanguage\":\"sl-SI\",\"@id\":\"https:\\\/\\\/najnaj.eu\\\/sl\\\/#\\\/schema\\\/logo\\\/image\\\/\",\"url\":\"https:\\\/\\\/najnaj.eu\\\/wp-content\\\/uploads\\\/2023\\\/09\\\/logo_Najnaj_2023.svg\",\"contentUrl\":\"https:\\\/\\\/najnaj.eu\\\/wp-content\\\/uploads\\\/2023\\\/09\\\/logo_Najnaj_2023.svg\",\"width\":501,\"height\":278,\"caption\":\"NajNaj.eu\"},\"image\":{\"@id\":\"https:\\\/\\\/najnaj.eu\\\/sl\\\/#\\\/schema\\\/logo\\\/image\\\/\"},\"sameAs\":[\"https:\\\/\\\/web.facebook.com\\\/najnaj.eu\\\/\",\"https:\\\/\\\/www.instagram.com\\\/najnaj.eu\\\/\",\"https:\\\/\\\/www.tiktok.com\\\/@najnaj.eu\"]}]}<\/script>\n<meta property=\"product:brand\" content=\"BeSafe\" \/>\n<meta property=\"product:price:amount\" content=\"49.99\" \/>\n<meta property=\"product:price:currency\" content=\"EUR\" \/>\n<meta property=\"og:availability\" content=\"instock\" \/>\n<meta property=\"product:availability\" content=\"instock\" \/>\n<meta property=\"product:retailer_item_id\" content=\"11041151-DarkGrey-One Size-Std\" \/>\n<meta property=\"product:condition\" content=\"new\" \/>\n<!-- \/ Yoast SEO Premium plugin. -->","yoast_head_json":{"title":"Zra\u010dna blazina BeSafe za avtosede\u017e, temno siva - NajNaj.eu","description":"Ohranja sve\u017eino in optimalno temperaturo, zagotavlja pretok zraka za maksimalno udobje. Primerno za avtosede\u017ee in otro\u0161ke vozi\u010dke.","robots":{"index":"index","follow":"follow","max-snippet":"max-snippet:-1","max-image-preview":"max-image-preview:large","max-video-preview":"max-video-preview:-1"},"canonical":"https:\/\/najnaj.eu\/sl\/izdelek\/zracna-blazina-besafe-za-avtosedez-temno-siva\/","og_locale":"sl_SI","og_type":"article","og_title":"Zra\u010dna blazina BeSafe za avtosede\u017e, temno siva","og_description":"Ohranja sve\u017eino in optimalno temperaturo, zagotavlja pretok zraka za maksimalno udobje. Primerno za avtosede\u017ee in otro\u0161ke vozi\u010dke.","og_url":"https:\/\/najnaj.eu\/sl\/izdelek\/zracna-blazina-besafe-za-avtosedez-temno-siva\/","og_site_name":"NajNaj.eu","article_publisher":"https:\/\/web.facebook.com\/najnaj.eu\/","article_modified_time":"2025-12-04T07:37:31+00:00","og_image":[{"width":1080,"height":1080,"url":"https:\/\/najnaj.eu\/wp-content\/uploads\/2025\/10\/11041151_BeSafe_Airflow-Liner_Dark-Grey_Front-Bamboo.png","type":"image\/png"}],"twitter_card":"summary_large_image","twitter_misc":{"Price":"49,99&nbsp;&euro;","Availability":"In stock"},"schema":{"@context":"https:\/\/schema.org","@graph":[{"@type":"WebPage","@id":"https:\/\/najnaj.eu\/sl\/izdelek\/zracna-blazina-besafe-za-avtosedez-temno-siva\/","url":"https:\/\/najnaj.eu\/sl\/izdelek\/zracna-blazina-besafe-za-avtosedez-temno-siva\/","name":"Zra\u010dna blazina BeSafe za avtosede\u017e, temno siva - NajNaj.eu","isPartOf":{"@id":"https:\/\/najnaj.eu\/sl\/#website"},"primaryImageOfPage":{"@id":"https:\/\/najnaj.eu\/sl\/izdelek\/zracna-blazina-besafe-za-avtosedez-temno-siva\/#primaryimage"},"image":{"@id":"https:\/\/najnaj.eu\/sl\/izdelek\/zracna-blazina-besafe-za-avtosedez-temno-siva\/#primaryimage"},"thumbnailUrl":"https:\/\/najnaj.eu\/wp-content\/uploads\/2025\/10\/11041151_BeSafe_Airflow-Liner_Dark-Grey_Front-Bamboo.png","datePublished":"2025-10-14T09:31:53+00:00","dateModified":"2025-12-04T07:37:31+00:00","description":"Ohranja sve\u017eino in optimalno temperaturo, zagotavlja pretok zraka za maksimalno udobje. Primerno za avtosede\u017ee in otro\u0161ke vozi\u010dke.","breadcrumb":{"@id":"https:\/\/najnaj.eu\/sl\/izdelek\/zracna-blazina-besafe-za-avtosedez-temno-siva\/#breadcrumb"},"inLanguage":"sl-SI","potentialAction":[{"@type":"ReadAction","target":["https:\/\/najnaj.eu\/sl\/izdelek\/zracna-blazina-besafe-za-avtosedez-temno-siva\/"]}]},{"@type":"ImageObject","inLanguage":"sl-SI","@id":"https:\/\/najnaj.eu\/sl\/izdelek\/zracna-blazina-besafe-za-avtosedez-temno-siva\/#primaryimage","url":"https:\/\/najnaj.eu\/wp-content\/uploads\/2025\/10\/11041151_BeSafe_Airflow-Liner_Dark-Grey_Front-Bamboo.png","contentUrl":"https:\/\/najnaj.eu\/wp-content\/uploads\/2025\/10\/11041151_BeSafe_Airflow-Liner_Dark-Grey_Front-Bamboo.png","width":1080,"height":1080},{"@type":"BreadcrumbList","@id":"https:\/\/najnaj.eu\/sl\/izdelek\/zracna-blazina-besafe-za-avtosedez-temno-siva\/#breadcrumb","itemListElement":[{"@type":"ListItem","position":1,"name":"Po\u010detna stranica","item":"https:\/\/najnaj.eu\/sl\/prednja-stran\/"},{"@type":"ListItem","position":2,"name":"Shop","item":"https:\/\/najnaj.eu\/sl\/shop\/"},{"@type":"ListItem","position":3,"name":"Zra\u010dna blazina BeSafe za avtosede\u017e, temno siva"}]},{"@type":"WebSite","@id":"https:\/\/najnaj.eu\/sl\/#website","url":"https:\/\/najnaj.eu\/sl\/","name":"NajNaj.eu","description":"Za najva\u017enije!","publisher":{"@id":"https:\/\/najnaj.eu\/sl\/#organization"},"potentialAction":[{"@type":"SearchAction","target":{"@type":"EntryPoint","urlTemplate":"https:\/\/najnaj.eu\/sl\/?s={search_term_string}"},"query-input":{"@type":"PropertyValueSpecification","valueRequired":true,"valueName":"search_term_string"}}],"inLanguage":"sl-SI"},{"@type":"Organization","@id":"https:\/\/najnaj.eu\/sl\/#organization","name":"NajNaj.eu","url":"https:\/\/najnaj.eu\/sl\/","logo":{"@type":"ImageObject","inLanguage":"sl-SI","@id":"https:\/\/najnaj.eu\/sl\/#\/schema\/logo\/image\/","url":"https:\/\/najnaj.eu\/wp-content\/uploads\/2023\/09\/logo_Najnaj_2023.svg","contentUrl":"https:\/\/najnaj.eu\/wp-content\/uploads\/2023\/09\/logo_Najnaj_2023.svg","width":501,"height":278,"caption":"NajNaj.eu"},"image":{"@id":"https:\/\/najnaj.eu\/sl\/#\/schema\/logo\/image\/"},"sameAs":["https:\/\/web.facebook.com\/najnaj.eu\/","https:\/\/www.instagram.com\/najnaj.eu\/","https:\/\/www.tiktok.com\/@najnaj.eu"]}]},"product_brand":"BeSafe","product_price_amount":"49.99","product_price_currency":"EUR","og_availability":"instock","product_availability":"instock","product_retailer_item_id":"11041151-DarkGrey-One Size-Std","product_condition":"new"},"_links":{"self":[{"href":"https:\/\/najnaj.eu\/sl\/wp-json\/wp\/v2\/product\/274557","targetHints":{"allow":["GET"]}}],"collection":[{"href":"https:\/\/najnaj.eu\/sl\/wp-json\/wp\/v2\/product"}],"about":[{"href":"https:\/\/najnaj.eu\/sl\/wp-json\/wp\/v2\/types\/product"}],"replies":[{"embeddable":true,"href":"https:\/\/najnaj.eu\/sl\/wp-json\/wp\/v2\/comments?post=274557"}],"version-history":[{"count":0,"href":"https:\/\/najnaj.eu\/sl\/wp-json\/wp\/v2\/product\/274557\/revisions"}],"wp:featuredmedia":[{"embeddable":true,"href":"https:\/\/najnaj.eu\/sl\/wp-json\/wp\/v2\/media\/273835"}],"wp:attachment":[{"href":"https:\/\/najnaj.eu\/sl\/wp-json\/wp\/v2\/media?parent=274557"}],"wp:term":[{"taxonomy":"product_brand","embeddable":true,"href":"https:\/\/najnaj.eu\/sl\/wp-json\/wp\/v2\/product_brand?post=274557"},{"taxonomy":"product_cat","embeddable":true,"href":"https:\/\/najnaj.eu\/sl\/wp-json\/wp\/v2\/product_cat?post=274557"},{"taxonomy":"product_tag","embeddable":true,"href":"https:\/\/najnaj.eu\/sl\/wp-json\/wp\/v2\/product_tag?post=274557"}],"curies":[{"name":"wp","href":"https:\/\/api.w.org\/{rel}","templated":true}]}}