{"id":273279,"date":"2025-10-07T13:10:23","date_gmt":"2025-10-07T11:10:23","guid":{"rendered":"https:\/\/najnaj.eu\/?post_type=product&#038;p=273279"},"modified":"2026-03-24T10:43:43","modified_gmt":"2026-03-24T09:43:43","slug":"ergobaby-evolve-nadomestna-krpa-za-lezalnik-svetlo-siva","status":"publish","type":"product","link":"https:\/\/najnaj.eu\/sl\/izdelek\/ergobaby-evolve-nadomestna-krpa-za-lezalnik-svetlo-siva\/","title":{"rendered":"Ergobaby Evolve nadomestna krpa za le\u017ealnik svetlo siva"},"content":{"rendered":"","protected":false},"excerpt":{"rendered":"<p>Nadomestna tkanina omogo\u010da enostavno \u010di\u0161\u010denje in vzdr\u017eevanje va\u0161ega le\u017ealnika Evolve 3v1. Popolna re\u0161itev, ko perete drugo prevleko ali ko preprosto \u017eelite spremeniti videz svojega le\u017ealnika. <\/p>\n<p>&#8211; Enostavna odstranitev in ponovna namestitev na okvir le\u017ealnika<br \/>\n &#8211; Pralno v pralnem stroju<br \/>\n &#8211; Na voljo v dveh barvah: svetlo siva in temno siva<br \/>\n &#8211; Materiali: bomba\u017e in zra\u010dna pletenina z luknjami (79 % poliester\/17 % viskoza\/4 % elastan)<\/p>\n<p><strong>Opomba: Ogrodje za zibelko in vlo\u017eek za novorojen\u010dka nista prilo\u017eena.<\/strong><\/p>\n","protected":false},"featured_media":273256,"comment_status":"closed","ping_status":"closed","template":"","meta":{"_acf_changed":false,"footnotes":""},"product_brand":[],"product_cat":[1264,914,1289],"product_tag":[],"class_list":{"0":"post-273279","1":"product","2":"type-product","3":"status-publish","4":"has-post-thumbnail","6":"product_cat-dodaci-za-evolve-lezaljku-3-u-1-sl","7":"product_cat-lezalniki","8":"product_cat-otroska-soba-sl","9":"pa_boja-siva-sl","10":"pa_brand-ergobaby-sl","12":"first","13":"instock","14":"shipping-taxable","15":"purchasable","16":"product-type-simple"},"bundled_by":[],"bundle_stock_status":"instock","bundle_stock_quantity":8,"bundle_virtual":false,"bundle_layout":"","bundle_add_to_cart_form_location":"","bundle_editable_in_cart":false,"bundle_sold_individually_context":"","bundle_item_grouping":"","bundle_min_size":"","bundle_max_size":"","bundle_price":[],"bundled_items":[],"bundle_sell_ids":[],"acf":[],"yoast_head":"<!-- This site is optimized with the Yoast SEO Premium plugin v21.5 (Yoast SEO v27.4) - https:\/\/yoast.com\/product\/yoast-seo-premium-wordpress\/ -->\n<title>Ergobaby Evolve nadomestna krpa za le\u017ealnik svetlo siva - NajNaj.eu<\/title>\n<meta name=\"robots\" content=\"index, follow, max-snippet:-1, max-image-preview:large, max-video-preview:-1\" \/>\n<link rel=\"canonical\" href=\"https:\/\/najnaj.eu\/sl\/izdelek\/ergobaby-evolve-nadomestna-krpa-za-lezalnik-svetlo-siva\/\" \/>\n<meta property=\"og:locale\" content=\"sl_SI\" \/>\n<meta property=\"og:type\" content=\"article\" \/>\n<meta property=\"og:title\" content=\"Ergobaby Evolve nadomestna krpa za le\u017ealnik svetlo siva\" \/>\n<meta property=\"og:description\" content=\"Nadomestna tkanina omogo\u010da enostavno \u010di\u0161\u010denje in vzdr\u017eevanje va\u0161ega le\u017ealnika Evolve 3v1. Popolna re\u0161itev, ko perete drugo prevleko ali ko preprosto \u017eelite spremeniti videz svojega le\u017ealnika.  - Enostavna odstranitev in ponovna namestitev na okvir le\u017ealnika - Pralno v pralnem stroju - Na voljo v dveh barvah: svetlo siva in temno siva - Materiali: bomba\u017e in zra\u010dna pletenina z luknjami (79 % poliester\/17 % viskoza\/4 % elastan) Opomba: Ogrodje za zibelko in vlo\u017eek za novorojen\u010dka nista prilo\u017eena.\" \/>\n<meta property=\"og:url\" content=\"https:\/\/najnaj.eu\/sl\/izdelek\/ergobaby-evolve-nadomestna-krpa-za-lezalnik-svetlo-siva\/\" \/>\n<meta property=\"og:site_name\" content=\"NajNaj.eu\" \/>\n<meta property=\"article:publisher\" content=\"https:\/\/web.facebook.com\/najnaj.eu\/\" \/>\n<meta property=\"article:modified_time\" content=\"2026-03-24T09:43:43+00:00\" \/>\n<meta property=\"og:image\" content=\"https:\/\/najnaj.eu\/wp-content\/uploads\/2025\/10\/evolve-bouncer-light-grey-product_1.jpg\" \/>\n\t<meta property=\"og:image:width\" content=\"700\" \/>\n\t<meta property=\"og:image:height\" content=\"700\" \/>\n\t<meta property=\"og:image:type\" content=\"image\/jpeg\" \/>\n<meta name=\"twitter:card\" content=\"summary_large_image\" \/>\n<meta name=\"twitter:label1\" content=\"Price\" \/>\n\t<meta name=\"twitter:data1\" content=\"79,90&nbsp;&euro;\" \/>\n\t<meta name=\"twitter:label2\" content=\"Availability\" \/>\n\t<meta name=\"twitter:data2\" content=\"In stock\" \/>\n<script type=\"application\/ld+json\" class=\"yoast-schema-graph\">{\"@context\":\"https:\\\/\\\/schema.org\",\"@graph\":[{\"@type\":\"WebPage\",\"@id\":\"https:\\\/\\\/najnaj.eu\\\/sl\\\/izdelek\\\/ergobaby-evolve-nadomestna-krpa-za-lezalnik-svetlo-siva\\\/\",\"url\":\"https:\\\/\\\/najnaj.eu\\\/sl\\\/izdelek\\\/ergobaby-evolve-nadomestna-krpa-za-lezalnik-svetlo-siva\\\/\",\"name\":\"Ergobaby Evolve nadomestna krpa za le\u017ealnik svetlo siva - NajNaj.eu\",\"isPartOf\":{\"@id\":\"https:\\\/\\\/najnaj.eu\\\/sl\\\/#website\"},\"primaryImageOfPage\":{\"@id\":\"https:\\\/\\\/najnaj.eu\\\/sl\\\/izdelek\\\/ergobaby-evolve-nadomestna-krpa-za-lezalnik-svetlo-siva\\\/#primaryimage\"},\"image\":{\"@id\":\"https:\\\/\\\/najnaj.eu\\\/sl\\\/izdelek\\\/ergobaby-evolve-nadomestna-krpa-za-lezalnik-svetlo-siva\\\/#primaryimage\"},\"thumbnailUrl\":\"https:\\\/\\\/najnaj.eu\\\/wp-content\\\/uploads\\\/2025\\\/10\\\/evolve-bouncer-light-grey-product_1.jpg\",\"datePublished\":\"2025-10-07T11:10:23+00:00\",\"dateModified\":\"2026-03-24T09:43:43+00:00\",\"breadcrumb\":{\"@id\":\"https:\\\/\\\/najnaj.eu\\\/sl\\\/izdelek\\\/ergobaby-evolve-nadomestna-krpa-za-lezalnik-svetlo-siva\\\/#breadcrumb\"},\"inLanguage\":\"sl-SI\",\"potentialAction\":[{\"@type\":\"ReadAction\",\"target\":[\"https:\\\/\\\/najnaj.eu\\\/sl\\\/izdelek\\\/ergobaby-evolve-nadomestna-krpa-za-lezalnik-svetlo-siva\\\/\"]}]},{\"@type\":\"ImageObject\",\"inLanguage\":\"sl-SI\",\"@id\":\"https:\\\/\\\/najnaj.eu\\\/sl\\\/izdelek\\\/ergobaby-evolve-nadomestna-krpa-za-lezalnik-svetlo-siva\\\/#primaryimage\",\"url\":\"https:\\\/\\\/najnaj.eu\\\/wp-content\\\/uploads\\\/2025\\\/10\\\/evolve-bouncer-light-grey-product_1.jpg\",\"contentUrl\":\"https:\\\/\\\/najnaj.eu\\\/wp-content\\\/uploads\\\/2025\\\/10\\\/evolve-bouncer-light-grey-product_1.jpg\",\"width\":700,\"height\":700},{\"@type\":\"BreadcrumbList\",\"@id\":\"https:\\\/\\\/najnaj.eu\\\/sl\\\/izdelek\\\/ergobaby-evolve-nadomestna-krpa-za-lezalnik-svetlo-siva\\\/#breadcrumb\",\"itemListElement\":[{\"@type\":\"ListItem\",\"position\":1,\"name\":\"Po\u010detna stranica\",\"item\":\"https:\\\/\\\/najnaj.eu\\\/sl\\\/prednja-stran\\\/\"},{\"@type\":\"ListItem\",\"position\":2,\"name\":\"Shop\",\"item\":\"https:\\\/\\\/najnaj.eu\\\/sl\\\/shop\\\/\"},{\"@type\":\"ListItem\",\"position\":3,\"name\":\"Ergobaby Evolve nadomestna krpa za le\u017ealnik svetlo siva\"}]},{\"@type\":\"WebSite\",\"@id\":\"https:\\\/\\\/najnaj.eu\\\/sl\\\/#website\",\"url\":\"https:\\\/\\\/najnaj.eu\\\/sl\\\/\",\"name\":\"NajNaj.eu\",\"description\":\"Za najva\u017enije!\",\"publisher\":{\"@id\":\"https:\\\/\\\/najnaj.eu\\\/sl\\\/#organization\"},\"potentialAction\":[{\"@type\":\"SearchAction\",\"target\":{\"@type\":\"EntryPoint\",\"urlTemplate\":\"https:\\\/\\\/najnaj.eu\\\/sl\\\/?s={search_term_string}\"},\"query-input\":{\"@type\":\"PropertyValueSpecification\",\"valueRequired\":true,\"valueName\":\"search_term_string\"}}],\"inLanguage\":\"sl-SI\"},{\"@type\":\"Organization\",\"@id\":\"https:\\\/\\\/najnaj.eu\\\/sl\\\/#organization\",\"name\":\"NajNaj.eu\",\"url\":\"https:\\\/\\\/najnaj.eu\\\/sl\\\/\",\"logo\":{\"@type\":\"ImageObject\",\"inLanguage\":\"sl-SI\",\"@id\":\"https:\\\/\\\/najnaj.eu\\\/sl\\\/#\\\/schema\\\/logo\\\/image\\\/\",\"url\":\"https:\\\/\\\/najnaj.eu\\\/wp-content\\\/uploads\\\/2023\\\/09\\\/logo_Najnaj_2023.svg\",\"contentUrl\":\"https:\\\/\\\/najnaj.eu\\\/wp-content\\\/uploads\\\/2023\\\/09\\\/logo_Najnaj_2023.svg\",\"width\":501,\"height\":278,\"caption\":\"NajNaj.eu\"},\"image\":{\"@id\":\"https:\\\/\\\/najnaj.eu\\\/sl\\\/#\\\/schema\\\/logo\\\/image\\\/\"},\"sameAs\":[\"https:\\\/\\\/web.facebook.com\\\/najnaj.eu\\\/\",\"https:\\\/\\\/www.instagram.com\\\/najnaj.eu\\\/\",\"https:\\\/\\\/www.tiktok.com\\\/@najnaj.eu\"]}]}<\/script>\n<meta property=\"product:brand\" content=\"Ergobaby\" \/>\n<meta property=\"product:price:amount\" content=\"79.90\" \/>\n<meta property=\"product:price:currency\" content=\"EUR\" \/>\n<meta property=\"og:availability\" content=\"instock\" \/>\n<meta property=\"product:availability\" content=\"instock\" \/>\n<meta property=\"product:retailer_item_id\" content=\"EVLFABLTGRY\" \/>\n<meta property=\"product:condition\" content=\"new\" \/>\n<!-- \/ Yoast SEO Premium plugin. -->","yoast_head_json":{"title":"Ergobaby Evolve nadomestna krpa za le\u017ealnik svetlo siva - NajNaj.eu","robots":{"index":"index","follow":"follow","max-snippet":"max-snippet:-1","max-image-preview":"max-image-preview:large","max-video-preview":"max-video-preview:-1"},"canonical":"https:\/\/najnaj.eu\/sl\/izdelek\/ergobaby-evolve-nadomestna-krpa-za-lezalnik-svetlo-siva\/","og_locale":"sl_SI","og_type":"article","og_title":"Ergobaby Evolve nadomestna krpa za le\u017ealnik svetlo siva","og_description":"Nadomestna tkanina omogo\u010da enostavno \u010di\u0161\u010denje in vzdr\u017eevanje va\u0161ega le\u017ealnika Evolve 3v1. Popolna re\u0161itev, ko perete drugo prevleko ali ko preprosto \u017eelite spremeniti videz svojega le\u017ealnika.  - Enostavna odstranitev in ponovna namestitev na okvir le\u017ealnika - Pralno v pralnem stroju - Na voljo v dveh barvah: svetlo siva in temno siva - Materiali: bomba\u017e in zra\u010dna pletenina z luknjami (79 % poliester\/17 % viskoza\/4 % elastan) Opomba: Ogrodje za zibelko in vlo\u017eek za novorojen\u010dka nista prilo\u017eena.","og_url":"https:\/\/najnaj.eu\/sl\/izdelek\/ergobaby-evolve-nadomestna-krpa-za-lezalnik-svetlo-siva\/","og_site_name":"NajNaj.eu","article_publisher":"https:\/\/web.facebook.com\/najnaj.eu\/","article_modified_time":"2026-03-24T09:43:43+00:00","og_image":[{"width":700,"height":700,"url":"https:\/\/najnaj.eu\/wp-content\/uploads\/2025\/10\/evolve-bouncer-light-grey-product_1.jpg","type":"image\/jpeg"}],"twitter_card":"summary_large_image","twitter_misc":{"Price":"79,90&nbsp;&euro;","Availability":"In stock"},"schema":{"@context":"https:\/\/schema.org","@graph":[{"@type":"WebPage","@id":"https:\/\/najnaj.eu\/sl\/izdelek\/ergobaby-evolve-nadomestna-krpa-za-lezalnik-svetlo-siva\/","url":"https:\/\/najnaj.eu\/sl\/izdelek\/ergobaby-evolve-nadomestna-krpa-za-lezalnik-svetlo-siva\/","name":"Ergobaby Evolve nadomestna krpa za le\u017ealnik svetlo siva - NajNaj.eu","isPartOf":{"@id":"https:\/\/najnaj.eu\/sl\/#website"},"primaryImageOfPage":{"@id":"https:\/\/najnaj.eu\/sl\/izdelek\/ergobaby-evolve-nadomestna-krpa-za-lezalnik-svetlo-siva\/#primaryimage"},"image":{"@id":"https:\/\/najnaj.eu\/sl\/izdelek\/ergobaby-evolve-nadomestna-krpa-za-lezalnik-svetlo-siva\/#primaryimage"},"thumbnailUrl":"https:\/\/najnaj.eu\/wp-content\/uploads\/2025\/10\/evolve-bouncer-light-grey-product_1.jpg","datePublished":"2025-10-07T11:10:23+00:00","dateModified":"2026-03-24T09:43:43+00:00","breadcrumb":{"@id":"https:\/\/najnaj.eu\/sl\/izdelek\/ergobaby-evolve-nadomestna-krpa-za-lezalnik-svetlo-siva\/#breadcrumb"},"inLanguage":"sl-SI","potentialAction":[{"@type":"ReadAction","target":["https:\/\/najnaj.eu\/sl\/izdelek\/ergobaby-evolve-nadomestna-krpa-za-lezalnik-svetlo-siva\/"]}]},{"@type":"ImageObject","inLanguage":"sl-SI","@id":"https:\/\/najnaj.eu\/sl\/izdelek\/ergobaby-evolve-nadomestna-krpa-za-lezalnik-svetlo-siva\/#primaryimage","url":"https:\/\/najnaj.eu\/wp-content\/uploads\/2025\/10\/evolve-bouncer-light-grey-product_1.jpg","contentUrl":"https:\/\/najnaj.eu\/wp-content\/uploads\/2025\/10\/evolve-bouncer-light-grey-product_1.jpg","width":700,"height":700},{"@type":"BreadcrumbList","@id":"https:\/\/najnaj.eu\/sl\/izdelek\/ergobaby-evolve-nadomestna-krpa-za-lezalnik-svetlo-siva\/#breadcrumb","itemListElement":[{"@type":"ListItem","position":1,"name":"Po\u010detna stranica","item":"https:\/\/najnaj.eu\/sl\/prednja-stran\/"},{"@type":"ListItem","position":2,"name":"Shop","item":"https:\/\/najnaj.eu\/sl\/shop\/"},{"@type":"ListItem","position":3,"name":"Ergobaby Evolve nadomestna krpa za le\u017ealnik svetlo siva"}]},{"@type":"WebSite","@id":"https:\/\/najnaj.eu\/sl\/#website","url":"https:\/\/najnaj.eu\/sl\/","name":"NajNaj.eu","description":"Za najva\u017enije!","publisher":{"@id":"https:\/\/najnaj.eu\/sl\/#organization"},"potentialAction":[{"@type":"SearchAction","target":{"@type":"EntryPoint","urlTemplate":"https:\/\/najnaj.eu\/sl\/?s={search_term_string}"},"query-input":{"@type":"PropertyValueSpecification","valueRequired":true,"valueName":"search_term_string"}}],"inLanguage":"sl-SI"},{"@type":"Organization","@id":"https:\/\/najnaj.eu\/sl\/#organization","name":"NajNaj.eu","url":"https:\/\/najnaj.eu\/sl\/","logo":{"@type":"ImageObject","inLanguage":"sl-SI","@id":"https:\/\/najnaj.eu\/sl\/#\/schema\/logo\/image\/","url":"https:\/\/najnaj.eu\/wp-content\/uploads\/2023\/09\/logo_Najnaj_2023.svg","contentUrl":"https:\/\/najnaj.eu\/wp-content\/uploads\/2023\/09\/logo_Najnaj_2023.svg","width":501,"height":278,"caption":"NajNaj.eu"},"image":{"@id":"https:\/\/najnaj.eu\/sl\/#\/schema\/logo\/image\/"},"sameAs":["https:\/\/web.facebook.com\/najnaj.eu\/","https:\/\/www.instagram.com\/najnaj.eu\/","https:\/\/www.tiktok.com\/@najnaj.eu"]}]},"product_brand":"Ergobaby","product_price_amount":"79.90","product_price_currency":"EUR","og_availability":"instock","product_availability":"instock","product_retailer_item_id":"EVLFABLTGRY","product_condition":"new"},"_links":{"self":[{"href":"https:\/\/najnaj.eu\/sl\/wp-json\/wp\/v2\/product\/273279","targetHints":{"allow":["GET"]}}],"collection":[{"href":"https:\/\/najnaj.eu\/sl\/wp-json\/wp\/v2\/product"}],"about":[{"href":"https:\/\/najnaj.eu\/sl\/wp-json\/wp\/v2\/types\/product"}],"replies":[{"embeddable":true,"href":"https:\/\/najnaj.eu\/sl\/wp-json\/wp\/v2\/comments?post=273279"}],"version-history":[{"count":0,"href":"https:\/\/najnaj.eu\/sl\/wp-json\/wp\/v2\/product\/273279\/revisions"}],"wp:featuredmedia":[{"embeddable":true,"href":"https:\/\/najnaj.eu\/sl\/wp-json\/wp\/v2\/media\/273256"}],"wp:attachment":[{"href":"https:\/\/najnaj.eu\/sl\/wp-json\/wp\/v2\/media?parent=273279"}],"wp:term":[{"taxonomy":"product_brand","embeddable":true,"href":"https:\/\/najnaj.eu\/sl\/wp-json\/wp\/v2\/product_brand?post=273279"},{"taxonomy":"product_cat","embeddable":true,"href":"https:\/\/najnaj.eu\/sl\/wp-json\/wp\/v2\/product_cat?post=273279"},{"taxonomy":"product_tag","embeddable":true,"href":"https:\/\/najnaj.eu\/sl\/wp-json\/wp\/v2\/product_tag?post=273279"}],"curies":[{"name":"wp","href":"https:\/\/api.w.org\/{rel}","templated":true}]}}