{"id":272812,"date":"2025-10-02T13:29:03","date_gmt":"2025-10-02T11:29:03","guid":{"rendered":"https:\/\/najnaj.eu\/proizvod\/otroski-vozicek-3v1-ergobaby-metro-3-onyx-black-avtosedez-besafe-izi-go-modular-x2-i-size\/"},"modified":"2026-04-17T10:50:40","modified_gmt":"2026-04-17T08:50:40","slug":"otroski-vozicek-3v1-ergobaby-metro-3-onyx-black-avtosedez-besafe-izi-go-modular-x2-i-size","status":"publish","type":"product","link":"https:\/\/najnaj.eu\/sl\/izdelek\/otroski-vozicek-3v1-ergobaby-metro-3-onyx-black-avtosedez-besafe-izi-go-modular-x2-i-size\/","title":{"rendered":"Otro\u0161ki vozi\u010dek 3v1 Ergobaby Metro 3, Onyx Black + avtosede\u017e BeSafe iZi Go Modular X2 i-Size"},"content":{"rendered":"<h3><strong><a href=\"https:\/\/najnaj.eu\/sl\/izdelek\/vozicek-ergobaby-metro-3-onyx-black\/\" target=\"_blank\" rel=\"noopener\">Ergobaby Metro 3<\/a> \u2013 kompakten mestni vozi\u010dek za velike pustolov\u0161\u010dine<\/strong><\/h3>\n<p>Ergobaby Metro 3 prina\u0161a udobje in priro\u010dnost v majhni embala\u017ei. Integrirano gnezdo za novorojen\u010dka se enostavno oblikuje iz sede\u017ea s pomo\u010djo stranskih pregrad, tako da je vozi\u010dek pripravljen \u017ee od prvega dne. Samodejno zlaganje z eno roko in kompaktne dimenzije olaj\u0161ajo vsakodnevne vo\u017enje in izlete po mestu.  <\/p>\n<p><strong>Udobje vo\u017enje za otroka:<br \/>\n<\/strong> &#8211; Ergonomski sede\u017e z neomejenim nagibom<br \/>\n &#8211; Nastavljiv naslon za noge<\/p>\n<p><strong>Prilagoditev star\u0161em:<br \/>\n<\/strong> &#8211; Nastavljiv ro\u010daj po vi\u0161ini 101-109 cm, ergonomska oblika in rjava usnjena prevleka<\/p>\n<p><strong>Gladka vo\u017enja:<br \/>\n<\/strong> &#8211; Vzmetenje na vseh kolesih; PU pnevmatike (spredaj 14 cm, zadaj 17 cm)<\/p>\n<p><strong>Prakti\u010dnost:<br \/>\n<\/strong> &#8211; Prostorna ko\u0161ara za shranjevanje predmetov do 10 kg<br \/>\n &#8211; Streha z vodoodbojnim premazom in za\u0161\u010dito UPF 50 ter okno z magnetnim zapiranjem<\/p>\n<p><strong>10-letna garancija ErgoPromise<\/strong> \u2013 zagotovljena kakovost in dolga \u017eivljenjska doba<\/p>\n<hr>\n<h3><strong><a href=\"https:\/\/najnaj.eu\/sl\/izdelek\/besafe-izi-go-modular-x2-i-size-40-75-cm-crna-kabina\/\" target=\"_blank\" rel=\"noopener\">BeSafe iZi Go Modular X2 i-Size<\/a> \u2013 vrhunska varnost in udobje<\/strong><\/h3>\n<p>Enostavna namestitev s 3-to\u010dkovnim avtomobilskim varnostnim pasom ali na <a href=\"https:\/\/najnaj.eu\/sl\/izdelek\/izi-modular-i-size-baza\/\" target=\"_blank\" rel=\"noopener\">podstavek ISOFIX<\/a> z enim klikom (podstavek ni vklju\u010den v paket). Vedno se namesti v nasprotni smeri vo\u017enje in je homologiran v skladu z UN R129 (i-Size). <\/p>\n<p><strong>Varnost naslednje generacije:<br \/>\n<\/strong> &#8211; 5-to\u010dkovni varnostni pas s \u0161irokimi trakovi in \u200b\u200bblazinicami<br \/>\n &#8211; Dodatna stranska za\u0161\u010dita SIP+ zmanj\u0161a obremenitev pri bo\u010dnih trkih<br \/>\n &#8211; Dynamic Force Absorber\u2122 v vzglavniku<\/p>\n<p><strong>Udobje za dojen\u010dke:<br \/>\n<\/strong> &#8211; Mehka podporna blazina za optimalen kot, stabilnost in oporo novorojen\u010dka<br \/>\n &#8211; Preoblikovan vzglavnik z ve\u010d prostora, ko otrok raste<br \/>\n &#8211; Visokokakovostni, udobni materiali<br \/>\n &#8211; Nastavitev notranjih pasov in vzglavnika z eno roko z enim gibom<br \/>\n &#8211; Fleksibilna streha z za\u0161\u010dito UPF 50+, ki jo je mogo\u010de uporabljati neodvisno od ro\u010daja za no\u0161enje<\/p>\n<p><strong>Pametne funkcije za la\u017eji dan:<br \/>\n<\/strong> &#8211; Magnetni dr\u017eali (Smart Access), ki dr\u017eijo pasove ob straneh<br \/>\n &#8211; Eden najla\u017ejih avtosede\u017eev i-Size (pribli\u017eno 4,2 kg)<br \/>\n &#8211; Ergonomsko oblikovan ro\u010daj za udobno prena\u0161anje<br \/>\n &#8211; Hitra sestava potovalnega sistema 3 v 1; dva na\u010dina odpiranja za priro\u010dno odstranitev iz vozi\u010dka<\/p>\n<p><strong>3D mre\u017easta tkanina<\/strong> (pri modelih Peak Mesh in Anthracite Mesh):<br \/>\n &#8211; Ve\u010dplastna 3D struktura omogo\u010da kro\u017eenje zraka med plastmi<br \/>\n &#8211; Do 8-krat ve\u010dja zra\u010dnost v primerjavi s standardnimi tkaninami, prevle\u010denimi s PU peno<\/p>\n<p><strong>Nagrada za ergonomsko oblikovanje:<br \/>\n<\/strong> &#8211; Avtosede\u017e BeSafe iZi Go Modular ima certifikat AGR (Nem\u0161ko zdru\u017eenje za zdravje hrbta) kot &#8220;zdrav za hrbet&#8221; &#8211; za dojen\u010dka in star\u0161e<\/p>\n<p><!-- notionvc: 3d324c93-cd86-4600-8adf-c08026958359 --><\/p>\n","protected":false},"excerpt":{"rendered":"<p>Kompakten potovalni sistem 3 v 1 za mesto in potovanja: Ergobaby Metro3 + BeSafe iZi Go Modular X2 i-Size. Kompakten vozi\u010dek z vgrajeno zibelko za novorojen\u010dke za uporabo od rojstva do 22 kg in avtosede\u017eem za otroke do 75 cm oziroma 13 kg. Enostavna namestitev z enim klikom z adapterjem.  <\/p>\n<p>Komplet vklju\u010duje:<\/p>\n<ul>\n<li>Ergobaby Metro 3 kompaktni mestni vozi\u010dek Onyx Black<\/li>\n<li>Adapterji za avtosede\u017e<\/li>\n<li>Avtosede\u017e BeSafe iZi Go Modular X2 i-Size<\/li>\n<\/ul>\n<p><strong>Izberite barvo avtosede\u017ea:<\/strong><\/p>\n<p><!-- notionvc: 7453c2ca-d639-4fa8-bcd6-a3bb331c804f --><\/p>\n","protected":false},"featured_media":289107,"comment_status":"closed","ping_status":"closed","template":"","meta":{"_acf_changed":false,"footnotes":""},"product_brand":[],"product_cat":[551,607],"product_tag":[],"class_list":{"0":"post-272812","1":"product","2":"type-product","3":"status-publish","4":"has-post-thumbnail","6":"product_cat-djecja-kolica","7":"product_cat-kolica-3u1","8":"pa_boja-anthracite-mesh","9":"pa_boja-black-cab","10":"pa_boja-metallic-grey","11":"pa_boja-peak-mesh","12":"pa_boja-sea-green","13":"pa_brand-besafe","14":"pa_brand-ergobaby","15":"pa_vrsta-kolica-3u1","17":"first","18":"instock","19":"shipping-taxable","20":"purchasable","21":"product-type-variable"},"bundled_by":[],"bundle_stock_status":"instock","bundle_stock_quantity":null,"bundle_virtual":false,"bundle_layout":"","bundle_add_to_cart_form_location":"","bundle_editable_in_cart":false,"bundle_sold_individually_context":"","bundle_item_grouping":"","bundle_min_size":"","bundle_max_size":"","bundle_price":[],"bundled_items":[],"bundle_sell_ids":[],"acf":[],"yoast_head":"<!-- This site is optimized with the Yoast SEO Premium plugin v21.5 (Yoast SEO v27.4) - https:\/\/yoast.com\/product\/yoast-seo-premium-wordpress\/ -->\n<title>Otro\u0161ki vozi\u010dek 3v1 Ergobaby Metro 3, Onyx Black + avtosede\u017e BeSafe iZi Go Modular X2 i-Size - NajNaj.eu<\/title>\n<meta name=\"robots\" content=\"index, follow, max-snippet:-1, max-image-preview:large, max-video-preview:-1\" \/>\n<link rel=\"canonical\" href=\"https:\/\/najnaj.eu\/sl\/izdelek\/otroski-vozicek-3v1-ergobaby-metro-3-onyx-black-avtosedez-besafe-izi-go-modular-x2-i-size\/\" \/>\n<meta property=\"og:locale\" content=\"sl_SI\" \/>\n<meta property=\"og:type\" content=\"article\" \/>\n<meta property=\"og:title\" content=\"Otro\u0161ki vozi\u010dek 3v1 Ergobaby Metro 3, Onyx Black + avtosede\u017e BeSafe iZi Go Modular X2 i-Size\" \/>\n<meta property=\"og:description\" content=\"Kompakten potovalni sistem 3 v 1 za mesto in potovanja: Ergobaby Metro3 + BeSafe iZi Go Modular X2 i-Size. Kompakten vozi\u010dek z vgrajeno zibelko za novorojen\u010dke za uporabo od rojstva do 22 kg in avtosede\u017eem za otroke do 75 cm oziroma 13 kg. Enostavna namestitev z enim klikom z adapterjem.  Komplet vklju\u010duje:  Ergobaby Metro 3 kompaktni mestni vozi\u010dek Onyx Black  Adapterji za avtosede\u017e  Avtosede\u017e BeSafe iZi Go Modular X2 i-Size Izberite barvo avtosede\u017ea:\" \/>\n<meta property=\"og:url\" content=\"https:\/\/najnaj.eu\/sl\/izdelek\/otroski-vozicek-3v1-ergobaby-metro-3-onyx-black-avtosedez-besafe-izi-go-modular-x2-i-size\/\" \/>\n<meta property=\"og:site_name\" content=\"NajNaj.eu\" \/>\n<meta property=\"article:publisher\" content=\"https:\/\/web.facebook.com\/najnaj.eu\/\" \/>\n<meta property=\"article:modified_time\" content=\"2026-04-17T08:50:40+00:00\" \/>\n<meta property=\"og:image\" content=\"https:\/\/najnaj.eu\/wp-content\/uploads\/2025\/10\/Metro-3-Onyx-Black-i-Black-Cab.png\" \/>\n\t<meta property=\"og:image:width\" content=\"1200\" \/>\n\t<meta property=\"og:image:height\" content=\"1200\" \/>\n\t<meta property=\"og:image:type\" content=\"image\/png\" \/>\n<meta name=\"twitter:card\" content=\"summary_large_image\" \/>\n<meta name=\"twitter:label1\" content=\"Availability\" \/>\n\t<meta name=\"twitter:data1\" content=\"In stock\" \/>\n<script type=\"application\/ld+json\" class=\"yoast-schema-graph\">{\"@context\":\"https:\\\/\\\/schema.org\",\"@graph\":[{\"@type\":\"WebPage\",\"@id\":\"https:\\\/\\\/najnaj.eu\\\/sl\\\/izdelek\\\/otroski-vozicek-3v1-ergobaby-metro-3-onyx-black-avtosedez-besafe-izi-go-modular-x2-i-size\\\/\",\"url\":\"https:\\\/\\\/najnaj.eu\\\/sl\\\/izdelek\\\/otroski-vozicek-3v1-ergobaby-metro-3-onyx-black-avtosedez-besafe-izi-go-modular-x2-i-size\\\/\",\"name\":\"Otro\u0161ki vozi\u010dek 3v1 Ergobaby Metro 3, Onyx Black + avtosede\u017e BeSafe iZi Go Modular X2 i-Size - NajNaj.eu\",\"isPartOf\":{\"@id\":\"https:\\\/\\\/najnaj.eu\\\/sl\\\/#website\"},\"primaryImageOfPage\":{\"@id\":\"https:\\\/\\\/najnaj.eu\\\/sl\\\/izdelek\\\/otroski-vozicek-3v1-ergobaby-metro-3-onyx-black-avtosedez-besafe-izi-go-modular-x2-i-size\\\/#primaryimage\"},\"image\":{\"@id\":\"https:\\\/\\\/najnaj.eu\\\/sl\\\/izdelek\\\/otroski-vozicek-3v1-ergobaby-metro-3-onyx-black-avtosedez-besafe-izi-go-modular-x2-i-size\\\/#primaryimage\"},\"thumbnailUrl\":\"https:\\\/\\\/najnaj.eu\\\/wp-content\\\/uploads\\\/2025\\\/10\\\/4.png\",\"datePublished\":\"2025-10-02T11:29:03+00:00\",\"dateModified\":\"2026-04-17T08:50:40+00:00\",\"breadcrumb\":{\"@id\":\"https:\\\/\\\/najnaj.eu\\\/sl\\\/izdelek\\\/otroski-vozicek-3v1-ergobaby-metro-3-onyx-black-avtosedez-besafe-izi-go-modular-x2-i-size\\\/#breadcrumb\"},\"inLanguage\":\"sl-SI\",\"potentialAction\":[{\"@type\":\"ReadAction\",\"target\":[\"https:\\\/\\\/najnaj.eu\\\/sl\\\/izdelek\\\/otroski-vozicek-3v1-ergobaby-metro-3-onyx-black-avtosedez-besafe-izi-go-modular-x2-i-size\\\/\"]}]},{\"@type\":\"ImageObject\",\"inLanguage\":\"sl-SI\",\"@id\":\"https:\\\/\\\/najnaj.eu\\\/sl\\\/izdelek\\\/otroski-vozicek-3v1-ergobaby-metro-3-onyx-black-avtosedez-besafe-izi-go-modular-x2-i-size\\\/#primaryimage\",\"url\":\"https:\\\/\\\/najnaj.eu\\\/wp-content\\\/uploads\\\/2025\\\/10\\\/4.png\",\"contentUrl\":\"https:\\\/\\\/najnaj.eu\\\/wp-content\\\/uploads\\\/2025\\\/10\\\/4.png\",\"width\":1200,\"height\":1200},{\"@type\":\"BreadcrumbList\",\"@id\":\"https:\\\/\\\/najnaj.eu\\\/sl\\\/izdelek\\\/otroski-vozicek-3v1-ergobaby-metro-3-onyx-black-avtosedez-besafe-izi-go-modular-x2-i-size\\\/#breadcrumb\",\"itemListElement\":[{\"@type\":\"ListItem\",\"position\":1,\"name\":\"Po\u010detna stranica\",\"item\":\"https:\\\/\\\/najnaj.eu\\\/sl\\\/prednja-stran\\\/\"},{\"@type\":\"ListItem\",\"position\":2,\"name\":\"Shop\",\"item\":\"https:\\\/\\\/najnaj.eu\\\/sl\\\/shop\\\/\"},{\"@type\":\"ListItem\",\"position\":3,\"name\":\"Privatno: Otro\u0161ki vozi\u010dek 3v1 Ergobaby Metro 3, Onyx Black + avtosede\u017e BeSafe iZi Go Modular X2 i-Size\"}]},{\"@type\":\"WebSite\",\"@id\":\"https:\\\/\\\/najnaj.eu\\\/sl\\\/#website\",\"url\":\"https:\\\/\\\/najnaj.eu\\\/sl\\\/\",\"name\":\"NajNaj.eu\",\"description\":\"Za najva\u017enije!\",\"publisher\":{\"@id\":\"https:\\\/\\\/najnaj.eu\\\/sl\\\/#organization\"},\"potentialAction\":[{\"@type\":\"SearchAction\",\"target\":{\"@type\":\"EntryPoint\",\"urlTemplate\":\"https:\\\/\\\/najnaj.eu\\\/sl\\\/?s={search_term_string}\"},\"query-input\":{\"@type\":\"PropertyValueSpecification\",\"valueRequired\":true,\"valueName\":\"search_term_string\"}}],\"inLanguage\":\"sl-SI\"},{\"@type\":\"Organization\",\"@id\":\"https:\\\/\\\/najnaj.eu\\\/sl\\\/#organization\",\"name\":\"NajNaj.eu\",\"url\":\"https:\\\/\\\/najnaj.eu\\\/sl\\\/\",\"logo\":{\"@type\":\"ImageObject\",\"inLanguage\":\"sl-SI\",\"@id\":\"https:\\\/\\\/najnaj.eu\\\/sl\\\/#\\\/schema\\\/logo\\\/image\\\/\",\"url\":\"https:\\\/\\\/najnaj.eu\\\/wp-content\\\/uploads\\\/2023\\\/09\\\/logo_Najnaj_2023.svg\",\"contentUrl\":\"https:\\\/\\\/najnaj.eu\\\/wp-content\\\/uploads\\\/2023\\\/09\\\/logo_Najnaj_2023.svg\",\"width\":501,\"height\":278,\"caption\":\"NajNaj.eu\"},\"image\":{\"@id\":\"https:\\\/\\\/najnaj.eu\\\/sl\\\/#\\\/schema\\\/logo\\\/image\\\/\"},\"sameAs\":[\"https:\\\/\\\/web.facebook.com\\\/najnaj.eu\\\/\",\"https:\\\/\\\/www.instagram.com\\\/najnaj.eu\\\/\",\"https:\\\/\\\/www.tiktok.com\\\/@najnaj.eu\"]}]}<\/script>\n<meta property=\"product:brand\" content=\"BeSafe\" \/>\n<meta property=\"og:availability\" content=\"instock\" \/>\n<meta property=\"product:availability\" content=\"instock\" \/>\n<meta property=\"product:retailer_item_id\" content=\"METRO3ONYXEU-3u1\" \/>\n<meta property=\"product:condition\" content=\"new\" \/>\n<!-- \/ Yoast SEO Premium plugin. -->","yoast_head_json":{"title":"Otro\u0161ki vozi\u010dek 3v1 Ergobaby Metro 3, Onyx Black + avtosede\u017e BeSafe iZi Go Modular X2 i-Size - NajNaj.eu","robots":{"index":"index","follow":"follow","max-snippet":"max-snippet:-1","max-image-preview":"max-image-preview:large","max-video-preview":"max-video-preview:-1"},"canonical":"https:\/\/najnaj.eu\/sl\/izdelek\/otroski-vozicek-3v1-ergobaby-metro-3-onyx-black-avtosedez-besafe-izi-go-modular-x2-i-size\/","og_locale":"sl_SI","og_type":"article","og_title":"Otro\u0161ki vozi\u010dek 3v1 Ergobaby Metro 3, Onyx Black + avtosede\u017e BeSafe iZi Go Modular X2 i-Size","og_description":"Kompakten potovalni sistem 3 v 1 za mesto in potovanja: Ergobaby Metro3 + BeSafe iZi Go Modular X2 i-Size. Kompakten vozi\u010dek z vgrajeno zibelko za novorojen\u010dke za uporabo od rojstva do 22 kg in avtosede\u017eem za otroke do 75 cm oziroma 13 kg. Enostavna namestitev z enim klikom z adapterjem.  Komplet vklju\u010duje:  Ergobaby Metro 3 kompaktni mestni vozi\u010dek Onyx Black  Adapterji za avtosede\u017e  Avtosede\u017e BeSafe iZi Go Modular X2 i-Size Izberite barvo avtosede\u017ea:","og_url":"https:\/\/najnaj.eu\/sl\/izdelek\/otroski-vozicek-3v1-ergobaby-metro-3-onyx-black-avtosedez-besafe-izi-go-modular-x2-i-size\/","og_site_name":"NajNaj.eu","article_publisher":"https:\/\/web.facebook.com\/najnaj.eu\/","article_modified_time":"2026-04-17T08:50:40+00:00","og_image":[{"width":1200,"height":1200,"url":"https:\/\/najnaj.eu\/wp-content\/uploads\/2025\/10\/Metro-3-Onyx-Black-i-Black-Cab.png","type":"image\/png"}],"twitter_card":"summary_large_image","twitter_misc":{"Availability":"In stock"},"schema":{"@context":"https:\/\/schema.org","@graph":[{"@type":"WebPage","@id":"https:\/\/najnaj.eu\/sl\/izdelek\/otroski-vozicek-3v1-ergobaby-metro-3-onyx-black-avtosedez-besafe-izi-go-modular-x2-i-size\/","url":"https:\/\/najnaj.eu\/sl\/izdelek\/otroski-vozicek-3v1-ergobaby-metro-3-onyx-black-avtosedez-besafe-izi-go-modular-x2-i-size\/","name":"Otro\u0161ki vozi\u010dek 3v1 Ergobaby Metro 3, Onyx Black + avtosede\u017e BeSafe iZi Go Modular X2 i-Size - NajNaj.eu","isPartOf":{"@id":"https:\/\/najnaj.eu\/sl\/#website"},"primaryImageOfPage":{"@id":"https:\/\/najnaj.eu\/sl\/izdelek\/otroski-vozicek-3v1-ergobaby-metro-3-onyx-black-avtosedez-besafe-izi-go-modular-x2-i-size\/#primaryimage"},"image":{"@id":"https:\/\/najnaj.eu\/sl\/izdelek\/otroski-vozicek-3v1-ergobaby-metro-3-onyx-black-avtosedez-besafe-izi-go-modular-x2-i-size\/#primaryimage"},"thumbnailUrl":"https:\/\/najnaj.eu\/wp-content\/uploads\/2025\/10\/4.png","datePublished":"2025-10-02T11:29:03+00:00","dateModified":"2026-04-17T08:50:40+00:00","breadcrumb":{"@id":"https:\/\/najnaj.eu\/sl\/izdelek\/otroski-vozicek-3v1-ergobaby-metro-3-onyx-black-avtosedez-besafe-izi-go-modular-x2-i-size\/#breadcrumb"},"inLanguage":"sl-SI","potentialAction":[{"@type":"ReadAction","target":["https:\/\/najnaj.eu\/sl\/izdelek\/otroski-vozicek-3v1-ergobaby-metro-3-onyx-black-avtosedez-besafe-izi-go-modular-x2-i-size\/"]}]},{"@type":"ImageObject","inLanguage":"sl-SI","@id":"https:\/\/najnaj.eu\/sl\/izdelek\/otroski-vozicek-3v1-ergobaby-metro-3-onyx-black-avtosedez-besafe-izi-go-modular-x2-i-size\/#primaryimage","url":"https:\/\/najnaj.eu\/wp-content\/uploads\/2025\/10\/4.png","contentUrl":"https:\/\/najnaj.eu\/wp-content\/uploads\/2025\/10\/4.png","width":1200,"height":1200},{"@type":"BreadcrumbList","@id":"https:\/\/najnaj.eu\/sl\/izdelek\/otroski-vozicek-3v1-ergobaby-metro-3-onyx-black-avtosedez-besafe-izi-go-modular-x2-i-size\/#breadcrumb","itemListElement":[{"@type":"ListItem","position":1,"name":"Po\u010detna stranica","item":"https:\/\/najnaj.eu\/sl\/prednja-stran\/"},{"@type":"ListItem","position":2,"name":"Shop","item":"https:\/\/najnaj.eu\/sl\/shop\/"},{"@type":"ListItem","position":3,"name":"Privatno: Otro\u0161ki vozi\u010dek 3v1 Ergobaby Metro 3, Onyx Black + avtosede\u017e BeSafe iZi Go Modular X2 i-Size"}]},{"@type":"WebSite","@id":"https:\/\/najnaj.eu\/sl\/#website","url":"https:\/\/najnaj.eu\/sl\/","name":"NajNaj.eu","description":"Za najva\u017enije!","publisher":{"@id":"https:\/\/najnaj.eu\/sl\/#organization"},"potentialAction":[{"@type":"SearchAction","target":{"@type":"EntryPoint","urlTemplate":"https:\/\/najnaj.eu\/sl\/?s={search_term_string}"},"query-input":{"@type":"PropertyValueSpecification","valueRequired":true,"valueName":"search_term_string"}}],"inLanguage":"sl-SI"},{"@type":"Organization","@id":"https:\/\/najnaj.eu\/sl\/#organization","name":"NajNaj.eu","url":"https:\/\/najnaj.eu\/sl\/","logo":{"@type":"ImageObject","inLanguage":"sl-SI","@id":"https:\/\/najnaj.eu\/sl\/#\/schema\/logo\/image\/","url":"https:\/\/najnaj.eu\/wp-content\/uploads\/2023\/09\/logo_Najnaj_2023.svg","contentUrl":"https:\/\/najnaj.eu\/wp-content\/uploads\/2023\/09\/logo_Najnaj_2023.svg","width":501,"height":278,"caption":"NajNaj.eu"},"image":{"@id":"https:\/\/najnaj.eu\/sl\/#\/schema\/logo\/image\/"},"sameAs":["https:\/\/web.facebook.com\/najnaj.eu\/","https:\/\/www.instagram.com\/najnaj.eu\/","https:\/\/www.tiktok.com\/@najnaj.eu"]}]},"product_brand":"BeSafe","og_availability":"instock","product_availability":"instock","product_retailer_item_id":"METRO3ONYXEU-3u1","product_condition":"new"},"_links":{"self":[{"href":"https:\/\/najnaj.eu\/sl\/wp-json\/wp\/v2\/product\/272812","targetHints":{"allow":["GET"]}}],"collection":[{"href":"https:\/\/najnaj.eu\/sl\/wp-json\/wp\/v2\/product"}],"about":[{"href":"https:\/\/najnaj.eu\/sl\/wp-json\/wp\/v2\/types\/product"}],"replies":[{"embeddable":true,"href":"https:\/\/najnaj.eu\/sl\/wp-json\/wp\/v2\/comments?post=272812"}],"version-history":[{"count":0,"href":"https:\/\/najnaj.eu\/sl\/wp-json\/wp\/v2\/product\/272812\/revisions"}],"wp:featuredmedia":[{"embeddable":true,"href":"https:\/\/najnaj.eu\/sl\/wp-json\/wp\/v2\/media\/289107"}],"wp:attachment":[{"href":"https:\/\/najnaj.eu\/sl\/wp-json\/wp\/v2\/media?parent=272812"}],"wp:term":[{"taxonomy":"product_brand","embeddable":true,"href":"https:\/\/najnaj.eu\/sl\/wp-json\/wp\/v2\/product_brand?post=272812"},{"taxonomy":"product_cat","embeddable":true,"href":"https:\/\/najnaj.eu\/sl\/wp-json\/wp\/v2\/product_cat?post=272812"},{"taxonomy":"product_tag","embeddable":true,"href":"https:\/\/najnaj.eu\/sl\/wp-json\/wp\/v2\/product_tag?post=272812"}],"curies":[{"name":"wp","href":"https:\/\/api.w.org\/{rel}","templated":true}]}}