{"id":271623,"date":"2025-09-24T14:10:03","date_gmt":"2025-09-24T12:10:03","guid":{"rendered":"https:\/\/najnaj.eu\/?post_type=product&p=271623"},"modified":"2025-09-24T14:10:03","modified_gmt":"2025-09-24T12:10:03","slug":"silikonske-zlicke-citron-majhne-za-otroke-bez-in-modre","status":"publish","type":"product","link":"https:\/\/najnaj.eu\/sl\/izdelek\/silikonske-zlicke-citron-majhne-za-otroke-bez-in-modre\/","title":{"rendered":"Silikonske \u017eli\u010dke Citron Majhne za otroke, be\u017e in modre"},"content":{"rendered":"<p>Komplet 2 silikonskih \u017elic<\/p>\n<ul>\n<li>Ergonomska oblika za enostavno dr\u017eanje<\/li>\n<li>Varno za \u017eivila \/ brez BPA<\/li>\n<li>Dimenzije: 12,5 x 3 cm<\/li>\n<li>Starost: 6 mesecev +<\/li>\n<\/ul>\n","protected":false},"excerpt":{"rendered":"<p>Na\u0161e mehke silikonske \u017eli\u010dke za hranjenje so popolnoma ne\u017ene do ob\u010dutljivih dlesni in zob dojen\u010dka. Zahvaljujo\u010d zaobljeni obliki olaj\u0161ajo zapiranje ustnic in hranjenje naredijo prijetnej\u0161o izku\u0161njo. Ergonomsko oblikovan, debelej\u0161i ro\u010daj omogo\u010da varen in enostaven oprijem ter spodbuja razvoj fine motorike in samostojnega hranjenja.  <\/p>\n","protected":false},"featured_media":271367,"comment_status":"closed","ping_status":"closed","template":"","meta":{"_acf_changed":false,"footnotes":""},"product_brand":[],"product_cat":[1733,1775,1734],"product_tag":[],"class_list":{"0":"post-271623","1":"product","2":"type-product","3":"status-publish","4":"has-post-thumbnail","6":"product_cat-feeding","7":"product_cat-cutlery","8":"product_cat-dishes","9":"pa_boja-beige-en","10":"pa_boja-blue","11":"pa_brand-citron-en","12":"pa_vrsta-posuda-cutlery","14":"first","15":"instock","16":"shipping-taxable","17":"purchasable","18":"product-type-simple"},"bundled_by":[],"bundle_stock_status":"instock","bundle_stock_quantity":15,"bundle_virtual":false,"bundle_layout":"","bundle_add_to_cart_form_location":"","bundle_editable_in_cart":false,"bundle_sold_individually_context":"","bundle_item_grouping":"","bundle_min_size":"","bundle_max_size":"","bundle_price":[],"bundled_items":[],"bundle_sell_ids":[],"acf":[],"yoast_head":"<!-- This site is optimized with the Yoast SEO Premium plugin v21.5 (Yoast SEO v27.4) - https:\/\/yoast.com\/product\/yoast-seo-premium-wordpress\/ -->\n<title>Silikonske \u017eli\u010dke Citron Majhne za otroke, be\u017e in modre - NajNaj.eu<\/title>\n<meta name=\"robots\" content=\"index, follow, max-snippet:-1, max-image-preview:large, max-video-preview:-1\" \/>\n<link rel=\"canonical\" href=\"https:\/\/najnaj.eu\/sl\/izdelek\/silikonske-zlicke-citron-majhne-za-otroke-bez-in-modre\/\" \/>\n<meta property=\"og:locale\" content=\"sl_SI\" \/>\n<meta property=\"og:type\" content=\"article\" \/>\n<meta property=\"og:title\" content=\"Silikonske \u017eli\u010dke Citron Majhne za otroke, be\u017e in modre\" \/>\n<meta property=\"og:description\" content=\"Na\u0161e mehke silikonske \u017eli\u010dke za hranjenje so popolnoma ne\u017ene do ob\u010dutljivih dlesni in zob dojen\u010dka. Zahvaljujo\u010d zaobljeni obliki olaj\u0161ajo zapiranje ustnic in hranjenje naredijo prijetnej\u0161o izku\u0161njo. Ergonomsko oblikovan, debelej\u0161i ro\u010daj omogo\u010da varen in enostaven oprijem ter spodbuja razvoj fine motorike in samostojnega hranjenja.\" \/>\n<meta property=\"og:url\" content=\"https:\/\/najnaj.eu\/sl\/izdelek\/silikonske-zlicke-citron-majhne-za-otroke-bez-in-modre\/\" \/>\n<meta property=\"og:site_name\" content=\"NajNaj.eu\" \/>\n<meta property=\"article:publisher\" content=\"https:\/\/web.facebook.com\/najnaj.eu\/\" \/>\n<meta property=\"og:image\" content=\"https:\/\/najnaj.eu\/wp-content\/uploads\/2025\/09\/Z1089-Ballerina-and-Vehicles-Extra-1.jpg\" \/>\n\t<meta property=\"og:image:width\" content=\"2000\" \/>\n\t<meta property=\"og:image:height\" content=\"2000\" \/>\n\t<meta property=\"og:image:type\" content=\"image\/jpeg\" \/>\n<meta name=\"twitter:card\" content=\"summary_large_image\" \/>\n<meta name=\"twitter:label1\" content=\"Price\" \/>\n\t<meta name=\"twitter:data1\" content=\"14,99&nbsp;&euro;\" \/>\n\t<meta name=\"twitter:label2\" content=\"Availability\" \/>\n\t<meta name=\"twitter:data2\" content=\"In stock\" \/>\n<script type=\"application\/ld+json\" class=\"yoast-schema-graph\">{\"@context\":\"https:\\\/\\\/schema.org\",\"@graph\":[{\"@type\":\"WebPage\",\"@id\":\"https:\\\/\\\/najnaj.eu\\\/sl\\\/izdelek\\\/silikonske-zlicke-citron-majhne-za-otroke-bez-in-modre\\\/\",\"url\":\"https:\\\/\\\/najnaj.eu\\\/sl\\\/izdelek\\\/silikonske-zlicke-citron-majhne-za-otroke-bez-in-modre\\\/\",\"name\":\"Silikonske \u017eli\u010dke Citron Majhne za otroke, be\u017e in modre - NajNaj.eu\",\"isPartOf\":{\"@id\":\"https:\\\/\\\/najnaj.eu\\\/sl\\\/#website\"},\"primaryImageOfPage\":{\"@id\":\"https:\\\/\\\/najnaj.eu\\\/sl\\\/izdelek\\\/silikonske-zlicke-citron-majhne-za-otroke-bez-in-modre\\\/#primaryimage\"},\"image\":{\"@id\":\"https:\\\/\\\/najnaj.eu\\\/sl\\\/izdelek\\\/silikonske-zlicke-citron-majhne-za-otroke-bez-in-modre\\\/#primaryimage\"},\"thumbnailUrl\":\"https:\\\/\\\/najnaj.eu\\\/wp-content\\\/uploads\\\/2025\\\/09\\\/Z1089-Ballerina-and-Vehicles-Extra-1.jpg\",\"datePublished\":\"2025-09-24T12:10:03+00:00\",\"breadcrumb\":{\"@id\":\"https:\\\/\\\/najnaj.eu\\\/sl\\\/izdelek\\\/silikonske-zlicke-citron-majhne-za-otroke-bez-in-modre\\\/#breadcrumb\"},\"inLanguage\":\"sl-SI\",\"potentialAction\":[{\"@type\":\"ReadAction\",\"target\":[\"https:\\\/\\\/najnaj.eu\\\/sl\\\/izdelek\\\/silikonske-zlicke-citron-majhne-za-otroke-bez-in-modre\\\/\"]}]},{\"@type\":\"ImageObject\",\"inLanguage\":\"sl-SI\",\"@id\":\"https:\\\/\\\/najnaj.eu\\\/sl\\\/izdelek\\\/silikonske-zlicke-citron-majhne-za-otroke-bez-in-modre\\\/#primaryimage\",\"url\":\"https:\\\/\\\/najnaj.eu\\\/wp-content\\\/uploads\\\/2025\\\/09\\\/Z1089-Ballerina-and-Vehicles-Extra-1.jpg\",\"contentUrl\":\"https:\\\/\\\/najnaj.eu\\\/wp-content\\\/uploads\\\/2025\\\/09\\\/Z1089-Ballerina-and-Vehicles-Extra-1.jpg\",\"width\":2000,\"height\":2000},{\"@type\":\"BreadcrumbList\",\"@id\":\"https:\\\/\\\/najnaj.eu\\\/sl\\\/izdelek\\\/silikonske-zlicke-citron-majhne-za-otroke-bez-in-modre\\\/#breadcrumb\",\"itemListElement\":[{\"@type\":\"ListItem\",\"position\":1,\"name\":\"Po\u010detna stranica\",\"item\":\"https:\\\/\\\/najnaj.eu\\\/sl\\\/prednja-stran\\\/\"},{\"@type\":\"ListItem\",\"position\":2,\"name\":\"Shop\",\"item\":\"https:\\\/\\\/najnaj.eu\\\/sl\\\/shop\\\/\"},{\"@type\":\"ListItem\",\"position\":3,\"name\":\"Privatno: Silikonske \u017eli\u010dke Citron Majhne za otroke, be\u017e in modre\"}]},{\"@type\":\"WebSite\",\"@id\":\"https:\\\/\\\/najnaj.eu\\\/sl\\\/#website\",\"url\":\"https:\\\/\\\/najnaj.eu\\\/sl\\\/\",\"name\":\"NajNaj.eu\",\"description\":\"Za najva\u017enije!\",\"publisher\":{\"@id\":\"https:\\\/\\\/najnaj.eu\\\/sl\\\/#organization\"},\"potentialAction\":[{\"@type\":\"SearchAction\",\"target\":{\"@type\":\"EntryPoint\",\"urlTemplate\":\"https:\\\/\\\/najnaj.eu\\\/sl\\\/?s={search_term_string}\"},\"query-input\":{\"@type\":\"PropertyValueSpecification\",\"valueRequired\":true,\"valueName\":\"search_term_string\"}}],\"inLanguage\":\"sl-SI\"},{\"@type\":\"Organization\",\"@id\":\"https:\\\/\\\/najnaj.eu\\\/sl\\\/#organization\",\"name\":\"NajNaj.eu\",\"url\":\"https:\\\/\\\/najnaj.eu\\\/sl\\\/\",\"logo\":{\"@type\":\"ImageObject\",\"inLanguage\":\"sl-SI\",\"@id\":\"https:\\\/\\\/najnaj.eu\\\/sl\\\/#\\\/schema\\\/logo\\\/image\\\/\",\"url\":\"https:\\\/\\\/najnaj.eu\\\/wp-content\\\/uploads\\\/2023\\\/09\\\/logo_Najnaj_2023.svg\",\"contentUrl\":\"https:\\\/\\\/najnaj.eu\\\/wp-content\\\/uploads\\\/2023\\\/09\\\/logo_Najnaj_2023.svg\",\"width\":501,\"height\":278,\"caption\":\"NajNaj.eu\"},\"image\":{\"@id\":\"https:\\\/\\\/najnaj.eu\\\/sl\\\/#\\\/schema\\\/logo\\\/image\\\/\"},\"sameAs\":[\"https:\\\/\\\/web.facebook.com\\\/najnaj.eu\\\/\",\"https:\\\/\\\/www.instagram.com\\\/najnaj.eu\\\/\",\"https:\\\/\\\/www.tiktok.com\\\/@najnaj.eu\"]}]}<\/script>\n<meta property=\"product:brand\" content=\"Citron\" \/>\n<meta property=\"product:price:amount\" content=\"14.99\" \/>\n<meta property=\"product:price:currency\" content=\"EUR\" \/>\n<meta property=\"og:availability\" content=\"instock\" \/>\n<meta property=\"product:availability\" content=\"instock\" \/>\n<meta property=\"product:retailer_item_id\" content=\"Silicone_Feeding_Spoon_Short_Set2\" \/>\n<meta property=\"product:condition\" content=\"new\" \/>\n<!-- \/ Yoast SEO Premium plugin. -->","yoast_head_json":{"title":"Silikonske \u017eli\u010dke Citron Majhne za otroke, be\u017e in modre - NajNaj.eu","robots":{"index":"index","follow":"follow","max-snippet":"max-snippet:-1","max-image-preview":"max-image-preview:large","max-video-preview":"max-video-preview:-1"},"canonical":"https:\/\/najnaj.eu\/sl\/izdelek\/silikonske-zlicke-citron-majhne-za-otroke-bez-in-modre\/","og_locale":"sl_SI","og_type":"article","og_title":"Silikonske \u017eli\u010dke Citron Majhne za otroke, be\u017e in modre","og_description":"Na\u0161e mehke silikonske \u017eli\u010dke za hranjenje so popolnoma ne\u017ene do ob\u010dutljivih dlesni in zob dojen\u010dka. Zahvaljujo\u010d zaobljeni obliki olaj\u0161ajo zapiranje ustnic in hranjenje naredijo prijetnej\u0161o izku\u0161njo. Ergonomsko oblikovan, debelej\u0161i ro\u010daj omogo\u010da varen in enostaven oprijem ter spodbuja razvoj fine motorike in samostojnega hranjenja.","og_url":"https:\/\/najnaj.eu\/sl\/izdelek\/silikonske-zlicke-citron-majhne-za-otroke-bez-in-modre\/","og_site_name":"NajNaj.eu","article_publisher":"https:\/\/web.facebook.com\/najnaj.eu\/","og_image":[{"width":2000,"height":2000,"url":"https:\/\/najnaj.eu\/wp-content\/uploads\/2025\/09\/Z1089-Ballerina-and-Vehicles-Extra-1.jpg","type":"image\/jpeg"}],"twitter_card":"summary_large_image","twitter_misc":{"Price":"14,99&nbsp;&euro;","Availability":"In stock"},"schema":{"@context":"https:\/\/schema.org","@graph":[{"@type":"WebPage","@id":"https:\/\/najnaj.eu\/sl\/izdelek\/silikonske-zlicke-citron-majhne-za-otroke-bez-in-modre\/","url":"https:\/\/najnaj.eu\/sl\/izdelek\/silikonske-zlicke-citron-majhne-za-otroke-bez-in-modre\/","name":"Silikonske \u017eli\u010dke Citron Majhne za otroke, be\u017e in modre - NajNaj.eu","isPartOf":{"@id":"https:\/\/najnaj.eu\/sl\/#website"},"primaryImageOfPage":{"@id":"https:\/\/najnaj.eu\/sl\/izdelek\/silikonske-zlicke-citron-majhne-za-otroke-bez-in-modre\/#primaryimage"},"image":{"@id":"https:\/\/najnaj.eu\/sl\/izdelek\/silikonske-zlicke-citron-majhne-za-otroke-bez-in-modre\/#primaryimage"},"thumbnailUrl":"https:\/\/najnaj.eu\/wp-content\/uploads\/2025\/09\/Z1089-Ballerina-and-Vehicles-Extra-1.jpg","datePublished":"2025-09-24T12:10:03+00:00","breadcrumb":{"@id":"https:\/\/najnaj.eu\/sl\/izdelek\/silikonske-zlicke-citron-majhne-za-otroke-bez-in-modre\/#breadcrumb"},"inLanguage":"sl-SI","potentialAction":[{"@type":"ReadAction","target":["https:\/\/najnaj.eu\/sl\/izdelek\/silikonske-zlicke-citron-majhne-za-otroke-bez-in-modre\/"]}]},{"@type":"ImageObject","inLanguage":"sl-SI","@id":"https:\/\/najnaj.eu\/sl\/izdelek\/silikonske-zlicke-citron-majhne-za-otroke-bez-in-modre\/#primaryimage","url":"https:\/\/najnaj.eu\/wp-content\/uploads\/2025\/09\/Z1089-Ballerina-and-Vehicles-Extra-1.jpg","contentUrl":"https:\/\/najnaj.eu\/wp-content\/uploads\/2025\/09\/Z1089-Ballerina-and-Vehicles-Extra-1.jpg","width":2000,"height":2000},{"@type":"BreadcrumbList","@id":"https:\/\/najnaj.eu\/sl\/izdelek\/silikonske-zlicke-citron-majhne-za-otroke-bez-in-modre\/#breadcrumb","itemListElement":[{"@type":"ListItem","position":1,"name":"Po\u010detna stranica","item":"https:\/\/najnaj.eu\/sl\/prednja-stran\/"},{"@type":"ListItem","position":2,"name":"Shop","item":"https:\/\/najnaj.eu\/sl\/shop\/"},{"@type":"ListItem","position":3,"name":"Privatno: Silikonske \u017eli\u010dke Citron Majhne za otroke, be\u017e in modre"}]},{"@type":"WebSite","@id":"https:\/\/najnaj.eu\/sl\/#website","url":"https:\/\/najnaj.eu\/sl\/","name":"NajNaj.eu","description":"Za najva\u017enije!","publisher":{"@id":"https:\/\/najnaj.eu\/sl\/#organization"},"potentialAction":[{"@type":"SearchAction","target":{"@type":"EntryPoint","urlTemplate":"https:\/\/najnaj.eu\/sl\/?s={search_term_string}"},"query-input":{"@type":"PropertyValueSpecification","valueRequired":true,"valueName":"search_term_string"}}],"inLanguage":"sl-SI"},{"@type":"Organization","@id":"https:\/\/najnaj.eu\/sl\/#organization","name":"NajNaj.eu","url":"https:\/\/najnaj.eu\/sl\/","logo":{"@type":"ImageObject","inLanguage":"sl-SI","@id":"https:\/\/najnaj.eu\/sl\/#\/schema\/logo\/image\/","url":"https:\/\/najnaj.eu\/wp-content\/uploads\/2023\/09\/logo_Najnaj_2023.svg","contentUrl":"https:\/\/najnaj.eu\/wp-content\/uploads\/2023\/09\/logo_Najnaj_2023.svg","width":501,"height":278,"caption":"NajNaj.eu"},"image":{"@id":"https:\/\/najnaj.eu\/sl\/#\/schema\/logo\/image\/"},"sameAs":["https:\/\/web.facebook.com\/najnaj.eu\/","https:\/\/www.instagram.com\/najnaj.eu\/","https:\/\/www.tiktok.com\/@najnaj.eu"]}]},"product_brand":"Citron","product_price_amount":"14.99","product_price_currency":"EUR","og_availability":"instock","product_availability":"instock","product_retailer_item_id":"Silicone_Feeding_Spoon_Short_Set2","product_condition":"new"},"_links":{"self":[{"href":"https:\/\/najnaj.eu\/sl\/wp-json\/wp\/v2\/product\/271623","targetHints":{"allow":["GET"]}}],"collection":[{"href":"https:\/\/najnaj.eu\/sl\/wp-json\/wp\/v2\/product"}],"about":[{"href":"https:\/\/najnaj.eu\/sl\/wp-json\/wp\/v2\/types\/product"}],"replies":[{"embeddable":true,"href":"https:\/\/najnaj.eu\/sl\/wp-json\/wp\/v2\/comments?post=271623"}],"version-history":[{"count":0,"href":"https:\/\/najnaj.eu\/sl\/wp-json\/wp\/v2\/product\/271623\/revisions"}],"wp:featuredmedia":[{"embeddable":true,"href":"https:\/\/najnaj.eu\/sl\/wp-json\/wp\/v2\/media\/271367"}],"wp:attachment":[{"href":"https:\/\/najnaj.eu\/sl\/wp-json\/wp\/v2\/media?parent=271623"}],"wp:term":[{"taxonomy":"product_brand","embeddable":true,"href":"https:\/\/najnaj.eu\/sl\/wp-json\/wp\/v2\/product_brand?post=271623"},{"taxonomy":"product_cat","embeddable":true,"href":"https:\/\/najnaj.eu\/sl\/wp-json\/wp\/v2\/product_cat?post=271623"},{"taxonomy":"product_tag","embeddable":true,"href":"https:\/\/najnaj.eu\/sl\/wp-json\/wp\/v2\/product_tag?post=271623"}],"curies":[{"name":"wp","href":"https:\/\/api.w.org\/{rel}","templated":true}]}}