{"id":271613,"date":"2025-09-24T15:45:37","date_gmt":"2025-09-24T13:45:37","guid":{"rendered":"https:\/\/najnaj.eu\/?post_type=product&p=271613"},"modified":"2025-09-24T15:45:37","modified_gmt":"2025-09-24T13:45:37","slug":"otroski-nahrbtnik-citron-srednje-velikosti-cool-kid","status":"publish","type":"product","link":"https:\/\/najnaj.eu\/sl\/izdelek\/otroski-nahrbtnik-citron-srednje-velikosti-cool-kid\/","title":{"rendered":"Otro\u0161ki nahrbtnik Citron srednje velikosti Cool Kid"},"content":{"rendered":"<ul>\n<li>Srednje velik nahrbtnik<\/li>\n<li>Izdelano iz RPET-a<\/li>\n<li>Idealno za potovanja, izlete in \u0161olo<\/li>\n<li>1 zunanji \u017eep, 2 dr\u017eala za steklenice, 2 prostorna predala z ro\u010dico za tablico in 2 \u017eepa<\/li>\n<li>Oblazinjeni trakovi za enostavno no\u0161enje<\/li>\n<li>Primerno za otroke, starej\u0161e od 18 mesecev<\/li>\n<li>Dimenzije: 24 x 33 x 12,5 cm<\/li>\n<\/ul>\n","protected":false},"excerpt":{"rendered":"<p>Ta prostoren in lahek srednje velik nahrbtnik ima glavni predal z dvojno zadrgo in sprednji \u017eep z zadrgo, zaradi \u010desar je idealen za enodnevne izlete in poletne izlete za odra\u0161\u010dajo\u010de otroke. Vanj lahko spravite dve plastenki za vodo do 500 ml, eno \u0161katlo za prigrizke, vla\u017ene rob\u010dke, eno majhno in eno srednje veliko igra\u010do, otro\u0161ka son\u010dna o\u010dala, torbico za toaletne potreb\u0161\u010dine polne velikosti, majhno prozorno torbico za dodatke, eno otro\u0161ko torbico za shranjevanje ali iPad ter oblazinjene potreb\u0161\u010dine. <\/p>\n","protected":false},"featured_media":271574,"comment_status":"closed","ping_status":"closed","template":"","meta":{"_acf_changed":false,"footnotes":""},"product_brand":[],"product_cat":[1398,1385],"product_tag":[],"class_list":{"0":"post-271613","1":"product","2":"type-product","3":"status-publish","4":"has-post-thumbnail","6":"product_cat-otroski-nahrbtniki","7":"product_cat-stvari-za-otroke","8":"pa_brand-citron-sl","9":"pa_omiljeno-najljubsa-pri-fantih","11":"first","12":"instock","13":"shipping-taxable","14":"purchasable","15":"product-type-simple"},"bundled_by":[],"bundle_stock_status":"instock","bundle_stock_quantity":11,"bundle_virtual":false,"bundle_layout":"","bundle_add_to_cart_form_location":"","bundle_editable_in_cart":false,"bundle_sold_individually_context":"","bundle_item_grouping":"","bundle_min_size":"","bundle_max_size":"","bundle_price":[],"bundled_items":[],"bundle_sell_ids":[],"acf":[],"yoast_head":"<!-- This site is optimized with the Yoast SEO Premium plugin v21.5 (Yoast SEO v27.3) - https:\/\/yoast.com\/product\/yoast-seo-premium-wordpress\/ -->\n<title>Otro\u0161ki nahrbtnik Citron srednje velikosti Cool Kid - NajNaj.eu<\/title>\n<meta name=\"robots\" content=\"index, follow, max-snippet:-1, max-image-preview:large, max-video-preview:-1\" \/>\n<link rel=\"canonical\" href=\"https:\/\/najnaj.eu\/sl\/izdelek\/otroski-nahrbtnik-citron-srednje-velikosti-cool-kid\/\" \/>\n<meta property=\"og:locale\" content=\"sl_SI\" \/>\n<meta property=\"og:type\" content=\"article\" \/>\n<meta property=\"og:title\" content=\"Otro\u0161ki nahrbtnik Citron srednje velikosti Cool Kid\" \/>\n<meta property=\"og:description\" content=\"Ta prostoren in lahek srednje velik nahrbtnik ima glavni predal z dvojno zadrgo in sprednji \u017eep z zadrgo, zaradi \u010desar je idealen za enodnevne izlete in poletne izlete za odra\u0161\u010dajo\u010de otroke. Vanj lahko spravite dve plastenki za vodo do 500 ml, eno \u0161katlo za prigrizke, vla\u017ene rob\u010dke, eno majhno in eno srednje veliko igra\u010do, otro\u0161ka son\u010dna o\u010dala, torbico za toaletne potreb\u0161\u010dine polne velikosti, majhno prozorno torbico za dodatke, eno otro\u0161ko torbico za shranjevanje ali iPad ter oblazinjene potreb\u0161\u010dine.\" \/>\n<meta property=\"og:url\" content=\"https:\/\/najnaj.eu\/sl\/izdelek\/otroski-nahrbtnik-citron-srednje-velikosti-cool-kid\/\" \/>\n<meta property=\"og:site_name\" content=\"NajNaj.eu\" \/>\n<meta property=\"article:publisher\" content=\"https:\/\/web.facebook.com\/najnaj.eu\/\" \/>\n<meta property=\"og:image\" content=\"https:\/\/najnaj.eu\/wp-content\/uploads\/2025\/09\/Z1079-Cool-Kid-Extra-1.jpg\" \/>\n\t<meta property=\"og:image:width\" content=\"2000\" \/>\n\t<meta property=\"og:image:height\" content=\"2000\" \/>\n\t<meta property=\"og:image:type\" content=\"image\/jpeg\" \/>\n<meta name=\"twitter:card\" content=\"summary_large_image\" \/>\n<meta name=\"twitter:label1\" content=\"Price\" \/>\n\t<meta name=\"twitter:data1\" content=\"48,99&nbsp;&euro;\" \/>\n\t<meta name=\"twitter:label2\" content=\"Availability\" \/>\n\t<meta name=\"twitter:data2\" content=\"In stock\" \/>\n<script type=\"application\/ld+json\" class=\"yoast-schema-graph\">{\"@context\":\"https:\\\/\\\/schema.org\",\"@graph\":[{\"@type\":\"WebPage\",\"@id\":\"https:\\\/\\\/najnaj.eu\\\/sl\\\/izdelek\\\/otroski-nahrbtnik-citron-srednje-velikosti-cool-kid\\\/\",\"url\":\"https:\\\/\\\/najnaj.eu\\\/sl\\\/izdelek\\\/otroski-nahrbtnik-citron-srednje-velikosti-cool-kid\\\/\",\"name\":\"Otro\u0161ki nahrbtnik Citron srednje velikosti Cool Kid - NajNaj.eu\",\"isPartOf\":{\"@id\":\"https:\\\/\\\/najnaj.eu\\\/sl\\\/#website\"},\"primaryImageOfPage\":{\"@id\":\"https:\\\/\\\/najnaj.eu\\\/sl\\\/izdelek\\\/otroski-nahrbtnik-citron-srednje-velikosti-cool-kid\\\/#primaryimage\"},\"image\":{\"@id\":\"https:\\\/\\\/najnaj.eu\\\/sl\\\/izdelek\\\/otroski-nahrbtnik-citron-srednje-velikosti-cool-kid\\\/#primaryimage\"},\"thumbnailUrl\":\"https:\\\/\\\/najnaj.eu\\\/wp-content\\\/uploads\\\/2025\\\/09\\\/Z1079-Cool-Kid-Extra-1.jpg\",\"datePublished\":\"2025-09-24T13:45:37+00:00\",\"breadcrumb\":{\"@id\":\"https:\\\/\\\/najnaj.eu\\\/sl\\\/izdelek\\\/otroski-nahrbtnik-citron-srednje-velikosti-cool-kid\\\/#breadcrumb\"},\"inLanguage\":\"sl-SI\",\"potentialAction\":[{\"@type\":\"ReadAction\",\"target\":[\"https:\\\/\\\/najnaj.eu\\\/sl\\\/izdelek\\\/otroski-nahrbtnik-citron-srednje-velikosti-cool-kid\\\/\"]}]},{\"@type\":\"ImageObject\",\"inLanguage\":\"sl-SI\",\"@id\":\"https:\\\/\\\/najnaj.eu\\\/sl\\\/izdelek\\\/otroski-nahrbtnik-citron-srednje-velikosti-cool-kid\\\/#primaryimage\",\"url\":\"https:\\\/\\\/najnaj.eu\\\/wp-content\\\/uploads\\\/2025\\\/09\\\/Z1079-Cool-Kid-Extra-1.jpg\",\"contentUrl\":\"https:\\\/\\\/najnaj.eu\\\/wp-content\\\/uploads\\\/2025\\\/09\\\/Z1079-Cool-Kid-Extra-1.jpg\",\"width\":2000,\"height\":2000},{\"@type\":\"BreadcrumbList\",\"@id\":\"https:\\\/\\\/najnaj.eu\\\/sl\\\/izdelek\\\/otroski-nahrbtnik-citron-srednje-velikosti-cool-kid\\\/#breadcrumb\",\"itemListElement\":[{\"@type\":\"ListItem\",\"position\":1,\"name\":\"Po\u010detna stranica\",\"item\":\"https:\\\/\\\/najnaj.eu\\\/sl\\\/prednja-stran\\\/\"},{\"@type\":\"ListItem\",\"position\":2,\"name\":\"Shop\",\"item\":\"https:\\\/\\\/najnaj.eu\\\/sl\\\/shop\\\/\"},{\"@type\":\"ListItem\",\"position\":3,\"name\":\"Privatno: Otro\u0161ki nahrbtnik Citron srednje velikosti Cool Kid\"}]},{\"@type\":\"WebSite\",\"@id\":\"https:\\\/\\\/najnaj.eu\\\/sl\\\/#website\",\"url\":\"https:\\\/\\\/najnaj.eu\\\/sl\\\/\",\"name\":\"NajNaj.eu\",\"description\":\"Za najva\u017enije!\",\"publisher\":{\"@id\":\"https:\\\/\\\/najnaj.eu\\\/sl\\\/#organization\"},\"potentialAction\":[{\"@type\":\"SearchAction\",\"target\":{\"@type\":\"EntryPoint\",\"urlTemplate\":\"https:\\\/\\\/najnaj.eu\\\/sl\\\/?s={search_term_string}\"},\"query-input\":{\"@type\":\"PropertyValueSpecification\",\"valueRequired\":true,\"valueName\":\"search_term_string\"}}],\"inLanguage\":\"sl-SI\"},{\"@type\":\"Organization\",\"@id\":\"https:\\\/\\\/najnaj.eu\\\/sl\\\/#organization\",\"name\":\"NajNaj.eu\",\"url\":\"https:\\\/\\\/najnaj.eu\\\/sl\\\/\",\"logo\":{\"@type\":\"ImageObject\",\"inLanguage\":\"sl-SI\",\"@id\":\"https:\\\/\\\/najnaj.eu\\\/sl\\\/#\\\/schema\\\/logo\\\/image\\\/\",\"url\":\"https:\\\/\\\/najnaj.eu\\\/wp-content\\\/uploads\\\/2023\\\/09\\\/logo_Najnaj_2023.svg\",\"contentUrl\":\"https:\\\/\\\/najnaj.eu\\\/wp-content\\\/uploads\\\/2023\\\/09\\\/logo_Najnaj_2023.svg\",\"width\":501,\"height\":278,\"caption\":\"NajNaj.eu\"},\"image\":{\"@id\":\"https:\\\/\\\/najnaj.eu\\\/sl\\\/#\\\/schema\\\/logo\\\/image\\\/\"},\"sameAs\":[\"https:\\\/\\\/web.facebook.com\\\/najnaj.eu\\\/\",\"https:\\\/\\\/www.instagram.com\\\/najnaj.eu\\\/\",\"https:\\\/\\\/www.tiktok.com\\\/@najnaj.eu\"]}]}<\/script>\n<meta property=\"product:brand\" content=\"Citron\" \/>\n<meta property=\"product:price:amount\" content=\"48.99\" \/>\n<meta property=\"product:price:currency\" content=\"EUR\" \/>\n<meta property=\"og:availability\" content=\"instock\" \/>\n<meta property=\"product:availability\" content=\"instock\" \/>\n<meta property=\"product:retailer_item_id\" content=\"2025_Medium_Backpack_Cool_Kid\" \/>\n<meta property=\"product:condition\" content=\"new\" \/>\n<!-- \/ Yoast SEO Premium plugin. -->","yoast_head_json":{"title":"Otro\u0161ki nahrbtnik Citron srednje velikosti Cool Kid - NajNaj.eu","robots":{"index":"index","follow":"follow","max-snippet":"max-snippet:-1","max-image-preview":"max-image-preview:large","max-video-preview":"max-video-preview:-1"},"canonical":"https:\/\/najnaj.eu\/sl\/izdelek\/otroski-nahrbtnik-citron-srednje-velikosti-cool-kid\/","og_locale":"sl_SI","og_type":"article","og_title":"Otro\u0161ki nahrbtnik Citron srednje velikosti Cool Kid","og_description":"Ta prostoren in lahek srednje velik nahrbtnik ima glavni predal z dvojno zadrgo in sprednji \u017eep z zadrgo, zaradi \u010desar je idealen za enodnevne izlete in poletne izlete za odra\u0161\u010dajo\u010de otroke. Vanj lahko spravite dve plastenki za vodo do 500 ml, eno \u0161katlo za prigrizke, vla\u017ene rob\u010dke, eno majhno in eno srednje veliko igra\u010do, otro\u0161ka son\u010dna o\u010dala, torbico za toaletne potreb\u0161\u010dine polne velikosti, majhno prozorno torbico za dodatke, eno otro\u0161ko torbico za shranjevanje ali iPad ter oblazinjene potreb\u0161\u010dine.","og_url":"https:\/\/najnaj.eu\/sl\/izdelek\/otroski-nahrbtnik-citron-srednje-velikosti-cool-kid\/","og_site_name":"NajNaj.eu","article_publisher":"https:\/\/web.facebook.com\/najnaj.eu\/","og_image":[{"width":2000,"height":2000,"url":"https:\/\/najnaj.eu\/wp-content\/uploads\/2025\/09\/Z1079-Cool-Kid-Extra-1.jpg","type":"image\/jpeg"}],"twitter_card":"summary_large_image","twitter_misc":{"Price":"48,99&nbsp;&euro;","Availability":"In stock"},"schema":{"@context":"https:\/\/schema.org","@graph":[{"@type":"WebPage","@id":"https:\/\/najnaj.eu\/sl\/izdelek\/otroski-nahrbtnik-citron-srednje-velikosti-cool-kid\/","url":"https:\/\/najnaj.eu\/sl\/izdelek\/otroski-nahrbtnik-citron-srednje-velikosti-cool-kid\/","name":"Otro\u0161ki nahrbtnik Citron srednje velikosti Cool Kid - NajNaj.eu","isPartOf":{"@id":"https:\/\/najnaj.eu\/sl\/#website"},"primaryImageOfPage":{"@id":"https:\/\/najnaj.eu\/sl\/izdelek\/otroski-nahrbtnik-citron-srednje-velikosti-cool-kid\/#primaryimage"},"image":{"@id":"https:\/\/najnaj.eu\/sl\/izdelek\/otroski-nahrbtnik-citron-srednje-velikosti-cool-kid\/#primaryimage"},"thumbnailUrl":"https:\/\/najnaj.eu\/wp-content\/uploads\/2025\/09\/Z1079-Cool-Kid-Extra-1.jpg","datePublished":"2025-09-24T13:45:37+00:00","breadcrumb":{"@id":"https:\/\/najnaj.eu\/sl\/izdelek\/otroski-nahrbtnik-citron-srednje-velikosti-cool-kid\/#breadcrumb"},"inLanguage":"sl-SI","potentialAction":[{"@type":"ReadAction","target":["https:\/\/najnaj.eu\/sl\/izdelek\/otroski-nahrbtnik-citron-srednje-velikosti-cool-kid\/"]}]},{"@type":"ImageObject","inLanguage":"sl-SI","@id":"https:\/\/najnaj.eu\/sl\/izdelek\/otroski-nahrbtnik-citron-srednje-velikosti-cool-kid\/#primaryimage","url":"https:\/\/najnaj.eu\/wp-content\/uploads\/2025\/09\/Z1079-Cool-Kid-Extra-1.jpg","contentUrl":"https:\/\/najnaj.eu\/wp-content\/uploads\/2025\/09\/Z1079-Cool-Kid-Extra-1.jpg","width":2000,"height":2000},{"@type":"BreadcrumbList","@id":"https:\/\/najnaj.eu\/sl\/izdelek\/otroski-nahrbtnik-citron-srednje-velikosti-cool-kid\/#breadcrumb","itemListElement":[{"@type":"ListItem","position":1,"name":"Po\u010detna stranica","item":"https:\/\/najnaj.eu\/sl\/prednja-stran\/"},{"@type":"ListItem","position":2,"name":"Shop","item":"https:\/\/najnaj.eu\/sl\/shop\/"},{"@type":"ListItem","position":3,"name":"Privatno: Otro\u0161ki nahrbtnik Citron srednje velikosti Cool Kid"}]},{"@type":"WebSite","@id":"https:\/\/najnaj.eu\/sl\/#website","url":"https:\/\/najnaj.eu\/sl\/","name":"NajNaj.eu","description":"Za najva\u017enije!","publisher":{"@id":"https:\/\/najnaj.eu\/sl\/#organization"},"potentialAction":[{"@type":"SearchAction","target":{"@type":"EntryPoint","urlTemplate":"https:\/\/najnaj.eu\/sl\/?s={search_term_string}"},"query-input":{"@type":"PropertyValueSpecification","valueRequired":true,"valueName":"search_term_string"}}],"inLanguage":"sl-SI"},{"@type":"Organization","@id":"https:\/\/najnaj.eu\/sl\/#organization","name":"NajNaj.eu","url":"https:\/\/najnaj.eu\/sl\/","logo":{"@type":"ImageObject","inLanguage":"sl-SI","@id":"https:\/\/najnaj.eu\/sl\/#\/schema\/logo\/image\/","url":"https:\/\/najnaj.eu\/wp-content\/uploads\/2023\/09\/logo_Najnaj_2023.svg","contentUrl":"https:\/\/najnaj.eu\/wp-content\/uploads\/2023\/09\/logo_Najnaj_2023.svg","width":501,"height":278,"caption":"NajNaj.eu"},"image":{"@id":"https:\/\/najnaj.eu\/sl\/#\/schema\/logo\/image\/"},"sameAs":["https:\/\/web.facebook.com\/najnaj.eu\/","https:\/\/www.instagram.com\/najnaj.eu\/","https:\/\/www.tiktok.com\/@najnaj.eu"]}]},"product_brand":"Citron","product_price_amount":"48.99","product_price_currency":"EUR","og_availability":"instock","product_availability":"instock","product_retailer_item_id":"2025_Medium_Backpack_Cool_Kid","product_condition":"new"},"_links":{"self":[{"href":"https:\/\/najnaj.eu\/sl\/wp-json\/wp\/v2\/product\/271613","targetHints":{"allow":["GET"]}}],"collection":[{"href":"https:\/\/najnaj.eu\/sl\/wp-json\/wp\/v2\/product"}],"about":[{"href":"https:\/\/najnaj.eu\/sl\/wp-json\/wp\/v2\/types\/product"}],"replies":[{"embeddable":true,"href":"https:\/\/najnaj.eu\/sl\/wp-json\/wp\/v2\/comments?post=271613"}],"version-history":[{"count":0,"href":"https:\/\/najnaj.eu\/sl\/wp-json\/wp\/v2\/product\/271613\/revisions"}],"wp:featuredmedia":[{"embeddable":true,"href":"https:\/\/najnaj.eu\/sl\/wp-json\/wp\/v2\/media\/271574"}],"wp:attachment":[{"href":"https:\/\/najnaj.eu\/sl\/wp-json\/wp\/v2\/media?parent=271613"}],"wp:term":[{"taxonomy":"product_brand","embeddable":true,"href":"https:\/\/najnaj.eu\/sl\/wp-json\/wp\/v2\/product_brand?post=271613"},{"taxonomy":"product_cat","embeddable":true,"href":"https:\/\/najnaj.eu\/sl\/wp-json\/wp\/v2\/product_cat?post=271613"},{"taxonomy":"product_tag","embeddable":true,"href":"https:\/\/najnaj.eu\/sl\/wp-json\/wp\/v2\/product_tag?post=271613"}],"curies":[{"name":"wp","href":"https:\/\/api.w.org\/{rel}","templated":true}]}}