{"id":271257,"date":"2025-11-11T23:07:56","date_gmt":"2025-11-11T22:07:56","guid":{"rendered":"https:\/\/najnaj.eu\/proizvod\/mehki-otroski-cevlji-baobaby-mokasini-minti\/"},"modified":"2026-03-23T09:51:09","modified_gmt":"2026-03-23T08:51:09","slug":"mehki-otroski-cevlji-baobaby-mokasini-minti","status":"publish","type":"product","link":"https:\/\/najnaj.eu\/sl\/izdelek\/mehki-otroski-cevlji-baobaby-mokasini-minti\/","title":{"rendered":"Mehki otro\u0161ki \u010devlji Baobaby, mokasini Minti"},"content":{"rendered":"<p>Izjemno mehki in pro\u017eni \u010devlji Baobaby podpirajo naravni razvoj stopala. Omogo\u010dajo svobodo gibanja, spodbujajo u\u010denje plazenja, stanja in prvih korakov. Z no\u0161enjem \u010devljev Baobaby va\u0161 otrok razvija bolj\u0161i ob\u010dutek za ravnote\u017eje in krepi mi\u0161ice stopala. Ortopedi priporo\u010dajo hojo bosih nog za otroke.   <\/p>\n<p>Za notranjo uporabo ali zunanjo uporabo v suhih pogojih.<\/p>\n<p>Zasnovano in izdelano na Hrva\u0161kem, EU.<\/p>\n<p>Barva in tekstura rastlinsko strojenega usnja se lahko razlikujeta od slike.<\/p>\n","protected":false},"excerpt":{"rendered":"<p>Mokasini z retro dizajnom in modernim pridihom so na\u0161a brez\u010dasna klasika! Super udobni otro\u0161ki \u010devlji, idealni za plazenje, prve korake in otroke do 3. leta starosti. Mehki podplati podpirajo naravni razvoj stopal in hojo bosih nog. Izdelani iz vrhunskega rastlinsko strojenega pravega usnja, varni za otro\u0161ke bose noge. Idealna izbira za krst ali kot darilo ob rojstvu otroka.    <\/p>\n<p>\u00a9 protizdrsni podplat<br \/>\n \u00a9 enostavno obuvanje in ostajanje na nogah<br \/>\n \u00a9 mehko in pro\u017eno<br \/>\n \u00a9 zra\u010dno in primerno za ljudi, nagnjene k alergijam<br \/>\n \u00a9 brez kroma<br \/>\n \u00a9 izjemna vzdr\u017eljivost<br \/>\n \u00a9 ro\u010dno izdelano v EU<\/p>\n","protected":false},"featured_media":276610,"comment_status":"closed","ping_status":"closed","template":"","meta":{"_acf_changed":false,"footnotes":""},"product_brand":[],"product_cat":[2195,1386,2228,1388,2227,1389],"product_tag":[],"class_list":{"0":"post-271257","1":"product","2":"type-product","3":"status-publish","4":"has-post-thumbnail","6":"product_cat-baobab","7":"product_cat-cevlji","8":"product_cat-darila","9":"product_cat-model","10":"product_cat-mokasini","11":"product_cat-mokasine-sl","12":"pa_boja-plava-sl","13":"pa_boja-zelena-sl","14":"pa_brand-baobaby-sl","15":"pa_omiljeno-najljubsa-pri-fantih","17":"first","18":"instock","19":"shipping-taxable","20":"purchasable","21":"product-type-variable"},"bundled_by":[],"bundle_stock_status":"instock","bundle_stock_quantity":null,"bundle_virtual":false,"bundle_layout":"","bundle_add_to_cart_form_location":"","bundle_editable_in_cart":false,"bundle_sold_individually_context":"","bundle_item_grouping":"","bundle_min_size":"","bundle_max_size":"","bundle_price":[],"bundled_items":[],"bundle_sell_ids":[],"acf":[],"yoast_head":"<!-- This site is optimized with the Yoast SEO Premium plugin v21.5 (Yoast SEO v27.3) - https:\/\/yoast.com\/product\/yoast-seo-premium-wordpress\/ -->\n<title>Mehki otro\u0161ki \u010devlji Baobaby, mokasini Minti - NajNaj.eu<\/title>\n<meta name=\"robots\" content=\"index, follow, max-snippet:-1, max-image-preview:large, max-video-preview:-1\" \/>\n<link rel=\"canonical\" href=\"https:\/\/najnaj.eu\/sl\/izdelek\/mehki-otroski-cevlji-baobaby-mokasini-minti\/\" \/>\n<meta property=\"og:locale\" content=\"sl_SI\" \/>\n<meta property=\"og:type\" content=\"article\" \/>\n<meta property=\"og:title\" content=\"Mehki otro\u0161ki \u010devlji Baobaby, mokasini Minti\" \/>\n<meta property=\"og:description\" content=\"Mokasini z retro dizajnom in modernim pridihom so na\u0161a brez\u010dasna klasika! Super udobni otro\u0161ki \u010devlji, idealni za plazenje, prve korake in otroke do 3. leta starosti. Mehki podplati podpirajo naravni razvoj stopal in hojo bosih nog. Izdelani iz vrhunskega rastlinsko strojenega pravega usnja, varni za otro\u0161ke bose noge. Idealna izbira za krst ali kot darilo ob rojstvu otroka.   \u00a9 protizdrsni podplat \u00a9 enostavno obuvanje in ostajanje na nogah \u00a9 mehko in pro\u017eno \u00a9 zra\u010dno in primerno za ljudi, nagnjene k alergijam \u00a9 brez kroma \u00a9 izjemna vzdr\u017eljivost \u00a9 ro\u010dno izdelano v EU\" \/>\n<meta property=\"og:url\" content=\"https:\/\/najnaj.eu\/sl\/izdelek\/mehki-otroski-cevlji-baobaby-mokasini-minti\/\" \/>\n<meta property=\"og:site_name\" content=\"NajNaj.eu\" \/>\n<meta property=\"article:publisher\" content=\"https:\/\/web.facebook.com\/najnaj.eu\/\" \/>\n<meta property=\"article:modified_time\" content=\"2026-03-23T08:51:09+00:00\" \/>\n<meta property=\"og:image\" content=\"https:\/\/najnaj.eu\/wp-content\/uploads\/2025\/09\/Baobaby-pelice-soft-sole-shoes-Moccasines-Minti-4-.jpg\" \/>\n\t<meta property=\"og:image:width\" content=\"1080\" \/>\n\t<meta property=\"og:image:height\" content=\"1080\" \/>\n\t<meta property=\"og:image:type\" content=\"image\/jpeg\" \/>\n<meta name=\"twitter:card\" content=\"summary_large_image\" \/>\n<meta name=\"twitter:label1\" content=\"Availability\" \/>\n\t<meta name=\"twitter:data1\" content=\"In stock\" \/>\n<script type=\"application\/ld+json\" class=\"yoast-schema-graph\">{\"@context\":\"https:\\\/\\\/schema.org\",\"@graph\":[{\"@type\":\"WebPage\",\"@id\":\"https:\\\/\\\/najnaj.eu\\\/sl\\\/izdelek\\\/mehki-otroski-cevlji-baobaby-mokasini-minti\\\/\",\"url\":\"https:\\\/\\\/najnaj.eu\\\/sl\\\/izdelek\\\/mehki-otroski-cevlji-baobaby-mokasini-minti\\\/\",\"name\":\"Mehki otro\u0161ki \u010devlji Baobaby, mokasini Minti - NajNaj.eu\",\"isPartOf\":{\"@id\":\"https:\\\/\\\/najnaj.eu\\\/sl\\\/#website\"},\"primaryImageOfPage\":{\"@id\":\"https:\\\/\\\/najnaj.eu\\\/sl\\\/izdelek\\\/mehki-otroski-cevlji-baobaby-mokasini-minti\\\/#primaryimage\"},\"image\":{\"@id\":\"https:\\\/\\\/najnaj.eu\\\/sl\\\/izdelek\\\/mehki-otroski-cevlji-baobaby-mokasini-minti\\\/#primaryimage\"},\"thumbnailUrl\":\"https:\\\/\\\/najnaj.eu\\\/wp-content\\\/uploads\\\/2025\\\/09\\\/Baobaby-pelice-soft-sole-shoes-Moccasines-Minti-4-.jpg\",\"datePublished\":\"2025-11-11T22:07:56+00:00\",\"dateModified\":\"2026-03-23T08:51:09+00:00\",\"breadcrumb\":{\"@id\":\"https:\\\/\\\/najnaj.eu\\\/sl\\\/izdelek\\\/mehki-otroski-cevlji-baobaby-mokasini-minti\\\/#breadcrumb\"},\"inLanguage\":\"sl-SI\",\"potentialAction\":[{\"@type\":\"ReadAction\",\"target\":[\"https:\\\/\\\/najnaj.eu\\\/sl\\\/izdelek\\\/mehki-otroski-cevlji-baobaby-mokasini-minti\\\/\"]}]},{\"@type\":\"ImageObject\",\"inLanguage\":\"sl-SI\",\"@id\":\"https:\\\/\\\/najnaj.eu\\\/sl\\\/izdelek\\\/mehki-otroski-cevlji-baobaby-mokasini-minti\\\/#primaryimage\",\"url\":\"https:\\\/\\\/najnaj.eu\\\/wp-content\\\/uploads\\\/2025\\\/09\\\/Baobaby-pelice-soft-sole-shoes-Moccasines-Minti-4-.jpg\",\"contentUrl\":\"https:\\\/\\\/najnaj.eu\\\/wp-content\\\/uploads\\\/2025\\\/09\\\/Baobaby-pelice-soft-sole-shoes-Moccasines-Minti-4-.jpg\",\"width\":1080,\"height\":1080},{\"@type\":\"BreadcrumbList\",\"@id\":\"https:\\\/\\\/najnaj.eu\\\/sl\\\/izdelek\\\/mehki-otroski-cevlji-baobaby-mokasini-minti\\\/#breadcrumb\",\"itemListElement\":[{\"@type\":\"ListItem\",\"position\":1,\"name\":\"Po\u010detna stranica\",\"item\":\"https:\\\/\\\/najnaj.eu\\\/sl\\\/prednja-stran\\\/\"},{\"@type\":\"ListItem\",\"position\":2,\"name\":\"Shop\",\"item\":\"https:\\\/\\\/najnaj.eu\\\/sl\\\/shop\\\/\"},{\"@type\":\"ListItem\",\"position\":3,\"name\":\"Mehki otro\u0161ki \u010devlji Baobaby, mokasini Minti\"}]},{\"@type\":\"WebSite\",\"@id\":\"https:\\\/\\\/najnaj.eu\\\/sl\\\/#website\",\"url\":\"https:\\\/\\\/najnaj.eu\\\/sl\\\/\",\"name\":\"NajNaj.eu\",\"description\":\"Za najva\u017enije!\",\"publisher\":{\"@id\":\"https:\\\/\\\/najnaj.eu\\\/sl\\\/#organization\"},\"potentialAction\":[{\"@type\":\"SearchAction\",\"target\":{\"@type\":\"EntryPoint\",\"urlTemplate\":\"https:\\\/\\\/najnaj.eu\\\/sl\\\/?s={search_term_string}\"},\"query-input\":{\"@type\":\"PropertyValueSpecification\",\"valueRequired\":true,\"valueName\":\"search_term_string\"}}],\"inLanguage\":\"sl-SI\"},{\"@type\":\"Organization\",\"@id\":\"https:\\\/\\\/najnaj.eu\\\/sl\\\/#organization\",\"name\":\"NajNaj.eu\",\"url\":\"https:\\\/\\\/najnaj.eu\\\/sl\\\/\",\"logo\":{\"@type\":\"ImageObject\",\"inLanguage\":\"sl-SI\",\"@id\":\"https:\\\/\\\/najnaj.eu\\\/sl\\\/#\\\/schema\\\/logo\\\/image\\\/\",\"url\":\"https:\\\/\\\/najnaj.eu\\\/wp-content\\\/uploads\\\/2023\\\/09\\\/logo_Najnaj_2023.svg\",\"contentUrl\":\"https:\\\/\\\/najnaj.eu\\\/wp-content\\\/uploads\\\/2023\\\/09\\\/logo_Najnaj_2023.svg\",\"width\":501,\"height\":278,\"caption\":\"NajNaj.eu\"},\"image\":{\"@id\":\"https:\\\/\\\/najnaj.eu\\\/sl\\\/#\\\/schema\\\/logo\\\/image\\\/\"},\"sameAs\":[\"https:\\\/\\\/web.facebook.com\\\/najnaj.eu\\\/\",\"https:\\\/\\\/www.instagram.com\\\/najnaj.eu\\\/\",\"https:\\\/\\\/www.tiktok.com\\\/@najnaj.eu\"]}]}<\/script>\n<meta property=\"product:brand\" content=\"Baobaby\" \/>\n<meta property=\"og:availability\" content=\"instock\" \/>\n<meta property=\"product:availability\" content=\"instock\" \/>\n<meta property=\"product:retailer_item_id\" content=\"BBMC806\" \/>\n<meta property=\"product:condition\" content=\"new\" \/>\n<!-- \/ Yoast SEO Premium plugin. -->","yoast_head_json":{"title":"Mehki otro\u0161ki \u010devlji Baobaby, mokasini Minti - NajNaj.eu","robots":{"index":"index","follow":"follow","max-snippet":"max-snippet:-1","max-image-preview":"max-image-preview:large","max-video-preview":"max-video-preview:-1"},"canonical":"https:\/\/najnaj.eu\/sl\/izdelek\/mehki-otroski-cevlji-baobaby-mokasini-minti\/","og_locale":"sl_SI","og_type":"article","og_title":"Mehki otro\u0161ki \u010devlji Baobaby, mokasini Minti","og_description":"Mokasini z retro dizajnom in modernim pridihom so na\u0161a brez\u010dasna klasika! Super udobni otro\u0161ki \u010devlji, idealni za plazenje, prve korake in otroke do 3. leta starosti. Mehki podplati podpirajo naravni razvoj stopal in hojo bosih nog. Izdelani iz vrhunskega rastlinsko strojenega pravega usnja, varni za otro\u0161ke bose noge. Idealna izbira za krst ali kot darilo ob rojstvu otroka.   \u00a9 protizdrsni podplat \u00a9 enostavno obuvanje in ostajanje na nogah \u00a9 mehko in pro\u017eno \u00a9 zra\u010dno in primerno za ljudi, nagnjene k alergijam \u00a9 brez kroma \u00a9 izjemna vzdr\u017eljivost \u00a9 ro\u010dno izdelano v EU","og_url":"https:\/\/najnaj.eu\/sl\/izdelek\/mehki-otroski-cevlji-baobaby-mokasini-minti\/","og_site_name":"NajNaj.eu","article_publisher":"https:\/\/web.facebook.com\/najnaj.eu\/","article_modified_time":"2026-03-23T08:51:09+00:00","og_image":[{"width":1080,"height":1080,"url":"https:\/\/najnaj.eu\/wp-content\/uploads\/2025\/09\/Baobaby-pelice-soft-sole-shoes-Moccasines-Minti-4-.jpg","type":"image\/jpeg"}],"twitter_card":"summary_large_image","twitter_misc":{"Availability":"In stock"},"schema":{"@context":"https:\/\/schema.org","@graph":[{"@type":"WebPage","@id":"https:\/\/najnaj.eu\/sl\/izdelek\/mehki-otroski-cevlji-baobaby-mokasini-minti\/","url":"https:\/\/najnaj.eu\/sl\/izdelek\/mehki-otroski-cevlji-baobaby-mokasini-minti\/","name":"Mehki otro\u0161ki \u010devlji Baobaby, mokasini Minti - NajNaj.eu","isPartOf":{"@id":"https:\/\/najnaj.eu\/sl\/#website"},"primaryImageOfPage":{"@id":"https:\/\/najnaj.eu\/sl\/izdelek\/mehki-otroski-cevlji-baobaby-mokasini-minti\/#primaryimage"},"image":{"@id":"https:\/\/najnaj.eu\/sl\/izdelek\/mehki-otroski-cevlji-baobaby-mokasini-minti\/#primaryimage"},"thumbnailUrl":"https:\/\/najnaj.eu\/wp-content\/uploads\/2025\/09\/Baobaby-pelice-soft-sole-shoes-Moccasines-Minti-4-.jpg","datePublished":"2025-11-11T22:07:56+00:00","dateModified":"2026-03-23T08:51:09+00:00","breadcrumb":{"@id":"https:\/\/najnaj.eu\/sl\/izdelek\/mehki-otroski-cevlji-baobaby-mokasini-minti\/#breadcrumb"},"inLanguage":"sl-SI","potentialAction":[{"@type":"ReadAction","target":["https:\/\/najnaj.eu\/sl\/izdelek\/mehki-otroski-cevlji-baobaby-mokasini-minti\/"]}]},{"@type":"ImageObject","inLanguage":"sl-SI","@id":"https:\/\/najnaj.eu\/sl\/izdelek\/mehki-otroski-cevlji-baobaby-mokasini-minti\/#primaryimage","url":"https:\/\/najnaj.eu\/wp-content\/uploads\/2025\/09\/Baobaby-pelice-soft-sole-shoes-Moccasines-Minti-4-.jpg","contentUrl":"https:\/\/najnaj.eu\/wp-content\/uploads\/2025\/09\/Baobaby-pelice-soft-sole-shoes-Moccasines-Minti-4-.jpg","width":1080,"height":1080},{"@type":"BreadcrumbList","@id":"https:\/\/najnaj.eu\/sl\/izdelek\/mehki-otroski-cevlji-baobaby-mokasini-minti\/#breadcrumb","itemListElement":[{"@type":"ListItem","position":1,"name":"Po\u010detna stranica","item":"https:\/\/najnaj.eu\/sl\/prednja-stran\/"},{"@type":"ListItem","position":2,"name":"Shop","item":"https:\/\/najnaj.eu\/sl\/shop\/"},{"@type":"ListItem","position":3,"name":"Mehki otro\u0161ki \u010devlji Baobaby, mokasini Minti"}]},{"@type":"WebSite","@id":"https:\/\/najnaj.eu\/sl\/#website","url":"https:\/\/najnaj.eu\/sl\/","name":"NajNaj.eu","description":"Za najva\u017enije!","publisher":{"@id":"https:\/\/najnaj.eu\/sl\/#organization"},"potentialAction":[{"@type":"SearchAction","target":{"@type":"EntryPoint","urlTemplate":"https:\/\/najnaj.eu\/sl\/?s={search_term_string}"},"query-input":{"@type":"PropertyValueSpecification","valueRequired":true,"valueName":"search_term_string"}}],"inLanguage":"sl-SI"},{"@type":"Organization","@id":"https:\/\/najnaj.eu\/sl\/#organization","name":"NajNaj.eu","url":"https:\/\/najnaj.eu\/sl\/","logo":{"@type":"ImageObject","inLanguage":"sl-SI","@id":"https:\/\/najnaj.eu\/sl\/#\/schema\/logo\/image\/","url":"https:\/\/najnaj.eu\/wp-content\/uploads\/2023\/09\/logo_Najnaj_2023.svg","contentUrl":"https:\/\/najnaj.eu\/wp-content\/uploads\/2023\/09\/logo_Najnaj_2023.svg","width":501,"height":278,"caption":"NajNaj.eu"},"image":{"@id":"https:\/\/najnaj.eu\/sl\/#\/schema\/logo\/image\/"},"sameAs":["https:\/\/web.facebook.com\/najnaj.eu\/","https:\/\/www.instagram.com\/najnaj.eu\/","https:\/\/www.tiktok.com\/@najnaj.eu"]}]},"product_brand":"Baobaby","og_availability":"instock","product_availability":"instock","product_retailer_item_id":"BBMC806","product_condition":"new"},"_links":{"self":[{"href":"https:\/\/najnaj.eu\/sl\/wp-json\/wp\/v2\/product\/271257","targetHints":{"allow":["GET"]}}],"collection":[{"href":"https:\/\/najnaj.eu\/sl\/wp-json\/wp\/v2\/product"}],"about":[{"href":"https:\/\/najnaj.eu\/sl\/wp-json\/wp\/v2\/types\/product"}],"replies":[{"embeddable":true,"href":"https:\/\/najnaj.eu\/sl\/wp-json\/wp\/v2\/comments?post=271257"}],"version-history":[{"count":0,"href":"https:\/\/najnaj.eu\/sl\/wp-json\/wp\/v2\/product\/271257\/revisions"}],"wp:featuredmedia":[{"embeddable":true,"href":"https:\/\/najnaj.eu\/sl\/wp-json\/wp\/v2\/media\/276610"}],"wp:attachment":[{"href":"https:\/\/najnaj.eu\/sl\/wp-json\/wp\/v2\/media?parent=271257"}],"wp:term":[{"taxonomy":"product_brand","embeddable":true,"href":"https:\/\/najnaj.eu\/sl\/wp-json\/wp\/v2\/product_brand?post=271257"},{"taxonomy":"product_cat","embeddable":true,"href":"https:\/\/najnaj.eu\/sl\/wp-json\/wp\/v2\/product_cat?post=271257"},{"taxonomy":"product_tag","embeddable":true,"href":"https:\/\/najnaj.eu\/sl\/wp-json\/wp\/v2\/product_tag?post=271257"}],"curies":[{"name":"wp","href":"https:\/\/api.w.org\/{rel}","templated":true}]}}