{"id":269529,"date":"2025-09-03T15:36:38","date_gmt":"2025-09-03T13:36:38","guid":{"rendered":"https:\/\/najnaj.eu\/proizvod\/otroski-vozicek-metro-3-deluxe-compact-city-crna\/"},"modified":"2026-03-24T10:46:05","modified_gmt":"2026-03-24T09:46:05","slug":"otroski-vozicek-metro-3-deluxe-compact-city-crna","status":"publish","type":"product","link":"https:\/\/najnaj.eu\/sl\/izdelek\/otroski-vozicek-metro-3-deluxe-compact-city-crna\/","title":{"rendered":"Otro\u0161ki vozi\u010dek Metro 3 Deluxe Compact City &#8211; \u010drna"},"content":{"rendered":"<p>Ergobaby Metro3 Deluxe je popoln kompaktni vozi\u010dek s prilo\u017eeno opremo, zasnovan za dru\u017eine na poti!<\/p>\n<p><strong>MAJHNE DIMENZIJE, VELIKE DO\u017dIVETJA<\/strong><br \/>\n Samodejno zlaganje z eno roko in preprosto razstavljanje naredita Metro 3 Deluxe funkcionalen vozi\u010dek za vsakodnevne dogodiv\u0161\u010dine. Zlo\u017een vozi\u010dek ustreza dimenzijam ro\u010dne prtljage ve\u010dine letalskih dru\u017eb (56 x 44 x 23 cm). <\/p>\n<p><strong>UDOBJE BREZ KOMPROMISA<\/strong><br \/>\n Ergonomsko oblikovan sede\u017e z neomejenimi koti nagiba v kombinaciji z nastavljivim naslonom za noge bo va\u0161emu mal\u010dku zagotovil potrebno udobje. Po vi\u0161ini nastavljiv ro\u010daj z novo ergonomsko zasnovo, izdelan iz vrhunskega rjavega usnja, star\u0161em omogo\u010da, da med vo\u017enjo ohranijo pravilnej\u0161i polo\u017eaj in ga prilagodijo glede na \u017eeleno vi\u0161ino (od 101 do 108 cm). <\/p>\n<p><strong>DOBER SPANEC NA KOLESIH<\/strong><br \/>\n Z popolnoma nastavljivim sede\u017eem, ergonomsko zasnovo in bla\u017eenjem udarcev na sprednjih in zadnjih kolesih se Metro 3 Deluxe zlahka spopade z neravnim terenom, zaradi \u010desar je idealen za potovanja in vsakodnevne pustolov\u0161\u010dine.<\/p>\n<p><strong>UPORABA OD ROJSTVA<\/strong><br \/>\n Metro3 Deluxe ima vgrajeno ko\u0161aro za novorojen\u010dke, ki jo je mogo\u010de enostavno in hitro sestaviti iz sede\u017ene enote s pomo\u010djo stranskih pregrad. Metro 3 Deluxe je zdru\u017eljiv z avtosede\u017ei in se lahko uporablja kot sistem 3 v 1 (Cybex, Nuna, Maxi-Cosi, Avionaut, Britax, BeSafe). <\/p>\n<p><strong>DNEVNA PRAKTI\u010cNOST<\/strong><br \/>\n Prostorna ko\u0161ara za shranjevanje z najve\u010djo nosilnostjo 10 kg vam omogo\u010da shranjevanje vsega, kar potrebujete &#8211; torbe za plenice, osebnih predmetov, \u017eivil &#8230; Poleg tega ima Metro 3 Deluxe \u0161e ve\u010djo, raztegljivo streho iz tkane tkanine, ki je vodoodbojna in ima za\u0161\u010dito UPF 50. Okence za dojen\u010dka vam omogo\u010da, da se prijavite in ste ves \u010das blizu. <\/p>\n<p><strong>VKLJU\u010cENI DODATKI<\/strong><br \/>\n Metro 3 Deluxe ima sprednji ro\u010daj iz rjavega usnja, dr\u017ealo za skodelico\/steklenico in de\u017eno prevleko. Za la\u017eji transport zlo\u017eenega vozi\u010dka je prilo\u017een naramni trak. <\/p>\n","protected":false},"excerpt":{"rendered":"<p>Kompakten vozi\u010dek za velike pustolov\u0161\u010dine z luksuznimi funkcijami in prilo\u017eeno dodatno opremo!<\/p>\n<p>Vozi\u010dek Ergobaby Metro 3 Deluxe ponuja vrhunsko kompaktno udobje za star\u0161e in dojen\u010dka (do 22 kg).<\/p>\n<p>Z uporabo od prvega dne do 22 kg, Metro 3 Deluxe prina\u0161a udobje in prakti\u010dnost v majhni velikosti, zaradi \u010desar je idealen vozi\u010dek za mestne ulice in potovanja.<\/p>\n<p>Posebne luksuzne funkcije vklju\u010dujejo 5-to\u010dkovni varnostni pas z magnetnim zapiranjem, naramni trak za enostavno prena\u0161anje vozi\u010dka, dovr\u0161en usnjen ro\u010daj in sprednji ro\u010daj ter izbolj\u0161ano, raztegljivo strehico iz vrhunske tkanine.<\/p>\n<p>\u2022 Enostavna uporaba: samodejno zlaganje z eno roko in enostavno razstavljanje<br \/>\n \u2022 Kompaktne dimenzije: ko so zlo\u017eene, ustrezajo dimenzijam ro\u010dne prtljage ve\u010dine letalskih dru\u017eb<br \/>\n \u2022 Udobje za vse: ergonomsko oblikovan sede\u017e z vi\u0161insko nastavljivim rjavim usnjenim ro\u010dajem za star\u0161e<br \/>\n \u2022 Gladka vo\u017enja: bla\u017eenje udarcev na sprednjih in zadnjih kolesih<br \/>\n \u2022 Po\u010ditek na poti: nastavljiv nagib sede\u017ea in nastavljiv naslon za noge<br \/>\n \u2022Uporaba od rojstva: integrirano gnezdo za novorojen\u010dka ali uporaba z avtosede\u017eem (Cybex, Nuna, Maxi-Cosi, Avionaut, Britax, BeSafe)<br \/>\n \u2022 Prilo\u017eena oprema: dr\u017ealo za skodelico\/steklenico, sprednji ro\u010daj, de\u017ena prevleka<br \/>\n \u2022 Garancija ErgoPromise: 10-letna garancija \u2013 zagotovljena kakovost in dolga \u017eivljenjska doba<br \/>\n \u2022Te\u017ea: 7,6 kg<\/p>\n","protected":false},"featured_media":269441,"comment_status":"closed","ping_status":"closed","template":"","meta":{"_acf_changed":false,"footnotes":""},"product_brand":[],"product_cat":[609,551],"product_tag":[],"class_list":{"0":"post-269529","1":"product","2":"type-product","3":"status-publish","4":"has-post-thumbnail","6":"product_cat-kompaktna-kolica","7":"product_cat-djecja-kolica","8":"pa_boja-crna","9":"pa_brand-ergobaby","10":"pa_vrsta-kolica-2u1","11":"pa_vrsta-kolica-kompaktna-kolica","13":"first","14":"outofstock","15":"shipping-taxable","16":"purchasable","17":"product-type-simple"},"bundled_by":[],"bundle_stock_status":"outofstock","bundle_stock_quantity":0,"bundle_virtual":false,"bundle_layout":"","bundle_add_to_cart_form_location":"","bundle_editable_in_cart":false,"bundle_sold_individually_context":"","bundle_item_grouping":"","bundle_min_size":"","bundle_max_size":"","bundle_price":[],"bundled_items":[],"bundle_sell_ids":[],"acf":[],"yoast_head":"<!-- This site is optimized with the Yoast SEO Premium plugin v21.5 (Yoast SEO v27.4) - https:\/\/yoast.com\/product\/yoast-seo-premium-wordpress\/ -->\n<title>Otro\u0161ki vozi\u010dek Metro 3 Deluxe Compact City - \u010drna - NajNaj.eu<\/title>\n<meta name=\"description\" content=\"Kompakten vozi\u010dek za velike pustolov\u0161\u010dine z luksuznimi funkcijami in prilo\u017eeno dodatno opremo, enostavno zlo\u017eljiv in izjemno lahek, za otroke do 22 kg.\" \/>\n<meta name=\"robots\" content=\"index, follow, max-snippet:-1, max-image-preview:large, max-video-preview:-1\" \/>\n<link rel=\"canonical\" href=\"https:\/\/najnaj.eu\/sl\/izdelek\/otroski-vozicek-metro-3-deluxe-compact-city-crna\/\" \/>\n<meta property=\"og:locale\" content=\"sl_SI\" \/>\n<meta property=\"og:type\" content=\"article\" \/>\n<meta property=\"og:title\" content=\"Otro\u0161ki vozi\u010dek Metro 3 Deluxe Compact City - \u010drna\" \/>\n<meta property=\"og:description\" content=\"Kompakten vozi\u010dek za velike pustolov\u0161\u010dine z luksuznimi funkcijami in prilo\u017eeno dodatno opremo, enostavno zlo\u017eljiv in izjemno lahek, za otroke do 22 kg.\" \/>\n<meta property=\"og:url\" content=\"https:\/\/najnaj.eu\/sl\/izdelek\/otroski-vozicek-metro-3-deluxe-compact-city-crna\/\" \/>\n<meta property=\"og:site_name\" content=\"NajNaj.eu\" \/>\n<meta property=\"article:publisher\" content=\"https:\/\/web.facebook.com\/najnaj.eu\/\" \/>\n<meta property=\"article:modified_time\" content=\"2026-03-24T09:46:05+00:00\" \/>\n<meta property=\"og:image\" content=\"https:\/\/najnaj.eu\/wp-content\/uploads\/2025\/09\/ergobaby-stroller-metro3-deluxe-jet-black-product-001.jpg\" \/>\n\t<meta property=\"og:image:width\" content=\"1867\" \/>\n\t<meta property=\"og:image:height\" content=\"2268\" \/>\n\t<meta property=\"og:image:type\" content=\"image\/jpeg\" \/>\n<meta name=\"twitter:card\" content=\"summary_large_image\" \/>\n<meta name=\"twitter:label1\" content=\"Price\" \/>\n\t<meta name=\"twitter:data1\" content=\"479,90&nbsp;&euro;\" \/>\n\t<meta name=\"twitter:label2\" content=\"Availability\" \/>\n\t<meta name=\"twitter:data2\" content=\"Out of stock\" \/>\n<script type=\"application\/ld+json\" class=\"yoast-schema-graph\">{\"@context\":\"https:\\\/\\\/schema.org\",\"@graph\":[{\"@type\":\"WebPage\",\"@id\":\"https:\\\/\\\/najnaj.eu\\\/sl\\\/izdelek\\\/otroski-vozicek-metro-3-deluxe-compact-city-crna\\\/\",\"url\":\"https:\\\/\\\/najnaj.eu\\\/sl\\\/izdelek\\\/otroski-vozicek-metro-3-deluxe-compact-city-crna\\\/\",\"name\":\"Otro\u0161ki vozi\u010dek Metro 3 Deluxe Compact City - \u010drna - NajNaj.eu\",\"isPartOf\":{\"@id\":\"https:\\\/\\\/najnaj.eu\\\/sl\\\/#website\"},\"primaryImageOfPage\":{\"@id\":\"https:\\\/\\\/najnaj.eu\\\/sl\\\/izdelek\\\/otroski-vozicek-metro-3-deluxe-compact-city-crna\\\/#primaryimage\"},\"image\":{\"@id\":\"https:\\\/\\\/najnaj.eu\\\/sl\\\/izdelek\\\/otroski-vozicek-metro-3-deluxe-compact-city-crna\\\/#primaryimage\"},\"thumbnailUrl\":\"https:\\\/\\\/najnaj.eu\\\/wp-content\\\/uploads\\\/2025\\\/09\\\/ergobaby-stroller-metro3-deluxe-jet-black-product-001.jpg\",\"datePublished\":\"2025-09-03T13:36:38+00:00\",\"dateModified\":\"2026-03-24T09:46:05+00:00\",\"description\":\"Kompakten vozi\u010dek za velike pustolov\u0161\u010dine z luksuznimi funkcijami in prilo\u017eeno dodatno opremo, enostavno zlo\u017eljiv in izjemno lahek, za otroke do 22 kg.\",\"breadcrumb\":{\"@id\":\"https:\\\/\\\/najnaj.eu\\\/sl\\\/izdelek\\\/otroski-vozicek-metro-3-deluxe-compact-city-crna\\\/#breadcrumb\"},\"inLanguage\":\"sl-SI\",\"potentialAction\":[{\"@type\":\"ReadAction\",\"target\":[\"https:\\\/\\\/najnaj.eu\\\/sl\\\/izdelek\\\/otroski-vozicek-metro-3-deluxe-compact-city-crna\\\/\"]}]},{\"@type\":\"ImageObject\",\"inLanguage\":\"sl-SI\",\"@id\":\"https:\\\/\\\/najnaj.eu\\\/sl\\\/izdelek\\\/otroski-vozicek-metro-3-deluxe-compact-city-crna\\\/#primaryimage\",\"url\":\"https:\\\/\\\/najnaj.eu\\\/wp-content\\\/uploads\\\/2025\\\/09\\\/ergobaby-stroller-metro3-deluxe-jet-black-product-001.jpg\",\"contentUrl\":\"https:\\\/\\\/najnaj.eu\\\/wp-content\\\/uploads\\\/2025\\\/09\\\/ergobaby-stroller-metro3-deluxe-jet-black-product-001.jpg\",\"width\":1867,\"height\":2268},{\"@type\":\"BreadcrumbList\",\"@id\":\"https:\\\/\\\/najnaj.eu\\\/sl\\\/izdelek\\\/otroski-vozicek-metro-3-deluxe-compact-city-crna\\\/#breadcrumb\",\"itemListElement\":[{\"@type\":\"ListItem\",\"position\":1,\"name\":\"Po\u010detna stranica\",\"item\":\"https:\\\/\\\/najnaj.eu\\\/sl\\\/prednja-stran\\\/\"},{\"@type\":\"ListItem\",\"position\":2,\"name\":\"Shop\",\"item\":\"https:\\\/\\\/najnaj.eu\\\/sl\\\/shop\\\/\"},{\"@type\":\"ListItem\",\"position\":3,\"name\":\"Privatno: Otro\u0161ki vozi\u010dek Metro 3 Deluxe Compact City &#8211; \u010drna\"}]},{\"@type\":\"WebSite\",\"@id\":\"https:\\\/\\\/najnaj.eu\\\/sl\\\/#website\",\"url\":\"https:\\\/\\\/najnaj.eu\\\/sl\\\/\",\"name\":\"NajNaj.eu\",\"description\":\"Za najva\u017enije!\",\"publisher\":{\"@id\":\"https:\\\/\\\/najnaj.eu\\\/sl\\\/#organization\"},\"potentialAction\":[{\"@type\":\"SearchAction\",\"target\":{\"@type\":\"EntryPoint\",\"urlTemplate\":\"https:\\\/\\\/najnaj.eu\\\/sl\\\/?s={search_term_string}\"},\"query-input\":{\"@type\":\"PropertyValueSpecification\",\"valueRequired\":true,\"valueName\":\"search_term_string\"}}],\"inLanguage\":\"sl-SI\"},{\"@type\":\"Organization\",\"@id\":\"https:\\\/\\\/najnaj.eu\\\/sl\\\/#organization\",\"name\":\"NajNaj.eu\",\"url\":\"https:\\\/\\\/najnaj.eu\\\/sl\\\/\",\"logo\":{\"@type\":\"ImageObject\",\"inLanguage\":\"sl-SI\",\"@id\":\"https:\\\/\\\/najnaj.eu\\\/sl\\\/#\\\/schema\\\/logo\\\/image\\\/\",\"url\":\"https:\\\/\\\/najnaj.eu\\\/wp-content\\\/uploads\\\/2023\\\/09\\\/logo_Najnaj_2023.svg\",\"contentUrl\":\"https:\\\/\\\/najnaj.eu\\\/wp-content\\\/uploads\\\/2023\\\/09\\\/logo_Najnaj_2023.svg\",\"width\":501,\"height\":278,\"caption\":\"NajNaj.eu\"},\"image\":{\"@id\":\"https:\\\/\\\/najnaj.eu\\\/sl\\\/#\\\/schema\\\/logo\\\/image\\\/\"},\"sameAs\":[\"https:\\\/\\\/web.facebook.com\\\/najnaj.eu\\\/\",\"https:\\\/\\\/www.instagram.com\\\/najnaj.eu\\\/\",\"https:\\\/\\\/www.tiktok.com\\\/@najnaj.eu\"]}]}<\/script>\n<meta property=\"product:brand\" content=\"Ergobaby\" \/>\n<meta property=\"product:price:amount\" content=\"479.90\" \/>\n<meta property=\"product:price:currency\" content=\"EUR\" \/>\n<meta property=\"og:availability\" content=\"out of stock\" \/>\n<meta property=\"product:availability\" content=\"out of stock\" \/>\n<meta property=\"product:retailer_item_id\" content=\"METRO3DXJTBLK\" \/>\n<meta property=\"product:condition\" content=\"new\" \/>\n<!-- \/ Yoast SEO Premium plugin. -->","yoast_head_json":{"title":"Otro\u0161ki vozi\u010dek Metro 3 Deluxe Compact City - \u010drna - NajNaj.eu","description":"Kompakten vozi\u010dek za velike pustolov\u0161\u010dine z luksuznimi funkcijami in prilo\u017eeno dodatno opremo, enostavno zlo\u017eljiv in izjemno lahek, za otroke do 22 kg.","robots":{"index":"index","follow":"follow","max-snippet":"max-snippet:-1","max-image-preview":"max-image-preview:large","max-video-preview":"max-video-preview:-1"},"canonical":"https:\/\/najnaj.eu\/sl\/izdelek\/otroski-vozicek-metro-3-deluxe-compact-city-crna\/","og_locale":"sl_SI","og_type":"article","og_title":"Otro\u0161ki vozi\u010dek Metro 3 Deluxe Compact City - \u010drna","og_description":"Kompakten vozi\u010dek za velike pustolov\u0161\u010dine z luksuznimi funkcijami in prilo\u017eeno dodatno opremo, enostavno zlo\u017eljiv in izjemno lahek, za otroke do 22 kg.","og_url":"https:\/\/najnaj.eu\/sl\/izdelek\/otroski-vozicek-metro-3-deluxe-compact-city-crna\/","og_site_name":"NajNaj.eu","article_publisher":"https:\/\/web.facebook.com\/najnaj.eu\/","article_modified_time":"2026-03-24T09:46:05+00:00","og_image":[{"width":1867,"height":2268,"url":"https:\/\/najnaj.eu\/wp-content\/uploads\/2025\/09\/ergobaby-stroller-metro3-deluxe-jet-black-product-001.jpg","type":"image\/jpeg"}],"twitter_card":"summary_large_image","twitter_misc":{"Price":"479,90&nbsp;&euro;","Availability":"Out of stock"},"schema":{"@context":"https:\/\/schema.org","@graph":[{"@type":"WebPage","@id":"https:\/\/najnaj.eu\/sl\/izdelek\/otroski-vozicek-metro-3-deluxe-compact-city-crna\/","url":"https:\/\/najnaj.eu\/sl\/izdelek\/otroski-vozicek-metro-3-deluxe-compact-city-crna\/","name":"Otro\u0161ki vozi\u010dek Metro 3 Deluxe Compact City - \u010drna - NajNaj.eu","isPartOf":{"@id":"https:\/\/najnaj.eu\/sl\/#website"},"primaryImageOfPage":{"@id":"https:\/\/najnaj.eu\/sl\/izdelek\/otroski-vozicek-metro-3-deluxe-compact-city-crna\/#primaryimage"},"image":{"@id":"https:\/\/najnaj.eu\/sl\/izdelek\/otroski-vozicek-metro-3-deluxe-compact-city-crna\/#primaryimage"},"thumbnailUrl":"https:\/\/najnaj.eu\/wp-content\/uploads\/2025\/09\/ergobaby-stroller-metro3-deluxe-jet-black-product-001.jpg","datePublished":"2025-09-03T13:36:38+00:00","dateModified":"2026-03-24T09:46:05+00:00","description":"Kompakten vozi\u010dek za velike pustolov\u0161\u010dine z luksuznimi funkcijami in prilo\u017eeno dodatno opremo, enostavno zlo\u017eljiv in izjemno lahek, za otroke do 22 kg.","breadcrumb":{"@id":"https:\/\/najnaj.eu\/sl\/izdelek\/otroski-vozicek-metro-3-deluxe-compact-city-crna\/#breadcrumb"},"inLanguage":"sl-SI","potentialAction":[{"@type":"ReadAction","target":["https:\/\/najnaj.eu\/sl\/izdelek\/otroski-vozicek-metro-3-deluxe-compact-city-crna\/"]}]},{"@type":"ImageObject","inLanguage":"sl-SI","@id":"https:\/\/najnaj.eu\/sl\/izdelek\/otroski-vozicek-metro-3-deluxe-compact-city-crna\/#primaryimage","url":"https:\/\/najnaj.eu\/wp-content\/uploads\/2025\/09\/ergobaby-stroller-metro3-deluxe-jet-black-product-001.jpg","contentUrl":"https:\/\/najnaj.eu\/wp-content\/uploads\/2025\/09\/ergobaby-stroller-metro3-deluxe-jet-black-product-001.jpg","width":1867,"height":2268},{"@type":"BreadcrumbList","@id":"https:\/\/najnaj.eu\/sl\/izdelek\/otroski-vozicek-metro-3-deluxe-compact-city-crna\/#breadcrumb","itemListElement":[{"@type":"ListItem","position":1,"name":"Po\u010detna stranica","item":"https:\/\/najnaj.eu\/sl\/prednja-stran\/"},{"@type":"ListItem","position":2,"name":"Shop","item":"https:\/\/najnaj.eu\/sl\/shop\/"},{"@type":"ListItem","position":3,"name":"Privatno: Otro\u0161ki vozi\u010dek Metro 3 Deluxe Compact City &#8211; \u010drna"}]},{"@type":"WebSite","@id":"https:\/\/najnaj.eu\/sl\/#website","url":"https:\/\/najnaj.eu\/sl\/","name":"NajNaj.eu","description":"Za najva\u017enije!","publisher":{"@id":"https:\/\/najnaj.eu\/sl\/#organization"},"potentialAction":[{"@type":"SearchAction","target":{"@type":"EntryPoint","urlTemplate":"https:\/\/najnaj.eu\/sl\/?s={search_term_string}"},"query-input":{"@type":"PropertyValueSpecification","valueRequired":true,"valueName":"search_term_string"}}],"inLanguage":"sl-SI"},{"@type":"Organization","@id":"https:\/\/najnaj.eu\/sl\/#organization","name":"NajNaj.eu","url":"https:\/\/najnaj.eu\/sl\/","logo":{"@type":"ImageObject","inLanguage":"sl-SI","@id":"https:\/\/najnaj.eu\/sl\/#\/schema\/logo\/image\/","url":"https:\/\/najnaj.eu\/wp-content\/uploads\/2023\/09\/logo_Najnaj_2023.svg","contentUrl":"https:\/\/najnaj.eu\/wp-content\/uploads\/2023\/09\/logo_Najnaj_2023.svg","width":501,"height":278,"caption":"NajNaj.eu"},"image":{"@id":"https:\/\/najnaj.eu\/sl\/#\/schema\/logo\/image\/"},"sameAs":["https:\/\/web.facebook.com\/najnaj.eu\/","https:\/\/www.instagram.com\/najnaj.eu\/","https:\/\/www.tiktok.com\/@najnaj.eu"]}]},"product_brand":"Ergobaby","product_price_amount":"479.90","product_price_currency":"EUR","og_availability":"out of stock","product_availability":"out of stock","product_retailer_item_id":"METRO3DXJTBLK","product_condition":"new"},"_links":{"self":[{"href":"https:\/\/najnaj.eu\/sl\/wp-json\/wp\/v2\/product\/269529","targetHints":{"allow":["GET"]}}],"collection":[{"href":"https:\/\/najnaj.eu\/sl\/wp-json\/wp\/v2\/product"}],"about":[{"href":"https:\/\/najnaj.eu\/sl\/wp-json\/wp\/v2\/types\/product"}],"replies":[{"embeddable":true,"href":"https:\/\/najnaj.eu\/sl\/wp-json\/wp\/v2\/comments?post=269529"}],"version-history":[{"count":0,"href":"https:\/\/najnaj.eu\/sl\/wp-json\/wp\/v2\/product\/269529\/revisions"}],"wp:featuredmedia":[{"embeddable":true,"href":"https:\/\/najnaj.eu\/sl\/wp-json\/wp\/v2\/media\/269441"}],"wp:attachment":[{"href":"https:\/\/najnaj.eu\/sl\/wp-json\/wp\/v2\/media?parent=269529"}],"wp:term":[{"taxonomy":"product_brand","embeddable":true,"href":"https:\/\/najnaj.eu\/sl\/wp-json\/wp\/v2\/product_brand?post=269529"},{"taxonomy":"product_cat","embeddable":true,"href":"https:\/\/najnaj.eu\/sl\/wp-json\/wp\/v2\/product_cat?post=269529"},{"taxonomy":"product_tag","embeddable":true,"href":"https:\/\/najnaj.eu\/sl\/wp-json\/wp\/v2\/product_tag?post=269529"}],"curies":[{"name":"wp","href":"https:\/\/api.w.org\/{rel}","templated":true}]}}