{"id":268873,"date":"2025-08-29T14:18:13","date_gmt":"2025-08-29T12:18:13","guid":{"rendered":"https:\/\/najnaj.eu\/proizvod\/set-za-hranjenje-lassig-cesnja\/"},"modified":"2026-01-26T09:25:46","modified_gmt":"2026-01-26T08:25:46","slug":"set-za-hranjenje-lassig-cesnja","status":"publish","type":"product","link":"https:\/\/najnaj.eu\/sl\/izdelek\/set-za-hranjenje-lassig-cesnja\/","title":{"rendered":"Set za hranjenje L\u00e4ssig \u2013 \u010de\u0161nja"},"content":{"rendered":"<p><span style=\"font-weight: 400;\">Vsebina kompleta:<\/span><\/p>\n<h4><a href=\"https:\/\/najnaj.eu\/sl\/izdelek\/lassig-3-delni-silikonski-jedilni-set-happy-fruits-cherry\/\" target=\"_blank\" rel=\"noopener\"><b>1. 3-delni silikonski jedilni pribor L\u00e4ssig &#8211; Happy Fruits Cherry<\/b><\/a><\/h4>\n<p><span style=\"font-weight: 400;\">Silikonski komplet v obliki mavrice se iz enega kosa spremeni v tri prakti\u010dne posode: kro\u017enik, skledo in kro\u017enik za prigrizke. Razli\u010dne vi\u0161ine in oblike olaj\u0161ajo me\u0161anje, lo\u010devanje in pomakanje, vsi kosi pa se zlagajo drug v drugega, da zavzamejo manj prostora. Prilagodljiv, odporen proti lomljenju in primeren za vsakodnevno uporabo.  <\/span><\/p>\n<ul>\n<li style=\"font-weight: 400;\" aria-level=\"1\"><span style=\"font-weight: 400;\">3 v 1: uporaba skupaj ali lo\u010deno; prihrani prostor z zlaganjem<\/span><\/li>\n<li style=\"font-weight: 400;\" aria-level=\"1\"><span style=\"font-weight: 400;\">Material: silikon, brez BPA; robusten in vzdr\u017eljiv<\/span><\/li>\n<li style=\"font-weight: 400;\" aria-level=\"1\"><span style=\"font-weight: 400;\">Primerno za pomivanje v pomivalnem stroju; primerno za mikrovalovno pe\u010dico<\/span><\/li>\n<li style=\"font-weight: 400;\" aria-level=\"1\"><span style=\"font-weight: 400;\">Dimenzije kompleta: 21 x 16,5 x 4 cm; pribli\u017eno 380 g; od 6+ mesecev<\/span><\/li>\n<\/ul>\n<h4><a href=\"https:\/\/najnaj.eu\/sl\/izdelek\/jedilni-pribor-lassig-s-silikonskim-rocajem-3-kosi-happy-fruits-cherry\/\" target=\"_blank\" rel=\"noopener\"><b>2. Jedilni pribor L\u00e4ssig s silikonskim ro\u010dajem, 3 kosi \u2013 Happy Fruits Cherry<\/b><\/a><\/h4>\n<p><span style=\"font-weight: 400;\">Komplet \u017elice, vilic in no\u017ea iz nerjave\u010dega jekla z mehkimi, ergonomskimi silikonskimi ro\u010daji je prilagojen majhnim rokam in njihovim prvim samostojnim poskusom prehranjevanja. No\u017e ima za varnost u\u010dno, zaobljeno rezilo. <\/span><\/p>\n<ul>\n<li style=\"font-weight: 400;\" aria-level=\"1\"><span style=\"font-weight: 400;\">Material: nerjave\u010de jeklo; silikonski ro\u010daji; brez BPA<\/span><\/li>\n<li style=\"font-weight: 400;\" aria-level=\"1\"><span style=\"font-weight: 400;\">Ergonomski ro\u010daji za varen oprijem; lahki in robustni<\/span><\/li>\n<li style=\"font-weight: 400;\" aria-level=\"1\"><span style=\"font-weight: 400;\">Primerno za pomivanje v pomivalnem stroju<\/span><\/li>\n<li style=\"font-weight: 400;\" aria-level=\"1\"><span style=\"font-weight: 400;\">Dimenzije: 12,5 x 1,5 x 17,5 cm; pribli\u017eno 100 g; od 12 mesecev naprej<\/span><\/li>\n<\/ul>\n<h4><a href=\"https:\/\/najnaj.eu\/izdelek\/lassig-set-podbradnjaka-5-kom-happy-fruits-cherry\/\" target=\"_blank\" rel=\"noopener\"><b>3. Komplet podbradnikov L\u00e4ssig, 5 kosov \u2013 Happy Fruits Cherry<\/b><\/a><\/h4>\n<p><span style=\"font-weight: 400;\">Pet mehkih blazinic za brado z visoko vsebnostjo organskega bomba\u017ea in vodoodporno plastjo na notranji strani ohranja obla\u010dila suha in \u010dista. Zapenjanje z je\u017ekom omogo\u010da hitro obla\u010denje in sla\u010denje, enostavno vzdr\u017eevanje pa olaj\u0161a vsakodnevno uporabo. <\/span><\/p>\n<ul>\n<li style=\"font-weight: 400;\" aria-level=\"1\"><span style=\"font-weight: 400;\">5-kratni \u0161\u010ditnik za brado; visoka vsebnost organskega bomba\u017ea<\/span><\/li>\n<li style=\"font-weight: 400;\" aria-level=\"1\"><span style=\"font-weight: 400;\">Vodoodporna prevleka v notranjosti; ne\u017ena do ko\u017ee<\/span><\/li>\n<li style=\"font-weight: 400;\" aria-level=\"1\"><span style=\"font-weight: 400;\">Pralno pri 40 \u00b0C; priporo\u010dilo: zaprite je\u017eka in uporabite vre\u010dko za perilo<\/span><\/li>\n<li style=\"font-weight: 400;\" aria-level=\"1\"><span style=\"font-weight: 400;\">Lahka in udobna za vsakodnevno uporabo<\/span><\/li>\n<\/ul>\n","protected":false},"excerpt":{"rendered":"<p><span style=\"font-weight: 400;\">Igriv, prakti\u010den in trpe\u017een komplet, ki olaj\u0161a prve samostojne obroke in ohranja obla\u010dila \u010dista. Paket vsebuje komplet silikonskega jedilnega pribora v obliki mavrice (3 kosi), ki ga je mogo\u010de uporabljati skupaj ali lo\u010deno, komplet 5 slin\u010dkov z vodoodporno plastjo in visoko vsebnostjo organskega bomba\u017ea ter komplet jedilnega pribora iz nerjave\u010dega jekla z ergonomskimi silikonskimi ro\u010daji. Posoda je prilagodljiva, robustna in primerna za pomivanje v pomivalnem stroju in mikrovalovni pe\u010dici, slin\u010dke je enostavno namestiti in pomiti pri 40 \u00b0C, jedilni pribor pa je varen za majhne roke z zaobljenim no\u017eem.  <\/span><\/p>\n","protected":false},"featured_media":268919,"comment_status":"closed","ping_status":"closed","template":"","meta":{"_acf_changed":false,"footnotes":""},"product_brand":[],"product_cat":[2228,1167,2231,1280],"product_tag":[],"class_list":{"0":"post-268873","1":"product","2":"type-product","3":"status-publish","4":"has-post-thumbnail","6":"product_cat-darila","7":"product_cat-hranjenje-sl","8":"product_cat-kompleti","9":"product_cat-odlicna-priloznost","10":"pa_brand-lassig-sl","11":"pa_vrsta-posuda-jedilni-pribor","12":"pa_vrsta-posuda-krozniki-in-sklede","14":"first","15":"instock","16":"sale","17":"virtual","18":"purchasable","19":"product-type-bundle"},"bundled_by":[],"bundle_stock_status":"instock","bundle_stock_quantity":9,"bundle_virtual":false,"bundle_layout":"grid","bundle_add_to_cart_form_location":"default","bundle_editable_in_cart":false,"bundle_sold_individually_context":"product","bundle_item_grouping":"parent","bundle_min_size":"","bundle_max_size":"","bundle_price":{"price":{"min":{"incl_tax":"59.95","excl_tax":"59.95"},"max":{"incl_tax":"59.95","excl_tax":"59.95"}},"regular_price":{"min":{"incl_tax":"78.58","excl_tax":"78.58"},"max":{"incl_tax":"78.58","excl_tax":"78.58"}}},"bundled_items":[{"bundled_item_id":170,"product_id":266061,"menu_order":0,"quantity_min":1,"quantity_max":1,"quantity_default":1,"priced_individually":false,"shipped_individually":false,"override_title":true,"title":"","override_description":true,"description":"","optional":false,"hide_thumbnail":false,"discount":"","override_variations":false,"allowed_variations":[""],"override_default_variation_attributes":false,"default_variation_attributes":[],"single_product_visibility":"visible","cart_visibility":"visible","order_visibility":"visible","single_product_price_visibility":"visible","cart_price_visibility":"visible","order_price_visibility":"visible","stock_status":"in_stock"},{"bundled_item_id":171,"product_id":266057,"menu_order":1,"quantity_min":1,"quantity_max":1,"quantity_default":1,"priced_individually":false,"shipped_individually":false,"override_title":true,"title":"","override_description":true,"description":"","optional":false,"hide_thumbnail":false,"discount":"","override_variations":false,"allowed_variations":[""],"override_default_variation_attributes":false,"default_variation_attributes":[],"single_product_visibility":"visible","cart_visibility":"visible","order_visibility":"visible","single_product_price_visibility":"visible","cart_price_visibility":"visible","order_price_visibility":"visible","stock_status":"in_stock"}],"bundle_sell_ids":[],"acf":[],"yoast_head":"<!-- This site is optimized with the Yoast SEO Premium plugin v21.5 (Yoast SEO v27.4) - https:\/\/yoast.com\/product\/yoast-seo-premium-wordpress\/ -->\n<title>Set za hranjenje L\u00e4ssig \u2013 \u010de\u0161nja - NajNaj.eu<\/title>\n<meta name=\"description\" content=\"Komplet za prve samostojne obroke - komplet silikonskega jedilnega pribora v obliki mavrice, komplet slin\u010dkov z vodoodporno plastjo in komplet jedilnega pribora.\" \/>\n<meta name=\"robots\" content=\"index, follow, max-snippet:-1, max-image-preview:large, max-video-preview:-1\" \/>\n<link rel=\"canonical\" href=\"https:\/\/najnaj.eu\/sl\/izdelek\/set-za-hranjenje-lassig-cesnja\/\" \/>\n<meta property=\"og:locale\" content=\"sl_SI\" \/>\n<meta property=\"og:type\" content=\"article\" \/>\n<meta property=\"og:title\" content=\"Set za hranjenje L\u00e4ssig \u2013 \u010de\u0161nja\" \/>\n<meta property=\"og:description\" content=\"Komplet za prve samostojne obroke - komplet silikonskega jedilnega pribora v obliki mavrice, komplet slin\u010dkov z vodoodporno plastjo in komplet jedilnega pribora.\" \/>\n<meta property=\"og:url\" content=\"https:\/\/najnaj.eu\/sl\/izdelek\/set-za-hranjenje-lassig-cesnja\/\" \/>\n<meta property=\"og:site_name\" content=\"NajNaj.eu\" \/>\n<meta property=\"article:publisher\" content=\"https:\/\/web.facebook.com\/najnaj.eu\/\" \/>\n<meta property=\"article:modified_time\" content=\"2026-01-26T08:25:46+00:00\" \/>\n<meta property=\"og:image\" content=\"https:\/\/najnaj.eu\/wp-content\/uploads\/2025\/08\/Set-za-hranjenje-Cherry-2.png\" \/>\n\t<meta property=\"og:image:width\" content=\"1080\" \/>\n\t<meta property=\"og:image:height\" content=\"1080\" \/>\n\t<meta property=\"og:image:type\" content=\"image\/png\" \/>\n<meta name=\"twitter:card\" content=\"summary_large_image\" \/>\n<meta name=\"twitter:label1\" content=\"Price\" \/>\n\t<meta name=\"twitter:data1\" content=\"59,95&nbsp;&euro;\" \/>\n\t<meta name=\"twitter:label2\" content=\"Availability\" \/>\n\t<meta name=\"twitter:data2\" content=\"In stock\" \/>\n<script type=\"application\/ld+json\" class=\"yoast-schema-graph\">{\"@context\":\"https:\\\/\\\/schema.org\",\"@graph\":[{\"@type\":\"WebPage\",\"@id\":\"https:\\\/\\\/najnaj.eu\\\/sl\\\/izdelek\\\/set-za-hranjenje-lassig-cesnja\\\/\",\"url\":\"https:\\\/\\\/najnaj.eu\\\/sl\\\/izdelek\\\/set-za-hranjenje-lassig-cesnja\\\/\",\"name\":\"Set za hranjenje L\u00e4ssig \u2013 \u010de\u0161nja - NajNaj.eu\",\"isPartOf\":{\"@id\":\"https:\\\/\\\/najnaj.eu\\\/sl\\\/#website\"},\"primaryImageOfPage\":{\"@id\":\"https:\\\/\\\/najnaj.eu\\\/sl\\\/izdelek\\\/set-za-hranjenje-lassig-cesnja\\\/#primaryimage\"},\"image\":{\"@id\":\"https:\\\/\\\/najnaj.eu\\\/sl\\\/izdelek\\\/set-za-hranjenje-lassig-cesnja\\\/#primaryimage\"},\"thumbnailUrl\":\"https:\\\/\\\/najnaj.eu\\\/wp-content\\\/uploads\\\/2025\\\/08\\\/Set-za-hranjenje-Cherry-1-1.png\",\"datePublished\":\"2025-08-29T12:18:13+00:00\",\"dateModified\":\"2026-01-26T08:25:46+00:00\",\"description\":\"Komplet za prve samostojne obroke - komplet silikonskega jedilnega pribora v obliki mavrice, komplet slin\u010dkov z vodoodporno plastjo in komplet jedilnega pribora.\",\"breadcrumb\":{\"@id\":\"https:\\\/\\\/najnaj.eu\\\/sl\\\/izdelek\\\/set-za-hranjenje-lassig-cesnja\\\/#breadcrumb\"},\"inLanguage\":\"sl-SI\",\"potentialAction\":[{\"@type\":\"ReadAction\",\"target\":[\"https:\\\/\\\/najnaj.eu\\\/sl\\\/izdelek\\\/set-za-hranjenje-lassig-cesnja\\\/\"]}]},{\"@type\":\"ImageObject\",\"inLanguage\":\"sl-SI\",\"@id\":\"https:\\\/\\\/najnaj.eu\\\/sl\\\/izdelek\\\/set-za-hranjenje-lassig-cesnja\\\/#primaryimage\",\"url\":\"https:\\\/\\\/najnaj.eu\\\/wp-content\\\/uploads\\\/2025\\\/08\\\/Set-za-hranjenje-Cherry-1-1.png\",\"contentUrl\":\"https:\\\/\\\/najnaj.eu\\\/wp-content\\\/uploads\\\/2025\\\/08\\\/Set-za-hranjenje-Cherry-1-1.png\",\"width\":1080,\"height\":1080},{\"@type\":\"BreadcrumbList\",\"@id\":\"https:\\\/\\\/najnaj.eu\\\/sl\\\/izdelek\\\/set-za-hranjenje-lassig-cesnja\\\/#breadcrumb\",\"itemListElement\":[{\"@type\":\"ListItem\",\"position\":1,\"name\":\"Po\u010detna stranica\",\"item\":\"https:\\\/\\\/najnaj.eu\\\/sl\\\/prednja-stran\\\/\"},{\"@type\":\"ListItem\",\"position\":2,\"name\":\"Shop\",\"item\":\"https:\\\/\\\/najnaj.eu\\\/sl\\\/shop\\\/\"},{\"@type\":\"ListItem\",\"position\":3,\"name\":\"Set za hranjenje L\u00e4ssig \u2013 \u010de\u0161nja\"}]},{\"@type\":\"WebSite\",\"@id\":\"https:\\\/\\\/najnaj.eu\\\/sl\\\/#website\",\"url\":\"https:\\\/\\\/najnaj.eu\\\/sl\\\/\",\"name\":\"NajNaj.eu\",\"description\":\"Za najva\u017enije!\",\"publisher\":{\"@id\":\"https:\\\/\\\/najnaj.eu\\\/sl\\\/#organization\"},\"potentialAction\":[{\"@type\":\"SearchAction\",\"target\":{\"@type\":\"EntryPoint\",\"urlTemplate\":\"https:\\\/\\\/najnaj.eu\\\/sl\\\/?s={search_term_string}\"},\"query-input\":{\"@type\":\"PropertyValueSpecification\",\"valueRequired\":true,\"valueName\":\"search_term_string\"}}],\"inLanguage\":\"sl-SI\"},{\"@type\":\"Organization\",\"@id\":\"https:\\\/\\\/najnaj.eu\\\/sl\\\/#organization\",\"name\":\"NajNaj.eu\",\"url\":\"https:\\\/\\\/najnaj.eu\\\/sl\\\/\",\"logo\":{\"@type\":\"ImageObject\",\"inLanguage\":\"sl-SI\",\"@id\":\"https:\\\/\\\/najnaj.eu\\\/sl\\\/#\\\/schema\\\/logo\\\/image\\\/\",\"url\":\"https:\\\/\\\/najnaj.eu\\\/wp-content\\\/uploads\\\/2023\\\/09\\\/logo_Najnaj_2023.svg\",\"contentUrl\":\"https:\\\/\\\/najnaj.eu\\\/wp-content\\\/uploads\\\/2023\\\/09\\\/logo_Najnaj_2023.svg\",\"width\":501,\"height\":278,\"caption\":\"NajNaj.eu\"},\"image\":{\"@id\":\"https:\\\/\\\/najnaj.eu\\\/sl\\\/#\\\/schema\\\/logo\\\/image\\\/\"},\"sameAs\":[\"https:\\\/\\\/web.facebook.com\\\/najnaj.eu\\\/\",\"https:\\\/\\\/www.instagram.com\\\/najnaj.eu\\\/\",\"https:\\\/\\\/www.tiktok.com\\\/@najnaj.eu\"]}]}<\/script>\n<meta property=\"product:brand\" content=\"L\u00e4ssig\" \/>\n<meta property=\"product:price:amount\" content=\"59.95\" \/>\n<meta property=\"product:price:currency\" content=\"EUR\" \/>\n<meta property=\"og:availability\" content=\"instock\" \/>\n<meta property=\"product:availability\" content=\"instock\" \/>\n<meta property=\"product:retailer_item_id\" content=\"Set_za_hranjenje_Cherry\" \/>\n<meta property=\"product:condition\" content=\"new\" \/>\n<!-- \/ Yoast SEO Premium plugin. -->","yoast_head_json":{"title":"Set za hranjenje L\u00e4ssig \u2013 \u010de\u0161nja - NajNaj.eu","description":"Komplet za prve samostojne obroke - komplet silikonskega jedilnega pribora v obliki mavrice, komplet slin\u010dkov z vodoodporno plastjo in komplet jedilnega pribora.","robots":{"index":"index","follow":"follow","max-snippet":"max-snippet:-1","max-image-preview":"max-image-preview:large","max-video-preview":"max-video-preview:-1"},"canonical":"https:\/\/najnaj.eu\/sl\/izdelek\/set-za-hranjenje-lassig-cesnja\/","og_locale":"sl_SI","og_type":"article","og_title":"Set za hranjenje L\u00e4ssig \u2013 \u010de\u0161nja","og_description":"Komplet za prve samostojne obroke - komplet silikonskega jedilnega pribora v obliki mavrice, komplet slin\u010dkov z vodoodporno plastjo in komplet jedilnega pribora.","og_url":"https:\/\/najnaj.eu\/sl\/izdelek\/set-za-hranjenje-lassig-cesnja\/","og_site_name":"NajNaj.eu","article_publisher":"https:\/\/web.facebook.com\/najnaj.eu\/","article_modified_time":"2026-01-26T08:25:46+00:00","og_image":[{"width":1080,"height":1080,"url":"https:\/\/najnaj.eu\/wp-content\/uploads\/2025\/08\/Set-za-hranjenje-Cherry-2.png","type":"image\/png"}],"twitter_card":"summary_large_image","twitter_misc":{"Price":"59,95&nbsp;&euro;","Availability":"In stock"},"schema":{"@context":"https:\/\/schema.org","@graph":[{"@type":"WebPage","@id":"https:\/\/najnaj.eu\/sl\/izdelek\/set-za-hranjenje-lassig-cesnja\/","url":"https:\/\/najnaj.eu\/sl\/izdelek\/set-za-hranjenje-lassig-cesnja\/","name":"Set za hranjenje L\u00e4ssig \u2013 \u010de\u0161nja - NajNaj.eu","isPartOf":{"@id":"https:\/\/najnaj.eu\/sl\/#website"},"primaryImageOfPage":{"@id":"https:\/\/najnaj.eu\/sl\/izdelek\/set-za-hranjenje-lassig-cesnja\/#primaryimage"},"image":{"@id":"https:\/\/najnaj.eu\/sl\/izdelek\/set-za-hranjenje-lassig-cesnja\/#primaryimage"},"thumbnailUrl":"https:\/\/najnaj.eu\/wp-content\/uploads\/2025\/08\/Set-za-hranjenje-Cherry-1-1.png","datePublished":"2025-08-29T12:18:13+00:00","dateModified":"2026-01-26T08:25:46+00:00","description":"Komplet za prve samostojne obroke - komplet silikonskega jedilnega pribora v obliki mavrice, komplet slin\u010dkov z vodoodporno plastjo in komplet jedilnega pribora.","breadcrumb":{"@id":"https:\/\/najnaj.eu\/sl\/izdelek\/set-za-hranjenje-lassig-cesnja\/#breadcrumb"},"inLanguage":"sl-SI","potentialAction":[{"@type":"ReadAction","target":["https:\/\/najnaj.eu\/sl\/izdelek\/set-za-hranjenje-lassig-cesnja\/"]}]},{"@type":"ImageObject","inLanguage":"sl-SI","@id":"https:\/\/najnaj.eu\/sl\/izdelek\/set-za-hranjenje-lassig-cesnja\/#primaryimage","url":"https:\/\/najnaj.eu\/wp-content\/uploads\/2025\/08\/Set-za-hranjenje-Cherry-1-1.png","contentUrl":"https:\/\/najnaj.eu\/wp-content\/uploads\/2025\/08\/Set-za-hranjenje-Cherry-1-1.png","width":1080,"height":1080},{"@type":"BreadcrumbList","@id":"https:\/\/najnaj.eu\/sl\/izdelek\/set-za-hranjenje-lassig-cesnja\/#breadcrumb","itemListElement":[{"@type":"ListItem","position":1,"name":"Po\u010detna stranica","item":"https:\/\/najnaj.eu\/sl\/prednja-stran\/"},{"@type":"ListItem","position":2,"name":"Shop","item":"https:\/\/najnaj.eu\/sl\/shop\/"},{"@type":"ListItem","position":3,"name":"Set za hranjenje L\u00e4ssig \u2013 \u010de\u0161nja"}]},{"@type":"WebSite","@id":"https:\/\/najnaj.eu\/sl\/#website","url":"https:\/\/najnaj.eu\/sl\/","name":"NajNaj.eu","description":"Za najva\u017enije!","publisher":{"@id":"https:\/\/najnaj.eu\/sl\/#organization"},"potentialAction":[{"@type":"SearchAction","target":{"@type":"EntryPoint","urlTemplate":"https:\/\/najnaj.eu\/sl\/?s={search_term_string}"},"query-input":{"@type":"PropertyValueSpecification","valueRequired":true,"valueName":"search_term_string"}}],"inLanguage":"sl-SI"},{"@type":"Organization","@id":"https:\/\/najnaj.eu\/sl\/#organization","name":"NajNaj.eu","url":"https:\/\/najnaj.eu\/sl\/","logo":{"@type":"ImageObject","inLanguage":"sl-SI","@id":"https:\/\/najnaj.eu\/sl\/#\/schema\/logo\/image\/","url":"https:\/\/najnaj.eu\/wp-content\/uploads\/2023\/09\/logo_Najnaj_2023.svg","contentUrl":"https:\/\/najnaj.eu\/wp-content\/uploads\/2023\/09\/logo_Najnaj_2023.svg","width":501,"height":278,"caption":"NajNaj.eu"},"image":{"@id":"https:\/\/najnaj.eu\/sl\/#\/schema\/logo\/image\/"},"sameAs":["https:\/\/web.facebook.com\/najnaj.eu\/","https:\/\/www.instagram.com\/najnaj.eu\/","https:\/\/www.tiktok.com\/@najnaj.eu"]}]},"product_brand":"L\u00e4ssig","product_price_amount":"59.95","product_price_currency":"EUR","og_availability":"instock","product_availability":"instock","product_retailer_item_id":"Set_za_hranjenje_Cherry","product_condition":"new"},"_links":{"self":[{"href":"https:\/\/najnaj.eu\/sl\/wp-json\/wp\/v2\/product\/268873","targetHints":{"allow":["GET"]}}],"collection":[{"href":"https:\/\/najnaj.eu\/sl\/wp-json\/wp\/v2\/product"}],"about":[{"href":"https:\/\/najnaj.eu\/sl\/wp-json\/wp\/v2\/types\/product"}],"replies":[{"embeddable":true,"href":"https:\/\/najnaj.eu\/sl\/wp-json\/wp\/v2\/comments?post=268873"}],"version-history":[{"count":0,"href":"https:\/\/najnaj.eu\/sl\/wp-json\/wp\/v2\/product\/268873\/revisions"}],"wp:featuredmedia":[{"embeddable":true,"href":"https:\/\/najnaj.eu\/sl\/wp-json\/wp\/v2\/media\/268919"}],"wp:attachment":[{"href":"https:\/\/najnaj.eu\/sl\/wp-json\/wp\/v2\/media?parent=268873"}],"wp:term":[{"taxonomy":"product_brand","embeddable":true,"href":"https:\/\/najnaj.eu\/sl\/wp-json\/wp\/v2\/product_brand?post=268873"},{"taxonomy":"product_cat","embeddable":true,"href":"https:\/\/najnaj.eu\/sl\/wp-json\/wp\/v2\/product_cat?post=268873"},{"taxonomy":"product_tag","embeddable":true,"href":"https:\/\/najnaj.eu\/sl\/wp-json\/wp\/v2\/product_tag?post=268873"}],"curies":[{"name":"wp","href":"https:\/\/api.w.org\/{rel}","templated":true}]}}