{"id":268569,"date":"2025-08-28T10:59:54","date_gmt":"2025-08-28T08:59:54","guid":{"rendered":"https:\/\/najnaj.eu\/proizvod\/b-box-maxi-set-za-solarje-indigo-rose\/"},"modified":"2026-04-18T13:05:09","modified_gmt":"2026-04-18T11:05:09","slug":"b-box-maxi-set-za-solarje-indigo-rose","status":"publish","type":"product","link":"https:\/\/najnaj.eu\/sl\/izdelek\/b-box-maxi-set-za-solarje-indigo-rose\/","title":{"rendered":"b.box Maxi set za \u0161olarje \u2013 Indigo Rose"},"content":{"rendered":"<p><span style=\"font-weight: 400;\">Vsebina kompleta:<\/span><\/p>\n<h4><a href=\"https:\/\/najnaj.eu\/sl\/izdelek\/b-box-sportna-termo-bucka-500-ml-smaragdni-gozd -2\/\" target=\"_blank\" rel=\"noopener\"><b>1. b.box \u0161portna termo steklenica, 500 ml \u2013 indigo roza<\/b><\/a><\/h4>\n<p><span style=\"font-weight: 400;\">Dvostenska termos steklenica iz nerjave\u010dega jekla ohranja pija\u010do hladno do 15 ur ali toplo do 8 ur. Pokrov se odpre s pritiskom in ko je zaprt, steklenica ne pu\u0161\u010da, mehka silikonska slamica z ventilom pa omogo\u010da enostavno pitje in ostane \u010dista pod pokrovom. \u0160iroka odprtina omogo\u010da enostavno polnjenje in dodajanje ledenih kock, silikonski ro\u010daj pa omogo\u010da enostavno prena\u0161anje.  <\/span><\/p>\n<ul>\n<li style=\"font-weight: 400;\" aria-level=\"1\"><span style=\"font-weight: 400;\">Prostornina 500 ml; \u0161iroka odprtina za led in enostavno \u010di\u0161\u010denje<\/span><\/li>\n<li style=\"font-weight: 400;\" aria-level=\"1\"><span style=\"font-weight: 400;\">Dvostenska slamica iz nerjave\u010dega jekla; silikonska slamica z ventilom<\/span><\/li>\n<li style=\"font-weight: 400;\" aria-level=\"1\"><span style=\"font-weight: 400;\">Pokrov\u010dek, ki se natakne na tla; neprepusten v zaprtem stanju; silikonski trak za no\u0161enje<\/span><\/li>\n<li style=\"font-weight: 400;\" aria-level=\"1\"><span style=\"font-weight: 400;\">Pralni stroj (zgornja polica); brez BPA, ftalatov in PVC-ja<\/span><\/li>\n<\/ul>\n<h4><a href=\"https:\/\/najnaj.eu\/sl\/izdelek\/b-box-snack-box-limonin-serbet \/\" target=\"_blank\" rel=\"noopener\"><b>2. b.box \u0161katla za prigrizke \u2013 indigo vrtnica<\/b><\/a><\/h4>\n<p><span style=\"font-weight: 400;\">Prostorna \u0161katla za malico z velikim predalom za cel sendvi\u010d ali pecivo in odstranljivo pregrado, ki omogo\u010da prilagajanje razporeditve po potrebi. Gel blazinica pod predalom ohranja obroke hladne in sve\u017ee, neprepustna silikonska tesnila pa zanesljivo zadr\u017eijo mokro hrano, kot sta jogurt ali lubenica (ne teko\u010din). Poseben predal z raztegljivim tesnilom sprejme celo sadje brez rezanja.  <\/span><\/p>\n<ul>\n<li style=\"font-weight: 400;\" aria-level=\"1\"><span style=\"font-weight: 400;\">Prostornina 2 l; dimenzije 23,5 x 21,5 x 6,5 cm<\/span><\/li>\n<li style=\"font-weight: 400;\" aria-level=\"1\"><span style=\"font-weight: 400;\">Odstranljiva\/drsna pregrada; predal za celo jabolko ali banano<\/span><\/li>\n<li style=\"font-weight: 400;\" aria-level=\"1\"><span style=\"font-weight: 400;\">Neprepustna, popolnoma odstranljiva tesnila za enostavno \u010di\u0161\u010denje<\/span><\/li>\n<li style=\"font-weight: 400;\" aria-level=\"1\"><span style=\"font-weight: 400;\">PP in silikon; brez BPA, ftalatov in PVC-ja; pomivalni stroj (zgornja polica, do 60 \u00b0C)<\/span><\/li>\n<\/ul>\n","protected":false},"excerpt":{"rendered":"<p><span style=\"font-weight: 400;\">Vse za celodnevno hidracijo in raznolike obroke, pripravljeno za \u0161olo in dejavnosti. Komplet vklju\u010duje 500 ml \u0161portno termo steklenico b.box, ki pija\u010do ohranja hladno do 15 ur ali toplo do 8 ur, ter \u0161katlo za malico s prilagodljivo razporeditvijo predalov, gel blazinico za sve\u017eino in posebnim predalom za celo sadje brez rezanja. Steklenica ima pokrov na pritisk, je v zaprtem stanju neprepustna in ima silikonski trak za no\u0161enje, \u0161katla za malico pa omogo\u010da prilagoditev z odstranljivo pregrado in neprepustnimi tesnili, ki prepre\u010dujejo razlitje mokre hrane. Oba izdelka sta izdelana iz varnih materialov, brez BPA, ftalatov in PVC-ja, ter sta primerna za pomivanje v pomivalnem stroju z zgornjo re\u0161etko.   <\/span><\/p>\n","protected":false},"featured_media":268536,"comment_status":"closed","ping_status":"closed","template":"","meta":{"_acf_changed":false,"footnotes":""},"product_brand":[],"product_cat":[1709,577,2216,740],"product_tag":[],"class_list":{"0":"post-268569","1":"product","2":"type-product","3":"status-publish","4":"has-post-thumbnail","6":"product_cat-pokloni","7":"product_cat-hranjenje","8":"product_cat-setovi-za-hranjenje","9":"product_cat-super-prilika","10":"pa_brand-b-box","11":"pa_vrsta-posuda-kutije-za-uzinu","12":"pa_vrsta-posuda-termo-bocice","14":"first","15":"instock","16":"sale","17":"virtual","18":"purchasable","19":"product-type-bundle"},"bundled_by":[],"bundle_stock_status":"instock","bundle_stock_quantity":4,"bundle_virtual":false,"bundle_layout":"grid","bundle_add_to_cart_form_location":"default","bundle_editable_in_cart":false,"bundle_sold_individually_context":"product","bundle_item_grouping":"parent","bundle_min_size":"","bundle_max_size":"","bundle_price":{"price":{"min":{"incl_tax":"44.99","excl_tax":"44.99"},"max":{"incl_tax":"44.99","excl_tax":"44.99"}},"regular_price":{"min":{"incl_tax":"52.98","excl_tax":"52.98"},"max":{"incl_tax":"52.98","excl_tax":"52.98"}}},"bundled_items":[{"bundled_item_id":123,"product_id":209046,"menu_order":0,"quantity_min":1,"quantity_max":1,"quantity_default":1,"priced_individually":false,"shipped_individually":false,"override_title":true,"title":"\u0160portna termo steklenica, 500 ml - Indigo Rose","override_description":true,"description":"","optional":false,"hide_thumbnail":false,"discount":"","override_variations":false,"allowed_variations":[""],"override_default_variation_attributes":false,"default_variation_attributes":[],"single_product_visibility":"visible","cart_visibility":"visible","order_visibility":"visible","single_product_price_visibility":"visible","cart_price_visibility":"visible","order_price_visibility":"visible","stock_status":"in_stock"},{"bundled_item_id":124,"product_id":206849,"menu_order":1,"quantity_min":1,"quantity_max":1,"quantity_default":1,"priced_individually":false,"shipped_individually":false,"override_title":true,"title":"\u0160katla za prigrizke - Indigo vrtnica","override_description":true,"description":"","optional":false,"hide_thumbnail":false,"discount":"","override_variations":false,"allowed_variations":[""],"override_default_variation_attributes":false,"default_variation_attributes":[],"single_product_visibility":"visible","cart_visibility":"visible","order_visibility":"visible","single_product_price_visibility":"visible","cart_price_visibility":"visible","order_price_visibility":"visible","stock_status":"in_stock"}],"bundle_sell_ids":[],"acf":[],"yoast_head":"<!-- This site is optimized with the Yoast SEO Premium plugin v21.5 (Yoast SEO v27.4) - https:\/\/yoast.com\/product\/yoast-seo-premium-wordpress\/ -->\n<title>b.box Maxi set za \u0161olarje \u2013 Indigo Rose - NajNaj.eu<\/title>\n<meta name=\"description\" content=\"Vse za celodnevno hidracijo in raznolike obroke - b.box 500 ml \u0161portna termo steklenica in \u0161katla za prigrizke s prilagodljivo razporeditvijo predalov\" \/>\n<meta name=\"robots\" content=\"index, follow, max-snippet:-1, max-image-preview:large, max-video-preview:-1\" \/>\n<link rel=\"canonical\" href=\"https:\/\/najnaj.eu\/sl\/izdelek\/b-box-maxi-set-za-solarje-indigo-rose\/\" \/>\n<meta property=\"og:locale\" content=\"sl_SI\" \/>\n<meta property=\"og:type\" content=\"article\" \/>\n<meta property=\"og:title\" content=\"b.box Maxi set za \u0161olarje \u2013 Indigo Rose\" \/>\n<meta property=\"og:description\" content=\"Vse za celodnevno hidracijo in raznolike obroke - b.box 500 ml \u0161portna termo steklenica in \u0161katla za prigrizke s prilagodljivo razporeditvijo predalov\" \/>\n<meta property=\"og:url\" content=\"https:\/\/najnaj.eu\/sl\/izdelek\/b-box-maxi-set-za-solarje-indigo-rose\/\" \/>\n<meta property=\"og:site_name\" content=\"NajNaj.eu\" \/>\n<meta property=\"article:publisher\" content=\"https:\/\/web.facebook.com\/najnaj.eu\/\" \/>\n<meta property=\"article:modified_time\" content=\"2026-04-18T11:05:09+00:00\" \/>\n<meta property=\"og:image\" content=\"https:\/\/najnaj.eu\/wp-content\/uploads\/2025\/08\/Maxi-set-za-skolarce-Indigo-Rose-1.png\" \/>\n\t<meta property=\"og:image:width\" content=\"1080\" \/>\n\t<meta property=\"og:image:height\" content=\"1080\" \/>\n\t<meta property=\"og:image:type\" content=\"image\/png\" \/>\n<meta name=\"twitter:card\" content=\"summary_large_image\" \/>\n<meta name=\"twitter:label1\" content=\"Price\" \/>\n\t<meta name=\"twitter:data1\" content=\"44,99&nbsp;&euro;\" \/>\n\t<meta name=\"twitter:label2\" content=\"Availability\" \/>\n\t<meta name=\"twitter:data2\" content=\"In stock\" \/>\n<script type=\"application\/ld+json\" class=\"yoast-schema-graph\">{\"@context\":\"https:\\\/\\\/schema.org\",\"@graph\":[{\"@type\":\"WebPage\",\"@id\":\"https:\\\/\\\/najnaj.eu\\\/sl\\\/izdelek\\\/b-box-maxi-set-za-solarje-indigo-rose\\\/\",\"url\":\"https:\\\/\\\/najnaj.eu\\\/sl\\\/izdelek\\\/b-box-maxi-set-za-solarje-indigo-rose\\\/\",\"name\":\"b.box Maxi set za \u0161olarje \u2013 Indigo Rose - NajNaj.eu\",\"isPartOf\":{\"@id\":\"https:\\\/\\\/najnaj.eu\\\/sl\\\/#website\"},\"primaryImageOfPage\":{\"@id\":\"https:\\\/\\\/najnaj.eu\\\/sl\\\/izdelek\\\/b-box-maxi-set-za-solarje-indigo-rose\\\/#primaryimage\"},\"image\":{\"@id\":\"https:\\\/\\\/najnaj.eu\\\/sl\\\/izdelek\\\/b-box-maxi-set-za-solarje-indigo-rose\\\/#primaryimage\"},\"thumbnailUrl\":\"https:\\\/\\\/najnaj.eu\\\/wp-content\\\/uploads\\\/2025\\\/08\\\/Maxi-set-za-skolarce-Indigo-Rose-1.png\",\"datePublished\":\"2025-08-28T08:59:54+00:00\",\"dateModified\":\"2026-04-18T11:05:09+00:00\",\"description\":\"Vse za celodnevno hidracijo in raznolike obroke - b.box 500 ml \u0161portna termo steklenica in \u0161katla za prigrizke s prilagodljivo razporeditvijo predalov\",\"breadcrumb\":{\"@id\":\"https:\\\/\\\/najnaj.eu\\\/sl\\\/izdelek\\\/b-box-maxi-set-za-solarje-indigo-rose\\\/#breadcrumb\"},\"inLanguage\":\"sl-SI\",\"potentialAction\":[{\"@type\":\"ReadAction\",\"target\":[\"https:\\\/\\\/najnaj.eu\\\/sl\\\/izdelek\\\/b-box-maxi-set-za-solarje-indigo-rose\\\/\"]}]},{\"@type\":\"ImageObject\",\"inLanguage\":\"sl-SI\",\"@id\":\"https:\\\/\\\/najnaj.eu\\\/sl\\\/izdelek\\\/b-box-maxi-set-za-solarje-indigo-rose\\\/#primaryimage\",\"url\":\"https:\\\/\\\/najnaj.eu\\\/wp-content\\\/uploads\\\/2025\\\/08\\\/Maxi-set-za-skolarce-Indigo-Rose-1.png\",\"contentUrl\":\"https:\\\/\\\/najnaj.eu\\\/wp-content\\\/uploads\\\/2025\\\/08\\\/Maxi-set-za-skolarce-Indigo-Rose-1.png\",\"width\":1080,\"height\":1080},{\"@type\":\"BreadcrumbList\",\"@id\":\"https:\\\/\\\/najnaj.eu\\\/sl\\\/izdelek\\\/b-box-maxi-set-za-solarje-indigo-rose\\\/#breadcrumb\",\"itemListElement\":[{\"@type\":\"ListItem\",\"position\":1,\"name\":\"Po\u010detna stranica\",\"item\":\"https:\\\/\\\/najnaj.eu\\\/sl\\\/prednja-stran\\\/\"},{\"@type\":\"ListItem\",\"position\":2,\"name\":\"Shop\",\"item\":\"https:\\\/\\\/najnaj.eu\\\/sl\\\/shop\\\/\"},{\"@type\":\"ListItem\",\"position\":3,\"name\":\"b.box Maxi set za \u0161olarje \u2013 Indigo Rose\"}]},{\"@type\":\"WebSite\",\"@id\":\"https:\\\/\\\/najnaj.eu\\\/sl\\\/#website\",\"url\":\"https:\\\/\\\/najnaj.eu\\\/sl\\\/\",\"name\":\"NajNaj.eu\",\"description\":\"Za najva\u017enije!\",\"publisher\":{\"@id\":\"https:\\\/\\\/najnaj.eu\\\/sl\\\/#organization\"},\"potentialAction\":[{\"@type\":\"SearchAction\",\"target\":{\"@type\":\"EntryPoint\",\"urlTemplate\":\"https:\\\/\\\/najnaj.eu\\\/sl\\\/?s={search_term_string}\"},\"query-input\":{\"@type\":\"PropertyValueSpecification\",\"valueRequired\":true,\"valueName\":\"search_term_string\"}}],\"inLanguage\":\"sl-SI\"},{\"@type\":\"Organization\",\"@id\":\"https:\\\/\\\/najnaj.eu\\\/sl\\\/#organization\",\"name\":\"NajNaj.eu\",\"url\":\"https:\\\/\\\/najnaj.eu\\\/sl\\\/\",\"logo\":{\"@type\":\"ImageObject\",\"inLanguage\":\"sl-SI\",\"@id\":\"https:\\\/\\\/najnaj.eu\\\/sl\\\/#\\\/schema\\\/logo\\\/image\\\/\",\"url\":\"https:\\\/\\\/najnaj.eu\\\/wp-content\\\/uploads\\\/2023\\\/09\\\/logo_Najnaj_2023.svg\",\"contentUrl\":\"https:\\\/\\\/najnaj.eu\\\/wp-content\\\/uploads\\\/2023\\\/09\\\/logo_Najnaj_2023.svg\",\"width\":501,\"height\":278,\"caption\":\"NajNaj.eu\"},\"image\":{\"@id\":\"https:\\\/\\\/najnaj.eu\\\/sl\\\/#\\\/schema\\\/logo\\\/image\\\/\"},\"sameAs\":[\"https:\\\/\\\/web.facebook.com\\\/najnaj.eu\\\/\",\"https:\\\/\\\/www.instagram.com\\\/najnaj.eu\\\/\",\"https:\\\/\\\/www.tiktok.com\\\/@najnaj.eu\"]}]}<\/script>\n<meta property=\"product:brand\" content=\"b.box\" \/>\n<meta property=\"product:price:amount\" content=\"44.99\" \/>\n<meta property=\"product:price:currency\" content=\"EUR\" \/>\n<meta property=\"og:availability\" content=\"instock\" \/>\n<meta property=\"product:availability\" content=\"instock\" \/>\n<meta property=\"product:retailer_item_id\" content=\"Maxi_set_za_skolarce_Indigo_Rose\" \/>\n<meta property=\"product:condition\" content=\"new\" \/>\n<!-- \/ Yoast SEO Premium plugin. -->","yoast_head_json":{"title":"b.box Maxi set za \u0161olarje \u2013 Indigo Rose - NajNaj.eu","description":"Vse za celodnevno hidracijo in raznolike obroke - b.box 500 ml \u0161portna termo steklenica in \u0161katla za prigrizke s prilagodljivo razporeditvijo predalov","robots":{"index":"index","follow":"follow","max-snippet":"max-snippet:-1","max-image-preview":"max-image-preview:large","max-video-preview":"max-video-preview:-1"},"canonical":"https:\/\/najnaj.eu\/sl\/izdelek\/b-box-maxi-set-za-solarje-indigo-rose\/","og_locale":"sl_SI","og_type":"article","og_title":"b.box Maxi set za \u0161olarje \u2013 Indigo Rose","og_description":"Vse za celodnevno hidracijo in raznolike obroke - b.box 500 ml \u0161portna termo steklenica in \u0161katla za prigrizke s prilagodljivo razporeditvijo predalov","og_url":"https:\/\/najnaj.eu\/sl\/izdelek\/b-box-maxi-set-za-solarje-indigo-rose\/","og_site_name":"NajNaj.eu","article_publisher":"https:\/\/web.facebook.com\/najnaj.eu\/","article_modified_time":"2026-04-18T11:05:09+00:00","og_image":[{"width":1080,"height":1080,"url":"https:\/\/najnaj.eu\/wp-content\/uploads\/2025\/08\/Maxi-set-za-skolarce-Indigo-Rose-1.png","type":"image\/png"}],"twitter_card":"summary_large_image","twitter_misc":{"Price":"44,99&nbsp;&euro;","Availability":"In stock"},"schema":{"@context":"https:\/\/schema.org","@graph":[{"@type":"WebPage","@id":"https:\/\/najnaj.eu\/sl\/izdelek\/b-box-maxi-set-za-solarje-indigo-rose\/","url":"https:\/\/najnaj.eu\/sl\/izdelek\/b-box-maxi-set-za-solarje-indigo-rose\/","name":"b.box Maxi set za \u0161olarje \u2013 Indigo Rose - NajNaj.eu","isPartOf":{"@id":"https:\/\/najnaj.eu\/sl\/#website"},"primaryImageOfPage":{"@id":"https:\/\/najnaj.eu\/sl\/izdelek\/b-box-maxi-set-za-solarje-indigo-rose\/#primaryimage"},"image":{"@id":"https:\/\/najnaj.eu\/sl\/izdelek\/b-box-maxi-set-za-solarje-indigo-rose\/#primaryimage"},"thumbnailUrl":"https:\/\/najnaj.eu\/wp-content\/uploads\/2025\/08\/Maxi-set-za-skolarce-Indigo-Rose-1.png","datePublished":"2025-08-28T08:59:54+00:00","dateModified":"2026-04-18T11:05:09+00:00","description":"Vse za celodnevno hidracijo in raznolike obroke - b.box 500 ml \u0161portna termo steklenica in \u0161katla za prigrizke s prilagodljivo razporeditvijo predalov","breadcrumb":{"@id":"https:\/\/najnaj.eu\/sl\/izdelek\/b-box-maxi-set-za-solarje-indigo-rose\/#breadcrumb"},"inLanguage":"sl-SI","potentialAction":[{"@type":"ReadAction","target":["https:\/\/najnaj.eu\/sl\/izdelek\/b-box-maxi-set-za-solarje-indigo-rose\/"]}]},{"@type":"ImageObject","inLanguage":"sl-SI","@id":"https:\/\/najnaj.eu\/sl\/izdelek\/b-box-maxi-set-za-solarje-indigo-rose\/#primaryimage","url":"https:\/\/najnaj.eu\/wp-content\/uploads\/2025\/08\/Maxi-set-za-skolarce-Indigo-Rose-1.png","contentUrl":"https:\/\/najnaj.eu\/wp-content\/uploads\/2025\/08\/Maxi-set-za-skolarce-Indigo-Rose-1.png","width":1080,"height":1080},{"@type":"BreadcrumbList","@id":"https:\/\/najnaj.eu\/sl\/izdelek\/b-box-maxi-set-za-solarje-indigo-rose\/#breadcrumb","itemListElement":[{"@type":"ListItem","position":1,"name":"Po\u010detna stranica","item":"https:\/\/najnaj.eu\/sl\/prednja-stran\/"},{"@type":"ListItem","position":2,"name":"Shop","item":"https:\/\/najnaj.eu\/sl\/shop\/"},{"@type":"ListItem","position":3,"name":"b.box Maxi set za \u0161olarje \u2013 Indigo Rose"}]},{"@type":"WebSite","@id":"https:\/\/najnaj.eu\/sl\/#website","url":"https:\/\/najnaj.eu\/sl\/","name":"NajNaj.eu","description":"Za najva\u017enije!","publisher":{"@id":"https:\/\/najnaj.eu\/sl\/#organization"},"potentialAction":[{"@type":"SearchAction","target":{"@type":"EntryPoint","urlTemplate":"https:\/\/najnaj.eu\/sl\/?s={search_term_string}"},"query-input":{"@type":"PropertyValueSpecification","valueRequired":true,"valueName":"search_term_string"}}],"inLanguage":"sl-SI"},{"@type":"Organization","@id":"https:\/\/najnaj.eu\/sl\/#organization","name":"NajNaj.eu","url":"https:\/\/najnaj.eu\/sl\/","logo":{"@type":"ImageObject","inLanguage":"sl-SI","@id":"https:\/\/najnaj.eu\/sl\/#\/schema\/logo\/image\/","url":"https:\/\/najnaj.eu\/wp-content\/uploads\/2023\/09\/logo_Najnaj_2023.svg","contentUrl":"https:\/\/najnaj.eu\/wp-content\/uploads\/2023\/09\/logo_Najnaj_2023.svg","width":501,"height":278,"caption":"NajNaj.eu"},"image":{"@id":"https:\/\/najnaj.eu\/sl\/#\/schema\/logo\/image\/"},"sameAs":["https:\/\/web.facebook.com\/najnaj.eu\/","https:\/\/www.instagram.com\/najnaj.eu\/","https:\/\/www.tiktok.com\/@najnaj.eu"]}]},"product_brand":"b.box","product_price_amount":"44.99","product_price_currency":"EUR","og_availability":"instock","product_availability":"instock","product_retailer_item_id":"Maxi_set_za_skolarce_Indigo_Rose","product_condition":"new"},"_links":{"self":[{"href":"https:\/\/najnaj.eu\/sl\/wp-json\/wp\/v2\/product\/268569","targetHints":{"allow":["GET"]}}],"collection":[{"href":"https:\/\/najnaj.eu\/sl\/wp-json\/wp\/v2\/product"}],"about":[{"href":"https:\/\/najnaj.eu\/sl\/wp-json\/wp\/v2\/types\/product"}],"replies":[{"embeddable":true,"href":"https:\/\/najnaj.eu\/sl\/wp-json\/wp\/v2\/comments?post=268569"}],"version-history":[{"count":0,"href":"https:\/\/najnaj.eu\/sl\/wp-json\/wp\/v2\/product\/268569\/revisions"}],"wp:featuredmedia":[{"embeddable":true,"href":"https:\/\/najnaj.eu\/sl\/wp-json\/wp\/v2\/media\/268536"}],"wp:attachment":[{"href":"https:\/\/najnaj.eu\/sl\/wp-json\/wp\/v2\/media?parent=268569"}],"wp:term":[{"taxonomy":"product_brand","embeddable":true,"href":"https:\/\/najnaj.eu\/sl\/wp-json\/wp\/v2\/product_brand?post=268569"},{"taxonomy":"product_cat","embeddable":true,"href":"https:\/\/najnaj.eu\/sl\/wp-json\/wp\/v2\/product_cat?post=268569"},{"taxonomy":"product_tag","embeddable":true,"href":"https:\/\/najnaj.eu\/sl\/wp-json\/wp\/v2\/product_tag?post=268569"}],"curies":[{"name":"wp","href":"https:\/\/api.w.org\/{rel}","templated":true}]}}