{"id":266061,"date":"2025-07-31T10:10:29","date_gmt":"2025-07-31T08:10:29","guid":{"rendered":"https:\/\/najnaj.eu\/proizvod\/lassig-3-delni-silikonski-jedilni-set-happy-fruits-cherry\/"},"modified":"2025-07-31T10:10:29","modified_gmt":"2025-07-31T08:10:29","slug":"lassig-3-delni-silikonski-jedilni-set-happy-fruits-cherry","status":"publish","type":"product","link":"https:\/\/najnaj.eu\/sl\/izdelek\/lassig-3-delni-silikonski-jedilni-set-happy-fruits-cherry\/","title":{"rendered":"L\u00e4ssig 3-delni silikonski jedilni set Happy Fruits Cherry"},"content":{"rendered":"<p>Veselo sadje, prava zabava! Komplet silikonskih posod L\u00c4SSIG z mavrico je mogo\u010de razdeliti na tri lo\u010dene sklede in ponuja veliko ustvarjalnih mo\u017enosti serviranja. Ne glede na to, ali gre za me\u0161anje, sortiranje, pomakanje ali u\u017eivanje s priborom, bodo otroci ta komplet obo\u017eevali!  <\/p>\n<p>Informacije o izdelku:<br \/>\n &#8211; 3-delni komplet: kro\u017enik, skleda in kro\u017enik za prigrizke<br \/>\n &#8211; Dimenzije: 21 x 16,5 x 4 cm \/ 380 g<br \/>\n &#8211; Material: silikon<br \/>\n &#8211; Brez BPA<br \/>\n &#8211; Primerno za otroke od 6 mesecev<\/p>\n<p>Posebne lastnosti:<br \/>\n &#8211; Spremenite 1 v 3: tri predmete lahko uporabite skupaj ali lo\u010deno<br \/>\n &#8211; Prakti\u010dno in prilagodljivo: zahvaljujo\u010d razli\u010dnim oblikam in vi\u0161inam je prava posoda vedno pri roki<br \/>\n &#8211; Prihranek prostora: vse predmete je mogo\u010de zlo\u017eiti enega v drugega, da prihranite prostor za enostavno shranjevanje<br \/>\n &#8211; Robustna in vzdr\u017eljiva: izdelana iz pro\u017enega, odpornega materiala<br \/>\n &#8211; Lahko se pomiva v pomivalnem stroju in mikrovalovni pe\u010dici<\/p>\n<p>Silikonski komplet jedilnega pribora je popoln dodatek k \u0161tevilnim drugim veselim izdelkom iz kolekcije Happy Fruits, ki zagotavlja zabavo in raznolikost pri vsakem obroku!<\/p>\n","protected":false},"excerpt":{"rendered":"<p>Silikonski komplet posodic L\u00c4SSIG iz mavrice ponuja tri vsestranske posode za ustvarjalno serviranje hrane. Prilagodljive, trpe\u017ene in prihranijo prostor \u2013 idealne za uvajanje hrane od 6. meseca dalje. Primerne za pomivanje v pomivalnem stroju in mikrovalovno pe\u010dico.  <\/p>\n<p>Za popoln komplet jedilnega pribora v kombinaciji z <a href=\"https:\/\/najnaj.eu\/sl\/izdelek\/jedilni-pribor-lassig-s-silikonskim-rocajem-3-kosi-happy-fruits-cherry\/\" target=\"_blank\" rel=\"noopener\"><strong>L\u00e4ssig jedilnim priborom s silikonskim ro\u010dajem, 3-delnim Happy Fruits Cherry<\/strong><\/a> !<\/p>\n","protected":false},"featured_media":265914,"comment_status":"closed","ping_status":"closed","template":"","meta":{"_acf_changed":false,"footnotes":""},"product_brand":[],"product_cat":[1167,1379,1275],"product_tag":[],"class_list":{"0":"post-266061","1":"product","2":"type-product","3":"status-publish","4":"has-post-thumbnail","6":"product_cat-hranjenje-sl","7":"product_cat-krozniki-in-sklede","8":"product_cat-posoda","9":"pa_boja-bijela-sl","10":"pa_boja-roza-sl","11":"pa_boja-zelena-sl","12":"pa_brand-lassig-sl","14":"first","15":"instock","16":"shipping-taxable","17":"purchasable","18":"product-type-simple"},"bundled_by":["268873"],"bundle_stock_status":"instock","bundle_stock_quantity":10,"bundle_virtual":false,"bundle_layout":"","bundle_add_to_cart_form_location":"","bundle_editable_in_cart":false,"bundle_sold_individually_context":"","bundle_item_grouping":"","bundle_min_size":"","bundle_max_size":"","bundle_price":[],"bundled_items":[],"bundle_sell_ids":[],"acf":[],"yoast_head":"<!-- This site is optimized with the Yoast SEO Premium plugin v21.5 (Yoast SEO v27.3) - https:\/\/yoast.com\/product\/yoast-seo-premium-wordpress\/ -->\n<title>L\u00e4ssig 3-delni silikonski jedilni set Happy Fruits Cherry - NajNaj.eu<\/title>\n<meta name=\"robots\" content=\"index, follow, max-snippet:-1, max-image-preview:large, max-video-preview:-1\" \/>\n<link rel=\"canonical\" href=\"https:\/\/najnaj.eu\/sl\/izdelek\/lassig-3-delni-silikonski-jedilni-set-happy-fruits-cherry\/\" \/>\n<meta property=\"og:locale\" content=\"sl_SI\" \/>\n<meta property=\"og:type\" content=\"article\" \/>\n<meta property=\"og:title\" content=\"L\u00e4ssig 3-delni silikonski jedilni set Happy Fruits Cherry\" \/>\n<meta property=\"og:description\" content=\"Silikonski komplet posodic L\u00c4SSIG iz mavrice ponuja tri vsestranske posode za ustvarjalno serviranje hrane. Prilagodljive, trpe\u017ene in prihranijo prostor \u2013 idealne za uvajanje hrane od 6. meseca dalje. Primerne za pomivanje v pomivalnem stroju in mikrovalovno pe\u010dico.  Za popoln komplet jedilnega pribora v kombinaciji z L\u00e4ssig jedilnim priborom s silikonskim ro\u010dajem, 3-delnim Happy Fruits Cherry !\" \/>\n<meta property=\"og:url\" content=\"https:\/\/najnaj.eu\/sl\/izdelek\/lassig-3-delni-silikonski-jedilni-set-happy-fruits-cherry\/\" \/>\n<meta property=\"og:site_name\" content=\"NajNaj.eu\" \/>\n<meta property=\"article:publisher\" content=\"https:\/\/web.facebook.com\/najnaj.eu\/\" \/>\n<meta property=\"og:image\" content=\"https:\/\/najnaj.eu\/wp-content\/uploads\/2025\/07\/KID_F24_13100262007_P_4.jpg\" \/>\n\t<meta property=\"og:image:width\" content=\"2000\" \/>\n\t<meta property=\"og:image:height\" content=\"2000\" \/>\n\t<meta property=\"og:image:type\" content=\"image\/jpeg\" \/>\n<meta name=\"twitter:card\" content=\"summary_large_image\" \/>\n<meta name=\"twitter:label1\" content=\"Price\" \/>\n\t<meta name=\"twitter:data1\" content=\"29,95&nbsp;&euro;\" \/>\n\t<meta name=\"twitter:label2\" content=\"Availability\" \/>\n\t<meta name=\"twitter:data2\" content=\"In stock\" \/>\n<script type=\"application\/ld+json\" class=\"yoast-schema-graph\">{\"@context\":\"https:\\\/\\\/schema.org\",\"@graph\":[{\"@type\":\"WebPage\",\"@id\":\"https:\\\/\\\/najnaj.eu\\\/sl\\\/izdelek\\\/lassig-3-delni-silikonski-jedilni-set-happy-fruits-cherry\\\/\",\"url\":\"https:\\\/\\\/najnaj.eu\\\/sl\\\/izdelek\\\/lassig-3-delni-silikonski-jedilni-set-happy-fruits-cherry\\\/\",\"name\":\"L\u00e4ssig 3-delni silikonski jedilni set Happy Fruits Cherry - NajNaj.eu\",\"isPartOf\":{\"@id\":\"https:\\\/\\\/najnaj.eu\\\/sl\\\/#website\"},\"primaryImageOfPage\":{\"@id\":\"https:\\\/\\\/najnaj.eu\\\/sl\\\/izdelek\\\/lassig-3-delni-silikonski-jedilni-set-happy-fruits-cherry\\\/#primaryimage\"},\"image\":{\"@id\":\"https:\\\/\\\/najnaj.eu\\\/sl\\\/izdelek\\\/lassig-3-delni-silikonski-jedilni-set-happy-fruits-cherry\\\/#primaryimage\"},\"thumbnailUrl\":\"https:\\\/\\\/najnaj.eu\\\/wp-content\\\/uploads\\\/2025\\\/07\\\/KID_F24_13100262007_P_4.jpg\",\"datePublished\":\"2025-07-31T08:10:29+00:00\",\"breadcrumb\":{\"@id\":\"https:\\\/\\\/najnaj.eu\\\/sl\\\/izdelek\\\/lassig-3-delni-silikonski-jedilni-set-happy-fruits-cherry\\\/#breadcrumb\"},\"inLanguage\":\"sl-SI\",\"potentialAction\":[{\"@type\":\"ReadAction\",\"target\":[\"https:\\\/\\\/najnaj.eu\\\/sl\\\/izdelek\\\/lassig-3-delni-silikonski-jedilni-set-happy-fruits-cherry\\\/\"]}]},{\"@type\":\"ImageObject\",\"inLanguage\":\"sl-SI\",\"@id\":\"https:\\\/\\\/najnaj.eu\\\/sl\\\/izdelek\\\/lassig-3-delni-silikonski-jedilni-set-happy-fruits-cherry\\\/#primaryimage\",\"url\":\"https:\\\/\\\/najnaj.eu\\\/wp-content\\\/uploads\\\/2025\\\/07\\\/KID_F24_13100262007_P_4.jpg\",\"contentUrl\":\"https:\\\/\\\/najnaj.eu\\\/wp-content\\\/uploads\\\/2025\\\/07\\\/KID_F24_13100262007_P_4.jpg\",\"width\":2000,\"height\":2000},{\"@type\":\"BreadcrumbList\",\"@id\":\"https:\\\/\\\/najnaj.eu\\\/sl\\\/izdelek\\\/lassig-3-delni-silikonski-jedilni-set-happy-fruits-cherry\\\/#breadcrumb\",\"itemListElement\":[{\"@type\":\"ListItem\",\"position\":1,\"name\":\"Po\u010detna stranica\",\"item\":\"https:\\\/\\\/najnaj.eu\\\/sl\\\/prednja-stran\\\/\"},{\"@type\":\"ListItem\",\"position\":2,\"name\":\"Shop\",\"item\":\"https:\\\/\\\/najnaj.eu\\\/sl\\\/shop\\\/\"},{\"@type\":\"ListItem\",\"position\":3,\"name\":\"L\u00e4ssig 3-delni silikonski jedilni set Happy Fruits Cherry\"}]},{\"@type\":\"WebSite\",\"@id\":\"https:\\\/\\\/najnaj.eu\\\/sl\\\/#website\",\"url\":\"https:\\\/\\\/najnaj.eu\\\/sl\\\/\",\"name\":\"NajNaj.eu\",\"description\":\"Za najva\u017enije!\",\"publisher\":{\"@id\":\"https:\\\/\\\/najnaj.eu\\\/sl\\\/#organization\"},\"potentialAction\":[{\"@type\":\"SearchAction\",\"target\":{\"@type\":\"EntryPoint\",\"urlTemplate\":\"https:\\\/\\\/najnaj.eu\\\/sl\\\/?s={search_term_string}\"},\"query-input\":{\"@type\":\"PropertyValueSpecification\",\"valueRequired\":true,\"valueName\":\"search_term_string\"}}],\"inLanguage\":\"sl-SI\"},{\"@type\":\"Organization\",\"@id\":\"https:\\\/\\\/najnaj.eu\\\/sl\\\/#organization\",\"name\":\"NajNaj.eu\",\"url\":\"https:\\\/\\\/najnaj.eu\\\/sl\\\/\",\"logo\":{\"@type\":\"ImageObject\",\"inLanguage\":\"sl-SI\",\"@id\":\"https:\\\/\\\/najnaj.eu\\\/sl\\\/#\\\/schema\\\/logo\\\/image\\\/\",\"url\":\"https:\\\/\\\/najnaj.eu\\\/wp-content\\\/uploads\\\/2023\\\/09\\\/logo_Najnaj_2023.svg\",\"contentUrl\":\"https:\\\/\\\/najnaj.eu\\\/wp-content\\\/uploads\\\/2023\\\/09\\\/logo_Najnaj_2023.svg\",\"width\":501,\"height\":278,\"caption\":\"NajNaj.eu\"},\"image\":{\"@id\":\"https:\\\/\\\/najnaj.eu\\\/sl\\\/#\\\/schema\\\/logo\\\/image\\\/\"},\"sameAs\":[\"https:\\\/\\\/web.facebook.com\\\/najnaj.eu\\\/\",\"https:\\\/\\\/www.instagram.com\\\/najnaj.eu\\\/\",\"https:\\\/\\\/www.tiktok.com\\\/@najnaj.eu\"]}]}<\/script>\n<meta property=\"product:brand\" content=\"L\u00e4ssig\" \/>\n<meta property=\"product:price:amount\" content=\"29.95\" \/>\n<meta property=\"product:price:currency\" content=\"EUR\" \/>\n<meta property=\"og:availability\" content=\"instock\" \/>\n<meta property=\"product:availability\" content=\"instock\" \/>\n<meta property=\"product:retailer_item_id\" content=\"13100262007\" \/>\n<meta property=\"product:condition\" content=\"new\" \/>\n<!-- \/ Yoast SEO Premium plugin. -->","yoast_head_json":{"title":"L\u00e4ssig 3-delni silikonski jedilni set Happy Fruits Cherry - NajNaj.eu","robots":{"index":"index","follow":"follow","max-snippet":"max-snippet:-1","max-image-preview":"max-image-preview:large","max-video-preview":"max-video-preview:-1"},"canonical":"https:\/\/najnaj.eu\/sl\/izdelek\/lassig-3-delni-silikonski-jedilni-set-happy-fruits-cherry\/","og_locale":"sl_SI","og_type":"article","og_title":"L\u00e4ssig 3-delni silikonski jedilni set Happy Fruits Cherry","og_description":"Silikonski komplet posodic L\u00c4SSIG iz mavrice ponuja tri vsestranske posode za ustvarjalno serviranje hrane. Prilagodljive, trpe\u017ene in prihranijo prostor \u2013 idealne za uvajanje hrane od 6. meseca dalje. Primerne za pomivanje v pomivalnem stroju in mikrovalovno pe\u010dico.  Za popoln komplet jedilnega pribora v kombinaciji z L\u00e4ssig jedilnim priborom s silikonskim ro\u010dajem, 3-delnim Happy Fruits Cherry !","og_url":"https:\/\/najnaj.eu\/sl\/izdelek\/lassig-3-delni-silikonski-jedilni-set-happy-fruits-cherry\/","og_site_name":"NajNaj.eu","article_publisher":"https:\/\/web.facebook.com\/najnaj.eu\/","og_image":[{"width":2000,"height":2000,"url":"https:\/\/najnaj.eu\/wp-content\/uploads\/2025\/07\/KID_F24_13100262007_P_4.jpg","type":"image\/jpeg"}],"twitter_card":"summary_large_image","twitter_misc":{"Price":"29,95&nbsp;&euro;","Availability":"In stock"},"schema":{"@context":"https:\/\/schema.org","@graph":[{"@type":"WebPage","@id":"https:\/\/najnaj.eu\/sl\/izdelek\/lassig-3-delni-silikonski-jedilni-set-happy-fruits-cherry\/","url":"https:\/\/najnaj.eu\/sl\/izdelek\/lassig-3-delni-silikonski-jedilni-set-happy-fruits-cherry\/","name":"L\u00e4ssig 3-delni silikonski jedilni set Happy Fruits Cherry - NajNaj.eu","isPartOf":{"@id":"https:\/\/najnaj.eu\/sl\/#website"},"primaryImageOfPage":{"@id":"https:\/\/najnaj.eu\/sl\/izdelek\/lassig-3-delni-silikonski-jedilni-set-happy-fruits-cherry\/#primaryimage"},"image":{"@id":"https:\/\/najnaj.eu\/sl\/izdelek\/lassig-3-delni-silikonski-jedilni-set-happy-fruits-cherry\/#primaryimage"},"thumbnailUrl":"https:\/\/najnaj.eu\/wp-content\/uploads\/2025\/07\/KID_F24_13100262007_P_4.jpg","datePublished":"2025-07-31T08:10:29+00:00","breadcrumb":{"@id":"https:\/\/najnaj.eu\/sl\/izdelek\/lassig-3-delni-silikonski-jedilni-set-happy-fruits-cherry\/#breadcrumb"},"inLanguage":"sl-SI","potentialAction":[{"@type":"ReadAction","target":["https:\/\/najnaj.eu\/sl\/izdelek\/lassig-3-delni-silikonski-jedilni-set-happy-fruits-cherry\/"]}]},{"@type":"ImageObject","inLanguage":"sl-SI","@id":"https:\/\/najnaj.eu\/sl\/izdelek\/lassig-3-delni-silikonski-jedilni-set-happy-fruits-cherry\/#primaryimage","url":"https:\/\/najnaj.eu\/wp-content\/uploads\/2025\/07\/KID_F24_13100262007_P_4.jpg","contentUrl":"https:\/\/najnaj.eu\/wp-content\/uploads\/2025\/07\/KID_F24_13100262007_P_4.jpg","width":2000,"height":2000},{"@type":"BreadcrumbList","@id":"https:\/\/najnaj.eu\/sl\/izdelek\/lassig-3-delni-silikonski-jedilni-set-happy-fruits-cherry\/#breadcrumb","itemListElement":[{"@type":"ListItem","position":1,"name":"Po\u010detna stranica","item":"https:\/\/najnaj.eu\/sl\/prednja-stran\/"},{"@type":"ListItem","position":2,"name":"Shop","item":"https:\/\/najnaj.eu\/sl\/shop\/"},{"@type":"ListItem","position":3,"name":"L\u00e4ssig 3-delni silikonski jedilni set Happy Fruits Cherry"}]},{"@type":"WebSite","@id":"https:\/\/najnaj.eu\/sl\/#website","url":"https:\/\/najnaj.eu\/sl\/","name":"NajNaj.eu","description":"Za najva\u017enije!","publisher":{"@id":"https:\/\/najnaj.eu\/sl\/#organization"},"potentialAction":[{"@type":"SearchAction","target":{"@type":"EntryPoint","urlTemplate":"https:\/\/najnaj.eu\/sl\/?s={search_term_string}"},"query-input":{"@type":"PropertyValueSpecification","valueRequired":true,"valueName":"search_term_string"}}],"inLanguage":"sl-SI"},{"@type":"Organization","@id":"https:\/\/najnaj.eu\/sl\/#organization","name":"NajNaj.eu","url":"https:\/\/najnaj.eu\/sl\/","logo":{"@type":"ImageObject","inLanguage":"sl-SI","@id":"https:\/\/najnaj.eu\/sl\/#\/schema\/logo\/image\/","url":"https:\/\/najnaj.eu\/wp-content\/uploads\/2023\/09\/logo_Najnaj_2023.svg","contentUrl":"https:\/\/najnaj.eu\/wp-content\/uploads\/2023\/09\/logo_Najnaj_2023.svg","width":501,"height":278,"caption":"NajNaj.eu"},"image":{"@id":"https:\/\/najnaj.eu\/sl\/#\/schema\/logo\/image\/"},"sameAs":["https:\/\/web.facebook.com\/najnaj.eu\/","https:\/\/www.instagram.com\/najnaj.eu\/","https:\/\/www.tiktok.com\/@najnaj.eu"]}]},"product_brand":"L\u00e4ssig","product_price_amount":"29.95","product_price_currency":"EUR","og_availability":"instock","product_availability":"instock","product_retailer_item_id":"13100262007","product_condition":"new"},"_links":{"self":[{"href":"https:\/\/najnaj.eu\/sl\/wp-json\/wp\/v2\/product\/266061","targetHints":{"allow":["GET"]}}],"collection":[{"href":"https:\/\/najnaj.eu\/sl\/wp-json\/wp\/v2\/product"}],"about":[{"href":"https:\/\/najnaj.eu\/sl\/wp-json\/wp\/v2\/types\/product"}],"replies":[{"embeddable":true,"href":"https:\/\/najnaj.eu\/sl\/wp-json\/wp\/v2\/comments?post=266061"}],"version-history":[{"count":0,"href":"https:\/\/najnaj.eu\/sl\/wp-json\/wp\/v2\/product\/266061\/revisions"}],"wp:featuredmedia":[{"embeddable":true,"href":"https:\/\/najnaj.eu\/sl\/wp-json\/wp\/v2\/media\/265914"}],"wp:attachment":[{"href":"https:\/\/najnaj.eu\/sl\/wp-json\/wp\/v2\/media?parent=266061"}],"wp:term":[{"taxonomy":"product_brand","embeddable":true,"href":"https:\/\/najnaj.eu\/sl\/wp-json\/wp\/v2\/product_brand?post=266061"},{"taxonomy":"product_cat","embeddable":true,"href":"https:\/\/najnaj.eu\/sl\/wp-json\/wp\/v2\/product_cat?post=266061"},{"taxonomy":"product_tag","embeddable":true,"href":"https:\/\/najnaj.eu\/sl\/wp-json\/wp\/v2\/product_tag?post=266061"}],"curies":[{"name":"wp","href":"https:\/\/api.w.org\/{rel}","templated":true}]}}