{"id":266057,"date":"2025-07-31T10:38:53","date_gmt":"2025-07-31T08:38:53","guid":{"rendered":"https:\/\/najnaj.eu\/proizvod\/jedilni-pribor-lassig-s-silikonskim-rocajem-3-kosi-happy-fruits-cherry\/"},"modified":"2025-07-31T10:38:53","modified_gmt":"2025-07-31T08:38:53","slug":"jedilni-pribor-lassig-s-silikonskim-rocajem-3-kosi-happy-fruits-cherry","status":"publish","type":"product","link":"https:\/\/najnaj.eu\/sl\/izdelek\/jedilni-pribor-lassig-s-silikonskim-rocajem-3-kosi-happy-fruits-cherry\/","title":{"rendered":"Jedilni pribor L\u00e4ssig s silikonskim ro\u010dajem, 3 kosi Happy Fruits Cherry"},"content":{"rendered":"<p>Veselo sadje, prava zabava! Prakti\u010dni jedilni pribor L\u00c4SSIG s silikonskim ro\u010dajem iz kolekcije Veselo sadje zaradi premi\u0161ljenih podrobnosti in veselih dizajnov naredi prve poskuse samostojnega prehranjevanja otro\u0161ko lahkotne. <\/p>\n<p>Informacije o izdelku:<br \/>\n &#8211; 3-delni komplet: \u017elica, vilice, no\u017e<br \/>\n &#8211; Dimenzije: 12,5 x 1,5 x 17,5 cm \/ 100 g<br \/>\n &#8211; Material: nerjave\u010de jeklo<br \/>\n &#8211; Material ro\u010daja: silikon<br \/>\n &#8211; Brez BPA<br \/>\n &#8211; Primerno za otroke od 12 mesecev<\/p>\n<p>Posebne lastnosti:<br \/>\n &#8211; Prakti\u010dna in lahka: ergonomsko oblikovana za majhne otro\u0161ke roke<br \/>\n &#8211; Varno: izobra\u017eevalni no\u017e z zaobljenimi robovi, idealen za majhne otroke<br \/>\n &#8211; Robustno: trden material iz nerjave\u010dega jekla<br \/>\n &#8211; Enostavno vzdr\u017eevanje: primerno za pomivanje v pomivalnem stroju<\/p>\n<p>Jedilni pribor s silikonskim ro\u010dajem je popoln dodatek k \u0161tevilnim drugim zabavnim izdelkom iz kolekcije Happy Fruits.<\/p>\n","protected":false},"excerpt":{"rendered":"<p>Jedilni pribor L\u00c4SSIG iz kolekcije Happy Fruits, brez BPA, je izdelan iz nerjave\u010dega jekla in ima ergonomsko oblikovane silikonske ro\u010daje, ki majhnim otrokom olaj\u0161ajo samostojno prehranjevanje. Primeren je za pomivanje v pomivalnem stroju. <\/p>\n<p>Popoln komplet s <a href=\"https:\/\/najnaj.eu\/sl\/izdelek\/lassig-3-delni-silikonski-jedilni-set-happy-fruits-cherry\/\" target=\"_blank\" rel=\"noopener\"><strong>3-delnim silikonskim kompletom jedilnega pribora Happy Fruits Cherry iz L\u00e4ssiga<\/strong><\/a> !<\/p>\n","protected":false},"featured_media":265990,"comment_status":"closed","ping_status":"closed","template":"","meta":{"_acf_changed":false,"footnotes":""},"product_brand":[],"product_cat":[1167,1378,1275],"product_tag":[],"class_list":{"0":"post-266057","1":"product","2":"type-product","3":"status-publish","4":"has-post-thumbnail","6":"product_cat-hranjenje-sl","7":"product_cat-jedilni-pribor","8":"product_cat-posoda","9":"pa_boja-bijela-sl","10":"pa_boja-roza-sl","11":"pa_boja-zelena-sl","12":"pa_brand-lassig-sl","13":"pa_vrsta-posuda-jedilni-pribor","15":"first","16":"instock","17":"shipping-taxable","18":"purchasable","19":"product-type-simple"},"bundled_by":["268873"],"bundle_stock_status":"instock","bundle_stock_quantity":11,"bundle_virtual":false,"bundle_layout":"","bundle_add_to_cart_form_location":"","bundle_editable_in_cart":false,"bundle_sold_individually_context":"","bundle_item_grouping":"","bundle_min_size":"","bundle_max_size":"","bundle_price":[],"bundled_items":[],"bundle_sell_ids":[],"acf":[],"yoast_head":"<!-- This site is optimized with the Yoast SEO Premium plugin v21.5 (Yoast SEO v27.3) - https:\/\/yoast.com\/product\/yoast-seo-premium-wordpress\/ -->\n<title>Jedilni pribor L\u00e4ssig s silikonskim ro\u010dajem, 3 kosi Happy Fruits Cherry - NajNaj.eu<\/title>\n<meta name=\"robots\" content=\"index, follow, max-snippet:-1, max-image-preview:large, max-video-preview:-1\" \/>\n<link rel=\"canonical\" href=\"https:\/\/najnaj.eu\/sl\/izdelek\/jedilni-pribor-lassig-s-silikonskim-rocajem-3-kosi-happy-fruits-cherry\/\" \/>\n<meta property=\"og:locale\" content=\"sl_SI\" \/>\n<meta property=\"og:type\" content=\"article\" \/>\n<meta property=\"og:title\" content=\"Jedilni pribor L\u00e4ssig s silikonskim ro\u010dajem, 3 kosi Happy Fruits Cherry\" \/>\n<meta property=\"og:description\" content=\"Jedilni pribor L\u00c4SSIG iz kolekcije Happy Fruits, brez BPA, je izdelan iz nerjave\u010dega jekla in ima ergonomsko oblikovane silikonske ro\u010daje, ki majhnim otrokom olaj\u0161ajo samostojno prehranjevanje. Primeren je za pomivanje v pomivalnem stroju.  Popoln komplet s 3-delnim silikonskim kompletom jedilnega pribora Happy Fruits Cherry iz L\u00e4ssiga !\" \/>\n<meta property=\"og:url\" content=\"https:\/\/najnaj.eu\/sl\/izdelek\/jedilni-pribor-lassig-s-silikonskim-rocajem-3-kosi-happy-fruits-cherry\/\" \/>\n<meta property=\"og:site_name\" content=\"NajNaj.eu\" \/>\n<meta property=\"article:publisher\" content=\"https:\/\/web.facebook.com\/najnaj.eu\/\" \/>\n<meta property=\"og:image\" content=\"https:\/\/najnaj.eu\/wp-content\/uploads\/2025\/07\/KID_F24_13100102007_P_1.jpg\" \/>\n\t<meta property=\"og:image:width\" content=\"2000\" \/>\n\t<meta property=\"og:image:height\" content=\"2000\" \/>\n\t<meta property=\"og:image:type\" content=\"image\/jpeg\" \/>\n<meta name=\"twitter:card\" content=\"summary_large_image\" \/>\n<meta name=\"twitter:label1\" content=\"Price\" \/>\n\t<meta name=\"twitter:data1\" content=\"18,95&nbsp;&euro;\" \/>\n\t<meta name=\"twitter:label2\" content=\"Availability\" \/>\n\t<meta name=\"twitter:data2\" content=\"In stock\" \/>\n<script type=\"application\/ld+json\" class=\"yoast-schema-graph\">{\"@context\":\"https:\\\/\\\/schema.org\",\"@graph\":[{\"@type\":\"WebPage\",\"@id\":\"https:\\\/\\\/najnaj.eu\\\/sl\\\/izdelek\\\/jedilni-pribor-lassig-s-silikonskim-rocajem-3-kosi-happy-fruits-cherry\\\/\",\"url\":\"https:\\\/\\\/najnaj.eu\\\/sl\\\/izdelek\\\/jedilni-pribor-lassig-s-silikonskim-rocajem-3-kosi-happy-fruits-cherry\\\/\",\"name\":\"Jedilni pribor L\u00e4ssig s silikonskim ro\u010dajem, 3 kosi Happy Fruits Cherry - NajNaj.eu\",\"isPartOf\":{\"@id\":\"https:\\\/\\\/najnaj.eu\\\/sl\\\/#website\"},\"primaryImageOfPage\":{\"@id\":\"https:\\\/\\\/najnaj.eu\\\/sl\\\/izdelek\\\/jedilni-pribor-lassig-s-silikonskim-rocajem-3-kosi-happy-fruits-cherry\\\/#primaryimage\"},\"image\":{\"@id\":\"https:\\\/\\\/najnaj.eu\\\/sl\\\/izdelek\\\/jedilni-pribor-lassig-s-silikonskim-rocajem-3-kosi-happy-fruits-cherry\\\/#primaryimage\"},\"thumbnailUrl\":\"https:\\\/\\\/najnaj.eu\\\/wp-content\\\/uploads\\\/2025\\\/07\\\/KID_F24_13100102007_P_1.jpg\",\"datePublished\":\"2025-07-31T08:38:53+00:00\",\"breadcrumb\":{\"@id\":\"https:\\\/\\\/najnaj.eu\\\/sl\\\/izdelek\\\/jedilni-pribor-lassig-s-silikonskim-rocajem-3-kosi-happy-fruits-cherry\\\/#breadcrumb\"},\"inLanguage\":\"sl-SI\",\"potentialAction\":[{\"@type\":\"ReadAction\",\"target\":[\"https:\\\/\\\/najnaj.eu\\\/sl\\\/izdelek\\\/jedilni-pribor-lassig-s-silikonskim-rocajem-3-kosi-happy-fruits-cherry\\\/\"]}]},{\"@type\":\"ImageObject\",\"inLanguage\":\"sl-SI\",\"@id\":\"https:\\\/\\\/najnaj.eu\\\/sl\\\/izdelek\\\/jedilni-pribor-lassig-s-silikonskim-rocajem-3-kosi-happy-fruits-cherry\\\/#primaryimage\",\"url\":\"https:\\\/\\\/najnaj.eu\\\/wp-content\\\/uploads\\\/2025\\\/07\\\/KID_F24_13100102007_P_1.jpg\",\"contentUrl\":\"https:\\\/\\\/najnaj.eu\\\/wp-content\\\/uploads\\\/2025\\\/07\\\/KID_F24_13100102007_P_1.jpg\",\"width\":2000,\"height\":2000},{\"@type\":\"BreadcrumbList\",\"@id\":\"https:\\\/\\\/najnaj.eu\\\/sl\\\/izdelek\\\/jedilni-pribor-lassig-s-silikonskim-rocajem-3-kosi-happy-fruits-cherry\\\/#breadcrumb\",\"itemListElement\":[{\"@type\":\"ListItem\",\"position\":1,\"name\":\"Po\u010detna stranica\",\"item\":\"https:\\\/\\\/najnaj.eu\\\/sl\\\/prednja-stran\\\/\"},{\"@type\":\"ListItem\",\"position\":2,\"name\":\"Shop\",\"item\":\"https:\\\/\\\/najnaj.eu\\\/sl\\\/shop\\\/\"},{\"@type\":\"ListItem\",\"position\":3,\"name\":\"Jedilni pribor L\u00e4ssig s silikonskim ro\u010dajem, 3 kosi Happy Fruits Cherry\"}]},{\"@type\":\"WebSite\",\"@id\":\"https:\\\/\\\/najnaj.eu\\\/sl\\\/#website\",\"url\":\"https:\\\/\\\/najnaj.eu\\\/sl\\\/\",\"name\":\"NajNaj.eu\",\"description\":\"Za najva\u017enije!\",\"publisher\":{\"@id\":\"https:\\\/\\\/najnaj.eu\\\/sl\\\/#organization\"},\"potentialAction\":[{\"@type\":\"SearchAction\",\"target\":{\"@type\":\"EntryPoint\",\"urlTemplate\":\"https:\\\/\\\/najnaj.eu\\\/sl\\\/?s={search_term_string}\"},\"query-input\":{\"@type\":\"PropertyValueSpecification\",\"valueRequired\":true,\"valueName\":\"search_term_string\"}}],\"inLanguage\":\"sl-SI\"},{\"@type\":\"Organization\",\"@id\":\"https:\\\/\\\/najnaj.eu\\\/sl\\\/#organization\",\"name\":\"NajNaj.eu\",\"url\":\"https:\\\/\\\/najnaj.eu\\\/sl\\\/\",\"logo\":{\"@type\":\"ImageObject\",\"inLanguage\":\"sl-SI\",\"@id\":\"https:\\\/\\\/najnaj.eu\\\/sl\\\/#\\\/schema\\\/logo\\\/image\\\/\",\"url\":\"https:\\\/\\\/najnaj.eu\\\/wp-content\\\/uploads\\\/2023\\\/09\\\/logo_Najnaj_2023.svg\",\"contentUrl\":\"https:\\\/\\\/najnaj.eu\\\/wp-content\\\/uploads\\\/2023\\\/09\\\/logo_Najnaj_2023.svg\",\"width\":501,\"height\":278,\"caption\":\"NajNaj.eu\"},\"image\":{\"@id\":\"https:\\\/\\\/najnaj.eu\\\/sl\\\/#\\\/schema\\\/logo\\\/image\\\/\"},\"sameAs\":[\"https:\\\/\\\/web.facebook.com\\\/najnaj.eu\\\/\",\"https:\\\/\\\/www.instagram.com\\\/najnaj.eu\\\/\",\"https:\\\/\\\/www.tiktok.com\\\/@najnaj.eu\"]}]}<\/script>\n<meta property=\"product:brand\" content=\"L\u00e4ssig\" \/>\n<meta property=\"product:price:amount\" content=\"18.95\" \/>\n<meta property=\"product:price:currency\" content=\"EUR\" \/>\n<meta property=\"og:availability\" content=\"instock\" \/>\n<meta property=\"product:availability\" content=\"instock\" \/>\n<meta property=\"product:retailer_item_id\" content=\"13100102007\" \/>\n<meta property=\"product:condition\" content=\"new\" \/>\n<!-- \/ Yoast SEO Premium plugin. -->","yoast_head_json":{"title":"Jedilni pribor L\u00e4ssig s silikonskim ro\u010dajem, 3 kosi Happy Fruits Cherry - NajNaj.eu","robots":{"index":"index","follow":"follow","max-snippet":"max-snippet:-1","max-image-preview":"max-image-preview:large","max-video-preview":"max-video-preview:-1"},"canonical":"https:\/\/najnaj.eu\/sl\/izdelek\/jedilni-pribor-lassig-s-silikonskim-rocajem-3-kosi-happy-fruits-cherry\/","og_locale":"sl_SI","og_type":"article","og_title":"Jedilni pribor L\u00e4ssig s silikonskim ro\u010dajem, 3 kosi Happy Fruits Cherry","og_description":"Jedilni pribor L\u00c4SSIG iz kolekcije Happy Fruits, brez BPA, je izdelan iz nerjave\u010dega jekla in ima ergonomsko oblikovane silikonske ro\u010daje, ki majhnim otrokom olaj\u0161ajo samostojno prehranjevanje. Primeren je za pomivanje v pomivalnem stroju.  Popoln komplet s 3-delnim silikonskim kompletom jedilnega pribora Happy Fruits Cherry iz L\u00e4ssiga !","og_url":"https:\/\/najnaj.eu\/sl\/izdelek\/jedilni-pribor-lassig-s-silikonskim-rocajem-3-kosi-happy-fruits-cherry\/","og_site_name":"NajNaj.eu","article_publisher":"https:\/\/web.facebook.com\/najnaj.eu\/","og_image":[{"width":2000,"height":2000,"url":"https:\/\/najnaj.eu\/wp-content\/uploads\/2025\/07\/KID_F24_13100102007_P_1.jpg","type":"image\/jpeg"}],"twitter_card":"summary_large_image","twitter_misc":{"Price":"18,95&nbsp;&euro;","Availability":"In stock"},"schema":{"@context":"https:\/\/schema.org","@graph":[{"@type":"WebPage","@id":"https:\/\/najnaj.eu\/sl\/izdelek\/jedilni-pribor-lassig-s-silikonskim-rocajem-3-kosi-happy-fruits-cherry\/","url":"https:\/\/najnaj.eu\/sl\/izdelek\/jedilni-pribor-lassig-s-silikonskim-rocajem-3-kosi-happy-fruits-cherry\/","name":"Jedilni pribor L\u00e4ssig s silikonskim ro\u010dajem, 3 kosi Happy Fruits Cherry - NajNaj.eu","isPartOf":{"@id":"https:\/\/najnaj.eu\/sl\/#website"},"primaryImageOfPage":{"@id":"https:\/\/najnaj.eu\/sl\/izdelek\/jedilni-pribor-lassig-s-silikonskim-rocajem-3-kosi-happy-fruits-cherry\/#primaryimage"},"image":{"@id":"https:\/\/najnaj.eu\/sl\/izdelek\/jedilni-pribor-lassig-s-silikonskim-rocajem-3-kosi-happy-fruits-cherry\/#primaryimage"},"thumbnailUrl":"https:\/\/najnaj.eu\/wp-content\/uploads\/2025\/07\/KID_F24_13100102007_P_1.jpg","datePublished":"2025-07-31T08:38:53+00:00","breadcrumb":{"@id":"https:\/\/najnaj.eu\/sl\/izdelek\/jedilni-pribor-lassig-s-silikonskim-rocajem-3-kosi-happy-fruits-cherry\/#breadcrumb"},"inLanguage":"sl-SI","potentialAction":[{"@type":"ReadAction","target":["https:\/\/najnaj.eu\/sl\/izdelek\/jedilni-pribor-lassig-s-silikonskim-rocajem-3-kosi-happy-fruits-cherry\/"]}]},{"@type":"ImageObject","inLanguage":"sl-SI","@id":"https:\/\/najnaj.eu\/sl\/izdelek\/jedilni-pribor-lassig-s-silikonskim-rocajem-3-kosi-happy-fruits-cherry\/#primaryimage","url":"https:\/\/najnaj.eu\/wp-content\/uploads\/2025\/07\/KID_F24_13100102007_P_1.jpg","contentUrl":"https:\/\/najnaj.eu\/wp-content\/uploads\/2025\/07\/KID_F24_13100102007_P_1.jpg","width":2000,"height":2000},{"@type":"BreadcrumbList","@id":"https:\/\/najnaj.eu\/sl\/izdelek\/jedilni-pribor-lassig-s-silikonskim-rocajem-3-kosi-happy-fruits-cherry\/#breadcrumb","itemListElement":[{"@type":"ListItem","position":1,"name":"Po\u010detna stranica","item":"https:\/\/najnaj.eu\/sl\/prednja-stran\/"},{"@type":"ListItem","position":2,"name":"Shop","item":"https:\/\/najnaj.eu\/sl\/shop\/"},{"@type":"ListItem","position":3,"name":"Jedilni pribor L\u00e4ssig s silikonskim ro\u010dajem, 3 kosi Happy Fruits Cherry"}]},{"@type":"WebSite","@id":"https:\/\/najnaj.eu\/sl\/#website","url":"https:\/\/najnaj.eu\/sl\/","name":"NajNaj.eu","description":"Za najva\u017enije!","publisher":{"@id":"https:\/\/najnaj.eu\/sl\/#organization"},"potentialAction":[{"@type":"SearchAction","target":{"@type":"EntryPoint","urlTemplate":"https:\/\/najnaj.eu\/sl\/?s={search_term_string}"},"query-input":{"@type":"PropertyValueSpecification","valueRequired":true,"valueName":"search_term_string"}}],"inLanguage":"sl-SI"},{"@type":"Organization","@id":"https:\/\/najnaj.eu\/sl\/#organization","name":"NajNaj.eu","url":"https:\/\/najnaj.eu\/sl\/","logo":{"@type":"ImageObject","inLanguage":"sl-SI","@id":"https:\/\/najnaj.eu\/sl\/#\/schema\/logo\/image\/","url":"https:\/\/najnaj.eu\/wp-content\/uploads\/2023\/09\/logo_Najnaj_2023.svg","contentUrl":"https:\/\/najnaj.eu\/wp-content\/uploads\/2023\/09\/logo_Najnaj_2023.svg","width":501,"height":278,"caption":"NajNaj.eu"},"image":{"@id":"https:\/\/najnaj.eu\/sl\/#\/schema\/logo\/image\/"},"sameAs":["https:\/\/web.facebook.com\/najnaj.eu\/","https:\/\/www.instagram.com\/najnaj.eu\/","https:\/\/www.tiktok.com\/@najnaj.eu"]}]},"product_brand":"L\u00e4ssig","product_price_amount":"18.95","product_price_currency":"EUR","og_availability":"instock","product_availability":"instock","product_retailer_item_id":"13100102007","product_condition":"new"},"_links":{"self":[{"href":"https:\/\/najnaj.eu\/sl\/wp-json\/wp\/v2\/product\/266057","targetHints":{"allow":["GET"]}}],"collection":[{"href":"https:\/\/najnaj.eu\/sl\/wp-json\/wp\/v2\/product"}],"about":[{"href":"https:\/\/najnaj.eu\/sl\/wp-json\/wp\/v2\/types\/product"}],"replies":[{"embeddable":true,"href":"https:\/\/najnaj.eu\/sl\/wp-json\/wp\/v2\/comments?post=266057"}],"version-history":[{"count":0,"href":"https:\/\/najnaj.eu\/sl\/wp-json\/wp\/v2\/product\/266057\/revisions"}],"wp:featuredmedia":[{"embeddable":true,"href":"https:\/\/najnaj.eu\/sl\/wp-json\/wp\/v2\/media\/265990"}],"wp:attachment":[{"href":"https:\/\/najnaj.eu\/sl\/wp-json\/wp\/v2\/media?parent=266057"}],"wp:term":[{"taxonomy":"product_brand","embeddable":true,"href":"https:\/\/najnaj.eu\/sl\/wp-json\/wp\/v2\/product_brand?post=266057"},{"taxonomy":"product_cat","embeddable":true,"href":"https:\/\/najnaj.eu\/sl\/wp-json\/wp\/v2\/product_cat?post=266057"},{"taxonomy":"product_tag","embeddable":true,"href":"https:\/\/najnaj.eu\/sl\/wp-json\/wp\/v2\/product_tag?post=266057"}],"curies":[{"name":"wp","href":"https:\/\/api.w.org\/{rel}","templated":true}]}}