{"id":266047,"date":"2025-07-31T09:26:15","date_gmt":"2025-07-31T07:26:15","guid":{"rendered":"https:\/\/najnaj.eu\/proizvod\/lassig-tetra-plenice-l-happy-rascals-sivka-3-kom-80-x-80-cm\/"},"modified":"2025-07-31T09:26:15","modified_gmt":"2025-07-31T07:26:15","slug":"lassig-tetra-plenice-l-happy-rascals-sivka-3-kom-80-x-80-cm","status":"publish","type":"product","link":"https:\/\/najnaj.eu\/sl\/izdelek\/lassig-tetra-plenice-l-happy-rascals-sivka-3-kom-80-x-80-cm\/","title":{"rendered":"L\u00e4ssig Tetra plenice L Happy Rascals sivka 3 kom, 80 x 80 cm"},"content":{"rendered":"<p>Mali Razbojniki z velikimi sanjami! Najmanj\u0161i med nami pogosto prina\u0161ajo najve\u010dje veselje. Veseli Razbojniki spremljajo najlep\u0161e trenutke, prina\u0161ajo dobro voljo in hkrati prena\u0161ajo pomembno sporo\u010dilo \u2013 za prihodnost, polno ljubezni, miru in upanja.  <\/p>\n<p>Ta ve\u010dnamenska tetra plenica (80 x 80 cm) iz kolekcije L\u00c4SSIG Happy Rascals je izdelana iz 70 % bambusove viskoze in 30 % bomba\u017ea. Je zra\u010dna, enostavna za vzdr\u017eevanje in se lahko uporablja kot udobna odeja ali krpa za riganje, kot previjalna podloga ali lahka odeja. <\/p>\n<p>Plenice Tetra imajo prijazen in vesel potiskan motiv ter so na voljo v paketu treh kosov v razli\u010dnih barvnih kombinacijah. So \u0161e posebej mehke in ne\u017ene do otro\u0161ke ko\u017ee, pralne pri 40\u00b0 in po vsakem pranju postanejo \u0161e mehkej\u0161e. Vsebnost viskoze je izjemno prijetna za ko\u017eo. Resni\u010dno vsestranski izdelek v slu\u017ebi novorojen\u010dkov in njihovih star\u0161ev.   <\/p>\n","protected":false},"excerpt":{"rendered":"<p>Ve\u010dnamenska muslin tetra plenica iz kolekcije L\u00c4SSIG Happy Rascals je izdelana iz bambusovih viskoznih vlaken in bomba\u017ea. Je predhodno oprana, zra\u010dna in enostavna za vzdr\u017eevanje ter se lahko uporablja kot udobna odeja ali krpa za riganje, kot previjalna podloga ali lahka odeja. <\/p>\n","protected":false},"featured_media":265825,"comment_status":"closed","ping_status":"closed","template":"","meta":{"_acf_changed":false,"footnotes":""},"product_brand":[],"product_cat":[577,624],"product_tag":[],"class_list":{"0":"post-266047","1":"product","2":"type-product","3":"status-publish","4":"has-post-thumbnail","6":"product_cat-hranjenje","7":"product_cat-tetra-pelene","8":"pa_boja-bijela","9":"pa_boja-ljubicasta","10":"pa_brand-lassig","12":"first","13":"instock","14":"shipping-taxable","15":"purchasable","16":"product-type-simple"},"bundled_by":[],"bundle_stock_status":"instock","bundle_stock_quantity":15,"bundle_virtual":false,"bundle_layout":"","bundle_add_to_cart_form_location":"","bundle_editable_in_cart":false,"bundle_sold_individually_context":"","bundle_item_grouping":"","bundle_min_size":"","bundle_max_size":"","bundle_price":[],"bundled_items":[],"bundle_sell_ids":[],"acf":[],"yoast_head":"<!-- This site is optimized with the Yoast SEO Premium plugin v21.5 (Yoast SEO v27.3) - https:\/\/yoast.com\/product\/yoast-seo-premium-wordpress\/ -->\n<title>L\u00e4ssig Tetra plenice L Happy Rascals sivka 3 kom, 80 x 80 cm - NajNaj.eu<\/title>\n<meta name=\"robots\" content=\"index, follow, max-snippet:-1, max-image-preview:large, max-video-preview:-1\" \/>\n<link rel=\"canonical\" href=\"https:\/\/najnaj.eu\/sl\/izdelek\/lassig-tetra-plenice-l-happy-rascals-sivka-3-kom-80-x-80-cm\/\" \/>\n<meta property=\"og:locale\" content=\"sl_SI\" \/>\n<meta property=\"og:type\" content=\"article\" \/>\n<meta property=\"og:title\" content=\"L\u00e4ssig Tetra plenice L Happy Rascals sivka 3 kom, 80 x 80 cm\" \/>\n<meta property=\"og:description\" content=\"Ve\u010dnamenska muslin tetra plenica iz kolekcije L\u00c4SSIG Happy Rascals je izdelana iz bambusovih viskoznih vlaken in bomba\u017ea. Je predhodno oprana, zra\u010dna in enostavna za vzdr\u017eevanje ter se lahko uporablja kot udobna odeja ali krpa za riganje, kot previjalna podloga ali lahka odeja.\" \/>\n<meta property=\"og:url\" content=\"https:\/\/najnaj.eu\/sl\/izdelek\/lassig-tetra-plenice-l-happy-rascals-sivka-3-kom-80-x-80-cm\/\" \/>\n<meta property=\"og:site_name\" content=\"NajNaj.eu\" \/>\n<meta property=\"article:publisher\" content=\"https:\/\/web.facebook.com\/najnaj.eu\/\" \/>\n<meta property=\"og:image\" content=\"https:\/\/najnaj.eu\/wp-content\/uploads\/2025\/07\/KID_F23_1312001642_P_3.jpg\" \/>\n\t<meta property=\"og:image:width\" content=\"1999\" \/>\n\t<meta property=\"og:image:height\" content=\"2000\" \/>\n\t<meta property=\"og:image:type\" content=\"image\/jpeg\" \/>\n<meta name=\"twitter:card\" content=\"summary_large_image\" \/>\n<meta name=\"twitter:label1\" content=\"Price\" \/>\n\t<meta name=\"twitter:data1\" content=\"26,95&nbsp;&euro;\" \/>\n\t<meta name=\"twitter:label2\" content=\"Availability\" \/>\n\t<meta name=\"twitter:data2\" content=\"In stock\" \/>\n<script type=\"application\/ld+json\" class=\"yoast-schema-graph\">{\"@context\":\"https:\\\/\\\/schema.org\",\"@graph\":[{\"@type\":\"WebPage\",\"@id\":\"https:\\\/\\\/najnaj.eu\\\/sl\\\/izdelek\\\/lassig-tetra-plenice-l-happy-rascals-sivka-3-kom-80-x-80-cm\\\/\",\"url\":\"https:\\\/\\\/najnaj.eu\\\/sl\\\/izdelek\\\/lassig-tetra-plenice-l-happy-rascals-sivka-3-kom-80-x-80-cm\\\/\",\"name\":\"L\u00e4ssig Tetra plenice L Happy Rascals sivka 3 kom, 80 x 80 cm - NajNaj.eu\",\"isPartOf\":{\"@id\":\"https:\\\/\\\/najnaj.eu\\\/sl\\\/#website\"},\"primaryImageOfPage\":{\"@id\":\"https:\\\/\\\/najnaj.eu\\\/sl\\\/izdelek\\\/lassig-tetra-plenice-l-happy-rascals-sivka-3-kom-80-x-80-cm\\\/#primaryimage\"},\"image\":{\"@id\":\"https:\\\/\\\/najnaj.eu\\\/sl\\\/izdelek\\\/lassig-tetra-plenice-l-happy-rascals-sivka-3-kom-80-x-80-cm\\\/#primaryimage\"},\"thumbnailUrl\":\"https:\\\/\\\/najnaj.eu\\\/wp-content\\\/uploads\\\/2025\\\/07\\\/KID_F23_1312001642_P_3.jpg\",\"datePublished\":\"2025-07-31T07:26:15+00:00\",\"breadcrumb\":{\"@id\":\"https:\\\/\\\/najnaj.eu\\\/sl\\\/izdelek\\\/lassig-tetra-plenice-l-happy-rascals-sivka-3-kom-80-x-80-cm\\\/#breadcrumb\"},\"inLanguage\":\"sl-SI\",\"potentialAction\":[{\"@type\":\"ReadAction\",\"target\":[\"https:\\\/\\\/najnaj.eu\\\/sl\\\/izdelek\\\/lassig-tetra-plenice-l-happy-rascals-sivka-3-kom-80-x-80-cm\\\/\"]}]},{\"@type\":\"ImageObject\",\"inLanguage\":\"sl-SI\",\"@id\":\"https:\\\/\\\/najnaj.eu\\\/sl\\\/izdelek\\\/lassig-tetra-plenice-l-happy-rascals-sivka-3-kom-80-x-80-cm\\\/#primaryimage\",\"url\":\"https:\\\/\\\/najnaj.eu\\\/wp-content\\\/uploads\\\/2025\\\/07\\\/KID_F23_1312001642_P_3.jpg\",\"contentUrl\":\"https:\\\/\\\/najnaj.eu\\\/wp-content\\\/uploads\\\/2025\\\/07\\\/KID_F23_1312001642_P_3.jpg\",\"width\":1999,\"height\":2000},{\"@type\":\"BreadcrumbList\",\"@id\":\"https:\\\/\\\/najnaj.eu\\\/sl\\\/izdelek\\\/lassig-tetra-plenice-l-happy-rascals-sivka-3-kom-80-x-80-cm\\\/#breadcrumb\",\"itemListElement\":[{\"@type\":\"ListItem\",\"position\":1,\"name\":\"Po\u010detna stranica\",\"item\":\"https:\\\/\\\/najnaj.eu\\\/sl\\\/prednja-stran\\\/\"},{\"@type\":\"ListItem\",\"position\":2,\"name\":\"Shop\",\"item\":\"https:\\\/\\\/najnaj.eu\\\/sl\\\/shop\\\/\"},{\"@type\":\"ListItem\",\"position\":3,\"name\":\"L\u00e4ssig Tetra plenice L Happy Rascals sivka 3 kom, 80 x 80 cm\"}]},{\"@type\":\"WebSite\",\"@id\":\"https:\\\/\\\/najnaj.eu\\\/sl\\\/#website\",\"url\":\"https:\\\/\\\/najnaj.eu\\\/sl\\\/\",\"name\":\"NajNaj.eu\",\"description\":\"Za najva\u017enije!\",\"publisher\":{\"@id\":\"https:\\\/\\\/najnaj.eu\\\/sl\\\/#organization\"},\"potentialAction\":[{\"@type\":\"SearchAction\",\"target\":{\"@type\":\"EntryPoint\",\"urlTemplate\":\"https:\\\/\\\/najnaj.eu\\\/sl\\\/?s={search_term_string}\"},\"query-input\":{\"@type\":\"PropertyValueSpecification\",\"valueRequired\":true,\"valueName\":\"search_term_string\"}}],\"inLanguage\":\"sl-SI\"},{\"@type\":\"Organization\",\"@id\":\"https:\\\/\\\/najnaj.eu\\\/sl\\\/#organization\",\"name\":\"NajNaj.eu\",\"url\":\"https:\\\/\\\/najnaj.eu\\\/sl\\\/\",\"logo\":{\"@type\":\"ImageObject\",\"inLanguage\":\"sl-SI\",\"@id\":\"https:\\\/\\\/najnaj.eu\\\/sl\\\/#\\\/schema\\\/logo\\\/image\\\/\",\"url\":\"https:\\\/\\\/najnaj.eu\\\/wp-content\\\/uploads\\\/2023\\\/09\\\/logo_Najnaj_2023.svg\",\"contentUrl\":\"https:\\\/\\\/najnaj.eu\\\/wp-content\\\/uploads\\\/2023\\\/09\\\/logo_Najnaj_2023.svg\",\"width\":501,\"height\":278,\"caption\":\"NajNaj.eu\"},\"image\":{\"@id\":\"https:\\\/\\\/najnaj.eu\\\/sl\\\/#\\\/schema\\\/logo\\\/image\\\/\"},\"sameAs\":[\"https:\\\/\\\/web.facebook.com\\\/najnaj.eu\\\/\",\"https:\\\/\\\/www.instagram.com\\\/najnaj.eu\\\/\",\"https:\\\/\\\/www.tiktok.com\\\/@najnaj.eu\"]}]}<\/script>\n<meta property=\"product:brand\" content=\"L\u00e4ssig\" \/>\n<meta property=\"product:price:amount\" content=\"26.95\" \/>\n<meta property=\"product:price:currency\" content=\"EUR\" \/>\n<meta property=\"og:availability\" content=\"instock\" \/>\n<meta property=\"product:availability\" content=\"instock\" \/>\n<meta property=\"product:retailer_item_id\" content=\"1312001642\" \/>\n<meta property=\"product:condition\" content=\"new\" \/>\n<!-- \/ Yoast SEO Premium plugin. -->","yoast_head_json":{"title":"L\u00e4ssig Tetra plenice L Happy Rascals sivka 3 kom, 80 x 80 cm - NajNaj.eu","robots":{"index":"index","follow":"follow","max-snippet":"max-snippet:-1","max-image-preview":"max-image-preview:large","max-video-preview":"max-video-preview:-1"},"canonical":"https:\/\/najnaj.eu\/sl\/izdelek\/lassig-tetra-plenice-l-happy-rascals-sivka-3-kom-80-x-80-cm\/","og_locale":"sl_SI","og_type":"article","og_title":"L\u00e4ssig Tetra plenice L Happy Rascals sivka 3 kom, 80 x 80 cm","og_description":"Ve\u010dnamenska muslin tetra plenica iz kolekcije L\u00c4SSIG Happy Rascals je izdelana iz bambusovih viskoznih vlaken in bomba\u017ea. Je predhodno oprana, zra\u010dna in enostavna za vzdr\u017eevanje ter se lahko uporablja kot udobna odeja ali krpa za riganje, kot previjalna podloga ali lahka odeja.","og_url":"https:\/\/najnaj.eu\/sl\/izdelek\/lassig-tetra-plenice-l-happy-rascals-sivka-3-kom-80-x-80-cm\/","og_site_name":"NajNaj.eu","article_publisher":"https:\/\/web.facebook.com\/najnaj.eu\/","og_image":[{"width":1999,"height":2000,"url":"https:\/\/najnaj.eu\/wp-content\/uploads\/2025\/07\/KID_F23_1312001642_P_3.jpg","type":"image\/jpeg"}],"twitter_card":"summary_large_image","twitter_misc":{"Price":"26,95&nbsp;&euro;","Availability":"In stock"},"schema":{"@context":"https:\/\/schema.org","@graph":[{"@type":"WebPage","@id":"https:\/\/najnaj.eu\/sl\/izdelek\/lassig-tetra-plenice-l-happy-rascals-sivka-3-kom-80-x-80-cm\/","url":"https:\/\/najnaj.eu\/sl\/izdelek\/lassig-tetra-plenice-l-happy-rascals-sivka-3-kom-80-x-80-cm\/","name":"L\u00e4ssig Tetra plenice L Happy Rascals sivka 3 kom, 80 x 80 cm - NajNaj.eu","isPartOf":{"@id":"https:\/\/najnaj.eu\/sl\/#website"},"primaryImageOfPage":{"@id":"https:\/\/najnaj.eu\/sl\/izdelek\/lassig-tetra-plenice-l-happy-rascals-sivka-3-kom-80-x-80-cm\/#primaryimage"},"image":{"@id":"https:\/\/najnaj.eu\/sl\/izdelek\/lassig-tetra-plenice-l-happy-rascals-sivka-3-kom-80-x-80-cm\/#primaryimage"},"thumbnailUrl":"https:\/\/najnaj.eu\/wp-content\/uploads\/2025\/07\/KID_F23_1312001642_P_3.jpg","datePublished":"2025-07-31T07:26:15+00:00","breadcrumb":{"@id":"https:\/\/najnaj.eu\/sl\/izdelek\/lassig-tetra-plenice-l-happy-rascals-sivka-3-kom-80-x-80-cm\/#breadcrumb"},"inLanguage":"sl-SI","potentialAction":[{"@type":"ReadAction","target":["https:\/\/najnaj.eu\/sl\/izdelek\/lassig-tetra-plenice-l-happy-rascals-sivka-3-kom-80-x-80-cm\/"]}]},{"@type":"ImageObject","inLanguage":"sl-SI","@id":"https:\/\/najnaj.eu\/sl\/izdelek\/lassig-tetra-plenice-l-happy-rascals-sivka-3-kom-80-x-80-cm\/#primaryimage","url":"https:\/\/najnaj.eu\/wp-content\/uploads\/2025\/07\/KID_F23_1312001642_P_3.jpg","contentUrl":"https:\/\/najnaj.eu\/wp-content\/uploads\/2025\/07\/KID_F23_1312001642_P_3.jpg","width":1999,"height":2000},{"@type":"BreadcrumbList","@id":"https:\/\/najnaj.eu\/sl\/izdelek\/lassig-tetra-plenice-l-happy-rascals-sivka-3-kom-80-x-80-cm\/#breadcrumb","itemListElement":[{"@type":"ListItem","position":1,"name":"Po\u010detna stranica","item":"https:\/\/najnaj.eu\/sl\/prednja-stran\/"},{"@type":"ListItem","position":2,"name":"Shop","item":"https:\/\/najnaj.eu\/sl\/shop\/"},{"@type":"ListItem","position":3,"name":"L\u00e4ssig Tetra plenice L Happy Rascals sivka 3 kom, 80 x 80 cm"}]},{"@type":"WebSite","@id":"https:\/\/najnaj.eu\/sl\/#website","url":"https:\/\/najnaj.eu\/sl\/","name":"NajNaj.eu","description":"Za najva\u017enije!","publisher":{"@id":"https:\/\/najnaj.eu\/sl\/#organization"},"potentialAction":[{"@type":"SearchAction","target":{"@type":"EntryPoint","urlTemplate":"https:\/\/najnaj.eu\/sl\/?s={search_term_string}"},"query-input":{"@type":"PropertyValueSpecification","valueRequired":true,"valueName":"search_term_string"}}],"inLanguage":"sl-SI"},{"@type":"Organization","@id":"https:\/\/najnaj.eu\/sl\/#organization","name":"NajNaj.eu","url":"https:\/\/najnaj.eu\/sl\/","logo":{"@type":"ImageObject","inLanguage":"sl-SI","@id":"https:\/\/najnaj.eu\/sl\/#\/schema\/logo\/image\/","url":"https:\/\/najnaj.eu\/wp-content\/uploads\/2023\/09\/logo_Najnaj_2023.svg","contentUrl":"https:\/\/najnaj.eu\/wp-content\/uploads\/2023\/09\/logo_Najnaj_2023.svg","width":501,"height":278,"caption":"NajNaj.eu"},"image":{"@id":"https:\/\/najnaj.eu\/sl\/#\/schema\/logo\/image\/"},"sameAs":["https:\/\/web.facebook.com\/najnaj.eu\/","https:\/\/www.instagram.com\/najnaj.eu\/","https:\/\/www.tiktok.com\/@najnaj.eu"]}]},"product_brand":"L\u00e4ssig","product_price_amount":"26.95","product_price_currency":"EUR","og_availability":"instock","product_availability":"instock","product_retailer_item_id":"1312001642","product_condition":"new"},"_links":{"self":[{"href":"https:\/\/najnaj.eu\/sl\/wp-json\/wp\/v2\/product\/266047","targetHints":{"allow":["GET"]}}],"collection":[{"href":"https:\/\/najnaj.eu\/sl\/wp-json\/wp\/v2\/product"}],"about":[{"href":"https:\/\/najnaj.eu\/sl\/wp-json\/wp\/v2\/types\/product"}],"replies":[{"embeddable":true,"href":"https:\/\/najnaj.eu\/sl\/wp-json\/wp\/v2\/comments?post=266047"}],"version-history":[{"count":0,"href":"https:\/\/najnaj.eu\/sl\/wp-json\/wp\/v2\/product\/266047\/revisions"}],"wp:featuredmedia":[{"embeddable":true,"href":"https:\/\/najnaj.eu\/sl\/wp-json\/wp\/v2\/media\/265825"}],"wp:attachment":[{"href":"https:\/\/najnaj.eu\/sl\/wp-json\/wp\/v2\/media?parent=266047"}],"wp:term":[{"taxonomy":"product_brand","embeddable":true,"href":"https:\/\/najnaj.eu\/sl\/wp-json\/wp\/v2\/product_brand?post=266047"},{"taxonomy":"product_cat","embeddable":true,"href":"https:\/\/najnaj.eu\/sl\/wp-json\/wp\/v2\/product_cat?post=266047"},{"taxonomy":"product_tag","embeddable":true,"href":"https:\/\/najnaj.eu\/sl\/wp-json\/wp\/v2\/product_tag?post=266047"}],"curies":[{"name":"wp","href":"https:\/\/api.w.org\/{rel}","templated":true}]}}