{"id":264822,"date":"2025-07-24T13:51:42","date_gmt":"2025-07-24T11:51:42","guid":{"rendered":"https:\/\/najnaj.eu\/?post_type=product&#038;p=264822"},"modified":"2026-04-09T08:28:27","modified_gmt":"2026-04-09T06:28:27","slug":"citron-set-za-djecu-spaceship","status":"publish","type":"product","link":"https:\/\/najnaj.eu\/sl\/izdelek\/citron-set-za-djecu-spaceship\/","title":{"rendered":"Citron Set za djecu &#8211; Spaceship"},"content":{"rendered":"<p>Sadr\u017eaj seta:<\/p>\n<h4><a href=\"https:\/\/najnaj.eu\/proizvod\/citron-termo-roll-up-spaceship-dusty-blue\/\" target=\"_blank\" rel=\"noopener\"><b>1. Citron Termo Roll Up Spaceship<\/b><\/a><\/h4>\n<p><span style=\"font-weight: 400;\">Izolirana Roll Up torba za ru\u010dak izra\u0111ena je od recikliranih plasti\u010dnih boca i podstavljena netoksi\u010dnim toplinskim materijalom, \u0161to omogu\u0107uje odr\u017eavanje hrane na \u017eeljenoj temperaturi. Prostrana unutra\u0161njost omogu\u0107uje slaganje vi\u0161e predmeta, a torba se mo\u017ee nositi kao ruksak, preko ramena ili u ruci. Dva bo\u010dna d\u017eepa omogu\u0107uju no\u0161enje boca, a unutarnja naljepnica za ime olak\u0161ava personalizaciju.<\/span><\/p>\n<ul>\n<li style=\"font-weight: 400;\" aria-level=\"1\"><span style=\"font-weight: 400;\">Izra\u0111ena od odr\u017eivog PET materijala<\/span><\/li>\n<li style=\"font-weight: 400;\" aria-level=\"1\"><span style=\"font-weight: 400;\">Tri na\u010dina no\u0161enja<\/span><\/li>\n<li style=\"font-weight: 400;\" aria-level=\"1\"><span style=\"font-weight: 400;\">Dva bo\u010dna d\u017eepa za boce do 500 ml<\/span><\/li>\n<li style=\"font-weight: 400;\" aria-level=\"1\"><span style=\"font-weight: 400;\">Unutarnja naljepnica za ime<\/span><\/li>\n<li style=\"font-weight: 400;\" aria-level=\"1\"><span style=\"font-weight: 400;\">Prikladna za djecu od 18+ mjeseci<\/span><\/li>\n<li style=\"font-weight: 400;\" aria-level=\"1\"><span style=\"font-weight: 400;\">Dimenzije: 22,5 x 14,5 x 27 cm<\/span><\/li>\n<\/ul>\n<h4><a href=\"https:\/\/najnaj.eu\/proizvod\/citron-350ml-boca-za-vodu-spaceship-dusty-blue-2\/\" target=\"_blank\" rel=\"noopener\"><b>2. Citron 350ml Boca za vodu Spaceship<\/b><\/a><\/h4>\n<p><span style=\"font-weight: 400;\">Boca za vodu od 350 ml s trostrukom vakuumskom izolacijom odr\u017eava pi\u0107e toplim do 12 sati ili hladnim do 24 sata. Nepropusni zatvara\u010d sprje\u010dava prolijevanje, a izdr\u017eljiva konstrukcija od nehr\u0111aju\u0107eg \u010delika otporna je na udarce. Boca dolazi s dodatnim slamkama, silikonskom za\u0161titom i \u010detkom za \u010di\u0161\u0107enje, a QR tehnologija olak\u0161ava pronala\u017eenje. Prikladna je za djecu od 6+ mjeseci.<\/span><\/p>\n<ul>\n<li style=\"font-weight: 400;\" aria-level=\"1\"><span style=\"font-weight: 400;\">Uklju\u010duje \u010detku za \u010di\u0161\u0107enje, silikonsku za\u0161titu i dvije dodatne slamke<\/span><\/li>\n<li style=\"font-weight: 400;\" aria-level=\"1\"><span style=\"font-weight: 400;\">Izra\u0111ena od nehr\u0111aju\u0107eg \u010delika 304, bez BPA, ftalata i olova<\/span><\/li>\n<li style=\"font-weight: 400;\" aria-level=\"1\"><span style=\"font-weight: 400;\">Ru\u010dno pranje, nije za perilicu posu\u0111a, zamrziva\u010d ni mikrovalnu<\/span><\/li>\n<li style=\"font-weight: 400;\" aria-level=\"1\"><span style=\"font-weight: 400;\">Zapremina: 350 ml<\/span><\/li>\n<li style=\"font-weight: 400;\" aria-level=\"1\"><span style=\"font-weight: 400;\">Dimenzije: 5,7 x 20,8 cm<\/span><\/li>\n<\/ul>\n<h4><a href=\"https:\/\/najnaj.eu\/proizvod\/citron-tritan-kutija-za-uzinu-spaceship-dusty-blue\/\" target=\"_blank\" rel=\"noopener\"><b>3. Citron Tritan Kutija za u\u017einu Spaceship<\/b><\/a><\/h4>\n<p><span style=\"font-weight: 400;\">Tritan kutija za u\u017einu s \u010detiri odvojena pretinca omogu\u0107uje raznovrsne obroke bez prolijevanja, zahvaljuju\u0107i nepropusnom zatvara\u010du i uklonjivoj silikonskoj oblozi. Lagana je, \u010dvrsta i jednostavna za otvaranje, a izra\u0111ena je od visokokvalitetnih, netoksi\u010dnih materijala. Prikladna je za djecu od 18+ mjeseci i idealna za \u0161kolu, izlete ili putovanja.<\/span><\/p>\n<ul>\n<li><span style=\"font-weight: 400;\">\u010cetiri odvojena pretinca u bento stilu<\/span><\/li>\n<li><span style=\"font-weight: 400;\">Uklonjiva silikonska obloga za jednostavno pranje<\/span><\/li>\n<li><span style=\"font-weight: 400;\">Izra\u0111ena od Tritana, bez BPA, ftalata i olova<\/span><\/li>\n<li><span style=\"font-weight: 400;\">Ru\u010dno pranje, nije za perilicu posu\u0111a, zamrziva\u010d ni mikrovalnu<\/span><\/li>\n<li><span style=\"font-weight: 400;\">Zapremina: 700 ml<\/span><\/li>\n<li><span style=\"font-weight: 400;\">Dimenzije: 16,5 x 21 x 5 cm<\/span><\/li>\n<li style=\"list-style-type: none;\"><\/li>\n<\/ul>\n<ul>\n<li style=\"list-style-type: none;\"><\/li>\n<\/ul>\n","protected":false},"excerpt":{"rendered":"<p><span style=\"font-weight: 400;\">Set za djecu Spaceship donosi sve \u0161to je potrebno za prakti\u010dne i sigurne obroke izvan ku\u0107e. Izolirana Roll Up torba izra\u0111ena od recikliranih materijala odr\u017eava hranu svje\u017eom i omogu\u0107uje jednostavno no\u0161enje, dok trostruko izolirana boca za vodu \u010duva pi\u0107e na idealnoj temperaturi tijekom cijelog dana. Tritan kutija za u\u017einu s \u010detiri pretinca omogu\u0107uje raznovrsne obroke bez prolijevanja, a svi proizvodi su prilago\u0111eni djeci i izra\u0111eni od sigurnih, izdr\u017eljivih materijala.<\/span><\/p>\n<p><strong>Termo bocu u ovom setu mo\u017ee\u0161 personalizirati gravurom!<br \/>\n<\/strong>Jednostavno klikni &#8216;Personaliziraj&#8217;, upi\u0161i \u017eeljeni tekst i odaberi &#8216;Dodaj u ko\u0161aricu&#8217;. Set s personaliziranom bocom \u010dekat \u0107e te u ko\u0161arici!<\/p>\n","protected":false},"featured_media":264823,"comment_status":"closed","ping_status":"closed","template":"","meta":{"_acf_changed":false,"footnotes":""},"product_brand":[],"product_cat":[663,577,1709,2216,740],"product_tag":[2141],"class_list":{"0":"post-264822","1":"product","2":"type-product","3":"status-publish","4":"has-post-thumbnail","6":"product_cat-djecji-ruksaci","7":"product_cat-hranjenje","8":"product_cat-pokloni","9":"product_cat-setovi-za-hranjenje","10":"product_cat-super-prilika","11":"product_tag-personalizirani-proizvodi","12":"pa_brand-citron","13":"pa_omiljeno-omiljeno-djecacima","14":"pa_vrsta-posuda-kutije-za-uzinu","15":"pa_vrsta-posuda-termo-bocice","17":"first","18":"instock","19":"sale","20":"virtual","21":"purchasable","22":"product-type-bundle"},"bundled_by":[],"bundle_stock_status":"instock","bundle_stock_quantity":13,"bundle_virtual":false,"bundle_layout":"grid","bundle_add_to_cart_form_location":"default","bundle_editable_in_cart":false,"bundle_sold_individually_context":"product","bundle_item_grouping":"parent","bundle_min_size":"","bundle_max_size":"","bundle_price":{"price":{"min":{"incl_tax":"95.99","excl_tax":"95.99"},"max":{"incl_tax":"95.99","excl_tax":"95.99"}},"regular_price":{"min":{"incl_tax":"112.97","excl_tax":"112.97"},"max":{"incl_tax":"112.97","excl_tax":"112.97"}}},"bundled_items":[{"bundled_item_id":60,"product_id":196805,"menu_order":0,"quantity_min":1,"quantity_max":1,"quantity_default":1,"priced_individually":false,"shipped_individually":false,"override_title":true,"title":"Termo roll-up torba","override_description":true,"description":"","optional":false,"hide_thumbnail":false,"discount":"","override_variations":false,"allowed_variations":[],"override_default_variation_attributes":false,"default_variation_attributes":[],"single_product_visibility":"visible","cart_visibility":"visible","order_visibility":"visible","single_product_price_visibility":"visible","cart_price_visibility":"hidden","order_price_visibility":"visible","stock_status":"in_stock"},{"bundled_item_id":61,"product_id":235941,"menu_order":1,"quantity_min":1,"quantity_max":1,"quantity_default":1,"priced_individually":false,"shipped_individually":false,"override_title":true,"title":"Termo boca za vodu 350ml","override_description":true,"description":"","optional":false,"hide_thumbnail":false,"discount":"","override_variations":false,"allowed_variations":[],"override_default_variation_attributes":false,"default_variation_attributes":[],"single_product_visibility":"visible","cart_visibility":"visible","order_visibility":"visible","single_product_price_visibility":"visible","cart_price_visibility":"hidden","order_price_visibility":"visible","stock_status":"in_stock"},{"bundled_item_id":62,"product_id":193118,"menu_order":2,"quantity_min":1,"quantity_max":1,"quantity_default":1,"priced_individually":false,"shipped_individually":false,"override_title":true,"title":"Kutija za u\u017einu","override_description":true,"description":"","optional":false,"hide_thumbnail":false,"discount":"","override_variations":false,"allowed_variations":[],"override_default_variation_attributes":false,"default_variation_attributes":[],"single_product_visibility":"visible","cart_visibility":"visible","order_visibility":"visible","single_product_price_visibility":"visible","cart_price_visibility":"hidden","order_price_visibility":"visible","stock_status":"in_stock"}],"bundle_sell_ids":[],"acf":[],"yoast_head":"<!-- This site is optimized with the Yoast SEO Premium plugin v21.5 (Yoast SEO v27.3) - https:\/\/yoast.com\/product\/yoast-seo-premium-wordpress\/ -->\n<title>Citron Set za djecu - Spaceship - NajNaj.eu<\/title>\n<meta name=\"description\" content=\"Set za djecu Spaceship donosi sve \u0161to je potrebno za prakti\u010dne i sigurne obroke izvan ku\u0107e - bocu, kutiju za u\u017einu i ruksak.\" \/>\n<meta name=\"robots\" content=\"index, follow, max-snippet:-1, max-image-preview:large, max-video-preview:-1\" \/>\n<link rel=\"canonical\" href=\"https:\/\/najnaj.eu\/sl\/izdelek\/citron-set-za-djecu-spaceship\/\" \/>\n<meta property=\"og:locale\" content=\"sl_SI\" \/>\n<meta property=\"og:type\" content=\"article\" \/>\n<meta property=\"og:title\" content=\"Citron Set za djecu - Spaceship\" \/>\n<meta property=\"og:description\" content=\"Set za djecu Spaceship donosi sve \u0161to je potrebno za prakti\u010dne i sigurne obroke izvan ku\u0107e - bocu, kutiju za u\u017einu i ruksak.\" \/>\n<meta property=\"og:url\" content=\"https:\/\/najnaj.eu\/sl\/izdelek\/citron-set-za-djecu-spaceship\/\" \/>\n<meta property=\"og:site_name\" content=\"NajNaj.eu\" \/>\n<meta property=\"article:publisher\" content=\"https:\/\/web.facebook.com\/najnaj.eu\/\" \/>\n<meta property=\"article:modified_time\" content=\"2026-04-09T06:28:27+00:00\" \/>\n<meta property=\"og:image\" content=\"https:\/\/najnaj.eu\/wp-content\/uploads\/2025\/07\/product-10.png\" \/>\n\t<meta property=\"og:image:width\" content=\"1080\" \/>\n\t<meta property=\"og:image:height\" content=\"1080\" \/>\n\t<meta property=\"og:image:type\" content=\"image\/png\" \/>\n<meta name=\"twitter:card\" content=\"summary_large_image\" \/>\n<meta name=\"twitter:label1\" content=\"Price\" \/>\n\t<meta name=\"twitter:data1\" content=\"95,99&nbsp;&euro;\" \/>\n\t<meta name=\"twitter:label2\" content=\"Availability\" \/>\n\t<meta name=\"twitter:data2\" content=\"In stock\" \/>\n<script type=\"application\/ld+json\" class=\"yoast-schema-graph\">{\"@context\":\"https:\\\/\\\/schema.org\",\"@graph\":[{\"@type\":\"WebPage\",\"@id\":\"https:\\\/\\\/najnaj.eu\\\/sl\\\/izdelek\\\/citron-set-za-djecu-spaceship\\\/\",\"url\":\"https:\\\/\\\/najnaj.eu\\\/sl\\\/izdelek\\\/citron-set-za-djecu-spaceship\\\/\",\"name\":\"Citron Set za djecu - Spaceship - NajNaj.eu\",\"isPartOf\":{\"@id\":\"https:\\\/\\\/najnaj.eu\\\/sl\\\/#website\"},\"primaryImageOfPage\":{\"@id\":\"https:\\\/\\\/najnaj.eu\\\/sl\\\/izdelek\\\/citron-set-za-djecu-spaceship\\\/#primaryimage\"},\"image\":{\"@id\":\"https:\\\/\\\/najnaj.eu\\\/sl\\\/izdelek\\\/citron-set-za-djecu-spaceship\\\/#primaryimage\"},\"thumbnailUrl\":\"https:\\\/\\\/najnaj.eu\\\/wp-content\\\/uploads\\\/2025\\\/07\\\/product-10.png\",\"datePublished\":\"2025-07-24T11:51:42+00:00\",\"dateModified\":\"2026-04-09T06:28:27+00:00\",\"description\":\"Set za djecu Spaceship donosi sve \u0161to je potrebno za prakti\u010dne i sigurne obroke izvan ku\u0107e - bocu, kutiju za u\u017einu i ruksak.\",\"breadcrumb\":{\"@id\":\"https:\\\/\\\/najnaj.eu\\\/sl\\\/izdelek\\\/citron-set-za-djecu-spaceship\\\/#breadcrumb\"},\"inLanguage\":\"sl-SI\",\"potentialAction\":[{\"@type\":\"ReadAction\",\"target\":[\"https:\\\/\\\/najnaj.eu\\\/sl\\\/izdelek\\\/citron-set-za-djecu-spaceship\\\/\"]}]},{\"@type\":\"ImageObject\",\"inLanguage\":\"sl-SI\",\"@id\":\"https:\\\/\\\/najnaj.eu\\\/sl\\\/izdelek\\\/citron-set-za-djecu-spaceship\\\/#primaryimage\",\"url\":\"https:\\\/\\\/najnaj.eu\\\/wp-content\\\/uploads\\\/2025\\\/07\\\/product-10.png\",\"contentUrl\":\"https:\\\/\\\/najnaj.eu\\\/wp-content\\\/uploads\\\/2025\\\/07\\\/product-10.png\",\"width\":1080,\"height\":1080},{\"@type\":\"BreadcrumbList\",\"@id\":\"https:\\\/\\\/najnaj.eu\\\/sl\\\/izdelek\\\/citron-set-za-djecu-spaceship\\\/#breadcrumb\",\"itemListElement\":[{\"@type\":\"ListItem\",\"position\":1,\"name\":\"Po\u010detna stranica\",\"item\":\"https:\\\/\\\/najnaj.eu\\\/sl\\\/prednja-stran\\\/\"},{\"@type\":\"ListItem\",\"position\":2,\"name\":\"Shop\",\"item\":\"https:\\\/\\\/najnaj.eu\\\/sl\\\/shop\\\/\"},{\"@type\":\"ListItem\",\"position\":3,\"name\":\"Citron Set za djecu &#8211; Spaceship\"}]},{\"@type\":\"WebSite\",\"@id\":\"https:\\\/\\\/najnaj.eu\\\/sl\\\/#website\",\"url\":\"https:\\\/\\\/najnaj.eu\\\/sl\\\/\",\"name\":\"NajNaj.eu\",\"description\":\"Za najva\u017enije!\",\"publisher\":{\"@id\":\"https:\\\/\\\/najnaj.eu\\\/sl\\\/#organization\"},\"potentialAction\":[{\"@type\":\"SearchAction\",\"target\":{\"@type\":\"EntryPoint\",\"urlTemplate\":\"https:\\\/\\\/najnaj.eu\\\/sl\\\/?s={search_term_string}\"},\"query-input\":{\"@type\":\"PropertyValueSpecification\",\"valueRequired\":true,\"valueName\":\"search_term_string\"}}],\"inLanguage\":\"sl-SI\"},{\"@type\":\"Organization\",\"@id\":\"https:\\\/\\\/najnaj.eu\\\/sl\\\/#organization\",\"name\":\"NajNaj.eu\",\"url\":\"https:\\\/\\\/najnaj.eu\\\/sl\\\/\",\"logo\":{\"@type\":\"ImageObject\",\"inLanguage\":\"sl-SI\",\"@id\":\"https:\\\/\\\/najnaj.eu\\\/sl\\\/#\\\/schema\\\/logo\\\/image\\\/\",\"url\":\"https:\\\/\\\/najnaj.eu\\\/wp-content\\\/uploads\\\/2023\\\/09\\\/logo_Najnaj_2023.svg\",\"contentUrl\":\"https:\\\/\\\/najnaj.eu\\\/wp-content\\\/uploads\\\/2023\\\/09\\\/logo_Najnaj_2023.svg\",\"width\":501,\"height\":278,\"caption\":\"NajNaj.eu\"},\"image\":{\"@id\":\"https:\\\/\\\/najnaj.eu\\\/sl\\\/#\\\/schema\\\/logo\\\/image\\\/\"},\"sameAs\":[\"https:\\\/\\\/web.facebook.com\\\/najnaj.eu\\\/\",\"https:\\\/\\\/www.instagram.com\\\/najnaj.eu\\\/\",\"https:\\\/\\\/www.tiktok.com\\\/@najnaj.eu\"]}]}<\/script>\n<meta property=\"product:brand\" content=\"Citron\" \/>\n<meta property=\"product:price:amount\" content=\"95.99\" \/>\n<meta property=\"product:price:currency\" content=\"EUR\" \/>\n<meta property=\"og:availability\" content=\"instock\" \/>\n<meta property=\"product:availability\" content=\"instock\" \/>\n<meta property=\"product:retailer_item_id\" content=\"Set_za_djecu_Spaceship\" \/>\n<meta property=\"product:condition\" content=\"new\" \/>\n<!-- \/ Yoast SEO Premium plugin. -->","yoast_head_json":{"title":"Citron Set za djecu - Spaceship - NajNaj.eu","description":"Set za djecu Spaceship donosi sve \u0161to je potrebno za prakti\u010dne i sigurne obroke izvan ku\u0107e - bocu, kutiju za u\u017einu i ruksak.","robots":{"index":"index","follow":"follow","max-snippet":"max-snippet:-1","max-image-preview":"max-image-preview:large","max-video-preview":"max-video-preview:-1"},"canonical":"https:\/\/najnaj.eu\/sl\/izdelek\/citron-set-za-djecu-spaceship\/","og_locale":"sl_SI","og_type":"article","og_title":"Citron Set za djecu - Spaceship","og_description":"Set za djecu Spaceship donosi sve \u0161to je potrebno za prakti\u010dne i sigurne obroke izvan ku\u0107e - bocu, kutiju za u\u017einu i ruksak.","og_url":"https:\/\/najnaj.eu\/sl\/izdelek\/citron-set-za-djecu-spaceship\/","og_site_name":"NajNaj.eu","article_publisher":"https:\/\/web.facebook.com\/najnaj.eu\/","article_modified_time":"2026-04-09T06:28:27+00:00","og_image":[{"width":1080,"height":1080,"url":"https:\/\/najnaj.eu\/wp-content\/uploads\/2025\/07\/product-10.png","type":"image\/png"}],"twitter_card":"summary_large_image","twitter_misc":{"Price":"95,99&nbsp;&euro;","Availability":"In stock"},"schema":{"@context":"https:\/\/schema.org","@graph":[{"@type":"WebPage","@id":"https:\/\/najnaj.eu\/sl\/izdelek\/citron-set-za-djecu-spaceship\/","url":"https:\/\/najnaj.eu\/sl\/izdelek\/citron-set-za-djecu-spaceship\/","name":"Citron Set za djecu - Spaceship - NajNaj.eu","isPartOf":{"@id":"https:\/\/najnaj.eu\/sl\/#website"},"primaryImageOfPage":{"@id":"https:\/\/najnaj.eu\/sl\/izdelek\/citron-set-za-djecu-spaceship\/#primaryimage"},"image":{"@id":"https:\/\/najnaj.eu\/sl\/izdelek\/citron-set-za-djecu-spaceship\/#primaryimage"},"thumbnailUrl":"https:\/\/najnaj.eu\/wp-content\/uploads\/2025\/07\/product-10.png","datePublished":"2025-07-24T11:51:42+00:00","dateModified":"2026-04-09T06:28:27+00:00","description":"Set za djecu Spaceship donosi sve \u0161to je potrebno za prakti\u010dne i sigurne obroke izvan ku\u0107e - bocu, kutiju za u\u017einu i ruksak.","breadcrumb":{"@id":"https:\/\/najnaj.eu\/sl\/izdelek\/citron-set-za-djecu-spaceship\/#breadcrumb"},"inLanguage":"sl-SI","potentialAction":[{"@type":"ReadAction","target":["https:\/\/najnaj.eu\/sl\/izdelek\/citron-set-za-djecu-spaceship\/"]}]},{"@type":"ImageObject","inLanguage":"sl-SI","@id":"https:\/\/najnaj.eu\/sl\/izdelek\/citron-set-za-djecu-spaceship\/#primaryimage","url":"https:\/\/najnaj.eu\/wp-content\/uploads\/2025\/07\/product-10.png","contentUrl":"https:\/\/najnaj.eu\/wp-content\/uploads\/2025\/07\/product-10.png","width":1080,"height":1080},{"@type":"BreadcrumbList","@id":"https:\/\/najnaj.eu\/sl\/izdelek\/citron-set-za-djecu-spaceship\/#breadcrumb","itemListElement":[{"@type":"ListItem","position":1,"name":"Po\u010detna stranica","item":"https:\/\/najnaj.eu\/sl\/prednja-stran\/"},{"@type":"ListItem","position":2,"name":"Shop","item":"https:\/\/najnaj.eu\/sl\/shop\/"},{"@type":"ListItem","position":3,"name":"Citron Set za djecu &#8211; Spaceship"}]},{"@type":"WebSite","@id":"https:\/\/najnaj.eu\/sl\/#website","url":"https:\/\/najnaj.eu\/sl\/","name":"NajNaj.eu","description":"Za najva\u017enije!","publisher":{"@id":"https:\/\/najnaj.eu\/sl\/#organization"},"potentialAction":[{"@type":"SearchAction","target":{"@type":"EntryPoint","urlTemplate":"https:\/\/najnaj.eu\/sl\/?s={search_term_string}"},"query-input":{"@type":"PropertyValueSpecification","valueRequired":true,"valueName":"search_term_string"}}],"inLanguage":"sl-SI"},{"@type":"Organization","@id":"https:\/\/najnaj.eu\/sl\/#organization","name":"NajNaj.eu","url":"https:\/\/najnaj.eu\/sl\/","logo":{"@type":"ImageObject","inLanguage":"sl-SI","@id":"https:\/\/najnaj.eu\/sl\/#\/schema\/logo\/image\/","url":"https:\/\/najnaj.eu\/wp-content\/uploads\/2023\/09\/logo_Najnaj_2023.svg","contentUrl":"https:\/\/najnaj.eu\/wp-content\/uploads\/2023\/09\/logo_Najnaj_2023.svg","width":501,"height":278,"caption":"NajNaj.eu"},"image":{"@id":"https:\/\/najnaj.eu\/sl\/#\/schema\/logo\/image\/"},"sameAs":["https:\/\/web.facebook.com\/najnaj.eu\/","https:\/\/www.instagram.com\/najnaj.eu\/","https:\/\/www.tiktok.com\/@najnaj.eu"]}]},"product_brand":"Citron","product_price_amount":"95.99","product_price_currency":"EUR","og_availability":"instock","product_availability":"instock","product_retailer_item_id":"Set_za_djecu_Spaceship","product_condition":"new"},"_links":{"self":[{"href":"https:\/\/najnaj.eu\/sl\/wp-json\/wp\/v2\/product\/264822","targetHints":{"allow":["GET"]}}],"collection":[{"href":"https:\/\/najnaj.eu\/sl\/wp-json\/wp\/v2\/product"}],"about":[{"href":"https:\/\/najnaj.eu\/sl\/wp-json\/wp\/v2\/types\/product"}],"replies":[{"embeddable":true,"href":"https:\/\/najnaj.eu\/sl\/wp-json\/wp\/v2\/comments?post=264822"}],"version-history":[{"count":0,"href":"https:\/\/najnaj.eu\/sl\/wp-json\/wp\/v2\/product\/264822\/revisions"}],"wp:featuredmedia":[{"embeddable":true,"href":"https:\/\/najnaj.eu\/sl\/wp-json\/wp\/v2\/media\/264823"}],"wp:attachment":[{"href":"https:\/\/najnaj.eu\/sl\/wp-json\/wp\/v2\/media?parent=264822"}],"wp:term":[{"taxonomy":"product_brand","embeddable":true,"href":"https:\/\/najnaj.eu\/sl\/wp-json\/wp\/v2\/product_brand?post=264822"},{"taxonomy":"product_cat","embeddable":true,"href":"https:\/\/najnaj.eu\/sl\/wp-json\/wp\/v2\/product_cat?post=264822"},{"taxonomy":"product_tag","embeddable":true,"href":"https:\/\/najnaj.eu\/sl\/wp-json\/wp\/v2\/product_tag?post=264822"}],"curies":[{"name":"wp","href":"https:\/\/api.w.org\/{rel}","templated":true}]}}