{"id":264738,"date":"2025-07-24T09:39:44","date_gmt":"2025-07-24T07:39:44","guid":{"rendered":"https:\/\/najnaj.eu\/?post_type=product&#038;p=264738"},"modified":"2026-04-09T12:30:31","modified_gmt":"2026-04-09T10:30:31","slug":"citron-set-za-hranjenje-maxi-vehicles","status":"publish","type":"product","link":"https:\/\/najnaj.eu\/sl\/izdelek\/citron-set-za-hranjenje-maxi-vehicles\/","title":{"rendered":"Citron Set za hranjenje maxi &#8211; Vehicles"},"content":{"rendered":"<p>Sadr\u017eaj seta:<\/p>\n<h4><a href=\"https:\/\/najnaj.eu\/proizvod\/citron-set-posuda-od-bio-materijala-vehicles\/\" target=\"_blank\" rel=\"noopener\"><b>1. Citron Set posu\u0111a od bio materijala Vehicles<\/b><\/a><\/h4>\n<p><span style=\"font-weight: 400;\">Ovaj set posu\u0111a od 100% PLA bioplastike donosi sigurnost, izdr\u017eljivost i ekolo\u0161ku osvije\u0161tenost na va\u0161 stol. Materijal je otporan na lomljenje i bez toksi\u010dnih tvari osigurava dugotrajnu i sigurnu upotrebu.<\/span><\/p>\n<ul>\n<li style=\"font-weight: 400;\" aria-level=\"1\"><span style=\"font-weight: 400;\">Set od 4 dijela: tanjur, zdjela, \u010da\u0161a, vilica i \u017elica<\/span><\/li>\n<li style=\"font-weight: 400;\" aria-level=\"1\"><span style=\"font-weight: 400;\">Izra\u0111en od 100% PLA, bez toksi\u010dnih materijala<\/span><\/li>\n<li style=\"font-weight: 400;\" aria-level=\"1\"><span style=\"font-weight: 400;\">Otporan na lomljenje, lagan i dugotrajan<\/span><\/li>\n<li style=\"font-weight: 400;\" aria-level=\"1\"><span style=\"font-weight: 400;\">Prikladan za djecu od 6+ mjeseci<\/span><\/li>\n<li style=\"font-weight: 400;\" aria-level=\"1\"><span style=\"font-weight: 400;\">Siguran za perilicu posu\u0111a (nije za mikrovalnu)<\/span><\/li>\n<li style=\"font-weight: 400;\" aria-level=\"1\"><span style=\"font-weight: 400;\">Ekskluzivni print, LFGB certifikat<br \/>\n<\/span><\/li>\n<\/ul>\n<h4><a href=\"https:\/\/najnaj.eu\/proizvod\/citron-silikonski-podlozak-za-tanjur-grey\/\" target=\"_blank\" rel=\"noopener\"><b>2. Citron Silikonski podlo\u017eak za tanjur Grey<\/b><\/a><\/h4>\n<p><span style=\"font-weight: 400;\">Ovaj silikonski podlo\u017eak s dvostrukim vakuumom \u010dvrsto dr\u017ei tanjur na mjestu i sprje\u010dava prolijevanje, \u010dine\u0107i obroke urednijima i sigurnijima. Prakti\u010dan je i raste s djetetom, prilago\u0111avaju\u0107i se standardnim tanjurima.<\/span><\/p>\n<ul>\n<li style=\"font-weight: 400;\" aria-level=\"1\"><span style=\"font-weight: 400;\">Dvostruki vakuum za stabilnost tanjura<\/span><\/li>\n<li style=\"font-weight: 400;\" aria-level=\"1\"><span style=\"font-weight: 400;\">Izra\u0111en od silikona sigurnog za hranu<\/span><\/li>\n<li style=\"font-weight: 400;\" aria-level=\"1\"><span style=\"font-weight: 400;\">Prikladan za perilicu posu\u0111a (nije za mikrovalnu)<\/span><\/li>\n<li style=\"font-weight: 400;\" aria-level=\"1\"><span style=\"font-weight: 400;\"><span style=\"font-weight: 400;\">Dimenzije: 21 x 18,7 x 1,6 cm<\/span><\/span><\/li>\n<\/ul>\n<h4><a href=\"https:\/\/najnaj.eu\/proizvod\/citron-silikonska-podloga-za-zdjelicu-grey\/\" target=\"_blank\" rel=\"noopener\"><b>3. Citron Silikonska podloga za zdjelicu Grey<\/b><\/a><\/h4>\n<p><span style=\"font-weight: 400;\">Silikonska podloga s dvostrukim vakuumom osigurava da zdjela ostane na mjestu tijekom obroka, smanjuju\u0107i nered i prolijevanje. Prilago\u0111ena je Citron zdjelicama i ve\u0107ini standardnih dje\u010djih zdjela.<\/span><\/p>\n<ul>\n<li style=\"font-weight: 400;\" aria-level=\"1\"><span style=\"font-weight: 400;\">Dvostruki vakuum za sigurno dr\u017eanje zdjele<\/span><\/li>\n<li style=\"font-weight: 400;\" aria-level=\"1\"><span style=\"font-weight: 400;\">Silikon siguran za hranu, jednostavan za kori\u0161tenje<\/span><\/li>\n<li style=\"font-weight: 400;\" aria-level=\"1\"><span style=\"font-weight: 400;\">Prikladna za perilicu posu\u0111a (nije za mikrovalnu)<\/span><\/li>\n<li style=\"font-weight: 400;\" aria-level=\"1\"><span style=\"font-weight: 400;\"><span style=\"font-weight: 400;\">Dimenzije: 14,2 x 13,4 x 1,8 cm<\/span><\/span><\/li>\n<\/ul>\n<h4><a href=\"https:\/\/najnaj.eu\/proizvod\/citron-silikonski-poklopac-za-salicu-grey\/\" target=\"_blank\" rel=\"noopener\"><b>4. Citron Silikonski poklopac za \u0161alicu Grey<\/b><\/a><\/h4>\n<p><span style=\"font-weight: 400;\">Prakti\u010dan silikonski poklopac sa slamkom sprje\u010dava prolijevanje i curenje, idealan za pi\u0107e u pokretu. Jednostavan je za kori\u0161tenje i odr\u017eavanje, a izra\u0111en je od sigurnog silikona bez BPA.<\/span><\/p>\n<ul>\n<li style=\"font-weight: 400;\" aria-level=\"1\"><span style=\"font-weight: 400;\">Bez BPA, siguran za hranu<\/span><\/li>\n<li style=\"font-weight: 400;\" aria-level=\"1\"><span style=\"font-weight: 400;\">Prikladan za perilicu posu\u0111a (nije za mikrovalnu)<\/span><\/li>\n<li style=\"font-weight: 400;\" aria-level=\"1\"><span style=\"font-weight: 400;\"><span style=\"font-weight: 400;\">Dimenzije: promjer 8 cm, slamka 11,5 cm<\/span><\/span><\/li>\n<\/ul>\n<h4><a href=\"https:\/\/najnaj.eu\/proizvod\/citron-silikonski-podbradnjak-vehicles\/\" target=\"_blank\" rel=\"noopener\"><b>5. Citron silikonski podbradnjak Vehicles<\/b><\/a><\/h4>\n<p><span style=\"font-weight: 400;\">Ovaj lagani i fleksibilni podbradnjak s prakti\u010dnim d\u017eepom olak\u0161ava hranjenje i smanjuje nered. Izra\u0111en je od silikona sigurnog za hranu i lako se \u010disti.<\/span><\/p>\n<ul>\n<li style=\"font-weight: 400;\" aria-level=\"1\"><span style=\"font-weight: 400;\">Siguran za hranu, bez BPA<\/span><\/li>\n<li style=\"font-weight: 400;\" aria-level=\"1\"><span style=\"font-weight: 400;\">Prikladan za djecu od 4+ mjeseca<\/span><\/li>\n<li style=\"font-weight: 400;\" aria-level=\"1\"><span style=\"font-weight: 400;\">Dimenzije: 25 x 21 cm<\/span><\/li>\n<li style=\"font-weight: 400;\" aria-level=\"1\"><span style=\"font-weight: 400;\">Lagan, fleksibilan, s d\u017eepom za skupljanje hrane<\/span><\/li>\n<li style=\"font-weight: 400;\" aria-level=\"1\"><span style=\"font-weight: 400;\"><span style=\"font-weight: 400;\">Prikladan za perilicu posu\u0111a<\/span><\/span><\/li>\n<\/ul>\n<h4><a href=\"https:\/\/najnaj.eu\/proizvod\/citron-silikonski-podlozak-vehicles\/\" target=\"_blank\" rel=\"noopener\"><b>6. Citron Silikonski podlo\u017eak Vehicles<\/b><\/a><\/h4>\n<p><span style=\"font-weight: 400;\">Silikonski podlo\u017eak \u0161titi povr\u0161ine i olak\u0161ava \u010di\u0161\u0107enje. Lako se savija i skladi\u0161ti, a dolazi s prakti\u010dnim dr\u017ea\u010dem.<\/span><\/p>\n<ul>\n<li style=\"font-weight: 400;\" aria-level=\"1\"><span style=\"font-weight: 400;\">Silikon siguran za hranu, bez BPA<\/span><\/li>\n<li style=\"font-weight: 400;\" aria-level=\"1\"><span style=\"font-weight: 400;\">Prikladan za djecu 6m+<\/span><\/li>\n<li style=\"font-weight: 400;\" aria-level=\"1\"><span style=\"font-weight: 400;\">Dimenzije: 41 x 30,5 cm<\/span><\/li>\n<li style=\"font-weight: 400;\" aria-level=\"1\"><span style=\"font-weight: 400;\">Prikladan za perilicu do 60\u00b0 (nije za mikrovalnu)<\/span><\/li>\n<\/ul>\n","protected":false},"excerpt":{"rendered":"<p><span style=\"font-weight: 400;\">Maxi set za hranjenje Vehicles sadr\u017ei sve \u0161to vam treba za lak\u0161e i urednije hranjenje u jednom paketu. Jednostavan za kori\u0161tenje, lako se odr\u017eava i siguran je za djecu. Uz osnovni pribor s kojim \u0107e va\u0161e dijete nau\u010diti jesti kao odrasla osoba, podlo\u0161ci za tanjur i zdjelicu dr\u017ee posu\u0111e \u010dvrsto na mjestu i smanjuju prolijevanje, podbradnjak skuplja ostatke hrane i olak\u0161ava \u010di\u0161\u0107enje, a poklopac sa slamkom sprje\u010dava prolijevanje pi\u0107a. Svi dijelovi su izra\u0111eni od sigurnih, izdr\u017eljivih i lako perivih materijala, \u0161to ovaj set \u010dini prakti\u010dnim izborom za svakodnevne obroke.<\/span><\/p>\n","protected":false},"featured_media":264742,"comment_status":"closed","ping_status":"closed","template":"","meta":{"_acf_changed":false,"footnotes":""},"product_brand":[],"product_cat":[577,1709,2216,740],"product_tag":[],"class_list":{"0":"post-264738","1":"product","2":"type-product","3":"status-publish","4":"has-post-thumbnail","6":"product_cat-hranjenje","7":"product_cat-pokloni","8":"product_cat-setovi-za-hranjenje","9":"product_cat-super-prilika","10":"pa_brand-citron","11":"pa_vrsta-posuda-casice","12":"pa_vrsta-posuda-pribor-za-jelo","13":"pa_vrsta-posuda-tanjuri","15":"first","16":"instock","17":"sale","18":"virtual","19":"purchasable","20":"product-type-bundle"},"bundled_by":[],"bundle_stock_status":"instock","bundle_stock_quantity":3,"bundle_virtual":false,"bundle_layout":"grid","bundle_add_to_cart_form_location":"default","bundle_editable_in_cart":false,"bundle_sold_individually_context":"product","bundle_item_grouping":"parent","bundle_min_size":"","bundle_max_size":"","bundle_price":{"price":{"min":{"incl_tax":"84.99","excl_tax":"84.99"},"max":{"incl_tax":"84.99","excl_tax":"84.99"}},"regular_price":{"min":{"incl_tax":"93.94","excl_tax":"93.94"},"max":{"incl_tax":"93.94","excl_tax":"93.94"}}},"bundled_items":[{"bundled_item_id":14,"product_id":235361,"menu_order":0,"quantity_min":1,"quantity_max":1,"quantity_default":1,"priced_individually":false,"shipped_individually":false,"override_title":true,"title":"Set posu\u0111a od bio materijala","override_description":true,"description":"","optional":false,"hide_thumbnail":false,"discount":"","override_variations":false,"allowed_variations":[],"override_default_variation_attributes":false,"default_variation_attributes":[],"single_product_visibility":"visible","cart_visibility":"visible","order_visibility":"visible","single_product_price_visibility":"visible","cart_price_visibility":"hidden","order_price_visibility":"visible","stock_status":"in_stock"},{"bundled_item_id":15,"product_id":235494,"menu_order":1,"quantity_min":1,"quantity_max":1,"quantity_default":1,"priced_individually":false,"shipped_individually":false,"override_title":true,"title":"Silikonski podlo\u017eak za tanjur","override_description":true,"description":"","optional":false,"hide_thumbnail":false,"discount":"","override_variations":false,"allowed_variations":[],"override_default_variation_attributes":false,"default_variation_attributes":[],"single_product_visibility":"visible","cart_visibility":"visible","order_visibility":"visible","single_product_price_visibility":"visible","cart_price_visibility":"hidden","order_price_visibility":"visible","stock_status":"in_stock"},{"bundled_item_id":16,"product_id":235549,"menu_order":2,"quantity_min":1,"quantity_max":1,"quantity_default":1,"priced_individually":false,"shipped_individually":false,"override_title":true,"title":"Silikonska podloga za zdjelicu","override_description":true,"description":"","optional":false,"hide_thumbnail":false,"discount":"","override_variations":false,"allowed_variations":[],"override_default_variation_attributes":false,"default_variation_attributes":[],"single_product_visibility":"visible","cart_visibility":"visible","order_visibility":"visible","single_product_price_visibility":"visible","cart_price_visibility":"hidden","order_price_visibility":"visible","stock_status":"in_stock"},{"bundled_item_id":17,"product_id":235433,"menu_order":3,"quantity_min":1,"quantity_max":1,"quantity_default":1,"priced_individually":false,"shipped_individually":false,"override_title":true,"title":"Silikonski poklopac za \u0161alicu","override_description":true,"description":"","optional":false,"hide_thumbnail":false,"discount":"","override_variations":false,"allowed_variations":[],"override_default_variation_attributes":false,"default_variation_attributes":[],"single_product_visibility":"visible","cart_visibility":"visible","order_visibility":"visible","single_product_price_visibility":"visible","cart_price_visibility":"hidden","order_price_visibility":"visible","stock_status":"in_stock"},{"bundled_item_id":18,"product_id":246528,"menu_order":4,"quantity_min":1,"quantity_max":1,"quantity_default":1,"priced_individually":false,"shipped_individually":false,"override_title":true,"title":"Silikonski podbradnjak","override_description":true,"description":"","optional":false,"hide_thumbnail":false,"discount":"","override_variations":false,"allowed_variations":[],"override_default_variation_attributes":false,"default_variation_attributes":[],"single_product_visibility":"visible","cart_visibility":"visible","order_visibility":"visible","single_product_price_visibility":"visible","cart_price_visibility":"hidden","order_price_visibility":"visible","stock_status":"in_stock"},{"bundled_item_id":19,"product_id":235169,"menu_order":5,"quantity_min":1,"quantity_max":1,"quantity_default":1,"priced_individually":false,"shipped_individually":false,"override_title":true,"title":"Silikonski podlo\u017eak","override_description":true,"description":"","optional":false,"hide_thumbnail":false,"discount":"","override_variations":false,"allowed_variations":[],"override_default_variation_attributes":false,"default_variation_attributes":[],"single_product_visibility":"visible","cart_visibility":"visible","order_visibility":"visible","single_product_price_visibility":"visible","cart_price_visibility":"hidden","order_price_visibility":"visible","stock_status":"in_stock"}],"bundle_sell_ids":[],"acf":[],"yoast_head":"<!-- This site is optimized with the Yoast SEO Premium plugin v21.5 (Yoast SEO v27.3) - https:\/\/yoast.com\/product\/yoast-seo-premium-wordpress\/ -->\n<title>Citron Set za hranjenje maxi - Vehicles - NajNaj.eu<\/title>\n<meta name=\"description\" content=\"Maxi set za hranjenje Vehicles sadr\u017ei sve \u0161to vam treba za lak\u0161e i urednije hranjenje. Jednostavan za kori\u0161tenje, lako se odr\u017eava i siguran je za djecu.\" \/>\n<meta name=\"robots\" content=\"index, follow, max-snippet:-1, max-image-preview:large, max-video-preview:-1\" \/>\n<link rel=\"canonical\" href=\"https:\/\/najnaj.eu\/sl\/izdelek\/citron-set-za-hranjenje-maxi-vehicles\/\" \/>\n<meta property=\"og:locale\" content=\"sl_SI\" \/>\n<meta property=\"og:type\" content=\"article\" \/>\n<meta property=\"og:title\" content=\"Citron Set za hranjenje maxi - Vehicles\" \/>\n<meta property=\"og:description\" content=\"Maxi set za hranjenje Vehicles sadr\u017ei sve \u0161to vam treba za lak\u0161e i urednije hranjenje. Jednostavan za kori\u0161tenje, lako se odr\u017eava i siguran je za djecu.\" \/>\n<meta property=\"og:url\" content=\"https:\/\/najnaj.eu\/sl\/izdelek\/citron-set-za-hranjenje-maxi-vehicles\/\" \/>\n<meta property=\"og:site_name\" content=\"NajNaj.eu\" \/>\n<meta property=\"article:publisher\" content=\"https:\/\/web.facebook.com\/najnaj.eu\/\" \/>\n<meta property=\"article:modified_time\" content=\"2026-04-09T10:30:31+00:00\" \/>\n<meta property=\"og:image\" content=\"https:\/\/najnaj.eu\/wp-content\/uploads\/2025\/07\/product-2.png\" \/>\n\t<meta property=\"og:image:width\" content=\"1080\" \/>\n\t<meta property=\"og:image:height\" content=\"1080\" \/>\n\t<meta property=\"og:image:type\" content=\"image\/png\" \/>\n<meta name=\"twitter:card\" content=\"summary_large_image\" \/>\n<meta name=\"twitter:label1\" content=\"Price\" \/>\n\t<meta name=\"twitter:data1\" content=\"84,99&nbsp;&euro;\" \/>\n\t<meta name=\"twitter:label2\" content=\"Availability\" \/>\n\t<meta name=\"twitter:data2\" content=\"In stock\" \/>\n<script type=\"application\/ld+json\" class=\"yoast-schema-graph\">{\"@context\":\"https:\\\/\\\/schema.org\",\"@graph\":[{\"@type\":\"WebPage\",\"@id\":\"https:\\\/\\\/najnaj.eu\\\/sl\\\/izdelek\\\/citron-set-za-hranjenje-maxi-vehicles\\\/\",\"url\":\"https:\\\/\\\/najnaj.eu\\\/sl\\\/izdelek\\\/citron-set-za-hranjenje-maxi-vehicles\\\/\",\"name\":\"Citron Set za hranjenje maxi - Vehicles - NajNaj.eu\",\"isPartOf\":{\"@id\":\"https:\\\/\\\/najnaj.eu\\\/sl\\\/#website\"},\"primaryImageOfPage\":{\"@id\":\"https:\\\/\\\/najnaj.eu\\\/sl\\\/izdelek\\\/citron-set-za-hranjenje-maxi-vehicles\\\/#primaryimage\"},\"image\":{\"@id\":\"https:\\\/\\\/najnaj.eu\\\/sl\\\/izdelek\\\/citron-set-za-hranjenje-maxi-vehicles\\\/#primaryimage\"},\"thumbnailUrl\":\"https:\\\/\\\/najnaj.eu\\\/wp-content\\\/uploads\\\/2025\\\/07\\\/product-2.png\",\"datePublished\":\"2025-07-24T07:39:44+00:00\",\"dateModified\":\"2026-04-09T10:30:31+00:00\",\"description\":\"Maxi set za hranjenje Vehicles sadr\u017ei sve \u0161to vam treba za lak\u0161e i urednije hranjenje. Jednostavan za kori\u0161tenje, lako se odr\u017eava i siguran je za djecu.\",\"breadcrumb\":{\"@id\":\"https:\\\/\\\/najnaj.eu\\\/sl\\\/izdelek\\\/citron-set-za-hranjenje-maxi-vehicles\\\/#breadcrumb\"},\"inLanguage\":\"sl-SI\",\"potentialAction\":[{\"@type\":\"ReadAction\",\"target\":[\"https:\\\/\\\/najnaj.eu\\\/sl\\\/izdelek\\\/citron-set-za-hranjenje-maxi-vehicles\\\/\"]}]},{\"@type\":\"ImageObject\",\"inLanguage\":\"sl-SI\",\"@id\":\"https:\\\/\\\/najnaj.eu\\\/sl\\\/izdelek\\\/citron-set-za-hranjenje-maxi-vehicles\\\/#primaryimage\",\"url\":\"https:\\\/\\\/najnaj.eu\\\/wp-content\\\/uploads\\\/2025\\\/07\\\/product-2.png\",\"contentUrl\":\"https:\\\/\\\/najnaj.eu\\\/wp-content\\\/uploads\\\/2025\\\/07\\\/product-2.png\",\"width\":1080,\"height\":1080},{\"@type\":\"BreadcrumbList\",\"@id\":\"https:\\\/\\\/najnaj.eu\\\/sl\\\/izdelek\\\/citron-set-za-hranjenje-maxi-vehicles\\\/#breadcrumb\",\"itemListElement\":[{\"@type\":\"ListItem\",\"position\":1,\"name\":\"Po\u010detna stranica\",\"item\":\"https:\\\/\\\/najnaj.eu\\\/sl\\\/prednja-stran\\\/\"},{\"@type\":\"ListItem\",\"position\":2,\"name\":\"Shop\",\"item\":\"https:\\\/\\\/najnaj.eu\\\/sl\\\/shop\\\/\"},{\"@type\":\"ListItem\",\"position\":3,\"name\":\"Citron Set za hranjenje maxi &#8211; Vehicles\"}]},{\"@type\":\"WebSite\",\"@id\":\"https:\\\/\\\/najnaj.eu\\\/sl\\\/#website\",\"url\":\"https:\\\/\\\/najnaj.eu\\\/sl\\\/\",\"name\":\"NajNaj.eu\",\"description\":\"Za najva\u017enije!\",\"publisher\":{\"@id\":\"https:\\\/\\\/najnaj.eu\\\/sl\\\/#organization\"},\"potentialAction\":[{\"@type\":\"SearchAction\",\"target\":{\"@type\":\"EntryPoint\",\"urlTemplate\":\"https:\\\/\\\/najnaj.eu\\\/sl\\\/?s={search_term_string}\"},\"query-input\":{\"@type\":\"PropertyValueSpecification\",\"valueRequired\":true,\"valueName\":\"search_term_string\"}}],\"inLanguage\":\"sl-SI\"},{\"@type\":\"Organization\",\"@id\":\"https:\\\/\\\/najnaj.eu\\\/sl\\\/#organization\",\"name\":\"NajNaj.eu\",\"url\":\"https:\\\/\\\/najnaj.eu\\\/sl\\\/\",\"logo\":{\"@type\":\"ImageObject\",\"inLanguage\":\"sl-SI\",\"@id\":\"https:\\\/\\\/najnaj.eu\\\/sl\\\/#\\\/schema\\\/logo\\\/image\\\/\",\"url\":\"https:\\\/\\\/najnaj.eu\\\/wp-content\\\/uploads\\\/2023\\\/09\\\/logo_Najnaj_2023.svg\",\"contentUrl\":\"https:\\\/\\\/najnaj.eu\\\/wp-content\\\/uploads\\\/2023\\\/09\\\/logo_Najnaj_2023.svg\",\"width\":501,\"height\":278,\"caption\":\"NajNaj.eu\"},\"image\":{\"@id\":\"https:\\\/\\\/najnaj.eu\\\/sl\\\/#\\\/schema\\\/logo\\\/image\\\/\"},\"sameAs\":[\"https:\\\/\\\/web.facebook.com\\\/najnaj.eu\\\/\",\"https:\\\/\\\/www.instagram.com\\\/najnaj.eu\\\/\",\"https:\\\/\\\/www.tiktok.com\\\/@najnaj.eu\"]}]}<\/script>\n<meta property=\"product:brand\" content=\"Citron\" \/>\n<meta property=\"product:price:amount\" content=\"84.99\" \/>\n<meta property=\"product:price:currency\" content=\"EUR\" \/>\n<meta property=\"og:availability\" content=\"instock\" \/>\n<meta property=\"product:availability\" content=\"instock\" \/>\n<meta property=\"product:retailer_item_id\" content=\"Set_za_hranjenje_maxi_Vehicles\" \/>\n<meta property=\"product:condition\" content=\"new\" \/>\n<!-- \/ Yoast SEO Premium plugin. -->","yoast_head_json":{"title":"Citron Set za hranjenje maxi - Vehicles - NajNaj.eu","description":"Maxi set za hranjenje Vehicles sadr\u017ei sve \u0161to vam treba za lak\u0161e i urednije hranjenje. Jednostavan za kori\u0161tenje, lako se odr\u017eava i siguran je za djecu.","robots":{"index":"index","follow":"follow","max-snippet":"max-snippet:-1","max-image-preview":"max-image-preview:large","max-video-preview":"max-video-preview:-1"},"canonical":"https:\/\/najnaj.eu\/sl\/izdelek\/citron-set-za-hranjenje-maxi-vehicles\/","og_locale":"sl_SI","og_type":"article","og_title":"Citron Set za hranjenje maxi - Vehicles","og_description":"Maxi set za hranjenje Vehicles sadr\u017ei sve \u0161to vam treba za lak\u0161e i urednije hranjenje. Jednostavan za kori\u0161tenje, lako se odr\u017eava i siguran je za djecu.","og_url":"https:\/\/najnaj.eu\/sl\/izdelek\/citron-set-za-hranjenje-maxi-vehicles\/","og_site_name":"NajNaj.eu","article_publisher":"https:\/\/web.facebook.com\/najnaj.eu\/","article_modified_time":"2026-04-09T10:30:31+00:00","og_image":[{"width":1080,"height":1080,"url":"https:\/\/najnaj.eu\/wp-content\/uploads\/2025\/07\/product-2.png","type":"image\/png"}],"twitter_card":"summary_large_image","twitter_misc":{"Price":"84,99&nbsp;&euro;","Availability":"In stock"},"schema":{"@context":"https:\/\/schema.org","@graph":[{"@type":"WebPage","@id":"https:\/\/najnaj.eu\/sl\/izdelek\/citron-set-za-hranjenje-maxi-vehicles\/","url":"https:\/\/najnaj.eu\/sl\/izdelek\/citron-set-za-hranjenje-maxi-vehicles\/","name":"Citron Set za hranjenje maxi - Vehicles - NajNaj.eu","isPartOf":{"@id":"https:\/\/najnaj.eu\/sl\/#website"},"primaryImageOfPage":{"@id":"https:\/\/najnaj.eu\/sl\/izdelek\/citron-set-za-hranjenje-maxi-vehicles\/#primaryimage"},"image":{"@id":"https:\/\/najnaj.eu\/sl\/izdelek\/citron-set-za-hranjenje-maxi-vehicles\/#primaryimage"},"thumbnailUrl":"https:\/\/najnaj.eu\/wp-content\/uploads\/2025\/07\/product-2.png","datePublished":"2025-07-24T07:39:44+00:00","dateModified":"2026-04-09T10:30:31+00:00","description":"Maxi set za hranjenje Vehicles sadr\u017ei sve \u0161to vam treba za lak\u0161e i urednije hranjenje. Jednostavan za kori\u0161tenje, lako se odr\u017eava i siguran je za djecu.","breadcrumb":{"@id":"https:\/\/najnaj.eu\/sl\/izdelek\/citron-set-za-hranjenje-maxi-vehicles\/#breadcrumb"},"inLanguage":"sl-SI","potentialAction":[{"@type":"ReadAction","target":["https:\/\/najnaj.eu\/sl\/izdelek\/citron-set-za-hranjenje-maxi-vehicles\/"]}]},{"@type":"ImageObject","inLanguage":"sl-SI","@id":"https:\/\/najnaj.eu\/sl\/izdelek\/citron-set-za-hranjenje-maxi-vehicles\/#primaryimage","url":"https:\/\/najnaj.eu\/wp-content\/uploads\/2025\/07\/product-2.png","contentUrl":"https:\/\/najnaj.eu\/wp-content\/uploads\/2025\/07\/product-2.png","width":1080,"height":1080},{"@type":"BreadcrumbList","@id":"https:\/\/najnaj.eu\/sl\/izdelek\/citron-set-za-hranjenje-maxi-vehicles\/#breadcrumb","itemListElement":[{"@type":"ListItem","position":1,"name":"Po\u010detna stranica","item":"https:\/\/najnaj.eu\/sl\/prednja-stran\/"},{"@type":"ListItem","position":2,"name":"Shop","item":"https:\/\/najnaj.eu\/sl\/shop\/"},{"@type":"ListItem","position":3,"name":"Citron Set za hranjenje maxi &#8211; Vehicles"}]},{"@type":"WebSite","@id":"https:\/\/najnaj.eu\/sl\/#website","url":"https:\/\/najnaj.eu\/sl\/","name":"NajNaj.eu","description":"Za najva\u017enije!","publisher":{"@id":"https:\/\/najnaj.eu\/sl\/#organization"},"potentialAction":[{"@type":"SearchAction","target":{"@type":"EntryPoint","urlTemplate":"https:\/\/najnaj.eu\/sl\/?s={search_term_string}"},"query-input":{"@type":"PropertyValueSpecification","valueRequired":true,"valueName":"search_term_string"}}],"inLanguage":"sl-SI"},{"@type":"Organization","@id":"https:\/\/najnaj.eu\/sl\/#organization","name":"NajNaj.eu","url":"https:\/\/najnaj.eu\/sl\/","logo":{"@type":"ImageObject","inLanguage":"sl-SI","@id":"https:\/\/najnaj.eu\/sl\/#\/schema\/logo\/image\/","url":"https:\/\/najnaj.eu\/wp-content\/uploads\/2023\/09\/logo_Najnaj_2023.svg","contentUrl":"https:\/\/najnaj.eu\/wp-content\/uploads\/2023\/09\/logo_Najnaj_2023.svg","width":501,"height":278,"caption":"NajNaj.eu"},"image":{"@id":"https:\/\/najnaj.eu\/sl\/#\/schema\/logo\/image\/"},"sameAs":["https:\/\/web.facebook.com\/najnaj.eu\/","https:\/\/www.instagram.com\/najnaj.eu\/","https:\/\/www.tiktok.com\/@najnaj.eu"]}]},"product_brand":"Citron","product_price_amount":"84.99","product_price_currency":"EUR","og_availability":"instock","product_availability":"instock","product_retailer_item_id":"Set_za_hranjenje_maxi_Vehicles","product_condition":"new"},"_links":{"self":[{"href":"https:\/\/najnaj.eu\/sl\/wp-json\/wp\/v2\/product\/264738","targetHints":{"allow":["GET"]}}],"collection":[{"href":"https:\/\/najnaj.eu\/sl\/wp-json\/wp\/v2\/product"}],"about":[{"href":"https:\/\/najnaj.eu\/sl\/wp-json\/wp\/v2\/types\/product"}],"replies":[{"embeddable":true,"href":"https:\/\/najnaj.eu\/sl\/wp-json\/wp\/v2\/comments?post=264738"}],"version-history":[{"count":0,"href":"https:\/\/najnaj.eu\/sl\/wp-json\/wp\/v2\/product\/264738\/revisions"}],"wp:featuredmedia":[{"embeddable":true,"href":"https:\/\/najnaj.eu\/sl\/wp-json\/wp\/v2\/media\/264742"}],"wp:attachment":[{"href":"https:\/\/najnaj.eu\/sl\/wp-json\/wp\/v2\/media?parent=264738"}],"wp:term":[{"taxonomy":"product_brand","embeddable":true,"href":"https:\/\/najnaj.eu\/sl\/wp-json\/wp\/v2\/product_brand?post=264738"},{"taxonomy":"product_cat","embeddable":true,"href":"https:\/\/najnaj.eu\/sl\/wp-json\/wp\/v2\/product_cat?post=264738"},{"taxonomy":"product_tag","embeddable":true,"href":"https:\/\/najnaj.eu\/sl\/wp-json\/wp\/v2\/product_tag?post=264738"}],"curies":[{"name":"wp","href":"https:\/\/api.w.org\/{rel}","templated":true}]}}