{"id":260641,"date":"2025-07-16T12:55:36","date_gmt":"2025-07-16T10:55:36","guid":{"rendered":"https:\/\/najnaj.eu\/proizvod\/silikonski-loncek-za-prigrizke-citron-vozila\/"},"modified":"2025-07-16T12:55:36","modified_gmt":"2025-07-16T10:55:36","slug":"silikonski-loncek-za-prigrizke-citron-vozila","status":"publish","type":"product","link":"https:\/\/najnaj.eu\/sl\/izdelek\/silikonski-loncek-za-prigrizke-citron-vozila\/","title":{"rendered":"Silikonski lon\u010dek za prigrizke Citron Vozila"},"content":{"rendered":"<p>Silikonska skodelica za prigrizke Citron ima poseben pokrov, ki ohranja prigrizke sve\u017ee, kar je idealno za dalj\u0161o uporabo \u010dez dan. Poleg tega ima nedrse\u010d ro\u010daj, ki omogo\u010da varen in enostaven oprijem, tudi za majhne otro\u0161ke roke. Zahvaljujo\u010d zlo\u017eljivi zasnovi je posodo enostavno shraniti v torbo ali nahrbtnik, kar prihrani prostor in olaj\u0161a prena\u0161anje.  <\/p>\n<p>Prostornina posode je 200 ml, kar zagotavlja dovolj prostora za najljub\u0161e prigrizke va\u0161ega otroka.<br \/>\n Izdelan je iz visokokakovostnega silikona, varnega za \u017eivila in brez BPA, varen pa je tudi za pomivanje v pomivalnem stroju, kar \u0161e dodatno olaj\u0161a vzdr\u017eevanje in higieno.<br \/>\n Dimenzije posode so 12,5 x 9,4 x 8,9 cm, te\u017ea pa je le 108 gramov, zaradi \u010desar je lahka in prakti\u010dna za vsakodnevno uporabo.<\/p>\n<p>Priporo\u010dljivo je za otroke od 7 mesecev naprej.<br \/>\n S to skodelico za prigrizke bo vsak obrok ali prigrizek na poti preprostej\u0161i, bolj urejen in varnej\u0161i za va\u0161ega otroka.<\/p>\n","protected":false},"excerpt":{"rendered":"<p>Ko ste zunaj z mal\u010dki, je lahko imeti prigrizke pri roki pravo olaj\u0161anje. Ampak kdo ima \u010das pospravljati po razlitju? Zato je bila zasnovana skodelica za prigrizke Citron s posebno odprtino v obliki cvetnega lista, ki u\u010dinkovito prepre\u010duje razlitje. Poleg tega, da pomaga ohranjati red, ta prakti\u010dna zasnova spodbuja otroke k razvoju samostojnih ve\u0161\u010din hranjenja.   <\/p>\n","protected":false},"featured_media":260429,"comment_status":"closed","ping_status":"closed","template":"","meta":{"_acf_changed":false,"footnotes":""},"product_brand":[],"product_cat":[1167,1374,1275],"product_tag":[],"class_list":{"0":"post-260641","1":"product","2":"type-product","3":"status-publish","4":"has-post-thumbnail","6":"product_cat-hranjenje-sl","7":"product_cat-ostalo-sl-3","8":"product_cat-posoda","9":"pa_boja-siva-sl","10":"pa_brand-citron-sl","11":"pa_vrsta-posuda-posode-za-hrano","13":"first","14":"instock","15":"shipping-taxable","16":"purchasable","17":"product-type-simple"},"bundled_by":[],"bundle_stock_status":"instock","bundle_stock_quantity":15,"bundle_virtual":false,"bundle_layout":"","bundle_add_to_cart_form_location":"","bundle_editable_in_cart":false,"bundle_sold_individually_context":"","bundle_item_grouping":"","bundle_min_size":"","bundle_max_size":"","bundle_price":[],"bundled_items":[],"bundle_sell_ids":[],"acf":[],"yoast_head":"<!-- This site is optimized with the Yoast SEO Premium plugin v21.5 (Yoast SEO v27.4) - https:\/\/yoast.com\/product\/yoast-seo-premium-wordpress\/ -->\n<title>Silikonski lon\u010dek za prigrizke Citron Vozila - NajNaj.eu<\/title>\n<meta name=\"robots\" content=\"index, follow, max-snippet:-1, max-image-preview:large, max-video-preview:-1\" \/>\n<link rel=\"canonical\" href=\"https:\/\/najnaj.eu\/sl\/izdelek\/silikonski-loncek-za-prigrizke-citron-vozila\/\" \/>\n<meta property=\"og:locale\" content=\"sl_SI\" \/>\n<meta property=\"og:type\" content=\"article\" \/>\n<meta property=\"og:title\" content=\"Silikonski lon\u010dek za prigrizke Citron Vozila\" \/>\n<meta property=\"og:description\" content=\"Ko ste zunaj z mal\u010dki, je lahko imeti prigrizke pri roki pravo olaj\u0161anje. Ampak kdo ima \u010das pospravljati po razlitju? Zato je bila zasnovana skodelica za prigrizke Citron s posebno odprtino v obliki cvetnega lista, ki u\u010dinkovito prepre\u010duje razlitje. Poleg tega, da pomaga ohranjati red, ta prakti\u010dna zasnova spodbuja otroke k razvoju samostojnih ve\u0161\u010din hranjenja.\" \/>\n<meta property=\"og:url\" content=\"https:\/\/najnaj.eu\/sl\/izdelek\/silikonski-loncek-za-prigrizke-citron-vozila\/\" \/>\n<meta property=\"og:site_name\" content=\"NajNaj.eu\" \/>\n<meta property=\"article:publisher\" content=\"https:\/\/web.facebook.com\/najnaj.eu\/\" \/>\n<meta property=\"og:image\" content=\"https:\/\/najnaj.eu\/wp-content\/uploads\/2025\/07\/Z1128-Vehicles-Extra-1.jpg\" \/>\n\t<meta property=\"og:image:width\" content=\"2000\" \/>\n\t<meta property=\"og:image:height\" content=\"2000\" \/>\n\t<meta property=\"og:image:type\" content=\"image\/jpeg\" \/>\n<meta name=\"twitter:card\" content=\"summary_large_image\" \/>\n<meta name=\"twitter:label1\" content=\"Price\" \/>\n\t<meta name=\"twitter:data1\" content=\"11,99&nbsp;&euro;\" \/>\n\t<meta name=\"twitter:label2\" content=\"Availability\" \/>\n\t<meta name=\"twitter:data2\" content=\"In stock\" \/>\n<script type=\"application\/ld+json\" class=\"yoast-schema-graph\">{\"@context\":\"https:\\\/\\\/schema.org\",\"@graph\":[{\"@type\":\"WebPage\",\"@id\":\"https:\\\/\\\/najnaj.eu\\\/sl\\\/izdelek\\\/silikonski-loncek-za-prigrizke-citron-vozila\\\/\",\"url\":\"https:\\\/\\\/najnaj.eu\\\/sl\\\/izdelek\\\/silikonski-loncek-za-prigrizke-citron-vozila\\\/\",\"name\":\"Silikonski lon\u010dek za prigrizke Citron Vozila - NajNaj.eu\",\"isPartOf\":{\"@id\":\"https:\\\/\\\/najnaj.eu\\\/sl\\\/#website\"},\"primaryImageOfPage\":{\"@id\":\"https:\\\/\\\/najnaj.eu\\\/sl\\\/izdelek\\\/silikonski-loncek-za-prigrizke-citron-vozila\\\/#primaryimage\"},\"image\":{\"@id\":\"https:\\\/\\\/najnaj.eu\\\/sl\\\/izdelek\\\/silikonski-loncek-za-prigrizke-citron-vozila\\\/#primaryimage\"},\"thumbnailUrl\":\"https:\\\/\\\/najnaj.eu\\\/wp-content\\\/uploads\\\/2025\\\/07\\\/Z1128-Vehicles-Extra-1.jpg\",\"datePublished\":\"2025-07-16T10:55:36+00:00\",\"breadcrumb\":{\"@id\":\"https:\\\/\\\/najnaj.eu\\\/sl\\\/izdelek\\\/silikonski-loncek-za-prigrizke-citron-vozila\\\/#breadcrumb\"},\"inLanguage\":\"sl-SI\",\"potentialAction\":[{\"@type\":\"ReadAction\",\"target\":[\"https:\\\/\\\/najnaj.eu\\\/sl\\\/izdelek\\\/silikonski-loncek-za-prigrizke-citron-vozila\\\/\"]}]},{\"@type\":\"ImageObject\",\"inLanguage\":\"sl-SI\",\"@id\":\"https:\\\/\\\/najnaj.eu\\\/sl\\\/izdelek\\\/silikonski-loncek-za-prigrizke-citron-vozila\\\/#primaryimage\",\"url\":\"https:\\\/\\\/najnaj.eu\\\/wp-content\\\/uploads\\\/2025\\\/07\\\/Z1128-Vehicles-Extra-1.jpg\",\"contentUrl\":\"https:\\\/\\\/najnaj.eu\\\/wp-content\\\/uploads\\\/2025\\\/07\\\/Z1128-Vehicles-Extra-1.jpg\",\"width\":2000,\"height\":2000},{\"@type\":\"BreadcrumbList\",\"@id\":\"https:\\\/\\\/najnaj.eu\\\/sl\\\/izdelek\\\/silikonski-loncek-za-prigrizke-citron-vozila\\\/#breadcrumb\",\"itemListElement\":[{\"@type\":\"ListItem\",\"position\":1,\"name\":\"Po\u010detna stranica\",\"item\":\"https:\\\/\\\/najnaj.eu\\\/sl\\\/prednja-stran\\\/\"},{\"@type\":\"ListItem\",\"position\":2,\"name\":\"Shop\",\"item\":\"https:\\\/\\\/najnaj.eu\\\/sl\\\/shop\\\/\"},{\"@type\":\"ListItem\",\"position\":3,\"name\":\"Silikonski lon\u010dek za prigrizke Citron Vozila\"}]},{\"@type\":\"WebSite\",\"@id\":\"https:\\\/\\\/najnaj.eu\\\/sl\\\/#website\",\"url\":\"https:\\\/\\\/najnaj.eu\\\/sl\\\/\",\"name\":\"NajNaj.eu\",\"description\":\"Za najva\u017enije!\",\"publisher\":{\"@id\":\"https:\\\/\\\/najnaj.eu\\\/sl\\\/#organization\"},\"potentialAction\":[{\"@type\":\"SearchAction\",\"target\":{\"@type\":\"EntryPoint\",\"urlTemplate\":\"https:\\\/\\\/najnaj.eu\\\/sl\\\/?s={search_term_string}\"},\"query-input\":{\"@type\":\"PropertyValueSpecification\",\"valueRequired\":true,\"valueName\":\"search_term_string\"}}],\"inLanguage\":\"sl-SI\"},{\"@type\":\"Organization\",\"@id\":\"https:\\\/\\\/najnaj.eu\\\/sl\\\/#organization\",\"name\":\"NajNaj.eu\",\"url\":\"https:\\\/\\\/najnaj.eu\\\/sl\\\/\",\"logo\":{\"@type\":\"ImageObject\",\"inLanguage\":\"sl-SI\",\"@id\":\"https:\\\/\\\/najnaj.eu\\\/sl\\\/#\\\/schema\\\/logo\\\/image\\\/\",\"url\":\"https:\\\/\\\/najnaj.eu\\\/wp-content\\\/uploads\\\/2023\\\/09\\\/logo_Najnaj_2023.svg\",\"contentUrl\":\"https:\\\/\\\/najnaj.eu\\\/wp-content\\\/uploads\\\/2023\\\/09\\\/logo_Najnaj_2023.svg\",\"width\":501,\"height\":278,\"caption\":\"NajNaj.eu\"},\"image\":{\"@id\":\"https:\\\/\\\/najnaj.eu\\\/sl\\\/#\\\/schema\\\/logo\\\/image\\\/\"},\"sameAs\":[\"https:\\\/\\\/web.facebook.com\\\/najnaj.eu\\\/\",\"https:\\\/\\\/www.instagram.com\\\/najnaj.eu\\\/\",\"https:\\\/\\\/www.tiktok.com\\\/@najnaj.eu\"]}]}<\/script>\n<meta property=\"product:brand\" content=\"Citron\" \/>\n<meta property=\"product:price:amount\" content=\"11.99\" \/>\n<meta property=\"product:price:currency\" content=\"EUR\" \/>\n<meta property=\"og:availability\" content=\"instock\" \/>\n<meta property=\"product:availability\" content=\"instock\" \/>\n<meta property=\"product:retailer_item_id\" content=\"Spill_Free_Snackcup_Vehicles\" \/>\n<meta property=\"product:condition\" content=\"new\" \/>\n<!-- \/ Yoast SEO Premium plugin. -->","yoast_head_json":{"title":"Silikonski lon\u010dek za prigrizke Citron Vozila - NajNaj.eu","robots":{"index":"index","follow":"follow","max-snippet":"max-snippet:-1","max-image-preview":"max-image-preview:large","max-video-preview":"max-video-preview:-1"},"canonical":"https:\/\/najnaj.eu\/sl\/izdelek\/silikonski-loncek-za-prigrizke-citron-vozila\/","og_locale":"sl_SI","og_type":"article","og_title":"Silikonski lon\u010dek za prigrizke Citron Vozila","og_description":"Ko ste zunaj z mal\u010dki, je lahko imeti prigrizke pri roki pravo olaj\u0161anje. Ampak kdo ima \u010das pospravljati po razlitju? Zato je bila zasnovana skodelica za prigrizke Citron s posebno odprtino v obliki cvetnega lista, ki u\u010dinkovito prepre\u010duje razlitje. Poleg tega, da pomaga ohranjati red, ta prakti\u010dna zasnova spodbuja otroke k razvoju samostojnih ve\u0161\u010din hranjenja.","og_url":"https:\/\/najnaj.eu\/sl\/izdelek\/silikonski-loncek-za-prigrizke-citron-vozila\/","og_site_name":"NajNaj.eu","article_publisher":"https:\/\/web.facebook.com\/najnaj.eu\/","og_image":[{"width":2000,"height":2000,"url":"https:\/\/najnaj.eu\/wp-content\/uploads\/2025\/07\/Z1128-Vehicles-Extra-1.jpg","type":"image\/jpeg"}],"twitter_card":"summary_large_image","twitter_misc":{"Price":"11,99&nbsp;&euro;","Availability":"In stock"},"schema":{"@context":"https:\/\/schema.org","@graph":[{"@type":"WebPage","@id":"https:\/\/najnaj.eu\/sl\/izdelek\/silikonski-loncek-za-prigrizke-citron-vozila\/","url":"https:\/\/najnaj.eu\/sl\/izdelek\/silikonski-loncek-za-prigrizke-citron-vozila\/","name":"Silikonski lon\u010dek za prigrizke Citron Vozila - NajNaj.eu","isPartOf":{"@id":"https:\/\/najnaj.eu\/sl\/#website"},"primaryImageOfPage":{"@id":"https:\/\/najnaj.eu\/sl\/izdelek\/silikonski-loncek-za-prigrizke-citron-vozila\/#primaryimage"},"image":{"@id":"https:\/\/najnaj.eu\/sl\/izdelek\/silikonski-loncek-za-prigrizke-citron-vozila\/#primaryimage"},"thumbnailUrl":"https:\/\/najnaj.eu\/wp-content\/uploads\/2025\/07\/Z1128-Vehicles-Extra-1.jpg","datePublished":"2025-07-16T10:55:36+00:00","breadcrumb":{"@id":"https:\/\/najnaj.eu\/sl\/izdelek\/silikonski-loncek-za-prigrizke-citron-vozila\/#breadcrumb"},"inLanguage":"sl-SI","potentialAction":[{"@type":"ReadAction","target":["https:\/\/najnaj.eu\/sl\/izdelek\/silikonski-loncek-za-prigrizke-citron-vozila\/"]}]},{"@type":"ImageObject","inLanguage":"sl-SI","@id":"https:\/\/najnaj.eu\/sl\/izdelek\/silikonski-loncek-za-prigrizke-citron-vozila\/#primaryimage","url":"https:\/\/najnaj.eu\/wp-content\/uploads\/2025\/07\/Z1128-Vehicles-Extra-1.jpg","contentUrl":"https:\/\/najnaj.eu\/wp-content\/uploads\/2025\/07\/Z1128-Vehicles-Extra-1.jpg","width":2000,"height":2000},{"@type":"BreadcrumbList","@id":"https:\/\/najnaj.eu\/sl\/izdelek\/silikonski-loncek-za-prigrizke-citron-vozila\/#breadcrumb","itemListElement":[{"@type":"ListItem","position":1,"name":"Po\u010detna stranica","item":"https:\/\/najnaj.eu\/sl\/prednja-stran\/"},{"@type":"ListItem","position":2,"name":"Shop","item":"https:\/\/najnaj.eu\/sl\/shop\/"},{"@type":"ListItem","position":3,"name":"Silikonski lon\u010dek za prigrizke Citron Vozila"}]},{"@type":"WebSite","@id":"https:\/\/najnaj.eu\/sl\/#website","url":"https:\/\/najnaj.eu\/sl\/","name":"NajNaj.eu","description":"Za najva\u017enije!","publisher":{"@id":"https:\/\/najnaj.eu\/sl\/#organization"},"potentialAction":[{"@type":"SearchAction","target":{"@type":"EntryPoint","urlTemplate":"https:\/\/najnaj.eu\/sl\/?s={search_term_string}"},"query-input":{"@type":"PropertyValueSpecification","valueRequired":true,"valueName":"search_term_string"}}],"inLanguage":"sl-SI"},{"@type":"Organization","@id":"https:\/\/najnaj.eu\/sl\/#organization","name":"NajNaj.eu","url":"https:\/\/najnaj.eu\/sl\/","logo":{"@type":"ImageObject","inLanguage":"sl-SI","@id":"https:\/\/najnaj.eu\/sl\/#\/schema\/logo\/image\/","url":"https:\/\/najnaj.eu\/wp-content\/uploads\/2023\/09\/logo_Najnaj_2023.svg","contentUrl":"https:\/\/najnaj.eu\/wp-content\/uploads\/2023\/09\/logo_Najnaj_2023.svg","width":501,"height":278,"caption":"NajNaj.eu"},"image":{"@id":"https:\/\/najnaj.eu\/sl\/#\/schema\/logo\/image\/"},"sameAs":["https:\/\/web.facebook.com\/najnaj.eu\/","https:\/\/www.instagram.com\/najnaj.eu\/","https:\/\/www.tiktok.com\/@najnaj.eu"]}]},"product_brand":"Citron","product_price_amount":"11.99","product_price_currency":"EUR","og_availability":"instock","product_availability":"instock","product_retailer_item_id":"Spill_Free_Snackcup_Vehicles","product_condition":"new"},"_links":{"self":[{"href":"https:\/\/najnaj.eu\/sl\/wp-json\/wp\/v2\/product\/260641","targetHints":{"allow":["GET"]}}],"collection":[{"href":"https:\/\/najnaj.eu\/sl\/wp-json\/wp\/v2\/product"}],"about":[{"href":"https:\/\/najnaj.eu\/sl\/wp-json\/wp\/v2\/types\/product"}],"replies":[{"embeddable":true,"href":"https:\/\/najnaj.eu\/sl\/wp-json\/wp\/v2\/comments?post=260641"}],"version-history":[{"count":0,"href":"https:\/\/najnaj.eu\/sl\/wp-json\/wp\/v2\/product\/260641\/revisions"}],"wp:featuredmedia":[{"embeddable":true,"href":"https:\/\/najnaj.eu\/sl\/wp-json\/wp\/v2\/media\/260429"}],"wp:attachment":[{"href":"https:\/\/najnaj.eu\/sl\/wp-json\/wp\/v2\/media?parent=260641"}],"wp:term":[{"taxonomy":"product_brand","embeddable":true,"href":"https:\/\/najnaj.eu\/sl\/wp-json\/wp\/v2\/product_brand?post=260641"},{"taxonomy":"product_cat","embeddable":true,"href":"https:\/\/najnaj.eu\/sl\/wp-json\/wp\/v2\/product_cat?post=260641"},{"taxonomy":"product_tag","embeddable":true,"href":"https:\/\/najnaj.eu\/sl\/wp-json\/wp\/v2\/product_tag?post=260641"}],"curies":[{"name":"wp","href":"https:\/\/api.w.org\/{rel}","templated":true}]}}