{"id":260632,"date":"2025-07-16T12:21:15","date_gmt":"2025-07-16T10:21:15","guid":{"rendered":"https:\/\/najnaj.eu\/proizvod\/dozirnik-mleka-za-adaptirano-mleko-citron-ballerina\/"},"modified":"2025-07-16T12:21:15","modified_gmt":"2025-07-16T10:21:15","slug":"dozirnik-mleka-za-adaptirano-mleko-citron-ballerina","status":"publish","type":"product","link":"https:\/\/najnaj.eu\/sl\/izdelek\/dozirnik-mleka-za-adaptirano-mleko-citron-ballerina\/","title":{"rendered":"Dozirnik mleka za adaptirano mleko Citron Ballerina"},"content":{"rendered":"<p>Dozirnik je na voljo v dveh elegantnih izvedbah, ki se zlahka prilegata v vsako torbo za plenice, izdelan pa je iz visokokakovostnih in varnih materialov, ki so popolnoma brez BPA, kar zagotavlja varnost in zdravje va\u0161ega dojen\u010dka. Zahvaljujo\u010d notranjemu predalu lahko lo\u010deno shranite tri porcije mleka v prahu, kar dodatno olaj\u0161a pripravo obrokov kadar koli.<br \/>\n Dimenzije dozirnika so kompaktne &#8211; ohi\u0161je dozirnika meri 85,8 mm x 75 mm, velik pokrov pa 90 x 102 x 34,6 mm, kar dodatno olaj\u0161a rokovanje in uporabo. <\/p>\n<p>Namenjen je dojen\u010dkom od rojstva (0+ mesecev), s prostornino 90 ml in te\u017eo le 75 gramov.<br \/>\n Izdelan je iz trpe\u017enih materialov PP in TPE ter je varen za pomivanje v pomivalnem stroju, kar prihrani \u010das in olaj\u0161a \u010di\u0161\u010denje.<\/p>\n<p>Z dozirnikom Citron hranjenje dojen\u010dka \u0161e nikoli ni bilo preprostej\u0161e in priro\u010dnej\u0161e. Je popoln zaveznik sodobnih star\u0161ev, ki cenijo hitrost, higieno in funkcionalnost. <\/p>\n","protected":false},"excerpt":{"rendered":"<p>Olaj\u0161ajte si pripravo obrokov za svojega dojen\u010dka z dozatorjem za mle\u010dno formulo Citron, ki vam omogo\u010da, da vnaprej pripravite do tri posamezne porcije mleka v prahu. Ta prakti\u010dni dozator je odli\u010den za uporabo na poti, ne glede na to, ali ste na potovanju, sprehodu ali na poti, saj vam omogo\u010da, da imate mle\u010dno formulo vedno pripravljeno in odmerjeno, brez dodatnega me\u0161anja in nereda. <\/p>\n","protected":false},"featured_media":260252,"comment_status":"closed","ping_status":"closed","template":"","meta":{"_acf_changed":false,"footnotes":""},"product_brand":[],"product_cat":[577,659,622],"product_tag":[],"class_list":{"0":"post-260632","1":"product","2":"type-product","3":"status-publish","4":"has-post-thumbnail","6":"product_cat-hranjenje","7":"product_cat-ostalo-za-hranjenje","8":"product_cat-posude","9":"pa_boja-boja-koze","10":"pa_brand-citron","12":"first","13":"instock","14":"shipping-taxable","15":"purchasable","16":"product-type-simple"},"bundled_by":[],"bundle_stock_status":"instock","bundle_stock_quantity":15,"bundle_virtual":false,"bundle_layout":"","bundle_add_to_cart_form_location":"","bundle_editable_in_cart":false,"bundle_sold_individually_context":"","bundle_item_grouping":"","bundle_min_size":"","bundle_max_size":"","bundle_price":[],"bundled_items":[],"bundle_sell_ids":[],"acf":[],"yoast_head":"<!-- This site is optimized with the Yoast SEO Premium plugin v21.5 (Yoast SEO v27.3) - https:\/\/yoast.com\/product\/yoast-seo-premium-wordpress\/ -->\n<title>Dozirnik mleka za adaptirano mleko Citron Ballerina - NajNaj.eu<\/title>\n<meta name=\"robots\" content=\"index, follow, max-snippet:-1, max-image-preview:large, max-video-preview:-1\" \/>\n<link rel=\"canonical\" href=\"https:\/\/najnaj.eu\/sl\/izdelek\/dozirnik-mleka-za-adaptirano-mleko-citron-ballerina\/\" \/>\n<meta property=\"og:locale\" content=\"sl_SI\" \/>\n<meta property=\"og:type\" content=\"article\" \/>\n<meta property=\"og:title\" content=\"Dozirnik mleka za adaptirano mleko Citron Ballerina\" \/>\n<meta property=\"og:description\" content=\"Olaj\u0161ajte si pripravo obrokov za svojega dojen\u010dka z dozatorjem za mle\u010dno formulo Citron, ki vam omogo\u010da, da vnaprej pripravite do tri posamezne porcije mleka v prahu. Ta prakti\u010dni dozator je odli\u010den za uporabo na poti, ne glede na to, ali ste na potovanju, sprehodu ali na poti, saj vam omogo\u010da, da imate mle\u010dno formulo vedno pripravljeno in odmerjeno, brez dodatnega me\u0161anja in nereda.\" \/>\n<meta property=\"og:url\" content=\"https:\/\/najnaj.eu\/sl\/izdelek\/dozirnik-mleka-za-adaptirano-mleko-citron-ballerina\/\" \/>\n<meta property=\"og:site_name\" content=\"NajNaj.eu\" \/>\n<meta property=\"article:publisher\" content=\"https:\/\/web.facebook.com\/najnaj.eu\/\" \/>\n<meta property=\"og:image\" content=\"https:\/\/najnaj.eu\/wp-content\/uploads\/2025\/07\/Z1124-Ballerina-Extra-1.jpg\" \/>\n\t<meta property=\"og:image:width\" content=\"2000\" \/>\n\t<meta property=\"og:image:height\" content=\"2000\" \/>\n\t<meta property=\"og:image:type\" content=\"image\/jpeg\" \/>\n<meta name=\"twitter:card\" content=\"summary_large_image\" \/>\n<meta name=\"twitter:label1\" content=\"Price\" \/>\n\t<meta name=\"twitter:data1\" content=\"8,99&nbsp;&euro;\" \/>\n\t<meta name=\"twitter:label2\" content=\"Availability\" \/>\n\t<meta name=\"twitter:data2\" content=\"In stock\" \/>\n<script type=\"application\/ld+json\" class=\"yoast-schema-graph\">{\"@context\":\"https:\\\/\\\/schema.org\",\"@graph\":[{\"@type\":\"WebPage\",\"@id\":\"https:\\\/\\\/najnaj.eu\\\/sl\\\/izdelek\\\/dozirnik-mleka-za-adaptirano-mleko-citron-ballerina\\\/\",\"url\":\"https:\\\/\\\/najnaj.eu\\\/sl\\\/izdelek\\\/dozirnik-mleka-za-adaptirano-mleko-citron-ballerina\\\/\",\"name\":\"Dozirnik mleka za adaptirano mleko Citron Ballerina - NajNaj.eu\",\"isPartOf\":{\"@id\":\"https:\\\/\\\/najnaj.eu\\\/sl\\\/#website\"},\"primaryImageOfPage\":{\"@id\":\"https:\\\/\\\/najnaj.eu\\\/sl\\\/izdelek\\\/dozirnik-mleka-za-adaptirano-mleko-citron-ballerina\\\/#primaryimage\"},\"image\":{\"@id\":\"https:\\\/\\\/najnaj.eu\\\/sl\\\/izdelek\\\/dozirnik-mleka-za-adaptirano-mleko-citron-ballerina\\\/#primaryimage\"},\"thumbnailUrl\":\"https:\\\/\\\/najnaj.eu\\\/wp-content\\\/uploads\\\/2025\\\/07\\\/Z1124-Ballerina-Extra-1.jpg\",\"datePublished\":\"2025-07-16T10:21:15+00:00\",\"breadcrumb\":{\"@id\":\"https:\\\/\\\/najnaj.eu\\\/sl\\\/izdelek\\\/dozirnik-mleka-za-adaptirano-mleko-citron-ballerina\\\/#breadcrumb\"},\"inLanguage\":\"sl-SI\",\"potentialAction\":[{\"@type\":\"ReadAction\",\"target\":[\"https:\\\/\\\/najnaj.eu\\\/sl\\\/izdelek\\\/dozirnik-mleka-za-adaptirano-mleko-citron-ballerina\\\/\"]}]},{\"@type\":\"ImageObject\",\"inLanguage\":\"sl-SI\",\"@id\":\"https:\\\/\\\/najnaj.eu\\\/sl\\\/izdelek\\\/dozirnik-mleka-za-adaptirano-mleko-citron-ballerina\\\/#primaryimage\",\"url\":\"https:\\\/\\\/najnaj.eu\\\/wp-content\\\/uploads\\\/2025\\\/07\\\/Z1124-Ballerina-Extra-1.jpg\",\"contentUrl\":\"https:\\\/\\\/najnaj.eu\\\/wp-content\\\/uploads\\\/2025\\\/07\\\/Z1124-Ballerina-Extra-1.jpg\",\"width\":2000,\"height\":2000},{\"@type\":\"BreadcrumbList\",\"@id\":\"https:\\\/\\\/najnaj.eu\\\/sl\\\/izdelek\\\/dozirnik-mleka-za-adaptirano-mleko-citron-ballerina\\\/#breadcrumb\",\"itemListElement\":[{\"@type\":\"ListItem\",\"position\":1,\"name\":\"Po\u010detna stranica\",\"item\":\"https:\\\/\\\/najnaj.eu\\\/sl\\\/prednja-stran\\\/\"},{\"@type\":\"ListItem\",\"position\":2,\"name\":\"Shop\",\"item\":\"https:\\\/\\\/najnaj.eu\\\/sl\\\/shop\\\/\"},{\"@type\":\"ListItem\",\"position\":3,\"name\":\"Dozirnik mleka za adaptirano mleko Citron Ballerina\"}]},{\"@type\":\"WebSite\",\"@id\":\"https:\\\/\\\/najnaj.eu\\\/sl\\\/#website\",\"url\":\"https:\\\/\\\/najnaj.eu\\\/sl\\\/\",\"name\":\"NajNaj.eu\",\"description\":\"Za najva\u017enije!\",\"publisher\":{\"@id\":\"https:\\\/\\\/najnaj.eu\\\/sl\\\/#organization\"},\"potentialAction\":[{\"@type\":\"SearchAction\",\"target\":{\"@type\":\"EntryPoint\",\"urlTemplate\":\"https:\\\/\\\/najnaj.eu\\\/sl\\\/?s={search_term_string}\"},\"query-input\":{\"@type\":\"PropertyValueSpecification\",\"valueRequired\":true,\"valueName\":\"search_term_string\"}}],\"inLanguage\":\"sl-SI\"},{\"@type\":\"Organization\",\"@id\":\"https:\\\/\\\/najnaj.eu\\\/sl\\\/#organization\",\"name\":\"NajNaj.eu\",\"url\":\"https:\\\/\\\/najnaj.eu\\\/sl\\\/\",\"logo\":{\"@type\":\"ImageObject\",\"inLanguage\":\"sl-SI\",\"@id\":\"https:\\\/\\\/najnaj.eu\\\/sl\\\/#\\\/schema\\\/logo\\\/image\\\/\",\"url\":\"https:\\\/\\\/najnaj.eu\\\/wp-content\\\/uploads\\\/2023\\\/09\\\/logo_Najnaj_2023.svg\",\"contentUrl\":\"https:\\\/\\\/najnaj.eu\\\/wp-content\\\/uploads\\\/2023\\\/09\\\/logo_Najnaj_2023.svg\",\"width\":501,\"height\":278,\"caption\":\"NajNaj.eu\"},\"image\":{\"@id\":\"https:\\\/\\\/najnaj.eu\\\/sl\\\/#\\\/schema\\\/logo\\\/image\\\/\"},\"sameAs\":[\"https:\\\/\\\/web.facebook.com\\\/najnaj.eu\\\/\",\"https:\\\/\\\/www.instagram.com\\\/najnaj.eu\\\/\",\"https:\\\/\\\/www.tiktok.com\\\/@najnaj.eu\"]}]}<\/script>\n<meta property=\"product:brand\" content=\"Citron\" \/>\n<meta property=\"product:price:amount\" content=\"8.99\" \/>\n<meta property=\"product:price:currency\" content=\"EUR\" \/>\n<meta property=\"og:availability\" content=\"instock\" \/>\n<meta property=\"product:availability\" content=\"instock\" \/>\n<meta property=\"product:retailer_item_id\" content=\"Formula_Dispenser_Ballerina\" \/>\n<meta property=\"product:condition\" content=\"new\" \/>\n<!-- \/ Yoast SEO Premium plugin. -->","yoast_head_json":{"title":"Dozirnik mleka za adaptirano mleko Citron Ballerina - NajNaj.eu","robots":{"index":"index","follow":"follow","max-snippet":"max-snippet:-1","max-image-preview":"max-image-preview:large","max-video-preview":"max-video-preview:-1"},"canonical":"https:\/\/najnaj.eu\/sl\/izdelek\/dozirnik-mleka-za-adaptirano-mleko-citron-ballerina\/","og_locale":"sl_SI","og_type":"article","og_title":"Dozirnik mleka za adaptirano mleko Citron Ballerina","og_description":"Olaj\u0161ajte si pripravo obrokov za svojega dojen\u010dka z dozatorjem za mle\u010dno formulo Citron, ki vam omogo\u010da, da vnaprej pripravite do tri posamezne porcije mleka v prahu. Ta prakti\u010dni dozator je odli\u010den za uporabo na poti, ne glede na to, ali ste na potovanju, sprehodu ali na poti, saj vam omogo\u010da, da imate mle\u010dno formulo vedno pripravljeno in odmerjeno, brez dodatnega me\u0161anja in nereda.","og_url":"https:\/\/najnaj.eu\/sl\/izdelek\/dozirnik-mleka-za-adaptirano-mleko-citron-ballerina\/","og_site_name":"NajNaj.eu","article_publisher":"https:\/\/web.facebook.com\/najnaj.eu\/","og_image":[{"width":2000,"height":2000,"url":"https:\/\/najnaj.eu\/wp-content\/uploads\/2025\/07\/Z1124-Ballerina-Extra-1.jpg","type":"image\/jpeg"}],"twitter_card":"summary_large_image","twitter_misc":{"Price":"8,99&nbsp;&euro;","Availability":"In stock"},"schema":{"@context":"https:\/\/schema.org","@graph":[{"@type":"WebPage","@id":"https:\/\/najnaj.eu\/sl\/izdelek\/dozirnik-mleka-za-adaptirano-mleko-citron-ballerina\/","url":"https:\/\/najnaj.eu\/sl\/izdelek\/dozirnik-mleka-za-adaptirano-mleko-citron-ballerina\/","name":"Dozirnik mleka za adaptirano mleko Citron Ballerina - NajNaj.eu","isPartOf":{"@id":"https:\/\/najnaj.eu\/sl\/#website"},"primaryImageOfPage":{"@id":"https:\/\/najnaj.eu\/sl\/izdelek\/dozirnik-mleka-za-adaptirano-mleko-citron-ballerina\/#primaryimage"},"image":{"@id":"https:\/\/najnaj.eu\/sl\/izdelek\/dozirnik-mleka-za-adaptirano-mleko-citron-ballerina\/#primaryimage"},"thumbnailUrl":"https:\/\/najnaj.eu\/wp-content\/uploads\/2025\/07\/Z1124-Ballerina-Extra-1.jpg","datePublished":"2025-07-16T10:21:15+00:00","breadcrumb":{"@id":"https:\/\/najnaj.eu\/sl\/izdelek\/dozirnik-mleka-za-adaptirano-mleko-citron-ballerina\/#breadcrumb"},"inLanguage":"sl-SI","potentialAction":[{"@type":"ReadAction","target":["https:\/\/najnaj.eu\/sl\/izdelek\/dozirnik-mleka-za-adaptirano-mleko-citron-ballerina\/"]}]},{"@type":"ImageObject","inLanguage":"sl-SI","@id":"https:\/\/najnaj.eu\/sl\/izdelek\/dozirnik-mleka-za-adaptirano-mleko-citron-ballerina\/#primaryimage","url":"https:\/\/najnaj.eu\/wp-content\/uploads\/2025\/07\/Z1124-Ballerina-Extra-1.jpg","contentUrl":"https:\/\/najnaj.eu\/wp-content\/uploads\/2025\/07\/Z1124-Ballerina-Extra-1.jpg","width":2000,"height":2000},{"@type":"BreadcrumbList","@id":"https:\/\/najnaj.eu\/sl\/izdelek\/dozirnik-mleka-za-adaptirano-mleko-citron-ballerina\/#breadcrumb","itemListElement":[{"@type":"ListItem","position":1,"name":"Po\u010detna stranica","item":"https:\/\/najnaj.eu\/sl\/prednja-stran\/"},{"@type":"ListItem","position":2,"name":"Shop","item":"https:\/\/najnaj.eu\/sl\/shop\/"},{"@type":"ListItem","position":3,"name":"Dozirnik mleka za adaptirano mleko Citron Ballerina"}]},{"@type":"WebSite","@id":"https:\/\/najnaj.eu\/sl\/#website","url":"https:\/\/najnaj.eu\/sl\/","name":"NajNaj.eu","description":"Za najva\u017enije!","publisher":{"@id":"https:\/\/najnaj.eu\/sl\/#organization"},"potentialAction":[{"@type":"SearchAction","target":{"@type":"EntryPoint","urlTemplate":"https:\/\/najnaj.eu\/sl\/?s={search_term_string}"},"query-input":{"@type":"PropertyValueSpecification","valueRequired":true,"valueName":"search_term_string"}}],"inLanguage":"sl-SI"},{"@type":"Organization","@id":"https:\/\/najnaj.eu\/sl\/#organization","name":"NajNaj.eu","url":"https:\/\/najnaj.eu\/sl\/","logo":{"@type":"ImageObject","inLanguage":"sl-SI","@id":"https:\/\/najnaj.eu\/sl\/#\/schema\/logo\/image\/","url":"https:\/\/najnaj.eu\/wp-content\/uploads\/2023\/09\/logo_Najnaj_2023.svg","contentUrl":"https:\/\/najnaj.eu\/wp-content\/uploads\/2023\/09\/logo_Najnaj_2023.svg","width":501,"height":278,"caption":"NajNaj.eu"},"image":{"@id":"https:\/\/najnaj.eu\/sl\/#\/schema\/logo\/image\/"},"sameAs":["https:\/\/web.facebook.com\/najnaj.eu\/","https:\/\/www.instagram.com\/najnaj.eu\/","https:\/\/www.tiktok.com\/@najnaj.eu"]}]},"product_brand":"Citron","product_price_amount":"8.99","product_price_currency":"EUR","og_availability":"instock","product_availability":"instock","product_retailer_item_id":"Formula_Dispenser_Ballerina","product_condition":"new"},"_links":{"self":[{"href":"https:\/\/najnaj.eu\/sl\/wp-json\/wp\/v2\/product\/260632","targetHints":{"allow":["GET"]}}],"collection":[{"href":"https:\/\/najnaj.eu\/sl\/wp-json\/wp\/v2\/product"}],"about":[{"href":"https:\/\/najnaj.eu\/sl\/wp-json\/wp\/v2\/types\/product"}],"replies":[{"embeddable":true,"href":"https:\/\/najnaj.eu\/sl\/wp-json\/wp\/v2\/comments?post=260632"}],"version-history":[{"count":0,"href":"https:\/\/najnaj.eu\/sl\/wp-json\/wp\/v2\/product\/260632\/revisions"}],"wp:featuredmedia":[{"embeddable":true,"href":"https:\/\/najnaj.eu\/sl\/wp-json\/wp\/v2\/media\/260252"}],"wp:attachment":[{"href":"https:\/\/najnaj.eu\/sl\/wp-json\/wp\/v2\/media?parent=260632"}],"wp:term":[{"taxonomy":"product_brand","embeddable":true,"href":"https:\/\/najnaj.eu\/sl\/wp-json\/wp\/v2\/product_brand?post=260632"},{"taxonomy":"product_cat","embeddable":true,"href":"https:\/\/najnaj.eu\/sl\/wp-json\/wp\/v2\/product_cat?post=260632"},{"taxonomy":"product_tag","embeddable":true,"href":"https:\/\/najnaj.eu\/sl\/wp-json\/wp\/v2\/product_tag?post=260632"}],"curies":[{"name":"wp","href":"https:\/\/api.w.org\/{rel}","templated":true}]}}