{"id":260627,"date":"2025-07-04T13:13:08","date_gmt":"2025-07-04T11:13:08","guid":{"rendered":"https:\/\/najnaj.eu\/proizvod\/zascitna-prevleka-besafe-za-izi-plus-kid-combi-comfort\/"},"modified":"2026-04-24T04:33:40","modified_gmt":"2026-04-24T02:33:40","slug":"zascitna-prevleka-besafe-za-izi-plus-kid-combi-comfort","status":"publish","type":"product","link":"https:\/\/najnaj.eu\/sl\/izdelek\/zascitna-prevleka-besafe-za-izi-plus-kid-combi-comfort\/","title":{"rendered":"Za\u0161\u010ditna prevleka BeSafe za iZi Plus\/Kid\/Combi\/Comfort"},"content":{"rendered":"<p>Omogo\u010da enostavno vzdr\u017eevanje avtosede\u017ea:<br \/>\n -Popolnoma se prilega originalni prevleki za avtomobilski sede\u017e<br \/>\n &#8211; \u0160\u010diti avtosede\u017e pred umazanijo in razlitjem<br \/>\n &#8211; Za\u0161\u010dito preprosto odstranite in operite, kadar koli je to potrebno<br \/>\n &#8211; Ozna\u010deno obmo\u010dje vam pomaga enostavno najti magnete varnostnega pasu<\/p>\n<p> Dodatno udobje za va\u0161ega otroka:<br \/>\n -Izjemno ne\u017ena za otro\u0161ko ko\u017eo<br \/>\n &#8211; Vpija znoj in zagotavlja hladen ob\u010dutek v toplej\u0161ih dneh<br \/>\n &#8211; Visokokakovostna in zelo mehka bomba\u017ena tkanina<\/p>\n","protected":false},"excerpt":{"rendered":"<p>Prevleka za avtosede\u017e je zasnovana tako, da se popolnoma prilega avtosede\u017eu in je najla\u017eji na\u010din za za\u0161\u010dito avtosede\u017ea pred umazanijo in razlitjem, hkrati pa va\u0161emu otroku poleti zagotavlja hladen ob\u010dutek.<br \/>\n Primeren je za avtosede\u017ee BeSafe iZi Plus, Combi, Comfort, Kid.<\/p>\n","protected":false},"featured_media":259142,"comment_status":"closed","ping_status":"closed","template":"","meta":{"_acf_changed":false,"footnotes":""},"product_brand":[],"product_cat":[1204,1341,1280,2212],"product_tag":[],"class_list":{"0":"post-260627","1":"product","2":"type-product","3":"status-publish","4":"has-post-thumbnail","6":"product_cat-avto-sedezi","7":"product_cat-dodatki-za-avtosedeze","8":"product_cat-odlicna-priloznost","9":"product_cat-zascitni-pokrovi","10":"pa_brand-besafe-sl","12":"first","13":"instock","14":"sale","15":"shipping-taxable","16":"purchasable","17":"product-type-simple"},"bundled_by":[],"bundle_stock_status":"instock","bundle_stock_quantity":3,"bundle_virtual":false,"bundle_layout":"","bundle_add_to_cart_form_location":"","bundle_editable_in_cart":false,"bundle_sold_individually_context":"","bundle_item_grouping":"","bundle_min_size":"","bundle_max_size":"","bundle_price":[],"bundled_items":[],"bundle_sell_ids":[],"acf":[],"yoast_head":"<!-- This site is optimized with the Yoast SEO Premium plugin v21.5 (Yoast SEO v27.4) - https:\/\/yoast.com\/product\/yoast-seo-premium-wordpress\/ -->\n<title>Za\u0161\u010ditna prevleka BeSafe za iZi Plus\/Kid\/Combi\/Comfort - NajNaj.eu<\/title>\n<meta name=\"robots\" content=\"index, follow, max-snippet:-1, max-image-preview:large, max-video-preview:-1\" \/>\n<link rel=\"canonical\" href=\"https:\/\/najnaj.eu\/sl\/izdelek\/zascitna-prevleka-besafe-za-izi-plus-kid-combi-comfort\/\" \/>\n<meta property=\"og:locale\" content=\"sl_SI\" \/>\n<meta property=\"og:type\" content=\"article\" \/>\n<meta property=\"og:title\" content=\"Za\u0161\u010ditna prevleka BeSafe za iZi Plus\/Kid\/Combi\/Comfort\" \/>\n<meta property=\"og:description\" content=\"Prevleka za avtosede\u017e je zasnovana tako, da se popolnoma prilega avtosede\u017eu in je najla\u017eji na\u010din za za\u0161\u010dito avtosede\u017ea pred umazanijo in razlitjem, hkrati pa va\u0161emu otroku poleti zagotavlja hladen ob\u010dutek. Primeren je za avtosede\u017ee BeSafe iZi Plus, Combi, Comfort, Kid.\" \/>\n<meta property=\"og:url\" content=\"https:\/\/najnaj.eu\/sl\/izdelek\/zascitna-prevleka-besafe-za-izi-plus-kid-combi-comfort\/\" \/>\n<meta property=\"og:site_name\" content=\"NajNaj.eu\" \/>\n<meta property=\"article:publisher\" content=\"https:\/\/web.facebook.com\/najnaj.eu\/\" \/>\n<meta property=\"article:modified_time\" content=\"2026-04-24T02:33:40+00:00\" \/>\n<meta property=\"og:image\" content=\"https:\/\/najnaj.eu\/wp-content\/uploads\/2025\/07\/525295_BeSafe_Child_Seat_Cover_Kid_Combi_Plus_Comfort.jpg\" \/>\n\t<meta property=\"og:image:width\" content=\"1772\" \/>\n\t<meta property=\"og:image:height\" content=\"2362\" \/>\n\t<meta property=\"og:image:type\" content=\"image\/jpeg\" \/>\n<meta name=\"twitter:card\" content=\"summary_large_image\" \/>\n<meta name=\"twitter:label1\" content=\"Price\" \/>\n\t<meta name=\"twitter:data1\" content=\"44,99&nbsp;&euro;\" \/>\n\t<meta name=\"twitter:label2\" content=\"Availability\" \/>\n\t<meta name=\"twitter:data2\" content=\"In stock\" \/>\n<script type=\"application\/ld+json\" class=\"yoast-schema-graph\">{\"@context\":\"https:\\\/\\\/schema.org\",\"@graph\":[{\"@type\":\"WebPage\",\"@id\":\"https:\\\/\\\/najnaj.eu\\\/sl\\\/izdelek\\\/zascitna-prevleka-besafe-za-izi-plus-kid-combi-comfort\\\/\",\"url\":\"https:\\\/\\\/najnaj.eu\\\/sl\\\/izdelek\\\/zascitna-prevleka-besafe-za-izi-plus-kid-combi-comfort\\\/\",\"name\":\"Za\u0161\u010ditna prevleka BeSafe za iZi Plus\\\/Kid\\\/Combi\\\/Comfort - NajNaj.eu\",\"isPartOf\":{\"@id\":\"https:\\\/\\\/najnaj.eu\\\/sl\\\/#website\"},\"primaryImageOfPage\":{\"@id\":\"https:\\\/\\\/najnaj.eu\\\/sl\\\/izdelek\\\/zascitna-prevleka-besafe-za-izi-plus-kid-combi-comfort\\\/#primaryimage\"},\"image\":{\"@id\":\"https:\\\/\\\/najnaj.eu\\\/sl\\\/izdelek\\\/zascitna-prevleka-besafe-za-izi-plus-kid-combi-comfort\\\/#primaryimage\"},\"thumbnailUrl\":\"https:\\\/\\\/najnaj.eu\\\/wp-content\\\/uploads\\\/2025\\\/07\\\/525295_BeSafe_Child_Seat_Cover_Kid_Combi_Plus_Comfort.jpg\",\"datePublished\":\"2025-07-04T11:13:08+00:00\",\"dateModified\":\"2026-04-24T02:33:40+00:00\",\"breadcrumb\":{\"@id\":\"https:\\\/\\\/najnaj.eu\\\/sl\\\/izdelek\\\/zascitna-prevleka-besafe-za-izi-plus-kid-combi-comfort\\\/#breadcrumb\"},\"inLanguage\":\"sl-SI\",\"potentialAction\":[{\"@type\":\"ReadAction\",\"target\":[\"https:\\\/\\\/najnaj.eu\\\/sl\\\/izdelek\\\/zascitna-prevleka-besafe-za-izi-plus-kid-combi-comfort\\\/\"]}]},{\"@type\":\"ImageObject\",\"inLanguage\":\"sl-SI\",\"@id\":\"https:\\\/\\\/najnaj.eu\\\/sl\\\/izdelek\\\/zascitna-prevleka-besafe-za-izi-plus-kid-combi-comfort\\\/#primaryimage\",\"url\":\"https:\\\/\\\/najnaj.eu\\\/wp-content\\\/uploads\\\/2025\\\/07\\\/525295_BeSafe_Child_Seat_Cover_Kid_Combi_Plus_Comfort.jpg\",\"contentUrl\":\"https:\\\/\\\/najnaj.eu\\\/wp-content\\\/uploads\\\/2025\\\/07\\\/525295_BeSafe_Child_Seat_Cover_Kid_Combi_Plus_Comfort.jpg\",\"width\":1772,\"height\":2362},{\"@type\":\"BreadcrumbList\",\"@id\":\"https:\\\/\\\/najnaj.eu\\\/sl\\\/izdelek\\\/zascitna-prevleka-besafe-za-izi-plus-kid-combi-comfort\\\/#breadcrumb\",\"itemListElement\":[{\"@type\":\"ListItem\",\"position\":1,\"name\":\"Po\u010detna stranica\",\"item\":\"https:\\\/\\\/najnaj.eu\\\/sl\\\/prednja-stran\\\/\"},{\"@type\":\"ListItem\",\"position\":2,\"name\":\"Shop\",\"item\":\"https:\\\/\\\/najnaj.eu\\\/sl\\\/shop\\\/\"},{\"@type\":\"ListItem\",\"position\":3,\"name\":\"Za\u0161\u010ditna prevleka BeSafe za iZi Plus\\\/Kid\\\/Combi\\\/Comfort\"}]},{\"@type\":\"WebSite\",\"@id\":\"https:\\\/\\\/najnaj.eu\\\/sl\\\/#website\",\"url\":\"https:\\\/\\\/najnaj.eu\\\/sl\\\/\",\"name\":\"NajNaj.eu\",\"description\":\"Za najva\u017enije!\",\"publisher\":{\"@id\":\"https:\\\/\\\/najnaj.eu\\\/sl\\\/#organization\"},\"potentialAction\":[{\"@type\":\"SearchAction\",\"target\":{\"@type\":\"EntryPoint\",\"urlTemplate\":\"https:\\\/\\\/najnaj.eu\\\/sl\\\/?s={search_term_string}\"},\"query-input\":{\"@type\":\"PropertyValueSpecification\",\"valueRequired\":true,\"valueName\":\"search_term_string\"}}],\"inLanguage\":\"sl-SI\"},{\"@type\":\"Organization\",\"@id\":\"https:\\\/\\\/najnaj.eu\\\/sl\\\/#organization\",\"name\":\"NajNaj.eu\",\"url\":\"https:\\\/\\\/najnaj.eu\\\/sl\\\/\",\"logo\":{\"@type\":\"ImageObject\",\"inLanguage\":\"sl-SI\",\"@id\":\"https:\\\/\\\/najnaj.eu\\\/sl\\\/#\\\/schema\\\/logo\\\/image\\\/\",\"url\":\"https:\\\/\\\/najnaj.eu\\\/wp-content\\\/uploads\\\/2023\\\/09\\\/logo_Najnaj_2023.svg\",\"contentUrl\":\"https:\\\/\\\/najnaj.eu\\\/wp-content\\\/uploads\\\/2023\\\/09\\\/logo_Najnaj_2023.svg\",\"width\":501,\"height\":278,\"caption\":\"NajNaj.eu\"},\"image\":{\"@id\":\"https:\\\/\\\/najnaj.eu\\\/sl\\\/#\\\/schema\\\/logo\\\/image\\\/\"},\"sameAs\":[\"https:\\\/\\\/web.facebook.com\\\/najnaj.eu\\\/\",\"https:\\\/\\\/www.instagram.com\\\/najnaj.eu\\\/\",\"https:\\\/\\\/www.tiktok.com\\\/@najnaj.eu\"]}]}<\/script>\n<meta property=\"product:brand\" content=\"BeSafe\" \/>\n<meta property=\"product:price:amount\" content=\"44.99\" \/>\n<meta property=\"product:price:currency\" content=\"EUR\" \/>\n<meta property=\"og:availability\" content=\"instock\" \/>\n<meta property=\"product:availability\" content=\"instock\" \/>\n<meta property=\"product:retailer_item_id\" content=\"10010215-GlacGrey\" \/>\n<meta property=\"product:condition\" content=\"new\" \/>\n<!-- \/ Yoast SEO Premium plugin. -->","yoast_head_json":{"title":"Za\u0161\u010ditna prevleka BeSafe za iZi Plus\/Kid\/Combi\/Comfort - NajNaj.eu","robots":{"index":"index","follow":"follow","max-snippet":"max-snippet:-1","max-image-preview":"max-image-preview:large","max-video-preview":"max-video-preview:-1"},"canonical":"https:\/\/najnaj.eu\/sl\/izdelek\/zascitna-prevleka-besafe-za-izi-plus-kid-combi-comfort\/","og_locale":"sl_SI","og_type":"article","og_title":"Za\u0161\u010ditna prevleka BeSafe za iZi Plus\/Kid\/Combi\/Comfort","og_description":"Prevleka za avtosede\u017e je zasnovana tako, da se popolnoma prilega avtosede\u017eu in je najla\u017eji na\u010din za za\u0161\u010dito avtosede\u017ea pred umazanijo in razlitjem, hkrati pa va\u0161emu otroku poleti zagotavlja hladen ob\u010dutek. Primeren je za avtosede\u017ee BeSafe iZi Plus, Combi, Comfort, Kid.","og_url":"https:\/\/najnaj.eu\/sl\/izdelek\/zascitna-prevleka-besafe-za-izi-plus-kid-combi-comfort\/","og_site_name":"NajNaj.eu","article_publisher":"https:\/\/web.facebook.com\/najnaj.eu\/","article_modified_time":"2026-04-24T02:33:40+00:00","og_image":[{"width":1772,"height":2362,"url":"https:\/\/najnaj.eu\/wp-content\/uploads\/2025\/07\/525295_BeSafe_Child_Seat_Cover_Kid_Combi_Plus_Comfort.jpg","type":"image\/jpeg"}],"twitter_card":"summary_large_image","twitter_misc":{"Price":"44,99&nbsp;&euro;","Availability":"In stock"},"schema":{"@context":"https:\/\/schema.org","@graph":[{"@type":"WebPage","@id":"https:\/\/najnaj.eu\/sl\/izdelek\/zascitna-prevleka-besafe-za-izi-plus-kid-combi-comfort\/","url":"https:\/\/najnaj.eu\/sl\/izdelek\/zascitna-prevleka-besafe-za-izi-plus-kid-combi-comfort\/","name":"Za\u0161\u010ditna prevleka BeSafe za iZi Plus\/Kid\/Combi\/Comfort - NajNaj.eu","isPartOf":{"@id":"https:\/\/najnaj.eu\/sl\/#website"},"primaryImageOfPage":{"@id":"https:\/\/najnaj.eu\/sl\/izdelek\/zascitna-prevleka-besafe-za-izi-plus-kid-combi-comfort\/#primaryimage"},"image":{"@id":"https:\/\/najnaj.eu\/sl\/izdelek\/zascitna-prevleka-besafe-za-izi-plus-kid-combi-comfort\/#primaryimage"},"thumbnailUrl":"https:\/\/najnaj.eu\/wp-content\/uploads\/2025\/07\/525295_BeSafe_Child_Seat_Cover_Kid_Combi_Plus_Comfort.jpg","datePublished":"2025-07-04T11:13:08+00:00","dateModified":"2026-04-24T02:33:40+00:00","breadcrumb":{"@id":"https:\/\/najnaj.eu\/sl\/izdelek\/zascitna-prevleka-besafe-za-izi-plus-kid-combi-comfort\/#breadcrumb"},"inLanguage":"sl-SI","potentialAction":[{"@type":"ReadAction","target":["https:\/\/najnaj.eu\/sl\/izdelek\/zascitna-prevleka-besafe-za-izi-plus-kid-combi-comfort\/"]}]},{"@type":"ImageObject","inLanguage":"sl-SI","@id":"https:\/\/najnaj.eu\/sl\/izdelek\/zascitna-prevleka-besafe-za-izi-plus-kid-combi-comfort\/#primaryimage","url":"https:\/\/najnaj.eu\/wp-content\/uploads\/2025\/07\/525295_BeSafe_Child_Seat_Cover_Kid_Combi_Plus_Comfort.jpg","contentUrl":"https:\/\/najnaj.eu\/wp-content\/uploads\/2025\/07\/525295_BeSafe_Child_Seat_Cover_Kid_Combi_Plus_Comfort.jpg","width":1772,"height":2362},{"@type":"BreadcrumbList","@id":"https:\/\/najnaj.eu\/sl\/izdelek\/zascitna-prevleka-besafe-za-izi-plus-kid-combi-comfort\/#breadcrumb","itemListElement":[{"@type":"ListItem","position":1,"name":"Po\u010detna stranica","item":"https:\/\/najnaj.eu\/sl\/prednja-stran\/"},{"@type":"ListItem","position":2,"name":"Shop","item":"https:\/\/najnaj.eu\/sl\/shop\/"},{"@type":"ListItem","position":3,"name":"Za\u0161\u010ditna prevleka BeSafe za iZi Plus\/Kid\/Combi\/Comfort"}]},{"@type":"WebSite","@id":"https:\/\/najnaj.eu\/sl\/#website","url":"https:\/\/najnaj.eu\/sl\/","name":"NajNaj.eu","description":"Za najva\u017enije!","publisher":{"@id":"https:\/\/najnaj.eu\/sl\/#organization"},"potentialAction":[{"@type":"SearchAction","target":{"@type":"EntryPoint","urlTemplate":"https:\/\/najnaj.eu\/sl\/?s={search_term_string}"},"query-input":{"@type":"PropertyValueSpecification","valueRequired":true,"valueName":"search_term_string"}}],"inLanguage":"sl-SI"},{"@type":"Organization","@id":"https:\/\/najnaj.eu\/sl\/#organization","name":"NajNaj.eu","url":"https:\/\/najnaj.eu\/sl\/","logo":{"@type":"ImageObject","inLanguage":"sl-SI","@id":"https:\/\/najnaj.eu\/sl\/#\/schema\/logo\/image\/","url":"https:\/\/najnaj.eu\/wp-content\/uploads\/2023\/09\/logo_Najnaj_2023.svg","contentUrl":"https:\/\/najnaj.eu\/wp-content\/uploads\/2023\/09\/logo_Najnaj_2023.svg","width":501,"height":278,"caption":"NajNaj.eu"},"image":{"@id":"https:\/\/najnaj.eu\/sl\/#\/schema\/logo\/image\/"},"sameAs":["https:\/\/web.facebook.com\/najnaj.eu\/","https:\/\/www.instagram.com\/najnaj.eu\/","https:\/\/www.tiktok.com\/@najnaj.eu"]}]},"product_brand":"BeSafe","product_price_amount":"44.99","product_price_currency":"EUR","og_availability":"instock","product_availability":"instock","product_retailer_item_id":"10010215-GlacGrey","product_condition":"new"},"_links":{"self":[{"href":"https:\/\/najnaj.eu\/sl\/wp-json\/wp\/v2\/product\/260627","targetHints":{"allow":["GET"]}}],"collection":[{"href":"https:\/\/najnaj.eu\/sl\/wp-json\/wp\/v2\/product"}],"about":[{"href":"https:\/\/najnaj.eu\/sl\/wp-json\/wp\/v2\/types\/product"}],"replies":[{"embeddable":true,"href":"https:\/\/najnaj.eu\/sl\/wp-json\/wp\/v2\/comments?post=260627"}],"version-history":[{"count":0,"href":"https:\/\/najnaj.eu\/sl\/wp-json\/wp\/v2\/product\/260627\/revisions"}],"wp:featuredmedia":[{"embeddable":true,"href":"https:\/\/najnaj.eu\/sl\/wp-json\/wp\/v2\/media\/259142"}],"wp:attachment":[{"href":"https:\/\/najnaj.eu\/sl\/wp-json\/wp\/v2\/media?parent=260627"}],"wp:term":[{"taxonomy":"product_brand","embeddable":true,"href":"https:\/\/najnaj.eu\/sl\/wp-json\/wp\/v2\/product_brand?post=260627"},{"taxonomy":"product_cat","embeddable":true,"href":"https:\/\/najnaj.eu\/sl\/wp-json\/wp\/v2\/product_cat?post=260627"},{"taxonomy":"product_tag","embeddable":true,"href":"https:\/\/najnaj.eu\/sl\/wp-json\/wp\/v2\/product_tag?post=260627"}],"curies":[{"name":"wp","href":"https:\/\/api.w.org\/{rel}","templated":true}]}}