{"id":259012,"date":"2025-07-03T10:26:30","date_gmt":"2025-07-03T08:26:30","guid":{"rendered":"https:\/\/najnaj.eu\/proizvod\/komplet-modu-explorer-pesceno-siva-medeno-rumena\/"},"modified":"2025-07-03T10:26:30","modified_gmt":"2025-07-03T08:26:30","slug":"komplet-modu-explorer-pesceno-siva-medeno-rumena","status":"publish","type":"product","link":"https:\/\/najnaj.eu\/sl\/izdelek\/komplet-modu-explorer-pesceno-siva-medeno-rumena\/","title":{"rendered":"Komplet MODU Explorer, pe\u0161\u010deno siva\/medeno rumena"},"content":{"rendered":"<p>To je komplet srednje stopnje, ki vam omogo\u010da ustvarjanje vsaj 15 osnovnih kreacij v naravni velikosti in ponuja \u0161e ve\u010d mo\u017enosti za ustvarjalne ustvarjalce. Otroku pomaga pri obvladovanju glavnih motori\u010dnih ve\u0161\u010din skozi aktivno igro. Omogo\u010da vam ustvarjanje zabavnih kreacij za jahanje, guganje, ravnote\u017eje in druge domiselne stvaritve. Komplet Explorer je primeren za mal\u010dke razli\u010dnih starosti. Ta zabavni za\u010detni komplet srednje velikosti omogo\u010da neomejeno igro!    <\/p>\n","protected":false},"excerpt":{"rendered":"<p>* Komplet za izdelavo hitrih vozil in razli\u010dnih uravnote\u017eevalnih kreacij<br \/>\n * Idealno darilo za mal\u010dke<br \/>\n * Popoln srednje velik komplet za raziskovanje aktivne igre<br \/>\n * Omejen nabor barv<\/p>\n","protected":false},"featured_media":258185,"comment_status":"closed","ping_status":"closed","template":"","meta":{"_acf_changed":false,"footnotes":""},"product_brand":[],"product_cat":[1709,742,743,662],"product_tag":[],"class_list":{"0":"post-259012","1":"product","2":"type-product","3":"status-publish","4":"has-post-thumbnail","6":"product_cat-pokloni","7":"product_cat-igracke","8":"product_cat-kocke-za-aktivnu-igru","9":"product_cat-stvari-za-djecu","10":"pa_boja-sand-grey","11":"pa_brand-modu","13":"first","14":"instock","15":"shipping-taxable","16":"purchasable","17":"product-type-simple"},"bundled_by":[],"bundle_stock_status":"instock","bundle_stock_quantity":14,"bundle_virtual":false,"bundle_layout":"","bundle_add_to_cart_form_location":"","bundle_editable_in_cart":false,"bundle_sold_individually_context":"","bundle_item_grouping":"","bundle_min_size":"","bundle_max_size":"","bundle_price":[],"bundled_items":[],"bundle_sell_ids":[],"acf":[],"yoast_head":"<!-- This site is optimized with the Yoast SEO Premium plugin v21.5 (Yoast SEO v27.3) - https:\/\/yoast.com\/product\/yoast-seo-premium-wordpress\/ -->\n<title>Komplet MODU Explorer, pe\u0161\u010deno siva\/medeno rumena - NajNaj.eu<\/title>\n<meta name=\"robots\" content=\"index, follow, max-snippet:-1, max-image-preview:large, max-video-preview:-1\" \/>\n<link rel=\"canonical\" href=\"https:\/\/najnaj.eu\/sl\/izdelek\/komplet-modu-explorer-pesceno-siva-medeno-rumena\/\" \/>\n<meta property=\"og:locale\" content=\"sl_SI\" \/>\n<meta property=\"og:type\" content=\"article\" \/>\n<meta property=\"og:title\" content=\"Komplet MODU Explorer, pe\u0161\u010deno siva\/medeno rumena\" \/>\n<meta property=\"og:description\" content=\"* Komplet za izdelavo hitrih vozil in razli\u010dnih uravnote\u017eevalnih kreacij * Idealno darilo za mal\u010dke * Popoln srednje velik komplet za raziskovanje aktivne igre * Omejen nabor barv\" \/>\n<meta property=\"og:url\" content=\"https:\/\/najnaj.eu\/sl\/izdelek\/komplet-modu-explorer-pesceno-siva-medeno-rumena\/\" \/>\n<meta property=\"og:site_name\" content=\"NajNaj.eu\" \/>\n<meta property=\"article:publisher\" content=\"https:\/\/web.facebook.com\/najnaj.eu\/\" \/>\n<meta property=\"og:image\" content=\"https:\/\/najnaj.eu\/wp-content\/uploads\/2025\/07\/Explorer-Set-Sand-Grey_Honey-Yellow-slide-2-scaled.jpg\" \/>\n\t<meta property=\"og:image:width\" content=\"2048\" \/>\n\t<meta property=\"og:image:height\" content=\"2560\" \/>\n\t<meta property=\"og:image:type\" content=\"image\/jpeg\" \/>\n<meta name=\"twitter:card\" content=\"summary_large_image\" \/>\n<meta name=\"twitter:label1\" content=\"Price\" \/>\n\t<meta name=\"twitter:data1\" content=\"199,00&nbsp;&euro;\" \/>\n\t<meta name=\"twitter:label2\" content=\"Availability\" \/>\n\t<meta name=\"twitter:data2\" content=\"In stock\" \/>\n<script type=\"application\/ld+json\" class=\"yoast-schema-graph\">{\"@context\":\"https:\\\/\\\/schema.org\",\"@graph\":[{\"@type\":\"WebPage\",\"@id\":\"https:\\\/\\\/najnaj.eu\\\/sl\\\/izdelek\\\/komplet-modu-explorer-pesceno-siva-medeno-rumena\\\/\",\"url\":\"https:\\\/\\\/najnaj.eu\\\/sl\\\/izdelek\\\/komplet-modu-explorer-pesceno-siva-medeno-rumena\\\/\",\"name\":\"Komplet MODU Explorer, pe\u0161\u010deno siva\\\/medeno rumena - NajNaj.eu\",\"isPartOf\":{\"@id\":\"https:\\\/\\\/najnaj.eu\\\/sl\\\/#website\"},\"primaryImageOfPage\":{\"@id\":\"https:\\\/\\\/najnaj.eu\\\/sl\\\/izdelek\\\/komplet-modu-explorer-pesceno-siva-medeno-rumena\\\/#primaryimage\"},\"image\":{\"@id\":\"https:\\\/\\\/najnaj.eu\\\/sl\\\/izdelek\\\/komplet-modu-explorer-pesceno-siva-medeno-rumena\\\/#primaryimage\"},\"thumbnailUrl\":\"https:\\\/\\\/najnaj.eu\\\/wp-content\\\/uploads\\\/2025\\\/07\\\/Explorer-Set-Sand-Grey_Honey-Yellow-slide-2-scaled.jpg\",\"datePublished\":\"2025-07-03T08:26:30+00:00\",\"breadcrumb\":{\"@id\":\"https:\\\/\\\/najnaj.eu\\\/sl\\\/izdelek\\\/komplet-modu-explorer-pesceno-siva-medeno-rumena\\\/#breadcrumb\"},\"inLanguage\":\"sl-SI\",\"potentialAction\":[{\"@type\":\"ReadAction\",\"target\":[\"https:\\\/\\\/najnaj.eu\\\/sl\\\/izdelek\\\/komplet-modu-explorer-pesceno-siva-medeno-rumena\\\/\"]}]},{\"@type\":\"ImageObject\",\"inLanguage\":\"sl-SI\",\"@id\":\"https:\\\/\\\/najnaj.eu\\\/sl\\\/izdelek\\\/komplet-modu-explorer-pesceno-siva-medeno-rumena\\\/#primaryimage\",\"url\":\"https:\\\/\\\/najnaj.eu\\\/wp-content\\\/uploads\\\/2025\\\/07\\\/Explorer-Set-Sand-Grey_Honey-Yellow-slide-2-scaled.jpg\",\"contentUrl\":\"https:\\\/\\\/najnaj.eu\\\/wp-content\\\/uploads\\\/2025\\\/07\\\/Explorer-Set-Sand-Grey_Honey-Yellow-slide-2-scaled.jpg\",\"width\":2048,\"height\":2560},{\"@type\":\"BreadcrumbList\",\"@id\":\"https:\\\/\\\/najnaj.eu\\\/sl\\\/izdelek\\\/komplet-modu-explorer-pesceno-siva-medeno-rumena\\\/#breadcrumb\",\"itemListElement\":[{\"@type\":\"ListItem\",\"position\":1,\"name\":\"Po\u010detna stranica\",\"item\":\"https:\\\/\\\/najnaj.eu\\\/sl\\\/prednja-stran\\\/\"},{\"@type\":\"ListItem\",\"position\":2,\"name\":\"Shop\",\"item\":\"https:\\\/\\\/najnaj.eu\\\/sl\\\/shop\\\/\"},{\"@type\":\"ListItem\",\"position\":3,\"name\":\"Privatno: Komplet MODU Explorer, pe\u0161\u010deno siva\\\/medeno rumena\"}]},{\"@type\":\"WebSite\",\"@id\":\"https:\\\/\\\/najnaj.eu\\\/sl\\\/#website\",\"url\":\"https:\\\/\\\/najnaj.eu\\\/sl\\\/\",\"name\":\"NajNaj.eu\",\"description\":\"Za najva\u017enije!\",\"publisher\":{\"@id\":\"https:\\\/\\\/najnaj.eu\\\/sl\\\/#organization\"},\"potentialAction\":[{\"@type\":\"SearchAction\",\"target\":{\"@type\":\"EntryPoint\",\"urlTemplate\":\"https:\\\/\\\/najnaj.eu\\\/sl\\\/?s={search_term_string}\"},\"query-input\":{\"@type\":\"PropertyValueSpecification\",\"valueRequired\":true,\"valueName\":\"search_term_string\"}}],\"inLanguage\":\"sl-SI\"},{\"@type\":\"Organization\",\"@id\":\"https:\\\/\\\/najnaj.eu\\\/sl\\\/#organization\",\"name\":\"NajNaj.eu\",\"url\":\"https:\\\/\\\/najnaj.eu\\\/sl\\\/\",\"logo\":{\"@type\":\"ImageObject\",\"inLanguage\":\"sl-SI\",\"@id\":\"https:\\\/\\\/najnaj.eu\\\/sl\\\/#\\\/schema\\\/logo\\\/image\\\/\",\"url\":\"https:\\\/\\\/najnaj.eu\\\/wp-content\\\/uploads\\\/2023\\\/09\\\/logo_Najnaj_2023.svg\",\"contentUrl\":\"https:\\\/\\\/najnaj.eu\\\/wp-content\\\/uploads\\\/2023\\\/09\\\/logo_Najnaj_2023.svg\",\"width\":501,\"height\":278,\"caption\":\"NajNaj.eu\"},\"image\":{\"@id\":\"https:\\\/\\\/najnaj.eu\\\/sl\\\/#\\\/schema\\\/logo\\\/image\\\/\"},\"sameAs\":[\"https:\\\/\\\/web.facebook.com\\\/najnaj.eu\\\/\",\"https:\\\/\\\/www.instagram.com\\\/najnaj.eu\\\/\",\"https:\\\/\\\/www.tiktok.com\\\/@najnaj.eu\"]}]}<\/script>\n<meta property=\"product:brand\" content=\"Modu\" \/>\n<meta property=\"product:price:amount\" content=\"199.00\" \/>\n<meta property=\"product:price:currency\" content=\"EUR\" \/>\n<meta property=\"og:availability\" content=\"instock\" \/>\n<meta property=\"product:availability\" content=\"instock\" \/>\n<meta property=\"product:retailer_item_id\" content=\"MODU-SET-EXP-SG-HY\" \/>\n<meta property=\"product:condition\" content=\"new\" \/>\n<!-- \/ Yoast SEO Premium plugin. -->","yoast_head_json":{"title":"Komplet MODU Explorer, pe\u0161\u010deno siva\/medeno rumena - NajNaj.eu","robots":{"index":"index","follow":"follow","max-snippet":"max-snippet:-1","max-image-preview":"max-image-preview:large","max-video-preview":"max-video-preview:-1"},"canonical":"https:\/\/najnaj.eu\/sl\/izdelek\/komplet-modu-explorer-pesceno-siva-medeno-rumena\/","og_locale":"sl_SI","og_type":"article","og_title":"Komplet MODU Explorer, pe\u0161\u010deno siva\/medeno rumena","og_description":"* Komplet za izdelavo hitrih vozil in razli\u010dnih uravnote\u017eevalnih kreacij * Idealno darilo za mal\u010dke * Popoln srednje velik komplet za raziskovanje aktivne igre * Omejen nabor barv","og_url":"https:\/\/najnaj.eu\/sl\/izdelek\/komplet-modu-explorer-pesceno-siva-medeno-rumena\/","og_site_name":"NajNaj.eu","article_publisher":"https:\/\/web.facebook.com\/najnaj.eu\/","og_image":[{"width":2048,"height":2560,"url":"https:\/\/najnaj.eu\/wp-content\/uploads\/2025\/07\/Explorer-Set-Sand-Grey_Honey-Yellow-slide-2-scaled.jpg","type":"image\/jpeg"}],"twitter_card":"summary_large_image","twitter_misc":{"Price":"199,00&nbsp;&euro;","Availability":"In stock"},"schema":{"@context":"https:\/\/schema.org","@graph":[{"@type":"WebPage","@id":"https:\/\/najnaj.eu\/sl\/izdelek\/komplet-modu-explorer-pesceno-siva-medeno-rumena\/","url":"https:\/\/najnaj.eu\/sl\/izdelek\/komplet-modu-explorer-pesceno-siva-medeno-rumena\/","name":"Komplet MODU Explorer, pe\u0161\u010deno siva\/medeno rumena - NajNaj.eu","isPartOf":{"@id":"https:\/\/najnaj.eu\/sl\/#website"},"primaryImageOfPage":{"@id":"https:\/\/najnaj.eu\/sl\/izdelek\/komplet-modu-explorer-pesceno-siva-medeno-rumena\/#primaryimage"},"image":{"@id":"https:\/\/najnaj.eu\/sl\/izdelek\/komplet-modu-explorer-pesceno-siva-medeno-rumena\/#primaryimage"},"thumbnailUrl":"https:\/\/najnaj.eu\/wp-content\/uploads\/2025\/07\/Explorer-Set-Sand-Grey_Honey-Yellow-slide-2-scaled.jpg","datePublished":"2025-07-03T08:26:30+00:00","breadcrumb":{"@id":"https:\/\/najnaj.eu\/sl\/izdelek\/komplet-modu-explorer-pesceno-siva-medeno-rumena\/#breadcrumb"},"inLanguage":"sl-SI","potentialAction":[{"@type":"ReadAction","target":["https:\/\/najnaj.eu\/sl\/izdelek\/komplet-modu-explorer-pesceno-siva-medeno-rumena\/"]}]},{"@type":"ImageObject","inLanguage":"sl-SI","@id":"https:\/\/najnaj.eu\/sl\/izdelek\/komplet-modu-explorer-pesceno-siva-medeno-rumena\/#primaryimage","url":"https:\/\/najnaj.eu\/wp-content\/uploads\/2025\/07\/Explorer-Set-Sand-Grey_Honey-Yellow-slide-2-scaled.jpg","contentUrl":"https:\/\/najnaj.eu\/wp-content\/uploads\/2025\/07\/Explorer-Set-Sand-Grey_Honey-Yellow-slide-2-scaled.jpg","width":2048,"height":2560},{"@type":"BreadcrumbList","@id":"https:\/\/najnaj.eu\/sl\/izdelek\/komplet-modu-explorer-pesceno-siva-medeno-rumena\/#breadcrumb","itemListElement":[{"@type":"ListItem","position":1,"name":"Po\u010detna stranica","item":"https:\/\/najnaj.eu\/sl\/prednja-stran\/"},{"@type":"ListItem","position":2,"name":"Shop","item":"https:\/\/najnaj.eu\/sl\/shop\/"},{"@type":"ListItem","position":3,"name":"Privatno: Komplet MODU Explorer, pe\u0161\u010deno siva\/medeno rumena"}]},{"@type":"WebSite","@id":"https:\/\/najnaj.eu\/sl\/#website","url":"https:\/\/najnaj.eu\/sl\/","name":"NajNaj.eu","description":"Za najva\u017enije!","publisher":{"@id":"https:\/\/najnaj.eu\/sl\/#organization"},"potentialAction":[{"@type":"SearchAction","target":{"@type":"EntryPoint","urlTemplate":"https:\/\/najnaj.eu\/sl\/?s={search_term_string}"},"query-input":{"@type":"PropertyValueSpecification","valueRequired":true,"valueName":"search_term_string"}}],"inLanguage":"sl-SI"},{"@type":"Organization","@id":"https:\/\/najnaj.eu\/sl\/#organization","name":"NajNaj.eu","url":"https:\/\/najnaj.eu\/sl\/","logo":{"@type":"ImageObject","inLanguage":"sl-SI","@id":"https:\/\/najnaj.eu\/sl\/#\/schema\/logo\/image\/","url":"https:\/\/najnaj.eu\/wp-content\/uploads\/2023\/09\/logo_Najnaj_2023.svg","contentUrl":"https:\/\/najnaj.eu\/wp-content\/uploads\/2023\/09\/logo_Najnaj_2023.svg","width":501,"height":278,"caption":"NajNaj.eu"},"image":{"@id":"https:\/\/najnaj.eu\/sl\/#\/schema\/logo\/image\/"},"sameAs":["https:\/\/web.facebook.com\/najnaj.eu\/","https:\/\/www.instagram.com\/najnaj.eu\/","https:\/\/www.tiktok.com\/@najnaj.eu"]}]},"product_brand":"Modu","product_price_amount":"199.00","product_price_currency":"EUR","og_availability":"instock","product_availability":"instock","product_retailer_item_id":"MODU-SET-EXP-SG-HY","product_condition":"new"},"_links":{"self":[{"href":"https:\/\/najnaj.eu\/sl\/wp-json\/wp\/v2\/product\/259012","targetHints":{"allow":["GET"]}}],"collection":[{"href":"https:\/\/najnaj.eu\/sl\/wp-json\/wp\/v2\/product"}],"about":[{"href":"https:\/\/najnaj.eu\/sl\/wp-json\/wp\/v2\/types\/product"}],"replies":[{"embeddable":true,"href":"https:\/\/najnaj.eu\/sl\/wp-json\/wp\/v2\/comments?post=259012"}],"version-history":[{"count":0,"href":"https:\/\/najnaj.eu\/sl\/wp-json\/wp\/v2\/product\/259012\/revisions"}],"wp:featuredmedia":[{"embeddable":true,"href":"https:\/\/najnaj.eu\/sl\/wp-json\/wp\/v2\/media\/258185"}],"wp:attachment":[{"href":"https:\/\/najnaj.eu\/sl\/wp-json\/wp\/v2\/media?parent=259012"}],"wp:term":[{"taxonomy":"product_brand","embeddable":true,"href":"https:\/\/najnaj.eu\/sl\/wp-json\/wp\/v2\/product_brand?post=259012"},{"taxonomy":"product_cat","embeddable":true,"href":"https:\/\/najnaj.eu\/sl\/wp-json\/wp\/v2\/product_cat?post=259012"},{"taxonomy":"product_tag","embeddable":true,"href":"https:\/\/najnaj.eu\/sl\/wp-json\/wp\/v2\/product_tag?post=259012"}],"curies":[{"name":"wp","href":"https:\/\/api.w.org\/{rel}","templated":true}]}}