{"id":258999,"date":"2025-07-03T14:10:39","date_gmt":"2025-07-03T12:10:39","guid":{"rendered":"https:\/\/najnaj.eu\/proizvod\/lassig-komplet-jedilnega-pribora-pp-celuloza-veselo-sadje-cesnja-kroznik-skleda-skodelica-zlica\/"},"modified":"2025-07-03T14:10:39","modified_gmt":"2025-07-03T12:10:39","slug":"lassig-komplet-jedilnega-pribora-pp-celuloza-veselo-sadje-cesnja-kroznik-skleda-skodelica-zlica","status":"publish","type":"product","link":"https:\/\/najnaj.eu\/sl\/izdelek\/lassig-komplet-jedilnega-pribora-pp-celuloza-veselo-sadje-cesnja-kroznik-skleda-skodelica-zlica\/","title":{"rendered":"L\u00e4ssig komplet jedilnega pribora PP\/celuloza Veselo sadje \u010ce\u0161nja (kro\u017enik, skleda, skodelica, \u017elica)"},"content":{"rendered":"<p>Veselo sadje, prava zabava! Prvi poskusi samostojnega hranjenja bodo enostavni s 4-delnim otro\u0161kim kompletom posode L\u00c4SSIG iz kolekcije Veselo sadje. <\/p>\n<p>Informacije o izdelku:<\/p>\n<p>&#8211; 4-delni komplet: kro\u017enik, skleda, kozarec, \u017elica<br \/>\n &#8211; Dimenzije z embala\u017eo: 22,7 x 7,2 x 26 cm \/ 341 g<br \/>\n &#8211; Material: 70 % polipropilen (PP), 30 % celuloza<br \/>\n &#8211; Brez BPA<\/p>\n<p>Posebne lastnosti:<\/p>\n<p>&#8211; Odli\u010den oprijem na mizi zaradi nedrse\u010dega dna<br \/>\n &#8211; Primerno za pomivanje v pomivalnem stroju in mikrovalovno pe\u010dico (do najve\u010d 400 W)<br \/>\n &#8211; Lahek in odporen material<\/p>\n<p>Komplet jedilnega pribora je izdelan iz kombinacije polipropilena in celuloze, kar v primerjavi s klasi\u010dnim polipropilenom zmanj\u0161uje uporabo dragocenih in omejenih surovin. Je popoln dodatek k \u0161tevilnim drugim izdelkom iz kolekcije Happy Fruits. <\/p>\n","protected":false},"excerpt":{"rendered":"<p>Otro\u0161ki komplet jedilnega pribora iz kolekcije L\u00c4SSIG Happy Fruits odlikujejo impresivna funkcionalnost, skrbna zasnova in materiali, ki var\u010dujejo z viri. Kro\u017enik ne vsebuje BPA, je lahek in varen za uporabo v mikrovalovni pe\u010dici in pomivalnem stroju. <\/p>\n","protected":false},"featured_media":258924,"comment_status":"closed","ping_status":"closed","template":"","meta":{"_acf_changed":false,"footnotes":""},"product_brand":[],"product_cat":[2228,1167,2231,1275],"product_tag":[],"class_list":{"0":"post-258999","1":"product","2":"type-product","3":"status-publish","4":"has-post-thumbnail","6":"product_cat-darila","7":"product_cat-hranjenje-sl","8":"product_cat-kompleti","9":"product_cat-posoda","10":"pa_boja-roza-sl","11":"pa_brand-lassig-sl","12":"pa_vrsta-posuda-kozarci-in-skodelice","13":"pa_vrsta-posuda-krozniki-in-sklede","15":"first","16":"instock","17":"shipping-taxable","18":"purchasable","19":"product-type-simple"},"bundled_by":[],"bundle_stock_status":"instock","bundle_stock_quantity":5,"bundle_virtual":false,"bundle_layout":"","bundle_add_to_cart_form_location":"","bundle_editable_in_cart":false,"bundle_sold_individually_context":"","bundle_item_grouping":"","bundle_min_size":"","bundle_max_size":"","bundle_price":[],"bundled_items":[],"bundle_sell_ids":[],"acf":[],"yoast_head":"<!-- This site is optimized with the Yoast SEO Premium plugin v21.5 (Yoast SEO v27.3) - https:\/\/yoast.com\/product\/yoast-seo-premium-wordpress\/ -->\n<title>L\u00e4ssig komplet jedilnega pribora PP\/celuloza Veselo sadje \u010ce\u0161nja (kro\u017enik, skleda, skodelica, \u017elica) - NajNaj.eu<\/title>\n<meta name=\"robots\" content=\"index, follow, max-snippet:-1, max-image-preview:large, max-video-preview:-1\" \/>\n<link rel=\"canonical\" href=\"https:\/\/najnaj.eu\/sl\/izdelek\/lassig-komplet-jedilnega-pribora-pp-celuloza-veselo-sadje-cesnja-kroznik-skleda-skodelica-zlica\/\" \/>\n<meta property=\"og:locale\" content=\"sl_SI\" \/>\n<meta property=\"og:type\" content=\"article\" \/>\n<meta property=\"og:title\" content=\"L\u00e4ssig komplet jedilnega pribora PP\/celuloza Veselo sadje \u010ce\u0161nja (kro\u017enik, skleda, skodelica, \u017elica)\" \/>\n<meta property=\"og:description\" content=\"Otro\u0161ki komplet jedilnega pribora iz kolekcije L\u00c4SSIG Happy Fruits odlikujejo impresivna funkcionalnost, skrbna zasnova in materiali, ki var\u010dujejo z viri. Kro\u017enik ne vsebuje BPA, je lahek in varen za uporabo v mikrovalovni pe\u010dici in pomivalnem stroju.\" \/>\n<meta property=\"og:url\" content=\"https:\/\/najnaj.eu\/sl\/izdelek\/lassig-komplet-jedilnega-pribora-pp-celuloza-veselo-sadje-cesnja-kroznik-skleda-skodelica-zlica\/\" \/>\n<meta property=\"og:site_name\" content=\"NajNaj.eu\" \/>\n<meta property=\"article:publisher\" content=\"https:\/\/web.facebook.com\/najnaj.eu\/\" \/>\n<meta property=\"og:image\" content=\"https:\/\/najnaj.eu\/wp-content\/uploads\/2025\/07\/KID_F24_13100622007_P_1.jpg\" \/>\n\t<meta property=\"og:image:width\" content=\"2000\" \/>\n\t<meta property=\"og:image:height\" content=\"2001\" \/>\n\t<meta property=\"og:image:type\" content=\"image\/jpeg\" \/>\n<meta name=\"twitter:card\" content=\"summary_large_image\" \/>\n<meta name=\"twitter:label1\" content=\"Price\" \/>\n\t<meta name=\"twitter:data1\" content=\"24,95&nbsp;&euro;\" \/>\n\t<meta name=\"twitter:label2\" content=\"Availability\" \/>\n\t<meta name=\"twitter:data2\" content=\"In stock\" \/>\n<script type=\"application\/ld+json\" class=\"yoast-schema-graph\">{\"@context\":\"https:\\\/\\\/schema.org\",\"@graph\":[{\"@type\":\"WebPage\",\"@id\":\"https:\\\/\\\/najnaj.eu\\\/sl\\\/izdelek\\\/lassig-komplet-jedilnega-pribora-pp-celuloza-veselo-sadje-cesnja-kroznik-skleda-skodelica-zlica\\\/\",\"url\":\"https:\\\/\\\/najnaj.eu\\\/sl\\\/izdelek\\\/lassig-komplet-jedilnega-pribora-pp-celuloza-veselo-sadje-cesnja-kroznik-skleda-skodelica-zlica\\\/\",\"name\":\"L\u00e4ssig komplet jedilnega pribora PP\\\/celuloza Veselo sadje \u010ce\u0161nja (kro\u017enik, skleda, skodelica, \u017elica) - NajNaj.eu\",\"isPartOf\":{\"@id\":\"https:\\\/\\\/najnaj.eu\\\/sl\\\/#website\"},\"primaryImageOfPage\":{\"@id\":\"https:\\\/\\\/najnaj.eu\\\/sl\\\/izdelek\\\/lassig-komplet-jedilnega-pribora-pp-celuloza-veselo-sadje-cesnja-kroznik-skleda-skodelica-zlica\\\/#primaryimage\"},\"image\":{\"@id\":\"https:\\\/\\\/najnaj.eu\\\/sl\\\/izdelek\\\/lassig-komplet-jedilnega-pribora-pp-celuloza-veselo-sadje-cesnja-kroznik-skleda-skodelica-zlica\\\/#primaryimage\"},\"thumbnailUrl\":\"https:\\\/\\\/najnaj.eu\\\/wp-content\\\/uploads\\\/2025\\\/07\\\/KID_F24_13100622007_P_1.jpg\",\"datePublished\":\"2025-07-03T12:10:39+00:00\",\"breadcrumb\":{\"@id\":\"https:\\\/\\\/najnaj.eu\\\/sl\\\/izdelek\\\/lassig-komplet-jedilnega-pribora-pp-celuloza-veselo-sadje-cesnja-kroznik-skleda-skodelica-zlica\\\/#breadcrumb\"},\"inLanguage\":\"sl-SI\",\"potentialAction\":[{\"@type\":\"ReadAction\",\"target\":[\"https:\\\/\\\/najnaj.eu\\\/sl\\\/izdelek\\\/lassig-komplet-jedilnega-pribora-pp-celuloza-veselo-sadje-cesnja-kroznik-skleda-skodelica-zlica\\\/\"]}]},{\"@type\":\"ImageObject\",\"inLanguage\":\"sl-SI\",\"@id\":\"https:\\\/\\\/najnaj.eu\\\/sl\\\/izdelek\\\/lassig-komplet-jedilnega-pribora-pp-celuloza-veselo-sadje-cesnja-kroznik-skleda-skodelica-zlica\\\/#primaryimage\",\"url\":\"https:\\\/\\\/najnaj.eu\\\/wp-content\\\/uploads\\\/2025\\\/07\\\/KID_F24_13100622007_P_1.jpg\",\"contentUrl\":\"https:\\\/\\\/najnaj.eu\\\/wp-content\\\/uploads\\\/2025\\\/07\\\/KID_F24_13100622007_P_1.jpg\",\"width\":2000,\"height\":2001},{\"@type\":\"BreadcrumbList\",\"@id\":\"https:\\\/\\\/najnaj.eu\\\/sl\\\/izdelek\\\/lassig-komplet-jedilnega-pribora-pp-celuloza-veselo-sadje-cesnja-kroznik-skleda-skodelica-zlica\\\/#breadcrumb\",\"itemListElement\":[{\"@type\":\"ListItem\",\"position\":1,\"name\":\"Po\u010detna stranica\",\"item\":\"https:\\\/\\\/najnaj.eu\\\/sl\\\/prednja-stran\\\/\"},{\"@type\":\"ListItem\",\"position\":2,\"name\":\"Shop\",\"item\":\"https:\\\/\\\/najnaj.eu\\\/sl\\\/shop\\\/\"},{\"@type\":\"ListItem\",\"position\":3,\"name\":\"Privatno: L\u00e4ssig komplet jedilnega pribora PP\\\/celuloza Veselo sadje \u010ce\u0161nja (kro\u017enik, skleda, skodelica, \u017elica)\"}]},{\"@type\":\"WebSite\",\"@id\":\"https:\\\/\\\/najnaj.eu\\\/sl\\\/#website\",\"url\":\"https:\\\/\\\/najnaj.eu\\\/sl\\\/\",\"name\":\"NajNaj.eu\",\"description\":\"Za najva\u017enije!\",\"publisher\":{\"@id\":\"https:\\\/\\\/najnaj.eu\\\/sl\\\/#organization\"},\"potentialAction\":[{\"@type\":\"SearchAction\",\"target\":{\"@type\":\"EntryPoint\",\"urlTemplate\":\"https:\\\/\\\/najnaj.eu\\\/sl\\\/?s={search_term_string}\"},\"query-input\":{\"@type\":\"PropertyValueSpecification\",\"valueRequired\":true,\"valueName\":\"search_term_string\"}}],\"inLanguage\":\"sl-SI\"},{\"@type\":\"Organization\",\"@id\":\"https:\\\/\\\/najnaj.eu\\\/sl\\\/#organization\",\"name\":\"NajNaj.eu\",\"url\":\"https:\\\/\\\/najnaj.eu\\\/sl\\\/\",\"logo\":{\"@type\":\"ImageObject\",\"inLanguage\":\"sl-SI\",\"@id\":\"https:\\\/\\\/najnaj.eu\\\/sl\\\/#\\\/schema\\\/logo\\\/image\\\/\",\"url\":\"https:\\\/\\\/najnaj.eu\\\/wp-content\\\/uploads\\\/2023\\\/09\\\/logo_Najnaj_2023.svg\",\"contentUrl\":\"https:\\\/\\\/najnaj.eu\\\/wp-content\\\/uploads\\\/2023\\\/09\\\/logo_Najnaj_2023.svg\",\"width\":501,\"height\":278,\"caption\":\"NajNaj.eu\"},\"image\":{\"@id\":\"https:\\\/\\\/najnaj.eu\\\/sl\\\/#\\\/schema\\\/logo\\\/image\\\/\"},\"sameAs\":[\"https:\\\/\\\/web.facebook.com\\\/najnaj.eu\\\/\",\"https:\\\/\\\/www.instagram.com\\\/najnaj.eu\\\/\",\"https:\\\/\\\/www.tiktok.com\\\/@najnaj.eu\"]}]}<\/script>\n<meta property=\"product:brand\" content=\"L\u00e4ssig\" \/>\n<meta property=\"product:price:amount\" content=\"24.95\" \/>\n<meta property=\"product:price:currency\" content=\"EUR\" \/>\n<meta property=\"og:availability\" content=\"instock\" \/>\n<meta property=\"product:availability\" content=\"instock\" \/>\n<meta property=\"product:retailer_item_id\" content=\"13100622007\" \/>\n<meta property=\"product:condition\" content=\"new\" \/>\n<!-- \/ Yoast SEO Premium plugin. -->","yoast_head_json":{"title":"L\u00e4ssig komplet jedilnega pribora PP\/celuloza Veselo sadje \u010ce\u0161nja (kro\u017enik, skleda, skodelica, \u017elica) - NajNaj.eu","robots":{"index":"index","follow":"follow","max-snippet":"max-snippet:-1","max-image-preview":"max-image-preview:large","max-video-preview":"max-video-preview:-1"},"canonical":"https:\/\/najnaj.eu\/sl\/izdelek\/lassig-komplet-jedilnega-pribora-pp-celuloza-veselo-sadje-cesnja-kroznik-skleda-skodelica-zlica\/","og_locale":"sl_SI","og_type":"article","og_title":"L\u00e4ssig komplet jedilnega pribora PP\/celuloza Veselo sadje \u010ce\u0161nja (kro\u017enik, skleda, skodelica, \u017elica)","og_description":"Otro\u0161ki komplet jedilnega pribora iz kolekcije L\u00c4SSIG Happy Fruits odlikujejo impresivna funkcionalnost, skrbna zasnova in materiali, ki var\u010dujejo z viri. Kro\u017enik ne vsebuje BPA, je lahek in varen za uporabo v mikrovalovni pe\u010dici in pomivalnem stroju.","og_url":"https:\/\/najnaj.eu\/sl\/izdelek\/lassig-komplet-jedilnega-pribora-pp-celuloza-veselo-sadje-cesnja-kroznik-skleda-skodelica-zlica\/","og_site_name":"NajNaj.eu","article_publisher":"https:\/\/web.facebook.com\/najnaj.eu\/","og_image":[{"width":2000,"height":2001,"url":"https:\/\/najnaj.eu\/wp-content\/uploads\/2025\/07\/KID_F24_13100622007_P_1.jpg","type":"image\/jpeg"}],"twitter_card":"summary_large_image","twitter_misc":{"Price":"24,95&nbsp;&euro;","Availability":"In stock"},"schema":{"@context":"https:\/\/schema.org","@graph":[{"@type":"WebPage","@id":"https:\/\/najnaj.eu\/sl\/izdelek\/lassig-komplet-jedilnega-pribora-pp-celuloza-veselo-sadje-cesnja-kroznik-skleda-skodelica-zlica\/","url":"https:\/\/najnaj.eu\/sl\/izdelek\/lassig-komplet-jedilnega-pribora-pp-celuloza-veselo-sadje-cesnja-kroznik-skleda-skodelica-zlica\/","name":"L\u00e4ssig komplet jedilnega pribora PP\/celuloza Veselo sadje \u010ce\u0161nja (kro\u017enik, skleda, skodelica, \u017elica) - NajNaj.eu","isPartOf":{"@id":"https:\/\/najnaj.eu\/sl\/#website"},"primaryImageOfPage":{"@id":"https:\/\/najnaj.eu\/sl\/izdelek\/lassig-komplet-jedilnega-pribora-pp-celuloza-veselo-sadje-cesnja-kroznik-skleda-skodelica-zlica\/#primaryimage"},"image":{"@id":"https:\/\/najnaj.eu\/sl\/izdelek\/lassig-komplet-jedilnega-pribora-pp-celuloza-veselo-sadje-cesnja-kroznik-skleda-skodelica-zlica\/#primaryimage"},"thumbnailUrl":"https:\/\/najnaj.eu\/wp-content\/uploads\/2025\/07\/KID_F24_13100622007_P_1.jpg","datePublished":"2025-07-03T12:10:39+00:00","breadcrumb":{"@id":"https:\/\/najnaj.eu\/sl\/izdelek\/lassig-komplet-jedilnega-pribora-pp-celuloza-veselo-sadje-cesnja-kroznik-skleda-skodelica-zlica\/#breadcrumb"},"inLanguage":"sl-SI","potentialAction":[{"@type":"ReadAction","target":["https:\/\/najnaj.eu\/sl\/izdelek\/lassig-komplet-jedilnega-pribora-pp-celuloza-veselo-sadje-cesnja-kroznik-skleda-skodelica-zlica\/"]}]},{"@type":"ImageObject","inLanguage":"sl-SI","@id":"https:\/\/najnaj.eu\/sl\/izdelek\/lassig-komplet-jedilnega-pribora-pp-celuloza-veselo-sadje-cesnja-kroznik-skleda-skodelica-zlica\/#primaryimage","url":"https:\/\/najnaj.eu\/wp-content\/uploads\/2025\/07\/KID_F24_13100622007_P_1.jpg","contentUrl":"https:\/\/najnaj.eu\/wp-content\/uploads\/2025\/07\/KID_F24_13100622007_P_1.jpg","width":2000,"height":2001},{"@type":"BreadcrumbList","@id":"https:\/\/najnaj.eu\/sl\/izdelek\/lassig-komplet-jedilnega-pribora-pp-celuloza-veselo-sadje-cesnja-kroznik-skleda-skodelica-zlica\/#breadcrumb","itemListElement":[{"@type":"ListItem","position":1,"name":"Po\u010detna stranica","item":"https:\/\/najnaj.eu\/sl\/prednja-stran\/"},{"@type":"ListItem","position":2,"name":"Shop","item":"https:\/\/najnaj.eu\/sl\/shop\/"},{"@type":"ListItem","position":3,"name":"Privatno: L\u00e4ssig komplet jedilnega pribora PP\/celuloza Veselo sadje \u010ce\u0161nja (kro\u017enik, skleda, skodelica, \u017elica)"}]},{"@type":"WebSite","@id":"https:\/\/najnaj.eu\/sl\/#website","url":"https:\/\/najnaj.eu\/sl\/","name":"NajNaj.eu","description":"Za najva\u017enije!","publisher":{"@id":"https:\/\/najnaj.eu\/sl\/#organization"},"potentialAction":[{"@type":"SearchAction","target":{"@type":"EntryPoint","urlTemplate":"https:\/\/najnaj.eu\/sl\/?s={search_term_string}"},"query-input":{"@type":"PropertyValueSpecification","valueRequired":true,"valueName":"search_term_string"}}],"inLanguage":"sl-SI"},{"@type":"Organization","@id":"https:\/\/najnaj.eu\/sl\/#organization","name":"NajNaj.eu","url":"https:\/\/najnaj.eu\/sl\/","logo":{"@type":"ImageObject","inLanguage":"sl-SI","@id":"https:\/\/najnaj.eu\/sl\/#\/schema\/logo\/image\/","url":"https:\/\/najnaj.eu\/wp-content\/uploads\/2023\/09\/logo_Najnaj_2023.svg","contentUrl":"https:\/\/najnaj.eu\/wp-content\/uploads\/2023\/09\/logo_Najnaj_2023.svg","width":501,"height":278,"caption":"NajNaj.eu"},"image":{"@id":"https:\/\/najnaj.eu\/sl\/#\/schema\/logo\/image\/"},"sameAs":["https:\/\/web.facebook.com\/najnaj.eu\/","https:\/\/www.instagram.com\/najnaj.eu\/","https:\/\/www.tiktok.com\/@najnaj.eu"]}]},"product_brand":"L\u00e4ssig","product_price_amount":"24.95","product_price_currency":"EUR","og_availability":"instock","product_availability":"instock","product_retailer_item_id":"13100622007","product_condition":"new"},"_links":{"self":[{"href":"https:\/\/najnaj.eu\/sl\/wp-json\/wp\/v2\/product\/258999","targetHints":{"allow":["GET"]}}],"collection":[{"href":"https:\/\/najnaj.eu\/sl\/wp-json\/wp\/v2\/product"}],"about":[{"href":"https:\/\/najnaj.eu\/sl\/wp-json\/wp\/v2\/types\/product"}],"replies":[{"embeddable":true,"href":"https:\/\/najnaj.eu\/sl\/wp-json\/wp\/v2\/comments?post=258999"}],"version-history":[{"count":0,"href":"https:\/\/najnaj.eu\/sl\/wp-json\/wp\/v2\/product\/258999\/revisions"}],"wp:featuredmedia":[{"embeddable":true,"href":"https:\/\/najnaj.eu\/sl\/wp-json\/wp\/v2\/media\/258924"}],"wp:attachment":[{"href":"https:\/\/najnaj.eu\/sl\/wp-json\/wp\/v2\/media?parent=258999"}],"wp:term":[{"taxonomy":"product_brand","embeddable":true,"href":"https:\/\/najnaj.eu\/sl\/wp-json\/wp\/v2\/product_brand?post=258999"},{"taxonomy":"product_cat","embeddable":true,"href":"https:\/\/najnaj.eu\/sl\/wp-json\/wp\/v2\/product_cat?post=258999"},{"taxonomy":"product_tag","embeddable":true,"href":"https:\/\/najnaj.eu\/sl\/wp-json\/wp\/v2\/product_tag?post=258999"}],"curies":[{"name":"wp","href":"https:\/\/api.w.org\/{rel}","templated":true}]}}