{"id":258995,"date":"2025-07-03T13:33:32","date_gmt":"2025-07-03T11:33:32","guid":{"rendered":"https:\/\/najnaj.eu\/proizvod\/lassig-tetra-plenice-m-happy-rascals-heart-sivka-3-kosi-60-x-60-cm\/"},"modified":"2025-07-03T13:33:32","modified_gmt":"2025-07-03T11:33:32","slug":"lassig-tetra-plenice-m-happy-rascals-heart-sivka-3-kosi-60-x-60-cm","status":"publish","type":"product","link":"https:\/\/najnaj.eu\/sl\/izdelek\/lassig-tetra-plenice-m-happy-rascals-heart-sivka-3-kosi-60-x-60-cm\/","title":{"rendered":"L\u00e4ssig Tetra plenice M Happy Rascals Heart sivka 3 kosi, 60 x 60 cm"},"content":{"rendered":"<p>Mali Razbojniki z velikimi sanjami! Najmanj\u0161i med nami pogosto prina\u0161ajo najve\u010dje veselje. Veseli Razbojniki spremljajo najlep\u0161e trenutke, prina\u0161ajo dobro voljo in hkrati prena\u0161ajo pomembno sporo\u010dilo \u2013 za prihodnost, polno ljubezni, miru in upanja.  <\/p>\n<p>Svet, v katerega se otroci rodijo, bi moral biti napolnjen s temi vrednotami \u2013 upanjem, ljubeznijo in mirom. Kolekcija Happy Rascals sledi tem prvim dragocenim trenutkom, \u0161iri optimizem in prina\u0161a pozitivna sporo\u010dila. Skupaj ustvarimo prihodnost, polno ljubezni, miru in upanja.  <\/p>\n<p>Ve\u010dnamenske plenice L\u00c4SSIG Happy Rascals, 60 x 60 cm (paket 3 kosov), so na voljo v ne\u017enih barvah in igrivih vzorcih.<br \/>\n Izdelane so iz 100 % organskega bomba\u017ea, \u0161e posebej ne\u017enega do ob\u010dutljive otro\u0161ke ko\u017ee.<\/p>\n<p>Te prakti\u010dne in lepe ve\u010dnamenske tetra plenice boste \u017eeleli imeti pri roki \u017ee od prvega dne. So zra\u010dne, enostavne za vzdr\u017eevanje in vsestranske \u2013 idealne so kot slin\u010dki, udobne odeje ali blazinice za riganje. <\/p>\n<p>Mehka bomba\u017ena tkanina postane z vsakim pranjem \u0161e bolj udobna. So dolgotrajne in trpe\u017ene, zato so popolne za vsakodnevno uporabo z dojen\u010dkom. <\/p>\n<p>Plenice Tetra iz kolekcije L\u00c4SSIG Happy Rascals imajo certifikat GOTS, so pralne pri 60 \u00b0C in primerne za su\u0161enje v su\u0161ilnem stroju.<\/p>\n","protected":false},"excerpt":{"rendered":"<p>Ve\u010dnamenske tetra plenice L\u00c4SSIG se lahko uporabljajo kot krpe za riganje ali kot udobne odejice. Izdelane so iz zra\u010dnega in enostavnega za vzdr\u017eevanje organskega bomba\u017ea, ne\u017enega do ob\u010dutljive dojen\u010dkove ko\u017ee. <\/p>\n","protected":false},"featured_media":258794,"comment_status":"closed","ping_status":"closed","template":"","meta":{"_acf_changed":false,"footnotes":""},"product_brand":[],"product_cat":[577,624],"product_tag":[],"class_list":{"0":"post-258995","1":"product","2":"type-product","3":"status-publish","4":"has-post-thumbnail","6":"product_cat-hranjenje","7":"product_cat-tetra-pelene","8":"pa_boja-bijela","9":"pa_boja-crvena","10":"pa_boja-ljubicasta","11":"pa_brand-lassig","13":"first","14":"instock","15":"shipping-taxable","16":"purchasable","17":"product-type-simple"},"bundled_by":[],"bundle_stock_status":"instock","bundle_stock_quantity":12,"bundle_virtual":false,"bundle_layout":"","bundle_add_to_cart_form_location":"","bundle_editable_in_cart":false,"bundle_sold_individually_context":"","bundle_item_grouping":"","bundle_min_size":"","bundle_max_size":"","bundle_price":[],"bundled_items":[],"bundle_sell_ids":[],"acf":[],"yoast_head":"<!-- This site is optimized with the Yoast SEO Premium plugin v21.5 (Yoast SEO v27.3) - https:\/\/yoast.com\/product\/yoast-seo-premium-wordpress\/ -->\n<title>L\u00e4ssig Tetra plenice M Happy Rascals Heart sivka 3 kosi, 60 x 60 cm - NajNaj.eu<\/title>\n<meta name=\"robots\" content=\"index, follow, max-snippet:-1, max-image-preview:large, max-video-preview:-1\" \/>\n<link rel=\"canonical\" href=\"https:\/\/najnaj.eu\/sl\/izdelek\/lassig-tetra-plenice-m-happy-rascals-heart-sivka-3-kosi-60-x-60-cm\/\" \/>\n<meta property=\"og:locale\" content=\"sl_SI\" \/>\n<meta property=\"og:type\" content=\"article\" \/>\n<meta property=\"og:title\" content=\"L\u00e4ssig Tetra plenice M Happy Rascals Heart sivka 3 kosi, 60 x 60 cm\" \/>\n<meta property=\"og:description\" content=\"Ve\u010dnamenske tetra plenice L\u00c4SSIG se lahko uporabljajo kot krpe za riganje ali kot udobne odejice. Izdelane so iz zra\u010dnega in enostavnega za vzdr\u017eevanje organskega bomba\u017ea, ne\u017enega do ob\u010dutljive dojen\u010dkove ko\u017ee.\" \/>\n<meta property=\"og:url\" content=\"https:\/\/najnaj.eu\/sl\/izdelek\/lassig-tetra-plenice-m-happy-rascals-heart-sivka-3-kosi-60-x-60-cm\/\" \/>\n<meta property=\"og:site_name\" content=\"NajNaj.eu\" \/>\n<meta property=\"article:publisher\" content=\"https:\/\/web.facebook.com\/najnaj.eu\/\" \/>\n<meta property=\"og:image\" content=\"https:\/\/najnaj.eu\/wp-content\/uploads\/2025\/07\/KID_F23_1312030642_P_3.jpg\" \/>\n\t<meta property=\"og:image:width\" content=\"2000\" \/>\n\t<meta property=\"og:image:height\" content=\"2000\" \/>\n\t<meta property=\"og:image:type\" content=\"image\/jpeg\" \/>\n<meta name=\"twitter:card\" content=\"summary_large_image\" \/>\n<meta name=\"twitter:label1\" content=\"Price\" \/>\n\t<meta name=\"twitter:data1\" content=\"19,95&nbsp;&euro;\" \/>\n\t<meta name=\"twitter:label2\" content=\"Availability\" \/>\n\t<meta name=\"twitter:data2\" content=\"In stock\" \/>\n<script type=\"application\/ld+json\" class=\"yoast-schema-graph\">{\"@context\":\"https:\\\/\\\/schema.org\",\"@graph\":[{\"@type\":\"WebPage\",\"@id\":\"https:\\\/\\\/najnaj.eu\\\/sl\\\/izdelek\\\/lassig-tetra-plenice-m-happy-rascals-heart-sivka-3-kosi-60-x-60-cm\\\/\",\"url\":\"https:\\\/\\\/najnaj.eu\\\/sl\\\/izdelek\\\/lassig-tetra-plenice-m-happy-rascals-heart-sivka-3-kosi-60-x-60-cm\\\/\",\"name\":\"L\u00e4ssig Tetra plenice M Happy Rascals Heart sivka 3 kosi, 60 x 60 cm - NajNaj.eu\",\"isPartOf\":{\"@id\":\"https:\\\/\\\/najnaj.eu\\\/sl\\\/#website\"},\"primaryImageOfPage\":{\"@id\":\"https:\\\/\\\/najnaj.eu\\\/sl\\\/izdelek\\\/lassig-tetra-plenice-m-happy-rascals-heart-sivka-3-kosi-60-x-60-cm\\\/#primaryimage\"},\"image\":{\"@id\":\"https:\\\/\\\/najnaj.eu\\\/sl\\\/izdelek\\\/lassig-tetra-plenice-m-happy-rascals-heart-sivka-3-kosi-60-x-60-cm\\\/#primaryimage\"},\"thumbnailUrl\":\"https:\\\/\\\/najnaj.eu\\\/wp-content\\\/uploads\\\/2025\\\/07\\\/KID_F23_1312030642_P_3.jpg\",\"datePublished\":\"2025-07-03T11:33:32+00:00\",\"breadcrumb\":{\"@id\":\"https:\\\/\\\/najnaj.eu\\\/sl\\\/izdelek\\\/lassig-tetra-plenice-m-happy-rascals-heart-sivka-3-kosi-60-x-60-cm\\\/#breadcrumb\"},\"inLanguage\":\"sl-SI\",\"potentialAction\":[{\"@type\":\"ReadAction\",\"target\":[\"https:\\\/\\\/najnaj.eu\\\/sl\\\/izdelek\\\/lassig-tetra-plenice-m-happy-rascals-heart-sivka-3-kosi-60-x-60-cm\\\/\"]}]},{\"@type\":\"ImageObject\",\"inLanguage\":\"sl-SI\",\"@id\":\"https:\\\/\\\/najnaj.eu\\\/sl\\\/izdelek\\\/lassig-tetra-plenice-m-happy-rascals-heart-sivka-3-kosi-60-x-60-cm\\\/#primaryimage\",\"url\":\"https:\\\/\\\/najnaj.eu\\\/wp-content\\\/uploads\\\/2025\\\/07\\\/KID_F23_1312030642_P_3.jpg\",\"contentUrl\":\"https:\\\/\\\/najnaj.eu\\\/wp-content\\\/uploads\\\/2025\\\/07\\\/KID_F23_1312030642_P_3.jpg\",\"width\":2000,\"height\":2000},{\"@type\":\"BreadcrumbList\",\"@id\":\"https:\\\/\\\/najnaj.eu\\\/sl\\\/izdelek\\\/lassig-tetra-plenice-m-happy-rascals-heart-sivka-3-kosi-60-x-60-cm\\\/#breadcrumb\",\"itemListElement\":[{\"@type\":\"ListItem\",\"position\":1,\"name\":\"Po\u010detna stranica\",\"item\":\"https:\\\/\\\/najnaj.eu\\\/sl\\\/prednja-stran\\\/\"},{\"@type\":\"ListItem\",\"position\":2,\"name\":\"Shop\",\"item\":\"https:\\\/\\\/najnaj.eu\\\/sl\\\/shop\\\/\"},{\"@type\":\"ListItem\",\"position\":3,\"name\":\"Privatno: L\u00e4ssig Tetra plenice M Happy Rascals Heart sivka 3 kosi, 60 x 60 cm\"}]},{\"@type\":\"WebSite\",\"@id\":\"https:\\\/\\\/najnaj.eu\\\/sl\\\/#website\",\"url\":\"https:\\\/\\\/najnaj.eu\\\/sl\\\/\",\"name\":\"NajNaj.eu\",\"description\":\"Za najva\u017enije!\",\"publisher\":{\"@id\":\"https:\\\/\\\/najnaj.eu\\\/sl\\\/#organization\"},\"potentialAction\":[{\"@type\":\"SearchAction\",\"target\":{\"@type\":\"EntryPoint\",\"urlTemplate\":\"https:\\\/\\\/najnaj.eu\\\/sl\\\/?s={search_term_string}\"},\"query-input\":{\"@type\":\"PropertyValueSpecification\",\"valueRequired\":true,\"valueName\":\"search_term_string\"}}],\"inLanguage\":\"sl-SI\"},{\"@type\":\"Organization\",\"@id\":\"https:\\\/\\\/najnaj.eu\\\/sl\\\/#organization\",\"name\":\"NajNaj.eu\",\"url\":\"https:\\\/\\\/najnaj.eu\\\/sl\\\/\",\"logo\":{\"@type\":\"ImageObject\",\"inLanguage\":\"sl-SI\",\"@id\":\"https:\\\/\\\/najnaj.eu\\\/sl\\\/#\\\/schema\\\/logo\\\/image\\\/\",\"url\":\"https:\\\/\\\/najnaj.eu\\\/wp-content\\\/uploads\\\/2023\\\/09\\\/logo_Najnaj_2023.svg\",\"contentUrl\":\"https:\\\/\\\/najnaj.eu\\\/wp-content\\\/uploads\\\/2023\\\/09\\\/logo_Najnaj_2023.svg\",\"width\":501,\"height\":278,\"caption\":\"NajNaj.eu\"},\"image\":{\"@id\":\"https:\\\/\\\/najnaj.eu\\\/sl\\\/#\\\/schema\\\/logo\\\/image\\\/\"},\"sameAs\":[\"https:\\\/\\\/web.facebook.com\\\/najnaj.eu\\\/\",\"https:\\\/\\\/www.instagram.com\\\/najnaj.eu\\\/\",\"https:\\\/\\\/www.tiktok.com\\\/@najnaj.eu\"]}]}<\/script>\n<meta property=\"product:brand\" content=\"L\u00e4ssig\" \/>\n<meta property=\"product:price:amount\" content=\"19.95\" \/>\n<meta property=\"product:price:currency\" content=\"EUR\" \/>\n<meta property=\"og:availability\" content=\"instock\" \/>\n<meta property=\"product:availability\" content=\"instock\" \/>\n<meta property=\"product:retailer_item_id\" content=\"1312030642\" \/>\n<meta property=\"product:condition\" content=\"new\" \/>\n<!-- \/ Yoast SEO Premium plugin. -->","yoast_head_json":{"title":"L\u00e4ssig Tetra plenice M Happy Rascals Heart sivka 3 kosi, 60 x 60 cm - NajNaj.eu","robots":{"index":"index","follow":"follow","max-snippet":"max-snippet:-1","max-image-preview":"max-image-preview:large","max-video-preview":"max-video-preview:-1"},"canonical":"https:\/\/najnaj.eu\/sl\/izdelek\/lassig-tetra-plenice-m-happy-rascals-heart-sivka-3-kosi-60-x-60-cm\/","og_locale":"sl_SI","og_type":"article","og_title":"L\u00e4ssig Tetra plenice M Happy Rascals Heart sivka 3 kosi, 60 x 60 cm","og_description":"Ve\u010dnamenske tetra plenice L\u00c4SSIG se lahko uporabljajo kot krpe za riganje ali kot udobne odejice. Izdelane so iz zra\u010dnega in enostavnega za vzdr\u017eevanje organskega bomba\u017ea, ne\u017enega do ob\u010dutljive dojen\u010dkove ko\u017ee.","og_url":"https:\/\/najnaj.eu\/sl\/izdelek\/lassig-tetra-plenice-m-happy-rascals-heart-sivka-3-kosi-60-x-60-cm\/","og_site_name":"NajNaj.eu","article_publisher":"https:\/\/web.facebook.com\/najnaj.eu\/","og_image":[{"width":2000,"height":2000,"url":"https:\/\/najnaj.eu\/wp-content\/uploads\/2025\/07\/KID_F23_1312030642_P_3.jpg","type":"image\/jpeg"}],"twitter_card":"summary_large_image","twitter_misc":{"Price":"19,95&nbsp;&euro;","Availability":"In stock"},"schema":{"@context":"https:\/\/schema.org","@graph":[{"@type":"WebPage","@id":"https:\/\/najnaj.eu\/sl\/izdelek\/lassig-tetra-plenice-m-happy-rascals-heart-sivka-3-kosi-60-x-60-cm\/","url":"https:\/\/najnaj.eu\/sl\/izdelek\/lassig-tetra-plenice-m-happy-rascals-heart-sivka-3-kosi-60-x-60-cm\/","name":"L\u00e4ssig Tetra plenice M Happy Rascals Heart sivka 3 kosi, 60 x 60 cm - NajNaj.eu","isPartOf":{"@id":"https:\/\/najnaj.eu\/sl\/#website"},"primaryImageOfPage":{"@id":"https:\/\/najnaj.eu\/sl\/izdelek\/lassig-tetra-plenice-m-happy-rascals-heart-sivka-3-kosi-60-x-60-cm\/#primaryimage"},"image":{"@id":"https:\/\/najnaj.eu\/sl\/izdelek\/lassig-tetra-plenice-m-happy-rascals-heart-sivka-3-kosi-60-x-60-cm\/#primaryimage"},"thumbnailUrl":"https:\/\/najnaj.eu\/wp-content\/uploads\/2025\/07\/KID_F23_1312030642_P_3.jpg","datePublished":"2025-07-03T11:33:32+00:00","breadcrumb":{"@id":"https:\/\/najnaj.eu\/sl\/izdelek\/lassig-tetra-plenice-m-happy-rascals-heart-sivka-3-kosi-60-x-60-cm\/#breadcrumb"},"inLanguage":"sl-SI","potentialAction":[{"@type":"ReadAction","target":["https:\/\/najnaj.eu\/sl\/izdelek\/lassig-tetra-plenice-m-happy-rascals-heart-sivka-3-kosi-60-x-60-cm\/"]}]},{"@type":"ImageObject","inLanguage":"sl-SI","@id":"https:\/\/najnaj.eu\/sl\/izdelek\/lassig-tetra-plenice-m-happy-rascals-heart-sivka-3-kosi-60-x-60-cm\/#primaryimage","url":"https:\/\/najnaj.eu\/wp-content\/uploads\/2025\/07\/KID_F23_1312030642_P_3.jpg","contentUrl":"https:\/\/najnaj.eu\/wp-content\/uploads\/2025\/07\/KID_F23_1312030642_P_3.jpg","width":2000,"height":2000},{"@type":"BreadcrumbList","@id":"https:\/\/najnaj.eu\/sl\/izdelek\/lassig-tetra-plenice-m-happy-rascals-heart-sivka-3-kosi-60-x-60-cm\/#breadcrumb","itemListElement":[{"@type":"ListItem","position":1,"name":"Po\u010detna stranica","item":"https:\/\/najnaj.eu\/sl\/prednja-stran\/"},{"@type":"ListItem","position":2,"name":"Shop","item":"https:\/\/najnaj.eu\/sl\/shop\/"},{"@type":"ListItem","position":3,"name":"Privatno: L\u00e4ssig Tetra plenice M Happy Rascals Heart sivka 3 kosi, 60 x 60 cm"}]},{"@type":"WebSite","@id":"https:\/\/najnaj.eu\/sl\/#website","url":"https:\/\/najnaj.eu\/sl\/","name":"NajNaj.eu","description":"Za najva\u017enije!","publisher":{"@id":"https:\/\/najnaj.eu\/sl\/#organization"},"potentialAction":[{"@type":"SearchAction","target":{"@type":"EntryPoint","urlTemplate":"https:\/\/najnaj.eu\/sl\/?s={search_term_string}"},"query-input":{"@type":"PropertyValueSpecification","valueRequired":true,"valueName":"search_term_string"}}],"inLanguage":"sl-SI"},{"@type":"Organization","@id":"https:\/\/najnaj.eu\/sl\/#organization","name":"NajNaj.eu","url":"https:\/\/najnaj.eu\/sl\/","logo":{"@type":"ImageObject","inLanguage":"sl-SI","@id":"https:\/\/najnaj.eu\/sl\/#\/schema\/logo\/image\/","url":"https:\/\/najnaj.eu\/wp-content\/uploads\/2023\/09\/logo_Najnaj_2023.svg","contentUrl":"https:\/\/najnaj.eu\/wp-content\/uploads\/2023\/09\/logo_Najnaj_2023.svg","width":501,"height":278,"caption":"NajNaj.eu"},"image":{"@id":"https:\/\/najnaj.eu\/sl\/#\/schema\/logo\/image\/"},"sameAs":["https:\/\/web.facebook.com\/najnaj.eu\/","https:\/\/www.instagram.com\/najnaj.eu\/","https:\/\/www.tiktok.com\/@najnaj.eu"]}]},"product_brand":"L\u00e4ssig","product_price_amount":"19.95","product_price_currency":"EUR","og_availability":"instock","product_availability":"instock","product_retailer_item_id":"1312030642","product_condition":"new"},"_links":{"self":[{"href":"https:\/\/najnaj.eu\/sl\/wp-json\/wp\/v2\/product\/258995","targetHints":{"allow":["GET"]}}],"collection":[{"href":"https:\/\/najnaj.eu\/sl\/wp-json\/wp\/v2\/product"}],"about":[{"href":"https:\/\/najnaj.eu\/sl\/wp-json\/wp\/v2\/types\/product"}],"replies":[{"embeddable":true,"href":"https:\/\/najnaj.eu\/sl\/wp-json\/wp\/v2\/comments?post=258995"}],"version-history":[{"count":0,"href":"https:\/\/najnaj.eu\/sl\/wp-json\/wp\/v2\/product\/258995\/revisions"}],"wp:featuredmedia":[{"embeddable":true,"href":"https:\/\/najnaj.eu\/sl\/wp-json\/wp\/v2\/media\/258794"}],"wp:attachment":[{"href":"https:\/\/najnaj.eu\/sl\/wp-json\/wp\/v2\/media?parent=258995"}],"wp:term":[{"taxonomy":"product_brand","embeddable":true,"href":"https:\/\/najnaj.eu\/sl\/wp-json\/wp\/v2\/product_brand?post=258995"},{"taxonomy":"product_cat","embeddable":true,"href":"https:\/\/najnaj.eu\/sl\/wp-json\/wp\/v2\/product_cat?post=258995"},{"taxonomy":"product_tag","embeddable":true,"href":"https:\/\/najnaj.eu\/sl\/wp-json\/wp\/v2\/product_tag?post=258995"}],"curies":[{"name":"wp","href":"https:\/\/api.w.org\/{rel}","templated":true}]}}