{"id":258988,"date":"2025-07-03T13:15:17","date_gmt":"2025-07-03T11:15:17","guid":{"rendered":"https:\/\/najnaj.eu\/proizvod\/lassig-tetra-plenice-m-happy-fruits-pear-3-kom-60-x-60-cm\/"},"modified":"2025-07-03T13:15:17","modified_gmt":"2025-07-03T11:15:17","slug":"lassig-tetra-plenice-m-happy-fruits-pear-3-kom-60-x-60-cm","status":"publish","type":"product","link":"https:\/\/najnaj.eu\/sl\/izdelek\/lassig-tetra-plenice-m-happy-fruits-pear-3-kom-60-x-60-cm\/","title":{"rendered":"L\u00e4ssig Tetra plenice M Happy Fruits Pear 3 kom, 60 x 60 cm"},"content":{"rendered":"<p>Veselo sadje za prijetne trenutke! Plenice iz muslina L\u00c4SSIG velikosti M, izdelane iz 100 % organskega bomba\u017ea, so \u0161e posebej ne\u017ene do ob\u010dutljive dojen\u010dkove ko\u017ee in jih je mogo\u010de uporabljati na razli\u010dne na\u010dine. So resni\u010dno nepogre\u0161ljiv kos v vsakdanjem dru\u017einskem \u017eivljenju.  <\/p>\n<p>Informacije o izdelku:<br \/>\n &#8211; Pakiranje: 3 kosi<br \/>\n &#8211; Dimenzije: 60&#215;60 cm \/ 150 g<br \/>\n &#8211; Material: 100 % organski bomba\u017e<br \/>\n &#8211; GOTS certifikat<\/p>\n<p>Posebne lastnosti:<br \/>\n &#8211; Ve\u010dnamenska uporaba: kot odeja za udobje ali krpa za riganje<br \/>\n &#8211; Predprano, zra\u010dno in vpojno<br \/>\n &#8211; Enostavno vzdr\u017eevanje: pralno pri 60 \u00b0C in primerno za su\u0161enje v su\u0161ilnem stroju<br \/>\n &#8211; Po vsakem pranju postanejo mehkej\u0161e<\/p>\n<p>Plenice Tetra so izdelane in certificirane v skladu s smernicami GOTS (Global Organic Textile Standard). Odli\u010dno se dopolnjujejo s \u0161tevilnimi drugimi izdelki iz kolekcije Happy Fruits. <\/p>\n","protected":false},"excerpt":{"rendered":"<p>Ve\u010dnamenske plenice iz muslina L\u00c4SSIG v velikosti M so idealne kot odejice za riganje ali udobne odejice. Izdelane so iz zra\u010dnega organskega bomba\u017ea, zato so \u0161e posebej ne\u017ene do ob\u010dutljive dojen\u010dkove ko\u017ee in enostavne za nego. <\/p>\n","protected":false},"featured_media":258756,"comment_status":"closed","ping_status":"closed","template":"","meta":{"_acf_changed":false,"footnotes":""},"product_brand":[],"product_cat":[1167,1400],"product_tag":[],"class_list":{"0":"post-258988","1":"product","2":"type-product","3":"status-publish","4":"has-post-thumbnail","6":"product_cat-hranjenje-sl","7":"product_cat-tetra-plenice","8":"pa_boja-bijela-sl","9":"pa_boja-zelena-sl","10":"pa_brand-lassig-sl","12":"first","13":"instock","14":"shipping-taxable","15":"purchasable","16":"product-type-simple"},"bundled_by":[],"bundle_stock_status":"instock","bundle_stock_quantity":11,"bundle_virtual":false,"bundle_layout":"","bundle_add_to_cart_form_location":"","bundle_editable_in_cart":false,"bundle_sold_individually_context":"","bundle_item_grouping":"","bundle_min_size":"","bundle_max_size":"","bundle_price":[],"bundled_items":[],"bundle_sell_ids":[],"acf":[],"yoast_head":"<!-- This site is optimized with the Yoast SEO Premium plugin v21.5 (Yoast SEO v27.3) - https:\/\/yoast.com\/product\/yoast-seo-premium-wordpress\/ -->\n<title>L\u00e4ssig Tetra plenice M Happy Fruits Pear 3 kom, 60 x 60 cm - NajNaj.eu<\/title>\n<meta name=\"robots\" content=\"index, follow, max-snippet:-1, max-image-preview:large, max-video-preview:-1\" \/>\n<link rel=\"canonical\" href=\"https:\/\/najnaj.eu\/sl\/izdelek\/lassig-tetra-plenice-m-happy-fruits-pear-3-kom-60-x-60-cm\/\" \/>\n<meta property=\"og:locale\" content=\"sl_SI\" \/>\n<meta property=\"og:type\" content=\"article\" \/>\n<meta property=\"og:title\" content=\"L\u00e4ssig Tetra plenice M Happy Fruits Pear 3 kom, 60 x 60 cm\" \/>\n<meta property=\"og:description\" content=\"Ve\u010dnamenske plenice iz muslina L\u00c4SSIG v velikosti M so idealne kot odejice za riganje ali udobne odejice. Izdelane so iz zra\u010dnega organskega bomba\u017ea, zato so \u0161e posebej ne\u017ene do ob\u010dutljive dojen\u010dkove ko\u017ee in enostavne za nego.\" \/>\n<meta property=\"og:url\" content=\"https:\/\/najnaj.eu\/sl\/izdelek\/lassig-tetra-plenice-m-happy-fruits-pear-3-kom-60-x-60-cm\/\" \/>\n<meta property=\"og:site_name\" content=\"NajNaj.eu\" \/>\n<meta property=\"article:publisher\" content=\"https:\/\/web.facebook.com\/najnaj.eu\/\" \/>\n<meta property=\"og:image\" content=\"https:\/\/najnaj.eu\/wp-content\/uploads\/2025\/07\/KID_F24_13120307007_P_3.jpg\" \/>\n\t<meta property=\"og:image:width\" content=\"2000\" \/>\n\t<meta property=\"og:image:height\" content=\"2000\" \/>\n\t<meta property=\"og:image:type\" content=\"image\/jpeg\" \/>\n<meta name=\"twitter:card\" content=\"summary_large_image\" \/>\n<meta name=\"twitter:label1\" content=\"Price\" \/>\n\t<meta name=\"twitter:data1\" content=\"19,95&nbsp;&euro;\" \/>\n\t<meta name=\"twitter:label2\" content=\"Availability\" \/>\n\t<meta name=\"twitter:data2\" content=\"In stock\" \/>\n<script type=\"application\/ld+json\" class=\"yoast-schema-graph\">{\"@context\":\"https:\\\/\\\/schema.org\",\"@graph\":[{\"@type\":\"WebPage\",\"@id\":\"https:\\\/\\\/najnaj.eu\\\/sl\\\/izdelek\\\/lassig-tetra-plenice-m-happy-fruits-pear-3-kom-60-x-60-cm\\\/\",\"url\":\"https:\\\/\\\/najnaj.eu\\\/sl\\\/izdelek\\\/lassig-tetra-plenice-m-happy-fruits-pear-3-kom-60-x-60-cm\\\/\",\"name\":\"L\u00e4ssig Tetra plenice M Happy Fruits Pear 3 kom, 60 x 60 cm - NajNaj.eu\",\"isPartOf\":{\"@id\":\"https:\\\/\\\/najnaj.eu\\\/sl\\\/#website\"},\"primaryImageOfPage\":{\"@id\":\"https:\\\/\\\/najnaj.eu\\\/sl\\\/izdelek\\\/lassig-tetra-plenice-m-happy-fruits-pear-3-kom-60-x-60-cm\\\/#primaryimage\"},\"image\":{\"@id\":\"https:\\\/\\\/najnaj.eu\\\/sl\\\/izdelek\\\/lassig-tetra-plenice-m-happy-fruits-pear-3-kom-60-x-60-cm\\\/#primaryimage\"},\"thumbnailUrl\":\"https:\\\/\\\/najnaj.eu\\\/wp-content\\\/uploads\\\/2025\\\/07\\\/KID_F24_13120307007_P_3.jpg\",\"datePublished\":\"2025-07-03T11:15:17+00:00\",\"breadcrumb\":{\"@id\":\"https:\\\/\\\/najnaj.eu\\\/sl\\\/izdelek\\\/lassig-tetra-plenice-m-happy-fruits-pear-3-kom-60-x-60-cm\\\/#breadcrumb\"},\"inLanguage\":\"sl-SI\",\"potentialAction\":[{\"@type\":\"ReadAction\",\"target\":[\"https:\\\/\\\/najnaj.eu\\\/sl\\\/izdelek\\\/lassig-tetra-plenice-m-happy-fruits-pear-3-kom-60-x-60-cm\\\/\"]}]},{\"@type\":\"ImageObject\",\"inLanguage\":\"sl-SI\",\"@id\":\"https:\\\/\\\/najnaj.eu\\\/sl\\\/izdelek\\\/lassig-tetra-plenice-m-happy-fruits-pear-3-kom-60-x-60-cm\\\/#primaryimage\",\"url\":\"https:\\\/\\\/najnaj.eu\\\/wp-content\\\/uploads\\\/2025\\\/07\\\/KID_F24_13120307007_P_3.jpg\",\"contentUrl\":\"https:\\\/\\\/najnaj.eu\\\/wp-content\\\/uploads\\\/2025\\\/07\\\/KID_F24_13120307007_P_3.jpg\",\"width\":2000,\"height\":2000},{\"@type\":\"BreadcrumbList\",\"@id\":\"https:\\\/\\\/najnaj.eu\\\/sl\\\/izdelek\\\/lassig-tetra-plenice-m-happy-fruits-pear-3-kom-60-x-60-cm\\\/#breadcrumb\",\"itemListElement\":[{\"@type\":\"ListItem\",\"position\":1,\"name\":\"Po\u010detna stranica\",\"item\":\"https:\\\/\\\/najnaj.eu\\\/sl\\\/prednja-stran\\\/\"},{\"@type\":\"ListItem\",\"position\":2,\"name\":\"Shop\",\"item\":\"https:\\\/\\\/najnaj.eu\\\/sl\\\/shop\\\/\"},{\"@type\":\"ListItem\",\"position\":3,\"name\":\"Privatno: L\u00e4ssig Tetra plenice M Happy Fruits Pear 3 kom, 60 x 60 cm\"}]},{\"@type\":\"WebSite\",\"@id\":\"https:\\\/\\\/najnaj.eu\\\/sl\\\/#website\",\"url\":\"https:\\\/\\\/najnaj.eu\\\/sl\\\/\",\"name\":\"NajNaj.eu\",\"description\":\"Za najva\u017enije!\",\"publisher\":{\"@id\":\"https:\\\/\\\/najnaj.eu\\\/sl\\\/#organization\"},\"potentialAction\":[{\"@type\":\"SearchAction\",\"target\":{\"@type\":\"EntryPoint\",\"urlTemplate\":\"https:\\\/\\\/najnaj.eu\\\/sl\\\/?s={search_term_string}\"},\"query-input\":{\"@type\":\"PropertyValueSpecification\",\"valueRequired\":true,\"valueName\":\"search_term_string\"}}],\"inLanguage\":\"sl-SI\"},{\"@type\":\"Organization\",\"@id\":\"https:\\\/\\\/najnaj.eu\\\/sl\\\/#organization\",\"name\":\"NajNaj.eu\",\"url\":\"https:\\\/\\\/najnaj.eu\\\/sl\\\/\",\"logo\":{\"@type\":\"ImageObject\",\"inLanguage\":\"sl-SI\",\"@id\":\"https:\\\/\\\/najnaj.eu\\\/sl\\\/#\\\/schema\\\/logo\\\/image\\\/\",\"url\":\"https:\\\/\\\/najnaj.eu\\\/wp-content\\\/uploads\\\/2023\\\/09\\\/logo_Najnaj_2023.svg\",\"contentUrl\":\"https:\\\/\\\/najnaj.eu\\\/wp-content\\\/uploads\\\/2023\\\/09\\\/logo_Najnaj_2023.svg\",\"width\":501,\"height\":278,\"caption\":\"NajNaj.eu\"},\"image\":{\"@id\":\"https:\\\/\\\/najnaj.eu\\\/sl\\\/#\\\/schema\\\/logo\\\/image\\\/\"},\"sameAs\":[\"https:\\\/\\\/web.facebook.com\\\/najnaj.eu\\\/\",\"https:\\\/\\\/www.instagram.com\\\/najnaj.eu\\\/\",\"https:\\\/\\\/www.tiktok.com\\\/@najnaj.eu\"]}]}<\/script>\n<meta property=\"product:brand\" content=\"L\u00e4ssig\" \/>\n<meta property=\"product:price:amount\" content=\"19.95\" \/>\n<meta property=\"product:price:currency\" content=\"EUR\" \/>\n<meta property=\"og:availability\" content=\"instock\" \/>\n<meta property=\"product:availability\" content=\"instock\" \/>\n<meta property=\"product:retailer_item_id\" content=\"13120307007\" \/>\n<meta property=\"product:condition\" content=\"new\" \/>\n<!-- \/ Yoast SEO Premium plugin. -->","yoast_head_json":{"title":"L\u00e4ssig Tetra plenice M Happy Fruits Pear 3 kom, 60 x 60 cm - NajNaj.eu","robots":{"index":"index","follow":"follow","max-snippet":"max-snippet:-1","max-image-preview":"max-image-preview:large","max-video-preview":"max-video-preview:-1"},"canonical":"https:\/\/najnaj.eu\/sl\/izdelek\/lassig-tetra-plenice-m-happy-fruits-pear-3-kom-60-x-60-cm\/","og_locale":"sl_SI","og_type":"article","og_title":"L\u00e4ssig Tetra plenice M Happy Fruits Pear 3 kom, 60 x 60 cm","og_description":"Ve\u010dnamenske plenice iz muslina L\u00c4SSIG v velikosti M so idealne kot odejice za riganje ali udobne odejice. Izdelane so iz zra\u010dnega organskega bomba\u017ea, zato so \u0161e posebej ne\u017ene do ob\u010dutljive dojen\u010dkove ko\u017ee in enostavne za nego.","og_url":"https:\/\/najnaj.eu\/sl\/izdelek\/lassig-tetra-plenice-m-happy-fruits-pear-3-kom-60-x-60-cm\/","og_site_name":"NajNaj.eu","article_publisher":"https:\/\/web.facebook.com\/najnaj.eu\/","og_image":[{"width":2000,"height":2000,"url":"https:\/\/najnaj.eu\/wp-content\/uploads\/2025\/07\/KID_F24_13120307007_P_3.jpg","type":"image\/jpeg"}],"twitter_card":"summary_large_image","twitter_misc":{"Price":"19,95&nbsp;&euro;","Availability":"In stock"},"schema":{"@context":"https:\/\/schema.org","@graph":[{"@type":"WebPage","@id":"https:\/\/najnaj.eu\/sl\/izdelek\/lassig-tetra-plenice-m-happy-fruits-pear-3-kom-60-x-60-cm\/","url":"https:\/\/najnaj.eu\/sl\/izdelek\/lassig-tetra-plenice-m-happy-fruits-pear-3-kom-60-x-60-cm\/","name":"L\u00e4ssig Tetra plenice M Happy Fruits Pear 3 kom, 60 x 60 cm - NajNaj.eu","isPartOf":{"@id":"https:\/\/najnaj.eu\/sl\/#website"},"primaryImageOfPage":{"@id":"https:\/\/najnaj.eu\/sl\/izdelek\/lassig-tetra-plenice-m-happy-fruits-pear-3-kom-60-x-60-cm\/#primaryimage"},"image":{"@id":"https:\/\/najnaj.eu\/sl\/izdelek\/lassig-tetra-plenice-m-happy-fruits-pear-3-kom-60-x-60-cm\/#primaryimage"},"thumbnailUrl":"https:\/\/najnaj.eu\/wp-content\/uploads\/2025\/07\/KID_F24_13120307007_P_3.jpg","datePublished":"2025-07-03T11:15:17+00:00","breadcrumb":{"@id":"https:\/\/najnaj.eu\/sl\/izdelek\/lassig-tetra-plenice-m-happy-fruits-pear-3-kom-60-x-60-cm\/#breadcrumb"},"inLanguage":"sl-SI","potentialAction":[{"@type":"ReadAction","target":["https:\/\/najnaj.eu\/sl\/izdelek\/lassig-tetra-plenice-m-happy-fruits-pear-3-kom-60-x-60-cm\/"]}]},{"@type":"ImageObject","inLanguage":"sl-SI","@id":"https:\/\/najnaj.eu\/sl\/izdelek\/lassig-tetra-plenice-m-happy-fruits-pear-3-kom-60-x-60-cm\/#primaryimage","url":"https:\/\/najnaj.eu\/wp-content\/uploads\/2025\/07\/KID_F24_13120307007_P_3.jpg","contentUrl":"https:\/\/najnaj.eu\/wp-content\/uploads\/2025\/07\/KID_F24_13120307007_P_3.jpg","width":2000,"height":2000},{"@type":"BreadcrumbList","@id":"https:\/\/najnaj.eu\/sl\/izdelek\/lassig-tetra-plenice-m-happy-fruits-pear-3-kom-60-x-60-cm\/#breadcrumb","itemListElement":[{"@type":"ListItem","position":1,"name":"Po\u010detna stranica","item":"https:\/\/najnaj.eu\/sl\/prednja-stran\/"},{"@type":"ListItem","position":2,"name":"Shop","item":"https:\/\/najnaj.eu\/sl\/shop\/"},{"@type":"ListItem","position":3,"name":"Privatno: L\u00e4ssig Tetra plenice M Happy Fruits Pear 3 kom, 60 x 60 cm"}]},{"@type":"WebSite","@id":"https:\/\/najnaj.eu\/sl\/#website","url":"https:\/\/najnaj.eu\/sl\/","name":"NajNaj.eu","description":"Za najva\u017enije!","publisher":{"@id":"https:\/\/najnaj.eu\/sl\/#organization"},"potentialAction":[{"@type":"SearchAction","target":{"@type":"EntryPoint","urlTemplate":"https:\/\/najnaj.eu\/sl\/?s={search_term_string}"},"query-input":{"@type":"PropertyValueSpecification","valueRequired":true,"valueName":"search_term_string"}}],"inLanguage":"sl-SI"},{"@type":"Organization","@id":"https:\/\/najnaj.eu\/sl\/#organization","name":"NajNaj.eu","url":"https:\/\/najnaj.eu\/sl\/","logo":{"@type":"ImageObject","inLanguage":"sl-SI","@id":"https:\/\/najnaj.eu\/sl\/#\/schema\/logo\/image\/","url":"https:\/\/najnaj.eu\/wp-content\/uploads\/2023\/09\/logo_Najnaj_2023.svg","contentUrl":"https:\/\/najnaj.eu\/wp-content\/uploads\/2023\/09\/logo_Najnaj_2023.svg","width":501,"height":278,"caption":"NajNaj.eu"},"image":{"@id":"https:\/\/najnaj.eu\/sl\/#\/schema\/logo\/image\/"},"sameAs":["https:\/\/web.facebook.com\/najnaj.eu\/","https:\/\/www.instagram.com\/najnaj.eu\/","https:\/\/www.tiktok.com\/@najnaj.eu"]}]},"product_brand":"L\u00e4ssig","product_price_amount":"19.95","product_price_currency":"EUR","og_availability":"instock","product_availability":"instock","product_retailer_item_id":"13120307007","product_condition":"new"},"_links":{"self":[{"href":"https:\/\/najnaj.eu\/sl\/wp-json\/wp\/v2\/product\/258988","targetHints":{"allow":["GET"]}}],"collection":[{"href":"https:\/\/najnaj.eu\/sl\/wp-json\/wp\/v2\/product"}],"about":[{"href":"https:\/\/najnaj.eu\/sl\/wp-json\/wp\/v2\/types\/product"}],"replies":[{"embeddable":true,"href":"https:\/\/najnaj.eu\/sl\/wp-json\/wp\/v2\/comments?post=258988"}],"version-history":[{"count":0,"href":"https:\/\/najnaj.eu\/sl\/wp-json\/wp\/v2\/product\/258988\/revisions"}],"wp:featuredmedia":[{"embeddable":true,"href":"https:\/\/najnaj.eu\/sl\/wp-json\/wp\/v2\/media\/258756"}],"wp:attachment":[{"href":"https:\/\/najnaj.eu\/sl\/wp-json\/wp\/v2\/media?parent=258988"}],"wp:term":[{"taxonomy":"product_brand","embeddable":true,"href":"https:\/\/najnaj.eu\/sl\/wp-json\/wp\/v2\/product_brand?post=258988"},{"taxonomy":"product_cat","embeddable":true,"href":"https:\/\/najnaj.eu\/sl\/wp-json\/wp\/v2\/product_cat?post=258988"},{"taxonomy":"product_tag","embeddable":true,"href":"https:\/\/najnaj.eu\/sl\/wp-json\/wp\/v2\/product_tag?post=258988"}],"curies":[{"name":"wp","href":"https:\/\/api.w.org\/{rel}","templated":true}]}}