{"id":258986,"date":"2025-07-03T13:00:33","date_gmt":"2025-07-03T11:00:33","guid":{"rendered":"https:\/\/najnaj.eu\/proizvod\/nahrbtnik-lassig-gre-rolltop-up-taupe\/"},"modified":"2025-07-03T13:00:33","modified_gmt":"2025-07-03T11:00:33","slug":"nahrbtnik-lassig-gre-rolltop-up-taupe","status":"publish","type":"product","link":"https:\/\/najnaj.eu\/sl\/izdelek\/nahrbtnik-lassig-gre-rolltop-up-taupe\/","title":{"rendered":"Nahrbtnik L\u00e4ssig GRE Rolltop Up, taupe"},"content":{"rendered":"<p>Precej prilagodljiv: nahrbtnik Rolltop Up v omejeni izdaji iz kolekcije L\u00c4SSIG Green Label navdu\u0161uje s svojo prakti\u010dno obliko in prostorno notranjostjo. Vendar ni le neverjetno prostoren, ampak tudi zelo poseben \u2013 nahrbtnik Rolltop Up je na voljo v omejeni izdaji! <\/p>\n<p>Ta veganski nahrbtnik za plenice je izjemno vsestranski zaradi zvitega odpiranja. Ko nahrbtnik napolnite in se spomnite, da potrebujete \u0161e kaj drugega, preprosto odvijte zgornji del in pridobite dodaten prostor, \u0161e posebej za dalj\u0161e predmete \u2013 brez te\u017eav! Prostornino nahrbtnika lahko pove\u010date z 18 na 20 litrov tako, da preprosto zvijete zgornji del. Ko je zvit, ga lahko zaprete s preprostim je\u017ekom.   <\/p>\n<p>Prakti\u010dna zadrga na hrbtni strani omogo\u010da enostaven dostop do notranjosti. Sprednji vodoodporni predal, \u017eep z zadrgo in prakti\u010dni dodatki ga naredijo idealnega pomo\u010dnika za star\u0161e. <\/p>\n<p>Opremljen z vodoodbojno previjalno podlogo, izoliranim dr\u017ealom za stekleni\u010dke, dr\u017ealom za kozarec, nastavki za vozi\u010dek in majhno torbico za manj\u0161e predmete \u2013 imate vse, kar potrebujete za na pot. \u0160tevilni razli\u010dni prakti\u010dni predali, dostopni od znotraj in od zunaj, vam pomagajo organizirati stvari tako, kot \u017eelite. <\/p>\n<p>\u0160e ena prednost: zunanji material nahrbtnika Rolltop Up je izdelan iz 100 % recikliranega poliestra. Koli\u010dina recikliranega materiala je enakovredna 20 plastenkam PET. Izra\u010dun temelji na povpre\u010dni te\u017ei 17,2 g na plastenko PET.  <\/p>\n","protected":false},"excerpt":{"rendered":"<p>Nahrbtnik Rolltop Up iz kolekcije L\u00c4SSIG Green Label ponuja veliko prilagodljivosti. Ta nahrbtnik je na voljo v omejeni izdaji. Zahvaljujo\u010d posebnemu na\u010dinu odpiranja nahrbtnika z zvitim vrhom lahko enostavno pove\u010date njegovo prostornino. Prakti\u010dni dodatki za previjanje in zunanji material iz 100 % recikliranega poliestra ga naredijo popolnega za dru\u017einske izlete.   <\/p>\n","protected":false},"featured_media":258620,"comment_status":"closed","ping_status":"closed","template":"","meta":{"_acf_changed":false,"footnotes":""},"product_brand":[],"product_cat":[1152,1406,1409],"product_tag":[],"class_list":{"0":"post-258986","1":"product","2":"type-product","3":"status-publish","4":"has-post-thumbnail","6":"product_cat-dodaci-za-kolica-sl","7":"product_cat-moda-sl","8":"product_cat-torbe-nahrbtniki-za-vozicke","9":"pa_boja-siva-sl","10":"pa_brand-lassig-sl","12":"first","13":"instock","14":"shipping-taxable","15":"purchasable","16":"product-type-simple"},"bundled_by":[],"bundle_stock_status":"instock","bundle_stock_quantity":6,"bundle_virtual":false,"bundle_layout":"","bundle_add_to_cart_form_location":"","bundle_editable_in_cart":false,"bundle_sold_individually_context":"","bundle_item_grouping":"","bundle_min_size":"","bundle_max_size":"","bundle_price":[],"bundled_items":[],"bundle_sell_ids":[],"acf":[],"yoast_head":"<!-- This site is optimized with the Yoast SEO Premium plugin v21.5 (Yoast SEO v27.4) - https:\/\/yoast.com\/product\/yoast-seo-premium-wordpress\/ -->\n<title>Nahrbtnik L\u00e4ssig GRE Rolltop Up, taupe - NajNaj.eu<\/title>\n<meta name=\"robots\" content=\"index, follow, max-snippet:-1, max-image-preview:large, max-video-preview:-1\" \/>\n<link rel=\"canonical\" href=\"https:\/\/najnaj.eu\/sl\/izdelek\/nahrbtnik-lassig-gre-rolltop-up-taupe\/\" \/>\n<meta property=\"og:locale\" content=\"sl_SI\" \/>\n<meta property=\"og:type\" content=\"article\" \/>\n<meta property=\"og:title\" content=\"Nahrbtnik L\u00e4ssig GRE Rolltop Up, taupe\" \/>\n<meta property=\"og:description\" content=\"Nahrbtnik Rolltop Up iz kolekcije L\u00c4SSIG Green Label ponuja veliko prilagodljivosti. Ta nahrbtnik je na voljo v omejeni izdaji. Zahvaljujo\u010d posebnemu na\u010dinu odpiranja nahrbtnika z zvitim vrhom lahko enostavno pove\u010date njegovo prostornino. Prakti\u010dni dodatki za previjanje in zunanji material iz 100 % recikliranega poliestra ga naredijo popolnega za dru\u017einske izlete.\" \/>\n<meta property=\"og:url\" content=\"https:\/\/najnaj.eu\/sl\/izdelek\/nahrbtnik-lassig-gre-rolltop-up-taupe\/\" \/>\n<meta property=\"og:site_name\" content=\"NajNaj.eu\" \/>\n<meta property=\"article:publisher\" content=\"https:\/\/web.facebook.com\/najnaj.eu\/\" \/>\n<meta property=\"og:image\" content=\"https:\/\/najnaj.eu\/wp-content\/uploads\/2025\/07\/GRE_F22_1103038237_P_1.jpg\" \/>\n\t<meta property=\"og:image:width\" content=\"2000\" \/>\n\t<meta property=\"og:image:height\" content=\"2000\" \/>\n\t<meta property=\"og:image:type\" content=\"image\/jpeg\" \/>\n<meta name=\"twitter:card\" content=\"summary_large_image\" \/>\n<meta name=\"twitter:label1\" content=\"Price\" \/>\n\t<meta name=\"twitter:data1\" content=\"129,95&nbsp;&euro;\" \/>\n\t<meta name=\"twitter:label2\" content=\"Availability\" \/>\n\t<meta name=\"twitter:data2\" content=\"In stock\" \/>\n<script type=\"application\/ld+json\" class=\"yoast-schema-graph\">{\"@context\":\"https:\\\/\\\/schema.org\",\"@graph\":[{\"@type\":\"WebPage\",\"@id\":\"https:\\\/\\\/najnaj.eu\\\/sl\\\/izdelek\\\/nahrbtnik-lassig-gre-rolltop-up-taupe\\\/\",\"url\":\"https:\\\/\\\/najnaj.eu\\\/sl\\\/izdelek\\\/nahrbtnik-lassig-gre-rolltop-up-taupe\\\/\",\"name\":\"Nahrbtnik L\u00e4ssig GRE Rolltop Up, taupe - NajNaj.eu\",\"isPartOf\":{\"@id\":\"https:\\\/\\\/najnaj.eu\\\/sl\\\/#website\"},\"primaryImageOfPage\":{\"@id\":\"https:\\\/\\\/najnaj.eu\\\/sl\\\/izdelek\\\/nahrbtnik-lassig-gre-rolltop-up-taupe\\\/#primaryimage\"},\"image\":{\"@id\":\"https:\\\/\\\/najnaj.eu\\\/sl\\\/izdelek\\\/nahrbtnik-lassig-gre-rolltop-up-taupe\\\/#primaryimage\"},\"thumbnailUrl\":\"https:\\\/\\\/najnaj.eu\\\/wp-content\\\/uploads\\\/2025\\\/07\\\/GRE_F22_1103038237_P_1.jpg\",\"datePublished\":\"2025-07-03T11:00:33+00:00\",\"breadcrumb\":{\"@id\":\"https:\\\/\\\/najnaj.eu\\\/sl\\\/izdelek\\\/nahrbtnik-lassig-gre-rolltop-up-taupe\\\/#breadcrumb\"},\"inLanguage\":\"sl-SI\",\"potentialAction\":[{\"@type\":\"ReadAction\",\"target\":[\"https:\\\/\\\/najnaj.eu\\\/sl\\\/izdelek\\\/nahrbtnik-lassig-gre-rolltop-up-taupe\\\/\"]}]},{\"@type\":\"ImageObject\",\"inLanguage\":\"sl-SI\",\"@id\":\"https:\\\/\\\/najnaj.eu\\\/sl\\\/izdelek\\\/nahrbtnik-lassig-gre-rolltop-up-taupe\\\/#primaryimage\",\"url\":\"https:\\\/\\\/najnaj.eu\\\/wp-content\\\/uploads\\\/2025\\\/07\\\/GRE_F22_1103038237_P_1.jpg\",\"contentUrl\":\"https:\\\/\\\/najnaj.eu\\\/wp-content\\\/uploads\\\/2025\\\/07\\\/GRE_F22_1103038237_P_1.jpg\",\"width\":2000,\"height\":2000},{\"@type\":\"BreadcrumbList\",\"@id\":\"https:\\\/\\\/najnaj.eu\\\/sl\\\/izdelek\\\/nahrbtnik-lassig-gre-rolltop-up-taupe\\\/#breadcrumb\",\"itemListElement\":[{\"@type\":\"ListItem\",\"position\":1,\"name\":\"Po\u010detna stranica\",\"item\":\"https:\\\/\\\/najnaj.eu\\\/sl\\\/prednja-stran\\\/\"},{\"@type\":\"ListItem\",\"position\":2,\"name\":\"Shop\",\"item\":\"https:\\\/\\\/najnaj.eu\\\/sl\\\/shop\\\/\"},{\"@type\":\"ListItem\",\"position\":3,\"name\":\"Privatno: Nahrbtnik L\u00e4ssig GRE Rolltop Up, taupe\"}]},{\"@type\":\"WebSite\",\"@id\":\"https:\\\/\\\/najnaj.eu\\\/sl\\\/#website\",\"url\":\"https:\\\/\\\/najnaj.eu\\\/sl\\\/\",\"name\":\"NajNaj.eu\",\"description\":\"Za najva\u017enije!\",\"publisher\":{\"@id\":\"https:\\\/\\\/najnaj.eu\\\/sl\\\/#organization\"},\"potentialAction\":[{\"@type\":\"SearchAction\",\"target\":{\"@type\":\"EntryPoint\",\"urlTemplate\":\"https:\\\/\\\/najnaj.eu\\\/sl\\\/?s={search_term_string}\"},\"query-input\":{\"@type\":\"PropertyValueSpecification\",\"valueRequired\":true,\"valueName\":\"search_term_string\"}}],\"inLanguage\":\"sl-SI\"},{\"@type\":\"Organization\",\"@id\":\"https:\\\/\\\/najnaj.eu\\\/sl\\\/#organization\",\"name\":\"NajNaj.eu\",\"url\":\"https:\\\/\\\/najnaj.eu\\\/sl\\\/\",\"logo\":{\"@type\":\"ImageObject\",\"inLanguage\":\"sl-SI\",\"@id\":\"https:\\\/\\\/najnaj.eu\\\/sl\\\/#\\\/schema\\\/logo\\\/image\\\/\",\"url\":\"https:\\\/\\\/najnaj.eu\\\/wp-content\\\/uploads\\\/2023\\\/09\\\/logo_Najnaj_2023.svg\",\"contentUrl\":\"https:\\\/\\\/najnaj.eu\\\/wp-content\\\/uploads\\\/2023\\\/09\\\/logo_Najnaj_2023.svg\",\"width\":501,\"height\":278,\"caption\":\"NajNaj.eu\"},\"image\":{\"@id\":\"https:\\\/\\\/najnaj.eu\\\/sl\\\/#\\\/schema\\\/logo\\\/image\\\/\"},\"sameAs\":[\"https:\\\/\\\/web.facebook.com\\\/najnaj.eu\\\/\",\"https:\\\/\\\/www.instagram.com\\\/najnaj.eu\\\/\",\"https:\\\/\\\/www.tiktok.com\\\/@najnaj.eu\"]}]}<\/script>\n<meta property=\"product:brand\" content=\"L\u00e4ssig\" \/>\n<meta property=\"product:price:amount\" content=\"129.95\" \/>\n<meta property=\"product:price:currency\" content=\"EUR\" \/>\n<meta property=\"og:availability\" content=\"instock\" \/>\n<meta property=\"product:availability\" content=\"instock\" \/>\n<meta property=\"product:retailer_item_id\" content=\"1103038237\" \/>\n<meta property=\"product:condition\" content=\"new\" \/>\n<!-- \/ Yoast SEO Premium plugin. -->","yoast_head_json":{"title":"Nahrbtnik L\u00e4ssig GRE Rolltop Up, taupe - NajNaj.eu","robots":{"index":"index","follow":"follow","max-snippet":"max-snippet:-1","max-image-preview":"max-image-preview:large","max-video-preview":"max-video-preview:-1"},"canonical":"https:\/\/najnaj.eu\/sl\/izdelek\/nahrbtnik-lassig-gre-rolltop-up-taupe\/","og_locale":"sl_SI","og_type":"article","og_title":"Nahrbtnik L\u00e4ssig GRE Rolltop Up, taupe","og_description":"Nahrbtnik Rolltop Up iz kolekcije L\u00c4SSIG Green Label ponuja veliko prilagodljivosti. Ta nahrbtnik je na voljo v omejeni izdaji. Zahvaljujo\u010d posebnemu na\u010dinu odpiranja nahrbtnika z zvitim vrhom lahko enostavno pove\u010date njegovo prostornino. Prakti\u010dni dodatki za previjanje in zunanji material iz 100 % recikliranega poliestra ga naredijo popolnega za dru\u017einske izlete.","og_url":"https:\/\/najnaj.eu\/sl\/izdelek\/nahrbtnik-lassig-gre-rolltop-up-taupe\/","og_site_name":"NajNaj.eu","article_publisher":"https:\/\/web.facebook.com\/najnaj.eu\/","og_image":[{"width":2000,"height":2000,"url":"https:\/\/najnaj.eu\/wp-content\/uploads\/2025\/07\/GRE_F22_1103038237_P_1.jpg","type":"image\/jpeg"}],"twitter_card":"summary_large_image","twitter_misc":{"Price":"129,95&nbsp;&euro;","Availability":"In stock"},"schema":{"@context":"https:\/\/schema.org","@graph":[{"@type":"WebPage","@id":"https:\/\/najnaj.eu\/sl\/izdelek\/nahrbtnik-lassig-gre-rolltop-up-taupe\/","url":"https:\/\/najnaj.eu\/sl\/izdelek\/nahrbtnik-lassig-gre-rolltop-up-taupe\/","name":"Nahrbtnik L\u00e4ssig GRE Rolltop Up, taupe - NajNaj.eu","isPartOf":{"@id":"https:\/\/najnaj.eu\/sl\/#website"},"primaryImageOfPage":{"@id":"https:\/\/najnaj.eu\/sl\/izdelek\/nahrbtnik-lassig-gre-rolltop-up-taupe\/#primaryimage"},"image":{"@id":"https:\/\/najnaj.eu\/sl\/izdelek\/nahrbtnik-lassig-gre-rolltop-up-taupe\/#primaryimage"},"thumbnailUrl":"https:\/\/najnaj.eu\/wp-content\/uploads\/2025\/07\/GRE_F22_1103038237_P_1.jpg","datePublished":"2025-07-03T11:00:33+00:00","breadcrumb":{"@id":"https:\/\/najnaj.eu\/sl\/izdelek\/nahrbtnik-lassig-gre-rolltop-up-taupe\/#breadcrumb"},"inLanguage":"sl-SI","potentialAction":[{"@type":"ReadAction","target":["https:\/\/najnaj.eu\/sl\/izdelek\/nahrbtnik-lassig-gre-rolltop-up-taupe\/"]}]},{"@type":"ImageObject","inLanguage":"sl-SI","@id":"https:\/\/najnaj.eu\/sl\/izdelek\/nahrbtnik-lassig-gre-rolltop-up-taupe\/#primaryimage","url":"https:\/\/najnaj.eu\/wp-content\/uploads\/2025\/07\/GRE_F22_1103038237_P_1.jpg","contentUrl":"https:\/\/najnaj.eu\/wp-content\/uploads\/2025\/07\/GRE_F22_1103038237_P_1.jpg","width":2000,"height":2000},{"@type":"BreadcrumbList","@id":"https:\/\/najnaj.eu\/sl\/izdelek\/nahrbtnik-lassig-gre-rolltop-up-taupe\/#breadcrumb","itemListElement":[{"@type":"ListItem","position":1,"name":"Po\u010detna stranica","item":"https:\/\/najnaj.eu\/sl\/prednja-stran\/"},{"@type":"ListItem","position":2,"name":"Shop","item":"https:\/\/najnaj.eu\/sl\/shop\/"},{"@type":"ListItem","position":3,"name":"Privatno: Nahrbtnik L\u00e4ssig GRE Rolltop Up, taupe"}]},{"@type":"WebSite","@id":"https:\/\/najnaj.eu\/sl\/#website","url":"https:\/\/najnaj.eu\/sl\/","name":"NajNaj.eu","description":"Za najva\u017enije!","publisher":{"@id":"https:\/\/najnaj.eu\/sl\/#organization"},"potentialAction":[{"@type":"SearchAction","target":{"@type":"EntryPoint","urlTemplate":"https:\/\/najnaj.eu\/sl\/?s={search_term_string}"},"query-input":{"@type":"PropertyValueSpecification","valueRequired":true,"valueName":"search_term_string"}}],"inLanguage":"sl-SI"},{"@type":"Organization","@id":"https:\/\/najnaj.eu\/sl\/#organization","name":"NajNaj.eu","url":"https:\/\/najnaj.eu\/sl\/","logo":{"@type":"ImageObject","inLanguage":"sl-SI","@id":"https:\/\/najnaj.eu\/sl\/#\/schema\/logo\/image\/","url":"https:\/\/najnaj.eu\/wp-content\/uploads\/2023\/09\/logo_Najnaj_2023.svg","contentUrl":"https:\/\/najnaj.eu\/wp-content\/uploads\/2023\/09\/logo_Najnaj_2023.svg","width":501,"height":278,"caption":"NajNaj.eu"},"image":{"@id":"https:\/\/najnaj.eu\/sl\/#\/schema\/logo\/image\/"},"sameAs":["https:\/\/web.facebook.com\/najnaj.eu\/","https:\/\/www.instagram.com\/najnaj.eu\/","https:\/\/www.tiktok.com\/@najnaj.eu"]}]},"product_brand":"L\u00e4ssig","product_price_amount":"129.95","product_price_currency":"EUR","og_availability":"instock","product_availability":"instock","product_retailer_item_id":"1103038237","product_condition":"new"},"_links":{"self":[{"href":"https:\/\/najnaj.eu\/sl\/wp-json\/wp\/v2\/product\/258986","targetHints":{"allow":["GET"]}}],"collection":[{"href":"https:\/\/najnaj.eu\/sl\/wp-json\/wp\/v2\/product"}],"about":[{"href":"https:\/\/najnaj.eu\/sl\/wp-json\/wp\/v2\/types\/product"}],"replies":[{"embeddable":true,"href":"https:\/\/najnaj.eu\/sl\/wp-json\/wp\/v2\/comments?post=258986"}],"version-history":[{"count":0,"href":"https:\/\/najnaj.eu\/sl\/wp-json\/wp\/v2\/product\/258986\/revisions"}],"wp:featuredmedia":[{"embeddable":true,"href":"https:\/\/najnaj.eu\/sl\/wp-json\/wp\/v2\/media\/258620"}],"wp:attachment":[{"href":"https:\/\/najnaj.eu\/sl\/wp-json\/wp\/v2\/media?parent=258986"}],"wp:term":[{"taxonomy":"product_brand","embeddable":true,"href":"https:\/\/najnaj.eu\/sl\/wp-json\/wp\/v2\/product_brand?post=258986"},{"taxonomy":"product_cat","embeddable":true,"href":"https:\/\/najnaj.eu\/sl\/wp-json\/wp\/v2\/product_cat?post=258986"},{"taxonomy":"product_tag","embeddable":true,"href":"https:\/\/najnaj.eu\/sl\/wp-json\/wp\/v2\/product_tag?post=258986"}],"curies":[{"name":"wp","href":"https:\/\/api.w.org\/{rel}","templated":true}]}}