{"id":256907,"date":"2024-10-25T10:15:25","date_gmt":"2024-10-25T08:15:25","guid":{"rendered":"https:\/\/najnaj.eu\/proizvod\/nosilka-ergobaby-embrace-canyon-clay\/"},"modified":"2026-03-24T10:53:43","modified_gmt":"2026-03-24T09:53:43","slug":"nosilka-ergobaby-embrace-canyon-clay","status":"publish","type":"product","link":"https:\/\/najnaj.eu\/sl\/izdelek\/nosilka-ergobaby-embrace-canyon-clay\/","title":{"rendered":"Nosilka Ergobaby Embrace, Canyon Clay"},"content":{"rendered":"<p>Nosilka za dojen\u010dke Embrace je Ergobabyjev odgovor na povpra\u0161evanje star\u0161ev po vsem svetu, ki i\u0161\u010dejo mehko in udobno mo\u017enost za no\u0161enje svojega novorojen\u010dka, ki je preprostej\u0161a od povijanja.<br \/>\n Nosilec Embrace ponuja:<\/p>\n<p>\u2022 <strong>Ne\u017enost in mehkoba<\/strong> \u2013 mehka in udobna pletenina ne\u017eno objame otroka ob star\u0161e in mu nudi oporo<br \/>\n \u2022 <strong>Preprostost<\/strong> \u2013 brez zapletenih vozlov. Embrace ima pas za okoli pasu in naramnice, ki se preprosto zapnejo. Ko dojen\u010dek malo odraste, preprosto preklopite iz na\u010dina za novorojen\u010dka v na\u010din za mal\u010dka in ga \u0161e naprej nosite obrnjenega proti sebi. In ko je dojen\u010dek pripravljen in star\u0161i to \u017eelijo, je tudi obrnjen naprej preprosto in enostavno.<br \/>\n \u2022 <strong>Udobje<\/strong> \u2013 tako za dojen\u010dka kot za star\u0161e. Ergonomski in udoben nastavljiv sede\u017e se prilagaja rasti dojen\u010dka. Naramnice nosilke je mogo\u010de podalj\u0161ati za dodatno oporo dojen\u010dka in star\u0161ev.<br \/>\n \u2022 <strong>Kompaktnost<\/strong> \u2013 ko nosilke ne uporabljate, jo lahko zvijete in shranite. Zaradi majhnosti se prilega v torbo za plenice in je pri roki, kadar koli jo potrebujete.<br \/>\n \u2022 <strong>Dobra opora<\/strong> \u2013 raztegljivi naramni trakovi dr\u017eijo blago in tako podpirajo otrokov vrat, kar zagotavlja ne\u017eno in udobno oporo.<br \/>\n Oblazinjena opora za vrat nudi dodatno oporo glavici novorojen\u010dka.      <\/p>\n<p>Nosilka za dojen\u010dke Ergobaby Embrace se lahko uporablja za otroke od <strong>3,2 do 11,3 kg<\/strong> . Tkanina nosilke za dojen\u010dke Embrace ima certifikat Oeko-Tex Standard 100. Nosilka za dojen\u010dke Ergobaby Embrace ima desetletno <a href=\"https:\/\/ergobaby.hr\/jamstvo-ergopromise\/\"><strong>garancijo ErgoPromise.<\/strong><\/a>  <\/p>\n<p style=\"text-align: left;\"><strong><em>Nosilka za dojen\u010dke Embrace zdru\u017euje prijetno mehkobo elasti\u010dne povoja in preprostost ter udobje oblikovane nosilke.  <\/em><\/strong><\/p>\n<p style=\"text-align: left;\"><strong><em>Zasnovan za varnost in udobje dojen\u010dka \u017ee od samega za\u010detka.<\/em><\/strong><\/p>\n","protected":false},"excerpt":{"rendered":"<p>Na\u0161a mehka, ne\u017ena in izjemno udobna nosilka za novorojen\u010dke je najslaj\u0161i na\u010din za povezovanje. Brez zapletenega povijanja ali zavezovanja. Ergobaby Embrace vam in va\u0161emu dojen\u010dku omogo\u010da, da skupaj odkrijete nov ritem iz bli\u017eine.  <\/p>\n<table width=\"715\">\n<tbody>\n<tr>\n<td width=\"715\"><strong>Udobje za dojen\u010dka<\/strong> \u2013 mehka tkanina ne\u017eno objame otroka ob star\u0161e in mu nudi oporo<\/td>\n<\/tr>\n<\/tbody>\n<\/table>\n<table width=\"715\">\n<tbody>\n<tr>\n<td width=\"715\"><strong>Preprostost<\/strong> \u2013 enostavno pritrjevanje brez nerodnega ovijanja ali odve\u010dne tkanine<\/td>\n<\/tr>\n<tr>\n<td width=\"715\"><strong>Udobje za star\u0161e<\/strong> \u2013 podporni pas in raztegljivi pre\u010dni trakovi<\/td>\n<\/tr>\n<tr>\n<td><strong>Kompaktnost<\/strong> \u2013 enostavno se zlo\u017ei in spravi v torbo za plenice<\/td>\n<\/tr>\n<\/tbody>\n<\/table>\n<p><span style=\"font-size: 100%;\">Tkanina s certifikatom Oeko-Tex Standard 100<\/span><\/p>\n<p><span style=\"font-size: 100%;\">Od 3,2 kg do 11,3 kg<\/span><\/p>\n<p><span style=\"font-size: 100%;\">Trije na\u010dini no\u0161enja:<\/span><\/p>\n<ol>\n<li><span style=\"font-size: 100%;\">Novorojen\u010dek (pod 58,4 cm)<\/span><\/li>\n<li><span style=\"font-size: 100%;\">Dojen\u010dek, po mnenju star\u0161ev (nad 58,4 cm)<\/span><\/li>\n<li><span style=\"font-size: 100%;\">Dojen\u010dek, obrnjen naprej (nad 66 cm)<\/span><\/li>\n<\/ol>\n","protected":false},"featured_media":251109,"comment_status":"open","ping_status":"closed","template":"","meta":{"_acf_changed":false,"footnotes":""},"product_brand":[],"product_cat":[734,544,737],"product_tag":[],"class_list":{"0":"post-256907","1":"product","2":"type-product","3":"status-publish","4":"has-post-thumbnail","6":"product_cat-3-polozaja-nosenja","7":"product_cat-nosiljke","8":"product_cat-za-prvih-godinu-dana","9":"pa_boja-narancasta","10":"pa_brand-ergobaby","12":"first","13":"outofstock","14":"purchasable","15":"product-type-simple"},"bundled_by":[],"bundle_stock_status":"outofstock","bundle_stock_quantity":0,"bundle_virtual":false,"bundle_layout":"","bundle_add_to_cart_form_location":"","bundle_editable_in_cart":false,"bundle_sold_individually_context":"","bundle_item_grouping":"","bundle_min_size":"","bundle_max_size":"","bundle_price":[],"bundled_items":[],"bundle_sell_ids":[],"acf":[],"yoast_head":"<!-- This site is optimized with the Yoast SEO Premium plugin v21.5 (Yoast SEO v27.3) - https:\/\/yoast.com\/product\/yoast-seo-premium-wordpress\/ -->\n<title>Nosilka Ergobaby Embrace, Canyon Clay - NajNaj.eu<\/title>\n<meta name=\"robots\" content=\"index, follow, max-snippet:-1, max-image-preview:large, max-video-preview:-1\" \/>\n<link rel=\"canonical\" href=\"https:\/\/najnaj.eu\/sl\/izdelek\/nosilka-ergobaby-embrace-canyon-clay\/\" \/>\n<meta property=\"og:locale\" content=\"sl_SI\" \/>\n<meta property=\"og:type\" content=\"article\" \/>\n<meta property=\"og:title\" content=\"Nosilka Ergobaby Embrace, Canyon Clay\" \/>\n<meta property=\"og:description\" content=\"Na\u0161a mehka, ne\u017ena in izjemno udobna nosilka za novorojen\u010dke je najslaj\u0161i na\u010din za povezovanje. Brez zapletenega povijanja ali zavezovanja. Ergobaby Embrace vam in va\u0161emu dojen\u010dku omogo\u010da, da skupaj odkrijete nov ritem iz bli\u017eine.   Udobje za dojen\u010dka \u2013 mehka tkanina ne\u017eno objame otroka ob star\u0161e in mu nudi oporo    Preprostost \u2013 enostavno pritrjevanje brez nerodnega ovijanja ali odve\u010dne tkanine  Udobje za star\u0161e \u2013 podporni pas in raztegljivi pre\u010dni trakovi  Kompaktnost \u2013 enostavno se zlo\u017ei in spravi v torbo za plenice  Tkanina s certifikatom Oeko-Tex Standard 100 Od 3,2 kg do 11,3 kg Trije na\u010dini no\u0161enja:  Novorojen\u010dek (pod 58,4 cm)  Dojen\u010dek, po mnenju star\u0161ev (nad 58,4 cm)  Dojen\u010dek, obrnjen naprej (nad 66 cm)\" \/>\n<meta property=\"og:url\" content=\"https:\/\/najnaj.eu\/sl\/izdelek\/nosilka-ergobaby-embrace-canyon-clay\/\" \/>\n<meta property=\"og:site_name\" content=\"NajNaj.eu\" \/>\n<meta property=\"article:publisher\" content=\"https:\/\/web.facebook.com\/najnaj.eu\/\" \/>\n<meta property=\"article:modified_time\" content=\"2026-03-24T09:53:43+00:00\" \/>\n<meta property=\"og:image\" content=\"https:\/\/najnaj.eu\/wp-content\/uploads\/2025\/05\/ergobaby-embrace-baby-carrier-canyon-clay-studio-1000x1000-01.jpg\" \/>\n\t<meta property=\"og:image:width\" content=\"1000\" \/>\n\t<meta property=\"og:image:height\" content=\"1000\" \/>\n\t<meta property=\"og:image:type\" content=\"image\/jpeg\" \/>\n<meta name=\"twitter:card\" content=\"summary_large_image\" \/>\n<meta name=\"twitter:label1\" content=\"Price\" \/>\n\t<meta name=\"twitter:data1\" content=\"99,90&nbsp;&euro;\" \/>\n\t<meta name=\"twitter:label2\" content=\"Availability\" \/>\n\t<meta name=\"twitter:data2\" content=\"Out of stock\" \/>\n<script type=\"application\/ld+json\" class=\"yoast-schema-graph\">{\"@context\":\"https:\\\/\\\/schema.org\",\"@graph\":[{\"@type\":\"WebPage\",\"@id\":\"https:\\\/\\\/najnaj.eu\\\/sl\\\/izdelek\\\/nosilka-ergobaby-embrace-canyon-clay\\\/\",\"url\":\"https:\\\/\\\/najnaj.eu\\\/sl\\\/izdelek\\\/nosilka-ergobaby-embrace-canyon-clay\\\/\",\"name\":\"Nosilka Ergobaby Embrace, Canyon Clay - NajNaj.eu\",\"isPartOf\":{\"@id\":\"https:\\\/\\\/najnaj.eu\\\/sl\\\/#website\"},\"primaryImageOfPage\":{\"@id\":\"https:\\\/\\\/najnaj.eu\\\/sl\\\/izdelek\\\/nosilka-ergobaby-embrace-canyon-clay\\\/#primaryimage\"},\"image\":{\"@id\":\"https:\\\/\\\/najnaj.eu\\\/sl\\\/izdelek\\\/nosilka-ergobaby-embrace-canyon-clay\\\/#primaryimage\"},\"thumbnailUrl\":\"https:\\\/\\\/najnaj.eu\\\/wp-content\\\/uploads\\\/2025\\\/05\\\/ergobaby-embrace-baby-carrier-canyon-clay-studio-1000x1000-01.jpg\",\"datePublished\":\"2024-10-25T08:15:25+00:00\",\"dateModified\":\"2026-03-24T09:53:43+00:00\",\"breadcrumb\":{\"@id\":\"https:\\\/\\\/najnaj.eu\\\/sl\\\/izdelek\\\/nosilka-ergobaby-embrace-canyon-clay\\\/#breadcrumb\"},\"inLanguage\":\"sl-SI\",\"potentialAction\":[{\"@type\":\"ReadAction\",\"target\":[\"https:\\\/\\\/najnaj.eu\\\/sl\\\/izdelek\\\/nosilka-ergobaby-embrace-canyon-clay\\\/\"]}]},{\"@type\":\"ImageObject\",\"inLanguage\":\"sl-SI\",\"@id\":\"https:\\\/\\\/najnaj.eu\\\/sl\\\/izdelek\\\/nosilka-ergobaby-embrace-canyon-clay\\\/#primaryimage\",\"url\":\"https:\\\/\\\/najnaj.eu\\\/wp-content\\\/uploads\\\/2025\\\/05\\\/ergobaby-embrace-baby-carrier-canyon-clay-studio-1000x1000-01.jpg\",\"contentUrl\":\"https:\\\/\\\/najnaj.eu\\\/wp-content\\\/uploads\\\/2025\\\/05\\\/ergobaby-embrace-baby-carrier-canyon-clay-studio-1000x1000-01.jpg\",\"width\":1000,\"height\":1000,\"caption\":\"Embrace Knit - materiali iz kanjonske gline za Ergobaby.com\"},{\"@type\":\"BreadcrumbList\",\"@id\":\"https:\\\/\\\/najnaj.eu\\\/sl\\\/izdelek\\\/nosilka-ergobaby-embrace-canyon-clay\\\/#breadcrumb\",\"itemListElement\":[{\"@type\":\"ListItem\",\"position\":1,\"name\":\"Po\u010detna stranica\",\"item\":\"https:\\\/\\\/najnaj.eu\\\/sl\\\/prednja-stran\\\/\"},{\"@type\":\"ListItem\",\"position\":2,\"name\":\"Shop\",\"item\":\"https:\\\/\\\/najnaj.eu\\\/sl\\\/shop\\\/\"},{\"@type\":\"ListItem\",\"position\":3,\"name\":\"Nosilka Ergobaby Embrace, Canyon Clay\"}]},{\"@type\":\"WebSite\",\"@id\":\"https:\\\/\\\/najnaj.eu\\\/sl\\\/#website\",\"url\":\"https:\\\/\\\/najnaj.eu\\\/sl\\\/\",\"name\":\"NajNaj.eu\",\"description\":\"Za najva\u017enije!\",\"publisher\":{\"@id\":\"https:\\\/\\\/najnaj.eu\\\/sl\\\/#organization\"},\"potentialAction\":[{\"@type\":\"SearchAction\",\"target\":{\"@type\":\"EntryPoint\",\"urlTemplate\":\"https:\\\/\\\/najnaj.eu\\\/sl\\\/?s={search_term_string}\"},\"query-input\":{\"@type\":\"PropertyValueSpecification\",\"valueRequired\":true,\"valueName\":\"search_term_string\"}}],\"inLanguage\":\"sl-SI\"},{\"@type\":\"Organization\",\"@id\":\"https:\\\/\\\/najnaj.eu\\\/sl\\\/#organization\",\"name\":\"NajNaj.eu\",\"url\":\"https:\\\/\\\/najnaj.eu\\\/sl\\\/\",\"logo\":{\"@type\":\"ImageObject\",\"inLanguage\":\"sl-SI\",\"@id\":\"https:\\\/\\\/najnaj.eu\\\/sl\\\/#\\\/schema\\\/logo\\\/image\\\/\",\"url\":\"https:\\\/\\\/najnaj.eu\\\/wp-content\\\/uploads\\\/2023\\\/09\\\/logo_Najnaj_2023.svg\",\"contentUrl\":\"https:\\\/\\\/najnaj.eu\\\/wp-content\\\/uploads\\\/2023\\\/09\\\/logo_Najnaj_2023.svg\",\"width\":501,\"height\":278,\"caption\":\"NajNaj.eu\"},\"image\":{\"@id\":\"https:\\\/\\\/najnaj.eu\\\/sl\\\/#\\\/schema\\\/logo\\\/image\\\/\"},\"sameAs\":[\"https:\\\/\\\/web.facebook.com\\\/najnaj.eu\\\/\",\"https:\\\/\\\/www.instagram.com\\\/najnaj.eu\\\/\",\"https:\\\/\\\/www.tiktok.com\\\/@najnaj.eu\"]}]}<\/script>\n<meta property=\"product:brand\" content=\"Ergobaby\" \/>\n<meta property=\"product:price:amount\" content=\"99.90\" \/>\n<meta property=\"product:price:currency\" content=\"EUR\" \/>\n<meta property=\"og:availability\" content=\"out of stock\" \/>\n<meta property=\"product:availability\" content=\"out of stock\" \/>\n<meta property=\"product:retailer_item_id\" content=\"BCEMACANCLY\" \/>\n<meta property=\"product:condition\" content=\"new\" \/>\n<!-- \/ Yoast SEO Premium plugin. -->","yoast_head_json":{"title":"Nosilka Ergobaby Embrace, Canyon Clay - NajNaj.eu","robots":{"index":"index","follow":"follow","max-snippet":"max-snippet:-1","max-image-preview":"max-image-preview:large","max-video-preview":"max-video-preview:-1"},"canonical":"https:\/\/najnaj.eu\/sl\/izdelek\/nosilka-ergobaby-embrace-canyon-clay\/","og_locale":"sl_SI","og_type":"article","og_title":"Nosilka Ergobaby Embrace, Canyon Clay","og_description":"Na\u0161a mehka, ne\u017ena in izjemno udobna nosilka za novorojen\u010dke je najslaj\u0161i na\u010din za povezovanje. Brez zapletenega povijanja ali zavezovanja. Ergobaby Embrace vam in va\u0161emu dojen\u010dku omogo\u010da, da skupaj odkrijete nov ritem iz bli\u017eine.   Udobje za dojen\u010dka \u2013 mehka tkanina ne\u017eno objame otroka ob star\u0161e in mu nudi oporo    Preprostost \u2013 enostavno pritrjevanje brez nerodnega ovijanja ali odve\u010dne tkanine  Udobje za star\u0161e \u2013 podporni pas in raztegljivi pre\u010dni trakovi  Kompaktnost \u2013 enostavno se zlo\u017ei in spravi v torbo za plenice  Tkanina s certifikatom Oeko-Tex Standard 100 Od 3,2 kg do 11,3 kg Trije na\u010dini no\u0161enja:  Novorojen\u010dek (pod 58,4 cm)  Dojen\u010dek, po mnenju star\u0161ev (nad 58,4 cm)  Dojen\u010dek, obrnjen naprej (nad 66 cm)","og_url":"https:\/\/najnaj.eu\/sl\/izdelek\/nosilka-ergobaby-embrace-canyon-clay\/","og_site_name":"NajNaj.eu","article_publisher":"https:\/\/web.facebook.com\/najnaj.eu\/","article_modified_time":"2026-03-24T09:53:43+00:00","og_image":[{"width":1000,"height":1000,"url":"https:\/\/najnaj.eu\/wp-content\/uploads\/2025\/05\/ergobaby-embrace-baby-carrier-canyon-clay-studio-1000x1000-01.jpg","type":"image\/jpeg"}],"twitter_card":"summary_large_image","twitter_misc":{"Price":"99,90&nbsp;&euro;","Availability":"Out of stock"},"schema":{"@context":"https:\/\/schema.org","@graph":[{"@type":"WebPage","@id":"https:\/\/najnaj.eu\/sl\/izdelek\/nosilka-ergobaby-embrace-canyon-clay\/","url":"https:\/\/najnaj.eu\/sl\/izdelek\/nosilka-ergobaby-embrace-canyon-clay\/","name":"Nosilka Ergobaby Embrace, Canyon Clay - NajNaj.eu","isPartOf":{"@id":"https:\/\/najnaj.eu\/sl\/#website"},"primaryImageOfPage":{"@id":"https:\/\/najnaj.eu\/sl\/izdelek\/nosilka-ergobaby-embrace-canyon-clay\/#primaryimage"},"image":{"@id":"https:\/\/najnaj.eu\/sl\/izdelek\/nosilka-ergobaby-embrace-canyon-clay\/#primaryimage"},"thumbnailUrl":"https:\/\/najnaj.eu\/wp-content\/uploads\/2025\/05\/ergobaby-embrace-baby-carrier-canyon-clay-studio-1000x1000-01.jpg","datePublished":"2024-10-25T08:15:25+00:00","dateModified":"2026-03-24T09:53:43+00:00","breadcrumb":{"@id":"https:\/\/najnaj.eu\/sl\/izdelek\/nosilka-ergobaby-embrace-canyon-clay\/#breadcrumb"},"inLanguage":"sl-SI","potentialAction":[{"@type":"ReadAction","target":["https:\/\/najnaj.eu\/sl\/izdelek\/nosilka-ergobaby-embrace-canyon-clay\/"]}]},{"@type":"ImageObject","inLanguage":"sl-SI","@id":"https:\/\/najnaj.eu\/sl\/izdelek\/nosilka-ergobaby-embrace-canyon-clay\/#primaryimage","url":"https:\/\/najnaj.eu\/wp-content\/uploads\/2025\/05\/ergobaby-embrace-baby-carrier-canyon-clay-studio-1000x1000-01.jpg","contentUrl":"https:\/\/najnaj.eu\/wp-content\/uploads\/2025\/05\/ergobaby-embrace-baby-carrier-canyon-clay-studio-1000x1000-01.jpg","width":1000,"height":1000,"caption":"Embrace Knit - materiali iz kanjonske gline za Ergobaby.com"},{"@type":"BreadcrumbList","@id":"https:\/\/najnaj.eu\/sl\/izdelek\/nosilka-ergobaby-embrace-canyon-clay\/#breadcrumb","itemListElement":[{"@type":"ListItem","position":1,"name":"Po\u010detna stranica","item":"https:\/\/najnaj.eu\/sl\/prednja-stran\/"},{"@type":"ListItem","position":2,"name":"Shop","item":"https:\/\/najnaj.eu\/sl\/shop\/"},{"@type":"ListItem","position":3,"name":"Nosilka Ergobaby Embrace, Canyon Clay"}]},{"@type":"WebSite","@id":"https:\/\/najnaj.eu\/sl\/#website","url":"https:\/\/najnaj.eu\/sl\/","name":"NajNaj.eu","description":"Za najva\u017enije!","publisher":{"@id":"https:\/\/najnaj.eu\/sl\/#organization"},"potentialAction":[{"@type":"SearchAction","target":{"@type":"EntryPoint","urlTemplate":"https:\/\/najnaj.eu\/sl\/?s={search_term_string}"},"query-input":{"@type":"PropertyValueSpecification","valueRequired":true,"valueName":"search_term_string"}}],"inLanguage":"sl-SI"},{"@type":"Organization","@id":"https:\/\/najnaj.eu\/sl\/#organization","name":"NajNaj.eu","url":"https:\/\/najnaj.eu\/sl\/","logo":{"@type":"ImageObject","inLanguage":"sl-SI","@id":"https:\/\/najnaj.eu\/sl\/#\/schema\/logo\/image\/","url":"https:\/\/najnaj.eu\/wp-content\/uploads\/2023\/09\/logo_Najnaj_2023.svg","contentUrl":"https:\/\/najnaj.eu\/wp-content\/uploads\/2023\/09\/logo_Najnaj_2023.svg","width":501,"height":278,"caption":"NajNaj.eu"},"image":{"@id":"https:\/\/najnaj.eu\/sl\/#\/schema\/logo\/image\/"},"sameAs":["https:\/\/web.facebook.com\/najnaj.eu\/","https:\/\/www.instagram.com\/najnaj.eu\/","https:\/\/www.tiktok.com\/@najnaj.eu"]}]},"product_brand":"Ergobaby","product_price_amount":"99.90","product_price_currency":"EUR","og_availability":"out of stock","product_availability":"out of stock","product_retailer_item_id":"BCEMACANCLY","product_condition":"new"},"_links":{"self":[{"href":"https:\/\/najnaj.eu\/sl\/wp-json\/wp\/v2\/product\/256907","targetHints":{"allow":["GET"]}}],"collection":[{"href":"https:\/\/najnaj.eu\/sl\/wp-json\/wp\/v2\/product"}],"about":[{"href":"https:\/\/najnaj.eu\/sl\/wp-json\/wp\/v2\/types\/product"}],"replies":[{"embeddable":true,"href":"https:\/\/najnaj.eu\/sl\/wp-json\/wp\/v2\/comments?post=256907"}],"version-history":[{"count":0,"href":"https:\/\/najnaj.eu\/sl\/wp-json\/wp\/v2\/product\/256907\/revisions"}],"wp:featuredmedia":[{"embeddable":true,"href":"https:\/\/najnaj.eu\/sl\/wp-json\/wp\/v2\/media\/251109"}],"wp:attachment":[{"href":"https:\/\/najnaj.eu\/sl\/wp-json\/wp\/v2\/media?parent=256907"}],"wp:term":[{"taxonomy":"product_brand","embeddable":true,"href":"https:\/\/najnaj.eu\/sl\/wp-json\/wp\/v2\/product_brand?post=256907"},{"taxonomy":"product_cat","embeddable":true,"href":"https:\/\/najnaj.eu\/sl\/wp-json\/wp\/v2\/product_cat?post=256907"},{"taxonomy":"product_tag","embeddable":true,"href":"https:\/\/najnaj.eu\/sl\/wp-json\/wp\/v2\/product_tag?post=256907"}],"curies":[{"name":"wp","href":"https:\/\/api.w.org\/{rel}","templated":true}]}}