{"id":256888,"date":"2024-12-05T09:33:39","date_gmt":"2024-12-05T08:33:39","guid":{"rendered":"https:\/\/najnaj.eu\/proizvod\/nahrbtnik-za-vozicek-ergobaby-metro-3\/"},"modified":"2026-03-24T10:53:04","modified_gmt":"2026-03-24T09:53:04","slug":"nahrbtnik-za-vozicek-ergobaby-metro-3","status":"publish","type":"product","link":"https:\/\/najnaj.eu\/sl\/izdelek\/nahrbtnik-za-vozicek-ergobaby-metro-3\/","title":{"rendered":"Nahrbtnik za vozi\u010dek Ergobaby Metro 3"},"content":{"rendered":"<h4 style=\"text-align: center;\"><strong>Kako zlo\u017eiti in razpreti Metro 3?<\/strong><\/h4>\n<p>&nbsp;<\/p>\n<p><iframe loading=\"lazy\" title=\"How to Unfold and Fold the Metro 3 Compact Stroller | Ergobaby\" width=\"980\" height=\"551\" src=\"https:\/\/www.youtube.com\/embed\/20UqBdmQMMQ?feature=oembed\" frameborder=\"0\" allow=\"accelerometer; autoplay; clipboard-write; encrypted-media; gyroscope; picture-in-picture; web-share\" referrerpolicy=\"strict-origin-when-cross-origin\" allowfullscreen><\/iframe><\/p>\n","protected":false},"excerpt":{"rendered":"<p>Za\u0161\u010dita in udobje na poti<\/p>\n<p> \u2022 \u0161\u010diti Metro 3 pred umazanijo in praskami med potovanjem<br \/>\n \u2022 ohranja vozi\u010dek \u010dist, ko ga ne uporabljate<br \/>\n \u2022 oblazinjeni naramni trakovi, podobni nahrbtniku, za enakomerno porazdelitev te\u017ee<br \/>\n \u2022 Tkanina se enostavno \u010disti z brisanjem za la\u017eje vzdr\u017eevanje.<br \/>\n \u2022 Nahrbtnik je po uporabi enostaven za shranjevanje.<\/p>\n","protected":false},"featured_media":245315,"comment_status":"closed","ping_status":"closed","template":"","meta":{"_acf_changed":false,"footnotes":""},"product_brand":[],"product_cat":[1152,1224,1128],"product_tag":[],"class_list":{"0":"post-256888","1":"product","2":"type-product","3":"status-publish","4":"has-post-thumbnail","6":"product_cat-dodaci-za-kolica-sl","7":"product_cat-ostalo-sl","8":"product_cat-otroski-vozicki","9":"pa_brand-ergobaby-sl","11":"first","12":"instock","13":"shipping-taxable","14":"purchasable","15":"product-type-simple"},"bundled_by":[],"bundle_stock_status":"instock","bundle_stock_quantity":15,"bundle_virtual":false,"bundle_layout":"","bundle_add_to_cart_form_location":"","bundle_editable_in_cart":false,"bundle_sold_individually_context":"","bundle_item_grouping":"","bundle_min_size":"","bundle_max_size":"","bundle_price":[],"bundled_items":[],"bundle_sell_ids":[],"acf":[],"yoast_head":"<!-- This site is optimized with the Yoast SEO Premium plugin v21.5 (Yoast SEO v27.3) - https:\/\/yoast.com\/product\/yoast-seo-premium-wordpress\/ -->\n<title>Nahrbtnik za vozi\u010dek Ergobaby Metro 3 - NajNaj.eu<\/title>\n<meta name=\"description\" content=\"\u0160\u010diti va\u0161 Metro 3 pred umazanijo in praskami med potovanjem. Tkanina je enostavna za \u010di\u0161\u010denje, naramnice pa so oblazinjene za enakomerno porazdelitev te\u017ee.\" \/>\n<meta name=\"robots\" content=\"index, follow, max-snippet:-1, max-image-preview:large, max-video-preview:-1\" \/>\n<link rel=\"canonical\" href=\"https:\/\/najnaj.eu\/sl\/izdelek\/nahrbtnik-za-vozicek-ergobaby-metro-3\/\" \/>\n<meta property=\"og:locale\" content=\"sl_SI\" \/>\n<meta property=\"og:type\" content=\"article\" \/>\n<meta property=\"og:title\" content=\"Nahrbtnik za vozi\u010dek Ergobaby Metro 3\" \/>\n<meta property=\"og:description\" content=\"\u0160\u010diti va\u0161 Metro 3 pred umazanijo in praskami med potovanjem. Tkanina je enostavna za \u010di\u0161\u010denje, naramnice pa so oblazinjene za enakomerno porazdelitev te\u017ee.\" \/>\n<meta property=\"og:url\" content=\"https:\/\/najnaj.eu\/sl\/izdelek\/nahrbtnik-za-vozicek-ergobaby-metro-3\/\" \/>\n<meta property=\"og:site_name\" content=\"NajNaj.eu\" \/>\n<meta property=\"article:publisher\" content=\"https:\/\/web.facebook.com\/najnaj.eu\/\" \/>\n<meta property=\"article:modified_time\" content=\"2026-03-24T09:53:04+00:00\" \/>\n<meta property=\"og:image\" content=\"https:\/\/najnaj.eu\/wp-content\/uploads\/2025\/03\/ergobaby-stroller-accessories-metro-3-carry-bag-02.jpg\" \/>\n\t<meta property=\"og:image:width\" content=\"2400\" \/>\n\t<meta property=\"og:image:height\" content=\"2400\" \/>\n\t<meta property=\"og:image:type\" content=\"image\/jpeg\" \/>\n<meta name=\"twitter:card\" content=\"summary_large_image\" \/>\n<meta name=\"twitter:label1\" content=\"Price\" \/>\n\t<meta name=\"twitter:data1\" content=\"39,90&nbsp;&euro;\" \/>\n\t<meta name=\"twitter:label2\" content=\"Availability\" \/>\n\t<meta name=\"twitter:data2\" content=\"In stock\" \/>\n<script type=\"application\/ld+json\" class=\"yoast-schema-graph\">{\"@context\":\"https:\\\/\\\/schema.org\",\"@graph\":[{\"@type\":\"WebPage\",\"@id\":\"https:\\\/\\\/najnaj.eu\\\/sl\\\/izdelek\\\/nahrbtnik-za-vozicek-ergobaby-metro-3\\\/\",\"url\":\"https:\\\/\\\/najnaj.eu\\\/sl\\\/izdelek\\\/nahrbtnik-za-vozicek-ergobaby-metro-3\\\/\",\"name\":\"Nahrbtnik za vozi\u010dek Ergobaby Metro 3 - NajNaj.eu\",\"isPartOf\":{\"@id\":\"https:\\\/\\\/najnaj.eu\\\/sl\\\/#website\"},\"primaryImageOfPage\":{\"@id\":\"https:\\\/\\\/najnaj.eu\\\/sl\\\/izdelek\\\/nahrbtnik-za-vozicek-ergobaby-metro-3\\\/#primaryimage\"},\"image\":{\"@id\":\"https:\\\/\\\/najnaj.eu\\\/sl\\\/izdelek\\\/nahrbtnik-za-vozicek-ergobaby-metro-3\\\/#primaryimage\"},\"thumbnailUrl\":\"https:\\\/\\\/najnaj.eu\\\/wp-content\\\/uploads\\\/2025\\\/03\\\/ergobaby-stroller-accessories-metro-3-carry-bag-02.jpg\",\"datePublished\":\"2024-12-05T08:33:39+00:00\",\"dateModified\":\"2026-03-24T09:53:04+00:00\",\"description\":\"\u0160\u010diti va\u0161 Metro 3 pred umazanijo in praskami med potovanjem. Tkanina je enostavna za \u010di\u0161\u010denje, naramnice pa so oblazinjene za enakomerno porazdelitev te\u017ee.\",\"breadcrumb\":{\"@id\":\"https:\\\/\\\/najnaj.eu\\\/sl\\\/izdelek\\\/nahrbtnik-za-vozicek-ergobaby-metro-3\\\/#breadcrumb\"},\"inLanguage\":\"sl-SI\",\"potentialAction\":[{\"@type\":\"ReadAction\",\"target\":[\"https:\\\/\\\/najnaj.eu\\\/sl\\\/izdelek\\\/nahrbtnik-za-vozicek-ergobaby-metro-3\\\/\"]}]},{\"@type\":\"ImageObject\",\"inLanguage\":\"sl-SI\",\"@id\":\"https:\\\/\\\/najnaj.eu\\\/sl\\\/izdelek\\\/nahrbtnik-za-vozicek-ergobaby-metro-3\\\/#primaryimage\",\"url\":\"https:\\\/\\\/najnaj.eu\\\/wp-content\\\/uploads\\\/2025\\\/03\\\/ergobaby-stroller-accessories-metro-3-carry-bag-02.jpg\",\"contentUrl\":\"https:\\\/\\\/najnaj.eu\\\/wp-content\\\/uploads\\\/2025\\\/03\\\/ergobaby-stroller-accessories-metro-3-carry-bag-02.jpg\",\"width\":2400,\"height\":2400},{\"@type\":\"BreadcrumbList\",\"@id\":\"https:\\\/\\\/najnaj.eu\\\/sl\\\/izdelek\\\/nahrbtnik-za-vozicek-ergobaby-metro-3\\\/#breadcrumb\",\"itemListElement\":[{\"@type\":\"ListItem\",\"position\":1,\"name\":\"Po\u010detna stranica\",\"item\":\"https:\\\/\\\/najnaj.eu\\\/sl\\\/prednja-stran\\\/\"},{\"@type\":\"ListItem\",\"position\":2,\"name\":\"Shop\",\"item\":\"https:\\\/\\\/najnaj.eu\\\/sl\\\/shop\\\/\"},{\"@type\":\"ListItem\",\"position\":3,\"name\":\"Nahrbtnik za vozi\u010dek Ergobaby Metro 3\"}]},{\"@type\":\"WebSite\",\"@id\":\"https:\\\/\\\/najnaj.eu\\\/sl\\\/#website\",\"url\":\"https:\\\/\\\/najnaj.eu\\\/sl\\\/\",\"name\":\"NajNaj.eu\",\"description\":\"Za najva\u017enije!\",\"publisher\":{\"@id\":\"https:\\\/\\\/najnaj.eu\\\/sl\\\/#organization\"},\"potentialAction\":[{\"@type\":\"SearchAction\",\"target\":{\"@type\":\"EntryPoint\",\"urlTemplate\":\"https:\\\/\\\/najnaj.eu\\\/sl\\\/?s={search_term_string}\"},\"query-input\":{\"@type\":\"PropertyValueSpecification\",\"valueRequired\":true,\"valueName\":\"search_term_string\"}}],\"inLanguage\":\"sl-SI\"},{\"@type\":\"Organization\",\"@id\":\"https:\\\/\\\/najnaj.eu\\\/sl\\\/#organization\",\"name\":\"NajNaj.eu\",\"url\":\"https:\\\/\\\/najnaj.eu\\\/sl\\\/\",\"logo\":{\"@type\":\"ImageObject\",\"inLanguage\":\"sl-SI\",\"@id\":\"https:\\\/\\\/najnaj.eu\\\/sl\\\/#\\\/schema\\\/logo\\\/image\\\/\",\"url\":\"https:\\\/\\\/najnaj.eu\\\/wp-content\\\/uploads\\\/2023\\\/09\\\/logo_Najnaj_2023.svg\",\"contentUrl\":\"https:\\\/\\\/najnaj.eu\\\/wp-content\\\/uploads\\\/2023\\\/09\\\/logo_Najnaj_2023.svg\",\"width\":501,\"height\":278,\"caption\":\"NajNaj.eu\"},\"image\":{\"@id\":\"https:\\\/\\\/najnaj.eu\\\/sl\\\/#\\\/schema\\\/logo\\\/image\\\/\"},\"sameAs\":[\"https:\\\/\\\/web.facebook.com\\\/najnaj.eu\\\/\",\"https:\\\/\\\/www.instagram.com\\\/najnaj.eu\\\/\",\"https:\\\/\\\/www.tiktok.com\\\/@najnaj.eu\"]}]}<\/script>\n<meta property=\"product:brand\" content=\"Ergobaby\" \/>\n<meta property=\"product:price:amount\" content=\"39.90\" \/>\n<meta property=\"product:price:currency\" content=\"EUR\" \/>\n<meta property=\"og:availability\" content=\"instock\" \/>\n<meta property=\"product:availability\" content=\"instock\" \/>\n<meta property=\"product:retailer_item_id\" content=\"METRO3BAG\" \/>\n<meta property=\"product:condition\" content=\"new\" \/>\n<!-- \/ Yoast SEO Premium plugin. -->","yoast_head_json":{"title":"Nahrbtnik za vozi\u010dek Ergobaby Metro 3 - NajNaj.eu","description":"\u0160\u010diti va\u0161 Metro 3 pred umazanijo in praskami med potovanjem. Tkanina je enostavna za \u010di\u0161\u010denje, naramnice pa so oblazinjene za enakomerno porazdelitev te\u017ee.","robots":{"index":"index","follow":"follow","max-snippet":"max-snippet:-1","max-image-preview":"max-image-preview:large","max-video-preview":"max-video-preview:-1"},"canonical":"https:\/\/najnaj.eu\/sl\/izdelek\/nahrbtnik-za-vozicek-ergobaby-metro-3\/","og_locale":"sl_SI","og_type":"article","og_title":"Nahrbtnik za vozi\u010dek Ergobaby Metro 3","og_description":"\u0160\u010diti va\u0161 Metro 3 pred umazanijo in praskami med potovanjem. Tkanina je enostavna za \u010di\u0161\u010denje, naramnice pa so oblazinjene za enakomerno porazdelitev te\u017ee.","og_url":"https:\/\/najnaj.eu\/sl\/izdelek\/nahrbtnik-za-vozicek-ergobaby-metro-3\/","og_site_name":"NajNaj.eu","article_publisher":"https:\/\/web.facebook.com\/najnaj.eu\/","article_modified_time":"2026-03-24T09:53:04+00:00","og_image":[{"width":2400,"height":2400,"url":"https:\/\/najnaj.eu\/wp-content\/uploads\/2025\/03\/ergobaby-stroller-accessories-metro-3-carry-bag-02.jpg","type":"image\/jpeg"}],"twitter_card":"summary_large_image","twitter_misc":{"Price":"39,90&nbsp;&euro;","Availability":"In stock"},"schema":{"@context":"https:\/\/schema.org","@graph":[{"@type":"WebPage","@id":"https:\/\/najnaj.eu\/sl\/izdelek\/nahrbtnik-za-vozicek-ergobaby-metro-3\/","url":"https:\/\/najnaj.eu\/sl\/izdelek\/nahrbtnik-za-vozicek-ergobaby-metro-3\/","name":"Nahrbtnik za vozi\u010dek Ergobaby Metro 3 - NajNaj.eu","isPartOf":{"@id":"https:\/\/najnaj.eu\/sl\/#website"},"primaryImageOfPage":{"@id":"https:\/\/najnaj.eu\/sl\/izdelek\/nahrbtnik-za-vozicek-ergobaby-metro-3\/#primaryimage"},"image":{"@id":"https:\/\/najnaj.eu\/sl\/izdelek\/nahrbtnik-za-vozicek-ergobaby-metro-3\/#primaryimage"},"thumbnailUrl":"https:\/\/najnaj.eu\/wp-content\/uploads\/2025\/03\/ergobaby-stroller-accessories-metro-3-carry-bag-02.jpg","datePublished":"2024-12-05T08:33:39+00:00","dateModified":"2026-03-24T09:53:04+00:00","description":"\u0160\u010diti va\u0161 Metro 3 pred umazanijo in praskami med potovanjem. Tkanina je enostavna za \u010di\u0161\u010denje, naramnice pa so oblazinjene za enakomerno porazdelitev te\u017ee.","breadcrumb":{"@id":"https:\/\/najnaj.eu\/sl\/izdelek\/nahrbtnik-za-vozicek-ergobaby-metro-3\/#breadcrumb"},"inLanguage":"sl-SI","potentialAction":[{"@type":"ReadAction","target":["https:\/\/najnaj.eu\/sl\/izdelek\/nahrbtnik-za-vozicek-ergobaby-metro-3\/"]}]},{"@type":"ImageObject","inLanguage":"sl-SI","@id":"https:\/\/najnaj.eu\/sl\/izdelek\/nahrbtnik-za-vozicek-ergobaby-metro-3\/#primaryimage","url":"https:\/\/najnaj.eu\/wp-content\/uploads\/2025\/03\/ergobaby-stroller-accessories-metro-3-carry-bag-02.jpg","contentUrl":"https:\/\/najnaj.eu\/wp-content\/uploads\/2025\/03\/ergobaby-stroller-accessories-metro-3-carry-bag-02.jpg","width":2400,"height":2400},{"@type":"BreadcrumbList","@id":"https:\/\/najnaj.eu\/sl\/izdelek\/nahrbtnik-za-vozicek-ergobaby-metro-3\/#breadcrumb","itemListElement":[{"@type":"ListItem","position":1,"name":"Po\u010detna stranica","item":"https:\/\/najnaj.eu\/sl\/prednja-stran\/"},{"@type":"ListItem","position":2,"name":"Shop","item":"https:\/\/najnaj.eu\/sl\/shop\/"},{"@type":"ListItem","position":3,"name":"Nahrbtnik za vozi\u010dek Ergobaby Metro 3"}]},{"@type":"WebSite","@id":"https:\/\/najnaj.eu\/sl\/#website","url":"https:\/\/najnaj.eu\/sl\/","name":"NajNaj.eu","description":"Za najva\u017enije!","publisher":{"@id":"https:\/\/najnaj.eu\/sl\/#organization"},"potentialAction":[{"@type":"SearchAction","target":{"@type":"EntryPoint","urlTemplate":"https:\/\/najnaj.eu\/sl\/?s={search_term_string}"},"query-input":{"@type":"PropertyValueSpecification","valueRequired":true,"valueName":"search_term_string"}}],"inLanguage":"sl-SI"},{"@type":"Organization","@id":"https:\/\/najnaj.eu\/sl\/#organization","name":"NajNaj.eu","url":"https:\/\/najnaj.eu\/sl\/","logo":{"@type":"ImageObject","inLanguage":"sl-SI","@id":"https:\/\/najnaj.eu\/sl\/#\/schema\/logo\/image\/","url":"https:\/\/najnaj.eu\/wp-content\/uploads\/2023\/09\/logo_Najnaj_2023.svg","contentUrl":"https:\/\/najnaj.eu\/wp-content\/uploads\/2023\/09\/logo_Najnaj_2023.svg","width":501,"height":278,"caption":"NajNaj.eu"},"image":{"@id":"https:\/\/najnaj.eu\/sl\/#\/schema\/logo\/image\/"},"sameAs":["https:\/\/web.facebook.com\/najnaj.eu\/","https:\/\/www.instagram.com\/najnaj.eu\/","https:\/\/www.tiktok.com\/@najnaj.eu"]}]},"product_brand":"Ergobaby","product_price_amount":"39.90","product_price_currency":"EUR","og_availability":"instock","product_availability":"instock","product_retailer_item_id":"METRO3BAG","product_condition":"new"},"_links":{"self":[{"href":"https:\/\/najnaj.eu\/sl\/wp-json\/wp\/v2\/product\/256888","targetHints":{"allow":["GET"]}}],"collection":[{"href":"https:\/\/najnaj.eu\/sl\/wp-json\/wp\/v2\/product"}],"about":[{"href":"https:\/\/najnaj.eu\/sl\/wp-json\/wp\/v2\/types\/product"}],"replies":[{"embeddable":true,"href":"https:\/\/najnaj.eu\/sl\/wp-json\/wp\/v2\/comments?post=256888"}],"version-history":[{"count":0,"href":"https:\/\/najnaj.eu\/sl\/wp-json\/wp\/v2\/product\/256888\/revisions"}],"wp:featuredmedia":[{"embeddable":true,"href":"https:\/\/najnaj.eu\/sl\/wp-json\/wp\/v2\/media\/245315"}],"wp:attachment":[{"href":"https:\/\/najnaj.eu\/sl\/wp-json\/wp\/v2\/media?parent=256888"}],"wp:term":[{"taxonomy":"product_brand","embeddable":true,"href":"https:\/\/najnaj.eu\/sl\/wp-json\/wp\/v2\/product_brand?post=256888"},{"taxonomy":"product_cat","embeddable":true,"href":"https:\/\/najnaj.eu\/sl\/wp-json\/wp\/v2\/product_cat?post=256888"},{"taxonomy":"product_tag","embeddable":true,"href":"https:\/\/najnaj.eu\/sl\/wp-json\/wp\/v2\/product_tag?post=256888"}],"curies":[{"name":"wp","href":"https:\/\/api.w.org\/{rel}","templated":true}]}}