{"id":256435,"date":"2025-01-17T09:11:00","date_gmt":"2025-01-17T08:11:00","guid":{"rendered":"https:\/\/najnaj.eu\/proizvod\/silikonske-zlicke-za-hranjenje-citron-vozila\/"},"modified":"2025-06-23T14:44:56","modified_gmt":"2025-06-23T12:44:56","slug":"silikonske-zlicke-za-hranjenje-citron-vozila","status":"publish","type":"product","link":"https:\/\/najnaj.eu\/sl\/izdelek\/silikonske-zlicke-za-hranjenje-citron-vozila\/","title":{"rendered":"Silikonske \u017eli\u010dke za hranjenje Citron Vozila"},"content":{"rendered":"<p>Na\u0161e mehke silikonske \u017eli\u010dke za hranjenje so izjemno ne\u017ene do dlesni in zob ter imajo dolge ro\u010daje, zato jih star\u0161i in mal\u010dki enostavno uporabljajo. Imajo tudi majhne pikice, ki prepre\u010dujejo, da bi se \u017eli\u010dka prevrnila, ko jo polo\u017eite na mizo. <\/p>\n","protected":false},"excerpt":{"rendered":"<ul>\n<li>Komplet dolgih silikonskih \u017elic (2 \u017elici)<\/li>\n<li>Velik, enostaven ro\u010daj za samodejno hranjenje<\/li>\n<li>Varno za hrano<\/li>\n<li>Ne vsebuje BPA<\/li>\n<li>Dimenzije: 16,5 x 2,3 cm<\/li>\n<li>Primerno za otroke, stare 4+ mesecev<\/li>\n<\/ul>\n","protected":false},"featured_media":235275,"comment_status":"closed","ping_status":"closed","template":"","meta":{"_acf_changed":false,"footnotes":""},"product_brand":[],"product_cat":[1167,1378,1275],"product_tag":[],"class_list":{"0":"post-256435","1":"product","2":"type-product","3":"status-publish","4":"has-post-thumbnail","6":"product_cat-hranjenje-sl","7":"product_cat-jedilni-pribor","8":"product_cat-posoda","9":"pa_boja-bez","10":"pa_boja-plava-sl","11":"pa_brand-citron-sl","12":"pa_vrsta-posuda-jedilni-pribor","14":"first","15":"instock","16":"shipping-taxable","17":"purchasable","18":"product-type-simple"},"bundled_by":[],"bundle_stock_status":"instock","bundle_stock_quantity":15,"bundle_virtual":false,"bundle_layout":"","bundle_add_to_cart_form_location":"","bundle_editable_in_cart":false,"bundle_sold_individually_context":"","bundle_item_grouping":"","bundle_min_size":"","bundle_max_size":"","bundle_price":[],"bundled_items":[],"bundle_sell_ids":[],"acf":[],"yoast_head":"<!-- This site is optimized with the Yoast SEO Premium plugin v21.5 (Yoast SEO v27.3) - https:\/\/yoast.com\/product\/yoast-seo-premium-wordpress\/ -->\n<title>Silikonske \u017eli\u010dke za hranjenje Citron Vozila - NajNaj.eu<\/title>\n<meta name=\"robots\" content=\"index, follow, max-snippet:-1, max-image-preview:large, max-video-preview:-1\" \/>\n<link rel=\"canonical\" href=\"https:\/\/najnaj.eu\/sl\/izdelek\/silikonske-zlicke-za-hranjenje-citron-vozila\/\" \/>\n<meta property=\"og:locale\" content=\"sl_SI\" \/>\n<meta property=\"og:type\" content=\"article\" \/>\n<meta property=\"og:title\" content=\"Silikonske \u017eli\u010dke za hranjenje Citron Vozila\" \/>\n<meta property=\"og:description\" content=\"Komplet dolgih silikonskih \u017elic (2 \u017elici)  Velik, enostaven ro\u010daj za samodejno hranjenje  Varno za hrano  Ne vsebuje BPA  Dimenzije: 16,5 x 2,3 cm  Primerno za otroke, stare 4+ mesecev\" \/>\n<meta property=\"og:url\" content=\"https:\/\/najnaj.eu\/sl\/izdelek\/silikonske-zlicke-za-hranjenje-citron-vozila\/\" \/>\n<meta property=\"og:site_name\" content=\"NajNaj.eu\" \/>\n<meta property=\"article:publisher\" content=\"https:\/\/web.facebook.com\/najnaj.eu\/\" \/>\n<meta property=\"article:modified_time\" content=\"2025-06-23T12:44:56+00:00\" \/>\n<meta property=\"og:image\" content=\"https:\/\/najnaj.eu\/wp-content\/uploads\/2025\/01\/Z1088-Silicone-Feeding-Spoons-Long-Vehicles-Extra-0.jpg\" \/>\n\t<meta property=\"og:image:width\" content=\"2000\" \/>\n\t<meta property=\"og:image:height\" content=\"2000\" \/>\n\t<meta property=\"og:image:type\" content=\"image\/jpeg\" \/>\n<meta name=\"twitter:card\" content=\"summary_large_image\" \/>\n<meta name=\"twitter:label1\" content=\"Price\" \/>\n\t<meta name=\"twitter:data1\" content=\"12,99&nbsp;&euro;\" \/>\n\t<meta name=\"twitter:label2\" content=\"Availability\" \/>\n\t<meta name=\"twitter:data2\" content=\"In stock\" \/>\n<script type=\"application\/ld+json\" class=\"yoast-schema-graph\">{\"@context\":\"https:\\\/\\\/schema.org\",\"@graph\":[{\"@type\":\"WebPage\",\"@id\":\"https:\\\/\\\/najnaj.eu\\\/sl\\\/izdelek\\\/silikonske-zlicke-za-hranjenje-citron-vozila\\\/\",\"url\":\"https:\\\/\\\/najnaj.eu\\\/sl\\\/izdelek\\\/silikonske-zlicke-za-hranjenje-citron-vozila\\\/\",\"name\":\"Silikonske \u017eli\u010dke za hranjenje Citron Vozila - NajNaj.eu\",\"isPartOf\":{\"@id\":\"https:\\\/\\\/najnaj.eu\\\/sl\\\/#website\"},\"primaryImageOfPage\":{\"@id\":\"https:\\\/\\\/najnaj.eu\\\/sl\\\/izdelek\\\/silikonske-zlicke-za-hranjenje-citron-vozila\\\/#primaryimage\"},\"image\":{\"@id\":\"https:\\\/\\\/najnaj.eu\\\/sl\\\/izdelek\\\/silikonske-zlicke-za-hranjenje-citron-vozila\\\/#primaryimage\"},\"thumbnailUrl\":\"https:\\\/\\\/najnaj.eu\\\/wp-content\\\/uploads\\\/2025\\\/01\\\/Z1088-Silicone-Feeding-Spoons-Long-Vehicles-Extra-0.jpg\",\"datePublished\":\"2025-01-17T08:11:00+00:00\",\"dateModified\":\"2025-06-23T12:44:56+00:00\",\"breadcrumb\":{\"@id\":\"https:\\\/\\\/najnaj.eu\\\/sl\\\/izdelek\\\/silikonske-zlicke-za-hranjenje-citron-vozila\\\/#breadcrumb\"},\"inLanguage\":\"sl-SI\",\"potentialAction\":[{\"@type\":\"ReadAction\",\"target\":[\"https:\\\/\\\/najnaj.eu\\\/sl\\\/izdelek\\\/silikonske-zlicke-za-hranjenje-citron-vozila\\\/\"]}]},{\"@type\":\"ImageObject\",\"inLanguage\":\"sl-SI\",\"@id\":\"https:\\\/\\\/najnaj.eu\\\/sl\\\/izdelek\\\/silikonske-zlicke-za-hranjenje-citron-vozila\\\/#primaryimage\",\"url\":\"https:\\\/\\\/najnaj.eu\\\/wp-content\\\/uploads\\\/2025\\\/01\\\/Z1088-Silicone-Feeding-Spoons-Long-Vehicles-Extra-0.jpg\",\"contentUrl\":\"https:\\\/\\\/najnaj.eu\\\/wp-content\\\/uploads\\\/2025\\\/01\\\/Z1088-Silicone-Feeding-Spoons-Long-Vehicles-Extra-0.jpg\",\"width\":2000,\"height\":2000},{\"@type\":\"BreadcrumbList\",\"@id\":\"https:\\\/\\\/najnaj.eu\\\/sl\\\/izdelek\\\/silikonske-zlicke-za-hranjenje-citron-vozila\\\/#breadcrumb\",\"itemListElement\":[{\"@type\":\"ListItem\",\"position\":1,\"name\":\"Po\u010detna stranica\",\"item\":\"https:\\\/\\\/najnaj.eu\\\/sl\\\/prednja-stran\\\/\"},{\"@type\":\"ListItem\",\"position\":2,\"name\":\"Shop\",\"item\":\"https:\\\/\\\/najnaj.eu\\\/sl\\\/shop\\\/\"},{\"@type\":\"ListItem\",\"position\":3,\"name\":\"Silikonske \u017eli\u010dke za hranjenje Citron Vozila\"}]},{\"@type\":\"WebSite\",\"@id\":\"https:\\\/\\\/najnaj.eu\\\/sl\\\/#website\",\"url\":\"https:\\\/\\\/najnaj.eu\\\/sl\\\/\",\"name\":\"NajNaj.eu\",\"description\":\"Za najva\u017enije!\",\"publisher\":{\"@id\":\"https:\\\/\\\/najnaj.eu\\\/sl\\\/#organization\"},\"potentialAction\":[{\"@type\":\"SearchAction\",\"target\":{\"@type\":\"EntryPoint\",\"urlTemplate\":\"https:\\\/\\\/najnaj.eu\\\/sl\\\/?s={search_term_string}\"},\"query-input\":{\"@type\":\"PropertyValueSpecification\",\"valueRequired\":true,\"valueName\":\"search_term_string\"}}],\"inLanguage\":\"sl-SI\"},{\"@type\":\"Organization\",\"@id\":\"https:\\\/\\\/najnaj.eu\\\/sl\\\/#organization\",\"name\":\"NajNaj.eu\",\"url\":\"https:\\\/\\\/najnaj.eu\\\/sl\\\/\",\"logo\":{\"@type\":\"ImageObject\",\"inLanguage\":\"sl-SI\",\"@id\":\"https:\\\/\\\/najnaj.eu\\\/sl\\\/#\\\/schema\\\/logo\\\/image\\\/\",\"url\":\"https:\\\/\\\/najnaj.eu\\\/wp-content\\\/uploads\\\/2023\\\/09\\\/logo_Najnaj_2023.svg\",\"contentUrl\":\"https:\\\/\\\/najnaj.eu\\\/wp-content\\\/uploads\\\/2023\\\/09\\\/logo_Najnaj_2023.svg\",\"width\":501,\"height\":278,\"caption\":\"NajNaj.eu\"},\"image\":{\"@id\":\"https:\\\/\\\/najnaj.eu\\\/sl\\\/#\\\/schema\\\/logo\\\/image\\\/\"},\"sameAs\":[\"https:\\\/\\\/web.facebook.com\\\/najnaj.eu\\\/\",\"https:\\\/\\\/www.instagram.com\\\/najnaj.eu\\\/\",\"https:\\\/\\\/www.tiktok.com\\\/@najnaj.eu\"]}]}<\/script>\n<meta property=\"product:brand\" content=\"Citron\" \/>\n<meta property=\"product:price:amount\" content=\"12.99\" \/>\n<meta property=\"product:price:currency\" content=\"EUR\" \/>\n<meta property=\"og:availability\" content=\"instock\" \/>\n<meta property=\"product:availability\" content=\"instock\" \/>\n<meta property=\"product:retailer_item_id\" content=\"Silicone_Feeding_Spoon_Long_Set2_Vehicles\" \/>\n<meta property=\"product:condition\" content=\"new\" \/>\n<!-- \/ Yoast SEO Premium plugin. -->","yoast_head_json":{"title":"Silikonske \u017eli\u010dke za hranjenje Citron Vozila - NajNaj.eu","robots":{"index":"index","follow":"follow","max-snippet":"max-snippet:-1","max-image-preview":"max-image-preview:large","max-video-preview":"max-video-preview:-1"},"canonical":"https:\/\/najnaj.eu\/sl\/izdelek\/silikonske-zlicke-za-hranjenje-citron-vozila\/","og_locale":"sl_SI","og_type":"article","og_title":"Silikonske \u017eli\u010dke za hranjenje Citron Vozila","og_description":"Komplet dolgih silikonskih \u017elic (2 \u017elici)  Velik, enostaven ro\u010daj za samodejno hranjenje  Varno za hrano  Ne vsebuje BPA  Dimenzije: 16,5 x 2,3 cm  Primerno za otroke, stare 4+ mesecev","og_url":"https:\/\/najnaj.eu\/sl\/izdelek\/silikonske-zlicke-za-hranjenje-citron-vozila\/","og_site_name":"NajNaj.eu","article_publisher":"https:\/\/web.facebook.com\/najnaj.eu\/","article_modified_time":"2025-06-23T12:44:56+00:00","og_image":[{"width":2000,"height":2000,"url":"https:\/\/najnaj.eu\/wp-content\/uploads\/2025\/01\/Z1088-Silicone-Feeding-Spoons-Long-Vehicles-Extra-0.jpg","type":"image\/jpeg"}],"twitter_card":"summary_large_image","twitter_misc":{"Price":"12,99&nbsp;&euro;","Availability":"In stock"},"schema":{"@context":"https:\/\/schema.org","@graph":[{"@type":"WebPage","@id":"https:\/\/najnaj.eu\/sl\/izdelek\/silikonske-zlicke-za-hranjenje-citron-vozila\/","url":"https:\/\/najnaj.eu\/sl\/izdelek\/silikonske-zlicke-za-hranjenje-citron-vozila\/","name":"Silikonske \u017eli\u010dke za hranjenje Citron Vozila - NajNaj.eu","isPartOf":{"@id":"https:\/\/najnaj.eu\/sl\/#website"},"primaryImageOfPage":{"@id":"https:\/\/najnaj.eu\/sl\/izdelek\/silikonske-zlicke-za-hranjenje-citron-vozila\/#primaryimage"},"image":{"@id":"https:\/\/najnaj.eu\/sl\/izdelek\/silikonske-zlicke-za-hranjenje-citron-vozila\/#primaryimage"},"thumbnailUrl":"https:\/\/najnaj.eu\/wp-content\/uploads\/2025\/01\/Z1088-Silicone-Feeding-Spoons-Long-Vehicles-Extra-0.jpg","datePublished":"2025-01-17T08:11:00+00:00","dateModified":"2025-06-23T12:44:56+00:00","breadcrumb":{"@id":"https:\/\/najnaj.eu\/sl\/izdelek\/silikonske-zlicke-za-hranjenje-citron-vozila\/#breadcrumb"},"inLanguage":"sl-SI","potentialAction":[{"@type":"ReadAction","target":["https:\/\/najnaj.eu\/sl\/izdelek\/silikonske-zlicke-za-hranjenje-citron-vozila\/"]}]},{"@type":"ImageObject","inLanguage":"sl-SI","@id":"https:\/\/najnaj.eu\/sl\/izdelek\/silikonske-zlicke-za-hranjenje-citron-vozila\/#primaryimage","url":"https:\/\/najnaj.eu\/wp-content\/uploads\/2025\/01\/Z1088-Silicone-Feeding-Spoons-Long-Vehicles-Extra-0.jpg","contentUrl":"https:\/\/najnaj.eu\/wp-content\/uploads\/2025\/01\/Z1088-Silicone-Feeding-Spoons-Long-Vehicles-Extra-0.jpg","width":2000,"height":2000},{"@type":"BreadcrumbList","@id":"https:\/\/najnaj.eu\/sl\/izdelek\/silikonske-zlicke-za-hranjenje-citron-vozila\/#breadcrumb","itemListElement":[{"@type":"ListItem","position":1,"name":"Po\u010detna stranica","item":"https:\/\/najnaj.eu\/sl\/prednja-stran\/"},{"@type":"ListItem","position":2,"name":"Shop","item":"https:\/\/najnaj.eu\/sl\/shop\/"},{"@type":"ListItem","position":3,"name":"Silikonske \u017eli\u010dke za hranjenje Citron Vozila"}]},{"@type":"WebSite","@id":"https:\/\/najnaj.eu\/sl\/#website","url":"https:\/\/najnaj.eu\/sl\/","name":"NajNaj.eu","description":"Za najva\u017enije!","publisher":{"@id":"https:\/\/najnaj.eu\/sl\/#organization"},"potentialAction":[{"@type":"SearchAction","target":{"@type":"EntryPoint","urlTemplate":"https:\/\/najnaj.eu\/sl\/?s={search_term_string}"},"query-input":{"@type":"PropertyValueSpecification","valueRequired":true,"valueName":"search_term_string"}}],"inLanguage":"sl-SI"},{"@type":"Organization","@id":"https:\/\/najnaj.eu\/sl\/#organization","name":"NajNaj.eu","url":"https:\/\/najnaj.eu\/sl\/","logo":{"@type":"ImageObject","inLanguage":"sl-SI","@id":"https:\/\/najnaj.eu\/sl\/#\/schema\/logo\/image\/","url":"https:\/\/najnaj.eu\/wp-content\/uploads\/2023\/09\/logo_Najnaj_2023.svg","contentUrl":"https:\/\/najnaj.eu\/wp-content\/uploads\/2023\/09\/logo_Najnaj_2023.svg","width":501,"height":278,"caption":"NajNaj.eu"},"image":{"@id":"https:\/\/najnaj.eu\/sl\/#\/schema\/logo\/image\/"},"sameAs":["https:\/\/web.facebook.com\/najnaj.eu\/","https:\/\/www.instagram.com\/najnaj.eu\/","https:\/\/www.tiktok.com\/@najnaj.eu"]}]},"product_brand":"Citron","product_price_amount":"12.99","product_price_currency":"EUR","og_availability":"instock","product_availability":"instock","product_retailer_item_id":"Silicone_Feeding_Spoon_Long_Set2_Vehicles","product_condition":"new"},"_links":{"self":[{"href":"https:\/\/najnaj.eu\/sl\/wp-json\/wp\/v2\/product\/256435","targetHints":{"allow":["GET"]}}],"collection":[{"href":"https:\/\/najnaj.eu\/sl\/wp-json\/wp\/v2\/product"}],"about":[{"href":"https:\/\/najnaj.eu\/sl\/wp-json\/wp\/v2\/types\/product"}],"replies":[{"embeddable":true,"href":"https:\/\/najnaj.eu\/sl\/wp-json\/wp\/v2\/comments?post=256435"}],"version-history":[{"count":0,"href":"https:\/\/najnaj.eu\/sl\/wp-json\/wp\/v2\/product\/256435\/revisions"}],"wp:featuredmedia":[{"embeddable":true,"href":"https:\/\/najnaj.eu\/sl\/wp-json\/wp\/v2\/media\/235275"}],"wp:attachment":[{"href":"https:\/\/najnaj.eu\/sl\/wp-json\/wp\/v2\/media?parent=256435"}],"wp:term":[{"taxonomy":"product_brand","embeddable":true,"href":"https:\/\/najnaj.eu\/sl\/wp-json\/wp\/v2\/product_brand?post=256435"},{"taxonomy":"product_cat","embeddable":true,"href":"https:\/\/najnaj.eu\/sl\/wp-json\/wp\/v2\/product_cat?post=256435"},{"taxonomy":"product_tag","embeddable":true,"href":"https:\/\/najnaj.eu\/sl\/wp-json\/wp\/v2\/product_tag?post=256435"}],"curies":[{"name":"wp","href":"https:\/\/api.w.org\/{rel}","templated":true}]}}