{"id":256371,"date":"2025-04-02T15:55:53","date_gmt":"2025-04-02T13:55:53","guid":{"rendered":"https:\/\/najnaj.eu\/proizvod\/steklenica-za-vodo-citron-500-ml-cool-kids\/"},"modified":"2025-06-23T14:41:39","modified_gmt":"2025-06-23T12:41:39","slug":"steklenica-za-vodo-citron-500-ml-cool-kids","status":"publish","type":"product","link":"https:\/\/najnaj.eu\/sl\/izdelek\/steklenica-za-vodo-citron-500-ml-cool-kids\/","title":{"rendered":"Steklenica za vodo Citron 500 ml Cool Kids"},"content":{"rendered":"<p>Ta kakovostna 500 ml troslojna izolirana steklenica za vodo je idealna za otroke, stare 12+ mesecev. Izdelana je iz trpe\u017enega nerjave\u010dega jekla 304, primernega za \u017eivila, in ta prakti\u010dna steklenica velikosti 6,1 x 23,9 cm ohranja pija\u010do toplo do 55 \u00b0C. S certifikatom LFGB podjetja SGS zagotavlja varnost in zanesljivost za vsakodnevno uporabo.  <\/p>\n<ul>\n<li>Vakuumsko izolirana s trojno steno za ohranjanje temperature pija\u010de<\/li>\n<li>Vodo ohranja hladno do 24 ur in toplo do 12 ur<\/li>\n<li>Izdelano brez strupenih materialov (brez BPA, ftalatov in svinca)<\/li>\n<li>Zaradi neprepustnega pokrova bo va\u0161a torba za kosilo ostala suha in \u010dista<\/li>\n<li>Ostane suh in hladen na zunanji strani, ne glede na to, kako vro\u010da ali hladna je vsebina<\/li>\n<li>Vklju\u010duje 1 pokrov\u010dek, 2 slamici, 1 \u010distilno krta\u010dko, 1 nedrse\u010d silikonski odbija\u010d<\/li>\n<\/ul>\n<p><img loading=\"lazy\" decoding=\"async\" class=\"alignnone wp-image-245884 size-large\" src=\"https:\/\/najnaj.eu\/wp-content\/uploads\/2025\/04\/HR-500ml-Watter-Bottle-Blush-Pink-2-1024x1024.jpg\" alt=\"\" width=\"980\" height=\"980\" srcset=\"https:\/\/najnaj.eu\/wp-content\/uploads\/2025\/04\/HR-500ml-Watter-Bottle-Blush-Pink-2-1024x1024.jpg 1024w, https:\/\/najnaj.eu\/wp-content\/uploads\/2025\/04\/HR-500ml-Watter-Bottle-Blush-Pink-2-324x324.jpg 324w, https:\/\/najnaj.eu\/wp-content\/uploads\/2025\/04\/HR-500ml-Watter-Bottle-Blush-Pink-2-100x100.jpg 100w, https:\/\/najnaj.eu\/wp-content\/uploads\/2025\/04\/HR-500ml-Watter-Bottle-Blush-Pink-2-1200x1200.jpg 1200w, https:\/\/najnaj.eu\/wp-content\/uploads\/2025\/04\/HR-500ml-Watter-Bottle-Blush-Pink-2-300x300.jpg 300w, https:\/\/najnaj.eu\/wp-content\/uploads\/2025\/04\/HR-500ml-Watter-Bottle-Blush-Pink-2-150x150.jpg 150w, https:\/\/najnaj.eu\/wp-content\/uploads\/2025\/04\/HR-500ml-Watter-Bottle-Blush-Pink-2-768x768.jpg 768w, https:\/\/najnaj.eu\/wp-content\/uploads\/2025\/04\/HR-500ml-Watter-Bottle-Blush-Pink-2-1536x1536.jpg 1536w, https:\/\/najnaj.eu\/wp-content\/uploads\/2025\/04\/HR-500ml-Watter-Bottle-Blush-Pink-2-1440x1440.jpg 1440w, https:\/\/najnaj.eu\/wp-content\/uploads\/2025\/04\/HR-500ml-Watter-Bottle-Blush-Pink-2-420x420.jpg 420w, https:\/\/najnaj.eu\/wp-content\/uploads\/2025\/04\/HR-500ml-Watter-Bottle-Blush-Pink-2-50x50.jpg 50w, https:\/\/najnaj.eu\/wp-content\/uploads\/2025\/04\/HR-500ml-Watter-Bottle-Blush-Pink-2.jpg 2048w\" sizes=\"auto, (max-width: 980px) 100vw, 980px\" \/><\/p>\n","protected":false},"excerpt":{"rendered":"<p>Veliki otroci, najstniki in odrasli bodo navdu\u0161eni nad na\u0161o 500 ml termosko za vodo. \u0160iroka odprtina omogo\u010da enostavno pitje, ergonomska oblika, ki ne pu\u0161\u010da potu, in silikonski ustnik pa zagotavljata odpornost na udarce. Zahvaljujo\u010d napredni tehnologiji trojne izolacije va\u0161i napitki ostanejo topli do 12 ur in hladni do 24 ur!  <\/p>\n","protected":false},"featured_media":247550,"comment_status":"open","ping_status":"closed","template":"","meta":{"_acf_changed":false,"footnotes":""},"product_brand":[],"product_cat":[2228,1275,1312],"product_tag":[2349,2282],"class_list":{"0":"post-256371","1":"product","2":"type-product","3":"status-publish","4":"has-post-thumbnail","6":"product_cat-darila","7":"product_cat-posoda","8":"product_cat-steklenice-za-vodo","9":"product_tag-personalizirani-proizvodi","10":"product_tag-zima-sl","11":"pa_boja-siva-sl","12":"pa_brand-citron-sl","13":"pa_vrsta-posuda-steklenice-za-vodo","14":"pa_vrsta-posuda-termo-steklenice","16":"first","17":"instock","18":"shipping-taxable","19":"purchasable","20":"product-type-simple"},"bundled_by":[],"bundle_stock_status":"instock","bundle_stock_quantity":15,"bundle_virtual":false,"bundle_layout":"","bundle_add_to_cart_form_location":"","bundle_editable_in_cart":false,"bundle_sold_individually_context":"","bundle_item_grouping":"","bundle_min_size":"","bundle_max_size":"","bundle_price":[],"bundled_items":[],"bundle_sell_ids":[],"acf":[],"yoast_head":"<!-- This site is optimized with the Yoast SEO Premium plugin v21.5 (Yoast SEO v27.4) - https:\/\/yoast.com\/product\/yoast-seo-premium-wordpress\/ -->\n<title>Steklenica za vodo Citron 500 ml Cool Kids - NajNaj.eu<\/title>\n<meta name=\"robots\" content=\"index, follow, max-snippet:-1, max-image-preview:large, max-video-preview:-1\" \/>\n<link rel=\"canonical\" href=\"https:\/\/najnaj.eu\/sl\/izdelek\/steklenica-za-vodo-citron-500-ml-cool-kids\/\" \/>\n<meta property=\"og:locale\" content=\"sl_SI\" \/>\n<meta property=\"og:type\" content=\"article\" \/>\n<meta property=\"og:title\" content=\"Steklenica za vodo Citron 500 ml Cool Kids\" \/>\n<meta property=\"og:description\" content=\"Veliki otroci, najstniki in odrasli bodo navdu\u0161eni nad na\u0161o 500 ml termosko za vodo. \u0160iroka odprtina omogo\u010da enostavno pitje, ergonomska oblika, ki ne pu\u0161\u010da potu, in silikonski ustnik pa zagotavljata odpornost na udarce. Zahvaljujo\u010d napredni tehnologiji trojne izolacije va\u0161i napitki ostanejo topli do 12 ur in hladni do 24 ur!\" \/>\n<meta property=\"og:url\" content=\"https:\/\/najnaj.eu\/sl\/izdelek\/steklenica-za-vodo-citron-500-ml-cool-kids\/\" \/>\n<meta property=\"og:site_name\" content=\"NajNaj.eu\" \/>\n<meta property=\"article:publisher\" content=\"https:\/\/web.facebook.com\/najnaj.eu\/\" \/>\n<meta property=\"article:modified_time\" content=\"2025-06-23T12:41:39+00:00\" \/>\n<meta property=\"og:image\" content=\"https:\/\/najnaj.eu\/wp-content\/uploads\/2025\/04\/2024_wb_500_Cool_Kids.jpg\" \/>\n\t<meta property=\"og:image:width\" content=\"2000\" \/>\n\t<meta property=\"og:image:height\" content=\"2000\" \/>\n\t<meta property=\"og:image:type\" content=\"image\/jpeg\" \/>\n<meta name=\"twitter:card\" content=\"summary_large_image\" \/>\n<meta name=\"twitter:label1\" content=\"Price\" \/>\n\t<meta name=\"twitter:data1\" content=\"36,99&nbsp;&euro;\" \/>\n\t<meta name=\"twitter:label2\" content=\"Availability\" \/>\n\t<meta name=\"twitter:data2\" content=\"In stock\" \/>\n<script type=\"application\/ld+json\" class=\"yoast-schema-graph\">{\"@context\":\"https:\\\/\\\/schema.org\",\"@graph\":[{\"@type\":\"WebPage\",\"@id\":\"https:\\\/\\\/najnaj.eu\\\/sl\\\/izdelek\\\/steklenica-za-vodo-citron-500-ml-cool-kids\\\/\",\"url\":\"https:\\\/\\\/najnaj.eu\\\/sl\\\/izdelek\\\/steklenica-za-vodo-citron-500-ml-cool-kids\\\/\",\"name\":\"Steklenica za vodo Citron 500 ml Cool Kids - NajNaj.eu\",\"isPartOf\":{\"@id\":\"https:\\\/\\\/najnaj.eu\\\/sl\\\/#website\"},\"primaryImageOfPage\":{\"@id\":\"https:\\\/\\\/najnaj.eu\\\/sl\\\/izdelek\\\/steklenica-za-vodo-citron-500-ml-cool-kids\\\/#primaryimage\"},\"image\":{\"@id\":\"https:\\\/\\\/najnaj.eu\\\/sl\\\/izdelek\\\/steklenica-za-vodo-citron-500-ml-cool-kids\\\/#primaryimage\"},\"thumbnailUrl\":\"https:\\\/\\\/najnaj.eu\\\/wp-content\\\/uploads\\\/2025\\\/04\\\/2024_wb_500_Cool_Kids.jpg\",\"datePublished\":\"2025-04-02T13:55:53+00:00\",\"dateModified\":\"2025-06-23T12:41:39+00:00\",\"breadcrumb\":{\"@id\":\"https:\\\/\\\/najnaj.eu\\\/sl\\\/izdelek\\\/steklenica-za-vodo-citron-500-ml-cool-kids\\\/#breadcrumb\"},\"inLanguage\":\"sl-SI\",\"potentialAction\":[{\"@type\":\"ReadAction\",\"target\":[\"https:\\\/\\\/najnaj.eu\\\/sl\\\/izdelek\\\/steklenica-za-vodo-citron-500-ml-cool-kids\\\/\"]}]},{\"@type\":\"ImageObject\",\"inLanguage\":\"sl-SI\",\"@id\":\"https:\\\/\\\/najnaj.eu\\\/sl\\\/izdelek\\\/steklenica-za-vodo-citron-500-ml-cool-kids\\\/#primaryimage\",\"url\":\"https:\\\/\\\/najnaj.eu\\\/wp-content\\\/uploads\\\/2025\\\/04\\\/2024_wb_500_Cool_Kids.jpg\",\"contentUrl\":\"https:\\\/\\\/najnaj.eu\\\/wp-content\\\/uploads\\\/2025\\\/04\\\/2024_wb_500_Cool_Kids.jpg\",\"width\":2000,\"height\":2000},{\"@type\":\"BreadcrumbList\",\"@id\":\"https:\\\/\\\/najnaj.eu\\\/sl\\\/izdelek\\\/steklenica-za-vodo-citron-500-ml-cool-kids\\\/#breadcrumb\",\"itemListElement\":[{\"@type\":\"ListItem\",\"position\":1,\"name\":\"Po\u010detna stranica\",\"item\":\"https:\\\/\\\/najnaj.eu\\\/sl\\\/prednja-stran\\\/\"},{\"@type\":\"ListItem\",\"position\":2,\"name\":\"Shop\",\"item\":\"https:\\\/\\\/najnaj.eu\\\/sl\\\/shop\\\/\"},{\"@type\":\"ListItem\",\"position\":3,\"name\":\"Steklenica za vodo Citron 500 ml Cool Kids\"}]},{\"@type\":\"WebSite\",\"@id\":\"https:\\\/\\\/najnaj.eu\\\/sl\\\/#website\",\"url\":\"https:\\\/\\\/najnaj.eu\\\/sl\\\/\",\"name\":\"NajNaj.eu\",\"description\":\"Za najva\u017enije!\",\"publisher\":{\"@id\":\"https:\\\/\\\/najnaj.eu\\\/sl\\\/#organization\"},\"potentialAction\":[{\"@type\":\"SearchAction\",\"target\":{\"@type\":\"EntryPoint\",\"urlTemplate\":\"https:\\\/\\\/najnaj.eu\\\/sl\\\/?s={search_term_string}\"},\"query-input\":{\"@type\":\"PropertyValueSpecification\",\"valueRequired\":true,\"valueName\":\"search_term_string\"}}],\"inLanguage\":\"sl-SI\"},{\"@type\":\"Organization\",\"@id\":\"https:\\\/\\\/najnaj.eu\\\/sl\\\/#organization\",\"name\":\"NajNaj.eu\",\"url\":\"https:\\\/\\\/najnaj.eu\\\/sl\\\/\",\"logo\":{\"@type\":\"ImageObject\",\"inLanguage\":\"sl-SI\",\"@id\":\"https:\\\/\\\/najnaj.eu\\\/sl\\\/#\\\/schema\\\/logo\\\/image\\\/\",\"url\":\"https:\\\/\\\/najnaj.eu\\\/wp-content\\\/uploads\\\/2023\\\/09\\\/logo_Najnaj_2023.svg\",\"contentUrl\":\"https:\\\/\\\/najnaj.eu\\\/wp-content\\\/uploads\\\/2023\\\/09\\\/logo_Najnaj_2023.svg\",\"width\":501,\"height\":278,\"caption\":\"NajNaj.eu\"},\"image\":{\"@id\":\"https:\\\/\\\/najnaj.eu\\\/sl\\\/#\\\/schema\\\/logo\\\/image\\\/\"},\"sameAs\":[\"https:\\\/\\\/web.facebook.com\\\/najnaj.eu\\\/\",\"https:\\\/\\\/www.instagram.com\\\/najnaj.eu\\\/\",\"https:\\\/\\\/www.tiktok.com\\\/@najnaj.eu\"]}]}<\/script>\n<meta property=\"product:brand\" content=\"Citron\" \/>\n<meta property=\"product:price:amount\" content=\"36.99\" \/>\n<meta property=\"product:price:currency\" content=\"EUR\" \/>\n<meta property=\"og:availability\" content=\"instock\" \/>\n<meta property=\"product:availability\" content=\"instock\" \/>\n<meta property=\"product:retailer_item_id\" content=\"2024_wb_500_Cool_Kids\" \/>\n<meta property=\"product:condition\" content=\"new\" \/>\n<!-- \/ Yoast SEO Premium plugin. -->","yoast_head_json":{"title":"Steklenica za vodo Citron 500 ml Cool Kids - NajNaj.eu","robots":{"index":"index","follow":"follow","max-snippet":"max-snippet:-1","max-image-preview":"max-image-preview:large","max-video-preview":"max-video-preview:-1"},"canonical":"https:\/\/najnaj.eu\/sl\/izdelek\/steklenica-za-vodo-citron-500-ml-cool-kids\/","og_locale":"sl_SI","og_type":"article","og_title":"Steklenica za vodo Citron 500 ml Cool Kids","og_description":"Veliki otroci, najstniki in odrasli bodo navdu\u0161eni nad na\u0161o 500 ml termosko za vodo. \u0160iroka odprtina omogo\u010da enostavno pitje, ergonomska oblika, ki ne pu\u0161\u010da potu, in silikonski ustnik pa zagotavljata odpornost na udarce. Zahvaljujo\u010d napredni tehnologiji trojne izolacije va\u0161i napitki ostanejo topli do 12 ur in hladni do 24 ur!","og_url":"https:\/\/najnaj.eu\/sl\/izdelek\/steklenica-za-vodo-citron-500-ml-cool-kids\/","og_site_name":"NajNaj.eu","article_publisher":"https:\/\/web.facebook.com\/najnaj.eu\/","article_modified_time":"2025-06-23T12:41:39+00:00","og_image":[{"width":2000,"height":2000,"url":"https:\/\/najnaj.eu\/wp-content\/uploads\/2025\/04\/2024_wb_500_Cool_Kids.jpg","type":"image\/jpeg"}],"twitter_card":"summary_large_image","twitter_misc":{"Price":"36,99&nbsp;&euro;","Availability":"In stock"},"schema":{"@context":"https:\/\/schema.org","@graph":[{"@type":"WebPage","@id":"https:\/\/najnaj.eu\/sl\/izdelek\/steklenica-za-vodo-citron-500-ml-cool-kids\/","url":"https:\/\/najnaj.eu\/sl\/izdelek\/steklenica-za-vodo-citron-500-ml-cool-kids\/","name":"Steklenica za vodo Citron 500 ml Cool Kids - NajNaj.eu","isPartOf":{"@id":"https:\/\/najnaj.eu\/sl\/#website"},"primaryImageOfPage":{"@id":"https:\/\/najnaj.eu\/sl\/izdelek\/steklenica-za-vodo-citron-500-ml-cool-kids\/#primaryimage"},"image":{"@id":"https:\/\/najnaj.eu\/sl\/izdelek\/steklenica-za-vodo-citron-500-ml-cool-kids\/#primaryimage"},"thumbnailUrl":"https:\/\/najnaj.eu\/wp-content\/uploads\/2025\/04\/2024_wb_500_Cool_Kids.jpg","datePublished":"2025-04-02T13:55:53+00:00","dateModified":"2025-06-23T12:41:39+00:00","breadcrumb":{"@id":"https:\/\/najnaj.eu\/sl\/izdelek\/steklenica-za-vodo-citron-500-ml-cool-kids\/#breadcrumb"},"inLanguage":"sl-SI","potentialAction":[{"@type":"ReadAction","target":["https:\/\/najnaj.eu\/sl\/izdelek\/steklenica-za-vodo-citron-500-ml-cool-kids\/"]}]},{"@type":"ImageObject","inLanguage":"sl-SI","@id":"https:\/\/najnaj.eu\/sl\/izdelek\/steklenica-za-vodo-citron-500-ml-cool-kids\/#primaryimage","url":"https:\/\/najnaj.eu\/wp-content\/uploads\/2025\/04\/2024_wb_500_Cool_Kids.jpg","contentUrl":"https:\/\/najnaj.eu\/wp-content\/uploads\/2025\/04\/2024_wb_500_Cool_Kids.jpg","width":2000,"height":2000},{"@type":"BreadcrumbList","@id":"https:\/\/najnaj.eu\/sl\/izdelek\/steklenica-za-vodo-citron-500-ml-cool-kids\/#breadcrumb","itemListElement":[{"@type":"ListItem","position":1,"name":"Po\u010detna stranica","item":"https:\/\/najnaj.eu\/sl\/prednja-stran\/"},{"@type":"ListItem","position":2,"name":"Shop","item":"https:\/\/najnaj.eu\/sl\/shop\/"},{"@type":"ListItem","position":3,"name":"Steklenica za vodo Citron 500 ml Cool Kids"}]},{"@type":"WebSite","@id":"https:\/\/najnaj.eu\/sl\/#website","url":"https:\/\/najnaj.eu\/sl\/","name":"NajNaj.eu","description":"Za najva\u017enije!","publisher":{"@id":"https:\/\/najnaj.eu\/sl\/#organization"},"potentialAction":[{"@type":"SearchAction","target":{"@type":"EntryPoint","urlTemplate":"https:\/\/najnaj.eu\/sl\/?s={search_term_string}"},"query-input":{"@type":"PropertyValueSpecification","valueRequired":true,"valueName":"search_term_string"}}],"inLanguage":"sl-SI"},{"@type":"Organization","@id":"https:\/\/najnaj.eu\/sl\/#organization","name":"NajNaj.eu","url":"https:\/\/najnaj.eu\/sl\/","logo":{"@type":"ImageObject","inLanguage":"sl-SI","@id":"https:\/\/najnaj.eu\/sl\/#\/schema\/logo\/image\/","url":"https:\/\/najnaj.eu\/wp-content\/uploads\/2023\/09\/logo_Najnaj_2023.svg","contentUrl":"https:\/\/najnaj.eu\/wp-content\/uploads\/2023\/09\/logo_Najnaj_2023.svg","width":501,"height":278,"caption":"NajNaj.eu"},"image":{"@id":"https:\/\/najnaj.eu\/sl\/#\/schema\/logo\/image\/"},"sameAs":["https:\/\/web.facebook.com\/najnaj.eu\/","https:\/\/www.instagram.com\/najnaj.eu\/","https:\/\/www.tiktok.com\/@najnaj.eu"]}]},"product_brand":"Citron","product_price_amount":"36.99","product_price_currency":"EUR","og_availability":"instock","product_availability":"instock","product_retailer_item_id":"2024_wb_500_Cool_Kids","product_condition":"new"},"_links":{"self":[{"href":"https:\/\/najnaj.eu\/sl\/wp-json\/wp\/v2\/product\/256371","targetHints":{"allow":["GET"]}}],"collection":[{"href":"https:\/\/najnaj.eu\/sl\/wp-json\/wp\/v2\/product"}],"about":[{"href":"https:\/\/najnaj.eu\/sl\/wp-json\/wp\/v2\/types\/product"}],"replies":[{"embeddable":true,"href":"https:\/\/najnaj.eu\/sl\/wp-json\/wp\/v2\/comments?post=256371"}],"version-history":[{"count":0,"href":"https:\/\/najnaj.eu\/sl\/wp-json\/wp\/v2\/product\/256371\/revisions"}],"wp:featuredmedia":[{"embeddable":true,"href":"https:\/\/najnaj.eu\/sl\/wp-json\/wp\/v2\/media\/247550"}],"wp:attachment":[{"href":"https:\/\/najnaj.eu\/sl\/wp-json\/wp\/v2\/media?parent=256371"}],"wp:term":[{"taxonomy":"product_brand","embeddable":true,"href":"https:\/\/najnaj.eu\/sl\/wp-json\/wp\/v2\/product_brand?post=256371"},{"taxonomy":"product_cat","embeddable":true,"href":"https:\/\/najnaj.eu\/sl\/wp-json\/wp\/v2\/product_cat?post=256371"},{"taxonomy":"product_tag","embeddable":true,"href":"https:\/\/najnaj.eu\/sl\/wp-json\/wp\/v2\/product_tag?post=256371"}],"curies":[{"name":"wp","href":"https:\/\/api.w.org\/{rel}","templated":true}]}}