{"id":256365,"date":"2025-04-03T08:53:15","date_gmt":"2025-04-03T06:53:15","guid":{"rendered":"https:\/\/najnaj.eu\/proizvod\/skatla-za-prigrizke-s-cvetovi-citronovega-tritana\/"},"modified":"2025-06-23T14:41:32","modified_gmt":"2025-06-23T12:41:32","slug":"skatla-za-prigrizke-s-cvetovi-citronovega-tritana","status":"publish","type":"product","link":"https:\/\/najnaj.eu\/sl\/izdelek\/skatla-za-prigrizke-s-cvetovi-citronovega-tritana\/","title":{"rendered":"\u0160katla za prigrizke s cvetovi citronovega tritana"},"content":{"rendered":"<p>Ta lahka in kompaktna \u0161katla za malico s prostornino do 700 ml je zasnovana z mehanizmom, ki ga je enostavno odpreti tudi z majhnimi rokami, zato je primerna za otroke, stare 18 mesecev in ve\u010d.<\/p>\n<ul>\n<li>  Hrano shranjuje v 4 lo\u010denih predelkih, v slogu bento \u0161katle za malico<\/li>\n<li>Zadrga, ki prepre\u010duje pu\u0161\u010danje, ohranja va\u0161o torbo za kosilo suho in \u010disto<\/li>\n<li>Izdelano brez strupenih materialov (brez BPA, ftalatov in svinca)<\/li>\n<li>Oblo\u017eeno z odstranljivim silikonom za enostavno pranje<\/li>\n<\/ul>\n<p><img loading=\"lazy\" decoding=\"async\" class=\"alignnone wp-image-246074 size-full\" src=\"https:\/\/najnaj.eu\/wp-content\/uploads\/2025\/04\/Tritan-Lunchbox-Cherry-3-HR-768x768-2.jpg\" alt=\"\" width=\"768\" height=\"768\" srcset=\"https:\/\/najnaj.eu\/wp-content\/uploads\/2025\/04\/Tritan-Lunchbox-Cherry-3-HR-768x768-2.jpg 768w, https:\/\/najnaj.eu\/wp-content\/uploads\/2025\/04\/Tritan-Lunchbox-Cherry-3-HR-768x768-2-324x324.jpg 324w, https:\/\/najnaj.eu\/wp-content\/uploads\/2025\/04\/Tritan-Lunchbox-Cherry-3-HR-768x768-2-100x100.jpg 100w, https:\/\/najnaj.eu\/wp-content\/uploads\/2025\/04\/Tritan-Lunchbox-Cherry-3-HR-768x768-2-300x300.jpg 300w, https:\/\/najnaj.eu\/wp-content\/uploads\/2025\/04\/Tritan-Lunchbox-Cherry-3-HR-768x768-2-150x150.jpg 150w, https:\/\/najnaj.eu\/wp-content\/uploads\/2025\/04\/Tritan-Lunchbox-Cherry-3-HR-768x768-2-420x420.jpg 420w, https:\/\/najnaj.eu\/wp-content\/uploads\/2025\/04\/Tritan-Lunchbox-Cherry-3-HR-768x768-2-50x50.jpg 50w\" sizes=\"auto, (max-width: 768px) 100vw, 768px\" \/><\/p>\n","protected":false},"excerpt":{"rendered":"<p>Lahka \u0161katla za prigrizke iz tritana je idealna za obroke na poti v \u0161oli, slu\u017ebi, igri ali na potovanju, saj je neprepustna, zato ne bo povzro\u010dila razlitja v va\u0161i torbi. Izdelana je iz visokokakovostnih, nestrupenih materialov. Ima \u0161tiri predelke v slogu bento.  <\/p>\n","protected":false},"featured_media":246046,"comment_status":"open","ping_status":"closed","template":"","meta":{"_acf_changed":false,"footnotes":""},"product_brand":[],"product_cat":[1275,1310],"product_tag":[],"class_list":{"0":"post-256365","1":"product","2":"type-product","3":"status-publish","4":"has-post-thumbnail","6":"product_cat-posoda","7":"product_cat-skatle-za-prigrizke","8":"pa_boja-roza-sl","9":"pa_brand-citron-sl","10":"pa_vrsta-posuda-skatle-za-prigrizke","12":"first","13":"instock","14":"shipping-taxable","15":"purchasable","16":"product-type-simple"},"bundled_by":[],"bundle_stock_status":"instock","bundle_stock_quantity":15,"bundle_virtual":false,"bundle_layout":"","bundle_add_to_cart_form_location":"","bundle_editable_in_cart":false,"bundle_sold_individually_context":"","bundle_item_grouping":"","bundle_min_size":"","bundle_max_size":"","bundle_price":[],"bundled_items":[],"bundle_sell_ids":[],"acf":[],"yoast_head":"<!-- This site is optimized with the Yoast SEO Premium plugin v21.5 (Yoast SEO v27.3) - https:\/\/yoast.com\/product\/yoast-seo-premium-wordpress\/ -->\n<title>\u0160katla za prigrizke s cvetovi citronovega tritana - NajNaj.eu<\/title>\n<meta name=\"robots\" content=\"index, follow, max-snippet:-1, max-image-preview:large, max-video-preview:-1\" \/>\n<link rel=\"canonical\" href=\"https:\/\/najnaj.eu\/sl\/izdelek\/skatla-za-prigrizke-s-cvetovi-citronovega-tritana\/\" \/>\n<meta property=\"og:locale\" content=\"sl_SI\" \/>\n<meta property=\"og:type\" content=\"article\" \/>\n<meta property=\"og:title\" content=\"\u0160katla za prigrizke s cvetovi citronovega tritana\" \/>\n<meta property=\"og:description\" content=\"Lahka \u0161katla za prigrizke iz tritana je idealna za obroke na poti v \u0161oli, slu\u017ebi, igri ali na potovanju, saj je neprepustna, zato ne bo povzro\u010dila razlitja v va\u0161i torbi. Izdelana je iz visokokakovostnih, nestrupenih materialov. Ima \u0161tiri predelke v slogu bento.\" \/>\n<meta property=\"og:url\" content=\"https:\/\/najnaj.eu\/sl\/izdelek\/skatla-za-prigrizke-s-cvetovi-citronovega-tritana\/\" \/>\n<meta property=\"og:site_name\" content=\"NajNaj.eu\" \/>\n<meta property=\"article:publisher\" content=\"https:\/\/web.facebook.com\/najnaj.eu\/\" \/>\n<meta property=\"article:modified_time\" content=\"2025-06-23T12:41:32+00:00\" \/>\n<meta property=\"og:image\" content=\"https:\/\/najnaj.eu\/wp-content\/uploads\/2025\/04\/Z1002-Tritan-Lunchbox-Flowers-Extra-0.jpg\" \/>\n\t<meta property=\"og:image:width\" content=\"2000\" \/>\n\t<meta property=\"og:image:height\" content=\"2000\" \/>\n\t<meta property=\"og:image:type\" content=\"image\/jpeg\" \/>\n<meta name=\"twitter:card\" content=\"summary_large_image\" \/>\n<meta name=\"twitter:label1\" content=\"Price\" \/>\n\t<meta name=\"twitter:data1\" content=\"39,99&nbsp;&euro;\" \/>\n\t<meta name=\"twitter:label2\" content=\"Availability\" \/>\n\t<meta name=\"twitter:data2\" content=\"In stock\" \/>\n<script type=\"application\/ld+json\" class=\"yoast-schema-graph\">{\"@context\":\"https:\\\/\\\/schema.org\",\"@graph\":[{\"@type\":\"WebPage\",\"@id\":\"https:\\\/\\\/najnaj.eu\\\/sl\\\/izdelek\\\/skatla-za-prigrizke-s-cvetovi-citronovega-tritana\\\/\",\"url\":\"https:\\\/\\\/najnaj.eu\\\/sl\\\/izdelek\\\/skatla-za-prigrizke-s-cvetovi-citronovega-tritana\\\/\",\"name\":\"\u0160katla za prigrizke s cvetovi citronovega tritana - NajNaj.eu\",\"isPartOf\":{\"@id\":\"https:\\\/\\\/najnaj.eu\\\/sl\\\/#website\"},\"primaryImageOfPage\":{\"@id\":\"https:\\\/\\\/najnaj.eu\\\/sl\\\/izdelek\\\/skatla-za-prigrizke-s-cvetovi-citronovega-tritana\\\/#primaryimage\"},\"image\":{\"@id\":\"https:\\\/\\\/najnaj.eu\\\/sl\\\/izdelek\\\/skatla-za-prigrizke-s-cvetovi-citronovega-tritana\\\/#primaryimage\"},\"thumbnailUrl\":\"https:\\\/\\\/najnaj.eu\\\/wp-content\\\/uploads\\\/2025\\\/04\\\/Z1002-Tritan-Lunchbox-Flowers-Extra-0.jpg\",\"datePublished\":\"2025-04-03T06:53:15+00:00\",\"dateModified\":\"2025-06-23T12:41:32+00:00\",\"breadcrumb\":{\"@id\":\"https:\\\/\\\/najnaj.eu\\\/sl\\\/izdelek\\\/skatla-za-prigrizke-s-cvetovi-citronovega-tritana\\\/#breadcrumb\"},\"inLanguage\":\"sl-SI\",\"potentialAction\":[{\"@type\":\"ReadAction\",\"target\":[\"https:\\\/\\\/najnaj.eu\\\/sl\\\/izdelek\\\/skatla-za-prigrizke-s-cvetovi-citronovega-tritana\\\/\"]}]},{\"@type\":\"ImageObject\",\"inLanguage\":\"sl-SI\",\"@id\":\"https:\\\/\\\/najnaj.eu\\\/sl\\\/izdelek\\\/skatla-za-prigrizke-s-cvetovi-citronovega-tritana\\\/#primaryimage\",\"url\":\"https:\\\/\\\/najnaj.eu\\\/wp-content\\\/uploads\\\/2025\\\/04\\\/Z1002-Tritan-Lunchbox-Flowers-Extra-0.jpg\",\"contentUrl\":\"https:\\\/\\\/najnaj.eu\\\/wp-content\\\/uploads\\\/2025\\\/04\\\/Z1002-Tritan-Lunchbox-Flowers-Extra-0.jpg\",\"width\":2000,\"height\":2000},{\"@type\":\"BreadcrumbList\",\"@id\":\"https:\\\/\\\/najnaj.eu\\\/sl\\\/izdelek\\\/skatla-za-prigrizke-s-cvetovi-citronovega-tritana\\\/#breadcrumb\",\"itemListElement\":[{\"@type\":\"ListItem\",\"position\":1,\"name\":\"Po\u010detna stranica\",\"item\":\"https:\\\/\\\/najnaj.eu\\\/sl\\\/prednja-stran\\\/\"},{\"@type\":\"ListItem\",\"position\":2,\"name\":\"Shop\",\"item\":\"https:\\\/\\\/najnaj.eu\\\/sl\\\/shop\\\/\"},{\"@type\":\"ListItem\",\"position\":3,\"name\":\"\u0160katla za prigrizke s cvetovi citronovega tritana\"}]},{\"@type\":\"WebSite\",\"@id\":\"https:\\\/\\\/najnaj.eu\\\/sl\\\/#website\",\"url\":\"https:\\\/\\\/najnaj.eu\\\/sl\\\/\",\"name\":\"NajNaj.eu\",\"description\":\"Za najva\u017enije!\",\"publisher\":{\"@id\":\"https:\\\/\\\/najnaj.eu\\\/sl\\\/#organization\"},\"potentialAction\":[{\"@type\":\"SearchAction\",\"target\":{\"@type\":\"EntryPoint\",\"urlTemplate\":\"https:\\\/\\\/najnaj.eu\\\/sl\\\/?s={search_term_string}\"},\"query-input\":{\"@type\":\"PropertyValueSpecification\",\"valueRequired\":true,\"valueName\":\"search_term_string\"}}],\"inLanguage\":\"sl-SI\"},{\"@type\":\"Organization\",\"@id\":\"https:\\\/\\\/najnaj.eu\\\/sl\\\/#organization\",\"name\":\"NajNaj.eu\",\"url\":\"https:\\\/\\\/najnaj.eu\\\/sl\\\/\",\"logo\":{\"@type\":\"ImageObject\",\"inLanguage\":\"sl-SI\",\"@id\":\"https:\\\/\\\/najnaj.eu\\\/sl\\\/#\\\/schema\\\/logo\\\/image\\\/\",\"url\":\"https:\\\/\\\/najnaj.eu\\\/wp-content\\\/uploads\\\/2023\\\/09\\\/logo_Najnaj_2023.svg\",\"contentUrl\":\"https:\\\/\\\/najnaj.eu\\\/wp-content\\\/uploads\\\/2023\\\/09\\\/logo_Najnaj_2023.svg\",\"width\":501,\"height\":278,\"caption\":\"NajNaj.eu\"},\"image\":{\"@id\":\"https:\\\/\\\/najnaj.eu\\\/sl\\\/#\\\/schema\\\/logo\\\/image\\\/\"},\"sameAs\":[\"https:\\\/\\\/web.facebook.com\\\/najnaj.eu\\\/\",\"https:\\\/\\\/www.instagram.com\\\/najnaj.eu\\\/\",\"https:\\\/\\\/www.tiktok.com\\\/@najnaj.eu\"]}]}<\/script>\n<meta property=\"product:brand\" content=\"Citron\" \/>\n<meta property=\"product:price:amount\" content=\"39.99\" \/>\n<meta property=\"product:price:currency\" content=\"EUR\" \/>\n<meta property=\"og:availability\" content=\"instock\" \/>\n<meta property=\"product:availability\" content=\"instock\" \/>\n<meta property=\"product:retailer_item_id\" content=\"2024_Lunchbox_Tritan_Flowers\" \/>\n<meta property=\"product:condition\" content=\"new\" \/>\n<!-- \/ Yoast SEO Premium plugin. -->","yoast_head_json":{"title":"\u0160katla za prigrizke s cvetovi citronovega tritana - NajNaj.eu","robots":{"index":"index","follow":"follow","max-snippet":"max-snippet:-1","max-image-preview":"max-image-preview:large","max-video-preview":"max-video-preview:-1"},"canonical":"https:\/\/najnaj.eu\/sl\/izdelek\/skatla-za-prigrizke-s-cvetovi-citronovega-tritana\/","og_locale":"sl_SI","og_type":"article","og_title":"\u0160katla za prigrizke s cvetovi citronovega tritana","og_description":"Lahka \u0161katla za prigrizke iz tritana je idealna za obroke na poti v \u0161oli, slu\u017ebi, igri ali na potovanju, saj je neprepustna, zato ne bo povzro\u010dila razlitja v va\u0161i torbi. Izdelana je iz visokokakovostnih, nestrupenih materialov. Ima \u0161tiri predelke v slogu bento.","og_url":"https:\/\/najnaj.eu\/sl\/izdelek\/skatla-za-prigrizke-s-cvetovi-citronovega-tritana\/","og_site_name":"NajNaj.eu","article_publisher":"https:\/\/web.facebook.com\/najnaj.eu\/","article_modified_time":"2025-06-23T12:41:32+00:00","og_image":[{"width":2000,"height":2000,"url":"https:\/\/najnaj.eu\/wp-content\/uploads\/2025\/04\/Z1002-Tritan-Lunchbox-Flowers-Extra-0.jpg","type":"image\/jpeg"}],"twitter_card":"summary_large_image","twitter_misc":{"Price":"39,99&nbsp;&euro;","Availability":"In stock"},"schema":{"@context":"https:\/\/schema.org","@graph":[{"@type":"WebPage","@id":"https:\/\/najnaj.eu\/sl\/izdelek\/skatla-za-prigrizke-s-cvetovi-citronovega-tritana\/","url":"https:\/\/najnaj.eu\/sl\/izdelek\/skatla-za-prigrizke-s-cvetovi-citronovega-tritana\/","name":"\u0160katla za prigrizke s cvetovi citronovega tritana - NajNaj.eu","isPartOf":{"@id":"https:\/\/najnaj.eu\/sl\/#website"},"primaryImageOfPage":{"@id":"https:\/\/najnaj.eu\/sl\/izdelek\/skatla-za-prigrizke-s-cvetovi-citronovega-tritana\/#primaryimage"},"image":{"@id":"https:\/\/najnaj.eu\/sl\/izdelek\/skatla-za-prigrizke-s-cvetovi-citronovega-tritana\/#primaryimage"},"thumbnailUrl":"https:\/\/najnaj.eu\/wp-content\/uploads\/2025\/04\/Z1002-Tritan-Lunchbox-Flowers-Extra-0.jpg","datePublished":"2025-04-03T06:53:15+00:00","dateModified":"2025-06-23T12:41:32+00:00","breadcrumb":{"@id":"https:\/\/najnaj.eu\/sl\/izdelek\/skatla-za-prigrizke-s-cvetovi-citronovega-tritana\/#breadcrumb"},"inLanguage":"sl-SI","potentialAction":[{"@type":"ReadAction","target":["https:\/\/najnaj.eu\/sl\/izdelek\/skatla-za-prigrizke-s-cvetovi-citronovega-tritana\/"]}]},{"@type":"ImageObject","inLanguage":"sl-SI","@id":"https:\/\/najnaj.eu\/sl\/izdelek\/skatla-za-prigrizke-s-cvetovi-citronovega-tritana\/#primaryimage","url":"https:\/\/najnaj.eu\/wp-content\/uploads\/2025\/04\/Z1002-Tritan-Lunchbox-Flowers-Extra-0.jpg","contentUrl":"https:\/\/najnaj.eu\/wp-content\/uploads\/2025\/04\/Z1002-Tritan-Lunchbox-Flowers-Extra-0.jpg","width":2000,"height":2000},{"@type":"BreadcrumbList","@id":"https:\/\/najnaj.eu\/sl\/izdelek\/skatla-za-prigrizke-s-cvetovi-citronovega-tritana\/#breadcrumb","itemListElement":[{"@type":"ListItem","position":1,"name":"Po\u010detna stranica","item":"https:\/\/najnaj.eu\/sl\/prednja-stran\/"},{"@type":"ListItem","position":2,"name":"Shop","item":"https:\/\/najnaj.eu\/sl\/shop\/"},{"@type":"ListItem","position":3,"name":"\u0160katla za prigrizke s cvetovi citronovega tritana"}]},{"@type":"WebSite","@id":"https:\/\/najnaj.eu\/sl\/#website","url":"https:\/\/najnaj.eu\/sl\/","name":"NajNaj.eu","description":"Za najva\u017enije!","publisher":{"@id":"https:\/\/najnaj.eu\/sl\/#organization"},"potentialAction":[{"@type":"SearchAction","target":{"@type":"EntryPoint","urlTemplate":"https:\/\/najnaj.eu\/sl\/?s={search_term_string}"},"query-input":{"@type":"PropertyValueSpecification","valueRequired":true,"valueName":"search_term_string"}}],"inLanguage":"sl-SI"},{"@type":"Organization","@id":"https:\/\/najnaj.eu\/sl\/#organization","name":"NajNaj.eu","url":"https:\/\/najnaj.eu\/sl\/","logo":{"@type":"ImageObject","inLanguage":"sl-SI","@id":"https:\/\/najnaj.eu\/sl\/#\/schema\/logo\/image\/","url":"https:\/\/najnaj.eu\/wp-content\/uploads\/2023\/09\/logo_Najnaj_2023.svg","contentUrl":"https:\/\/najnaj.eu\/wp-content\/uploads\/2023\/09\/logo_Najnaj_2023.svg","width":501,"height":278,"caption":"NajNaj.eu"},"image":{"@id":"https:\/\/najnaj.eu\/sl\/#\/schema\/logo\/image\/"},"sameAs":["https:\/\/web.facebook.com\/najnaj.eu\/","https:\/\/www.instagram.com\/najnaj.eu\/","https:\/\/www.tiktok.com\/@najnaj.eu"]}]},"product_brand":"Citron","product_price_amount":"39.99","product_price_currency":"EUR","og_availability":"instock","product_availability":"instock","product_retailer_item_id":"2024_Lunchbox_Tritan_Flowers","product_condition":"new"},"_links":{"self":[{"href":"https:\/\/najnaj.eu\/sl\/wp-json\/wp\/v2\/product\/256365","targetHints":{"allow":["GET"]}}],"collection":[{"href":"https:\/\/najnaj.eu\/sl\/wp-json\/wp\/v2\/product"}],"about":[{"href":"https:\/\/najnaj.eu\/sl\/wp-json\/wp\/v2\/types\/product"}],"replies":[{"embeddable":true,"href":"https:\/\/najnaj.eu\/sl\/wp-json\/wp\/v2\/comments?post=256365"}],"version-history":[{"count":0,"href":"https:\/\/najnaj.eu\/sl\/wp-json\/wp\/v2\/product\/256365\/revisions"}],"wp:featuredmedia":[{"embeddable":true,"href":"https:\/\/najnaj.eu\/sl\/wp-json\/wp\/v2\/media\/246046"}],"wp:attachment":[{"href":"https:\/\/najnaj.eu\/sl\/wp-json\/wp\/v2\/media?parent=256365"}],"wp:term":[{"taxonomy":"product_brand","embeddable":true,"href":"https:\/\/najnaj.eu\/sl\/wp-json\/wp\/v2\/product_brand?post=256365"},{"taxonomy":"product_cat","embeddable":true,"href":"https:\/\/najnaj.eu\/sl\/wp-json\/wp\/v2\/product_cat?post=256365"},{"taxonomy":"product_tag","embeddable":true,"href":"https:\/\/najnaj.eu\/sl\/wp-json\/wp\/v2\/product_tag?post=256365"}],"curies":[{"name":"wp","href":"https:\/\/api.w.org\/{rel}","templated":true}]}}