{"id":256355,"date":"2025-01-23T16:10:41","date_gmt":"2025-01-23T15:10:41","guid":{"rendered":"https:\/\/najnaj.eu\/proizvod\/otroski-nahrbtnik-citron-srednje-velikosti-vozila\/"},"modified":"2025-06-23T14:42:21","modified_gmt":"2025-06-23T12:42:21","slug":"otroski-nahrbtnik-citron-srednje-velikosti-vozila","status":"publish","type":"product","link":"https:\/\/najnaj.eu\/sl\/izdelek\/otroski-nahrbtnik-citron-srednje-velikosti-vozila\/","title":{"rendered":"Otro\u0161ki nahrbtnik Citron srednje velikosti Vozila"},"content":{"rendered":"<p>Ta prostoren in lahek srednje velik nahrbtnik ima glavni predal z dvojno zadrgo in sprednji \u017eep z zadrgo, zaradi \u010desar je idealen za enodnevne izlete in poletne izlete za odra\u0161\u010dajo\u010de otroke. Vanj lahko spravite dve plastenki za vodo do 500 ml, eno \u0161katlo za prigrizke, vla\u017ene rob\u010dke, eno majhno in eno srednje veliko igra\u010do, otro\u0161ka son\u010dna o\u010dala, torbico za toaletne potreb\u0161\u010dine polne velikosti, majhno prozorno torbico za dodatke, eno otro\u0161ko torbico za shranjevanje ali iPad ter potreb\u0161\u010dine za oblazinjenje. <\/p>\n<p><img loading=\"lazy\" decoding=\"async\" class=\"aligncenter wp-image-236402 size-large\" src=\"https:\/\/najnaj.eu\/wp-content\/uploads\/2025\/01\/Medium_Backpack_Ballerina-8-HR-1024x1024.jpg\" alt=\"\" width=\"980\" height=\"980\" srcset=\"https:\/\/najnaj.eu\/wp-content\/uploads\/2025\/01\/Medium_Backpack_Ballerina-8-HR-1024x1024.jpg 1024w, https:\/\/najnaj.eu\/wp-content\/uploads\/2025\/01\/Medium_Backpack_Ballerina-8-HR-324x324.jpg 324w, https:\/\/najnaj.eu\/wp-content\/uploads\/2025\/01\/Medium_Backpack_Ballerina-8-HR-100x100.jpg 100w, https:\/\/najnaj.eu\/wp-content\/uploads\/2025\/01\/Medium_Backpack_Ballerina-8-HR-1200x1200.jpg 1200w, https:\/\/najnaj.eu\/wp-content\/uploads\/2025\/01\/Medium_Backpack_Ballerina-8-HR-300x300.jpg 300w, https:\/\/najnaj.eu\/wp-content\/uploads\/2025\/01\/Medium_Backpack_Ballerina-8-HR-150x150.jpg 150w, https:\/\/najnaj.eu\/wp-content\/uploads\/2025\/01\/Medium_Backpack_Ballerina-8-HR-768x768.jpg 768w, https:\/\/najnaj.eu\/wp-content\/uploads\/2025\/01\/Medium_Backpack_Ballerina-8-HR-1536x1536.jpg 1536w, https:\/\/najnaj.eu\/wp-content\/uploads\/2025\/01\/Medium_Backpack_Ballerina-8-HR-1440x1440.jpg 1440w, https:\/\/najnaj.eu\/wp-content\/uploads\/2025\/01\/Medium_Backpack_Ballerina-8-HR-420x420.jpg 420w, https:\/\/najnaj.eu\/wp-content\/uploads\/2025\/01\/Medium_Backpack_Ballerina-8-HR-50x50.jpg 50w, https:\/\/najnaj.eu\/wp-content\/uploads\/2025\/01\/Medium_Backpack_Ballerina-8-HR.jpg 2048w\" sizes=\"auto, (max-width: 980px) 100vw, 980px\" \/><\/p>\n","protected":false},"excerpt":{"rendered":"<p>&#8211; Srednje velik nahrbtnik<br \/>\n &#8211; Izdelano iz RPET-a<br \/>\n &#8211; Idealno za potovanja, izlete in \u0161olo<br \/>\n &#8211; 1 zunanji \u017eep, 2 dr\u017eala za steklenice, 2 prostorna predala z ro\u010dico za tablico in 2 \u017eepa<br \/>\n &#8211; Oblazinjeni trakovi za la\u017eje no\u0161enje<br \/>\n &#8211; Primerno za otroke, starej\u0161e od 18 mesecev<br \/>\n &#8211; Dimenzije: 24 x 33 x 12,5 cm<\/p>\n","protected":false},"featured_media":236486,"comment_status":"closed","ping_status":"closed","template":"","meta":{"_acf_changed":false,"footnotes":""},"product_brand":[],"product_cat":[1826,1839],"product_tag":[],"class_list":{"0":"post-256355","1":"product","2":"type-product","3":"status-publish","4":"has-post-thumbnail","6":"product_cat-childrens-backpacks","7":"product_cat-accessories-2","8":"pa_boja-blue","9":"pa_boja-brown-en","10":"pa_brand-citron-en","11":"pa_omiljeno-a-favorite-with-boys","13":"first","14":"instock","15":"shipping-taxable","16":"purchasable","17":"product-type-simple"},"bundled_by":[],"bundle_stock_status":"instock","bundle_stock_quantity":15,"bundle_virtual":false,"bundle_layout":"","bundle_add_to_cart_form_location":"","bundle_editable_in_cart":false,"bundle_sold_individually_context":"","bundle_item_grouping":"","bundle_min_size":"","bundle_max_size":"","bundle_price":[],"bundled_items":[],"bundle_sell_ids":[],"acf":[],"yoast_head":"<!-- This site is optimized with the Yoast SEO Premium plugin v21.5 (Yoast SEO v27.3) - https:\/\/yoast.com\/product\/yoast-seo-premium-wordpress\/ -->\n<title>Otro\u0161ki nahrbtnik Citron srednje velikosti Vozila - NajNaj.eu<\/title>\n<meta name=\"robots\" content=\"index, follow, max-snippet:-1, max-image-preview:large, max-video-preview:-1\" \/>\n<link rel=\"canonical\" href=\"https:\/\/najnaj.eu\/sl\/izdelek\/otroski-nahrbtnik-citron-srednje-velikosti-vozila\/\" \/>\n<meta property=\"og:locale\" content=\"sl_SI\" \/>\n<meta property=\"og:type\" content=\"article\" \/>\n<meta property=\"og:title\" content=\"Otro\u0161ki nahrbtnik Citron srednje velikosti Vozila\" \/>\n<meta property=\"og:description\" content=\"- Srednje velik nahrbtnik - Izdelano iz RPET-a - Idealno za potovanja, izlete in \u0161olo - 1 zunanji \u017eep, 2 dr\u017eala za steklenice, 2 prostorna predala z ro\u010dico za tablico in 2 \u017eepa - Oblazinjeni trakovi za la\u017eje no\u0161enje - Primerno za otroke, starej\u0161e od 18 mesecev - Dimenzije: 24 x 33 x 12,5 cm\" \/>\n<meta property=\"og:url\" content=\"https:\/\/najnaj.eu\/sl\/izdelek\/otroski-nahrbtnik-citron-srednje-velikosti-vozila\/\" \/>\n<meta property=\"og:site_name\" content=\"NajNaj.eu\" \/>\n<meta property=\"article:publisher\" content=\"https:\/\/web.facebook.com\/najnaj.eu\/\" \/>\n<meta property=\"article:modified_time\" content=\"2025-06-23T12:42:21+00:00\" \/>\n<meta property=\"og:image\" content=\"https:\/\/najnaj.eu\/wp-content\/uploads\/2025\/01\/Medium_Backpack_Vehicles-1.jpg\" \/>\n\t<meta property=\"og:image:width\" content=\"2000\" \/>\n\t<meta property=\"og:image:height\" content=\"2000\" \/>\n\t<meta property=\"og:image:type\" content=\"image\/jpeg\" \/>\n<meta name=\"twitter:card\" content=\"summary_large_image\" \/>\n<meta name=\"twitter:label1\" content=\"Price\" \/>\n\t<meta name=\"twitter:data1\" content=\"48,99&nbsp;&euro;\" \/>\n\t<meta name=\"twitter:label2\" content=\"Availability\" \/>\n\t<meta name=\"twitter:data2\" content=\"In stock\" \/>\n<script type=\"application\/ld+json\" class=\"yoast-schema-graph\">{\"@context\":\"https:\\\/\\\/schema.org\",\"@graph\":[{\"@type\":\"WebPage\",\"@id\":\"https:\\\/\\\/najnaj.eu\\\/sl\\\/izdelek\\\/otroski-nahrbtnik-citron-srednje-velikosti-vozila\\\/\",\"url\":\"https:\\\/\\\/najnaj.eu\\\/sl\\\/izdelek\\\/otroski-nahrbtnik-citron-srednje-velikosti-vozila\\\/\",\"name\":\"Otro\u0161ki nahrbtnik Citron srednje velikosti Vozila - NajNaj.eu\",\"isPartOf\":{\"@id\":\"https:\\\/\\\/najnaj.eu\\\/sl\\\/#website\"},\"primaryImageOfPage\":{\"@id\":\"https:\\\/\\\/najnaj.eu\\\/sl\\\/izdelek\\\/otroski-nahrbtnik-citron-srednje-velikosti-vozila\\\/#primaryimage\"},\"image\":{\"@id\":\"https:\\\/\\\/najnaj.eu\\\/sl\\\/izdelek\\\/otroski-nahrbtnik-citron-srednje-velikosti-vozila\\\/#primaryimage\"},\"thumbnailUrl\":\"https:\\\/\\\/najnaj.eu\\\/wp-content\\\/uploads\\\/2025\\\/01\\\/Medium_Backpack_Vehicles-1.jpg\",\"datePublished\":\"2025-01-23T15:10:41+00:00\",\"dateModified\":\"2025-06-23T12:42:21+00:00\",\"breadcrumb\":{\"@id\":\"https:\\\/\\\/najnaj.eu\\\/sl\\\/izdelek\\\/otroski-nahrbtnik-citron-srednje-velikosti-vozila\\\/#breadcrumb\"},\"inLanguage\":\"sl-SI\",\"potentialAction\":[{\"@type\":\"ReadAction\",\"target\":[\"https:\\\/\\\/najnaj.eu\\\/sl\\\/izdelek\\\/otroski-nahrbtnik-citron-srednje-velikosti-vozila\\\/\"]}]},{\"@type\":\"ImageObject\",\"inLanguage\":\"sl-SI\",\"@id\":\"https:\\\/\\\/najnaj.eu\\\/sl\\\/izdelek\\\/otroski-nahrbtnik-citron-srednje-velikosti-vozila\\\/#primaryimage\",\"url\":\"https:\\\/\\\/najnaj.eu\\\/wp-content\\\/uploads\\\/2025\\\/01\\\/Medium_Backpack_Vehicles-1.jpg\",\"contentUrl\":\"https:\\\/\\\/najnaj.eu\\\/wp-content\\\/uploads\\\/2025\\\/01\\\/Medium_Backpack_Vehicles-1.jpg\",\"width\":2000,\"height\":2000},{\"@type\":\"BreadcrumbList\",\"@id\":\"https:\\\/\\\/najnaj.eu\\\/sl\\\/izdelek\\\/otroski-nahrbtnik-citron-srednje-velikosti-vozila\\\/#breadcrumb\",\"itemListElement\":[{\"@type\":\"ListItem\",\"position\":1,\"name\":\"Po\u010detna stranica\",\"item\":\"https:\\\/\\\/najnaj.eu\\\/sl\\\/prednja-stran\\\/\"},{\"@type\":\"ListItem\",\"position\":2,\"name\":\"Shop\",\"item\":\"https:\\\/\\\/najnaj.eu\\\/sl\\\/shop\\\/\"},{\"@type\":\"ListItem\",\"position\":3,\"name\":\"Otro\u0161ki nahrbtnik Citron srednje velikosti Vozila\"}]},{\"@type\":\"WebSite\",\"@id\":\"https:\\\/\\\/najnaj.eu\\\/sl\\\/#website\",\"url\":\"https:\\\/\\\/najnaj.eu\\\/sl\\\/\",\"name\":\"NajNaj.eu\",\"description\":\"Za najva\u017enije!\",\"publisher\":{\"@id\":\"https:\\\/\\\/najnaj.eu\\\/sl\\\/#organization\"},\"potentialAction\":[{\"@type\":\"SearchAction\",\"target\":{\"@type\":\"EntryPoint\",\"urlTemplate\":\"https:\\\/\\\/najnaj.eu\\\/sl\\\/?s={search_term_string}\"},\"query-input\":{\"@type\":\"PropertyValueSpecification\",\"valueRequired\":true,\"valueName\":\"search_term_string\"}}],\"inLanguage\":\"sl-SI\"},{\"@type\":\"Organization\",\"@id\":\"https:\\\/\\\/najnaj.eu\\\/sl\\\/#organization\",\"name\":\"NajNaj.eu\",\"url\":\"https:\\\/\\\/najnaj.eu\\\/sl\\\/\",\"logo\":{\"@type\":\"ImageObject\",\"inLanguage\":\"sl-SI\",\"@id\":\"https:\\\/\\\/najnaj.eu\\\/sl\\\/#\\\/schema\\\/logo\\\/image\\\/\",\"url\":\"https:\\\/\\\/najnaj.eu\\\/wp-content\\\/uploads\\\/2023\\\/09\\\/logo_Najnaj_2023.svg\",\"contentUrl\":\"https:\\\/\\\/najnaj.eu\\\/wp-content\\\/uploads\\\/2023\\\/09\\\/logo_Najnaj_2023.svg\",\"width\":501,\"height\":278,\"caption\":\"NajNaj.eu\"},\"image\":{\"@id\":\"https:\\\/\\\/najnaj.eu\\\/sl\\\/#\\\/schema\\\/logo\\\/image\\\/\"},\"sameAs\":[\"https:\\\/\\\/web.facebook.com\\\/najnaj.eu\\\/\",\"https:\\\/\\\/www.instagram.com\\\/najnaj.eu\\\/\",\"https:\\\/\\\/www.tiktok.com\\\/@najnaj.eu\"]}]}<\/script>\n<meta property=\"product:brand\" content=\"Citron\" \/>\n<meta property=\"product:price:amount\" content=\"48.99\" \/>\n<meta property=\"product:price:currency\" content=\"EUR\" \/>\n<meta property=\"og:availability\" content=\"instock\" \/>\n<meta property=\"product:availability\" content=\"instock\" \/>\n<meta property=\"product:retailer_item_id\" content=\"Medium_Backpack_Vehicles\" \/>\n<meta property=\"product:condition\" content=\"new\" \/>\n<!-- \/ Yoast SEO Premium plugin. -->","yoast_head_json":{"title":"Otro\u0161ki nahrbtnik Citron srednje velikosti Vozila - NajNaj.eu","robots":{"index":"index","follow":"follow","max-snippet":"max-snippet:-1","max-image-preview":"max-image-preview:large","max-video-preview":"max-video-preview:-1"},"canonical":"https:\/\/najnaj.eu\/sl\/izdelek\/otroski-nahrbtnik-citron-srednje-velikosti-vozila\/","og_locale":"sl_SI","og_type":"article","og_title":"Otro\u0161ki nahrbtnik Citron srednje velikosti Vozila","og_description":"- Srednje velik nahrbtnik - Izdelano iz RPET-a - Idealno za potovanja, izlete in \u0161olo - 1 zunanji \u017eep, 2 dr\u017eala za steklenice, 2 prostorna predala z ro\u010dico za tablico in 2 \u017eepa - Oblazinjeni trakovi za la\u017eje no\u0161enje - Primerno za otroke, starej\u0161e od 18 mesecev - Dimenzije: 24 x 33 x 12,5 cm","og_url":"https:\/\/najnaj.eu\/sl\/izdelek\/otroski-nahrbtnik-citron-srednje-velikosti-vozila\/","og_site_name":"NajNaj.eu","article_publisher":"https:\/\/web.facebook.com\/najnaj.eu\/","article_modified_time":"2025-06-23T12:42:21+00:00","og_image":[{"width":2000,"height":2000,"url":"https:\/\/najnaj.eu\/wp-content\/uploads\/2025\/01\/Medium_Backpack_Vehicles-1.jpg","type":"image\/jpeg"}],"twitter_card":"summary_large_image","twitter_misc":{"Price":"48,99&nbsp;&euro;","Availability":"In stock"},"schema":{"@context":"https:\/\/schema.org","@graph":[{"@type":"WebPage","@id":"https:\/\/najnaj.eu\/sl\/izdelek\/otroski-nahrbtnik-citron-srednje-velikosti-vozila\/","url":"https:\/\/najnaj.eu\/sl\/izdelek\/otroski-nahrbtnik-citron-srednje-velikosti-vozila\/","name":"Otro\u0161ki nahrbtnik Citron srednje velikosti Vozila - NajNaj.eu","isPartOf":{"@id":"https:\/\/najnaj.eu\/sl\/#website"},"primaryImageOfPage":{"@id":"https:\/\/najnaj.eu\/sl\/izdelek\/otroski-nahrbtnik-citron-srednje-velikosti-vozila\/#primaryimage"},"image":{"@id":"https:\/\/najnaj.eu\/sl\/izdelek\/otroski-nahrbtnik-citron-srednje-velikosti-vozila\/#primaryimage"},"thumbnailUrl":"https:\/\/najnaj.eu\/wp-content\/uploads\/2025\/01\/Medium_Backpack_Vehicles-1.jpg","datePublished":"2025-01-23T15:10:41+00:00","dateModified":"2025-06-23T12:42:21+00:00","breadcrumb":{"@id":"https:\/\/najnaj.eu\/sl\/izdelek\/otroski-nahrbtnik-citron-srednje-velikosti-vozila\/#breadcrumb"},"inLanguage":"sl-SI","potentialAction":[{"@type":"ReadAction","target":["https:\/\/najnaj.eu\/sl\/izdelek\/otroski-nahrbtnik-citron-srednje-velikosti-vozila\/"]}]},{"@type":"ImageObject","inLanguage":"sl-SI","@id":"https:\/\/najnaj.eu\/sl\/izdelek\/otroski-nahrbtnik-citron-srednje-velikosti-vozila\/#primaryimage","url":"https:\/\/najnaj.eu\/wp-content\/uploads\/2025\/01\/Medium_Backpack_Vehicles-1.jpg","contentUrl":"https:\/\/najnaj.eu\/wp-content\/uploads\/2025\/01\/Medium_Backpack_Vehicles-1.jpg","width":2000,"height":2000},{"@type":"BreadcrumbList","@id":"https:\/\/najnaj.eu\/sl\/izdelek\/otroski-nahrbtnik-citron-srednje-velikosti-vozila\/#breadcrumb","itemListElement":[{"@type":"ListItem","position":1,"name":"Po\u010detna stranica","item":"https:\/\/najnaj.eu\/sl\/prednja-stran\/"},{"@type":"ListItem","position":2,"name":"Shop","item":"https:\/\/najnaj.eu\/sl\/shop\/"},{"@type":"ListItem","position":3,"name":"Otro\u0161ki nahrbtnik Citron srednje velikosti Vozila"}]},{"@type":"WebSite","@id":"https:\/\/najnaj.eu\/sl\/#website","url":"https:\/\/najnaj.eu\/sl\/","name":"NajNaj.eu","description":"Za najva\u017enije!","publisher":{"@id":"https:\/\/najnaj.eu\/sl\/#organization"},"potentialAction":[{"@type":"SearchAction","target":{"@type":"EntryPoint","urlTemplate":"https:\/\/najnaj.eu\/sl\/?s={search_term_string}"},"query-input":{"@type":"PropertyValueSpecification","valueRequired":true,"valueName":"search_term_string"}}],"inLanguage":"sl-SI"},{"@type":"Organization","@id":"https:\/\/najnaj.eu\/sl\/#organization","name":"NajNaj.eu","url":"https:\/\/najnaj.eu\/sl\/","logo":{"@type":"ImageObject","inLanguage":"sl-SI","@id":"https:\/\/najnaj.eu\/sl\/#\/schema\/logo\/image\/","url":"https:\/\/najnaj.eu\/wp-content\/uploads\/2023\/09\/logo_Najnaj_2023.svg","contentUrl":"https:\/\/najnaj.eu\/wp-content\/uploads\/2023\/09\/logo_Najnaj_2023.svg","width":501,"height":278,"caption":"NajNaj.eu"},"image":{"@id":"https:\/\/najnaj.eu\/sl\/#\/schema\/logo\/image\/"},"sameAs":["https:\/\/web.facebook.com\/najnaj.eu\/","https:\/\/www.instagram.com\/najnaj.eu\/","https:\/\/www.tiktok.com\/@najnaj.eu"]}]},"product_brand":"Citron","product_price_amount":"48.99","product_price_currency":"EUR","og_availability":"instock","product_availability":"instock","product_retailer_item_id":"Medium_Backpack_Vehicles","product_condition":"new"},"_links":{"self":[{"href":"https:\/\/najnaj.eu\/sl\/wp-json\/wp\/v2\/product\/256355","targetHints":{"allow":["GET"]}}],"collection":[{"href":"https:\/\/najnaj.eu\/sl\/wp-json\/wp\/v2\/product"}],"about":[{"href":"https:\/\/najnaj.eu\/sl\/wp-json\/wp\/v2\/types\/product"}],"replies":[{"embeddable":true,"href":"https:\/\/najnaj.eu\/sl\/wp-json\/wp\/v2\/comments?post=256355"}],"version-history":[{"count":0,"href":"https:\/\/najnaj.eu\/sl\/wp-json\/wp\/v2\/product\/256355\/revisions"}],"wp:featuredmedia":[{"embeddable":true,"href":"https:\/\/najnaj.eu\/sl\/wp-json\/wp\/v2\/media\/236486"}],"wp:attachment":[{"href":"https:\/\/najnaj.eu\/sl\/wp-json\/wp\/v2\/media?parent=256355"}],"wp:term":[{"taxonomy":"product_brand","embeddable":true,"href":"https:\/\/najnaj.eu\/sl\/wp-json\/wp\/v2\/product_brand?post=256355"},{"taxonomy":"product_cat","embeddable":true,"href":"https:\/\/najnaj.eu\/sl\/wp-json\/wp\/v2\/product_cat?post=256355"},{"taxonomy":"product_tag","embeddable":true,"href":"https:\/\/najnaj.eu\/sl\/wp-json\/wp\/v2\/product_tag?post=256355"}],"curies":[{"name":"wp","href":"https:\/\/api.w.org\/{rel}","templated":true}]}}