{"id":256348,"date":"2025-04-03T10:29:33","date_gmt":"2025-04-03T08:29:33","guid":{"rendered":"https:\/\/najnaj.eu\/proizvod\/termo-posoda-za-hrano-citron-majhna-250-ml-barva-slive\/"},"modified":"2025-09-26T13:28:45","modified_gmt":"2025-09-26T11:28:45","slug":"termo-posoda-za-hrano-citron-majhna-250-ml-barva-slive","status":"publish","type":"product","link":"https:\/\/najnaj.eu\/sl\/izdelek\/termo-posoda-za-hrano-citron-majhna-250-ml-barva-slive\/","title":{"rendered":"Termo posoda za hrano Citron, majhna, 250 ml, barva slive"},"content":{"rendered":"<p>Ta majhna termos posoda za hrano ima prakti\u010den pokrov, ki se odpira navpi\u010dno brez zvijanja, zaradi \u010desar je enostavna za uporabo tudi za najmlaj\u0161e roke. S prostornino 250 ml in kompaktnimi dimenzijami le 10 x 6,5 cm je idealna za otroke, starej\u0161e od 6 mesecev. <\/p>\n<ul>\n<li>Dvojna stena z vakuumsko izolacijo za ohranjanje temperature hrane<\/li>\n<li>Hrana ostane topla 6 ur in hladna 7 ur<\/li>\n<li>Zadrga, ki prepre\u010duje pu\u0161\u010danje, ohranja va\u0161o torbo za kosilo suho in \u010disto<\/li>\n<li>Ostane suh in hladen na zunanji strani, ne glede na to, kako vro\u010da ali hladna je vsebina<\/li>\n<li>Izdelano iz nerjave\u010dega jekla 304 za \u017eivilsko kakovost za dolgotrajno uporabo<\/li>\n<li>Zasnovano iz trajnostnih materialov<\/li>\n<li>Izdelano iz nestrupenih materialov (brez BPA, ftalatov in svinca)<\/li>\n<li>Oblo\u017eeno z odstranljivo silikonsko prevleko za enostavno pranje<\/li>\n<\/ul>\n<p><img loading=\"lazy\" decoding=\"async\" class=\"alignnone wp-image-246096 size-large\" src=\"https:\/\/najnaj.eu\/wp-content\/uploads\/2025\/04\/Z1007-Small-Thermal-Food-Jar-250ml-Brick-Extra-6-1024x1024.jpg\" alt=\"\" width=\"980\" height=\"980\" srcset=\"https:\/\/najnaj.eu\/wp-content\/uploads\/2025\/04\/Z1007-Small-Thermal-Food-Jar-250ml-Brick-Extra-6-1024x1024.jpg 1024w, https:\/\/najnaj.eu\/wp-content\/uploads\/2025\/04\/Z1007-Small-Thermal-Food-Jar-250ml-Brick-Extra-6-324x324.jpg 324w, https:\/\/najnaj.eu\/wp-content\/uploads\/2025\/04\/Z1007-Small-Thermal-Food-Jar-250ml-Brick-Extra-6-100x100.jpg 100w, https:\/\/najnaj.eu\/wp-content\/uploads\/2025\/04\/Z1007-Small-Thermal-Food-Jar-250ml-Brick-Extra-6-1200x1200.jpg 1200w, https:\/\/najnaj.eu\/wp-content\/uploads\/2025\/04\/Z1007-Small-Thermal-Food-Jar-250ml-Brick-Extra-6-300x300.jpg 300w, https:\/\/najnaj.eu\/wp-content\/uploads\/2025\/04\/Z1007-Small-Thermal-Food-Jar-250ml-Brick-Extra-6-150x150.jpg 150w, https:\/\/najnaj.eu\/wp-content\/uploads\/2025\/04\/Z1007-Small-Thermal-Food-Jar-250ml-Brick-Extra-6-768x768.jpg 768w, https:\/\/najnaj.eu\/wp-content\/uploads\/2025\/04\/Z1007-Small-Thermal-Food-Jar-250ml-Brick-Extra-6-1536x1536.jpg 1536w, https:\/\/najnaj.eu\/wp-content\/uploads\/2025\/04\/Z1007-Small-Thermal-Food-Jar-250ml-Brick-Extra-6-2048x2048.jpg 2048w, https:\/\/najnaj.eu\/wp-content\/uploads\/2025\/04\/Z1007-Small-Thermal-Food-Jar-250ml-Brick-Extra-6-1440x1440.jpg 1440w, https:\/\/najnaj.eu\/wp-content\/uploads\/2025\/04\/Z1007-Small-Thermal-Food-Jar-250ml-Brick-Extra-6-420x420.jpg 420w, https:\/\/najnaj.eu\/wp-content\/uploads\/2025\/04\/Z1007-Small-Thermal-Food-Jar-250ml-Brick-Extra-6-50x50.jpg 50w\" sizes=\"auto, (max-width: 980px) 100vw, 980px\" \/><\/p>\n<p><img loading=\"lazy\" decoding=\"async\" class=\"alignnone wp-image-246102 size-large\" src=\"https:\/\/najnaj.eu\/wp-content\/uploads\/2025\/04\/Z1007-Small-Thermal-Food-Jar-250ml-Brick-Extra-7-1024x1024.jpg\" alt=\"\" width=\"980\" height=\"980\" srcset=\"https:\/\/najnaj.eu\/wp-content\/uploads\/2025\/04\/Z1007-Small-Thermal-Food-Jar-250ml-Brick-Extra-7-1024x1024.jpg 1024w, https:\/\/najnaj.eu\/wp-content\/uploads\/2025\/04\/Z1007-Small-Thermal-Food-Jar-250ml-Brick-Extra-7-scaled-324x324.jpg 324w, https:\/\/najnaj.eu\/wp-content\/uploads\/2025\/04\/Z1007-Small-Thermal-Food-Jar-250ml-Brick-Extra-7-100x100.jpg 100w, https:\/\/najnaj.eu\/wp-content\/uploads\/2025\/04\/Z1007-Small-Thermal-Food-Jar-250ml-Brick-Extra-7-scaled-1200x1200.jpg 1200w, https:\/\/najnaj.eu\/wp-content\/uploads\/2025\/04\/Z1007-Small-Thermal-Food-Jar-250ml-Brick-Extra-7-300x300.jpg 300w, https:\/\/najnaj.eu\/wp-content\/uploads\/2025\/04\/Z1007-Small-Thermal-Food-Jar-250ml-Brick-Extra-7-150x150.jpg 150w, https:\/\/najnaj.eu\/wp-content\/uploads\/2025\/04\/Z1007-Small-Thermal-Food-Jar-250ml-Brick-Extra-7-768x768.jpg 768w, https:\/\/najnaj.eu\/wp-content\/uploads\/2025\/04\/Z1007-Small-Thermal-Food-Jar-250ml-Brick-Extra-7-1536x1536.jpg 1536w, https:\/\/najnaj.eu\/wp-content\/uploads\/2025\/04\/Z1007-Small-Thermal-Food-Jar-250ml-Brick-Extra-7-2048x2048.jpg 2048w, https:\/\/najnaj.eu\/wp-content\/uploads\/2025\/04\/Z1007-Small-Thermal-Food-Jar-250ml-Brick-Extra-7-1440x1440.jpg 1440w, https:\/\/najnaj.eu\/wp-content\/uploads\/2025\/04\/Z1007-Small-Thermal-Food-Jar-250ml-Brick-Extra-7-420x420.jpg 420w, https:\/\/najnaj.eu\/wp-content\/uploads\/2025\/04\/Z1007-Small-Thermal-Food-Jar-250ml-Brick-Extra-7-50x50.jpg 50w\" sizes=\"auto, (max-width: 980px) 100vw, 980px\" \/><\/p>\n","protected":false},"excerpt":{"rendered":"<p>Z inovativno tehnologijo vakuumske izolacije in izjemno \u0161irokim odpiranjem je na\u0161a 250 ml termo posoda za hrano \u0161e posebej uporabna za obroke in prehranjevanje na poti. Zaradi toplotne izolacije hrana ostane na temperaturi brez ponovnega segrevanja ali hlajenja, poleg tega pa je neprepustna in ima pokrov, ki se odpira navpi\u010dno. <\/p>\n","protected":false},"featured_media":247473,"comment_status":"open","ping_status":"closed","template":"","meta":{"_acf_changed":false,"footnotes":""},"product_brand":[],"product_cat":[1167,1275,2270],"product_tag":[2282],"class_list":{"0":"post-256348","1":"product","2":"type-product","3":"status-publish","4":"has-post-thumbnail","6":"product_cat-hranjenje-sl","7":"product_cat-posoda","8":"product_cat-termo-posode","9":"product_tag-zima-sl","10":"pa_boja-rjava","11":"pa_boja-vijolicna","12":"pa_brand-citron-sl","13":"pa_vrsta-posuda-skatle-za-kosilo","15":"first","16":"instock","17":"shipping-taxable","18":"purchasable","19":"product-type-simple"},"bundled_by":[],"bundle_stock_status":"instock","bundle_stock_quantity":9,"bundle_virtual":false,"bundle_layout":"","bundle_add_to_cart_form_location":"","bundle_editable_in_cart":false,"bundle_sold_individually_context":"","bundle_item_grouping":"","bundle_min_size":"","bundle_max_size":"","bundle_price":[],"bundled_items":[],"bundle_sell_ids":[],"acf":[],"yoast_head":"<!-- This site is optimized with the Yoast SEO Premium plugin v21.5 (Yoast SEO v27.4) - https:\/\/yoast.com\/product\/yoast-seo-premium-wordpress\/ -->\n<title>Termo posoda za hrano Citron, majhna, 250 ml, barva slive - NajNaj.eu<\/title>\n<meta name=\"robots\" content=\"index, follow, max-snippet:-1, max-image-preview:large, max-video-preview:-1\" \/>\n<link rel=\"canonical\" href=\"https:\/\/najnaj.eu\/sl\/izdelek\/termo-posoda-za-hrano-citron-majhna-250-ml-barva-slive\/\" \/>\n<meta property=\"og:locale\" content=\"sl_SI\" \/>\n<meta property=\"og:type\" content=\"article\" \/>\n<meta property=\"og:title\" content=\"Termo posoda za hrano Citron, majhna, 250 ml, barva slive\" \/>\n<meta property=\"og:description\" content=\"Z inovativno tehnologijo vakuumske izolacije in izjemno \u0161irokim odpiranjem je na\u0161a 250 ml termo posoda za hrano \u0161e posebej uporabna za obroke in prehranjevanje na poti. Zaradi toplotne izolacije hrana ostane na temperaturi brez ponovnega segrevanja ali hlajenja, poleg tega pa je neprepustna in ima pokrov, ki se odpira navpi\u010dno.\" \/>\n<meta property=\"og:url\" content=\"https:\/\/najnaj.eu\/sl\/izdelek\/termo-posoda-za-hrano-citron-majhna-250-ml-barva-slive\/\" \/>\n<meta property=\"og:site_name\" content=\"NajNaj.eu\" \/>\n<meta property=\"article:publisher\" content=\"https:\/\/web.facebook.com\/najnaj.eu\/\" \/>\n<meta property=\"article:modified_time\" content=\"2025-09-26T11:28:45+00:00\" \/>\n<meta property=\"og:image\" content=\"https:\/\/najnaj.eu\/wp-content\/uploads\/2025\/04\/2022_FJ_250_Plum.jpg\" \/>\n\t<meta property=\"og:image:width\" content=\"2000\" \/>\n\t<meta property=\"og:image:height\" content=\"2000\" \/>\n\t<meta property=\"og:image:type\" content=\"image\/jpeg\" \/>\n<meta name=\"twitter:card\" content=\"summary_large_image\" \/>\n<meta name=\"twitter:label1\" content=\"Price\" \/>\n\t<meta name=\"twitter:data1\" content=\"28,99&nbsp;&euro;\" \/>\n\t<meta name=\"twitter:label2\" content=\"Availability\" \/>\n\t<meta name=\"twitter:data2\" content=\"In stock\" \/>\n<script type=\"application\/ld+json\" class=\"yoast-schema-graph\">{\"@context\":\"https:\\\/\\\/schema.org\",\"@graph\":[{\"@type\":\"WebPage\",\"@id\":\"https:\\\/\\\/najnaj.eu\\\/sl\\\/izdelek\\\/termo-posoda-za-hrano-citron-majhna-250-ml-barva-slive\\\/\",\"url\":\"https:\\\/\\\/najnaj.eu\\\/sl\\\/izdelek\\\/termo-posoda-za-hrano-citron-majhna-250-ml-barva-slive\\\/\",\"name\":\"Termo posoda za hrano Citron, majhna, 250 ml, barva slive - NajNaj.eu\",\"isPartOf\":{\"@id\":\"https:\\\/\\\/najnaj.eu\\\/sl\\\/#website\"},\"primaryImageOfPage\":{\"@id\":\"https:\\\/\\\/najnaj.eu\\\/sl\\\/izdelek\\\/termo-posoda-za-hrano-citron-majhna-250-ml-barva-slive\\\/#primaryimage\"},\"image\":{\"@id\":\"https:\\\/\\\/najnaj.eu\\\/sl\\\/izdelek\\\/termo-posoda-za-hrano-citron-majhna-250-ml-barva-slive\\\/#primaryimage\"},\"thumbnailUrl\":\"https:\\\/\\\/najnaj.eu\\\/wp-content\\\/uploads\\\/2025\\\/04\\\/2022_FJ_250_Plum.jpg\",\"datePublished\":\"2025-04-03T08:29:33+00:00\",\"dateModified\":\"2025-09-26T11:28:45+00:00\",\"breadcrumb\":{\"@id\":\"https:\\\/\\\/najnaj.eu\\\/sl\\\/izdelek\\\/termo-posoda-za-hrano-citron-majhna-250-ml-barva-slive\\\/#breadcrumb\"},\"inLanguage\":\"sl-SI\",\"potentialAction\":[{\"@type\":\"ReadAction\",\"target\":[\"https:\\\/\\\/najnaj.eu\\\/sl\\\/izdelek\\\/termo-posoda-za-hrano-citron-majhna-250-ml-barva-slive\\\/\"]}]},{\"@type\":\"ImageObject\",\"inLanguage\":\"sl-SI\",\"@id\":\"https:\\\/\\\/najnaj.eu\\\/sl\\\/izdelek\\\/termo-posoda-za-hrano-citron-majhna-250-ml-barva-slive\\\/#primaryimage\",\"url\":\"https:\\\/\\\/najnaj.eu\\\/wp-content\\\/uploads\\\/2025\\\/04\\\/2022_FJ_250_Plum.jpg\",\"contentUrl\":\"https:\\\/\\\/najnaj.eu\\\/wp-content\\\/uploads\\\/2025\\\/04\\\/2022_FJ_250_Plum.jpg\",\"width\":2000,\"height\":2000},{\"@type\":\"BreadcrumbList\",\"@id\":\"https:\\\/\\\/najnaj.eu\\\/sl\\\/izdelek\\\/termo-posoda-za-hrano-citron-majhna-250-ml-barva-slive\\\/#breadcrumb\",\"itemListElement\":[{\"@type\":\"ListItem\",\"position\":1,\"name\":\"Po\u010detna stranica\",\"item\":\"https:\\\/\\\/najnaj.eu\\\/sl\\\/prednja-stran\\\/\"},{\"@type\":\"ListItem\",\"position\":2,\"name\":\"Shop\",\"item\":\"https:\\\/\\\/najnaj.eu\\\/sl\\\/shop\\\/\"},{\"@type\":\"ListItem\",\"position\":3,\"name\":\"Termo posoda za hrano Citron, majhna, 250 ml, barva slive\"}]},{\"@type\":\"WebSite\",\"@id\":\"https:\\\/\\\/najnaj.eu\\\/sl\\\/#website\",\"url\":\"https:\\\/\\\/najnaj.eu\\\/sl\\\/\",\"name\":\"NajNaj.eu\",\"description\":\"Za najva\u017enije!\",\"publisher\":{\"@id\":\"https:\\\/\\\/najnaj.eu\\\/sl\\\/#organization\"},\"potentialAction\":[{\"@type\":\"SearchAction\",\"target\":{\"@type\":\"EntryPoint\",\"urlTemplate\":\"https:\\\/\\\/najnaj.eu\\\/sl\\\/?s={search_term_string}\"},\"query-input\":{\"@type\":\"PropertyValueSpecification\",\"valueRequired\":true,\"valueName\":\"search_term_string\"}}],\"inLanguage\":\"sl-SI\"},{\"@type\":\"Organization\",\"@id\":\"https:\\\/\\\/najnaj.eu\\\/sl\\\/#organization\",\"name\":\"NajNaj.eu\",\"url\":\"https:\\\/\\\/najnaj.eu\\\/sl\\\/\",\"logo\":{\"@type\":\"ImageObject\",\"inLanguage\":\"sl-SI\",\"@id\":\"https:\\\/\\\/najnaj.eu\\\/sl\\\/#\\\/schema\\\/logo\\\/image\\\/\",\"url\":\"https:\\\/\\\/najnaj.eu\\\/wp-content\\\/uploads\\\/2023\\\/09\\\/logo_Najnaj_2023.svg\",\"contentUrl\":\"https:\\\/\\\/najnaj.eu\\\/wp-content\\\/uploads\\\/2023\\\/09\\\/logo_Najnaj_2023.svg\",\"width\":501,\"height\":278,\"caption\":\"NajNaj.eu\"},\"image\":{\"@id\":\"https:\\\/\\\/najnaj.eu\\\/sl\\\/#\\\/schema\\\/logo\\\/image\\\/\"},\"sameAs\":[\"https:\\\/\\\/web.facebook.com\\\/najnaj.eu\\\/\",\"https:\\\/\\\/www.instagram.com\\\/najnaj.eu\\\/\",\"https:\\\/\\\/www.tiktok.com\\\/@najnaj.eu\"]}]}<\/script>\n<meta property=\"product:brand\" content=\"Citron\" \/>\n<meta property=\"product:price:amount\" content=\"28.99\" \/>\n<meta property=\"product:price:currency\" content=\"EUR\" \/>\n<meta property=\"og:availability\" content=\"instock\" \/>\n<meta property=\"product:availability\" content=\"instock\" \/>\n<meta property=\"product:retailer_item_id\" content=\"2022_FJ_250_Plum\" \/>\n<meta property=\"product:condition\" content=\"new\" \/>\n<!-- \/ Yoast SEO Premium plugin. -->","yoast_head_json":{"title":"Termo posoda za hrano Citron, majhna, 250 ml, barva slive - NajNaj.eu","robots":{"index":"index","follow":"follow","max-snippet":"max-snippet:-1","max-image-preview":"max-image-preview:large","max-video-preview":"max-video-preview:-1"},"canonical":"https:\/\/najnaj.eu\/sl\/izdelek\/termo-posoda-za-hrano-citron-majhna-250-ml-barva-slive\/","og_locale":"sl_SI","og_type":"article","og_title":"Termo posoda za hrano Citron, majhna, 250 ml, barva slive","og_description":"Z inovativno tehnologijo vakuumske izolacije in izjemno \u0161irokim odpiranjem je na\u0161a 250 ml termo posoda za hrano \u0161e posebej uporabna za obroke in prehranjevanje na poti. Zaradi toplotne izolacije hrana ostane na temperaturi brez ponovnega segrevanja ali hlajenja, poleg tega pa je neprepustna in ima pokrov, ki se odpira navpi\u010dno.","og_url":"https:\/\/najnaj.eu\/sl\/izdelek\/termo-posoda-za-hrano-citron-majhna-250-ml-barva-slive\/","og_site_name":"NajNaj.eu","article_publisher":"https:\/\/web.facebook.com\/najnaj.eu\/","article_modified_time":"2025-09-26T11:28:45+00:00","og_image":[{"width":2000,"height":2000,"url":"https:\/\/najnaj.eu\/wp-content\/uploads\/2025\/04\/2022_FJ_250_Plum.jpg","type":"image\/jpeg"}],"twitter_card":"summary_large_image","twitter_misc":{"Price":"28,99&nbsp;&euro;","Availability":"In stock"},"schema":{"@context":"https:\/\/schema.org","@graph":[{"@type":"WebPage","@id":"https:\/\/najnaj.eu\/sl\/izdelek\/termo-posoda-za-hrano-citron-majhna-250-ml-barva-slive\/","url":"https:\/\/najnaj.eu\/sl\/izdelek\/termo-posoda-za-hrano-citron-majhna-250-ml-barva-slive\/","name":"Termo posoda za hrano Citron, majhna, 250 ml, barva slive - NajNaj.eu","isPartOf":{"@id":"https:\/\/najnaj.eu\/sl\/#website"},"primaryImageOfPage":{"@id":"https:\/\/najnaj.eu\/sl\/izdelek\/termo-posoda-za-hrano-citron-majhna-250-ml-barva-slive\/#primaryimage"},"image":{"@id":"https:\/\/najnaj.eu\/sl\/izdelek\/termo-posoda-za-hrano-citron-majhna-250-ml-barva-slive\/#primaryimage"},"thumbnailUrl":"https:\/\/najnaj.eu\/wp-content\/uploads\/2025\/04\/2022_FJ_250_Plum.jpg","datePublished":"2025-04-03T08:29:33+00:00","dateModified":"2025-09-26T11:28:45+00:00","breadcrumb":{"@id":"https:\/\/najnaj.eu\/sl\/izdelek\/termo-posoda-za-hrano-citron-majhna-250-ml-barva-slive\/#breadcrumb"},"inLanguage":"sl-SI","potentialAction":[{"@type":"ReadAction","target":["https:\/\/najnaj.eu\/sl\/izdelek\/termo-posoda-za-hrano-citron-majhna-250-ml-barva-slive\/"]}]},{"@type":"ImageObject","inLanguage":"sl-SI","@id":"https:\/\/najnaj.eu\/sl\/izdelek\/termo-posoda-za-hrano-citron-majhna-250-ml-barva-slive\/#primaryimage","url":"https:\/\/najnaj.eu\/wp-content\/uploads\/2025\/04\/2022_FJ_250_Plum.jpg","contentUrl":"https:\/\/najnaj.eu\/wp-content\/uploads\/2025\/04\/2022_FJ_250_Plum.jpg","width":2000,"height":2000},{"@type":"BreadcrumbList","@id":"https:\/\/najnaj.eu\/sl\/izdelek\/termo-posoda-za-hrano-citron-majhna-250-ml-barva-slive\/#breadcrumb","itemListElement":[{"@type":"ListItem","position":1,"name":"Po\u010detna stranica","item":"https:\/\/najnaj.eu\/sl\/prednja-stran\/"},{"@type":"ListItem","position":2,"name":"Shop","item":"https:\/\/najnaj.eu\/sl\/shop\/"},{"@type":"ListItem","position":3,"name":"Termo posoda za hrano Citron, majhna, 250 ml, barva slive"}]},{"@type":"WebSite","@id":"https:\/\/najnaj.eu\/sl\/#website","url":"https:\/\/najnaj.eu\/sl\/","name":"NajNaj.eu","description":"Za najva\u017enije!","publisher":{"@id":"https:\/\/najnaj.eu\/sl\/#organization"},"potentialAction":[{"@type":"SearchAction","target":{"@type":"EntryPoint","urlTemplate":"https:\/\/najnaj.eu\/sl\/?s={search_term_string}"},"query-input":{"@type":"PropertyValueSpecification","valueRequired":true,"valueName":"search_term_string"}}],"inLanguage":"sl-SI"},{"@type":"Organization","@id":"https:\/\/najnaj.eu\/sl\/#organization","name":"NajNaj.eu","url":"https:\/\/najnaj.eu\/sl\/","logo":{"@type":"ImageObject","inLanguage":"sl-SI","@id":"https:\/\/najnaj.eu\/sl\/#\/schema\/logo\/image\/","url":"https:\/\/najnaj.eu\/wp-content\/uploads\/2023\/09\/logo_Najnaj_2023.svg","contentUrl":"https:\/\/najnaj.eu\/wp-content\/uploads\/2023\/09\/logo_Najnaj_2023.svg","width":501,"height":278,"caption":"NajNaj.eu"},"image":{"@id":"https:\/\/najnaj.eu\/sl\/#\/schema\/logo\/image\/"},"sameAs":["https:\/\/web.facebook.com\/najnaj.eu\/","https:\/\/www.instagram.com\/najnaj.eu\/","https:\/\/www.tiktok.com\/@najnaj.eu"]}]},"product_brand":"Citron","product_price_amount":"28.99","product_price_currency":"EUR","og_availability":"instock","product_availability":"instock","product_retailer_item_id":"2022_FJ_250_Plum","product_condition":"new"},"_links":{"self":[{"href":"https:\/\/najnaj.eu\/sl\/wp-json\/wp\/v2\/product\/256348","targetHints":{"allow":["GET"]}}],"collection":[{"href":"https:\/\/najnaj.eu\/sl\/wp-json\/wp\/v2\/product"}],"about":[{"href":"https:\/\/najnaj.eu\/sl\/wp-json\/wp\/v2\/types\/product"}],"replies":[{"embeddable":true,"href":"https:\/\/najnaj.eu\/sl\/wp-json\/wp\/v2\/comments?post=256348"}],"version-history":[{"count":0,"href":"https:\/\/najnaj.eu\/sl\/wp-json\/wp\/v2\/product\/256348\/revisions"}],"wp:featuredmedia":[{"embeddable":true,"href":"https:\/\/najnaj.eu\/sl\/wp-json\/wp\/v2\/media\/247473"}],"wp:attachment":[{"href":"https:\/\/najnaj.eu\/sl\/wp-json\/wp\/v2\/media?parent=256348"}],"wp:term":[{"taxonomy":"product_brand","embeddable":true,"href":"https:\/\/najnaj.eu\/sl\/wp-json\/wp\/v2\/product_brand?post=256348"},{"taxonomy":"product_cat","embeddable":true,"href":"https:\/\/najnaj.eu\/sl\/wp-json\/wp\/v2\/product_cat?post=256348"},{"taxonomy":"product_tag","embeddable":true,"href":"https:\/\/najnaj.eu\/sl\/wp-json\/wp\/v2\/product_tag?post=256348"}],"curies":[{"name":"wp","href":"https:\/\/api.w.org\/{rel}","templated":true}]}}