{"id":256344,"date":"2025-04-03T15:03:06","date_gmt":"2025-04-03T13:03:06","guid":{"rendered":"https:\/\/najnaj.eu\/proizvod\/komplet-jedilnega-pribora-citron-biomaterial-samorogovo-roza\/"},"modified":"2025-06-23T14:40:45","modified_gmt":"2025-06-23T12:40:45","slug":"komplet-jedilnega-pribora-citron-biomaterial-samorogovo-roza","status":"publish","type":"product","link":"https:\/\/najnaj.eu\/sl\/izdelek\/komplet-jedilnega-pribora-citron-biomaterial-samorogovo-roza\/","title":{"rendered":"Komplet jedilnega pribora Citron Biomaterial, samorogovo roza"},"content":{"rendered":"<p>Komplet 4 biorazgradljivih, nelomljivih izdelkov za jedilni pribor, posebej zasnovanih za otroke, stare 6+ mesecev. Ta skrbno izdelana kolekcija vklju\u010duje kro\u017enik, skledo, skodelico in jedilni pribor (vilice in \u017elico) z ekskluzivnim potiskom, ki bo otrokom v\u0161e\u010d. Ta jedilni pribor, izdelan iz 100 % PLA, pridobljenega iz organskega koruznega \u0161kroba ali sladkornega trsa, predstavlja zavezanost kakovosti in okoljski odgovornosti. Vsak komplet ima enoletno garancijo proti proizvodnim napakam.   <\/p>\n<ul>\n<li>Izdelano iz 100 % PLA brez strupenih snovi<\/li>\n<li>LFGB certificiran s strani SGS<\/li>\n<li>Inovativen kompostabilni material omogo\u010da dalj\u0161o \u017eivljenjsko dobo<\/li>\n<li>Lahka, odporna proti lomljenju<\/li>\n<li>Primerno za ve\u010dino otro\u0161kih stol\u010dkov<\/li>\n<li>Za ve\u010dkratno uporabo, enostavno pranje<\/li>\n<li>Uporablja se lahko z vsemi vrstami hrane ter toplimi in hladnimi teko\u010dinami<\/li>\n<\/ul>\n<p><img loading=\"lazy\" decoding=\"async\" class=\"alignnone wp-image-246292 size-large\" src=\"https:\/\/najnaj.eu\/wp-content\/uploads\/2025\/04\/Z1031-Bio-Based-Tableware-Set-Dino-Green-Extra-3-1024x1024.jpg\" alt=\"\" width=\"980\" height=\"980\" srcset=\"https:\/\/najnaj.eu\/wp-content\/uploads\/2025\/04\/Z1031-Bio-Based-Tableware-Set-Dino-Green-Extra-3-1024x1024.jpg 1024w, https:\/\/najnaj.eu\/wp-content\/uploads\/2025\/04\/Z1031-Bio-Based-Tableware-Set-Dino-Green-Extra-3-324x324.jpg 324w, https:\/\/najnaj.eu\/wp-content\/uploads\/2025\/04\/Z1031-Bio-Based-Tableware-Set-Dino-Green-Extra-3-100x100.jpg 100w, https:\/\/najnaj.eu\/wp-content\/uploads\/2025\/04\/Z1031-Bio-Based-Tableware-Set-Dino-Green-Extra-3-1200x1200.jpg 1200w, https:\/\/najnaj.eu\/wp-content\/uploads\/2025\/04\/Z1031-Bio-Based-Tableware-Set-Dino-Green-Extra-3-300x300.jpg 300w, https:\/\/najnaj.eu\/wp-content\/uploads\/2025\/04\/Z1031-Bio-Based-Tableware-Set-Dino-Green-Extra-3-150x150.jpg 150w, https:\/\/najnaj.eu\/wp-content\/uploads\/2025\/04\/Z1031-Bio-Based-Tableware-Set-Dino-Green-Extra-3-768x768.jpg 768w, https:\/\/najnaj.eu\/wp-content\/uploads\/2025\/04\/Z1031-Bio-Based-Tableware-Set-Dino-Green-Extra-3-1536x1536.jpg 1536w, https:\/\/najnaj.eu\/wp-content\/uploads\/2025\/04\/Z1031-Bio-Based-Tableware-Set-Dino-Green-Extra-3-2048x2048.jpg 2048w, https:\/\/najnaj.eu\/wp-content\/uploads\/2025\/04\/Z1031-Bio-Based-Tableware-Set-Dino-Green-Extra-3-1440x1439.jpg 1440w, https:\/\/najnaj.eu\/wp-content\/uploads\/2025\/04\/Z1031-Bio-Based-Tableware-Set-Dino-Green-Extra-3-420x420.jpg 420w, https:\/\/najnaj.eu\/wp-content\/uploads\/2025\/04\/Z1031-Bio-Based-Tableware-Set-Dino-Green-Extra-3-50x50.jpg 50w\" sizes=\"auto, (max-width: 980px) 100vw, 980px\" \/><\/p>\n","protected":false},"excerpt":{"rendered":"<p>Ta komplet jedilnega pribora je izdelan iz PLA, rastlinske bioplastike, ki ne uporablja strupenih materialov. Poleg tega, da je okolju prijazen, je odporen proti razpokam in ima dalj\u0161o \u017eivljenjsko dobo. Ekskluzivni potisk na vsakem kosu jih zdru\u017euje v eno trendovsko kolekcijo. Komplet vsebuje kro\u017enik, skledo, kozarec in jedilni pribor (vilice in \u017elico).   <\/p>\n","protected":false},"featured_media":246306,"comment_status":"open","ping_status":"closed","template":"","meta":{"_acf_changed":false,"footnotes":""},"product_brand":[],"product_cat":[2228,1167,2231,1379,1275],"product_tag":[],"class_list":{"0":"post-256344","1":"product","2":"type-product","3":"status-publish","4":"has-post-thumbnail","6":"product_cat-darila","7":"product_cat-hranjenje-sl","8":"product_cat-kompleti","9":"product_cat-krozniki-in-sklede","10":"product_cat-posoda","11":"pa_boja-rdeckasto-roza","12":"pa_boja-roza-sl","13":"pa_brand-citron-sl","14":"pa_vrsta-posuda-krozniki-in-sklede","16":"first","17":"outofstock","18":"shipping-taxable","19":"purchasable","20":"product-type-simple"},"bundled_by":[],"bundle_stock_status":"outofstock","bundle_stock_quantity":0,"bundle_virtual":false,"bundle_layout":"","bundle_add_to_cart_form_location":"","bundle_editable_in_cart":false,"bundle_sold_individually_context":"","bundle_item_grouping":"","bundle_min_size":"","bundle_max_size":"","bundle_price":[],"bundled_items":[],"bundle_sell_ids":[],"acf":[],"yoast_head":"<!-- This site is optimized with the Yoast SEO Premium plugin v21.5 (Yoast SEO v27.3) - https:\/\/yoast.com\/product\/yoast-seo-premium-wordpress\/ -->\n<title>Komplet jedilnega pribora Citron Biomaterial, samorogovo roza - NajNaj.eu<\/title>\n<meta name=\"robots\" content=\"index, follow, max-snippet:-1, max-image-preview:large, max-video-preview:-1\" \/>\n<link rel=\"canonical\" href=\"https:\/\/najnaj.eu\/sl\/izdelek\/komplet-jedilnega-pribora-citron-biomaterial-samorogovo-roza\/\" \/>\n<meta property=\"og:locale\" content=\"sl_SI\" \/>\n<meta property=\"og:type\" content=\"article\" \/>\n<meta property=\"og:title\" content=\"Komplet jedilnega pribora Citron Biomaterial, samorogovo roza\" \/>\n<meta property=\"og:description\" content=\"Ta komplet jedilnega pribora je izdelan iz PLA, rastlinske bioplastike, ki ne uporablja strupenih materialov. Poleg tega, da je okolju prijazen, je odporen proti razpokam in ima dalj\u0161o \u017eivljenjsko dobo. Ekskluzivni potisk na vsakem kosu jih zdru\u017euje v eno trendovsko kolekcijo. Komplet vsebuje kro\u017enik, skledo, kozarec in jedilni pribor (vilice in \u017elico).\" \/>\n<meta property=\"og:url\" content=\"https:\/\/najnaj.eu\/sl\/izdelek\/komplet-jedilnega-pribora-citron-biomaterial-samorogovo-roza\/\" \/>\n<meta property=\"og:site_name\" content=\"NajNaj.eu\" \/>\n<meta property=\"article:publisher\" content=\"https:\/\/web.facebook.com\/najnaj.eu\/\" \/>\n<meta property=\"article:modified_time\" content=\"2025-06-23T12:40:45+00:00\" \/>\n<meta property=\"og:image\" content=\"https:\/\/najnaj.eu\/wp-content\/uploads\/2025\/04\/Z1031-Bio-Based-Tableware-Set-Unicorn-Blush-Pink-Main.jpg\" \/>\n\t<meta property=\"og:image:width\" content=\"2000\" \/>\n\t<meta property=\"og:image:height\" content=\"2000\" \/>\n\t<meta property=\"og:image:type\" content=\"image\/jpeg\" \/>\n<meta name=\"twitter:card\" content=\"summary_large_image\" \/>\n<meta name=\"twitter:label1\" content=\"Price\" \/>\n\t<meta name=\"twitter:data1\" content=\"26,99&nbsp;&euro;\" \/>\n\t<meta name=\"twitter:label2\" content=\"Availability\" \/>\n\t<meta name=\"twitter:data2\" content=\"Out of stock\" \/>\n<script type=\"application\/ld+json\" class=\"yoast-schema-graph\">{\"@context\":\"https:\\\/\\\/schema.org\",\"@graph\":[{\"@type\":\"WebPage\",\"@id\":\"https:\\\/\\\/najnaj.eu\\\/sl\\\/izdelek\\\/komplet-jedilnega-pribora-citron-biomaterial-samorogovo-roza\\\/\",\"url\":\"https:\\\/\\\/najnaj.eu\\\/sl\\\/izdelek\\\/komplet-jedilnega-pribora-citron-biomaterial-samorogovo-roza\\\/\",\"name\":\"Komplet jedilnega pribora Citron Biomaterial, samorogovo roza - NajNaj.eu\",\"isPartOf\":{\"@id\":\"https:\\\/\\\/najnaj.eu\\\/sl\\\/#website\"},\"primaryImageOfPage\":{\"@id\":\"https:\\\/\\\/najnaj.eu\\\/sl\\\/izdelek\\\/komplet-jedilnega-pribora-citron-biomaterial-samorogovo-roza\\\/#primaryimage\"},\"image\":{\"@id\":\"https:\\\/\\\/najnaj.eu\\\/sl\\\/izdelek\\\/komplet-jedilnega-pribora-citron-biomaterial-samorogovo-roza\\\/#primaryimage\"},\"thumbnailUrl\":\"https:\\\/\\\/najnaj.eu\\\/wp-content\\\/uploads\\\/2025\\\/04\\\/Z1031-Bio-Based-Tableware-Set-Unicorn-Blush-Pink-Main.jpg\",\"datePublished\":\"2025-04-03T13:03:06+00:00\",\"dateModified\":\"2025-06-23T12:40:45+00:00\",\"breadcrumb\":{\"@id\":\"https:\\\/\\\/najnaj.eu\\\/sl\\\/izdelek\\\/komplet-jedilnega-pribora-citron-biomaterial-samorogovo-roza\\\/#breadcrumb\"},\"inLanguage\":\"sl-SI\",\"potentialAction\":[{\"@type\":\"ReadAction\",\"target\":[\"https:\\\/\\\/najnaj.eu\\\/sl\\\/izdelek\\\/komplet-jedilnega-pribora-citron-biomaterial-samorogovo-roza\\\/\"]}]},{\"@type\":\"ImageObject\",\"inLanguage\":\"sl-SI\",\"@id\":\"https:\\\/\\\/najnaj.eu\\\/sl\\\/izdelek\\\/komplet-jedilnega-pribora-citron-biomaterial-samorogovo-roza\\\/#primaryimage\",\"url\":\"https:\\\/\\\/najnaj.eu\\\/wp-content\\\/uploads\\\/2025\\\/04\\\/Z1031-Bio-Based-Tableware-Set-Unicorn-Blush-Pink-Main.jpg\",\"contentUrl\":\"https:\\\/\\\/najnaj.eu\\\/wp-content\\\/uploads\\\/2025\\\/04\\\/Z1031-Bio-Based-Tableware-Set-Unicorn-Blush-Pink-Main.jpg\",\"width\":2000,\"height\":2000},{\"@type\":\"BreadcrumbList\",\"@id\":\"https:\\\/\\\/najnaj.eu\\\/sl\\\/izdelek\\\/komplet-jedilnega-pribora-citron-biomaterial-samorogovo-roza\\\/#breadcrumb\",\"itemListElement\":[{\"@type\":\"ListItem\",\"position\":1,\"name\":\"Po\u010detna stranica\",\"item\":\"https:\\\/\\\/najnaj.eu\\\/sl\\\/prednja-stran\\\/\"},{\"@type\":\"ListItem\",\"position\":2,\"name\":\"Shop\",\"item\":\"https:\\\/\\\/najnaj.eu\\\/sl\\\/shop\\\/\"},{\"@type\":\"ListItem\",\"position\":3,\"name\":\"Komplet jedilnega pribora Citron Biomaterial, samorogovo roza\"}]},{\"@type\":\"WebSite\",\"@id\":\"https:\\\/\\\/najnaj.eu\\\/sl\\\/#website\",\"url\":\"https:\\\/\\\/najnaj.eu\\\/sl\\\/\",\"name\":\"NajNaj.eu\",\"description\":\"Za najva\u017enije!\",\"publisher\":{\"@id\":\"https:\\\/\\\/najnaj.eu\\\/sl\\\/#organization\"},\"potentialAction\":[{\"@type\":\"SearchAction\",\"target\":{\"@type\":\"EntryPoint\",\"urlTemplate\":\"https:\\\/\\\/najnaj.eu\\\/sl\\\/?s={search_term_string}\"},\"query-input\":{\"@type\":\"PropertyValueSpecification\",\"valueRequired\":true,\"valueName\":\"search_term_string\"}}],\"inLanguage\":\"sl-SI\"},{\"@type\":\"Organization\",\"@id\":\"https:\\\/\\\/najnaj.eu\\\/sl\\\/#organization\",\"name\":\"NajNaj.eu\",\"url\":\"https:\\\/\\\/najnaj.eu\\\/sl\\\/\",\"logo\":{\"@type\":\"ImageObject\",\"inLanguage\":\"sl-SI\",\"@id\":\"https:\\\/\\\/najnaj.eu\\\/sl\\\/#\\\/schema\\\/logo\\\/image\\\/\",\"url\":\"https:\\\/\\\/najnaj.eu\\\/wp-content\\\/uploads\\\/2023\\\/09\\\/logo_Najnaj_2023.svg\",\"contentUrl\":\"https:\\\/\\\/najnaj.eu\\\/wp-content\\\/uploads\\\/2023\\\/09\\\/logo_Najnaj_2023.svg\",\"width\":501,\"height\":278,\"caption\":\"NajNaj.eu\"},\"image\":{\"@id\":\"https:\\\/\\\/najnaj.eu\\\/sl\\\/#\\\/schema\\\/logo\\\/image\\\/\"},\"sameAs\":[\"https:\\\/\\\/web.facebook.com\\\/najnaj.eu\\\/\",\"https:\\\/\\\/www.instagram.com\\\/najnaj.eu\\\/\",\"https:\\\/\\\/www.tiktok.com\\\/@najnaj.eu\"]}]}<\/script>\n<meta property=\"product:brand\" content=\"Citron\" \/>\n<meta property=\"product:price:amount\" content=\"26.99\" \/>\n<meta property=\"product:price:currency\" content=\"EUR\" \/>\n<meta property=\"og:availability\" content=\"out of stock\" \/>\n<meta property=\"product:availability\" content=\"out of stock\" \/>\n<meta property=\"product:retailer_item_id\" content=\"PLA_TABLEWARE_SET_UNICORN_BLUSH_PINK\" \/>\n<meta property=\"product:condition\" content=\"new\" \/>\n<!-- \/ Yoast SEO Premium plugin. -->","yoast_head_json":{"title":"Komplet jedilnega pribora Citron Biomaterial, samorogovo roza - NajNaj.eu","robots":{"index":"index","follow":"follow","max-snippet":"max-snippet:-1","max-image-preview":"max-image-preview:large","max-video-preview":"max-video-preview:-1"},"canonical":"https:\/\/najnaj.eu\/sl\/izdelek\/komplet-jedilnega-pribora-citron-biomaterial-samorogovo-roza\/","og_locale":"sl_SI","og_type":"article","og_title":"Komplet jedilnega pribora Citron Biomaterial, samorogovo roza","og_description":"Ta komplet jedilnega pribora je izdelan iz PLA, rastlinske bioplastike, ki ne uporablja strupenih materialov. Poleg tega, da je okolju prijazen, je odporen proti razpokam in ima dalj\u0161o \u017eivljenjsko dobo. Ekskluzivni potisk na vsakem kosu jih zdru\u017euje v eno trendovsko kolekcijo. Komplet vsebuje kro\u017enik, skledo, kozarec in jedilni pribor (vilice in \u017elico).","og_url":"https:\/\/najnaj.eu\/sl\/izdelek\/komplet-jedilnega-pribora-citron-biomaterial-samorogovo-roza\/","og_site_name":"NajNaj.eu","article_publisher":"https:\/\/web.facebook.com\/najnaj.eu\/","article_modified_time":"2025-06-23T12:40:45+00:00","og_image":[{"width":2000,"height":2000,"url":"https:\/\/najnaj.eu\/wp-content\/uploads\/2025\/04\/Z1031-Bio-Based-Tableware-Set-Unicorn-Blush-Pink-Main.jpg","type":"image\/jpeg"}],"twitter_card":"summary_large_image","twitter_misc":{"Price":"26,99&nbsp;&euro;","Availability":"Out of stock"},"schema":{"@context":"https:\/\/schema.org","@graph":[{"@type":"WebPage","@id":"https:\/\/najnaj.eu\/sl\/izdelek\/komplet-jedilnega-pribora-citron-biomaterial-samorogovo-roza\/","url":"https:\/\/najnaj.eu\/sl\/izdelek\/komplet-jedilnega-pribora-citron-biomaterial-samorogovo-roza\/","name":"Komplet jedilnega pribora Citron Biomaterial, samorogovo roza - NajNaj.eu","isPartOf":{"@id":"https:\/\/najnaj.eu\/sl\/#website"},"primaryImageOfPage":{"@id":"https:\/\/najnaj.eu\/sl\/izdelek\/komplet-jedilnega-pribora-citron-biomaterial-samorogovo-roza\/#primaryimage"},"image":{"@id":"https:\/\/najnaj.eu\/sl\/izdelek\/komplet-jedilnega-pribora-citron-biomaterial-samorogovo-roza\/#primaryimage"},"thumbnailUrl":"https:\/\/najnaj.eu\/wp-content\/uploads\/2025\/04\/Z1031-Bio-Based-Tableware-Set-Unicorn-Blush-Pink-Main.jpg","datePublished":"2025-04-03T13:03:06+00:00","dateModified":"2025-06-23T12:40:45+00:00","breadcrumb":{"@id":"https:\/\/najnaj.eu\/sl\/izdelek\/komplet-jedilnega-pribora-citron-biomaterial-samorogovo-roza\/#breadcrumb"},"inLanguage":"sl-SI","potentialAction":[{"@type":"ReadAction","target":["https:\/\/najnaj.eu\/sl\/izdelek\/komplet-jedilnega-pribora-citron-biomaterial-samorogovo-roza\/"]}]},{"@type":"ImageObject","inLanguage":"sl-SI","@id":"https:\/\/najnaj.eu\/sl\/izdelek\/komplet-jedilnega-pribora-citron-biomaterial-samorogovo-roza\/#primaryimage","url":"https:\/\/najnaj.eu\/wp-content\/uploads\/2025\/04\/Z1031-Bio-Based-Tableware-Set-Unicorn-Blush-Pink-Main.jpg","contentUrl":"https:\/\/najnaj.eu\/wp-content\/uploads\/2025\/04\/Z1031-Bio-Based-Tableware-Set-Unicorn-Blush-Pink-Main.jpg","width":2000,"height":2000},{"@type":"BreadcrumbList","@id":"https:\/\/najnaj.eu\/sl\/izdelek\/komplet-jedilnega-pribora-citron-biomaterial-samorogovo-roza\/#breadcrumb","itemListElement":[{"@type":"ListItem","position":1,"name":"Po\u010detna stranica","item":"https:\/\/najnaj.eu\/sl\/prednja-stran\/"},{"@type":"ListItem","position":2,"name":"Shop","item":"https:\/\/najnaj.eu\/sl\/shop\/"},{"@type":"ListItem","position":3,"name":"Komplet jedilnega pribora Citron Biomaterial, samorogovo roza"}]},{"@type":"WebSite","@id":"https:\/\/najnaj.eu\/sl\/#website","url":"https:\/\/najnaj.eu\/sl\/","name":"NajNaj.eu","description":"Za najva\u017enije!","publisher":{"@id":"https:\/\/najnaj.eu\/sl\/#organization"},"potentialAction":[{"@type":"SearchAction","target":{"@type":"EntryPoint","urlTemplate":"https:\/\/najnaj.eu\/sl\/?s={search_term_string}"},"query-input":{"@type":"PropertyValueSpecification","valueRequired":true,"valueName":"search_term_string"}}],"inLanguage":"sl-SI"},{"@type":"Organization","@id":"https:\/\/najnaj.eu\/sl\/#organization","name":"NajNaj.eu","url":"https:\/\/najnaj.eu\/sl\/","logo":{"@type":"ImageObject","inLanguage":"sl-SI","@id":"https:\/\/najnaj.eu\/sl\/#\/schema\/logo\/image\/","url":"https:\/\/najnaj.eu\/wp-content\/uploads\/2023\/09\/logo_Najnaj_2023.svg","contentUrl":"https:\/\/najnaj.eu\/wp-content\/uploads\/2023\/09\/logo_Najnaj_2023.svg","width":501,"height":278,"caption":"NajNaj.eu"},"image":{"@id":"https:\/\/najnaj.eu\/sl\/#\/schema\/logo\/image\/"},"sameAs":["https:\/\/web.facebook.com\/najnaj.eu\/","https:\/\/www.instagram.com\/najnaj.eu\/","https:\/\/www.tiktok.com\/@najnaj.eu"]}]},"product_brand":"Citron","product_price_amount":"26.99","product_price_currency":"EUR","og_availability":"out of stock","product_availability":"out of stock","product_retailer_item_id":"PLA_TABLEWARE_SET_UNICORN_BLUSH_PINK","product_condition":"new"},"_links":{"self":[{"href":"https:\/\/najnaj.eu\/sl\/wp-json\/wp\/v2\/product\/256344","targetHints":{"allow":["GET"]}}],"collection":[{"href":"https:\/\/najnaj.eu\/sl\/wp-json\/wp\/v2\/product"}],"about":[{"href":"https:\/\/najnaj.eu\/sl\/wp-json\/wp\/v2\/types\/product"}],"replies":[{"embeddable":true,"href":"https:\/\/najnaj.eu\/sl\/wp-json\/wp\/v2\/comments?post=256344"}],"version-history":[{"count":0,"href":"https:\/\/najnaj.eu\/sl\/wp-json\/wp\/v2\/product\/256344\/revisions"}],"wp:featuredmedia":[{"embeddable":true,"href":"https:\/\/najnaj.eu\/sl\/wp-json\/wp\/v2\/media\/246306"}],"wp:attachment":[{"href":"https:\/\/najnaj.eu\/sl\/wp-json\/wp\/v2\/media?parent=256344"}],"wp:term":[{"taxonomy":"product_brand","embeddable":true,"href":"https:\/\/najnaj.eu\/sl\/wp-json\/wp\/v2\/product_brand?post=256344"},{"taxonomy":"product_cat","embeddable":true,"href":"https:\/\/najnaj.eu\/sl\/wp-json\/wp\/v2\/product_cat?post=256344"},{"taxonomy":"product_tag","embeddable":true,"href":"https:\/\/najnaj.eu\/sl\/wp-json\/wp\/v2\/product_tag?post=256344"}],"curies":[{"name":"wp","href":"https:\/\/api.w.org\/{rel}","templated":true}]}}