{"id":255970,"date":"2025-04-07T11:55:34","date_gmt":"2025-04-07T09:55:34","guid":{"rendered":"https:\/\/najnaj.eu\/proizvod\/icandy-peach-7-vozicek-za-dva-otroka-razlicnih-starosti-pecan\/"},"modified":"2025-04-07T11:55:34","modified_gmt":"2025-04-07T09:55:34","slug":"icandy-peach-7-vozicek-za-dva-otroka-razlicnih-starosti-pecan","status":"publish","type":"product","link":"https:\/\/najnaj.eu\/sl\/izdelek\/icandy-peach-7-vozicek-za-dva-otroka-razlicnih-starosti-pecan\/","title":{"rendered":"iCandy Peach 7 vozi\u010dek za dva otroka razli\u010dnih starosti, Pecan"},"content":{"rendered":"<p>Zdaj, v svoji sedmi generaciji, je vsak element vozi\u010dka iCandy Peach 7 izdelan tako, da zagotavlja popolnost funkcionalnosti, kakovosti in varnosti, zato je izbira vsakega star\u0161a, ki zahteva vrhunski dizajn in slog, ki traja. iCandy Peach 7, znan po preprostem zlaganju z eno roko in sodobnih materialih, je mogo\u010de z dodajanjem inovativnih adapterjev enostavno pretvoriti v vozi\u010dek za dvoj\u010dke ali dva otroka razli\u010dnih starosti. <\/p>\n<p>Z visokokakovostnim, robustnim aluminijastim okvirjem, pnevmatikami iz PU, odpornimi proti predrtju, in novim integriranim sistemom Ride on Board boste takoj opazili izjemno gladko vo\u017enjo in lahkotno manevriranje na vseh terenih! Vozi\u010dek iCandy Peach 7 omogo\u010da enostaven dostop do otroka, ne da bi bilo treba popolnoma odstraniti sprednji ro\u010daj, vi\u0161ino krmilnega ro\u010daja vozi\u010dka pa je mogo\u010de nastaviti od 95 do 105 cm, kar je idealno za star\u0161e razli\u010dnih vi\u0161in!<\/p>\n<p>Primerno od rojstva do 25 kilogramov oziroma najve\u010d 15 kilogramov na avtosede\u017eih. Prilo\u017eeni so adapterji za avtosede\u017e \u2013 spremeni se v popoln potovalni sistem 3 v 1. Avtosede\u017ei dvignejo zibelko ali sede\u017e v obe smeri \u2013 obrnjeno proti star\u0161em, kar omogo\u010da bolj\u0161o interakcijo z otrokom, in obrnjeno stran od okolja, kar omogo\u010da la\u017eje skupne obroke za jedilno mizo brez potrebe po otro\u0161kem stol\u010dku.   <\/p>\n<p>Dodatne prednosti vozi\u010dka:<br \/>\n \u2022 Drsni sistem Pop-Up ponuja nastavljiv vzglavnik in 5-to\u010dkovni varnostni pas.<br \/>\n\u2022 Enostavna sprememba naklona naslonjala sede\u017ea v \u0161tirih polo\u017eajih samo z eno roko.<br \/>\n\u2022 Nastavljiv naslon za noge zagotavlja maksimalno udobje za otroka.<br \/>\n\u2022 Popolnoma snemljiv prakti\u010den \u017eep Pip-Zip za pomembne predmete (dokumente, mobilni telefon, denar\u2026) na hrbtni strani sede\u017ea.<br \/>\n\u2022 Dodatno oblazinjen sede\u017e za ve\u010dje udobje.<br \/>\n\u2022 Raztegljiva vodoodporna streha z velikim mre\u017eastim prezra\u010devalnim odprtinam in za\u0161\u010dito pred soncem SPF 50+.<br \/>\n\u2022 Integrirana plo\u0161\u010dad za starej\u0161e otroke (Ride-on Board), z nosilnostjo do 20 kg.<br \/>\n\u2022 Enostavno zlaganje z eno roko, z avtomatskim zaklepanjem vozi\u010dka.<br \/>\n\u2022 Ko je zlo\u017een, je vozi\u010dek kompakten in samostoje\u010d ter ima prilo\u017een trak za no\u0161enje.<br \/>\n\u2022 Prostorna 44-litrska ko\u0161ara, ki podpira do 10 kg te\u017ee, z vgrajenim odtokom teko\u010dine.<\/p>\n<p>Otro\u0161ki vozi\u010dek iCandy Peach 7 je zdru\u017eljiv z ve\u010dino avtomobilskih sede\u017eev, vklju\u010dno z:<\/p>\n<ul>\n<li><a href=\"https:\/\/najnaj.eu\/proizvod\/besafe-go-beyond-fresh-black-cab\/\" target=\"_blank\" rel=\"noopener\">BeSafe Pojdi \u0161e dlje<\/a><\/li>\n<li><a href=\"https:\/\/najnaj.eu\/sl\/izdelek\/besafe-izi-go-modular-x2-i-size-40-75-cm-crna-kabina\/\" target=\"_blank\" rel=\"noopener\">BeSafe iZi GO Modular X2<\/a><\/li>\n<li>iCandy Cocoon<\/li>\n<li>Avionaut Pixel Pro 2.0<\/li>\n<li>Maxi-Cosi Coral 360<\/li>\n<li>Maxi-Cosi Pebble<\/li>\n<li>Maxi-Cosi Pebble 360<\/li>\n<li>Maxi-Cosi Pebble Pro 360<\/li>\n<li>Cybex Cloud T<\/li>\n<li>Cybex Cloud G<\/li>\n<li>Cybex Cloud Z\/Z2<\/li>\n<li>Cybex Aton M<\/li>\n<li>Joie in Gemm<\/li>\n<li>Joie iLevel<\/li>\n<li>Joie in Snug<\/li>\n<li>Nuna Arra<\/li>\n<li>Nuna Pipa<\/li>\n<li>Nuna Pipa Lite LX<\/li>\n<\/ul>\n<p>Avtomobilske sede\u017ee je mogo\u010de namestiti v razli\u010dnih konfiguracijah:<\/p>\n<p><img loading=\"lazy\" decoding=\"async\" class=\"alignnone wp-image-248054 size-full\" src=\"https:\/\/najnaj.eu\/wp-content\/uploads\/2025\/04\/New-iCandy-carseats.jpg\" alt=\"\" width=\"1500\" height=\"1000\" srcset=\"https:\/\/najnaj.eu\/wp-content\/uploads\/2025\/04\/New-iCandy-carseats.jpg 1500w, https:\/\/najnaj.eu\/wp-content\/uploads\/2025\/04\/New-iCandy-carseats-324x216.jpg 324w, https:\/\/najnaj.eu\/wp-content\/uploads\/2025\/04\/New-iCandy-carseats-1200x800.jpg 1200w, https:\/\/najnaj.eu\/wp-content\/uploads\/2025\/04\/New-iCandy-carseats-300x200.jpg 300w, https:\/\/najnaj.eu\/wp-content\/uploads\/2025\/04\/New-iCandy-carseats-1024x683.jpg 1024w, https:\/\/najnaj.eu\/wp-content\/uploads\/2025\/04\/New-iCandy-carseats-768x512.jpg 768w, https:\/\/najnaj.eu\/wp-content\/uploads\/2025\/04\/New-iCandy-carseats-1440x960.jpg 1440w, https:\/\/najnaj.eu\/wp-content\/uploads\/2025\/04\/New-iCandy-carseats-420x280.jpg 420w\" sizes=\"auto, (max-width: 1500px) 100vw, 1500px\" \/><\/p>\n<p>&nbsp;<\/p>\n","protected":false},"excerpt":{"rendered":"<p>Vrhunski vozi\u010dek iCandy Peach 7 je idealna izbira za star\u0161e, ki prvi\u010d odra\u0161\u010dajo, hkrati pa ponuja udobje za rasto\u010do dru\u017eino. Z mo\u017enostjo enostavne nadgradnje iz enojnega v dvojnega vozi\u010dka se Peach 7 z inovativnimi adapterji iCandy enostavno pretvori v vozi\u010dek za dvoj\u010dke ali dva otroka razli\u010dnih starosti.<br \/>\n Prilagodljivost tega vozi\u010dka ne ogro\u017ea njegove elegantne oblike \u2013 tudi v razli\u010dici za dva otroka iCandy Peach 7 ohranja vrhunsko funkcionalnost in estetiko ter zagotavlja popolno ravnovesje med slogom in prakti\u010dnostjo. <\/p>\n","protected":false},"featured_media":246951,"comment_status":"open","ping_status":"closed","template":"","meta":{"_acf_changed":false,"footnotes":""},"product_brand":[],"product_cat":[1128,1362],"product_tag":[],"class_list":{"0":"post-255970","1":"product","2":"type-product","3":"status-publish","4":"has-post-thumbnail","6":"product_cat-otroski-vozicki","7":"product_cat-vozicek-za-dva-otroka","8":"pa_boja-rjava","9":"pa_brand-icandy-sl","10":"pa_vrsta-kolica-vozicek-za-dva-otroka","12":"first","13":"outofstock","14":"shipping-taxable","15":"purchasable","16":"product-type-simple"},"bundled_by":[],"bundle_stock_status":"outofstock","bundle_stock_quantity":0,"bundle_virtual":false,"bundle_layout":"","bundle_add_to_cart_form_location":"","bundle_editable_in_cart":false,"bundle_sold_individually_context":"","bundle_item_grouping":"","bundle_min_size":"","bundle_max_size":"","bundle_price":[],"bundled_items":[],"bundle_sell_ids":[],"acf":[],"yoast_head":"<!-- This site is optimized with the Yoast SEO Premium plugin v21.5 (Yoast SEO v27.4) - https:\/\/yoast.com\/product\/yoast-seo-premium-wordpress\/ -->\n<title>iCandy Peach 7 vozi\u010dek za dva otroka razli\u010dnih starosti, Pecan - NajNaj.eu<\/title>\n<meta name=\"robots\" content=\"index, follow, max-snippet:-1, max-image-preview:large, max-video-preview:-1\" \/>\n<link rel=\"canonical\" href=\"https:\/\/najnaj.eu\/sl\/izdelek\/icandy-peach-7-vozicek-za-dva-otroka-razlicnih-starosti-pecan\/\" \/>\n<meta property=\"og:locale\" content=\"sl_SI\" \/>\n<meta property=\"og:type\" content=\"article\" \/>\n<meta property=\"og:title\" content=\"iCandy Peach 7 vozi\u010dek za dva otroka razli\u010dnih starosti, Pecan\" \/>\n<meta property=\"og:description\" content=\"Vrhunski vozi\u010dek iCandy Peach 7 je idealna izbira za star\u0161e, ki prvi\u010d odra\u0161\u010dajo, hkrati pa ponuja udobje za rasto\u010do dru\u017eino. Z mo\u017enostjo enostavne nadgradnje iz enojnega v dvojnega vozi\u010dka se Peach 7 z inovativnimi adapterji iCandy enostavno pretvori v vozi\u010dek za dvoj\u010dke ali dva otroka razli\u010dnih starosti. Prilagodljivost tega vozi\u010dka ne ogro\u017ea njegove elegantne oblike \u2013 tudi v razli\u010dici za dva otroka iCandy Peach 7 ohranja vrhunsko funkcionalnost in estetiko ter zagotavlja popolno ravnovesje med slogom in prakti\u010dnostjo.\" \/>\n<meta property=\"og:url\" content=\"https:\/\/najnaj.eu\/sl\/izdelek\/icandy-peach-7-vozicek-za-dva-otroka-razlicnih-starosti-pecan\/\" \/>\n<meta property=\"og:site_name\" content=\"NajNaj.eu\" \/>\n<meta property=\"article:publisher\" content=\"https:\/\/web.facebook.com\/najnaj.eu\/\" \/>\n<meta property=\"og:image\" content=\"https:\/\/najnaj.eu\/wp-content\/uploads\/2025\/04\/Image_1_iCandy_Peach_7_Pecan_Double_3_4_SU_CC_WF_COMBO.jpg\" \/>\n\t<meta property=\"og:image:width\" content=\"1920\" \/>\n\t<meta property=\"og:image:height\" content=\"2400\" \/>\n\t<meta property=\"og:image:type\" content=\"image\/jpeg\" \/>\n<meta name=\"twitter:card\" content=\"summary_large_image\" \/>\n<meta name=\"twitter:label1\" content=\"Price\" \/>\n\t<meta name=\"twitter:data1\" content=\"1.799,00&nbsp;&euro;\" \/>\n\t<meta name=\"twitter:label2\" content=\"Availability\" \/>\n\t<meta name=\"twitter:data2\" content=\"Out of stock\" \/>\n<script type=\"application\/ld+json\" class=\"yoast-schema-graph\">{\"@context\":\"https:\\\/\\\/schema.org\",\"@graph\":[{\"@type\":\"WebPage\",\"@id\":\"https:\\\/\\\/najnaj.eu\\\/sl\\\/izdelek\\\/icandy-peach-7-vozicek-za-dva-otroka-razlicnih-starosti-pecan\\\/\",\"url\":\"https:\\\/\\\/najnaj.eu\\\/sl\\\/izdelek\\\/icandy-peach-7-vozicek-za-dva-otroka-razlicnih-starosti-pecan\\\/\",\"name\":\"iCandy Peach 7 vozi\u010dek za dva otroka razli\u010dnih starosti, Pecan - NajNaj.eu\",\"isPartOf\":{\"@id\":\"https:\\\/\\\/najnaj.eu\\\/sl\\\/#website\"},\"primaryImageOfPage\":{\"@id\":\"https:\\\/\\\/najnaj.eu\\\/sl\\\/izdelek\\\/icandy-peach-7-vozicek-za-dva-otroka-razlicnih-starosti-pecan\\\/#primaryimage\"},\"image\":{\"@id\":\"https:\\\/\\\/najnaj.eu\\\/sl\\\/izdelek\\\/icandy-peach-7-vozicek-za-dva-otroka-razlicnih-starosti-pecan\\\/#primaryimage\"},\"thumbnailUrl\":\"https:\\\/\\\/najnaj.eu\\\/wp-content\\\/uploads\\\/2025\\\/04\\\/Image_1_iCandy_Peach_7_Pecan_Double_3_4_SU_CC_WF_COMBO.jpg\",\"datePublished\":\"2025-04-07T09:55:34+00:00\",\"breadcrumb\":{\"@id\":\"https:\\\/\\\/najnaj.eu\\\/sl\\\/izdelek\\\/icandy-peach-7-vozicek-za-dva-otroka-razlicnih-starosti-pecan\\\/#breadcrumb\"},\"inLanguage\":\"sl-SI\",\"potentialAction\":[{\"@type\":\"ReadAction\",\"target\":[\"https:\\\/\\\/najnaj.eu\\\/sl\\\/izdelek\\\/icandy-peach-7-vozicek-za-dva-otroka-razlicnih-starosti-pecan\\\/\"]}]},{\"@type\":\"ImageObject\",\"inLanguage\":\"sl-SI\",\"@id\":\"https:\\\/\\\/najnaj.eu\\\/sl\\\/izdelek\\\/icandy-peach-7-vozicek-za-dva-otroka-razlicnih-starosti-pecan\\\/#primaryimage\",\"url\":\"https:\\\/\\\/najnaj.eu\\\/wp-content\\\/uploads\\\/2025\\\/04\\\/Image_1_iCandy_Peach_7_Pecan_Double_3_4_SU_CC_WF_COMBO.jpg\",\"contentUrl\":\"https:\\\/\\\/najnaj.eu\\\/wp-content\\\/uploads\\\/2025\\\/04\\\/Image_1_iCandy_Peach_7_Pecan_Double_3_4_SU_CC_WF_COMBO.jpg\",\"width\":1920,\"height\":2400},{\"@type\":\"BreadcrumbList\",\"@id\":\"https:\\\/\\\/najnaj.eu\\\/sl\\\/izdelek\\\/icandy-peach-7-vozicek-za-dva-otroka-razlicnih-starosti-pecan\\\/#breadcrumb\",\"itemListElement\":[{\"@type\":\"ListItem\",\"position\":1,\"name\":\"Po\u010detna stranica\",\"item\":\"https:\\\/\\\/najnaj.eu\\\/sl\\\/prednja-stran\\\/\"},{\"@type\":\"ListItem\",\"position\":2,\"name\":\"Shop\",\"item\":\"https:\\\/\\\/najnaj.eu\\\/sl\\\/shop\\\/\"},{\"@type\":\"ListItem\",\"position\":3,\"name\":\"iCandy Peach 7 vozi\u010dek za dva otroka razli\u010dnih starosti, Pecan\"}]},{\"@type\":\"WebSite\",\"@id\":\"https:\\\/\\\/najnaj.eu\\\/sl\\\/#website\",\"url\":\"https:\\\/\\\/najnaj.eu\\\/sl\\\/\",\"name\":\"NajNaj.eu\",\"description\":\"Za najva\u017enije!\",\"publisher\":{\"@id\":\"https:\\\/\\\/najnaj.eu\\\/sl\\\/#organization\"},\"potentialAction\":[{\"@type\":\"SearchAction\",\"target\":{\"@type\":\"EntryPoint\",\"urlTemplate\":\"https:\\\/\\\/najnaj.eu\\\/sl\\\/?s={search_term_string}\"},\"query-input\":{\"@type\":\"PropertyValueSpecification\",\"valueRequired\":true,\"valueName\":\"search_term_string\"}}],\"inLanguage\":\"sl-SI\"},{\"@type\":\"Organization\",\"@id\":\"https:\\\/\\\/najnaj.eu\\\/sl\\\/#organization\",\"name\":\"NajNaj.eu\",\"url\":\"https:\\\/\\\/najnaj.eu\\\/sl\\\/\",\"logo\":{\"@type\":\"ImageObject\",\"inLanguage\":\"sl-SI\",\"@id\":\"https:\\\/\\\/najnaj.eu\\\/sl\\\/#\\\/schema\\\/logo\\\/image\\\/\",\"url\":\"https:\\\/\\\/najnaj.eu\\\/wp-content\\\/uploads\\\/2023\\\/09\\\/logo_Najnaj_2023.svg\",\"contentUrl\":\"https:\\\/\\\/najnaj.eu\\\/wp-content\\\/uploads\\\/2023\\\/09\\\/logo_Najnaj_2023.svg\",\"width\":501,\"height\":278,\"caption\":\"NajNaj.eu\"},\"image\":{\"@id\":\"https:\\\/\\\/najnaj.eu\\\/sl\\\/#\\\/schema\\\/logo\\\/image\\\/\"},\"sameAs\":[\"https:\\\/\\\/web.facebook.com\\\/najnaj.eu\\\/\",\"https:\\\/\\\/www.instagram.com\\\/najnaj.eu\\\/\",\"https:\\\/\\\/www.tiktok.com\\\/@najnaj.eu\"]}]}<\/script>\n<meta property=\"product:brand\" content=\"iCandy\" \/>\n<meta property=\"product:price:amount\" content=\"1799.00\" \/>\n<meta property=\"product:price:currency\" content=\"EUR\" \/>\n<meta property=\"og:availability\" content=\"out of stock\" \/>\n<meta property=\"product:availability\" content=\"out of stock\" \/>\n<meta property=\"product:retailer_item_id\" content=\"IC3127\" \/>\n<meta property=\"product:condition\" content=\"new\" \/>\n<!-- \/ Yoast SEO Premium plugin. -->","yoast_head_json":{"title":"iCandy Peach 7 vozi\u010dek za dva otroka razli\u010dnih starosti, Pecan - NajNaj.eu","robots":{"index":"index","follow":"follow","max-snippet":"max-snippet:-1","max-image-preview":"max-image-preview:large","max-video-preview":"max-video-preview:-1"},"canonical":"https:\/\/najnaj.eu\/sl\/izdelek\/icandy-peach-7-vozicek-za-dva-otroka-razlicnih-starosti-pecan\/","og_locale":"sl_SI","og_type":"article","og_title":"iCandy Peach 7 vozi\u010dek za dva otroka razli\u010dnih starosti, Pecan","og_description":"Vrhunski vozi\u010dek iCandy Peach 7 je idealna izbira za star\u0161e, ki prvi\u010d odra\u0161\u010dajo, hkrati pa ponuja udobje za rasto\u010do dru\u017eino. Z mo\u017enostjo enostavne nadgradnje iz enojnega v dvojnega vozi\u010dka se Peach 7 z inovativnimi adapterji iCandy enostavno pretvori v vozi\u010dek za dvoj\u010dke ali dva otroka razli\u010dnih starosti. Prilagodljivost tega vozi\u010dka ne ogro\u017ea njegove elegantne oblike \u2013 tudi v razli\u010dici za dva otroka iCandy Peach 7 ohranja vrhunsko funkcionalnost in estetiko ter zagotavlja popolno ravnovesje med slogom in prakti\u010dnostjo.","og_url":"https:\/\/najnaj.eu\/sl\/izdelek\/icandy-peach-7-vozicek-za-dva-otroka-razlicnih-starosti-pecan\/","og_site_name":"NajNaj.eu","article_publisher":"https:\/\/web.facebook.com\/najnaj.eu\/","og_image":[{"width":1920,"height":2400,"url":"https:\/\/najnaj.eu\/wp-content\/uploads\/2025\/04\/Image_1_iCandy_Peach_7_Pecan_Double_3_4_SU_CC_WF_COMBO.jpg","type":"image\/jpeg"}],"twitter_card":"summary_large_image","twitter_misc":{"Price":"1.799,00&nbsp;&euro;","Availability":"Out of stock"},"schema":{"@context":"https:\/\/schema.org","@graph":[{"@type":"WebPage","@id":"https:\/\/najnaj.eu\/sl\/izdelek\/icandy-peach-7-vozicek-za-dva-otroka-razlicnih-starosti-pecan\/","url":"https:\/\/najnaj.eu\/sl\/izdelek\/icandy-peach-7-vozicek-za-dva-otroka-razlicnih-starosti-pecan\/","name":"iCandy Peach 7 vozi\u010dek za dva otroka razli\u010dnih starosti, Pecan - NajNaj.eu","isPartOf":{"@id":"https:\/\/najnaj.eu\/sl\/#website"},"primaryImageOfPage":{"@id":"https:\/\/najnaj.eu\/sl\/izdelek\/icandy-peach-7-vozicek-za-dva-otroka-razlicnih-starosti-pecan\/#primaryimage"},"image":{"@id":"https:\/\/najnaj.eu\/sl\/izdelek\/icandy-peach-7-vozicek-za-dva-otroka-razlicnih-starosti-pecan\/#primaryimage"},"thumbnailUrl":"https:\/\/najnaj.eu\/wp-content\/uploads\/2025\/04\/Image_1_iCandy_Peach_7_Pecan_Double_3_4_SU_CC_WF_COMBO.jpg","datePublished":"2025-04-07T09:55:34+00:00","breadcrumb":{"@id":"https:\/\/najnaj.eu\/sl\/izdelek\/icandy-peach-7-vozicek-za-dva-otroka-razlicnih-starosti-pecan\/#breadcrumb"},"inLanguage":"sl-SI","potentialAction":[{"@type":"ReadAction","target":["https:\/\/najnaj.eu\/sl\/izdelek\/icandy-peach-7-vozicek-za-dva-otroka-razlicnih-starosti-pecan\/"]}]},{"@type":"ImageObject","inLanguage":"sl-SI","@id":"https:\/\/najnaj.eu\/sl\/izdelek\/icandy-peach-7-vozicek-za-dva-otroka-razlicnih-starosti-pecan\/#primaryimage","url":"https:\/\/najnaj.eu\/wp-content\/uploads\/2025\/04\/Image_1_iCandy_Peach_7_Pecan_Double_3_4_SU_CC_WF_COMBO.jpg","contentUrl":"https:\/\/najnaj.eu\/wp-content\/uploads\/2025\/04\/Image_1_iCandy_Peach_7_Pecan_Double_3_4_SU_CC_WF_COMBO.jpg","width":1920,"height":2400},{"@type":"BreadcrumbList","@id":"https:\/\/najnaj.eu\/sl\/izdelek\/icandy-peach-7-vozicek-za-dva-otroka-razlicnih-starosti-pecan\/#breadcrumb","itemListElement":[{"@type":"ListItem","position":1,"name":"Po\u010detna stranica","item":"https:\/\/najnaj.eu\/sl\/prednja-stran\/"},{"@type":"ListItem","position":2,"name":"Shop","item":"https:\/\/najnaj.eu\/sl\/shop\/"},{"@type":"ListItem","position":3,"name":"iCandy Peach 7 vozi\u010dek za dva otroka razli\u010dnih starosti, Pecan"}]},{"@type":"WebSite","@id":"https:\/\/najnaj.eu\/sl\/#website","url":"https:\/\/najnaj.eu\/sl\/","name":"NajNaj.eu","description":"Za najva\u017enije!","publisher":{"@id":"https:\/\/najnaj.eu\/sl\/#organization"},"potentialAction":[{"@type":"SearchAction","target":{"@type":"EntryPoint","urlTemplate":"https:\/\/najnaj.eu\/sl\/?s={search_term_string}"},"query-input":{"@type":"PropertyValueSpecification","valueRequired":true,"valueName":"search_term_string"}}],"inLanguage":"sl-SI"},{"@type":"Organization","@id":"https:\/\/najnaj.eu\/sl\/#organization","name":"NajNaj.eu","url":"https:\/\/najnaj.eu\/sl\/","logo":{"@type":"ImageObject","inLanguage":"sl-SI","@id":"https:\/\/najnaj.eu\/sl\/#\/schema\/logo\/image\/","url":"https:\/\/najnaj.eu\/wp-content\/uploads\/2023\/09\/logo_Najnaj_2023.svg","contentUrl":"https:\/\/najnaj.eu\/wp-content\/uploads\/2023\/09\/logo_Najnaj_2023.svg","width":501,"height":278,"caption":"NajNaj.eu"},"image":{"@id":"https:\/\/najnaj.eu\/sl\/#\/schema\/logo\/image\/"},"sameAs":["https:\/\/web.facebook.com\/najnaj.eu\/","https:\/\/www.instagram.com\/najnaj.eu\/","https:\/\/www.tiktok.com\/@najnaj.eu"]}]},"product_brand":"iCandy","product_price_amount":"1799.00","product_price_currency":"EUR","og_availability":"out of stock","product_availability":"out of stock","product_retailer_item_id":"IC3127","product_condition":"new"},"_links":{"self":[{"href":"https:\/\/najnaj.eu\/sl\/wp-json\/wp\/v2\/product\/255970","targetHints":{"allow":["GET"]}}],"collection":[{"href":"https:\/\/najnaj.eu\/sl\/wp-json\/wp\/v2\/product"}],"about":[{"href":"https:\/\/najnaj.eu\/sl\/wp-json\/wp\/v2\/types\/product"}],"replies":[{"embeddable":true,"href":"https:\/\/najnaj.eu\/sl\/wp-json\/wp\/v2\/comments?post=255970"}],"version-history":[{"count":0,"href":"https:\/\/najnaj.eu\/sl\/wp-json\/wp\/v2\/product\/255970\/revisions"}],"wp:featuredmedia":[{"embeddable":true,"href":"https:\/\/najnaj.eu\/sl\/wp-json\/wp\/v2\/media\/246951"}],"wp:attachment":[{"href":"https:\/\/najnaj.eu\/sl\/wp-json\/wp\/v2\/media?parent=255970"}],"wp:term":[{"taxonomy":"product_brand","embeddable":true,"href":"https:\/\/najnaj.eu\/sl\/wp-json\/wp\/v2\/product_brand?post=255970"},{"taxonomy":"product_cat","embeddable":true,"href":"https:\/\/najnaj.eu\/sl\/wp-json\/wp\/v2\/product_cat?post=255970"},{"taxonomy":"product_tag","embeddable":true,"href":"https:\/\/najnaj.eu\/sl\/wp-json\/wp\/v2\/product_tag?post=255970"}],"curies":[{"name":"wp","href":"https:\/\/api.w.org\/{rel}","templated":true}]}}