{"id":255963,"date":"2025-04-07T13:53:07","date_gmt":"2025-04-07T11:53:07","guid":{"rendered":"https:\/\/najnaj.eu\/proizvod\/icandy-peach-7-pecan-torba-za-plenice\/"},"modified":"2025-04-07T13:53:07","modified_gmt":"2025-04-07T11:53:07","slug":"icandy-peach-7-pecan-torba-za-plenice","status":"publish","type":"product","link":"https:\/\/najnaj.eu\/sl\/izdelek\/icandy-peach-7-pecan-torba-za-plenice\/","title":{"rendered":"iCandy Peach 7 Pecan torba za plenice"},"content":{"rendered":"<p>Torba za plenice, ki se bo popolnoma prilegala vozi\u010dku iCandy Peach 7, saj se vzorec blaga torbe ujema z blagom na vozi\u010dku.<br \/>\n Komplet vklju\u010duje tudi kavelj\u010dke za enostavno pritrditev torbe neposredno na vozi\u010dek iCandy Peach 7, brez potrebe po nakupu dodatne opreme.<br \/>\n Zunanji \u017eep z zadrgo omogo\u010da shranjevanje stvari, kot so klju\u010di, mobilni telefon in druge pomembne stvari, ki jih morate imeti pri roki.<br \/>\n Notranjost torbe je prostorna in razdeljena na ve\u010d predelkov, kar omogo\u010da enostavno shranjevanje in organizacijo stvari. Elasti\u010dni \u017eepi omogo\u010dajo shranjevanje plenic in rob\u010dkov, paket pa vklju\u010duje tudi previjalno podlogo in termo vre\u010dko za stekleni\u010dko, ki bo teko\u010dine dlje \u010dasa ohranjala hladne ali tople.<br \/>\n V zadnjem \u017eepu torbe so skriti naramni trakovi, ki to torbo spremenijo v prakti\u010den nahrbtnik, idealen za vsakodnevne sprehode in izlete z va\u0161im otrokom. <\/p>\n","protected":false},"excerpt":{"rendered":"<div>Previjalna torba s kavlji za enostavno pritrditev na ogrodje vozi\u010dka iCandy Peach 7.<br \/>\n Vklju\u010duje previjalno podlogo, termo torbico za stekleni\u010dko in skrite trakove, ki torbo spremenijo v nahrbtnik.<\/div>\n<div><\/div>\n","protected":false},"featured_media":247053,"comment_status":"open","ping_status":"closed","template":"","meta":{"_acf_changed":false,"footnotes":""},"product_brand":[],"product_cat":[1152,1180],"product_tag":[],"class_list":{"0":"post-255963","1":"product","2":"type-product","3":"status-publish","4":"has-post-thumbnail","6":"product_cat-dodaci-za-kolica-sl","7":"product_cat-proizvodi-sl","8":"pa_boja-rjava","9":"pa_brand-icandy-sl","10":"pa_torbe-za-otroski-vozicek","12":"first","13":"outofstock","14":"shipping-taxable","15":"purchasable","16":"product-type-simple"},"bundled_by":[],"bundle_stock_status":"outofstock","bundle_stock_quantity":0,"bundle_virtual":false,"bundle_layout":"","bundle_add_to_cart_form_location":"","bundle_editable_in_cart":false,"bundle_sold_individually_context":"","bundle_item_grouping":"","bundle_min_size":"","bundle_max_size":"","bundle_price":[],"bundled_items":[],"bundle_sell_ids":[],"acf":[],"yoast_head":"<!-- This site is optimized with the Yoast SEO Premium plugin v21.5 (Yoast SEO v27.4) - https:\/\/yoast.com\/product\/yoast-seo-premium-wordpress\/ -->\n<title>iCandy Peach 7 Pecan torba za plenice - NajNaj.eu<\/title>\n<meta name=\"robots\" content=\"index, follow, max-snippet:-1, max-image-preview:large, max-video-preview:-1\" \/>\n<link rel=\"canonical\" href=\"https:\/\/najnaj.eu\/sl\/izdelek\/icandy-peach-7-pecan-torba-za-plenice\/\" \/>\n<meta property=\"og:locale\" content=\"sl_SI\" \/>\n<meta property=\"og:type\" content=\"article\" \/>\n<meta property=\"og:title\" content=\"iCandy Peach 7 Pecan torba za plenice\" \/>\n<meta property=\"og:description\" content=\"Previjalna torba s kavlji za enostavno pritrditev na ogrodje vozi\u010dka iCandy Peach 7. Vklju\u010duje previjalno podlogo, termo torbico za stekleni\u010dko in skrite trakove, ki torbo spremenijo v nahrbtnik.\" \/>\n<meta property=\"og:url\" content=\"https:\/\/najnaj.eu\/sl\/izdelek\/icandy-peach-7-pecan-torba-za-plenice\/\" \/>\n<meta property=\"og:site_name\" content=\"NajNaj.eu\" \/>\n<meta property=\"article:publisher\" content=\"https:\/\/web.facebook.com\/najnaj.eu\/\" \/>\n<meta property=\"og:image\" content=\"https:\/\/najnaj.eu\/wp-content\/uploads\/2025\/04\/iCandy_Peach_7_WITB_Pecan_Changing_Bag_Image_2.jpg\" \/>\n\t<meta property=\"og:image:width\" content=\"1714\" \/>\n\t<meta property=\"og:image:height\" content=\"2400\" \/>\n\t<meta property=\"og:image:type\" content=\"image\/jpeg\" \/>\n<meta name=\"twitter:card\" content=\"summary_large_image\" \/>\n<meta name=\"twitter:label1\" content=\"Price\" \/>\n\t<meta name=\"twitter:data1\" content=\"199,00&nbsp;&euro;\" \/>\n\t<meta name=\"twitter:label2\" content=\"Availability\" \/>\n\t<meta name=\"twitter:data2\" content=\"Out of stock\" \/>\n<script type=\"application\/ld+json\" class=\"yoast-schema-graph\">{\"@context\":\"https:\\\/\\\/schema.org\",\"@graph\":[{\"@type\":\"WebPage\",\"@id\":\"https:\\\/\\\/najnaj.eu\\\/sl\\\/izdelek\\\/icandy-peach-7-pecan-torba-za-plenice\\\/\",\"url\":\"https:\\\/\\\/najnaj.eu\\\/sl\\\/izdelek\\\/icandy-peach-7-pecan-torba-za-plenice\\\/\",\"name\":\"iCandy Peach 7 Pecan torba za plenice - NajNaj.eu\",\"isPartOf\":{\"@id\":\"https:\\\/\\\/najnaj.eu\\\/sl\\\/#website\"},\"primaryImageOfPage\":{\"@id\":\"https:\\\/\\\/najnaj.eu\\\/sl\\\/izdelek\\\/icandy-peach-7-pecan-torba-za-plenice\\\/#primaryimage\"},\"image\":{\"@id\":\"https:\\\/\\\/najnaj.eu\\\/sl\\\/izdelek\\\/icandy-peach-7-pecan-torba-za-plenice\\\/#primaryimage\"},\"thumbnailUrl\":\"https:\\\/\\\/najnaj.eu\\\/wp-content\\\/uploads\\\/2025\\\/04\\\/iCandy_Peach_7_WITB_Pecan_Changing_Bag_Image_2.jpg\",\"datePublished\":\"2025-04-07T11:53:07+00:00\",\"breadcrumb\":{\"@id\":\"https:\\\/\\\/najnaj.eu\\\/sl\\\/izdelek\\\/icandy-peach-7-pecan-torba-za-plenice\\\/#breadcrumb\"},\"inLanguage\":\"sl-SI\",\"potentialAction\":[{\"@type\":\"ReadAction\",\"target\":[\"https:\\\/\\\/najnaj.eu\\\/sl\\\/izdelek\\\/icandy-peach-7-pecan-torba-za-plenice\\\/\"]}]},{\"@type\":\"ImageObject\",\"inLanguage\":\"sl-SI\",\"@id\":\"https:\\\/\\\/najnaj.eu\\\/sl\\\/izdelek\\\/icandy-peach-7-pecan-torba-za-plenice\\\/#primaryimage\",\"url\":\"https:\\\/\\\/najnaj.eu\\\/wp-content\\\/uploads\\\/2025\\\/04\\\/iCandy_Peach_7_WITB_Pecan_Changing_Bag_Image_2.jpg\",\"contentUrl\":\"https:\\\/\\\/najnaj.eu\\\/wp-content\\\/uploads\\\/2025\\\/04\\\/iCandy_Peach_7_WITB_Pecan_Changing_Bag_Image_2.jpg\",\"width\":1714,\"height\":2400},{\"@type\":\"BreadcrumbList\",\"@id\":\"https:\\\/\\\/najnaj.eu\\\/sl\\\/izdelek\\\/icandy-peach-7-pecan-torba-za-plenice\\\/#breadcrumb\",\"itemListElement\":[{\"@type\":\"ListItem\",\"position\":1,\"name\":\"Po\u010detna stranica\",\"item\":\"https:\\\/\\\/najnaj.eu\\\/sl\\\/prednja-stran\\\/\"},{\"@type\":\"ListItem\",\"position\":2,\"name\":\"Shop\",\"item\":\"https:\\\/\\\/najnaj.eu\\\/sl\\\/shop\\\/\"},{\"@type\":\"ListItem\",\"position\":3,\"name\":\"iCandy Peach 7 Pecan torba za plenice\"}]},{\"@type\":\"WebSite\",\"@id\":\"https:\\\/\\\/najnaj.eu\\\/sl\\\/#website\",\"url\":\"https:\\\/\\\/najnaj.eu\\\/sl\\\/\",\"name\":\"NajNaj.eu\",\"description\":\"Za najva\u017enije!\",\"publisher\":{\"@id\":\"https:\\\/\\\/najnaj.eu\\\/sl\\\/#organization\"},\"potentialAction\":[{\"@type\":\"SearchAction\",\"target\":{\"@type\":\"EntryPoint\",\"urlTemplate\":\"https:\\\/\\\/najnaj.eu\\\/sl\\\/?s={search_term_string}\"},\"query-input\":{\"@type\":\"PropertyValueSpecification\",\"valueRequired\":true,\"valueName\":\"search_term_string\"}}],\"inLanguage\":\"sl-SI\"},{\"@type\":\"Organization\",\"@id\":\"https:\\\/\\\/najnaj.eu\\\/sl\\\/#organization\",\"name\":\"NajNaj.eu\",\"url\":\"https:\\\/\\\/najnaj.eu\\\/sl\\\/\",\"logo\":{\"@type\":\"ImageObject\",\"inLanguage\":\"sl-SI\",\"@id\":\"https:\\\/\\\/najnaj.eu\\\/sl\\\/#\\\/schema\\\/logo\\\/image\\\/\",\"url\":\"https:\\\/\\\/najnaj.eu\\\/wp-content\\\/uploads\\\/2023\\\/09\\\/logo_Najnaj_2023.svg\",\"contentUrl\":\"https:\\\/\\\/najnaj.eu\\\/wp-content\\\/uploads\\\/2023\\\/09\\\/logo_Najnaj_2023.svg\",\"width\":501,\"height\":278,\"caption\":\"NajNaj.eu\"},\"image\":{\"@id\":\"https:\\\/\\\/najnaj.eu\\\/sl\\\/#\\\/schema\\\/logo\\\/image\\\/\"},\"sameAs\":[\"https:\\\/\\\/web.facebook.com\\\/najnaj.eu\\\/\",\"https:\\\/\\\/www.instagram.com\\\/najnaj.eu\\\/\",\"https:\\\/\\\/www.tiktok.com\\\/@najnaj.eu\"]}]}<\/script>\n<meta property=\"product:brand\" content=\"iCandy\" \/>\n<meta property=\"product:price:amount\" content=\"199.00\" \/>\n<meta property=\"product:price:currency\" content=\"EUR\" \/>\n<meta property=\"og:availability\" content=\"out of stock\" \/>\n<meta property=\"product:availability\" content=\"out of stock\" \/>\n<meta property=\"product:retailer_item_id\" content=\"IC3125\" \/>\n<meta property=\"product:condition\" content=\"new\" \/>\n<!-- \/ Yoast SEO Premium plugin. -->","yoast_head_json":{"title":"iCandy Peach 7 Pecan torba za plenice - NajNaj.eu","robots":{"index":"index","follow":"follow","max-snippet":"max-snippet:-1","max-image-preview":"max-image-preview:large","max-video-preview":"max-video-preview:-1"},"canonical":"https:\/\/najnaj.eu\/sl\/izdelek\/icandy-peach-7-pecan-torba-za-plenice\/","og_locale":"sl_SI","og_type":"article","og_title":"iCandy Peach 7 Pecan torba za plenice","og_description":"Previjalna torba s kavlji za enostavno pritrditev na ogrodje vozi\u010dka iCandy Peach 7. Vklju\u010duje previjalno podlogo, termo torbico za stekleni\u010dko in skrite trakove, ki torbo spremenijo v nahrbtnik.","og_url":"https:\/\/najnaj.eu\/sl\/izdelek\/icandy-peach-7-pecan-torba-za-plenice\/","og_site_name":"NajNaj.eu","article_publisher":"https:\/\/web.facebook.com\/najnaj.eu\/","og_image":[{"width":1714,"height":2400,"url":"https:\/\/najnaj.eu\/wp-content\/uploads\/2025\/04\/iCandy_Peach_7_WITB_Pecan_Changing_Bag_Image_2.jpg","type":"image\/jpeg"}],"twitter_card":"summary_large_image","twitter_misc":{"Price":"199,00&nbsp;&euro;","Availability":"Out of stock"},"schema":{"@context":"https:\/\/schema.org","@graph":[{"@type":"WebPage","@id":"https:\/\/najnaj.eu\/sl\/izdelek\/icandy-peach-7-pecan-torba-za-plenice\/","url":"https:\/\/najnaj.eu\/sl\/izdelek\/icandy-peach-7-pecan-torba-za-plenice\/","name":"iCandy Peach 7 Pecan torba za plenice - NajNaj.eu","isPartOf":{"@id":"https:\/\/najnaj.eu\/sl\/#website"},"primaryImageOfPage":{"@id":"https:\/\/najnaj.eu\/sl\/izdelek\/icandy-peach-7-pecan-torba-za-plenice\/#primaryimage"},"image":{"@id":"https:\/\/najnaj.eu\/sl\/izdelek\/icandy-peach-7-pecan-torba-za-plenice\/#primaryimage"},"thumbnailUrl":"https:\/\/najnaj.eu\/wp-content\/uploads\/2025\/04\/iCandy_Peach_7_WITB_Pecan_Changing_Bag_Image_2.jpg","datePublished":"2025-04-07T11:53:07+00:00","breadcrumb":{"@id":"https:\/\/najnaj.eu\/sl\/izdelek\/icandy-peach-7-pecan-torba-za-plenice\/#breadcrumb"},"inLanguage":"sl-SI","potentialAction":[{"@type":"ReadAction","target":["https:\/\/najnaj.eu\/sl\/izdelek\/icandy-peach-7-pecan-torba-za-plenice\/"]}]},{"@type":"ImageObject","inLanguage":"sl-SI","@id":"https:\/\/najnaj.eu\/sl\/izdelek\/icandy-peach-7-pecan-torba-za-plenice\/#primaryimage","url":"https:\/\/najnaj.eu\/wp-content\/uploads\/2025\/04\/iCandy_Peach_7_WITB_Pecan_Changing_Bag_Image_2.jpg","contentUrl":"https:\/\/najnaj.eu\/wp-content\/uploads\/2025\/04\/iCandy_Peach_7_WITB_Pecan_Changing_Bag_Image_2.jpg","width":1714,"height":2400},{"@type":"BreadcrumbList","@id":"https:\/\/najnaj.eu\/sl\/izdelek\/icandy-peach-7-pecan-torba-za-plenice\/#breadcrumb","itemListElement":[{"@type":"ListItem","position":1,"name":"Po\u010detna stranica","item":"https:\/\/najnaj.eu\/sl\/prednja-stran\/"},{"@type":"ListItem","position":2,"name":"Shop","item":"https:\/\/najnaj.eu\/sl\/shop\/"},{"@type":"ListItem","position":3,"name":"iCandy Peach 7 Pecan torba za plenice"}]},{"@type":"WebSite","@id":"https:\/\/najnaj.eu\/sl\/#website","url":"https:\/\/najnaj.eu\/sl\/","name":"NajNaj.eu","description":"Za najva\u017enije!","publisher":{"@id":"https:\/\/najnaj.eu\/sl\/#organization"},"potentialAction":[{"@type":"SearchAction","target":{"@type":"EntryPoint","urlTemplate":"https:\/\/najnaj.eu\/sl\/?s={search_term_string}"},"query-input":{"@type":"PropertyValueSpecification","valueRequired":true,"valueName":"search_term_string"}}],"inLanguage":"sl-SI"},{"@type":"Organization","@id":"https:\/\/najnaj.eu\/sl\/#organization","name":"NajNaj.eu","url":"https:\/\/najnaj.eu\/sl\/","logo":{"@type":"ImageObject","inLanguage":"sl-SI","@id":"https:\/\/najnaj.eu\/sl\/#\/schema\/logo\/image\/","url":"https:\/\/najnaj.eu\/wp-content\/uploads\/2023\/09\/logo_Najnaj_2023.svg","contentUrl":"https:\/\/najnaj.eu\/wp-content\/uploads\/2023\/09\/logo_Najnaj_2023.svg","width":501,"height":278,"caption":"NajNaj.eu"},"image":{"@id":"https:\/\/najnaj.eu\/sl\/#\/schema\/logo\/image\/"},"sameAs":["https:\/\/web.facebook.com\/najnaj.eu\/","https:\/\/www.instagram.com\/najnaj.eu\/","https:\/\/www.tiktok.com\/@najnaj.eu"]}]},"product_brand":"iCandy","product_price_amount":"199.00","product_price_currency":"EUR","og_availability":"out of stock","product_availability":"out of stock","product_retailer_item_id":"IC3125","product_condition":"new"},"_links":{"self":[{"href":"https:\/\/najnaj.eu\/sl\/wp-json\/wp\/v2\/product\/255963","targetHints":{"allow":["GET"]}}],"collection":[{"href":"https:\/\/najnaj.eu\/sl\/wp-json\/wp\/v2\/product"}],"about":[{"href":"https:\/\/najnaj.eu\/sl\/wp-json\/wp\/v2\/types\/product"}],"replies":[{"embeddable":true,"href":"https:\/\/najnaj.eu\/sl\/wp-json\/wp\/v2\/comments?post=255963"}],"version-history":[{"count":0,"href":"https:\/\/najnaj.eu\/sl\/wp-json\/wp\/v2\/product\/255963\/revisions"}],"wp:featuredmedia":[{"embeddable":true,"href":"https:\/\/najnaj.eu\/sl\/wp-json\/wp\/v2\/media\/247053"}],"wp:attachment":[{"href":"https:\/\/najnaj.eu\/sl\/wp-json\/wp\/v2\/media?parent=255963"}],"wp:term":[{"taxonomy":"product_brand","embeddable":true,"href":"https:\/\/najnaj.eu\/sl\/wp-json\/wp\/v2\/product_brand?post=255963"},{"taxonomy":"product_cat","embeddable":true,"href":"https:\/\/najnaj.eu\/sl\/wp-json\/wp\/v2\/product_cat?post=255963"},{"taxonomy":"product_tag","embeddable":true,"href":"https:\/\/najnaj.eu\/sl\/wp-json\/wp\/v2\/product_tag?post=255963"}],"curies":[{"name":"wp","href":"https:\/\/api.w.org\/{rel}","templated":true}]}}