{"id":255792,"date":"2025-02-28T16:05:41","date_gmt":"2025-02-28T15:05:41","guid":{"rendered":"https:\/\/najnaj.eu\/proizvod\/kaos-klapp-stenski-kavelj-za-lesen-in-recikliran-stol-natural\/"},"modified":"2025-09-01T14:06:22","modified_gmt":"2025-09-01T12:06:22","slug":"kaos-klapp-stenski-kavelj-za-lesen-in-recikliran-stol-natural","status":"publish","type":"product","link":"https:\/\/najnaj.eu\/sl\/izdelek\/kaos-klapp-stenski-kavelj-za-lesen-in-recikliran-stol-natural\/","title":{"rendered":"KAOS Klapp Stenski kavelj za lesen in recikliran stol Natural"},"content":{"rendered":"<p>Stenski kavelj Kaos Klapp vam omogo\u010da varno shranjevanje stol\u010dka za hranjenje Kaos na steni. Stenski kavelj Klapp je izdelan iz odpadkov, ki ostanejo po izdelavi stol\u010dka za hranjenje Klapp.<br \/>\n Ali ste vedeli, da je plezanje na otro\u0161ke stol\u010dke brez nadzora odrasle osebe eden najpogostej\u0161ih vzrokov za nesre\u010de z otro\u0161kimi stol\u010dki na splo\u0161no? Brez skrbi. Otro\u0161ki stol\u010dek Kaos Klapp je zelo enostaven za zlaganje in shranjevanje. Naj vam postane navada shranjevanje otro\u0161kega stol\u010dka Klapp ali pa ga preprosto obesite \u2013 s tem majhnim stenskim kavljem ne bo izgovorov.    <\/p>\n","protected":false},"excerpt":{"rendered":"<p>Majhen, a mo\u010dan, ta elegantni stenski kavelj iz masivnega lesa vam omogo\u010da, da svoj zlo\u017eljivi otro\u0161ki stol\u010dek Klapp obesite na steno. Kot umetni\u0161ko delo! <\/p>\n<p>&#8211; Primerno za vse Klapp stol\u010dke za hranjenje<br \/>\n &#8211; Prilo\u017een je medeninasti vijak<\/p>\n","protected":false},"featured_media":243329,"comment_status":"closed","ping_status":"closed","template":"","meta":{"_acf_changed":false,"footnotes":""},"product_brand":[],"product_cat":[1169,1167,1177,1168],"product_tag":[],"class_list":{"0":"post-255792","1":"product","2":"type-product","3":"status-publish","4":"has-post-thumbnail","6":"product_cat-dodaci-za-hranilice-sl","7":"product_cat-hranjenje-sl","8":"product_cat-stolice-za-hranjenje-sl","9":"product_cat-hranilice-sl","10":"pa_boja-bez","11":"pa_brand-kaos-sl","12":"pa_hranilica-dodatki-za-podajalnik","14":"first","15":"instock","16":"shipping-taxable","17":"purchasable","18":"product-type-simple"},"bundled_by":[],"bundle_stock_status":"instock","bundle_stock_quantity":10,"bundle_virtual":false,"bundle_layout":"","bundle_add_to_cart_form_location":"","bundle_editable_in_cart":false,"bundle_sold_individually_context":"","bundle_item_grouping":"","bundle_min_size":"","bundle_max_size":"","bundle_price":[],"bundled_items":[],"bundle_sell_ids":[],"acf":[],"yoast_head":"<!-- This site is optimized with the Yoast SEO Premium plugin v21.5 (Yoast SEO v27.3) - https:\/\/yoast.com\/product\/yoast-seo-premium-wordpress\/ -->\n<title>KAOS Klapp Stenski kavelj za lesen in recikliran stol Natural - NajNaj.eu<\/title>\n<meta name=\"robots\" content=\"index, follow, max-snippet:-1, max-image-preview:large, max-video-preview:-1\" \/>\n<link rel=\"canonical\" href=\"https:\/\/najnaj.eu\/sl\/izdelek\/kaos-klapp-stenski-kavelj-za-lesen-in-recikliran-stol-natural\/\" \/>\n<meta property=\"og:locale\" content=\"sl_SI\" \/>\n<meta property=\"og:type\" content=\"article\" \/>\n<meta property=\"og:title\" content=\"KAOS Klapp Stenski kavelj za lesen in recikliran stol Natural\" \/>\n<meta property=\"og:description\" content=\"Majhen, a mo\u010dan, ta elegantni stenski kavelj iz masivnega lesa vam omogo\u010da, da svoj zlo\u017eljivi otro\u0161ki stol\u010dek Klapp obesite na steno. Kot umetni\u0161ko delo!  - Primerno za vse Klapp stol\u010dke za hranjenje - Prilo\u017een je medeninasti vijak\" \/>\n<meta property=\"og:url\" content=\"https:\/\/najnaj.eu\/sl\/izdelek\/kaos-klapp-stenski-kavelj-za-lesen-in-recikliran-stol-natural\/\" \/>\n<meta property=\"og:site_name\" content=\"NajNaj.eu\" \/>\n<meta property=\"article:publisher\" content=\"https:\/\/web.facebook.com\/najnaj.eu\/\" \/>\n<meta property=\"article:modified_time\" content=\"2025-09-01T12:06:22+00:00\" \/>\n<meta property=\"og:image\" content=\"https:\/\/najnaj.eu\/wp-content\/uploads\/2025\/02\/END-HOO-OAK-2-1.jpg\" \/>\n\t<meta property=\"og:image:width\" content=\"1500\" \/>\n\t<meta property=\"og:image:height\" content=\"1500\" \/>\n\t<meta property=\"og:image:type\" content=\"image\/jpeg\" \/>\n<meta name=\"twitter:card\" content=\"summary_large_image\" \/>\n<meta name=\"twitter:label1\" content=\"Price\" \/>\n\t<meta name=\"twitter:data1\" content=\"25,00&nbsp;&euro;\" \/>\n\t<meta name=\"twitter:label2\" content=\"Availability\" \/>\n\t<meta name=\"twitter:data2\" content=\"In stock\" \/>\n<script type=\"application\/ld+json\" class=\"yoast-schema-graph\">{\"@context\":\"https:\\\/\\\/schema.org\",\"@graph\":[{\"@type\":\"WebPage\",\"@id\":\"https:\\\/\\\/najnaj.eu\\\/sl\\\/izdelek\\\/kaos-klapp-stenski-kavelj-za-lesen-in-recikliran-stol-natural\\\/\",\"url\":\"https:\\\/\\\/najnaj.eu\\\/sl\\\/izdelek\\\/kaos-klapp-stenski-kavelj-za-lesen-in-recikliran-stol-natural\\\/\",\"name\":\"KAOS Klapp Stenski kavelj za lesen in recikliran stol Natural - NajNaj.eu\",\"isPartOf\":{\"@id\":\"https:\\\/\\\/najnaj.eu\\\/sl\\\/#website\"},\"primaryImageOfPage\":{\"@id\":\"https:\\\/\\\/najnaj.eu\\\/sl\\\/izdelek\\\/kaos-klapp-stenski-kavelj-za-lesen-in-recikliran-stol-natural\\\/#primaryimage\"},\"image\":{\"@id\":\"https:\\\/\\\/najnaj.eu\\\/sl\\\/izdelek\\\/kaos-klapp-stenski-kavelj-za-lesen-in-recikliran-stol-natural\\\/#primaryimage\"},\"thumbnailUrl\":\"https:\\\/\\\/najnaj.eu\\\/wp-content\\\/uploads\\\/2025\\\/02\\\/END-HOO-OAK-2-1.jpg\",\"datePublished\":\"2025-02-28T15:05:41+00:00\",\"dateModified\":\"2025-09-01T12:06:22+00:00\",\"breadcrumb\":{\"@id\":\"https:\\\/\\\/najnaj.eu\\\/sl\\\/izdelek\\\/kaos-klapp-stenski-kavelj-za-lesen-in-recikliran-stol-natural\\\/#breadcrumb\"},\"inLanguage\":\"sl-SI\",\"potentialAction\":[{\"@type\":\"ReadAction\",\"target\":[\"https:\\\/\\\/najnaj.eu\\\/sl\\\/izdelek\\\/kaos-klapp-stenski-kavelj-za-lesen-in-recikliran-stol-natural\\\/\"]}]},{\"@type\":\"ImageObject\",\"inLanguage\":\"sl-SI\",\"@id\":\"https:\\\/\\\/najnaj.eu\\\/sl\\\/izdelek\\\/kaos-klapp-stenski-kavelj-za-lesen-in-recikliran-stol-natural\\\/#primaryimage\",\"url\":\"https:\\\/\\\/najnaj.eu\\\/wp-content\\\/uploads\\\/2025\\\/02\\\/END-HOO-OAK-2-1.jpg\",\"contentUrl\":\"https:\\\/\\\/najnaj.eu\\\/wp-content\\\/uploads\\\/2025\\\/02\\\/END-HOO-OAK-2-1.jpg\",\"width\":1500,\"height\":1500},{\"@type\":\"BreadcrumbList\",\"@id\":\"https:\\\/\\\/najnaj.eu\\\/sl\\\/izdelek\\\/kaos-klapp-stenski-kavelj-za-lesen-in-recikliran-stol-natural\\\/#breadcrumb\",\"itemListElement\":[{\"@type\":\"ListItem\",\"position\":1,\"name\":\"Po\u010detna stranica\",\"item\":\"https:\\\/\\\/najnaj.eu\\\/sl\\\/prednja-stran\\\/\"},{\"@type\":\"ListItem\",\"position\":2,\"name\":\"Shop\",\"item\":\"https:\\\/\\\/najnaj.eu\\\/sl\\\/shop\\\/\"},{\"@type\":\"ListItem\",\"position\":3,\"name\":\"KAOS Klapp Stenski kavelj za lesen in recikliran stol Natural\"}]},{\"@type\":\"WebSite\",\"@id\":\"https:\\\/\\\/najnaj.eu\\\/sl\\\/#website\",\"url\":\"https:\\\/\\\/najnaj.eu\\\/sl\\\/\",\"name\":\"NajNaj.eu\",\"description\":\"Za najva\u017enije!\",\"publisher\":{\"@id\":\"https:\\\/\\\/najnaj.eu\\\/sl\\\/#organization\"},\"potentialAction\":[{\"@type\":\"SearchAction\",\"target\":{\"@type\":\"EntryPoint\",\"urlTemplate\":\"https:\\\/\\\/najnaj.eu\\\/sl\\\/?s={search_term_string}\"},\"query-input\":{\"@type\":\"PropertyValueSpecification\",\"valueRequired\":true,\"valueName\":\"search_term_string\"}}],\"inLanguage\":\"sl-SI\"},{\"@type\":\"Organization\",\"@id\":\"https:\\\/\\\/najnaj.eu\\\/sl\\\/#organization\",\"name\":\"NajNaj.eu\",\"url\":\"https:\\\/\\\/najnaj.eu\\\/sl\\\/\",\"logo\":{\"@type\":\"ImageObject\",\"inLanguage\":\"sl-SI\",\"@id\":\"https:\\\/\\\/najnaj.eu\\\/sl\\\/#\\\/schema\\\/logo\\\/image\\\/\",\"url\":\"https:\\\/\\\/najnaj.eu\\\/wp-content\\\/uploads\\\/2023\\\/09\\\/logo_Najnaj_2023.svg\",\"contentUrl\":\"https:\\\/\\\/najnaj.eu\\\/wp-content\\\/uploads\\\/2023\\\/09\\\/logo_Najnaj_2023.svg\",\"width\":501,\"height\":278,\"caption\":\"NajNaj.eu\"},\"image\":{\"@id\":\"https:\\\/\\\/najnaj.eu\\\/sl\\\/#\\\/schema\\\/logo\\\/image\\\/\"},\"sameAs\":[\"https:\\\/\\\/web.facebook.com\\\/najnaj.eu\\\/\",\"https:\\\/\\\/www.instagram.com\\\/najnaj.eu\\\/\",\"https:\\\/\\\/www.tiktok.com\\\/@najnaj.eu\"]}]}<\/script>\n<meta property=\"product:brand\" content=\"KAOS\" \/>\n<meta property=\"product:price:amount\" content=\"25.00\" \/>\n<meta property=\"product:price:currency\" content=\"EUR\" \/>\n<meta property=\"og:availability\" content=\"instock\" \/>\n<meta property=\"product:availability\" content=\"instock\" \/>\n<meta property=\"product:retailer_item_id\" content=\"KLA-HOO-REC-BEE\" \/>\n<meta property=\"product:condition\" content=\"new\" \/>\n<!-- \/ Yoast SEO Premium plugin. -->","yoast_head_json":{"title":"KAOS Klapp Stenski kavelj za lesen in recikliran stol Natural - NajNaj.eu","robots":{"index":"index","follow":"follow","max-snippet":"max-snippet:-1","max-image-preview":"max-image-preview:large","max-video-preview":"max-video-preview:-1"},"canonical":"https:\/\/najnaj.eu\/sl\/izdelek\/kaos-klapp-stenski-kavelj-za-lesen-in-recikliran-stol-natural\/","og_locale":"sl_SI","og_type":"article","og_title":"KAOS Klapp Stenski kavelj za lesen in recikliran stol Natural","og_description":"Majhen, a mo\u010dan, ta elegantni stenski kavelj iz masivnega lesa vam omogo\u010da, da svoj zlo\u017eljivi otro\u0161ki stol\u010dek Klapp obesite na steno. Kot umetni\u0161ko delo!  - Primerno za vse Klapp stol\u010dke za hranjenje - Prilo\u017een je medeninasti vijak","og_url":"https:\/\/najnaj.eu\/sl\/izdelek\/kaos-klapp-stenski-kavelj-za-lesen-in-recikliran-stol-natural\/","og_site_name":"NajNaj.eu","article_publisher":"https:\/\/web.facebook.com\/najnaj.eu\/","article_modified_time":"2025-09-01T12:06:22+00:00","og_image":[{"width":1500,"height":1500,"url":"https:\/\/najnaj.eu\/wp-content\/uploads\/2025\/02\/END-HOO-OAK-2-1.jpg","type":"image\/jpeg"}],"twitter_card":"summary_large_image","twitter_misc":{"Price":"25,00&nbsp;&euro;","Availability":"In stock"},"schema":{"@context":"https:\/\/schema.org","@graph":[{"@type":"WebPage","@id":"https:\/\/najnaj.eu\/sl\/izdelek\/kaos-klapp-stenski-kavelj-za-lesen-in-recikliran-stol-natural\/","url":"https:\/\/najnaj.eu\/sl\/izdelek\/kaos-klapp-stenski-kavelj-za-lesen-in-recikliran-stol-natural\/","name":"KAOS Klapp Stenski kavelj za lesen in recikliran stol Natural - NajNaj.eu","isPartOf":{"@id":"https:\/\/najnaj.eu\/sl\/#website"},"primaryImageOfPage":{"@id":"https:\/\/najnaj.eu\/sl\/izdelek\/kaos-klapp-stenski-kavelj-za-lesen-in-recikliran-stol-natural\/#primaryimage"},"image":{"@id":"https:\/\/najnaj.eu\/sl\/izdelek\/kaos-klapp-stenski-kavelj-za-lesen-in-recikliran-stol-natural\/#primaryimage"},"thumbnailUrl":"https:\/\/najnaj.eu\/wp-content\/uploads\/2025\/02\/END-HOO-OAK-2-1.jpg","datePublished":"2025-02-28T15:05:41+00:00","dateModified":"2025-09-01T12:06:22+00:00","breadcrumb":{"@id":"https:\/\/najnaj.eu\/sl\/izdelek\/kaos-klapp-stenski-kavelj-za-lesen-in-recikliran-stol-natural\/#breadcrumb"},"inLanguage":"sl-SI","potentialAction":[{"@type":"ReadAction","target":["https:\/\/najnaj.eu\/sl\/izdelek\/kaos-klapp-stenski-kavelj-za-lesen-in-recikliran-stol-natural\/"]}]},{"@type":"ImageObject","inLanguage":"sl-SI","@id":"https:\/\/najnaj.eu\/sl\/izdelek\/kaos-klapp-stenski-kavelj-za-lesen-in-recikliran-stol-natural\/#primaryimage","url":"https:\/\/najnaj.eu\/wp-content\/uploads\/2025\/02\/END-HOO-OAK-2-1.jpg","contentUrl":"https:\/\/najnaj.eu\/wp-content\/uploads\/2025\/02\/END-HOO-OAK-2-1.jpg","width":1500,"height":1500},{"@type":"BreadcrumbList","@id":"https:\/\/najnaj.eu\/sl\/izdelek\/kaos-klapp-stenski-kavelj-za-lesen-in-recikliran-stol-natural\/#breadcrumb","itemListElement":[{"@type":"ListItem","position":1,"name":"Po\u010detna stranica","item":"https:\/\/najnaj.eu\/sl\/prednja-stran\/"},{"@type":"ListItem","position":2,"name":"Shop","item":"https:\/\/najnaj.eu\/sl\/shop\/"},{"@type":"ListItem","position":3,"name":"KAOS Klapp Stenski kavelj za lesen in recikliran stol Natural"}]},{"@type":"WebSite","@id":"https:\/\/najnaj.eu\/sl\/#website","url":"https:\/\/najnaj.eu\/sl\/","name":"NajNaj.eu","description":"Za najva\u017enije!","publisher":{"@id":"https:\/\/najnaj.eu\/sl\/#organization"},"potentialAction":[{"@type":"SearchAction","target":{"@type":"EntryPoint","urlTemplate":"https:\/\/najnaj.eu\/sl\/?s={search_term_string}"},"query-input":{"@type":"PropertyValueSpecification","valueRequired":true,"valueName":"search_term_string"}}],"inLanguage":"sl-SI"},{"@type":"Organization","@id":"https:\/\/najnaj.eu\/sl\/#organization","name":"NajNaj.eu","url":"https:\/\/najnaj.eu\/sl\/","logo":{"@type":"ImageObject","inLanguage":"sl-SI","@id":"https:\/\/najnaj.eu\/sl\/#\/schema\/logo\/image\/","url":"https:\/\/najnaj.eu\/wp-content\/uploads\/2023\/09\/logo_Najnaj_2023.svg","contentUrl":"https:\/\/najnaj.eu\/wp-content\/uploads\/2023\/09\/logo_Najnaj_2023.svg","width":501,"height":278,"caption":"NajNaj.eu"},"image":{"@id":"https:\/\/najnaj.eu\/sl\/#\/schema\/logo\/image\/"},"sameAs":["https:\/\/web.facebook.com\/najnaj.eu\/","https:\/\/www.instagram.com\/najnaj.eu\/","https:\/\/www.tiktok.com\/@najnaj.eu"]}]},"product_brand":"KAOS","product_price_amount":"25.00","product_price_currency":"EUR","og_availability":"instock","product_availability":"instock","product_retailer_item_id":"KLA-HOO-REC-BEE","product_condition":"new"},"_links":{"self":[{"href":"https:\/\/najnaj.eu\/sl\/wp-json\/wp\/v2\/product\/255792","targetHints":{"allow":["GET"]}}],"collection":[{"href":"https:\/\/najnaj.eu\/sl\/wp-json\/wp\/v2\/product"}],"about":[{"href":"https:\/\/najnaj.eu\/sl\/wp-json\/wp\/v2\/types\/product"}],"replies":[{"embeddable":true,"href":"https:\/\/najnaj.eu\/sl\/wp-json\/wp\/v2\/comments?post=255792"}],"version-history":[{"count":0,"href":"https:\/\/najnaj.eu\/sl\/wp-json\/wp\/v2\/product\/255792\/revisions"}],"wp:featuredmedia":[{"embeddable":true,"href":"https:\/\/najnaj.eu\/sl\/wp-json\/wp\/v2\/media\/243329"}],"wp:attachment":[{"href":"https:\/\/najnaj.eu\/sl\/wp-json\/wp\/v2\/media?parent=255792"}],"wp:term":[{"taxonomy":"product_brand","embeddable":true,"href":"https:\/\/najnaj.eu\/sl\/wp-json\/wp\/v2\/product_brand?post=255792"},{"taxonomy":"product_cat","embeddable":true,"href":"https:\/\/najnaj.eu\/sl\/wp-json\/wp\/v2\/product_cat?post=255792"},{"taxonomy":"product_tag","embeddable":true,"href":"https:\/\/najnaj.eu\/sl\/wp-json\/wp\/v2\/product_tag?post=255792"}],"curies":[{"name":"wp","href":"https:\/\/api.w.org\/{rel}","templated":true}]}}