{"id":255718,"date":"2025-11-05T11:53:42","date_gmt":"2025-11-05T10:53:42","guid":{"rendered":"https:\/\/najnaj.eu\/proizvod\/otroski-stol-kaos-klapp-reciklirana-plastika-terakotno-roza\/"},"modified":"2025-09-01T14:03:14","modified_gmt":"2025-09-01T12:03:14","slug":"otroski-stol-kaos-klapp-reciklirana-plastika-terakotno-roza","status":"publish","type":"product","link":"https:\/\/najnaj.eu\/sl\/izdelek\/otroski-stol-kaos-klapp-reciklirana-plastika-terakotno-roza\/","title":{"rendered":"Otro\u0161ki stol KAOS Klapp, reciklirana plastika, terakotno roza"},"content":{"rendered":"<p>Ta stol\u010dek je izdelan iz visokokakovostne reciklirane plastike, zaradi \u010desar je trajnostna re\u0161itev za okoljsko ozave\u0161\u010dene star\u0161e. Stol\u010dek Kaos, zasnovan za najmlaj\u0161e, zagotavlja stabilnost in udobje med obroki ali igro ter je zelo enostaven za vzdr\u017eevanje. <\/p>\n<p>Minimalisti\u010den in sodoben dizajn ter ve\u010d razli\u010dnih barv otro\u0161kega stol\u010dka za hranjenje Kaos bodo zagotovili, da se bo podal v vsako notranjost. Poleg tega je stol\u010dek za hranjenje zelo lahek, prenosen in enostaven za prilagajanje. <\/p>\n<p>Stol\u010dek za hranjenje Kaos je odli\u010dna izbira za star\u0161e, ki si \u017eelijo kombinacije stila, kakovosti in varnosti.<\/p>\n<p><strong>Zna\u010dilnosti:<\/strong><br \/>\n &#8211; Otro\u0161ki stol\u010dek za hranjenje za vse otro\u0161tvo<br \/>\n &#8211; Prilo\u017eeno popolnoma sestavljeno<br \/>\n &#8211; Izdelano iz reciklirane plastike, okolju prijazno, dolgo obstojno<br \/>\n &#8211; Ergonomska oblika, ki zagotavlja udobje za va\u0161ega otroka med obroki ali igro<br \/>\n &#8211; Enostavno vzdr\u017eevanje in \u010di\u0161\u010denje, idealno za dru\u017einske prostore<br \/>\n &#8211; Varna, stabilna in odporna na udarce, kar zagotavlja dolgo \u017eivljenjsko dobo<br \/>\n &#8211; Na voljo v modernih barvah, ki se podajo v vsako notranjost<br \/>\n &#8211; Nastavljiva oblika, ki raste z va\u0161im otrokom<\/p>\n<p>Otro\u0161ki stol Kaos iz reciklirane plastike &#8211; popolna me\u0161anica trajnosti, funkcionalnosti in stila, hkrati pa prispeva k ohranjanju okolja. Idealen za dru\u017eine, ki \u017eelijo svojemu otroku zagotoviti najbolj\u0161e, ne da bi pri tem ogrozile naravo. <\/p>\n<p>Varen, prakti\u010den in eleganten, otro\u0161ki stol Kaos bo popoln dodatek va\u0161emu domu.<\/p>\n<p><strong>Razpolo\u017eljiva dodatna oprema (kupi se posebej):<\/strong><br \/>\n &#8211; Varnostna ograja za otroke od 0 do 36 mesecev.<br \/>\n &#8211; Komplet za dojen\u010dke za novorojen\u010dke 0-9 kg<br \/>\n &#8211; Varnostni pas (do 36 mesecev)<\/p>\n<p>KAOS KLAPP\u00ae je moderna klasika oblikovanja, razvita za otrokom vseh starosti, ki jim omogo\u010da naraven in aktiven polo\u017eaj sedenja. Navdihnjen s stopnicami, KLAPP\u00ae otrokom omogo\u010da, da samodejno najdejo ergonomski polo\u017eaj s stabilno oporo za stopala \u2013 brez potrebe po prilagajanju. Od novorojen\u010dka s kompletom za novorojen\u010dke KLAPP\u00ae, do dojen\u010dka z za\u0161\u010ditno ograjo KLAPP\u00ae in skozi otro\u0161tvo do 110 kg.  <\/p>\n<p><strong>Zlo\u017eljivo<\/strong><br \/>\n Hranilnica KAOS KLAPP\u00ae se enostavno zlo\u017ei in jo lahko shranite, ko je ne uporabljate \u2013 ali pa jo vzamete s seboj na potovanja.<\/p>\n<p><strong>Pripravljeno za uporabo takoj po razpakiranju<\/strong><br \/>\n Hranilnica KAOS KLAPP\u00ae je dobavljena v celoti sestavljena. Preprosto razgrnite noge, sede\u017e zasko\u010dite v zaklenjen polo\u017eaj in stol je pripravljen za uporabo. Ni potrebno nastavljati in je enostaven za \u010di\u0161\u010denje.  <\/p>\n<p><strong>Nagrajeno<\/strong><br \/>\n KAOS KLAPP\u00ae, znan po svojem brez\u010dasnem dizajnu in inovativni funkcionalnosti, je zasnoval nagrajeni norve\u0161ki oblikovalec izdelkov Ole Petter Wullum. Otro\u0161ki stol, ki zdru\u017euje skandinavsko estetiko, trajnost in pametno in\u017eenirstvo \u2013 izdelan za ve\u010d generacij. <\/p>\n<p><strong>Kaj je v \u0161katli?<\/strong><br \/>\n Otro\u0161ki stol\u010dek KAOS KLAPP\u00ae \u2013 popolnoma sestavljen, pripravljen za uporabo.<br \/>\n Navodila za uporabo<br \/>\n Sestavljanje ni potrebno \u2013 preprosto razgrnite noge, sede\u017e zasko\u010dite v zaklenjen polo\u017eaj in KAOS KLAPP\u00ae je pripravljen za uporabo!<\/p>\n<p>Dimenzije:<br \/>\n Zlo\u017eeno (v x g x \u0161):<br \/>\n 94 x 13 x 45,5 cm<\/p>\n<p>Razgrnjeno (v x g x \u0161):<br \/>\n 79 x 63 x 45,5 cm<\/p>\n<p>Vi\u0161ina sede\u017ea (od tal):<br \/>\n 54 cm<\/p>\n<p>Dimenzije sede\u017ea (\u0161 x g)<br \/>\n 34 x 22 cm<\/p>\n<p>Potrdila:<br \/>\n EN 14988:2017+A1:2020<br \/>\n EN 71<br \/>\n EN 71-3<\/p>\n<p>Te\u017ea izdelka:<br \/>\n 4 kg<\/p>\n<p>Najve\u010dja te\u017ea (toleranca):<br \/>\n 110 kg<\/p>\n<p>Material:<br \/>\n 100 % reciklirana plastika iz potro\u0161ni\u0161kih odpadkov, pome\u0161ana s celulozo.<\/p>\n<p>\u010ci\u0161\u010denje in vzdr\u017eevanje:<br \/>\n Obri\u0161ite s \u010disto, vla\u017eno krpo iz mikrovlaken.<\/p>\n<p>&nbsp;<\/p>\n","protected":false},"excerpt":{"rendered":"<p>&#8211; Aktivno sedenje, 0\u2013110 kg<br \/>\n -Prilo\u017eeno popolnoma sestavljeno<br \/>\n -Ni potrebe po prilagajanju<br \/>\n -Zelo enostavno vzdr\u017eevanje<br \/>\n -Za notranjo in zunanjo uporabo<br \/>\n -100 % reciklirana plastika<br \/>\n -63 % manj\u0161i vpliv na podnebje<\/p>\n<p>KAOS KLAPP\u00ae je moderna klasika \u2013 otro\u0161ki stol\u010dek, ki raste z va\u0161im otrokom od novorojen\u010dka do odrasle osebe (0\u2013110 kg). Navdihnjen s stopnicami, KAOS KLAPP\u00ae naravno zagotavlja ergonomski in aktiven polo\u017eaj sedenja brez potrebe po prilagajanju. Je zlo\u017eljiv in je dobavljen v celoti sestavljen, ro\u010dno sestavljen do popolnosti, pripravljen za uporabo takoj po razpakiranju. Stol\u010dek, ki zdru\u017euje brez\u010dasno obliko s pametno funkcionalnostjo.   <\/p>\n<p>Izdelano iz 100 % reciklirane plastike, pome\u0161ane s \u010disto lesno celulozo.<\/p>\n","protected":false},"featured_media":257790,"comment_status":"closed","ping_status":"closed","template":"","meta":{"_acf_changed":false,"footnotes":""},"product_brand":[],"product_cat":[1733,2016,2008],"product_tag":[],"class_list":{"0":"post-255718","1":"product","2":"type-product","3":"status-publish","4":"has-post-thumbnail","6":"product_cat-feeding","7":"product_cat-feeding-chairs","8":"product_cat-feeders","9":"pa_boja-pink","10":"pa_brand-kaos-en","11":"pa_hranilica-high-feeding-chair","13":"first","14":"instock","15":"shipping-taxable","16":"purchasable","17":"product-type-simple"},"bundled_by":["277437","298851"],"bundle_stock_status":"instock","bundle_stock_quantity":15,"bundle_virtual":false,"bundle_layout":"","bundle_add_to_cart_form_location":"","bundle_editable_in_cart":false,"bundle_sold_individually_context":"","bundle_item_grouping":"","bundle_min_size":"","bundle_max_size":"","bundle_price":[],"bundled_items":[],"bundle_sell_ids":[],"acf":[],"yoast_head":"<!-- This site is optimized with the Yoast SEO Premium plugin v21.5 (Yoast SEO v27.4) - https:\/\/yoast.com\/product\/yoast-seo-premium-wordpress\/ -->\n<title>Otro\u0161ki stol KAOS Klapp, reciklirana plastika, terakotno roza - NajNaj.eu<\/title>\n<meta name=\"robots\" content=\"index, follow, max-snippet:-1, max-image-preview:large, max-video-preview:-1\" \/>\n<link rel=\"canonical\" href=\"https:\/\/najnaj.eu\/sl\/izdelek\/otroski-stol-kaos-klapp-reciklirana-plastika-terakotno-roza\/\" \/>\n<meta property=\"og:locale\" content=\"sl_SI\" \/>\n<meta property=\"og:type\" content=\"article\" \/>\n<meta property=\"og:title\" content=\"Otro\u0161ki stol KAOS Klapp, reciklirana plastika, terakotno roza\" \/>\n<meta property=\"og:description\" content=\"- Aktivno sedenje, 0\u2013110 kg -Prilo\u017eeno popolnoma sestavljeno -Ni potrebe po prilagajanju -Zelo enostavno vzdr\u017eevanje -Za notranjo in zunanjo uporabo -100 % reciklirana plastika -63 % manj\u0161i vpliv na podnebje KAOS KLAPP\u00ae je moderna klasika \u2013 otro\u0161ki stol\u010dek, ki raste z va\u0161im otrokom od novorojen\u010dka do odrasle osebe (0\u2013110 kg). Navdihnjen s stopnicami, KAOS KLAPP\u00ae naravno zagotavlja ergonomski in aktiven polo\u017eaj sedenja brez potrebe po prilagajanju. Je zlo\u017eljiv in je dobavljen v celoti sestavljen, ro\u010dno sestavljen do popolnosti, pripravljen za uporabo takoj po razpakiranju. Stol\u010dek, ki zdru\u017euje brez\u010dasno obliko s pametno funkcionalnostjo.   Izdelano iz 100 % reciklirane plastike, pome\u0161ane s \u010disto lesno celulozo.\" \/>\n<meta property=\"og:url\" content=\"https:\/\/najnaj.eu\/sl\/izdelek\/otroski-stol-kaos-klapp-reciklirana-plastika-terakotno-roza\/\" \/>\n<meta property=\"og:site_name\" content=\"NajNaj.eu\" \/>\n<meta property=\"article:publisher\" content=\"https:\/\/web.facebook.com\/najnaj.eu\/\" \/>\n<meta property=\"og:image\" content=\"https:\/\/najnaj.eu\/wp-content\/uploads\/2025\/02\/HI-KLA-REC-TER-PIN-1-1024x1024.jpg\" \/>\n\t<meta property=\"og:image:width\" content=\"1024\" \/>\n\t<meta property=\"og:image:height\" content=\"1024\" \/>\n\t<meta property=\"og:image:type\" content=\"image\/jpeg\" \/>\n<meta name=\"twitter:card\" content=\"summary_large_image\" \/>\n<meta name=\"twitter:label1\" content=\"Price\" \/>\n\t<meta name=\"twitter:data1\" content=\"229,00&nbsp;&euro;\" \/>\n\t<meta name=\"twitter:label2\" content=\"Availability\" \/>\n\t<meta name=\"twitter:data2\" content=\"In stock\" \/>\n<script type=\"application\/ld+json\" class=\"yoast-schema-graph\">{\"@context\":\"https:\\\/\\\/schema.org\",\"@graph\":[{\"@type\":\"WebPage\",\"@id\":\"https:\\\/\\\/najnaj.eu\\\/sl\\\/izdelek\\\/otroski-stol-kaos-klapp-reciklirana-plastika-terakotno-roza\\\/\",\"url\":\"https:\\\/\\\/najnaj.eu\\\/sl\\\/izdelek\\\/otroski-stol-kaos-klapp-reciklirana-plastika-terakotno-roza\\\/\",\"name\":\"Otro\u0161ki stol KAOS Klapp, reciklirana plastika, terakotno roza - NajNaj.eu\",\"isPartOf\":{\"@id\":\"https:\\\/\\\/najnaj.eu\\\/sl\\\/#website\"},\"primaryImageOfPage\":{\"@id\":\"https:\\\/\\\/najnaj.eu\\\/sl\\\/izdelek\\\/otroski-stol-kaos-klapp-reciklirana-plastika-terakotno-roza\\\/#primaryimage\"},\"image\":{\"@id\":\"https:\\\/\\\/najnaj.eu\\\/sl\\\/izdelek\\\/otroski-stol-kaos-klapp-reciklirana-plastika-terakotno-roza\\\/#primaryimage\"},\"thumbnailUrl\":\"https:\\\/\\\/najnaj.eu\\\/wp-content\\\/uploads\\\/2025\\\/03\\\/KLA-REC-TER-PIN-1-1.jpg\",\"datePublished\":\"2025-11-05T10:53:42+00:00\",\"breadcrumb\":{\"@id\":\"https:\\\/\\\/najnaj.eu\\\/sl\\\/izdelek\\\/otroski-stol-kaos-klapp-reciklirana-plastika-terakotno-roza\\\/#breadcrumb\"},\"inLanguage\":\"sl-SI\",\"potentialAction\":[{\"@type\":\"ReadAction\",\"target\":[\"https:\\\/\\\/najnaj.eu\\\/sl\\\/izdelek\\\/otroski-stol-kaos-klapp-reciklirana-plastika-terakotno-roza\\\/\"]}]},{\"@type\":\"ImageObject\",\"inLanguage\":\"sl-SI\",\"@id\":\"https:\\\/\\\/najnaj.eu\\\/sl\\\/izdelek\\\/otroski-stol-kaos-klapp-reciklirana-plastika-terakotno-roza\\\/#primaryimage\",\"url\":\"https:\\\/\\\/najnaj.eu\\\/wp-content\\\/uploads\\\/2025\\\/03\\\/KLA-REC-TER-PIN-1-1.jpg\",\"contentUrl\":\"https:\\\/\\\/najnaj.eu\\\/wp-content\\\/uploads\\\/2025\\\/03\\\/KLA-REC-TER-PIN-1-1.jpg\",\"width\":2048,\"height\":2048},{\"@type\":\"BreadcrumbList\",\"@id\":\"https:\\\/\\\/najnaj.eu\\\/sl\\\/izdelek\\\/otroski-stol-kaos-klapp-reciklirana-plastika-terakotno-roza\\\/#breadcrumb\",\"itemListElement\":[{\"@type\":\"ListItem\",\"position\":1,\"name\":\"Po\u010detna stranica\",\"item\":\"https:\\\/\\\/najnaj.eu\\\/sl\\\/prednja-stran\\\/\"},{\"@type\":\"ListItem\",\"position\":2,\"name\":\"Shop\",\"item\":\"https:\\\/\\\/najnaj.eu\\\/sl\\\/shop\\\/\"},{\"@type\":\"ListItem\",\"position\":3,\"name\":\"Otro\u0161ki stol KAOS Klapp, reciklirana plastika, terakotno roza\"}]},{\"@type\":\"WebSite\",\"@id\":\"https:\\\/\\\/najnaj.eu\\\/sl\\\/#website\",\"url\":\"https:\\\/\\\/najnaj.eu\\\/sl\\\/\",\"name\":\"NajNaj.eu\",\"description\":\"Za najva\u017enije!\",\"publisher\":{\"@id\":\"https:\\\/\\\/najnaj.eu\\\/sl\\\/#organization\"},\"potentialAction\":[{\"@type\":\"SearchAction\",\"target\":{\"@type\":\"EntryPoint\",\"urlTemplate\":\"https:\\\/\\\/najnaj.eu\\\/sl\\\/?s={search_term_string}\"},\"query-input\":{\"@type\":\"PropertyValueSpecification\",\"valueRequired\":true,\"valueName\":\"search_term_string\"}}],\"inLanguage\":\"sl-SI\"},{\"@type\":\"Organization\",\"@id\":\"https:\\\/\\\/najnaj.eu\\\/sl\\\/#organization\",\"name\":\"NajNaj.eu\",\"url\":\"https:\\\/\\\/najnaj.eu\\\/sl\\\/\",\"logo\":{\"@type\":\"ImageObject\",\"inLanguage\":\"sl-SI\",\"@id\":\"https:\\\/\\\/najnaj.eu\\\/sl\\\/#\\\/schema\\\/logo\\\/image\\\/\",\"url\":\"https:\\\/\\\/najnaj.eu\\\/wp-content\\\/uploads\\\/2023\\\/09\\\/logo_Najnaj_2023.svg\",\"contentUrl\":\"https:\\\/\\\/najnaj.eu\\\/wp-content\\\/uploads\\\/2023\\\/09\\\/logo_Najnaj_2023.svg\",\"width\":501,\"height\":278,\"caption\":\"NajNaj.eu\"},\"image\":{\"@id\":\"https:\\\/\\\/najnaj.eu\\\/sl\\\/#\\\/schema\\\/logo\\\/image\\\/\"},\"sameAs\":[\"https:\\\/\\\/web.facebook.com\\\/najnaj.eu\\\/\",\"https:\\\/\\\/www.instagram.com\\\/najnaj.eu\\\/\",\"https:\\\/\\\/www.tiktok.com\\\/@najnaj.eu\"]}]}<\/script>\n<meta property=\"product:brand\" content=\"KAOS\" \/>\n<meta property=\"product:price:amount\" content=\"229.00\" \/>\n<meta property=\"product:price:currency\" content=\"EUR\" \/>\n<meta property=\"og:availability\" content=\"instock\" \/>\n<meta property=\"product:availability\" content=\"instock\" \/>\n<meta property=\"product:retailer_item_id\" content=\"KLA-REC-TER-PIN\" \/>\n<meta property=\"product:condition\" content=\"new\" \/>\n<!-- \/ Yoast SEO Premium plugin. -->","yoast_head_json":{"title":"Otro\u0161ki stol KAOS Klapp, reciklirana plastika, terakotno roza - NajNaj.eu","robots":{"index":"index","follow":"follow","max-snippet":"max-snippet:-1","max-image-preview":"max-image-preview:large","max-video-preview":"max-video-preview:-1"},"canonical":"https:\/\/najnaj.eu\/sl\/izdelek\/otroski-stol-kaos-klapp-reciklirana-plastika-terakotno-roza\/","og_locale":"sl_SI","og_type":"article","og_title":"Otro\u0161ki stol KAOS Klapp, reciklirana plastika, terakotno roza","og_description":"- Aktivno sedenje, 0\u2013110 kg -Prilo\u017eeno popolnoma sestavljeno -Ni potrebe po prilagajanju -Zelo enostavno vzdr\u017eevanje -Za notranjo in zunanjo uporabo -100 % reciklirana plastika -63 % manj\u0161i vpliv na podnebje KAOS KLAPP\u00ae je moderna klasika \u2013 otro\u0161ki stol\u010dek, ki raste z va\u0161im otrokom od novorojen\u010dka do odrasle osebe (0\u2013110 kg). Navdihnjen s stopnicami, KAOS KLAPP\u00ae naravno zagotavlja ergonomski in aktiven polo\u017eaj sedenja brez potrebe po prilagajanju. Je zlo\u017eljiv in je dobavljen v celoti sestavljen, ro\u010dno sestavljen do popolnosti, pripravljen za uporabo takoj po razpakiranju. Stol\u010dek, ki zdru\u017euje brez\u010dasno obliko s pametno funkcionalnostjo.   Izdelano iz 100 % reciklirane plastike, pome\u0161ane s \u010disto lesno celulozo.","og_url":"https:\/\/najnaj.eu\/sl\/izdelek\/otroski-stol-kaos-klapp-reciklirana-plastika-terakotno-roza\/","og_site_name":"NajNaj.eu","article_publisher":"https:\/\/web.facebook.com\/najnaj.eu\/","og_image":[{"width":1024,"height":1024,"url":"https:\/\/najnaj.eu\/wp-content\/uploads\/2025\/02\/HI-KLA-REC-TER-PIN-1-1024x1024.jpg","type":"image\/jpeg"}],"twitter_card":"summary_large_image","twitter_misc":{"Price":"229,00&nbsp;&euro;","Availability":"In stock"},"schema":{"@context":"https:\/\/schema.org","@graph":[{"@type":"WebPage","@id":"https:\/\/najnaj.eu\/sl\/izdelek\/otroski-stol-kaos-klapp-reciklirana-plastika-terakotno-roza\/","url":"https:\/\/najnaj.eu\/sl\/izdelek\/otroski-stol-kaos-klapp-reciklirana-plastika-terakotno-roza\/","name":"Otro\u0161ki stol KAOS Klapp, reciklirana plastika, terakotno roza - NajNaj.eu","isPartOf":{"@id":"https:\/\/najnaj.eu\/sl\/#website"},"primaryImageOfPage":{"@id":"https:\/\/najnaj.eu\/sl\/izdelek\/otroski-stol-kaos-klapp-reciklirana-plastika-terakotno-roza\/#primaryimage"},"image":{"@id":"https:\/\/najnaj.eu\/sl\/izdelek\/otroski-stol-kaos-klapp-reciklirana-plastika-terakotno-roza\/#primaryimage"},"thumbnailUrl":"https:\/\/najnaj.eu\/wp-content\/uploads\/2025\/03\/KLA-REC-TER-PIN-1-1.jpg","datePublished":"2025-11-05T10:53:42+00:00","breadcrumb":{"@id":"https:\/\/najnaj.eu\/sl\/izdelek\/otroski-stol-kaos-klapp-reciklirana-plastika-terakotno-roza\/#breadcrumb"},"inLanguage":"sl-SI","potentialAction":[{"@type":"ReadAction","target":["https:\/\/najnaj.eu\/sl\/izdelek\/otroski-stol-kaos-klapp-reciklirana-plastika-terakotno-roza\/"]}]},{"@type":"ImageObject","inLanguage":"sl-SI","@id":"https:\/\/najnaj.eu\/sl\/izdelek\/otroski-stol-kaos-klapp-reciklirana-plastika-terakotno-roza\/#primaryimage","url":"https:\/\/najnaj.eu\/wp-content\/uploads\/2025\/03\/KLA-REC-TER-PIN-1-1.jpg","contentUrl":"https:\/\/najnaj.eu\/wp-content\/uploads\/2025\/03\/KLA-REC-TER-PIN-1-1.jpg","width":2048,"height":2048},{"@type":"BreadcrumbList","@id":"https:\/\/najnaj.eu\/sl\/izdelek\/otroski-stol-kaos-klapp-reciklirana-plastika-terakotno-roza\/#breadcrumb","itemListElement":[{"@type":"ListItem","position":1,"name":"Po\u010detna stranica","item":"https:\/\/najnaj.eu\/sl\/prednja-stran\/"},{"@type":"ListItem","position":2,"name":"Shop","item":"https:\/\/najnaj.eu\/sl\/shop\/"},{"@type":"ListItem","position":3,"name":"Otro\u0161ki stol KAOS Klapp, reciklirana plastika, terakotno roza"}]},{"@type":"WebSite","@id":"https:\/\/najnaj.eu\/sl\/#website","url":"https:\/\/najnaj.eu\/sl\/","name":"NajNaj.eu","description":"Za najva\u017enije!","publisher":{"@id":"https:\/\/najnaj.eu\/sl\/#organization"},"potentialAction":[{"@type":"SearchAction","target":{"@type":"EntryPoint","urlTemplate":"https:\/\/najnaj.eu\/sl\/?s={search_term_string}"},"query-input":{"@type":"PropertyValueSpecification","valueRequired":true,"valueName":"search_term_string"}}],"inLanguage":"sl-SI"},{"@type":"Organization","@id":"https:\/\/najnaj.eu\/sl\/#organization","name":"NajNaj.eu","url":"https:\/\/najnaj.eu\/sl\/","logo":{"@type":"ImageObject","inLanguage":"sl-SI","@id":"https:\/\/najnaj.eu\/sl\/#\/schema\/logo\/image\/","url":"https:\/\/najnaj.eu\/wp-content\/uploads\/2023\/09\/logo_Najnaj_2023.svg","contentUrl":"https:\/\/najnaj.eu\/wp-content\/uploads\/2023\/09\/logo_Najnaj_2023.svg","width":501,"height":278,"caption":"NajNaj.eu"},"image":{"@id":"https:\/\/najnaj.eu\/sl\/#\/schema\/logo\/image\/"},"sameAs":["https:\/\/web.facebook.com\/najnaj.eu\/","https:\/\/www.instagram.com\/najnaj.eu\/","https:\/\/www.tiktok.com\/@najnaj.eu"]}]},"product_brand":"KAOS","product_price_amount":"229.00","product_price_currency":"EUR","og_availability":"instock","product_availability":"instock","product_retailer_item_id":"KLA-REC-TER-PIN","product_condition":"new"},"_links":{"self":[{"href":"https:\/\/najnaj.eu\/sl\/wp-json\/wp\/v2\/product\/255718","targetHints":{"allow":["GET"]}}],"collection":[{"href":"https:\/\/najnaj.eu\/sl\/wp-json\/wp\/v2\/product"}],"about":[{"href":"https:\/\/najnaj.eu\/sl\/wp-json\/wp\/v2\/types\/product"}],"replies":[{"embeddable":true,"href":"https:\/\/najnaj.eu\/sl\/wp-json\/wp\/v2\/comments?post=255718"}],"version-history":[{"count":0,"href":"https:\/\/najnaj.eu\/sl\/wp-json\/wp\/v2\/product\/255718\/revisions"}],"wp:featuredmedia":[{"embeddable":true,"href":"https:\/\/najnaj.eu\/sl\/wp-json\/wp\/v2\/media\/257790"}],"wp:attachment":[{"href":"https:\/\/najnaj.eu\/sl\/wp-json\/wp\/v2\/media?parent=255718"}],"wp:term":[{"taxonomy":"product_brand","embeddable":true,"href":"https:\/\/najnaj.eu\/sl\/wp-json\/wp\/v2\/product_brand?post=255718"},{"taxonomy":"product_cat","embeddable":true,"href":"https:\/\/najnaj.eu\/sl\/wp-json\/wp\/v2\/product_cat?post=255718"},{"taxonomy":"product_tag","embeddable":true,"href":"https:\/\/najnaj.eu\/sl\/wp-json\/wp\/v2\/product_tag?post=255718"}],"curies":[{"name":"wp","href":"https:\/\/api.w.org\/{rel}","templated":true}]}}