{"id":255650,"date":"2025-03-03T08:28:44","date_gmt":"2025-03-03T07:28:44","guid":{"rendered":"https:\/\/najnaj.eu\/proizvod\/otroski-stol-kaos-klapp-hrast-crne-barve\/"},"modified":"2025-09-01T14:01:22","modified_gmt":"2025-09-01T12:01:22","slug":"otroski-stol-kaos-klapp-hrast-crne-barve","status":"publish","type":"product","link":"https:\/\/najnaj.eu\/sl\/izdelek\/otroski-stol-kaos-klapp-hrast-crne-barve\/","title":{"rendered":"Otro\u0161ki stol KAOS Klapp, hrast, \u010drne barve"},"content":{"rendered":"<p>Stol\u010dek za hranjenje Kaos Klapp &#8211; Popolna kombinacija udobja in funkcionalnosti za va\u0161ega otroka. Stol\u010dek za hranjenje Kaos je izdelan iz visokokakovostnega lesa, kar zagotavlja dolgotrajen in varen izdelek za vsakodnevno uporabo. Stol\u010dek za hranjenje Kaos, zasnovan za najmlaj\u0161e, zagotavlja stabilnost in udobje med obroki ali igro ter je zelo enostaven za vzdr\u017eevanje.<br \/>\n Minimalisti\u010den in sodoben dizajn ter ve\u010d razli\u010dnih barv otro\u0161kega stol\u010dka Kaos bodo zagotovili, da se bo podal v vsako notranjost. Poleg tega je stol\u010dek zelo lahek, prenosen in enostaven za prilagajanje.   <\/p>\n<p>Stol\u010dek za hranjenje Kaos je odli\u010dna izbira za star\u0161e, ki si \u017eelijo kombinacije stila, kakovosti in varnosti.<\/p>\n<p><strong>Zna\u010dilnosti:<\/strong><br \/>\n &#8211; Otro\u0161ki stol\u010dek za hranjenje za vse otro\u0161tvo<br \/>\n &#8211; Prilo\u017eeno popolnoma sestavljeno<br \/>\n &#8211; Prilagoditev ni potrebna<br \/>\n &#8211; Enostavno vzdr\u017eevanje in \u010di\u0161\u010denje<br \/>\n &#8211; Masivni les za dolgo \u017eivljenjsko dobo<br \/>\n &#8211; Nastavljiva oblika, ki raste z va\u0161im otrokom<br \/>\n &#8211; Lahka in enostavna za premikanje<br \/>\n &#8211; Sodoben dizajn, ki se prilega vsakemu prostoru<\/p>\n<p>Varen, prakti\u010den in eleganten, otro\u0161ki stol Kaos bo popoln dodatek va\u0161emu domu.<\/p>\n<p><strong>Razpolo\u017eljiva dodatna oprema (kupi se posebej):<\/strong><br \/>\n &#8211; Varnostna ograja za otroke od 0 do 36 mesecev.<br \/>\n &#8211; Komplet za dojen\u010dke za novorojen\u010dke 0-9 kg<br \/>\n &#8211; Varnostni pas (do 36 mesecev)<\/p>\n<p>KAOS KLAPP\u00ae je moderna klasika oblikovanja, razvita za otrokom vseh starosti, ki jim omogo\u010da naraven in aktiven polo\u017eaj sedenja. Navdihnjen s stopnicami, KLAPP\u00ae otrokom omogo\u010da, da samodejno najdejo ergonomski polo\u017eaj s stabilno oporo za stopala \u2013 brez potrebe po prilagajanju. Od novorojen\u010dka s kompletom za novorojen\u010dke KLAPP\u00ae, do dojen\u010dka z za\u0161\u010ditno ograjo KLAPP\u00ae in skozi otro\u0161tvo do 110 kg.  <\/p>\n<p><strong>Zlo\u017eljivo<\/strong><br \/>\n Hranilnica KAOS KLAPP\u00ae se enostavno zlo\u017ei in jo lahko shranite, ko je ne uporabljate \u2013 ali pa jo vzamete s seboj na potovanja.<\/p>\n<p><strong>Pripravljeno za uporabo takoj po razpakiranju<\/strong><br \/>\n Hranilnica KAOS KLAPP\u00ae je dobavljena v celoti sestavljena. Preprosto razgrnite noge, sede\u017e zasko\u010dite v zaklenjen polo\u017eaj in stol je pripravljen za uporabo. Ni potrebno nastavljati in je enostaven za \u010di\u0161\u010denje.  <\/p>\n<p><strong>Nagrajeno<\/strong><br \/>\n KAOS KLAPP\u00ae, znan po svojem brez\u010dasnem dizajnu in inovativni funkcionalnosti, je zasnoval nagrajeni norve\u0161ki oblikovalec izdelkov Ole Petter Wullum. Otro\u0161ki stol, ki zdru\u017euje skandinavsko estetiko, trajnost in pametno in\u017eenirstvo \u2013 izdelan za ve\u010d generacij. <\/p>\n<p><strong>Kaj je v \u0161katli?<\/strong><br \/>\n Otro\u0161ki stol\u010dek KAOS KLAPP\u00ae \u2013 popolnoma sestavljen, pripravljen za uporabo.<br \/>\n Navodila za uporabo<br \/>\n Sestavljanje ni potrebno \u2013 preprosto razgrnite noge, sede\u017e zasko\u010dite v zaklenjen polo\u017eaj in KAOS KLAPP\u00ae je pripravljen za uporabo!<\/p>\n","protected":false},"excerpt":{"rendered":"<p>&#8211; Aktivno sedenje, 0\u2013110 kg<br \/>\n &#8211; Prilo\u017eeno popolnoma sestavljeno<br \/>\n &#8211; Ni potrebe po prilagajanju<br \/>\n &#8211; Zelo enostavno za \u010di\u0161\u010denje<br \/>\n &#8211; Za notranjo in zunanjo uporabo<br \/>\n &#8211; les s certifikatom FSC<\/p>\n<p>KAOS KLAPP\u00ae je moderna klasika \u2013 otro\u0161ki stol\u010dek, ki raste z va\u0161im otrokom od novorojen\u010dka do odraslega (0\u2013110 kg). Navdihnjen s stopnicami, KAOS KLAPP\u00ae naravno zagotavlja ergonomski in aktiven polo\u017eaj sedenja brez potrebe po prilagajanju. Je zlo\u017eljiv in je dobavljen v celoti sestavljen, ro\u010dno sestavljen do popolnosti, pripravljen za uporabo takoj po razpakiranju. Stol\u010dek, ki zdru\u017euje brez\u010dasno obliko s pametno funkcionalnostjo.   <\/p>\n","protected":false},"featured_media":257923,"comment_status":"closed","ping_status":"closed","template":"","meta":{"_acf_changed":false,"footnotes":""},"product_brand":[],"product_cat":[1167,1177,1168],"product_tag":[],"class_list":{"0":"post-255650","1":"product","2":"type-product","3":"status-publish","4":"has-post-thumbnail","6":"product_cat-hranjenje-sl","7":"product_cat-stolice-za-hranjenje-sl","8":"product_cat-hranilice-sl","9":"pa_boja-crna-sl","10":"pa_brand-kaos-sl","11":"pa_hranilica-otroski-stolcek","13":"first","14":"outofstock","15":"shipping-taxable","16":"purchasable","17":"product-type-simple"},"bundled_by":[],"bundle_stock_status":"outofstock","bundle_stock_quantity":0,"bundle_virtual":false,"bundle_layout":"","bundle_add_to_cart_form_location":"","bundle_editable_in_cart":false,"bundle_sold_individually_context":"","bundle_item_grouping":"","bundle_min_size":"","bundle_max_size":"","bundle_price":[],"bundled_items":[],"bundle_sell_ids":[],"acf":[],"yoast_head":"<!-- This site is optimized with the Yoast SEO Premium plugin v21.5 (Yoast SEO v27.3) - https:\/\/yoast.com\/product\/yoast-seo-premium-wordpress\/ -->\n<title>Otro\u0161ki stol KAOS Klapp, hrast, \u010drne barve - NajNaj.eu<\/title>\n<meta name=\"robots\" content=\"index, follow, max-snippet:-1, max-image-preview:large, max-video-preview:-1\" \/>\n<link rel=\"canonical\" href=\"https:\/\/najnaj.eu\/sl\/izdelek\/otroski-stol-kaos-klapp-hrast-crne-barve\/\" \/>\n<meta property=\"og:locale\" content=\"sl_SI\" \/>\n<meta property=\"og:type\" content=\"article\" \/>\n<meta property=\"og:title\" content=\"Otro\u0161ki stol KAOS Klapp, hrast, \u010drne barve\" \/>\n<meta property=\"og:description\" content=\"- Aktivno sedenje, 0\u2013110 kg - Prilo\u017eeno popolnoma sestavljeno - Ni potrebe po prilagajanju - Zelo enostavno za \u010di\u0161\u010denje - Za notranjo in zunanjo uporabo - les s certifikatom FSC KAOS KLAPP\u00ae je moderna klasika \u2013 otro\u0161ki stol\u010dek, ki raste z va\u0161im otrokom od novorojen\u010dka do odraslega (0\u2013110 kg). Navdihnjen s stopnicami, KAOS KLAPP\u00ae naravno zagotavlja ergonomski in aktiven polo\u017eaj sedenja brez potrebe po prilagajanju. Je zlo\u017eljiv in je dobavljen v celoti sestavljen, ro\u010dno sestavljen do popolnosti, pripravljen za uporabo takoj po razpakiranju. Stol\u010dek, ki zdru\u017euje brez\u010dasno obliko s pametno funkcionalnostjo.\" \/>\n<meta property=\"og:url\" content=\"https:\/\/najnaj.eu\/sl\/izdelek\/otroski-stol-kaos-klapp-hrast-crne-barve\/\" \/>\n<meta property=\"og:site_name\" content=\"NajNaj.eu\" \/>\n<meta property=\"article:publisher\" content=\"https:\/\/web.facebook.com\/najnaj.eu\/\" \/>\n<meta property=\"article:modified_time\" content=\"2025-09-01T12:01:22+00:00\" \/>\n<meta property=\"og:image\" content=\"https:\/\/najnaj.eu\/wp-content\/uploads\/2025\/02\/KLA-OAK-BLA-1.jpg\" \/>\n\t<meta property=\"og:image:width\" content=\"2048\" \/>\n\t<meta property=\"og:image:height\" content=\"2048\" \/>\n\t<meta property=\"og:image:type\" content=\"image\/jpeg\" \/>\n<meta name=\"twitter:card\" content=\"summary_large_image\" \/>\n<meta name=\"twitter:label1\" content=\"Price\" \/>\n\t<meta name=\"twitter:data1\" content=\"349,00&nbsp;&euro;\" \/>\n\t<meta name=\"twitter:label2\" content=\"Availability\" \/>\n\t<meta name=\"twitter:data2\" content=\"Out of stock\" \/>\n<script type=\"application\/ld+json\" class=\"yoast-schema-graph\">{\"@context\":\"https:\\\/\\\/schema.org\",\"@graph\":[{\"@type\":\"WebPage\",\"@id\":\"https:\\\/\\\/najnaj.eu\\\/sl\\\/izdelek\\\/otroski-stol-kaos-klapp-hrast-crne-barve\\\/\",\"url\":\"https:\\\/\\\/najnaj.eu\\\/sl\\\/izdelek\\\/otroski-stol-kaos-klapp-hrast-crne-barve\\\/\",\"name\":\"Otro\u0161ki stol KAOS Klapp, hrast, \u010drne barve - NajNaj.eu\",\"isPartOf\":{\"@id\":\"https:\\\/\\\/najnaj.eu\\\/sl\\\/#website\"},\"primaryImageOfPage\":{\"@id\":\"https:\\\/\\\/najnaj.eu\\\/sl\\\/izdelek\\\/otroski-stol-kaos-klapp-hrast-crne-barve\\\/#primaryimage\"},\"image\":{\"@id\":\"https:\\\/\\\/najnaj.eu\\\/sl\\\/izdelek\\\/otroski-stol-kaos-klapp-hrast-crne-barve\\\/#primaryimage\"},\"thumbnailUrl\":\"https:\\\/\\\/najnaj.eu\\\/wp-content\\\/uploads\\\/2025\\\/03\\\/KLA-OAK-BLA-1-1.jpg\",\"datePublished\":\"2025-03-03T07:28:44+00:00\",\"dateModified\":\"2025-09-01T12:01:22+00:00\",\"breadcrumb\":{\"@id\":\"https:\\\/\\\/najnaj.eu\\\/sl\\\/izdelek\\\/otroski-stol-kaos-klapp-hrast-crne-barve\\\/#breadcrumb\"},\"inLanguage\":\"sl-SI\",\"potentialAction\":[{\"@type\":\"ReadAction\",\"target\":[\"https:\\\/\\\/najnaj.eu\\\/sl\\\/izdelek\\\/otroski-stol-kaos-klapp-hrast-crne-barve\\\/\"]}]},{\"@type\":\"ImageObject\",\"inLanguage\":\"sl-SI\",\"@id\":\"https:\\\/\\\/najnaj.eu\\\/sl\\\/izdelek\\\/otroski-stol-kaos-klapp-hrast-crne-barve\\\/#primaryimage\",\"url\":\"https:\\\/\\\/najnaj.eu\\\/wp-content\\\/uploads\\\/2025\\\/03\\\/KLA-OAK-BLA-1-1.jpg\",\"contentUrl\":\"https:\\\/\\\/najnaj.eu\\\/wp-content\\\/uploads\\\/2025\\\/03\\\/KLA-OAK-BLA-1-1.jpg\",\"width\":2048,\"height\":2048},{\"@type\":\"BreadcrumbList\",\"@id\":\"https:\\\/\\\/najnaj.eu\\\/sl\\\/izdelek\\\/otroski-stol-kaos-klapp-hrast-crne-barve\\\/#breadcrumb\",\"itemListElement\":[{\"@type\":\"ListItem\",\"position\":1,\"name\":\"Po\u010detna stranica\",\"item\":\"https:\\\/\\\/najnaj.eu\\\/sl\\\/prednja-stran\\\/\"},{\"@type\":\"ListItem\",\"position\":2,\"name\":\"Shop\",\"item\":\"https:\\\/\\\/najnaj.eu\\\/sl\\\/shop\\\/\"},{\"@type\":\"ListItem\",\"position\":3,\"name\":\"Otro\u0161ki stol KAOS Klapp, hrast, \u010drne barve\"}]},{\"@type\":\"WebSite\",\"@id\":\"https:\\\/\\\/najnaj.eu\\\/sl\\\/#website\",\"url\":\"https:\\\/\\\/najnaj.eu\\\/sl\\\/\",\"name\":\"NajNaj.eu\",\"description\":\"Za najva\u017enije!\",\"publisher\":{\"@id\":\"https:\\\/\\\/najnaj.eu\\\/sl\\\/#organization\"},\"potentialAction\":[{\"@type\":\"SearchAction\",\"target\":{\"@type\":\"EntryPoint\",\"urlTemplate\":\"https:\\\/\\\/najnaj.eu\\\/sl\\\/?s={search_term_string}\"},\"query-input\":{\"@type\":\"PropertyValueSpecification\",\"valueRequired\":true,\"valueName\":\"search_term_string\"}}],\"inLanguage\":\"sl-SI\"},{\"@type\":\"Organization\",\"@id\":\"https:\\\/\\\/najnaj.eu\\\/sl\\\/#organization\",\"name\":\"NajNaj.eu\",\"url\":\"https:\\\/\\\/najnaj.eu\\\/sl\\\/\",\"logo\":{\"@type\":\"ImageObject\",\"inLanguage\":\"sl-SI\",\"@id\":\"https:\\\/\\\/najnaj.eu\\\/sl\\\/#\\\/schema\\\/logo\\\/image\\\/\",\"url\":\"https:\\\/\\\/najnaj.eu\\\/wp-content\\\/uploads\\\/2023\\\/09\\\/logo_Najnaj_2023.svg\",\"contentUrl\":\"https:\\\/\\\/najnaj.eu\\\/wp-content\\\/uploads\\\/2023\\\/09\\\/logo_Najnaj_2023.svg\",\"width\":501,\"height\":278,\"caption\":\"NajNaj.eu\"},\"image\":{\"@id\":\"https:\\\/\\\/najnaj.eu\\\/sl\\\/#\\\/schema\\\/logo\\\/image\\\/\"},\"sameAs\":[\"https:\\\/\\\/web.facebook.com\\\/najnaj.eu\\\/\",\"https:\\\/\\\/www.instagram.com\\\/najnaj.eu\\\/\",\"https:\\\/\\\/www.tiktok.com\\\/@najnaj.eu\"]}]}<\/script>\n<meta property=\"product:brand\" content=\"KAOS\" \/>\n<meta property=\"product:price:amount\" content=\"349.00\" \/>\n<meta property=\"product:price:currency\" content=\"EUR\" \/>\n<meta property=\"og:availability\" content=\"out of stock\" \/>\n<meta property=\"product:availability\" content=\"out of stock\" \/>\n<meta property=\"product:retailer_item_id\" content=\"KLA-OAK-BLA\" \/>\n<meta property=\"product:condition\" content=\"new\" \/>\n<!-- \/ Yoast SEO Premium plugin. -->","yoast_head_json":{"title":"Otro\u0161ki stol KAOS Klapp, hrast, \u010drne barve - NajNaj.eu","robots":{"index":"index","follow":"follow","max-snippet":"max-snippet:-1","max-image-preview":"max-image-preview:large","max-video-preview":"max-video-preview:-1"},"canonical":"https:\/\/najnaj.eu\/sl\/izdelek\/otroski-stol-kaos-klapp-hrast-crne-barve\/","og_locale":"sl_SI","og_type":"article","og_title":"Otro\u0161ki stol KAOS Klapp, hrast, \u010drne barve","og_description":"- Aktivno sedenje, 0\u2013110 kg - Prilo\u017eeno popolnoma sestavljeno - Ni potrebe po prilagajanju - Zelo enostavno za \u010di\u0161\u010denje - Za notranjo in zunanjo uporabo - les s certifikatom FSC KAOS KLAPP\u00ae je moderna klasika \u2013 otro\u0161ki stol\u010dek, ki raste z va\u0161im otrokom od novorojen\u010dka do odraslega (0\u2013110 kg). Navdihnjen s stopnicami, KAOS KLAPP\u00ae naravno zagotavlja ergonomski in aktiven polo\u017eaj sedenja brez potrebe po prilagajanju. Je zlo\u017eljiv in je dobavljen v celoti sestavljen, ro\u010dno sestavljen do popolnosti, pripravljen za uporabo takoj po razpakiranju. Stol\u010dek, ki zdru\u017euje brez\u010dasno obliko s pametno funkcionalnostjo.","og_url":"https:\/\/najnaj.eu\/sl\/izdelek\/otroski-stol-kaos-klapp-hrast-crne-barve\/","og_site_name":"NajNaj.eu","article_publisher":"https:\/\/web.facebook.com\/najnaj.eu\/","article_modified_time":"2025-09-01T12:01:22+00:00","og_image":[{"width":2048,"height":2048,"url":"https:\/\/najnaj.eu\/wp-content\/uploads\/2025\/02\/KLA-OAK-BLA-1.jpg","type":"image\/jpeg"}],"twitter_card":"summary_large_image","twitter_misc":{"Price":"349,00&nbsp;&euro;","Availability":"Out of stock"},"schema":{"@context":"https:\/\/schema.org","@graph":[{"@type":"WebPage","@id":"https:\/\/najnaj.eu\/sl\/izdelek\/otroski-stol-kaos-klapp-hrast-crne-barve\/","url":"https:\/\/najnaj.eu\/sl\/izdelek\/otroski-stol-kaos-klapp-hrast-crne-barve\/","name":"Otro\u0161ki stol KAOS Klapp, hrast, \u010drne barve - NajNaj.eu","isPartOf":{"@id":"https:\/\/najnaj.eu\/sl\/#website"},"primaryImageOfPage":{"@id":"https:\/\/najnaj.eu\/sl\/izdelek\/otroski-stol-kaos-klapp-hrast-crne-barve\/#primaryimage"},"image":{"@id":"https:\/\/najnaj.eu\/sl\/izdelek\/otroski-stol-kaos-klapp-hrast-crne-barve\/#primaryimage"},"thumbnailUrl":"https:\/\/najnaj.eu\/wp-content\/uploads\/2025\/03\/KLA-OAK-BLA-1-1.jpg","datePublished":"2025-03-03T07:28:44+00:00","dateModified":"2025-09-01T12:01:22+00:00","breadcrumb":{"@id":"https:\/\/najnaj.eu\/sl\/izdelek\/otroski-stol-kaos-klapp-hrast-crne-barve\/#breadcrumb"},"inLanguage":"sl-SI","potentialAction":[{"@type":"ReadAction","target":["https:\/\/najnaj.eu\/sl\/izdelek\/otroski-stol-kaos-klapp-hrast-crne-barve\/"]}]},{"@type":"ImageObject","inLanguage":"sl-SI","@id":"https:\/\/najnaj.eu\/sl\/izdelek\/otroski-stol-kaos-klapp-hrast-crne-barve\/#primaryimage","url":"https:\/\/najnaj.eu\/wp-content\/uploads\/2025\/03\/KLA-OAK-BLA-1-1.jpg","contentUrl":"https:\/\/najnaj.eu\/wp-content\/uploads\/2025\/03\/KLA-OAK-BLA-1-1.jpg","width":2048,"height":2048},{"@type":"BreadcrumbList","@id":"https:\/\/najnaj.eu\/sl\/izdelek\/otroski-stol-kaos-klapp-hrast-crne-barve\/#breadcrumb","itemListElement":[{"@type":"ListItem","position":1,"name":"Po\u010detna stranica","item":"https:\/\/najnaj.eu\/sl\/prednja-stran\/"},{"@type":"ListItem","position":2,"name":"Shop","item":"https:\/\/najnaj.eu\/sl\/shop\/"},{"@type":"ListItem","position":3,"name":"Otro\u0161ki stol KAOS Klapp, hrast, \u010drne barve"}]},{"@type":"WebSite","@id":"https:\/\/najnaj.eu\/sl\/#website","url":"https:\/\/najnaj.eu\/sl\/","name":"NajNaj.eu","description":"Za najva\u017enije!","publisher":{"@id":"https:\/\/najnaj.eu\/sl\/#organization"},"potentialAction":[{"@type":"SearchAction","target":{"@type":"EntryPoint","urlTemplate":"https:\/\/najnaj.eu\/sl\/?s={search_term_string}"},"query-input":{"@type":"PropertyValueSpecification","valueRequired":true,"valueName":"search_term_string"}}],"inLanguage":"sl-SI"},{"@type":"Organization","@id":"https:\/\/najnaj.eu\/sl\/#organization","name":"NajNaj.eu","url":"https:\/\/najnaj.eu\/sl\/","logo":{"@type":"ImageObject","inLanguage":"sl-SI","@id":"https:\/\/najnaj.eu\/sl\/#\/schema\/logo\/image\/","url":"https:\/\/najnaj.eu\/wp-content\/uploads\/2023\/09\/logo_Najnaj_2023.svg","contentUrl":"https:\/\/najnaj.eu\/wp-content\/uploads\/2023\/09\/logo_Najnaj_2023.svg","width":501,"height":278,"caption":"NajNaj.eu"},"image":{"@id":"https:\/\/najnaj.eu\/sl\/#\/schema\/logo\/image\/"},"sameAs":["https:\/\/web.facebook.com\/najnaj.eu\/","https:\/\/www.instagram.com\/najnaj.eu\/","https:\/\/www.tiktok.com\/@najnaj.eu"]}]},"product_brand":"KAOS","product_price_amount":"349.00","product_price_currency":"EUR","og_availability":"out of stock","product_availability":"out of stock","product_retailer_item_id":"KLA-OAK-BLA","product_condition":"new"},"_links":{"self":[{"href":"https:\/\/najnaj.eu\/sl\/wp-json\/wp\/v2\/product\/255650","targetHints":{"allow":["GET"]}}],"collection":[{"href":"https:\/\/najnaj.eu\/sl\/wp-json\/wp\/v2\/product"}],"about":[{"href":"https:\/\/najnaj.eu\/sl\/wp-json\/wp\/v2\/types\/product"}],"replies":[{"embeddable":true,"href":"https:\/\/najnaj.eu\/sl\/wp-json\/wp\/v2\/comments?post=255650"}],"version-history":[{"count":0,"href":"https:\/\/najnaj.eu\/sl\/wp-json\/wp\/v2\/product\/255650\/revisions"}],"wp:featuredmedia":[{"embeddable":true,"href":"https:\/\/najnaj.eu\/sl\/wp-json\/wp\/v2\/media\/257923"}],"wp:attachment":[{"href":"https:\/\/najnaj.eu\/sl\/wp-json\/wp\/v2\/media?parent=255650"}],"wp:term":[{"taxonomy":"product_brand","embeddable":true,"href":"https:\/\/najnaj.eu\/sl\/wp-json\/wp\/v2\/product_brand?post=255650"},{"taxonomy":"product_cat","embeddable":true,"href":"https:\/\/najnaj.eu\/sl\/wp-json\/wp\/v2\/product_cat?post=255650"},{"taxonomy":"product_tag","embeddable":true,"href":"https:\/\/najnaj.eu\/sl\/wp-json\/wp\/v2\/product_tag?post=255650"}],"curies":[{"name":"wp","href":"https:\/\/api.w.org\/{rel}","templated":true}]}}