{"id":255520,"date":"2025-02-18T15:38:33","date_gmt":"2025-02-18T14:38:33","guid":{"rendered":"https:\/\/najnaj.eu\/proizvod\/ergobaby-omni-deluxe-mrezasta-nosilka-mehka-olivna\/"},"modified":"2026-03-24T10:50:53","modified_gmt":"2026-03-24T09:50:53","slug":"ergobaby-omni-deluxe-mrezasta-nosilka-mehka-olivna","status":"publish","type":"product","link":"https:\/\/najnaj.eu\/sl\/izdelek\/ergobaby-omni-deluxe-mrezasta-nosilka-mehka-olivna\/","title":{"rendered":"Ergobaby Omni Deluxe mre\u017easta nosilka &#8211; mehka olivna"},"content":{"rendered":"<p><strong>\u0160T. 1 V ZRA\u010cNOSTI<\/strong><br \/>\n Omni Deluxe je izdelan iz mre\u017easte tkanine SoftFlex\u2122 za maksimalno zra\u010dnost in celodnevno udobje.<\/p>\n<p><strong>ZA VSAKO PRILO\u017dNOST<\/strong><br \/>\n 6 odlagalnih mest, kamor lahko pospravite svoje osebne predmete za vsak dan, vklju\u010dno s telefonom, denarnico in klju\u010di.<\/p>\n<p><strong>ENOSTAVNA PRILAGODITEV IN NASTAVITEV<\/strong><br \/>\n Intuitivne oznake na trakovih olaj\u0161ajo nastavitev in iskanje popolnega polo\u017eaja no\u0161enja. Nastavitev z eno roko omogo\u010da hitro in enostavno spreminjanje polo\u017eaja. <\/p>\n<p><strong>RASTE Z VA\u0160IM OTROKOM<\/strong><br \/>\n Prilagaja se rasti va\u0161ega otroka od novorojen\u010dka do mal\u010dka (~0-48 mesecev; 3,2 &#8211; 20,4 kg).<\/p>\n<p><strong>VSI POLO\u017dAJI ZA NO\u0160ENJE<\/strong><br \/>\n No\u0161enje obrnjeno proti star\u0161u, na boku, na hrbtu in na trebuhu obrnjeno naprej.<\/p>\n<p><strong>PODPORA NA PRAVIH MESTIH<\/strong><br \/>\n Oblazinjene naramnice in dodatna opora za spodnji del hrbta za ergonomsko udobje. No\u0161enje na dva na\u010dina: z zapenjanjem v obliki \u010drke \u201eH\u201c ali s kri\u017enimi trakovi. <\/p>\n<p><strong>ZA\u0160\u010cITA PRED SLABIMI RAZMERAMI<\/strong><br \/>\n UPF kapuca za za\u0161\u010dito pred soncem, vetrom in zasebnost med dojenjem.<\/p>\n<p><strong>ERGONOMSKI POLO\u017dAJ<\/strong><br \/>\n Mednarodni in\u0161titut za displazijo kolkov Omni Deluxe priznava kot \u201eizdelek, ki je zdrav za kolke\u201c.<\/p>\n<p><strong>GARANCIJA ERGOPROMISE<\/strong><br \/>\n 10-letna garancija za proizvodne ali materialne napake<\/p>\n","protected":false},"excerpt":{"rendered":"<p>Najnovej\u0161a nosilka Ergobaby, v kateri boste pripravljeni na vsako prilo\u017enost! \u0160e ve\u010d udobja, \u0161e ve\u010d prostora za shranjevanje v kombinaciji z materiali, ki so hkrati trpe\u017eni in zra\u010dni. <\/p>\n<p>Omni\u2122 Deluxe prina\u0161a eleganten in preprost videz z izbolj\u0161animi funkcijami, zaradi katerih je edina nosilka, ki jo boste potrebovali \u2013 kadarkoli in kjerkoli.<\/p>\n<p>\u2022 Preprost in eleganten videz<br \/>\n \u2022 Nastavljiva velikost od rojstva do vrt\u010devske starosti (pribli\u017eno 0\u201348 mesecev; 3,2\u201320,4 kg) brez vlo\u017eka<br \/>\n \u2022 Vsi polo\u017eaji no\u0161enja: navznoter, na boku, na hrbtu in na trebuhu naprej<br \/>\n \u2022 Inovativna zasnova vklju\u010duje 6 prostorov za shranjevanje osebnih stvari<br \/>\n \u2022 Hitra nastavitev nosilke z oznakami na trakovih, ki vas vodijo do popolnega prileganja<br \/>\n \u2022 Dodatna opora za spodnji del hrbta in dodatno oblazinjeni naramni trakovi<br \/>\n \u2022 Odsevne oznake za varnost in za\u0161\u010dito<br \/>\n \u2022 Kapuca za za\u0161\u010dito pred soncem (UPF 50+), zasebnost in la\u017eje dojenje<br \/>\n \u2022 ErgoPromise \u2013 10-letna garancija<\/p>\n<p><strong>DARILO: Previjalna podloga v prakti\u010dni torbici!<\/strong><\/p>\n","protected":false},"featured_media":242196,"comment_status":"closed","ping_status":"closed","template":"","meta":{"_acf_changed":false,"footnotes":""},"product_brand":[],"product_cat":[735,544,738],"product_tag":[],"class_list":{"0":"post-255520","1":"product","2":"type-product","3":"status-publish","4":"has-post-thumbnail","6":"product_cat-4-polozaja-nosenja","7":"product_cat-nosiljke","8":"product_cat-od-rodenja-do-3-godine","9":"pa_boja-zelena","10":"pa_brand-ergobaby","12":"first","13":"instock","14":"shipping-taxable","15":"purchasable","16":"product-type-simple"},"bundled_by":[],"bundle_stock_status":"instock","bundle_stock_quantity":1,"bundle_virtual":false,"bundle_layout":"","bundle_add_to_cart_form_location":"","bundle_editable_in_cart":false,"bundle_sold_individually_context":"","bundle_item_grouping":"","bundle_min_size":"","bundle_max_size":"","bundle_price":[],"bundled_items":[],"bundle_sell_ids":[],"acf":[],"yoast_head":"<!-- This site is optimized with the Yoast SEO Premium plugin v21.5 (Yoast SEO v27.3) - https:\/\/yoast.com\/product\/yoast-seo-premium-wordpress\/ -->\n<title>Ergobaby Omni Deluxe mre\u017easta nosilka - mehka olivna - NajNaj.eu<\/title>\n<meta name=\"robots\" content=\"index, follow, max-snippet:-1, max-image-preview:large, max-video-preview:-1\" \/>\n<link rel=\"canonical\" href=\"https:\/\/najnaj.eu\/sl\/izdelek\/ergobaby-omni-deluxe-mrezasta-nosilka-mehka-olivna\/\" \/>\n<meta property=\"og:locale\" content=\"sl_SI\" \/>\n<meta property=\"og:type\" content=\"article\" \/>\n<meta property=\"og:title\" content=\"Ergobaby Omni Deluxe mre\u017easta nosilka - mehka olivna\" \/>\n<meta property=\"og:description\" content=\"Najnovej\u0161a nosilka Ergobaby, v kateri boste pripravljeni na vsako prilo\u017enost! \u0160e ve\u010d udobja, \u0161e ve\u010d prostora za shranjevanje v kombinaciji z materiali, ki so hkrati trpe\u017eni in zra\u010dni.  Omni\u2122 Deluxe prina\u0161a eleganten in preprost videz z izbolj\u0161animi funkcijami, zaradi katerih je edina nosilka, ki jo boste potrebovali \u2013 kadarkoli in kjerkoli. \u2022 Preprost in eleganten videz \u2022 Nastavljiva velikost od rojstva do vrt\u010devske starosti (pribli\u017eno 0\u201348 mesecev; 3,2\u201320,4 kg) brez vlo\u017eka \u2022 Vsi polo\u017eaji no\u0161enja: navznoter, na boku, na hrbtu in na trebuhu naprej \u2022 Inovativna zasnova vklju\u010duje 6 prostorov za shranjevanje osebnih stvari \u2022 Hitra nastavitev nosilke z oznakami na trakovih, ki vas vodijo do popolnega prileganja \u2022 Dodatna opora za spodnji del hrbta in dodatno oblazinjeni naramni trakovi \u2022 Odsevne oznake za varnost in za\u0161\u010dito \u2022 Kapuca za za\u0161\u010dito pred soncem (UPF 50+), zasebnost in la\u017eje dojenje \u2022 ErgoPromise \u2013 10-letna garancija DARILO: Previjalna podloga v prakti\u010dni torbici!\" \/>\n<meta property=\"og:url\" content=\"https:\/\/najnaj.eu\/sl\/izdelek\/ergobaby-omni-deluxe-mrezasta-nosilka-mehka-olivna\/\" \/>\n<meta property=\"og:site_name\" content=\"NajNaj.eu\" \/>\n<meta property=\"article:publisher\" content=\"https:\/\/web.facebook.com\/najnaj.eu\/\" \/>\n<meta property=\"article:modified_time\" content=\"2026-03-24T09:50:53+00:00\" \/>\n<meta property=\"og:image\" content=\"https:\/\/najnaj.eu\/wp-content\/uploads\/2025\/02\/Omni-Deluxe-Soft-Olive.jpg\" \/>\n\t<meta property=\"og:image:width\" content=\"1080\" \/>\n\t<meta property=\"og:image:height\" content=\"1080\" \/>\n\t<meta property=\"og:image:type\" content=\"image\/jpeg\" \/>\n<meta name=\"twitter:card\" content=\"summary_large_image\" \/>\n<meta name=\"twitter:label1\" content=\"Price\" \/>\n\t<meta name=\"twitter:data1\" content=\"219,90&nbsp;&euro;\" \/>\n\t<meta name=\"twitter:label2\" content=\"Availability\" \/>\n\t<meta name=\"twitter:data2\" content=\"In stock\" \/>\n<script type=\"application\/ld+json\" class=\"yoast-schema-graph\">{\"@context\":\"https:\\\/\\\/schema.org\",\"@graph\":[{\"@type\":\"WebPage\",\"@id\":\"https:\\\/\\\/najnaj.eu\\\/sl\\\/izdelek\\\/ergobaby-omni-deluxe-mrezasta-nosilka-mehka-olivna\\\/\",\"url\":\"https:\\\/\\\/najnaj.eu\\\/sl\\\/izdelek\\\/ergobaby-omni-deluxe-mrezasta-nosilka-mehka-olivna\\\/\",\"name\":\"Ergobaby Omni Deluxe mre\u017easta nosilka - mehka olivna - NajNaj.eu\",\"isPartOf\":{\"@id\":\"https:\\\/\\\/najnaj.eu\\\/sl\\\/#website\"},\"primaryImageOfPage\":{\"@id\":\"https:\\\/\\\/najnaj.eu\\\/sl\\\/izdelek\\\/ergobaby-omni-deluxe-mrezasta-nosilka-mehka-olivna\\\/#primaryimage\"},\"image\":{\"@id\":\"https:\\\/\\\/najnaj.eu\\\/sl\\\/izdelek\\\/ergobaby-omni-deluxe-mrezasta-nosilka-mehka-olivna\\\/#primaryimage\"},\"thumbnailUrl\":\"https:\\\/\\\/najnaj.eu\\\/wp-content\\\/uploads\\\/2025\\\/02\\\/omni-deluxe-mesh-soft-olive-prod-01_1.jpg\",\"datePublished\":\"2025-02-18T14:38:33+00:00\",\"dateModified\":\"2026-03-24T09:50:53+00:00\",\"breadcrumb\":{\"@id\":\"https:\\\/\\\/najnaj.eu\\\/sl\\\/izdelek\\\/ergobaby-omni-deluxe-mrezasta-nosilka-mehka-olivna\\\/#breadcrumb\"},\"inLanguage\":\"sl-SI\",\"potentialAction\":[{\"@type\":\"ReadAction\",\"target\":[\"https:\\\/\\\/najnaj.eu\\\/sl\\\/izdelek\\\/ergobaby-omni-deluxe-mrezasta-nosilka-mehka-olivna\\\/\"]}]},{\"@type\":\"ImageObject\",\"inLanguage\":\"sl-SI\",\"@id\":\"https:\\\/\\\/najnaj.eu\\\/sl\\\/izdelek\\\/ergobaby-omni-deluxe-mrezasta-nosilka-mehka-olivna\\\/#primaryimage\",\"url\":\"https:\\\/\\\/najnaj.eu\\\/wp-content\\\/uploads\\\/2025\\\/02\\\/omni-deluxe-mesh-soft-olive-prod-01_1.jpg\",\"contentUrl\":\"https:\\\/\\\/najnaj.eu\\\/wp-content\\\/uploads\\\/2025\\\/02\\\/omni-deluxe-mesh-soft-olive-prod-01_1.jpg\",\"width\":2349,\"height\":2400},{\"@type\":\"BreadcrumbList\",\"@id\":\"https:\\\/\\\/najnaj.eu\\\/sl\\\/izdelek\\\/ergobaby-omni-deluxe-mrezasta-nosilka-mehka-olivna\\\/#breadcrumb\",\"itemListElement\":[{\"@type\":\"ListItem\",\"position\":1,\"name\":\"Po\u010detna stranica\",\"item\":\"https:\\\/\\\/najnaj.eu\\\/sl\\\/prednja-stran\\\/\"},{\"@type\":\"ListItem\",\"position\":2,\"name\":\"Shop\",\"item\":\"https:\\\/\\\/najnaj.eu\\\/sl\\\/shop\\\/\"},{\"@type\":\"ListItem\",\"position\":3,\"name\":\"Ergobaby Omni Deluxe mre\u017easta nosilka &#8211; mehka olivna\"}]},{\"@type\":\"WebSite\",\"@id\":\"https:\\\/\\\/najnaj.eu\\\/sl\\\/#website\",\"url\":\"https:\\\/\\\/najnaj.eu\\\/sl\\\/\",\"name\":\"NajNaj.eu\",\"description\":\"Za najva\u017enije!\",\"publisher\":{\"@id\":\"https:\\\/\\\/najnaj.eu\\\/sl\\\/#organization\"},\"potentialAction\":[{\"@type\":\"SearchAction\",\"target\":{\"@type\":\"EntryPoint\",\"urlTemplate\":\"https:\\\/\\\/najnaj.eu\\\/sl\\\/?s={search_term_string}\"},\"query-input\":{\"@type\":\"PropertyValueSpecification\",\"valueRequired\":true,\"valueName\":\"search_term_string\"}}],\"inLanguage\":\"sl-SI\"},{\"@type\":\"Organization\",\"@id\":\"https:\\\/\\\/najnaj.eu\\\/sl\\\/#organization\",\"name\":\"NajNaj.eu\",\"url\":\"https:\\\/\\\/najnaj.eu\\\/sl\\\/\",\"logo\":{\"@type\":\"ImageObject\",\"inLanguage\":\"sl-SI\",\"@id\":\"https:\\\/\\\/najnaj.eu\\\/sl\\\/#\\\/schema\\\/logo\\\/image\\\/\",\"url\":\"https:\\\/\\\/najnaj.eu\\\/wp-content\\\/uploads\\\/2023\\\/09\\\/logo_Najnaj_2023.svg\",\"contentUrl\":\"https:\\\/\\\/najnaj.eu\\\/wp-content\\\/uploads\\\/2023\\\/09\\\/logo_Najnaj_2023.svg\",\"width\":501,\"height\":278,\"caption\":\"NajNaj.eu\"},\"image\":{\"@id\":\"https:\\\/\\\/najnaj.eu\\\/sl\\\/#\\\/schema\\\/logo\\\/image\\\/\"},\"sameAs\":[\"https:\\\/\\\/web.facebook.com\\\/najnaj.eu\\\/\",\"https:\\\/\\\/www.instagram.com\\\/najnaj.eu\\\/\",\"https:\\\/\\\/www.tiktok.com\\\/@najnaj.eu\"]}]}<\/script>\n<meta property=\"product:brand\" content=\"Ergobaby\" \/>\n<meta property=\"product:price:amount\" content=\"219.90\" \/>\n<meta property=\"product:price:currency\" content=\"EUR\" \/>\n<meta property=\"og:availability\" content=\"instock\" \/>\n<meta property=\"product:availability\" content=\"instock\" \/>\n<meta property=\"product:retailer_item_id\" content=\"BCODMSFTOLV\" \/>\n<meta property=\"product:condition\" content=\"new\" \/>\n<!-- \/ Yoast SEO Premium plugin. -->","yoast_head_json":{"title":"Ergobaby Omni Deluxe mre\u017easta nosilka - mehka olivna - NajNaj.eu","robots":{"index":"index","follow":"follow","max-snippet":"max-snippet:-1","max-image-preview":"max-image-preview:large","max-video-preview":"max-video-preview:-1"},"canonical":"https:\/\/najnaj.eu\/sl\/izdelek\/ergobaby-omni-deluxe-mrezasta-nosilka-mehka-olivna\/","og_locale":"sl_SI","og_type":"article","og_title":"Ergobaby Omni Deluxe mre\u017easta nosilka - mehka olivna","og_description":"Najnovej\u0161a nosilka Ergobaby, v kateri boste pripravljeni na vsako prilo\u017enost! \u0160e ve\u010d udobja, \u0161e ve\u010d prostora za shranjevanje v kombinaciji z materiali, ki so hkrati trpe\u017eni in zra\u010dni.  Omni\u2122 Deluxe prina\u0161a eleganten in preprost videz z izbolj\u0161animi funkcijami, zaradi katerih je edina nosilka, ki jo boste potrebovali \u2013 kadarkoli in kjerkoli. \u2022 Preprost in eleganten videz \u2022 Nastavljiva velikost od rojstva do vrt\u010devske starosti (pribli\u017eno 0\u201348 mesecev; 3,2\u201320,4 kg) brez vlo\u017eka \u2022 Vsi polo\u017eaji no\u0161enja: navznoter, na boku, na hrbtu in na trebuhu naprej \u2022 Inovativna zasnova vklju\u010duje 6 prostorov za shranjevanje osebnih stvari \u2022 Hitra nastavitev nosilke z oznakami na trakovih, ki vas vodijo do popolnega prileganja \u2022 Dodatna opora za spodnji del hrbta in dodatno oblazinjeni naramni trakovi \u2022 Odsevne oznake za varnost in za\u0161\u010dito \u2022 Kapuca za za\u0161\u010dito pred soncem (UPF 50+), zasebnost in la\u017eje dojenje \u2022 ErgoPromise \u2013 10-letna garancija DARILO: Previjalna podloga v prakti\u010dni torbici!","og_url":"https:\/\/najnaj.eu\/sl\/izdelek\/ergobaby-omni-deluxe-mrezasta-nosilka-mehka-olivna\/","og_site_name":"NajNaj.eu","article_publisher":"https:\/\/web.facebook.com\/najnaj.eu\/","article_modified_time":"2026-03-24T09:50:53+00:00","og_image":[{"width":1080,"height":1080,"url":"https:\/\/najnaj.eu\/wp-content\/uploads\/2025\/02\/Omni-Deluxe-Soft-Olive.jpg","type":"image\/jpeg"}],"twitter_card":"summary_large_image","twitter_misc":{"Price":"219,90&nbsp;&euro;","Availability":"In stock"},"schema":{"@context":"https:\/\/schema.org","@graph":[{"@type":"WebPage","@id":"https:\/\/najnaj.eu\/sl\/izdelek\/ergobaby-omni-deluxe-mrezasta-nosilka-mehka-olivna\/","url":"https:\/\/najnaj.eu\/sl\/izdelek\/ergobaby-omni-deluxe-mrezasta-nosilka-mehka-olivna\/","name":"Ergobaby Omni Deluxe mre\u017easta nosilka - mehka olivna - NajNaj.eu","isPartOf":{"@id":"https:\/\/najnaj.eu\/sl\/#website"},"primaryImageOfPage":{"@id":"https:\/\/najnaj.eu\/sl\/izdelek\/ergobaby-omni-deluxe-mrezasta-nosilka-mehka-olivna\/#primaryimage"},"image":{"@id":"https:\/\/najnaj.eu\/sl\/izdelek\/ergobaby-omni-deluxe-mrezasta-nosilka-mehka-olivna\/#primaryimage"},"thumbnailUrl":"https:\/\/najnaj.eu\/wp-content\/uploads\/2025\/02\/omni-deluxe-mesh-soft-olive-prod-01_1.jpg","datePublished":"2025-02-18T14:38:33+00:00","dateModified":"2026-03-24T09:50:53+00:00","breadcrumb":{"@id":"https:\/\/najnaj.eu\/sl\/izdelek\/ergobaby-omni-deluxe-mrezasta-nosilka-mehka-olivna\/#breadcrumb"},"inLanguage":"sl-SI","potentialAction":[{"@type":"ReadAction","target":["https:\/\/najnaj.eu\/sl\/izdelek\/ergobaby-omni-deluxe-mrezasta-nosilka-mehka-olivna\/"]}]},{"@type":"ImageObject","inLanguage":"sl-SI","@id":"https:\/\/najnaj.eu\/sl\/izdelek\/ergobaby-omni-deluxe-mrezasta-nosilka-mehka-olivna\/#primaryimage","url":"https:\/\/najnaj.eu\/wp-content\/uploads\/2025\/02\/omni-deluxe-mesh-soft-olive-prod-01_1.jpg","contentUrl":"https:\/\/najnaj.eu\/wp-content\/uploads\/2025\/02\/omni-deluxe-mesh-soft-olive-prod-01_1.jpg","width":2349,"height":2400},{"@type":"BreadcrumbList","@id":"https:\/\/najnaj.eu\/sl\/izdelek\/ergobaby-omni-deluxe-mrezasta-nosilka-mehka-olivna\/#breadcrumb","itemListElement":[{"@type":"ListItem","position":1,"name":"Po\u010detna stranica","item":"https:\/\/najnaj.eu\/sl\/prednja-stran\/"},{"@type":"ListItem","position":2,"name":"Shop","item":"https:\/\/najnaj.eu\/sl\/shop\/"},{"@type":"ListItem","position":3,"name":"Ergobaby Omni Deluxe mre\u017easta nosilka &#8211; mehka olivna"}]},{"@type":"WebSite","@id":"https:\/\/najnaj.eu\/sl\/#website","url":"https:\/\/najnaj.eu\/sl\/","name":"NajNaj.eu","description":"Za najva\u017enije!","publisher":{"@id":"https:\/\/najnaj.eu\/sl\/#organization"},"potentialAction":[{"@type":"SearchAction","target":{"@type":"EntryPoint","urlTemplate":"https:\/\/najnaj.eu\/sl\/?s={search_term_string}"},"query-input":{"@type":"PropertyValueSpecification","valueRequired":true,"valueName":"search_term_string"}}],"inLanguage":"sl-SI"},{"@type":"Organization","@id":"https:\/\/najnaj.eu\/sl\/#organization","name":"NajNaj.eu","url":"https:\/\/najnaj.eu\/sl\/","logo":{"@type":"ImageObject","inLanguage":"sl-SI","@id":"https:\/\/najnaj.eu\/sl\/#\/schema\/logo\/image\/","url":"https:\/\/najnaj.eu\/wp-content\/uploads\/2023\/09\/logo_Najnaj_2023.svg","contentUrl":"https:\/\/najnaj.eu\/wp-content\/uploads\/2023\/09\/logo_Najnaj_2023.svg","width":501,"height":278,"caption":"NajNaj.eu"},"image":{"@id":"https:\/\/najnaj.eu\/sl\/#\/schema\/logo\/image\/"},"sameAs":["https:\/\/web.facebook.com\/najnaj.eu\/","https:\/\/www.instagram.com\/najnaj.eu\/","https:\/\/www.tiktok.com\/@najnaj.eu"]}]},"product_brand":"Ergobaby","product_price_amount":"219.90","product_price_currency":"EUR","og_availability":"instock","product_availability":"instock","product_retailer_item_id":"BCODMSFTOLV","product_condition":"new"},"_links":{"self":[{"href":"https:\/\/najnaj.eu\/sl\/wp-json\/wp\/v2\/product\/255520","targetHints":{"allow":["GET"]}}],"collection":[{"href":"https:\/\/najnaj.eu\/sl\/wp-json\/wp\/v2\/product"}],"about":[{"href":"https:\/\/najnaj.eu\/sl\/wp-json\/wp\/v2\/types\/product"}],"replies":[{"embeddable":true,"href":"https:\/\/najnaj.eu\/sl\/wp-json\/wp\/v2\/comments?post=255520"}],"version-history":[{"count":0,"href":"https:\/\/najnaj.eu\/sl\/wp-json\/wp\/v2\/product\/255520\/revisions"}],"wp:featuredmedia":[{"embeddable":true,"href":"https:\/\/najnaj.eu\/sl\/wp-json\/wp\/v2\/media\/242196"}],"wp:attachment":[{"href":"https:\/\/najnaj.eu\/sl\/wp-json\/wp\/v2\/media?parent=255520"}],"wp:term":[{"taxonomy":"product_brand","embeddable":true,"href":"https:\/\/najnaj.eu\/sl\/wp-json\/wp\/v2\/product_brand?post=255520"},{"taxonomy":"product_cat","embeddable":true,"href":"https:\/\/najnaj.eu\/sl\/wp-json\/wp\/v2\/product_cat?post=255520"},{"taxonomy":"product_tag","embeddable":true,"href":"https:\/\/najnaj.eu\/sl\/wp-json\/wp\/v2\/product_tag?post=255520"}],"curies":[{"name":"wp","href":"https:\/\/api.w.org\/{rel}","templated":true}]}}