{"id":255483,"date":"2025-03-31T09:36:52","date_gmt":"2025-03-31T07:36:52","guid":{"rendered":"https:\/\/najnaj.eu\/proizvod\/spalna-vreca-ergobaby-classic-srednje-tezka-tog-1-0-lunina-mena\/"},"modified":"2026-03-24T10:49:45","modified_gmt":"2026-03-24T09:49:45","slug":"spalna-vreca-ergobaby-classic-srednje-tezka-tog-1-0-lunina-mena","status":"publish","type":"product","link":"https:\/\/najnaj.eu\/sl\/izdelek\/spalna-vreca-ergobaby-classic-srednje-tezka-tog-1-0-lunina-mena\/","title":{"rendered":"Spalna vre\u010da Ergobaby Classic, srednje te\u017eka (TOG 1.0), lunina mena"},"content":{"rendered":"<h1 class=\"alt-font\">Udobje in toplina za va\u0161ega otroka brez odeje, ki nenehno pada dol<\/h1>\n<p>Spalna vre\u010da Ergobaby Classic je izjemno mehka in udobna. Izdelana je iz ultra mehkega in zra\u010dnega 100 % bomba\u017ea. Na voljo je v treh debelinah: TOG 0,5 za poletje, TOG 1,0 za prehodne ali ogrevane prostore in TOG 2,5 za hladne zimske no\u010di. Vre\u010da omogo\u010da va\u0161emu otroku dalj\u0161i in mirnej\u0161i spanec, dvosmerna zadrga pa omogo\u010da izjemno hitro menjavo plenic. Vre\u010da je enostavna za uporabo, zato jo lahko oble\u010dete v hipu, ima pa tudi re\u017eo za pas, ki jo lahko uporabite pri pripenjanju v avtosede\u017e, otro\u0161ki stol\u010dek ali vozi\u010dek.    <\/p>\n<p><img loading=\"lazy\" decoding=\"async\" class=\"alignnone size-full wp-image-91685\" src=\"https:\/\/najnaj.eu\/wp-content\/uploads\/2023\/08\/Ergibaby-vreca-za-spavanje-infografika.jpeg\" alt=\"\" width=\"1052\" height=\"1053\"><\/p>\n","protected":false},"excerpt":{"rendered":"<ul>\n<li>omogo\u010da hitro menjavo plenic<\/li>\n<li>otroku zagotavlja dalj\u0161i in bolj miren spanec<\/li>\n<li>enostavno rokovanje<\/li>\n<li>Debelina: TOG 1.0<\/li>\n<\/ul>\n<p>Velikost S: 0 \u2013 6 mesecev \/ 46 \u2013 68 cm \/ 11,3 kg<\/p>\n<ul>\n<li>  Enostavna uporaba<\/li>\n<li>  Enostavna menjava plenic<\/li>\n<li>  Zra\u010den bomba\u017e<\/li>\n<li>  100 % bomba\u017e<\/li>\n<\/ul>\n","protected":false},"featured_media":245332,"comment_status":"closed","ping_status":"closed","template":"","meta":{"_acf_changed":false,"footnotes":""},"product_brand":[],"product_cat":[1304,1306,1302],"product_tag":[],"class_list":{"0":"post-255483","1":"product","2":"type-product","3":"status-publish","4":"has-post-thumbnail","6":"product_cat-klasicne-spalne-vrece","7":"product_cat-prehodne-spalne-vrece","8":"product_cat-spalne-vrece","9":"pa_boja-siva-sl","10":"pa_brand-ergobaby-sl","12":"first","13":"outofstock","14":"shipping-taxable","15":"purchasable","16":"product-type-simple"},"bundled_by":[],"bundle_stock_status":"outofstock","bundle_stock_quantity":0,"bundle_virtual":false,"bundle_layout":"","bundle_add_to_cart_form_location":"","bundle_editable_in_cart":false,"bundle_sold_individually_context":"","bundle_item_grouping":"","bundle_min_size":"","bundle_max_size":"","bundle_price":[],"bundled_items":[],"bundle_sell_ids":[],"acf":[],"yoast_head":"<!-- This site is optimized with the Yoast SEO Premium plugin v21.5 (Yoast SEO v27.4) - https:\/\/yoast.com\/product\/yoast-seo-premium-wordpress\/ -->\n<title>Spalna vre\u010da Ergobaby Classic, srednje te\u017eka (TOG 1.0), lunina mena - NajNaj.eu<\/title>\n<meta name=\"robots\" content=\"index, follow, max-snippet:-1, max-image-preview:large, max-video-preview:-1\" \/>\n<link rel=\"canonical\" href=\"https:\/\/najnaj.eu\/sl\/izdelek\/spalna-vreca-ergobaby-classic-srednje-tezka-tog-1-0-lunina-mena\/\" \/>\n<meta property=\"og:locale\" content=\"sl_SI\" \/>\n<meta property=\"og:type\" content=\"article\" \/>\n<meta property=\"og:title\" content=\"Spalna vre\u010da Ergobaby Classic, srednje te\u017eka (TOG 1.0), lunina mena\" \/>\n<meta property=\"og:description\" content=\"omogo\u010da hitro menjavo plenic  otroku zagotavlja dalj\u0161i in bolj miren spanec  enostavno rokovanje  Debelina: TOG 1.0 Velikost S: 0 \u2013 6 mesecev \/ 46 \u2013 68 cm \/ 11,3 kg   Enostavna uporaba   Enostavna menjava plenic   Zra\u010den bomba\u017e   100 % bomba\u017e\" \/>\n<meta property=\"og:url\" content=\"https:\/\/najnaj.eu\/sl\/izdelek\/spalna-vreca-ergobaby-classic-srednje-tezka-tog-1-0-lunina-mena\/\" \/>\n<meta property=\"og:site_name\" content=\"NajNaj.eu\" \/>\n<meta property=\"article:publisher\" content=\"https:\/\/web.facebook.com\/najnaj.eu\/\" \/>\n<meta property=\"article:modified_time\" content=\"2026-03-24T09:49:45+00:00\" \/>\n<meta property=\"og:image\" content=\"https:\/\/najnaj.eu\/wp-content\/uploads\/2025\/03\/Classic_Sleep_Bag_Moon_Phase_01-3000x3000-2567b33.jpg\" \/>\n\t<meta property=\"og:image:width\" content=\"1080\" \/>\n\t<meta property=\"og:image:height\" content=\"1080\" \/>\n\t<meta property=\"og:image:type\" content=\"image\/jpeg\" \/>\n<meta name=\"twitter:card\" content=\"summary_large_image\" \/>\n<meta name=\"twitter:label1\" content=\"Price\" \/>\n\t<meta name=\"twitter:data1\" content=\"34,90&nbsp;&euro;\" \/>\n\t<meta name=\"twitter:label2\" content=\"Availability\" \/>\n\t<meta name=\"twitter:data2\" content=\"Out of stock\" \/>\n<script type=\"application\/ld+json\" class=\"yoast-schema-graph\">{\"@context\":\"https:\\\/\\\/schema.org\",\"@graph\":[{\"@type\":\"WebPage\",\"@id\":\"https:\\\/\\\/najnaj.eu\\\/sl\\\/izdelek\\\/spalna-vreca-ergobaby-classic-srednje-tezka-tog-1-0-lunina-mena\\\/\",\"url\":\"https:\\\/\\\/najnaj.eu\\\/sl\\\/izdelek\\\/spalna-vreca-ergobaby-classic-srednje-tezka-tog-1-0-lunina-mena\\\/\",\"name\":\"Spalna vre\u010da Ergobaby Classic, srednje te\u017eka (TOG 1.0), lunina mena - NajNaj.eu\",\"isPartOf\":{\"@id\":\"https:\\\/\\\/najnaj.eu\\\/sl\\\/#website\"},\"primaryImageOfPage\":{\"@id\":\"https:\\\/\\\/najnaj.eu\\\/sl\\\/izdelek\\\/spalna-vreca-ergobaby-classic-srednje-tezka-tog-1-0-lunina-mena\\\/#primaryimage\"},\"image\":{\"@id\":\"https:\\\/\\\/najnaj.eu\\\/sl\\\/izdelek\\\/spalna-vreca-ergobaby-classic-srednje-tezka-tog-1-0-lunina-mena\\\/#primaryimage\"},\"thumbnailUrl\":\"https:\\\/\\\/najnaj.eu\\\/wp-content\\\/uploads\\\/2025\\\/03\\\/Classic_Sleep_Bag_Moon_Phase_01-3000x3000-2567b33.jpg\",\"datePublished\":\"2025-03-31T07:36:52+00:00\",\"dateModified\":\"2026-03-24T09:49:45+00:00\",\"breadcrumb\":{\"@id\":\"https:\\\/\\\/najnaj.eu\\\/sl\\\/izdelek\\\/spalna-vreca-ergobaby-classic-srednje-tezka-tog-1-0-lunina-mena\\\/#breadcrumb\"},\"inLanguage\":\"sl-SI\",\"potentialAction\":[{\"@type\":\"ReadAction\",\"target\":[\"https:\\\/\\\/najnaj.eu\\\/sl\\\/izdelek\\\/spalna-vreca-ergobaby-classic-srednje-tezka-tog-1-0-lunina-mena\\\/\"]}]},{\"@type\":\"ImageObject\",\"inLanguage\":\"sl-SI\",\"@id\":\"https:\\\/\\\/najnaj.eu\\\/sl\\\/izdelek\\\/spalna-vreca-ergobaby-classic-srednje-tezka-tog-1-0-lunina-mena\\\/#primaryimage\",\"url\":\"https:\\\/\\\/najnaj.eu\\\/wp-content\\\/uploads\\\/2025\\\/03\\\/Classic_Sleep_Bag_Moon_Phase_01-3000x3000-2567b33.jpg\",\"contentUrl\":\"https:\\\/\\\/najnaj.eu\\\/wp-content\\\/uploads\\\/2025\\\/03\\\/Classic_Sleep_Bag_Moon_Phase_01-3000x3000-2567b33.jpg\",\"width\":1080,\"height\":1080},{\"@type\":\"BreadcrumbList\",\"@id\":\"https:\\\/\\\/najnaj.eu\\\/sl\\\/izdelek\\\/spalna-vreca-ergobaby-classic-srednje-tezka-tog-1-0-lunina-mena\\\/#breadcrumb\",\"itemListElement\":[{\"@type\":\"ListItem\",\"position\":1,\"name\":\"Po\u010detna stranica\",\"item\":\"https:\\\/\\\/najnaj.eu\\\/sl\\\/prednja-stran\\\/\"},{\"@type\":\"ListItem\",\"position\":2,\"name\":\"Shop\",\"item\":\"https:\\\/\\\/najnaj.eu\\\/sl\\\/shop\\\/\"},{\"@type\":\"ListItem\",\"position\":3,\"name\":\"Spalna vre\u010da Ergobaby Classic, srednje te\u017eka (TOG 1.0), lunina mena\"}]},{\"@type\":\"WebSite\",\"@id\":\"https:\\\/\\\/najnaj.eu\\\/sl\\\/#website\",\"url\":\"https:\\\/\\\/najnaj.eu\\\/sl\\\/\",\"name\":\"NajNaj.eu\",\"description\":\"Za najva\u017enije!\",\"publisher\":{\"@id\":\"https:\\\/\\\/najnaj.eu\\\/sl\\\/#organization\"},\"potentialAction\":[{\"@type\":\"SearchAction\",\"target\":{\"@type\":\"EntryPoint\",\"urlTemplate\":\"https:\\\/\\\/najnaj.eu\\\/sl\\\/?s={search_term_string}\"},\"query-input\":{\"@type\":\"PropertyValueSpecification\",\"valueRequired\":true,\"valueName\":\"search_term_string\"}}],\"inLanguage\":\"sl-SI\"},{\"@type\":\"Organization\",\"@id\":\"https:\\\/\\\/najnaj.eu\\\/sl\\\/#organization\",\"name\":\"NajNaj.eu\",\"url\":\"https:\\\/\\\/najnaj.eu\\\/sl\\\/\",\"logo\":{\"@type\":\"ImageObject\",\"inLanguage\":\"sl-SI\",\"@id\":\"https:\\\/\\\/najnaj.eu\\\/sl\\\/#\\\/schema\\\/logo\\\/image\\\/\",\"url\":\"https:\\\/\\\/najnaj.eu\\\/wp-content\\\/uploads\\\/2023\\\/09\\\/logo_Najnaj_2023.svg\",\"contentUrl\":\"https:\\\/\\\/najnaj.eu\\\/wp-content\\\/uploads\\\/2023\\\/09\\\/logo_Najnaj_2023.svg\",\"width\":501,\"height\":278,\"caption\":\"NajNaj.eu\"},\"image\":{\"@id\":\"https:\\\/\\\/najnaj.eu\\\/sl\\\/#\\\/schema\\\/logo\\\/image\\\/\"},\"sameAs\":[\"https:\\\/\\\/web.facebook.com\\\/najnaj.eu\\\/\",\"https:\\\/\\\/www.instagram.com\\\/najnaj.eu\\\/\",\"https:\\\/\\\/www.tiktok.com\\\/@najnaj.eu\"]}]}<\/script>\n<meta property=\"product:brand\" content=\"Ergobaby\" \/>\n<meta property=\"product:price:amount\" content=\"34.90\" \/>\n<meta property=\"product:price:currency\" content=\"EUR\" \/>\n<meta property=\"og:availability\" content=\"out of stock\" \/>\n<meta property=\"product:availability\" content=\"out of stock\" \/>\n<meta property=\"product:retailer_item_id\" content=\"SLBSMMP1\" \/>\n<meta property=\"product:condition\" content=\"new\" \/>\n<!-- \/ Yoast SEO Premium plugin. -->","yoast_head_json":{"title":"Spalna vre\u010da Ergobaby Classic, srednje te\u017eka (TOG 1.0), lunina mena - NajNaj.eu","robots":{"index":"index","follow":"follow","max-snippet":"max-snippet:-1","max-image-preview":"max-image-preview:large","max-video-preview":"max-video-preview:-1"},"canonical":"https:\/\/najnaj.eu\/sl\/izdelek\/spalna-vreca-ergobaby-classic-srednje-tezka-tog-1-0-lunina-mena\/","og_locale":"sl_SI","og_type":"article","og_title":"Spalna vre\u010da Ergobaby Classic, srednje te\u017eka (TOG 1.0), lunina mena","og_description":"omogo\u010da hitro menjavo plenic  otroku zagotavlja dalj\u0161i in bolj miren spanec  enostavno rokovanje  Debelina: TOG 1.0 Velikost S: 0 \u2013 6 mesecev \/ 46 \u2013 68 cm \/ 11,3 kg   Enostavna uporaba   Enostavna menjava plenic   Zra\u010den bomba\u017e   100 % bomba\u017e","og_url":"https:\/\/najnaj.eu\/sl\/izdelek\/spalna-vreca-ergobaby-classic-srednje-tezka-tog-1-0-lunina-mena\/","og_site_name":"NajNaj.eu","article_publisher":"https:\/\/web.facebook.com\/najnaj.eu\/","article_modified_time":"2026-03-24T09:49:45+00:00","og_image":[{"width":1080,"height":1080,"url":"https:\/\/najnaj.eu\/wp-content\/uploads\/2025\/03\/Classic_Sleep_Bag_Moon_Phase_01-3000x3000-2567b33.jpg","type":"image\/jpeg"}],"twitter_card":"summary_large_image","twitter_misc":{"Price":"34,90&nbsp;&euro;","Availability":"Out of stock"},"schema":{"@context":"https:\/\/schema.org","@graph":[{"@type":"WebPage","@id":"https:\/\/najnaj.eu\/sl\/izdelek\/spalna-vreca-ergobaby-classic-srednje-tezka-tog-1-0-lunina-mena\/","url":"https:\/\/najnaj.eu\/sl\/izdelek\/spalna-vreca-ergobaby-classic-srednje-tezka-tog-1-0-lunina-mena\/","name":"Spalna vre\u010da Ergobaby Classic, srednje te\u017eka (TOG 1.0), lunina mena - NajNaj.eu","isPartOf":{"@id":"https:\/\/najnaj.eu\/sl\/#website"},"primaryImageOfPage":{"@id":"https:\/\/najnaj.eu\/sl\/izdelek\/spalna-vreca-ergobaby-classic-srednje-tezka-tog-1-0-lunina-mena\/#primaryimage"},"image":{"@id":"https:\/\/najnaj.eu\/sl\/izdelek\/spalna-vreca-ergobaby-classic-srednje-tezka-tog-1-0-lunina-mena\/#primaryimage"},"thumbnailUrl":"https:\/\/najnaj.eu\/wp-content\/uploads\/2025\/03\/Classic_Sleep_Bag_Moon_Phase_01-3000x3000-2567b33.jpg","datePublished":"2025-03-31T07:36:52+00:00","dateModified":"2026-03-24T09:49:45+00:00","breadcrumb":{"@id":"https:\/\/najnaj.eu\/sl\/izdelek\/spalna-vreca-ergobaby-classic-srednje-tezka-tog-1-0-lunina-mena\/#breadcrumb"},"inLanguage":"sl-SI","potentialAction":[{"@type":"ReadAction","target":["https:\/\/najnaj.eu\/sl\/izdelek\/spalna-vreca-ergobaby-classic-srednje-tezka-tog-1-0-lunina-mena\/"]}]},{"@type":"ImageObject","inLanguage":"sl-SI","@id":"https:\/\/najnaj.eu\/sl\/izdelek\/spalna-vreca-ergobaby-classic-srednje-tezka-tog-1-0-lunina-mena\/#primaryimage","url":"https:\/\/najnaj.eu\/wp-content\/uploads\/2025\/03\/Classic_Sleep_Bag_Moon_Phase_01-3000x3000-2567b33.jpg","contentUrl":"https:\/\/najnaj.eu\/wp-content\/uploads\/2025\/03\/Classic_Sleep_Bag_Moon_Phase_01-3000x3000-2567b33.jpg","width":1080,"height":1080},{"@type":"BreadcrumbList","@id":"https:\/\/najnaj.eu\/sl\/izdelek\/spalna-vreca-ergobaby-classic-srednje-tezka-tog-1-0-lunina-mena\/#breadcrumb","itemListElement":[{"@type":"ListItem","position":1,"name":"Po\u010detna stranica","item":"https:\/\/najnaj.eu\/sl\/prednja-stran\/"},{"@type":"ListItem","position":2,"name":"Shop","item":"https:\/\/najnaj.eu\/sl\/shop\/"},{"@type":"ListItem","position":3,"name":"Spalna vre\u010da Ergobaby Classic, srednje te\u017eka (TOG 1.0), lunina mena"}]},{"@type":"WebSite","@id":"https:\/\/najnaj.eu\/sl\/#website","url":"https:\/\/najnaj.eu\/sl\/","name":"NajNaj.eu","description":"Za najva\u017enije!","publisher":{"@id":"https:\/\/najnaj.eu\/sl\/#organization"},"potentialAction":[{"@type":"SearchAction","target":{"@type":"EntryPoint","urlTemplate":"https:\/\/najnaj.eu\/sl\/?s={search_term_string}"},"query-input":{"@type":"PropertyValueSpecification","valueRequired":true,"valueName":"search_term_string"}}],"inLanguage":"sl-SI"},{"@type":"Organization","@id":"https:\/\/najnaj.eu\/sl\/#organization","name":"NajNaj.eu","url":"https:\/\/najnaj.eu\/sl\/","logo":{"@type":"ImageObject","inLanguage":"sl-SI","@id":"https:\/\/najnaj.eu\/sl\/#\/schema\/logo\/image\/","url":"https:\/\/najnaj.eu\/wp-content\/uploads\/2023\/09\/logo_Najnaj_2023.svg","contentUrl":"https:\/\/najnaj.eu\/wp-content\/uploads\/2023\/09\/logo_Najnaj_2023.svg","width":501,"height":278,"caption":"NajNaj.eu"},"image":{"@id":"https:\/\/najnaj.eu\/sl\/#\/schema\/logo\/image\/"},"sameAs":["https:\/\/web.facebook.com\/najnaj.eu\/","https:\/\/www.instagram.com\/najnaj.eu\/","https:\/\/www.tiktok.com\/@najnaj.eu"]}]},"product_brand":"Ergobaby","product_price_amount":"34.90","product_price_currency":"EUR","og_availability":"out of stock","product_availability":"out of stock","product_retailer_item_id":"SLBSMMP1","product_condition":"new"},"_links":{"self":[{"href":"https:\/\/najnaj.eu\/sl\/wp-json\/wp\/v2\/product\/255483","targetHints":{"allow":["GET"]}}],"collection":[{"href":"https:\/\/najnaj.eu\/sl\/wp-json\/wp\/v2\/product"}],"about":[{"href":"https:\/\/najnaj.eu\/sl\/wp-json\/wp\/v2\/types\/product"}],"replies":[{"embeddable":true,"href":"https:\/\/najnaj.eu\/sl\/wp-json\/wp\/v2\/comments?post=255483"}],"version-history":[{"count":0,"href":"https:\/\/najnaj.eu\/sl\/wp-json\/wp\/v2\/product\/255483\/revisions"}],"wp:featuredmedia":[{"embeddable":true,"href":"https:\/\/najnaj.eu\/sl\/wp-json\/wp\/v2\/media\/245332"}],"wp:attachment":[{"href":"https:\/\/najnaj.eu\/sl\/wp-json\/wp\/v2\/media?parent=255483"}],"wp:term":[{"taxonomy":"product_brand","embeddable":true,"href":"https:\/\/najnaj.eu\/sl\/wp-json\/wp\/v2\/product_brand?post=255483"},{"taxonomy":"product_cat","embeddable":true,"href":"https:\/\/najnaj.eu\/sl\/wp-json\/wp\/v2\/product_cat?post=255483"},{"taxonomy":"product_tag","embeddable":true,"href":"https:\/\/najnaj.eu\/sl\/wp-json\/wp\/v2\/product_tag?post=255483"}],"curies":[{"name":"wp","href":"https:\/\/api.w.org\/{rel}","templated":true}]}}