{"id":254730,"date":"2025-06-11T11:22:14","date_gmt":"2025-06-11T09:22:14","guid":{"rendered":"https:\/\/najnaj.eu\/proizvod\/carriwell-podporne-hlace-za-nosecnice-crne\/"},"modified":"2026-04-22T11:54:49","modified_gmt":"2026-04-22T09:54:49","slug":"carriwell-podporne-hlace-za-nosecnice-crne","status":"publish","type":"product","link":"https:\/\/najnaj.eu\/sl\/izdelek\/carriwell-podporne-hlace-za-nosecnice-crne\/","title":{"rendered":"Carriwell podporne hla\u010de za nose\u010dnice, \u010drne"},"content":{"rendered":"<p>Podpora in udobje skozi celotno nose\u010dnost!<br \/>\nMed nose\u010dnostjo je pomembno, da se po\u010dutite udobno, in brez\u0161ivne podporne kratke hla\u010de Carriwell so zasnovane s tem v mislih. Te kratke hla\u010de ne\u017eno sledijo linijam va\u0161ega telesa, se prilagodijo rasto\u010demu trebuhu in nudijo oporo tam, kjer jo najbolj potrebujete \u2013 v spodnjem delu hrbta in medenici.<br \/>\n Zahvaljujo\u010d mehkemu, zra\u010dnemu in raztegljivemu materialu vam te kratke hla\u010de omogo\u010dajo prosto gibanje \u010dez dan. Zaradi svoje dol\u017eine so odli\u010dna izbira za toplej\u0161e dni, no\u0161enje pod oblekami ali za spro\u0161\u010dujo\u010de trenutke doma, ko potrebujete nekaj lahkega, udobnega in zanesljivega.  <\/p>\n<p>Ko boste nosile te hla\u010de, boste takoj ob\u010dutile razliko. Lahka in zra\u010dna tkanina vam zagotavlja sve\u017eino in udobje ves dan, mehkoba materiala pa ne\u017eno objame va\u0161e telo. Podporni pas diskretno podpira va\u0161 trebuh, zmanj\u0161uje pritisk na spodnji del hrbta in laj\u0161a ob\u010dutek te\u017ee v medenici. Zahvaljujo\u010d brez\u0161ivnemu dizajnu ne boste \u010dutile trenja ali dra\u017eenja, zaradi \u010desar so idealne tudi za najbolj ob\u010dutljive dni nose\u010dnosti. Te hla\u010de so zasnovane tako, da vam olaj\u0161ajo vsak trenutek, ga naredijo ne\u017enej\u0161ega in udobnej\u0161ega.    <\/p>\n<p>Kdaj nositi Carriwell podporne hla\u010dke za nose\u010dnice?<br \/>\n Nosite jih lahko kadar koli potrebujete dodatno oporo za trebuh in medenico \u2013 pod obleko ali krilom v kombinaciji z majico.<br \/>\n Te hla\u010de so idealne za la\u017eje nose\u010dni\u0161ke aktivnosti, kot sta hoja ali vadba, saj zagotavljajo svobodo gibanja in oporo tam, kjer jo najbolj potrebujete. Zra\u010dna tkanina zagotavlja udobje ves dan, medtem ko ne\u017een kroj sledi in podpira va\u0161e telo brez neprijetnega pritiska. <\/p>\n<p>Z udobnim dizajnom bodo podporne kratke hla\u010de za nose\u010dnice Carriwell hitro postale priljubljen del va\u0161e vsakodnevne garderobe. Ne glede na to, ali se spro\u0161\u010date doma, jih nosite pod obleko ali jih uporabljate za vadbo, te kratke hla\u010de zagotavljajo popolno ravnovesje med oporo in zra\u010dnostjo. <\/p>\n","protected":false},"excerpt":{"rendered":"<ul>\n<li>Material: mehka, elasti\u010dna in zra\u010dna tkanina, ki se med nose\u010dnostjo popolnoma prilagodi telesu<\/li>\n<li>Podpora: srednja raven opore za trebuh in spodnji del hrbta<\/li>\n<li>Brez\u0161ivna zasnova zagotavlja vrhunsko udobje in popolno prilagodljivost<\/li>\n<li>Dol\u017eina: kraj\u0161a dol\u017eina, zaradi \u010desar so idealne za toplej\u0161e dni, samostojno ali pod obleko<\/li>\n<li>Prileganje: zasnovano tako, da se prilagaja rasto\u010demu trebuhu skozi celotno nose\u010dnost<\/li>\n<\/ul>\n","protected":false},"featured_media":299211,"comment_status":"closed","ping_status":"closed","template":"","meta":{"_acf_changed":false,"footnotes":""},"product_brand":[],"product_cat":[1417,1401,1411],"product_tag":[2144],"class_list":{"0":"post-254730","1":"product","2":"type-product","3":"status-publish","4":"has-post-thumbnail","6":"product_cat-pajkice","7":"product_cat-za-mamo","8":"product_cat-za-nosecnice","9":"product_tag-mama-ki-bo","10":"pa_boja-crna-sl","11":"pa_brand-carriwell-sl","13":"first","14":"instock","15":"shipping-taxable","16":"purchasable","17":"product-type-variable"},"bundled_by":[],"bundle_stock_status":"instock","bundle_stock_quantity":null,"bundle_virtual":false,"bundle_layout":"","bundle_add_to_cart_form_location":"","bundle_editable_in_cart":false,"bundle_sold_individually_context":"","bundle_item_grouping":"","bundle_min_size":"","bundle_max_size":"","bundle_price":[],"bundled_items":[],"bundle_sell_ids":[],"acf":[],"yoast_head":"<!-- This site is optimized with the Yoast SEO Premium plugin v21.5 (Yoast SEO v27.4) - https:\/\/yoast.com\/product\/yoast-seo-premium-wordpress\/ -->\n<title>Carriwell podporne hla\u010de za nose\u010dnice, \u010drne - NajNaj.eu<\/title>\n<meta name=\"robots\" content=\"index, follow, max-snippet:-1, max-image-preview:large, max-video-preview:-1\" \/>\n<link rel=\"canonical\" href=\"https:\/\/najnaj.eu\/sl\/izdelek\/carriwell-podporne-hlace-za-nosecnice-crne\/\" \/>\n<meta property=\"og:locale\" content=\"sl_SI\" \/>\n<meta property=\"og:type\" content=\"article\" \/>\n<meta property=\"og:title\" content=\"Carriwell podporne hla\u010de za nose\u010dnice, \u010drne\" \/>\n<meta property=\"og:description\" content=\"Material: mehka, elasti\u010dna in zra\u010dna tkanina, ki se med nose\u010dnostjo popolnoma prilagodi telesu  Podpora: srednja raven opore za trebuh in spodnji del hrbta  Brez\u0161ivna zasnova zagotavlja vrhunsko udobje in popolno prilagodljivost  Dol\u017eina: kraj\u0161a dol\u017eina, zaradi \u010desar so idealne za toplej\u0161e dni, samostojno ali pod obleko  Prileganje: zasnovano tako, da se prilagaja rasto\u010demu trebuhu skozi celotno nose\u010dnost\" \/>\n<meta property=\"og:url\" content=\"https:\/\/najnaj.eu\/sl\/izdelek\/carriwell-podporne-hlace-za-nosecnice-crne\/\" \/>\n<meta property=\"og:site_name\" content=\"NajNaj.eu\" \/>\n<meta property=\"article:publisher\" content=\"https:\/\/web.facebook.com\/najnaj.eu\/\" \/>\n<meta property=\"article:modified_time\" content=\"2026-04-22T09:54:49+00:00\" \/>\n<meta property=\"og:image\" content=\"https:\/\/najnaj.eu\/wp-content\/uploads\/2025\/06\/kratke-tajice.jpg\" \/>\n\t<meta property=\"og:image:width\" content=\"1500\" \/>\n\t<meta property=\"og:image:height\" content=\"1500\" \/>\n\t<meta property=\"og:image:type\" content=\"image\/jpeg\" \/>\n<meta name=\"twitter:card\" content=\"summary_large_image\" \/>\n<meta name=\"twitter:label1\" content=\"Availability\" \/>\n\t<meta name=\"twitter:data1\" content=\"In stock\" \/>\n<script type=\"application\/ld+json\" class=\"yoast-schema-graph\">{\"@context\":\"https:\\\/\\\/schema.org\",\"@graph\":[{\"@type\":\"WebPage\",\"@id\":\"https:\\\/\\\/najnaj.eu\\\/sl\\\/izdelek\\\/carriwell-podporne-hlace-za-nosecnice-crne\\\/\",\"url\":\"https:\\\/\\\/najnaj.eu\\\/sl\\\/izdelek\\\/carriwell-podporne-hlace-za-nosecnice-crne\\\/\",\"name\":\"Carriwell podporne hla\u010de za nose\u010dnice, \u010drne - NajNaj.eu\",\"isPartOf\":{\"@id\":\"https:\\\/\\\/najnaj.eu\\\/sl\\\/#website\"},\"primaryImageOfPage\":{\"@id\":\"https:\\\/\\\/najnaj.eu\\\/sl\\\/izdelek\\\/carriwell-podporne-hlace-za-nosecnice-crne\\\/#primaryimage\"},\"image\":{\"@id\":\"https:\\\/\\\/najnaj.eu\\\/sl\\\/izdelek\\\/carriwell-podporne-hlace-za-nosecnice-crne\\\/#primaryimage\"},\"thumbnailUrl\":\"https:\\\/\\\/najnaj.eu\\\/wp-content\\\/uploads\\\/2021\\\/05\\\/4100_Seamless-Maternity-Support-Shorts_Web_v01-1.jpg\",\"datePublished\":\"2025-06-11T09:22:14+00:00\",\"dateModified\":\"2026-04-22T09:54:49+00:00\",\"breadcrumb\":{\"@id\":\"https:\\\/\\\/najnaj.eu\\\/sl\\\/izdelek\\\/carriwell-podporne-hlace-za-nosecnice-crne\\\/#breadcrumb\"},\"inLanguage\":\"sl-SI\",\"potentialAction\":[{\"@type\":\"ReadAction\",\"target\":[\"https:\\\/\\\/najnaj.eu\\\/sl\\\/izdelek\\\/carriwell-podporne-hlace-za-nosecnice-crne\\\/\"]}]},{\"@type\":\"ImageObject\",\"inLanguage\":\"sl-SI\",\"@id\":\"https:\\\/\\\/najnaj.eu\\\/sl\\\/izdelek\\\/carriwell-podporne-hlace-za-nosecnice-crne\\\/#primaryimage\",\"url\":\"https:\\\/\\\/najnaj.eu\\\/wp-content\\\/uploads\\\/2021\\\/05\\\/4100_Seamless-Maternity-Support-Shorts_Web_v01-1.jpg\",\"contentUrl\":\"https:\\\/\\\/najnaj.eu\\\/wp-content\\\/uploads\\\/2021\\\/05\\\/4100_Seamless-Maternity-Support-Shorts_Web_v01-1.jpg\",\"width\":1000,\"height\":1250},{\"@type\":\"BreadcrumbList\",\"@id\":\"https:\\\/\\\/najnaj.eu\\\/sl\\\/izdelek\\\/carriwell-podporne-hlace-za-nosecnice-crne\\\/#breadcrumb\",\"itemListElement\":[{\"@type\":\"ListItem\",\"position\":1,\"name\":\"Po\u010detna stranica\",\"item\":\"https:\\\/\\\/najnaj.eu\\\/sl\\\/prednja-stran\\\/\"},{\"@type\":\"ListItem\",\"position\":2,\"name\":\"Shop\",\"item\":\"https:\\\/\\\/najnaj.eu\\\/sl\\\/shop\\\/\"},{\"@type\":\"ListItem\",\"position\":3,\"name\":\"Carriwell podporne hla\u010de za nose\u010dnice, \u010drne\"}]},{\"@type\":\"WebSite\",\"@id\":\"https:\\\/\\\/najnaj.eu\\\/sl\\\/#website\",\"url\":\"https:\\\/\\\/najnaj.eu\\\/sl\\\/\",\"name\":\"NajNaj.eu\",\"description\":\"Za najva\u017enije!\",\"publisher\":{\"@id\":\"https:\\\/\\\/najnaj.eu\\\/sl\\\/#organization\"},\"potentialAction\":[{\"@type\":\"SearchAction\",\"target\":{\"@type\":\"EntryPoint\",\"urlTemplate\":\"https:\\\/\\\/najnaj.eu\\\/sl\\\/?s={search_term_string}\"},\"query-input\":{\"@type\":\"PropertyValueSpecification\",\"valueRequired\":true,\"valueName\":\"search_term_string\"}}],\"inLanguage\":\"sl-SI\"},{\"@type\":\"Organization\",\"@id\":\"https:\\\/\\\/najnaj.eu\\\/sl\\\/#organization\",\"name\":\"NajNaj.eu\",\"url\":\"https:\\\/\\\/najnaj.eu\\\/sl\\\/\",\"logo\":{\"@type\":\"ImageObject\",\"inLanguage\":\"sl-SI\",\"@id\":\"https:\\\/\\\/najnaj.eu\\\/sl\\\/#\\\/schema\\\/logo\\\/image\\\/\",\"url\":\"https:\\\/\\\/najnaj.eu\\\/wp-content\\\/uploads\\\/2023\\\/09\\\/logo_Najnaj_2023.svg\",\"contentUrl\":\"https:\\\/\\\/najnaj.eu\\\/wp-content\\\/uploads\\\/2023\\\/09\\\/logo_Najnaj_2023.svg\",\"width\":501,\"height\":278,\"caption\":\"NajNaj.eu\"},\"image\":{\"@id\":\"https:\\\/\\\/najnaj.eu\\\/sl\\\/#\\\/schema\\\/logo\\\/image\\\/\"},\"sameAs\":[\"https:\\\/\\\/web.facebook.com\\\/najnaj.eu\\\/\",\"https:\\\/\\\/www.instagram.com\\\/najnaj.eu\\\/\",\"https:\\\/\\\/www.tiktok.com\\\/@najnaj.eu\"]}]}<\/script>\n<meta property=\"product:brand\" content=\"Carriwell\" \/>\n<meta property=\"og:availability\" content=\"instock\" \/>\n<meta property=\"product:availability\" content=\"instock\" \/>\n<meta property=\"product:retailer_item_id\" content=\"CW412011N\" \/>\n<meta property=\"product:condition\" content=\"new\" \/>\n<!-- \/ Yoast SEO Premium plugin. -->","yoast_head_json":{"title":"Carriwell podporne hla\u010de za nose\u010dnice, \u010drne - NajNaj.eu","robots":{"index":"index","follow":"follow","max-snippet":"max-snippet:-1","max-image-preview":"max-image-preview:large","max-video-preview":"max-video-preview:-1"},"canonical":"https:\/\/najnaj.eu\/sl\/izdelek\/carriwell-podporne-hlace-za-nosecnice-crne\/","og_locale":"sl_SI","og_type":"article","og_title":"Carriwell podporne hla\u010de za nose\u010dnice, \u010drne","og_description":"Material: mehka, elasti\u010dna in zra\u010dna tkanina, ki se med nose\u010dnostjo popolnoma prilagodi telesu  Podpora: srednja raven opore za trebuh in spodnji del hrbta  Brez\u0161ivna zasnova zagotavlja vrhunsko udobje in popolno prilagodljivost  Dol\u017eina: kraj\u0161a dol\u017eina, zaradi \u010desar so idealne za toplej\u0161e dni, samostojno ali pod obleko  Prileganje: zasnovano tako, da se prilagaja rasto\u010demu trebuhu skozi celotno nose\u010dnost","og_url":"https:\/\/najnaj.eu\/sl\/izdelek\/carriwell-podporne-hlace-za-nosecnice-crne\/","og_site_name":"NajNaj.eu","article_publisher":"https:\/\/web.facebook.com\/najnaj.eu\/","article_modified_time":"2026-04-22T09:54:49+00:00","og_image":[{"width":1500,"height":1500,"url":"https:\/\/najnaj.eu\/wp-content\/uploads\/2025\/06\/kratke-tajice.jpg","type":"image\/jpeg"}],"twitter_card":"summary_large_image","twitter_misc":{"Availability":"In stock"},"schema":{"@context":"https:\/\/schema.org","@graph":[{"@type":"WebPage","@id":"https:\/\/najnaj.eu\/sl\/izdelek\/carriwell-podporne-hlace-za-nosecnice-crne\/","url":"https:\/\/najnaj.eu\/sl\/izdelek\/carriwell-podporne-hlace-za-nosecnice-crne\/","name":"Carriwell podporne hla\u010de za nose\u010dnice, \u010drne - NajNaj.eu","isPartOf":{"@id":"https:\/\/najnaj.eu\/sl\/#website"},"primaryImageOfPage":{"@id":"https:\/\/najnaj.eu\/sl\/izdelek\/carriwell-podporne-hlace-za-nosecnice-crne\/#primaryimage"},"image":{"@id":"https:\/\/najnaj.eu\/sl\/izdelek\/carriwell-podporne-hlace-za-nosecnice-crne\/#primaryimage"},"thumbnailUrl":"https:\/\/najnaj.eu\/wp-content\/uploads\/2021\/05\/4100_Seamless-Maternity-Support-Shorts_Web_v01-1.jpg","datePublished":"2025-06-11T09:22:14+00:00","dateModified":"2026-04-22T09:54:49+00:00","breadcrumb":{"@id":"https:\/\/najnaj.eu\/sl\/izdelek\/carriwell-podporne-hlace-za-nosecnice-crne\/#breadcrumb"},"inLanguage":"sl-SI","potentialAction":[{"@type":"ReadAction","target":["https:\/\/najnaj.eu\/sl\/izdelek\/carriwell-podporne-hlace-za-nosecnice-crne\/"]}]},{"@type":"ImageObject","inLanguage":"sl-SI","@id":"https:\/\/najnaj.eu\/sl\/izdelek\/carriwell-podporne-hlace-za-nosecnice-crne\/#primaryimage","url":"https:\/\/najnaj.eu\/wp-content\/uploads\/2021\/05\/4100_Seamless-Maternity-Support-Shorts_Web_v01-1.jpg","contentUrl":"https:\/\/najnaj.eu\/wp-content\/uploads\/2021\/05\/4100_Seamless-Maternity-Support-Shorts_Web_v01-1.jpg","width":1000,"height":1250},{"@type":"BreadcrumbList","@id":"https:\/\/najnaj.eu\/sl\/izdelek\/carriwell-podporne-hlace-za-nosecnice-crne\/#breadcrumb","itemListElement":[{"@type":"ListItem","position":1,"name":"Po\u010detna stranica","item":"https:\/\/najnaj.eu\/sl\/prednja-stran\/"},{"@type":"ListItem","position":2,"name":"Shop","item":"https:\/\/najnaj.eu\/sl\/shop\/"},{"@type":"ListItem","position":3,"name":"Carriwell podporne hla\u010de za nose\u010dnice, \u010drne"}]},{"@type":"WebSite","@id":"https:\/\/najnaj.eu\/sl\/#website","url":"https:\/\/najnaj.eu\/sl\/","name":"NajNaj.eu","description":"Za najva\u017enije!","publisher":{"@id":"https:\/\/najnaj.eu\/sl\/#organization"},"potentialAction":[{"@type":"SearchAction","target":{"@type":"EntryPoint","urlTemplate":"https:\/\/najnaj.eu\/sl\/?s={search_term_string}"},"query-input":{"@type":"PropertyValueSpecification","valueRequired":true,"valueName":"search_term_string"}}],"inLanguage":"sl-SI"},{"@type":"Organization","@id":"https:\/\/najnaj.eu\/sl\/#organization","name":"NajNaj.eu","url":"https:\/\/najnaj.eu\/sl\/","logo":{"@type":"ImageObject","inLanguage":"sl-SI","@id":"https:\/\/najnaj.eu\/sl\/#\/schema\/logo\/image\/","url":"https:\/\/najnaj.eu\/wp-content\/uploads\/2023\/09\/logo_Najnaj_2023.svg","contentUrl":"https:\/\/najnaj.eu\/wp-content\/uploads\/2023\/09\/logo_Najnaj_2023.svg","width":501,"height":278,"caption":"NajNaj.eu"},"image":{"@id":"https:\/\/najnaj.eu\/sl\/#\/schema\/logo\/image\/"},"sameAs":["https:\/\/web.facebook.com\/najnaj.eu\/","https:\/\/www.instagram.com\/najnaj.eu\/","https:\/\/www.tiktok.com\/@najnaj.eu"]}]},"product_brand":"Carriwell","og_availability":"instock","product_availability":"instock","product_retailer_item_id":"CW412011N","product_condition":"new"},"_links":{"self":[{"href":"https:\/\/najnaj.eu\/sl\/wp-json\/wp\/v2\/product\/254730","targetHints":{"allow":["GET"]}}],"collection":[{"href":"https:\/\/najnaj.eu\/sl\/wp-json\/wp\/v2\/product"}],"about":[{"href":"https:\/\/najnaj.eu\/sl\/wp-json\/wp\/v2\/types\/product"}],"replies":[{"embeddable":true,"href":"https:\/\/najnaj.eu\/sl\/wp-json\/wp\/v2\/comments?post=254730"}],"version-history":[{"count":0,"href":"https:\/\/najnaj.eu\/sl\/wp-json\/wp\/v2\/product\/254730\/revisions"}],"wp:featuredmedia":[{"embeddable":true,"href":"https:\/\/najnaj.eu\/sl\/wp-json\/wp\/v2\/media\/299211"}],"wp:attachment":[{"href":"https:\/\/najnaj.eu\/sl\/wp-json\/wp\/v2\/media?parent=254730"}],"wp:term":[{"taxonomy":"product_brand","embeddable":true,"href":"https:\/\/najnaj.eu\/sl\/wp-json\/wp\/v2\/product_brand?post=254730"},{"taxonomy":"product_cat","embeddable":true,"href":"https:\/\/najnaj.eu\/sl\/wp-json\/wp\/v2\/product_cat?post=254730"},{"taxonomy":"product_tag","embeddable":true,"href":"https:\/\/najnaj.eu\/sl\/wp-json\/wp\/v2\/product_tag?post=254730"}],"curies":[{"name":"wp","href":"https:\/\/api.w.org\/{rel}","templated":true}]}}