{"id":254670,"date":"2025-06-11T10:16:26","date_gmt":"2025-06-11T08:16:26","guid":{"rendered":"https:\/\/najnaj.eu\/proizvod\/carriwell-original-modrcki-za-nosecnice-in-dojece-matere-2-kosa-crni-in-kozne-barve\/"},"modified":"2026-04-16T11:54:49","modified_gmt":"2026-04-16T09:54:49","slug":"carriwell-original-modrcki-za-nosecnice-in-dojece-matere-2-kosa-crni-in-kozne-barve","status":"publish","type":"product","link":"https:\/\/najnaj.eu\/sl\/izdelek\/carriwell-original-modrcki-za-nosecnice-in-dojece-matere-2-kosa-crni-in-kozne-barve\/","title":{"rendered":"Carriwell Original modr\u010dki za nose\u010dnice in doje\u010de matere, 2 kosa, \u010drni in ko\u017ene barve"},"content":{"rendered":"<p>Popolna izbira za udobje in oporo!<br \/>\nNa\u0161 najbolj priljubljen nose\u010dni\u0161ki modr\u010dek Carriwell Original je zdaj na voljo v prakti\u010dnem dvojnem paketu, ki vsebuje 2 modr\u010dka: enega iz usnja in enega v \u010drni barvi.<\/p>\n<p>Ta modr\u010dek, zasnovan s posebno skrbnostjo, da se prilagodi spremembam va\u0161ega telesa, nudi oporo in udobje, ki ju potrebujete skozi celotno nose\u010dnost in dojenje, idealen pa je tudi za uporabo po tem obdobju.<\/p>\n<p>Ne glede na to, ali po\u010divate, dojite ali ste na poti, brez\u0161ivna zasnova brez \u017eic zagotavlja ne\u017eno oporo brez neprijetnega zategovanja ali dra\u017eenja ko\u017ee. Prakti\u010dna sponka za dojenje omogo\u010da hiter in enostaven dostop do dojk z eno roko, zaradi \u010desar je idealna za dojenje podnevi in \u200b\u200bpono\u010di. <\/p>\n<p>Udobje brez kompromisov, \u0161ivov in \u017eic!<\/p>\n<p>Ta modr\u010dek ponuja brezhibno udobje z \u017ei\u010dno opornico, odpravlja dra\u017eenje ko\u017ee in zagotavlja naravno in prilagodljivo prileganje. \u0160irok elasti\u010dni trak pod prsmi deluje kot opora namesto tradicionalnih \u017ei\u010dnih opornic, kar zagotavlja ne\u017een dvig in optimalno oporo za va\u0161e prsi, ne da bi pri tem ogrozilo udobje. Modr\u010dek ima tudi dodaten podalj\u0161ek, ki omogo\u010da enostavno prilagajanje velikosti, kar zagotavlja popolno in udobno prileganje, ko se va\u0161e telo spreminja med nose\u010dnostjo in dojenjem.  <\/p>\n<p>Podrobnosti produkta:<\/p>\n<ul>\n<li>Paket vsebuje: 2 modr\u010dka, enega v barvi ko\u017ee in enega v \u010drni barvi<\/li>\n<li>Material: 93 % poliamid, 7 % elastan<\/li>\n<li>Stopnja opore: lahka opora s \u0161irokim elasti\u010dnim trakom pod prsmi za naraven dvig in oporo prsi<\/li>\n<li>Oblika: brez \u0161ivov in \u017eic za maksimalno udobje<\/li>\n<li>Funkcionalnost: sponka za dojenje za hiter in enostaven dostop do dojenja z enostavnim in hitrim odpenjanjem z eno samo roko<\/li>\n<li>Dodatno vklju\u010deno: podalj\u0161ek za modr\u010dek za bolj\u0161e prilagajanje spreminjajo\u010demu se telesu<\/li>\n<\/ul>\n<p>Zakaj izbrati nose\u010dni\u0161ki in dojilni modr\u010dek Carriwell Original?<\/p>\n<ul>\n<li>Popolno prileganje: Popolnoma se prilega in podpira prsi, od prvih ob\u010dutljivih znakov nose\u010dnosti do \u010dudovitega obdobja dojenja, ter ne\u017eno sledi spremembam v telesu.<\/li>\n<li>Prakti\u010dni dvojni paket (be\u017e in \u010drn modr\u010dek) vam omogo\u010da, da imate vedno popolno izbiro za vsako obleko.<\/li>\n<li>Priporo\u010dajo ga svetovalci za dojenje, kar potrjuje njegovo vrhunsko udobje in funkcionalnost.<\/li>\n<li>Brez\u0161iven in zra\u010den, ta modr\u010dek je tako udoben, da ga boste z veseljem nosili podnevi in \u200b\u200bpono\u010di, brez strahu pred neprijetnim dra\u017eenjem.<\/li>\n<\/ul>\n<p>Kako uporabljati modr\u010dek Carriwell Original za nose\u010dnice in doje\u010de matere?<\/p>\n<p>Nosite ga lahko ves \u010das: od prvih dni nose\u010dnosti, med dojenjem in pozneje! Modr\u010dek preprosto prilagodite s prilo\u017eenim podalj\u0161kom, \u010de se spremeni velikost prsi ali obseg telesa. Med dojenjem modr\u010dek preprosto odpnite z eno roko in u\u017eivajte v ne\u017enih trenutkih dojenja.  <\/p>\n<p>Z modr\u010dkom za nose\u010dnice in dojenje Carriwell Original v dvojnem pakiranju dobite udobje in oporo, ki jo potrebujete, v dveh klasi\u010dnih barvah. Ne glede na to, ali ste nose\u010di ali \u017ee dojite, se ta modr\u010dek fantasti\u010dno prilega in nudi oporo to\u010dno tam, kjer jo najbolj potrebujete! <\/p>\n<p><!-- notionvc: d062ef21-802a-423d-b8a3-173b549dea6f --><\/p>\n","protected":false},"excerpt":{"rendered":"<ul>\n<li>Brez\u0161ivna zasnova: maksimalno udobje brez dra\u017eenja ko\u017ee<\/li>\n<li>Nastavljivo: enostavno prilagajanje velikosti z dodatnim podalj\u0161kom za modr\u010dek, ki je prilo\u017een v paketu<\/li>\n<li>Brez\u017ei\u010dna podpora: ne\u017ena, a varna podpora<\/li>\n<li>Enostavno dojenje: enostavno odpenjanje z eno roko<\/li>\n<li>Raztegljiv material: prilagaja se spremembam telesa<\/li>\n<li>Standard OEKO-TEX 100<\/li>\n<\/ul>\n","protected":false},"featured_media":299954,"comment_status":"closed","ping_status":"closed","template":"","meta":{"_acf_changed":false,"footnotes":""},"product_brand":[],"product_cat":[1140,1340,1413,1401],"product_tag":[2146],"class_list":{"0":"post-254670","1":"product","2":"type-product","3":"status-publish","4":"has-post-thumbnail","6":"product_cat-dojenje-sl","7":"product_cat-nedrcki-za-dojenje","8":"product_cat-nosecniski-nedrcki","9":"product_cat-za-mamo","10":"product_tag-novopecena-mama","11":"pa_brand-carriwell-sl","13":"first","14":"instock","15":"shipping-taxable","16":"purchasable","17":"product-type-variable"},"bundled_by":[],"bundle_stock_status":"instock","bundle_stock_quantity":null,"bundle_virtual":false,"bundle_layout":"","bundle_add_to_cart_form_location":"","bundle_editable_in_cart":false,"bundle_sold_individually_context":"","bundle_item_grouping":"","bundle_min_size":"","bundle_max_size":"","bundle_price":[],"bundled_items":[],"bundle_sell_ids":[],"acf":[],"yoast_head":"<!-- This site is optimized with the Yoast SEO Premium plugin v21.5 (Yoast SEO v27.4) - https:\/\/yoast.com\/product\/yoast-seo-premium-wordpress\/ -->\n<title>Carriwell Original modr\u010dki za nose\u010dnice in doje\u010de matere, 2 kosa, \u010drni in ko\u017ene barve - NajNaj.eu<\/title>\n<meta name=\"robots\" content=\"index, follow, max-snippet:-1, max-image-preview:large, max-video-preview:-1\" \/>\n<link rel=\"canonical\" href=\"https:\/\/najnaj.eu\/sl\/izdelek\/carriwell-original-modrcki-za-nosecnice-in-dojece-matere-2-kosa-crni-in-kozne-barve\/\" \/>\n<meta property=\"og:locale\" content=\"sl_SI\" \/>\n<meta property=\"og:type\" content=\"article\" \/>\n<meta property=\"og:title\" content=\"Carriwell Original modr\u010dki za nose\u010dnice in doje\u010de matere, 2 kosa, \u010drni in ko\u017ene barve\" \/>\n<meta property=\"og:description\" content=\"Brez\u0161ivna zasnova: maksimalno udobje brez dra\u017eenja ko\u017ee  Nastavljivo: enostavno prilagajanje velikosti z dodatnim podalj\u0161kom za modr\u010dek, ki je prilo\u017een v paketu  Brez\u017ei\u010dna podpora: ne\u017ena, a varna podpora  Enostavno dojenje: enostavno odpenjanje z eno roko  Raztegljiv material: prilagaja se spremembam telesa  Standard OEKO-TEX 100\" \/>\n<meta property=\"og:url\" content=\"https:\/\/najnaj.eu\/sl\/izdelek\/carriwell-original-modrcki-za-nosecnice-in-dojece-matere-2-kosa-crni-in-kozne-barve\/\" \/>\n<meta property=\"og:site_name\" content=\"NajNaj.eu\" \/>\n<meta property=\"article:publisher\" content=\"https:\/\/web.facebook.com\/najnaj.eu\/\" \/>\n<meta property=\"article:modified_time\" content=\"2026-04-16T09:54:49+00:00\" \/>\n<meta property=\"og:image\" content=\"https:\/\/najnaj.eu\/wp-content\/uploads\/2025\/06\/DUO-PACK.jpg\" \/>\n\t<meta property=\"og:image:width\" content=\"1500\" \/>\n\t<meta property=\"og:image:height\" content=\"1500\" \/>\n\t<meta property=\"og:image:type\" content=\"image\/jpeg\" \/>\n<meta name=\"twitter:card\" content=\"summary_large_image\" \/>\n<meta name=\"twitter:label1\" content=\"Availability\" \/>\n\t<meta name=\"twitter:data1\" content=\"In stock\" \/>\n<script type=\"application\/ld+json\" class=\"yoast-schema-graph\">{\"@context\":\"https:\\\/\\\/schema.org\",\"@graph\":[{\"@type\":\"WebPage\",\"@id\":\"https:\\\/\\\/najnaj.eu\\\/sl\\\/izdelek\\\/carriwell-original-modrcki-za-nosecnice-in-dojece-matere-2-kosa-crni-in-kozne-barve\\\/\",\"url\":\"https:\\\/\\\/najnaj.eu\\\/sl\\\/izdelek\\\/carriwell-original-modrcki-za-nosecnice-in-dojece-matere-2-kosa-crni-in-kozne-barve\\\/\",\"name\":\"Carriwell Original modr\u010dki za nose\u010dnice in doje\u010de matere, 2 kosa, \u010drni in ko\u017ene barve - NajNaj.eu\",\"isPartOf\":{\"@id\":\"https:\\\/\\\/najnaj.eu\\\/sl\\\/#website\"},\"primaryImageOfPage\":{\"@id\":\"https:\\\/\\\/najnaj.eu\\\/sl\\\/izdelek\\\/carriwell-original-modrcki-za-nosecnice-in-dojece-matere-2-kosa-crni-in-kozne-barve\\\/#primaryimage\"},\"image\":{\"@id\":\"https:\\\/\\\/najnaj.eu\\\/sl\\\/izdelek\\\/carriwell-original-modrcki-za-nosecnice-in-dojece-matere-2-kosa-crni-in-kozne-barve\\\/#primaryimage\"},\"thumbnailUrl\":\"https:\\\/\\\/najnaj.eu\\\/wp-content\\\/uploads\\\/2025\\\/06\\\/DUO-PACK-4.png\",\"datePublished\":\"2025-06-11T08:16:26+00:00\",\"dateModified\":\"2026-04-16T09:54:49+00:00\",\"breadcrumb\":{\"@id\":\"https:\\\/\\\/najnaj.eu\\\/sl\\\/izdelek\\\/carriwell-original-modrcki-za-nosecnice-in-dojece-matere-2-kosa-crni-in-kozne-barve\\\/#breadcrumb\"},\"inLanguage\":\"sl-SI\",\"potentialAction\":[{\"@type\":\"ReadAction\",\"target\":[\"https:\\\/\\\/najnaj.eu\\\/sl\\\/izdelek\\\/carriwell-original-modrcki-za-nosecnice-in-dojece-matere-2-kosa-crni-in-kozne-barve\\\/\"]}]},{\"@type\":\"ImageObject\",\"inLanguage\":\"sl-SI\",\"@id\":\"https:\\\/\\\/najnaj.eu\\\/sl\\\/izdelek\\\/carriwell-original-modrcki-za-nosecnice-in-dojece-matere-2-kosa-crni-in-kozne-barve\\\/#primaryimage\",\"url\":\"https:\\\/\\\/najnaj.eu\\\/wp-content\\\/uploads\\\/2025\\\/06\\\/DUO-PACK-4.png\",\"contentUrl\":\"https:\\\/\\\/najnaj.eu\\\/wp-content\\\/uploads\\\/2025\\\/06\\\/DUO-PACK-4.png\",\"width\":1200,\"height\":1200},{\"@type\":\"BreadcrumbList\",\"@id\":\"https:\\\/\\\/najnaj.eu\\\/sl\\\/izdelek\\\/carriwell-original-modrcki-za-nosecnice-in-dojece-matere-2-kosa-crni-in-kozne-barve\\\/#breadcrumb\",\"itemListElement\":[{\"@type\":\"ListItem\",\"position\":1,\"name\":\"Po\u010detna stranica\",\"item\":\"https:\\\/\\\/najnaj.eu\\\/sl\\\/prednja-stran\\\/\"},{\"@type\":\"ListItem\",\"position\":2,\"name\":\"Shop\",\"item\":\"https:\\\/\\\/najnaj.eu\\\/sl\\\/shop\\\/\"},{\"@type\":\"ListItem\",\"position\":3,\"name\":\"Carriwell Original modr\u010dki za nose\u010dnice in doje\u010de matere, 2 kosa, \u010drni in ko\u017ene barve\"}]},{\"@type\":\"WebSite\",\"@id\":\"https:\\\/\\\/najnaj.eu\\\/sl\\\/#website\",\"url\":\"https:\\\/\\\/najnaj.eu\\\/sl\\\/\",\"name\":\"NajNaj.eu\",\"description\":\"Za najva\u017enije!\",\"publisher\":{\"@id\":\"https:\\\/\\\/najnaj.eu\\\/sl\\\/#organization\"},\"potentialAction\":[{\"@type\":\"SearchAction\",\"target\":{\"@type\":\"EntryPoint\",\"urlTemplate\":\"https:\\\/\\\/najnaj.eu\\\/sl\\\/?s={search_term_string}\"},\"query-input\":{\"@type\":\"PropertyValueSpecification\",\"valueRequired\":true,\"valueName\":\"search_term_string\"}}],\"inLanguage\":\"sl-SI\"},{\"@type\":\"Organization\",\"@id\":\"https:\\\/\\\/najnaj.eu\\\/sl\\\/#organization\",\"name\":\"NajNaj.eu\",\"url\":\"https:\\\/\\\/najnaj.eu\\\/sl\\\/\",\"logo\":{\"@type\":\"ImageObject\",\"inLanguage\":\"sl-SI\",\"@id\":\"https:\\\/\\\/najnaj.eu\\\/sl\\\/#\\\/schema\\\/logo\\\/image\\\/\",\"url\":\"https:\\\/\\\/najnaj.eu\\\/wp-content\\\/uploads\\\/2023\\\/09\\\/logo_Najnaj_2023.svg\",\"contentUrl\":\"https:\\\/\\\/najnaj.eu\\\/wp-content\\\/uploads\\\/2023\\\/09\\\/logo_Najnaj_2023.svg\",\"width\":501,\"height\":278,\"caption\":\"NajNaj.eu\"},\"image\":{\"@id\":\"https:\\\/\\\/najnaj.eu\\\/sl\\\/#\\\/schema\\\/logo\\\/image\\\/\"},\"sameAs\":[\"https:\\\/\\\/web.facebook.com\\\/najnaj.eu\\\/\",\"https:\\\/\\\/www.instagram.com\\\/najnaj.eu\\\/\",\"https:\\\/\\\/www.tiktok.com\\\/@najnaj.eu\"]}]}<\/script>\n<meta property=\"product:brand\" content=\"Carriwell\" \/>\n<meta property=\"og:availability\" content=\"instock\" \/>\n<meta property=\"product:availability\" content=\"instock\" \/>\n<meta property=\"product:retailer_item_id\" content=\"CW308511N\" \/>\n<meta property=\"product:condition\" content=\"new\" \/>\n<!-- \/ Yoast SEO Premium plugin. -->","yoast_head_json":{"title":"Carriwell Original modr\u010dki za nose\u010dnice in doje\u010de matere, 2 kosa, \u010drni in ko\u017ene barve - NajNaj.eu","robots":{"index":"index","follow":"follow","max-snippet":"max-snippet:-1","max-image-preview":"max-image-preview:large","max-video-preview":"max-video-preview:-1"},"canonical":"https:\/\/najnaj.eu\/sl\/izdelek\/carriwell-original-modrcki-za-nosecnice-in-dojece-matere-2-kosa-crni-in-kozne-barve\/","og_locale":"sl_SI","og_type":"article","og_title":"Carriwell Original modr\u010dki za nose\u010dnice in doje\u010de matere, 2 kosa, \u010drni in ko\u017ene barve","og_description":"Brez\u0161ivna zasnova: maksimalno udobje brez dra\u017eenja ko\u017ee  Nastavljivo: enostavno prilagajanje velikosti z dodatnim podalj\u0161kom za modr\u010dek, ki je prilo\u017een v paketu  Brez\u017ei\u010dna podpora: ne\u017ena, a varna podpora  Enostavno dojenje: enostavno odpenjanje z eno roko  Raztegljiv material: prilagaja se spremembam telesa  Standard OEKO-TEX 100","og_url":"https:\/\/najnaj.eu\/sl\/izdelek\/carriwell-original-modrcki-za-nosecnice-in-dojece-matere-2-kosa-crni-in-kozne-barve\/","og_site_name":"NajNaj.eu","article_publisher":"https:\/\/web.facebook.com\/najnaj.eu\/","article_modified_time":"2026-04-16T09:54:49+00:00","og_image":[{"width":1500,"height":1500,"url":"https:\/\/najnaj.eu\/wp-content\/uploads\/2025\/06\/DUO-PACK.jpg","type":"image\/jpeg"}],"twitter_card":"summary_large_image","twitter_misc":{"Availability":"In stock"},"schema":{"@context":"https:\/\/schema.org","@graph":[{"@type":"WebPage","@id":"https:\/\/najnaj.eu\/sl\/izdelek\/carriwell-original-modrcki-za-nosecnice-in-dojece-matere-2-kosa-crni-in-kozne-barve\/","url":"https:\/\/najnaj.eu\/sl\/izdelek\/carriwell-original-modrcki-za-nosecnice-in-dojece-matere-2-kosa-crni-in-kozne-barve\/","name":"Carriwell Original modr\u010dki za nose\u010dnice in doje\u010de matere, 2 kosa, \u010drni in ko\u017ene barve - NajNaj.eu","isPartOf":{"@id":"https:\/\/najnaj.eu\/sl\/#website"},"primaryImageOfPage":{"@id":"https:\/\/najnaj.eu\/sl\/izdelek\/carriwell-original-modrcki-za-nosecnice-in-dojece-matere-2-kosa-crni-in-kozne-barve\/#primaryimage"},"image":{"@id":"https:\/\/najnaj.eu\/sl\/izdelek\/carriwell-original-modrcki-za-nosecnice-in-dojece-matere-2-kosa-crni-in-kozne-barve\/#primaryimage"},"thumbnailUrl":"https:\/\/najnaj.eu\/wp-content\/uploads\/2025\/06\/DUO-PACK-4.png","datePublished":"2025-06-11T08:16:26+00:00","dateModified":"2026-04-16T09:54:49+00:00","breadcrumb":{"@id":"https:\/\/najnaj.eu\/sl\/izdelek\/carriwell-original-modrcki-za-nosecnice-in-dojece-matere-2-kosa-crni-in-kozne-barve\/#breadcrumb"},"inLanguage":"sl-SI","potentialAction":[{"@type":"ReadAction","target":["https:\/\/najnaj.eu\/sl\/izdelek\/carriwell-original-modrcki-za-nosecnice-in-dojece-matere-2-kosa-crni-in-kozne-barve\/"]}]},{"@type":"ImageObject","inLanguage":"sl-SI","@id":"https:\/\/najnaj.eu\/sl\/izdelek\/carriwell-original-modrcki-za-nosecnice-in-dojece-matere-2-kosa-crni-in-kozne-barve\/#primaryimage","url":"https:\/\/najnaj.eu\/wp-content\/uploads\/2025\/06\/DUO-PACK-4.png","contentUrl":"https:\/\/najnaj.eu\/wp-content\/uploads\/2025\/06\/DUO-PACK-4.png","width":1200,"height":1200},{"@type":"BreadcrumbList","@id":"https:\/\/najnaj.eu\/sl\/izdelek\/carriwell-original-modrcki-za-nosecnice-in-dojece-matere-2-kosa-crni-in-kozne-barve\/#breadcrumb","itemListElement":[{"@type":"ListItem","position":1,"name":"Po\u010detna stranica","item":"https:\/\/najnaj.eu\/sl\/prednja-stran\/"},{"@type":"ListItem","position":2,"name":"Shop","item":"https:\/\/najnaj.eu\/sl\/shop\/"},{"@type":"ListItem","position":3,"name":"Carriwell Original modr\u010dki za nose\u010dnice in doje\u010de matere, 2 kosa, \u010drni in ko\u017ene barve"}]},{"@type":"WebSite","@id":"https:\/\/najnaj.eu\/sl\/#website","url":"https:\/\/najnaj.eu\/sl\/","name":"NajNaj.eu","description":"Za najva\u017enije!","publisher":{"@id":"https:\/\/najnaj.eu\/sl\/#organization"},"potentialAction":[{"@type":"SearchAction","target":{"@type":"EntryPoint","urlTemplate":"https:\/\/najnaj.eu\/sl\/?s={search_term_string}"},"query-input":{"@type":"PropertyValueSpecification","valueRequired":true,"valueName":"search_term_string"}}],"inLanguage":"sl-SI"},{"@type":"Organization","@id":"https:\/\/najnaj.eu\/sl\/#organization","name":"NajNaj.eu","url":"https:\/\/najnaj.eu\/sl\/","logo":{"@type":"ImageObject","inLanguage":"sl-SI","@id":"https:\/\/najnaj.eu\/sl\/#\/schema\/logo\/image\/","url":"https:\/\/najnaj.eu\/wp-content\/uploads\/2023\/09\/logo_Najnaj_2023.svg","contentUrl":"https:\/\/najnaj.eu\/wp-content\/uploads\/2023\/09\/logo_Najnaj_2023.svg","width":501,"height":278,"caption":"NajNaj.eu"},"image":{"@id":"https:\/\/najnaj.eu\/sl\/#\/schema\/logo\/image\/"},"sameAs":["https:\/\/web.facebook.com\/najnaj.eu\/","https:\/\/www.instagram.com\/najnaj.eu\/","https:\/\/www.tiktok.com\/@najnaj.eu"]}]},"product_brand":"Carriwell","og_availability":"instock","product_availability":"instock","product_retailer_item_id":"CW308511N","product_condition":"new"},"_links":{"self":[{"href":"https:\/\/najnaj.eu\/sl\/wp-json\/wp\/v2\/product\/254670","targetHints":{"allow":["GET"]}}],"collection":[{"href":"https:\/\/najnaj.eu\/sl\/wp-json\/wp\/v2\/product"}],"about":[{"href":"https:\/\/najnaj.eu\/sl\/wp-json\/wp\/v2\/types\/product"}],"replies":[{"embeddable":true,"href":"https:\/\/najnaj.eu\/sl\/wp-json\/wp\/v2\/comments?post=254670"}],"version-history":[{"count":0,"href":"https:\/\/najnaj.eu\/sl\/wp-json\/wp\/v2\/product\/254670\/revisions"}],"wp:featuredmedia":[{"embeddable":true,"href":"https:\/\/najnaj.eu\/sl\/wp-json\/wp\/v2\/media\/299954"}],"wp:attachment":[{"href":"https:\/\/najnaj.eu\/sl\/wp-json\/wp\/v2\/media?parent=254670"}],"wp:term":[{"taxonomy":"product_brand","embeddable":true,"href":"https:\/\/najnaj.eu\/sl\/wp-json\/wp\/v2\/product_brand?post=254670"},{"taxonomy":"product_cat","embeddable":true,"href":"https:\/\/najnaj.eu\/sl\/wp-json\/wp\/v2\/product_cat?post=254670"},{"taxonomy":"product_tag","embeddable":true,"href":"https:\/\/najnaj.eu\/sl\/wp-json\/wp\/v2\/product_tag?post=254670"}],"curies":[{"name":"wp","href":"https:\/\/api.w.org\/{rel}","templated":true}]}}