{"id":252826,"date":"2024-05-17T15:09:54","date_gmt":"2024-05-17T13:09:54","guid":{"rendered":"https:\/\/najnaj.eu\/proizvod\/b-box-termo-steklenica-z-zapiranjem-na-odpiranje-1-l-ob-bazenu\/"},"modified":"2024-05-17T15:09:54","modified_gmt":"2024-05-17T13:09:54","slug":"b-box-termo-steklenica-z-zapiranjem-na-odpiranje-1-l-ob-bazenu","status":"publish","type":"product","link":"https:\/\/najnaj.eu\/sl\/izdelek\/b-box-termo-steklenica-z-zapiranjem-na-odpiranje-1-l-ob-bazenu\/","title":{"rendered":"b.box Termo steklenica, z zapiranjem na odpiranje, 1 l &#8211; ob bazenu"},"content":{"rendered":"<p>Zasnovan za moje vsakdanje \u017eivljenje, zasnovan zame.<\/p>\n<p>Pripravite se na ve\u010djo in bolj\u0161o hidracijo skozi celo dan! 1-litrska izolirana steklenica za pitje s pokrov\u010dkom na preklop je va\u0161a vsakodnevna nepogre\u0161ljiva oprema, ko ste zunaj. <\/p>\n<p>Troslojna izolacija ohranja teko\u010dine hladne do 46 ur, tako da lahko ostanete hidrirani ne glede na to, kaj vam prinese dan! Ima pokrov\u010dek in slamico iz nerjave\u010dega jekla za enostavno obra\u010danje in pitje brez te\u017eav. <\/p>\n<p>Prilagodljiv in trpe\u017een ro\u010daj za no\u0161enje omogo\u010da enostavno hidracijo na poti. Velika odprtina za enostavno polnjenje (in ponovno polnjenje) s teko\u010dinami in ledenimi kockami. Prostornina 1L. Enostavna zasnova za \u010di\u0161\u010denje, primerno za pomivanje v pomivalnem stroju, samo zgornja re\u0161etka.    Brez BPA, ftalatov in PVC-ja.<\/p>\n","protected":false},"excerpt":{"rendered":"<ul>\n<li>Troslojna izolacija &#8211; ohranja teko\u010dine hladne do 46 ur!<\/li>\n<li>Pokrov\u010dek za prosto pitje s slamico iz nerjave\u010dega jekla v notranjosti<\/li>\n<li>Neprepustno, ko je pokrov zaprt<\/li>\n<li>Enostavna za \u010di\u0161\u010denje zasnova<\/li>\n<li>Primerno za pomivanje v pomivalnem stroju, samo zgornja re\u0161etka<\/li>\n<li>Trpe\u017een, prilagodljiv ro\u010daj za prena\u0161anje na poti<\/li>\n<li>Iz nerjave\u010dega jekla, PP in silikona<\/li>\n<li>Brez BPA, PVC in ftalatov<\/li>\n<li>Te\u017ea: 0,47 kg<\/li>\n<li>Prostornina: 1 l<\/li>\n<\/ul>\n","protected":false},"featured_media":247986,"comment_status":"open","ping_status":"closed","template":"","meta":{"_acf_changed":false,"footnotes":""},"product_brand":[],"product_cat":[2228,1167,1275,1312],"product_tag":[2142,2281],"class_list":{"0":"post-252826","1":"product","2":"type-product","3":"status-publish","4":"has-post-thumbnail","6":"product_cat-darila","7":"product_cat-hranjenje-sl","8":"product_cat-posoda","9":"product_cat-steklenice-za-vodo","10":"product_tag-personalizirani-izdelki","11":"product_tag-poletje","12":"pa_boja-plava-sl","13":"pa_brand-b-box-sl","14":"pa_vrsta-posuda-steklenice-za-vodo","15":"pa_vrsta-posuda-termo-bucke","17":"first","18":"instock","19":"shipping-taxable","20":"purchasable","21":"product-type-simple"},"bundled_by":[],"bundle_stock_status":"instock","bundle_stock_quantity":1,"bundle_virtual":false,"bundle_layout":"","bundle_add_to_cart_form_location":"","bundle_editable_in_cart":false,"bundle_sold_individually_context":"","bundle_item_grouping":"","bundle_min_size":"","bundle_max_size":"","bundle_price":[],"bundled_items":[],"bundle_sell_ids":[],"acf":[],"yoast_head":"<!-- This site is optimized with the Yoast SEO Premium plugin v21.5 (Yoast SEO v27.3) - https:\/\/yoast.com\/product\/yoast-seo-premium-wordpress\/ -->\n<title>b.box Termo steklenica, z zapiranjem na odpiranje, 1 l - ob bazenu - NajNaj.eu<\/title>\n<meta name=\"robots\" content=\"index, follow, max-snippet:-1, max-image-preview:large, max-video-preview:-1\" \/>\n<link rel=\"canonical\" href=\"https:\/\/najnaj.eu\/sl\/izdelek\/b-box-termo-steklenica-z-zapiranjem-na-odpiranje-1-l-ob-bazenu\/\" \/>\n<meta property=\"og:locale\" content=\"sl_SI\" \/>\n<meta property=\"og:type\" content=\"article\" \/>\n<meta property=\"og:title\" content=\"b.box Termo steklenica, z zapiranjem na odpiranje, 1 l - ob bazenu\" \/>\n<meta property=\"og:description\" content=\"Troslojna izolacija - ohranja teko\u010dine hladne do 46 ur!  Pokrov\u010dek za prosto pitje s slamico iz nerjave\u010dega jekla v notranjosti  Neprepustno, ko je pokrov zaprt  Enostavna za \u010di\u0161\u010denje zasnova  Primerno za pomivanje v pomivalnem stroju, samo zgornja re\u0161etka  Trpe\u017een, prilagodljiv ro\u010daj za prena\u0161anje na poti  Iz nerjave\u010dega jekla, PP in silikona  Brez BPA, PVC in ftalatov  Te\u017ea: 0,47 kg  Prostornina: 1 l\" \/>\n<meta property=\"og:url\" content=\"https:\/\/najnaj.eu\/sl\/izdelek\/b-box-termo-steklenica-z-zapiranjem-na-odpiranje-1-l-ob-bazenu\/\" \/>\n<meta property=\"og:site_name\" content=\"NajNaj.eu\" \/>\n<meta property=\"article:publisher\" content=\"https:\/\/web.facebook.com\/najnaj.eu\/\" \/>\n<meta property=\"og:image\" content=\"https:\/\/najnaj.eu\/wp-content\/uploads\/2024\/05\/BX501501.jpg\" \/>\n\t<meta property=\"og:image:width\" content=\"2000\" \/>\n\t<meta property=\"og:image:height\" content=\"2000\" \/>\n\t<meta property=\"og:image:type\" content=\"image\/jpeg\" \/>\n<meta name=\"twitter:card\" content=\"summary_large_image\" \/>\n<meta name=\"twitter:label1\" content=\"Price\" \/>\n\t<meta name=\"twitter:data1\" content=\"38,99&nbsp;&euro;\" \/>\n\t<meta name=\"twitter:label2\" content=\"Availability\" \/>\n\t<meta name=\"twitter:data2\" content=\"In stock\" \/>\n<script type=\"application\/ld+json\" class=\"yoast-schema-graph\">{\"@context\":\"https:\\\/\\\/schema.org\",\"@graph\":[{\"@type\":\"WebPage\",\"@id\":\"https:\\\/\\\/najnaj.eu\\\/sl\\\/izdelek\\\/b-box-termo-steklenica-z-zapiranjem-na-odpiranje-1-l-ob-bazenu\\\/\",\"url\":\"https:\\\/\\\/najnaj.eu\\\/sl\\\/izdelek\\\/b-box-termo-steklenica-z-zapiranjem-na-odpiranje-1-l-ob-bazenu\\\/\",\"name\":\"b.box Termo steklenica, z zapiranjem na odpiranje, 1 l - ob bazenu - NajNaj.eu\",\"isPartOf\":{\"@id\":\"https:\\\/\\\/najnaj.eu\\\/sl\\\/#website\"},\"primaryImageOfPage\":{\"@id\":\"https:\\\/\\\/najnaj.eu\\\/sl\\\/izdelek\\\/b-box-termo-steklenica-z-zapiranjem-na-odpiranje-1-l-ob-bazenu\\\/#primaryimage\"},\"image\":{\"@id\":\"https:\\\/\\\/najnaj.eu\\\/sl\\\/izdelek\\\/b-box-termo-steklenica-z-zapiranjem-na-odpiranje-1-l-ob-bazenu\\\/#primaryimage\"},\"thumbnailUrl\":\"https:\\\/\\\/najnaj.eu\\\/wp-content\\\/uploads\\\/2024\\\/05\\\/BX501501.jpg\",\"datePublished\":\"2024-05-17T13:09:54+00:00\",\"breadcrumb\":{\"@id\":\"https:\\\/\\\/najnaj.eu\\\/sl\\\/izdelek\\\/b-box-termo-steklenica-z-zapiranjem-na-odpiranje-1-l-ob-bazenu\\\/#breadcrumb\"},\"inLanguage\":\"sl-SI\",\"potentialAction\":[{\"@type\":\"ReadAction\",\"target\":[\"https:\\\/\\\/najnaj.eu\\\/sl\\\/izdelek\\\/b-box-termo-steklenica-z-zapiranjem-na-odpiranje-1-l-ob-bazenu\\\/\"]}]},{\"@type\":\"ImageObject\",\"inLanguage\":\"sl-SI\",\"@id\":\"https:\\\/\\\/najnaj.eu\\\/sl\\\/izdelek\\\/b-box-termo-steklenica-z-zapiranjem-na-odpiranje-1-l-ob-bazenu\\\/#primaryimage\",\"url\":\"https:\\\/\\\/najnaj.eu\\\/wp-content\\\/uploads\\\/2024\\\/05\\\/BX501501.jpg\",\"contentUrl\":\"https:\\\/\\\/najnaj.eu\\\/wp-content\\\/uploads\\\/2024\\\/05\\\/BX501501.jpg\",\"width\":2000,\"height\":2000},{\"@type\":\"BreadcrumbList\",\"@id\":\"https:\\\/\\\/najnaj.eu\\\/sl\\\/izdelek\\\/b-box-termo-steklenica-z-zapiranjem-na-odpiranje-1-l-ob-bazenu\\\/#breadcrumb\",\"itemListElement\":[{\"@type\":\"ListItem\",\"position\":1,\"name\":\"Po\u010detna stranica\",\"item\":\"https:\\\/\\\/najnaj.eu\\\/sl\\\/prednja-stran\\\/\"},{\"@type\":\"ListItem\",\"position\":2,\"name\":\"Shop\",\"item\":\"https:\\\/\\\/najnaj.eu\\\/sl\\\/shop\\\/\"},{\"@type\":\"ListItem\",\"position\":3,\"name\":\"b.box Termo steklenica, z zapiranjem na odpiranje, 1 l &#8211; ob bazenu\"}]},{\"@type\":\"WebSite\",\"@id\":\"https:\\\/\\\/najnaj.eu\\\/sl\\\/#website\",\"url\":\"https:\\\/\\\/najnaj.eu\\\/sl\\\/\",\"name\":\"NajNaj.eu\",\"description\":\"Za najva\u017enije!\",\"publisher\":{\"@id\":\"https:\\\/\\\/najnaj.eu\\\/sl\\\/#organization\"},\"potentialAction\":[{\"@type\":\"SearchAction\",\"target\":{\"@type\":\"EntryPoint\",\"urlTemplate\":\"https:\\\/\\\/najnaj.eu\\\/sl\\\/?s={search_term_string}\"},\"query-input\":{\"@type\":\"PropertyValueSpecification\",\"valueRequired\":true,\"valueName\":\"search_term_string\"}}],\"inLanguage\":\"sl-SI\"},{\"@type\":\"Organization\",\"@id\":\"https:\\\/\\\/najnaj.eu\\\/sl\\\/#organization\",\"name\":\"NajNaj.eu\",\"url\":\"https:\\\/\\\/najnaj.eu\\\/sl\\\/\",\"logo\":{\"@type\":\"ImageObject\",\"inLanguage\":\"sl-SI\",\"@id\":\"https:\\\/\\\/najnaj.eu\\\/sl\\\/#\\\/schema\\\/logo\\\/image\\\/\",\"url\":\"https:\\\/\\\/najnaj.eu\\\/wp-content\\\/uploads\\\/2023\\\/09\\\/logo_Najnaj_2023.svg\",\"contentUrl\":\"https:\\\/\\\/najnaj.eu\\\/wp-content\\\/uploads\\\/2023\\\/09\\\/logo_Najnaj_2023.svg\",\"width\":501,\"height\":278,\"caption\":\"NajNaj.eu\"},\"image\":{\"@id\":\"https:\\\/\\\/najnaj.eu\\\/sl\\\/#\\\/schema\\\/logo\\\/image\\\/\"},\"sameAs\":[\"https:\\\/\\\/web.facebook.com\\\/najnaj.eu\\\/\",\"https:\\\/\\\/www.instagram.com\\\/najnaj.eu\\\/\",\"https:\\\/\\\/www.tiktok.com\\\/@najnaj.eu\"]}]}<\/script>\n<meta property=\"product:brand\" content=\"b.box\" \/>\n<meta property=\"product:price:amount\" content=\"38.99\" \/>\n<meta property=\"product:price:currency\" content=\"EUR\" \/>\n<meta property=\"og:availability\" content=\"instock\" \/>\n<meta property=\"product:availability\" content=\"instock\" \/>\n<meta property=\"product:retailer_item_id\" content=\"BX501501\" \/>\n<meta property=\"product:condition\" content=\"new\" \/>\n<!-- \/ Yoast SEO Premium plugin. -->","yoast_head_json":{"title":"b.box Termo steklenica, z zapiranjem na odpiranje, 1 l - ob bazenu - NajNaj.eu","robots":{"index":"index","follow":"follow","max-snippet":"max-snippet:-1","max-image-preview":"max-image-preview:large","max-video-preview":"max-video-preview:-1"},"canonical":"https:\/\/najnaj.eu\/sl\/izdelek\/b-box-termo-steklenica-z-zapiranjem-na-odpiranje-1-l-ob-bazenu\/","og_locale":"sl_SI","og_type":"article","og_title":"b.box Termo steklenica, z zapiranjem na odpiranje, 1 l - ob bazenu","og_description":"Troslojna izolacija - ohranja teko\u010dine hladne do 46 ur!  Pokrov\u010dek za prosto pitje s slamico iz nerjave\u010dega jekla v notranjosti  Neprepustno, ko je pokrov zaprt  Enostavna za \u010di\u0161\u010denje zasnova  Primerno za pomivanje v pomivalnem stroju, samo zgornja re\u0161etka  Trpe\u017een, prilagodljiv ro\u010daj za prena\u0161anje na poti  Iz nerjave\u010dega jekla, PP in silikona  Brez BPA, PVC in ftalatov  Te\u017ea: 0,47 kg  Prostornina: 1 l","og_url":"https:\/\/najnaj.eu\/sl\/izdelek\/b-box-termo-steklenica-z-zapiranjem-na-odpiranje-1-l-ob-bazenu\/","og_site_name":"NajNaj.eu","article_publisher":"https:\/\/web.facebook.com\/najnaj.eu\/","og_image":[{"width":2000,"height":2000,"url":"https:\/\/najnaj.eu\/wp-content\/uploads\/2024\/05\/BX501501.jpg","type":"image\/jpeg"}],"twitter_card":"summary_large_image","twitter_misc":{"Price":"38,99&nbsp;&euro;","Availability":"In stock"},"schema":{"@context":"https:\/\/schema.org","@graph":[{"@type":"WebPage","@id":"https:\/\/najnaj.eu\/sl\/izdelek\/b-box-termo-steklenica-z-zapiranjem-na-odpiranje-1-l-ob-bazenu\/","url":"https:\/\/najnaj.eu\/sl\/izdelek\/b-box-termo-steklenica-z-zapiranjem-na-odpiranje-1-l-ob-bazenu\/","name":"b.box Termo steklenica, z zapiranjem na odpiranje, 1 l - ob bazenu - NajNaj.eu","isPartOf":{"@id":"https:\/\/najnaj.eu\/sl\/#website"},"primaryImageOfPage":{"@id":"https:\/\/najnaj.eu\/sl\/izdelek\/b-box-termo-steklenica-z-zapiranjem-na-odpiranje-1-l-ob-bazenu\/#primaryimage"},"image":{"@id":"https:\/\/najnaj.eu\/sl\/izdelek\/b-box-termo-steklenica-z-zapiranjem-na-odpiranje-1-l-ob-bazenu\/#primaryimage"},"thumbnailUrl":"https:\/\/najnaj.eu\/wp-content\/uploads\/2024\/05\/BX501501.jpg","datePublished":"2024-05-17T13:09:54+00:00","breadcrumb":{"@id":"https:\/\/najnaj.eu\/sl\/izdelek\/b-box-termo-steklenica-z-zapiranjem-na-odpiranje-1-l-ob-bazenu\/#breadcrumb"},"inLanguage":"sl-SI","potentialAction":[{"@type":"ReadAction","target":["https:\/\/najnaj.eu\/sl\/izdelek\/b-box-termo-steklenica-z-zapiranjem-na-odpiranje-1-l-ob-bazenu\/"]}]},{"@type":"ImageObject","inLanguage":"sl-SI","@id":"https:\/\/najnaj.eu\/sl\/izdelek\/b-box-termo-steklenica-z-zapiranjem-na-odpiranje-1-l-ob-bazenu\/#primaryimage","url":"https:\/\/najnaj.eu\/wp-content\/uploads\/2024\/05\/BX501501.jpg","contentUrl":"https:\/\/najnaj.eu\/wp-content\/uploads\/2024\/05\/BX501501.jpg","width":2000,"height":2000},{"@type":"BreadcrumbList","@id":"https:\/\/najnaj.eu\/sl\/izdelek\/b-box-termo-steklenica-z-zapiranjem-na-odpiranje-1-l-ob-bazenu\/#breadcrumb","itemListElement":[{"@type":"ListItem","position":1,"name":"Po\u010detna stranica","item":"https:\/\/najnaj.eu\/sl\/prednja-stran\/"},{"@type":"ListItem","position":2,"name":"Shop","item":"https:\/\/najnaj.eu\/sl\/shop\/"},{"@type":"ListItem","position":3,"name":"b.box Termo steklenica, z zapiranjem na odpiranje, 1 l &#8211; ob bazenu"}]},{"@type":"WebSite","@id":"https:\/\/najnaj.eu\/sl\/#website","url":"https:\/\/najnaj.eu\/sl\/","name":"NajNaj.eu","description":"Za najva\u017enije!","publisher":{"@id":"https:\/\/najnaj.eu\/sl\/#organization"},"potentialAction":[{"@type":"SearchAction","target":{"@type":"EntryPoint","urlTemplate":"https:\/\/najnaj.eu\/sl\/?s={search_term_string}"},"query-input":{"@type":"PropertyValueSpecification","valueRequired":true,"valueName":"search_term_string"}}],"inLanguage":"sl-SI"},{"@type":"Organization","@id":"https:\/\/najnaj.eu\/sl\/#organization","name":"NajNaj.eu","url":"https:\/\/najnaj.eu\/sl\/","logo":{"@type":"ImageObject","inLanguage":"sl-SI","@id":"https:\/\/najnaj.eu\/sl\/#\/schema\/logo\/image\/","url":"https:\/\/najnaj.eu\/wp-content\/uploads\/2023\/09\/logo_Najnaj_2023.svg","contentUrl":"https:\/\/najnaj.eu\/wp-content\/uploads\/2023\/09\/logo_Najnaj_2023.svg","width":501,"height":278,"caption":"NajNaj.eu"},"image":{"@id":"https:\/\/najnaj.eu\/sl\/#\/schema\/logo\/image\/"},"sameAs":["https:\/\/web.facebook.com\/najnaj.eu\/","https:\/\/www.instagram.com\/najnaj.eu\/","https:\/\/www.tiktok.com\/@najnaj.eu"]}]},"product_brand":"b.box","product_price_amount":"38.99","product_price_currency":"EUR","og_availability":"instock","product_availability":"instock","product_retailer_item_id":"BX501501","product_condition":"new"},"_links":{"self":[{"href":"https:\/\/najnaj.eu\/sl\/wp-json\/wp\/v2\/product\/252826","targetHints":{"allow":["GET"]}}],"collection":[{"href":"https:\/\/najnaj.eu\/sl\/wp-json\/wp\/v2\/product"}],"about":[{"href":"https:\/\/najnaj.eu\/sl\/wp-json\/wp\/v2\/types\/product"}],"replies":[{"embeddable":true,"href":"https:\/\/najnaj.eu\/sl\/wp-json\/wp\/v2\/comments?post=252826"}],"version-history":[{"count":0,"href":"https:\/\/najnaj.eu\/sl\/wp-json\/wp\/v2\/product\/252826\/revisions"}],"wp:featuredmedia":[{"embeddable":true,"href":"https:\/\/najnaj.eu\/sl\/wp-json\/wp\/v2\/media\/247986"}],"wp:attachment":[{"href":"https:\/\/najnaj.eu\/sl\/wp-json\/wp\/v2\/media?parent=252826"}],"wp:term":[{"taxonomy":"product_brand","embeddable":true,"href":"https:\/\/najnaj.eu\/sl\/wp-json\/wp\/v2\/product_brand?post=252826"},{"taxonomy":"product_cat","embeddable":true,"href":"https:\/\/najnaj.eu\/sl\/wp-json\/wp\/v2\/product_cat?post=252826"},{"taxonomy":"product_tag","embeddable":true,"href":"https:\/\/najnaj.eu\/sl\/wp-json\/wp\/v2\/product_tag?post=252826"}],"curies":[{"name":"wp","href":"https:\/\/api.w.org\/{rel}","templated":true}]}}