{"id":251996,"date":"2025-05-05T15:03:45","date_gmt":"2025-05-05T13:03:45","guid":{"rendered":"https:\/\/najnaj.eu\/proizvod\/otroski-vozicek-3v1-icandy-peach-7-komplet-biscotti-avtosedez-besafe\/"},"modified":"2026-04-17T10:50:18","modified_gmt":"2026-04-17T08:50:18","slug":"otroski-vozicek-3v1-icandy-peach-7-komplet-biscotti-avtosedez-besafe","status":"publish","type":"product","link":"https:\/\/najnaj.eu\/sl\/izdelek\/otroski-vozicek-3v1-icandy-peach-7-komplet-biscotti-avtosedez-besafe\/","title":{"rendered":"Otro\u0161ki vozi\u010dek 3v1 iCandy Peach 7, komplet, Biscotti + avtosede\u017e BeSafe"},"content":{"rendered":"<p><strong><a href=\"https:\/\/najnaj.eu\/sl\/izdelek\/icandy-peach-7-vozickov-2v1-komplet-biscotti-4\/\" target=\"_blank\" rel=\"noopener\">Vozi\u010dek iCandy Peach 7<\/a> je zasnovan tako, da raste z va\u0161o dru\u017eino \u2013 uporablja se lahko od rojstva do 25 kg.<\/strong><\/p>\n<p>Vsak element tega vozi\u010dka je izdelan tako, da zagotavlja maksimalno funkcionalnost, kakovost in varnost, z razko\u0161nimi tkaninami in gladkim upravljanjem na vseh terenih pa zagotavlja izjemno udobje. To je izbira vsakega star\u0161a, ki si \u017eeli vrhunskega dizajna in sloga, ki traja. Z lahkoto se lahko pretvori v vozi\u010dek za dvoj\u010dke ali dva otroka razli\u010dnih starosti z namestitvijo kompleta.  <\/p>\n<p>Klju\u010dne zna\u010dilnosti:<\/p>\n<ul>\n<li>Primerno od rojstva do 25 kg (15 kg na avtosede\u017eih)<\/li>\n<li>Trden aluminijast okvir s pnevmatikami iz PU, odpornimi proti predrtju<\/li>\n<li>Integrirana platforma za starej\u0161e otroke (do 20 kg)<\/li>\n<li>Nastavljiv krmilni ro\u010daj (95\u2013105 cm)<\/li>\n<li>Prilo\u017eeni adapterji za avtosede\u017e &#8211; popoln 3-v-1 potovalni sistem<\/li>\n<li>5-letna garancija vklju\u010dena<\/li>\n<\/ul>\n<p>Prakti\u010dnost in udobje:<\/p>\n<ul>\n<li>Vsestranski polo\u017eaji sedenja &#8211; obrnjeni proti star\u0161em ali proti okolju z dvignjenimi sede\u017ei<\/li>\n<li>Mo\u017enost nadgradnje za dvoj\u010dka ali dva otroka razli\u010dnih starosti<\/li>\n<li>Drsni Pop-Up sistem z nastavljivim vzglavnikom<\/li>\n<li>Enostavna sprememba nagiba v \u0161tirih polo\u017eajih z eno roko<\/li>\n<li>Nastavljiv naslon za noge<\/li>\n<\/ul>\n<p>Dodatne ugodnosti:<\/p>\n<ul>\n<li>Kompaktno zlaganje z eno roko in samodejnim zaklepanjem<\/li>\n<li>Samostoje\u010de, ko je zlo\u017eeno, z nosilnim trakom<\/li>\n<li>Prostorna ko\u0161ara s prostornino 44 l (nosilnost do 10 kg)<\/li>\n<li>Raztegljiva vodoodporna streha z zra\u010denjem in za\u0161\u010dito SPF 50+<\/li>\n<li>Kolesa iz PU pene, odporna proti predrtju, za izjemno gladko vo\u017enjo<\/li>\n<\/ul>\n<p>&nbsp;<\/p>\n<p><strong>BeSafe je norve\u0161ka blagovna znamka z ve\u010d kot 50-letnimi izku\u0161njami pri razvoju otro\u0161kih avtosede\u017eev in velja za sinonim za vrhunsko varnost.<\/strong>  Vsak model je zasnovan in preizku\u0161en v skladu s strogim standardom UN R129 (i-Size), \u0161tevilni sede\u017ei pa prestanejo tudi izjemno zahteven \u0161vedski Plus test. Podalj\u0161an vzvratni hod, dodatna stranska za\u0161\u010dita (SIP+), enostavna namestitev s priklju\u010dki ISOFIX in prakti\u010dna magnetna dr\u017eala za pas odra\u017eajo pozornost do detajlov, ki olaj\u0161ajo vsakodnevno uporabo. Uporaba visokokakovostnih materialov, \u010dista skandinavska estetika in natan\u010dna izdelava naredijo avtosede\u017ee BeSafe dolgoro\u010dno in zanesljivo nalo\u017ebo za vsako dru\u017eino.  <\/p>\n<p><strong>V tem sistemu 3 v 1 lahko izberete enega od dveh modelov:<\/strong><\/p>\n<p><a href=\"https:\/\/najnaj.eu\/proizvod\/besafe-go-beyond-fresh-black-cab\/\" target=\"_blank\" rel=\"noopener\"><span style=\"color: #7e5f7d;\"><strong>BeSafe Pojdi \u0161e dlje<\/strong><\/span><\/a><br \/>\n ali<br \/>\n<a href=\"https:\/\/najnaj.eu\/sl\/izdelek\/besafe-izi-go-modular-x2-i-size-40-75-cm-crna-kabina\/\" target=\"_blank\" rel=\"noopener\"><span style=\"color: #7e5f7d;\"><strong>BeSafe iZi Go Modular X2 i-Size avtosede\u017e<\/strong><\/span><\/a><\/p>\n<p>Oba modela imata lahko konstrukcijo z ergonomskim ro\u010dajem, preprosto namestitev na \u201eklik\u201c na podstavek ISOFIX ali z varnostnim pasom avtomobila, \u0161iroke 5-to\u010dkovne varnostne pasove in dodatno stransko za\u0161\u010dito SIP+, ki zmanj\u0161uje sile pri bo\u010dnem tr\u010denju. Dinami\u010dni bla\u017eilec sil dodatno \u0161\u010diti glavo in vrat, nastavljiv vzglavnik pa sledi otrokovi rasti. Raztegljiva, fleksibilna streha \u0161\u010diti pred soncem, oba modela pa imata certifikat AGR, ki potrjuje, da so sede\u017ei zdravi za hrbet mladih potnikov in star\u0161ev. Garancija velja 2 leti od datuma nakupa.   <\/p>\n<p><a href=\"https:\/\/najnaj.eu\/proizvod\/besafe-go-beyond-fresh-black-cab\/\" target=\"_blank\" rel=\"noopener\">BeSafe Go Beyond<\/a> je edini avtosede\u017e od rojstva naprej, ki ga je mogo\u010de med vo\u017enjo v avtomobilu namestiti v varen le\u017ee\u010di polo\u017eaj &#8211; v primeru nesre\u010de se sede\u017e samodejno premakne v sede\u010di polo\u017eaj in tako zagotovi pravi kot, potreben za varnost dojen\u010dka. Ta model ima tudi prakti\u010dno rotacijo za 180\u00b0, ki omogo\u010da, da se sede\u017e obrne proti vratom avtomobila za la\u017ejo namestitev otroka v sede\u017e, kar \u0161\u010diti va\u0161 hrbet. <\/p>\n<p>Za uporabo le\u017ee\u010dega polo\u017eaja in vrtenje avtosede\u017ea je potrebna <a href=\"https:\/\/najnaj.eu\/proizvod\/besafe-beyond-isofix-baza\/\" target=\"_blank\" rel=\"noopener\">osnova Beyond ISOfix<\/a> . <span class=\"notion-enable-hover\" data-token-index=\"0\">Oglejte si otro\u0161ki vozi\u010dek iCandy Peach 7 s sistemom 4 v 1 in avtosede\u017e BeSafe Go Beyond z ISOfix bazo <a href=\"https:\/\/najnaj.eu\/sl\/izdelek\/otroski-vozicek-4v1-icandy-peach-7-complete-bundle-biscotti-avtosedez-besafe-s-podstavkom\/\"><strong>tukaj<\/strong><\/a> .<\/span><\/p>\n","protected":false},"excerpt":{"rendered":"<p>Komplet 3 v 1 vozi\u010dek in avtosede\u017e za uporabo od rojstva.<\/p>\n<p>Komplet vklju\u010duje:<\/p>\n<ul>\n<li>vozi\u010dek (podvozje) z integrirano platformo za starej\u0161ega otroka (Ride on board)<\/li>\n<li>material za ko\u0161aro za novorojen\u010dka z oblazinjenjem in vzmetnico<\/li>\n<li>material za sede\u017e<\/li>\n<li>ogrodje za ko\u0161aro\/sede\u017e za novorojen\u010dka<\/li>\n<li>za\u0161\u010ditni faktor SPF50+<\/li>\n<li>adapterji za avtomobilske sede\u017ee<\/li>\n<li>adapterji za pove\u010danje<\/li>\n<li>de\u017ena prevleka<\/li>\n<li>torba\/nahrbtnik za plenice<\/li>\n<li>zimska torba in prevleka za sede\u017e<\/li>\n<li>univerzalna sen\u010dila in mre\u017ea proti komarjem<\/li>\n<li>dr\u017ealo za steklenice<\/li>\n<li>son\u010dnik<\/li>\n<li>Avtosede\u017e BeSafe<\/li>\n<\/ul>\n<p><strong>Izberite model in barvo avtosede\u017ea:<br \/>\n<\/strong> (ve\u010d informacij o vsakem modelu najdete v opisu)<\/p>\n","protected":false},"featured_media":288913,"comment_status":"closed","ping_status":"closed","template":"","meta":{"_acf_changed":false,"footnotes":""},"product_brand":[],"product_cat":[607],"product_tag":[],"class_list":{"0":"post-251996","1":"product","2":"type-product","3":"status-publish","4":"has-post-thumbnail","6":"product_cat-kolica-3u1","7":"pa_boja-anthracite-mesh","8":"pa_boja-black-cab","9":"pa_boja-black-soft-breeze","10":"pa_boja-dark-grey-melange","11":"pa_boja-dark-sand-soft-breeze","12":"pa_boja-meadow-green-soft-breeze","13":"pa_boja-metallic-grey","14":"pa_boja-peak-mesh","15":"pa_boja-sea-green","16":"pa_brand-besafe","17":"pa_brand-icandy","18":"pa_vrsta-kolica-3u1","20":"first","21":"instock","22":"shipping-taxable","23":"purchasable","24":"product-type-variable"},"bundled_by":[],"bundle_stock_status":"instock","bundle_stock_quantity":null,"bundle_virtual":false,"bundle_layout":"","bundle_add_to_cart_form_location":"","bundle_editable_in_cart":false,"bundle_sold_individually_context":"","bundle_item_grouping":"","bundle_min_size":"","bundle_max_size":"","bundle_price":[],"bundled_items":[],"bundle_sell_ids":[],"acf":[],"yoast_head":"<!-- This site is optimized with the Yoast SEO Premium plugin v21.5 (Yoast SEO v27.4) - https:\/\/yoast.com\/product\/yoast-seo-premium-wordpress\/ -->\n<title>Otro\u0161ki vozi\u010dek 3v1 iCandy Peach 7, komplet, Biscotti + avtosede\u017e BeSafe - NajNaj.eu<\/title>\n<meta name=\"description\" content=\"Otro\u0161ki vozi\u010dek 3v1 iCandy z vrhunskim avtosede\u017eem BeSafe in razli\u010dnimi dodatki\" \/>\n<meta name=\"robots\" content=\"index, follow, max-snippet:-1, max-image-preview:large, max-video-preview:-1\" \/>\n<link rel=\"canonical\" href=\"https:\/\/najnaj.eu\/sl\/izdelek\/otroski-vozicek-3v1-icandy-peach-7-komplet-biscotti-avtosedez-besafe\/\" \/>\n<meta property=\"og:locale\" content=\"sl_SI\" \/>\n<meta property=\"og:type\" content=\"article\" \/>\n<meta property=\"og:title\" content=\"Otro\u0161ki vozi\u010dek 3v1 iCandy Peach 7, komplet, Biscotti + avtosede\u017e BeSafe\" \/>\n<meta property=\"og:description\" content=\"Otro\u0161ki vozi\u010dek 3v1 iCandy z vrhunskim avtosede\u017eem BeSafe in razli\u010dnimi dodatki\" \/>\n<meta property=\"og:url\" content=\"https:\/\/najnaj.eu\/sl\/izdelek\/otroski-vozicek-3v1-icandy-peach-7-komplet-biscotti-avtosedez-besafe\/\" \/>\n<meta property=\"og:site_name\" content=\"NajNaj.eu\" \/>\n<meta property=\"article:publisher\" content=\"https:\/\/web.facebook.com\/najnaj.eu\/\" \/>\n<meta property=\"article:modified_time\" content=\"2026-04-17T08:50:18+00:00\" \/>\n<meta property=\"og:image\" content=\"https:\/\/najnaj.eu\/wp-content\/uploads\/2025\/05\/biscotti-go-beyond-3u1.jpg\" \/>\n\t<meta property=\"og:image:width\" content=\"1080\" \/>\n\t<meta property=\"og:image:height\" content=\"1080\" \/>\n\t<meta property=\"og:image:type\" content=\"image\/jpeg\" \/>\n<meta name=\"twitter:card\" content=\"summary_large_image\" \/>\n<meta name=\"twitter:label1\" content=\"Availability\" \/>\n\t<meta name=\"twitter:data1\" content=\"In stock\" \/>\n<script type=\"application\/ld+json\" class=\"yoast-schema-graph\">{\"@context\":\"https:\\\/\\\/schema.org\",\"@graph\":[{\"@type\":\"WebPage\",\"@id\":\"https:\\\/\\\/najnaj.eu\\\/sl\\\/izdelek\\\/otroski-vozicek-3v1-icandy-peach-7-komplet-biscotti-avtosedez-besafe\\\/\",\"url\":\"https:\\\/\\\/najnaj.eu\\\/sl\\\/izdelek\\\/otroski-vozicek-3v1-icandy-peach-7-komplet-biscotti-avtosedez-besafe\\\/\",\"name\":\"Otro\u0161ki vozi\u010dek 3v1 iCandy Peach 7, komplet, Biscotti + avtosede\u017e BeSafe - NajNaj.eu\",\"isPartOf\":{\"@id\":\"https:\\\/\\\/najnaj.eu\\\/sl\\\/#website\"},\"primaryImageOfPage\":{\"@id\":\"https:\\\/\\\/najnaj.eu\\\/sl\\\/izdelek\\\/otroski-vozicek-3v1-icandy-peach-7-komplet-biscotti-avtosedez-besafe\\\/#primaryimage\"},\"image\":{\"@id\":\"https:\\\/\\\/najnaj.eu\\\/sl\\\/izdelek\\\/otroski-vozicek-3v1-icandy-peach-7-komplet-biscotti-avtosedez-besafe\\\/#primaryimage\"},\"thumbnailUrl\":\"https:\\\/\\\/najnaj.eu\\\/wp-content\\\/uploads\\\/2025\\\/05\\\/3u1-biscotti.png\",\"datePublished\":\"2025-05-05T13:03:45+00:00\",\"dateModified\":\"2026-04-17T08:50:18+00:00\",\"description\":\"Otro\u0161ki vozi\u010dek 3v1 iCandy z vrhunskim avtosede\u017eem BeSafe in razli\u010dnimi dodatki\",\"breadcrumb\":{\"@id\":\"https:\\\/\\\/najnaj.eu\\\/sl\\\/izdelek\\\/otroski-vozicek-3v1-icandy-peach-7-komplet-biscotti-avtosedez-besafe\\\/#breadcrumb\"},\"inLanguage\":\"sl-SI\",\"potentialAction\":[{\"@type\":\"ReadAction\",\"target\":[\"https:\\\/\\\/najnaj.eu\\\/sl\\\/izdelek\\\/otroski-vozicek-3v1-icandy-peach-7-komplet-biscotti-avtosedez-besafe\\\/\"]}]},{\"@type\":\"ImageObject\",\"inLanguage\":\"sl-SI\",\"@id\":\"https:\\\/\\\/najnaj.eu\\\/sl\\\/izdelek\\\/otroski-vozicek-3v1-icandy-peach-7-komplet-biscotti-avtosedez-besafe\\\/#primaryimage\",\"url\":\"https:\\\/\\\/najnaj.eu\\\/wp-content\\\/uploads\\\/2025\\\/05\\\/3u1-biscotti.png\",\"contentUrl\":\"https:\\\/\\\/najnaj.eu\\\/wp-content\\\/uploads\\\/2025\\\/05\\\/3u1-biscotti.png\",\"width\":1080,\"height\":1080},{\"@type\":\"BreadcrumbList\",\"@id\":\"https:\\\/\\\/najnaj.eu\\\/sl\\\/izdelek\\\/otroski-vozicek-3v1-icandy-peach-7-komplet-biscotti-avtosedez-besafe\\\/#breadcrumb\",\"itemListElement\":[{\"@type\":\"ListItem\",\"position\":1,\"name\":\"Po\u010detna stranica\",\"item\":\"https:\\\/\\\/najnaj.eu\\\/sl\\\/prednja-stran\\\/\"},{\"@type\":\"ListItem\",\"position\":2,\"name\":\"Shop\",\"item\":\"https:\\\/\\\/najnaj.eu\\\/sl\\\/shop\\\/\"},{\"@type\":\"ListItem\",\"position\":3,\"name\":\"Otro\u0161ki vozi\u010dek 3v1 iCandy Peach 7, komplet, Biscotti + avtosede\u017e BeSafe\"}]},{\"@type\":\"WebSite\",\"@id\":\"https:\\\/\\\/najnaj.eu\\\/sl\\\/#website\",\"url\":\"https:\\\/\\\/najnaj.eu\\\/sl\\\/\",\"name\":\"NajNaj.eu\",\"description\":\"Za najva\u017enije!\",\"publisher\":{\"@id\":\"https:\\\/\\\/najnaj.eu\\\/sl\\\/#organization\"},\"potentialAction\":[{\"@type\":\"SearchAction\",\"target\":{\"@type\":\"EntryPoint\",\"urlTemplate\":\"https:\\\/\\\/najnaj.eu\\\/sl\\\/?s={search_term_string}\"},\"query-input\":{\"@type\":\"PropertyValueSpecification\",\"valueRequired\":true,\"valueName\":\"search_term_string\"}}],\"inLanguage\":\"sl-SI\"},{\"@type\":\"Organization\",\"@id\":\"https:\\\/\\\/najnaj.eu\\\/sl\\\/#organization\",\"name\":\"NajNaj.eu\",\"url\":\"https:\\\/\\\/najnaj.eu\\\/sl\\\/\",\"logo\":{\"@type\":\"ImageObject\",\"inLanguage\":\"sl-SI\",\"@id\":\"https:\\\/\\\/najnaj.eu\\\/sl\\\/#\\\/schema\\\/logo\\\/image\\\/\",\"url\":\"https:\\\/\\\/najnaj.eu\\\/wp-content\\\/uploads\\\/2023\\\/09\\\/logo_Najnaj_2023.svg\",\"contentUrl\":\"https:\\\/\\\/najnaj.eu\\\/wp-content\\\/uploads\\\/2023\\\/09\\\/logo_Najnaj_2023.svg\",\"width\":501,\"height\":278,\"caption\":\"NajNaj.eu\"},\"image\":{\"@id\":\"https:\\\/\\\/najnaj.eu\\\/sl\\\/#\\\/schema\\\/logo\\\/image\\\/\"},\"sameAs\":[\"https:\\\/\\\/web.facebook.com\\\/najnaj.eu\\\/\",\"https:\\\/\\\/www.instagram.com\\\/najnaj.eu\\\/\",\"https:\\\/\\\/www.tiktok.com\\\/@najnaj.eu\"]}]}<\/script>\n<meta property=\"product:brand\" content=\"BeSafe\" \/>\n<meta property=\"og:availability\" content=\"instock\" \/>\n<meta property=\"product:availability\" content=\"instock\" \/>\n<meta property=\"product:retailer_item_id\" content=\"IC2728-3u1\" \/>\n<meta property=\"product:condition\" content=\"new\" \/>\n<!-- \/ Yoast SEO Premium plugin. -->","yoast_head_json":{"title":"Otro\u0161ki vozi\u010dek 3v1 iCandy Peach 7, komplet, Biscotti + avtosede\u017e BeSafe - NajNaj.eu","description":"Otro\u0161ki vozi\u010dek 3v1 iCandy z vrhunskim avtosede\u017eem BeSafe in razli\u010dnimi dodatki","robots":{"index":"index","follow":"follow","max-snippet":"max-snippet:-1","max-image-preview":"max-image-preview:large","max-video-preview":"max-video-preview:-1"},"canonical":"https:\/\/najnaj.eu\/sl\/izdelek\/otroski-vozicek-3v1-icandy-peach-7-komplet-biscotti-avtosedez-besafe\/","og_locale":"sl_SI","og_type":"article","og_title":"Otro\u0161ki vozi\u010dek 3v1 iCandy Peach 7, komplet, Biscotti + avtosede\u017e BeSafe","og_description":"Otro\u0161ki vozi\u010dek 3v1 iCandy z vrhunskim avtosede\u017eem BeSafe in razli\u010dnimi dodatki","og_url":"https:\/\/najnaj.eu\/sl\/izdelek\/otroski-vozicek-3v1-icandy-peach-7-komplet-biscotti-avtosedez-besafe\/","og_site_name":"NajNaj.eu","article_publisher":"https:\/\/web.facebook.com\/najnaj.eu\/","article_modified_time":"2026-04-17T08:50:18+00:00","og_image":[{"width":1080,"height":1080,"url":"https:\/\/najnaj.eu\/wp-content\/uploads\/2025\/05\/biscotti-go-beyond-3u1.jpg","type":"image\/jpeg"}],"twitter_card":"summary_large_image","twitter_misc":{"Availability":"In stock"},"schema":{"@context":"https:\/\/schema.org","@graph":[{"@type":"WebPage","@id":"https:\/\/najnaj.eu\/sl\/izdelek\/otroski-vozicek-3v1-icandy-peach-7-komplet-biscotti-avtosedez-besafe\/","url":"https:\/\/najnaj.eu\/sl\/izdelek\/otroski-vozicek-3v1-icandy-peach-7-komplet-biscotti-avtosedez-besafe\/","name":"Otro\u0161ki vozi\u010dek 3v1 iCandy Peach 7, komplet, Biscotti + avtosede\u017e BeSafe - NajNaj.eu","isPartOf":{"@id":"https:\/\/najnaj.eu\/sl\/#website"},"primaryImageOfPage":{"@id":"https:\/\/najnaj.eu\/sl\/izdelek\/otroski-vozicek-3v1-icandy-peach-7-komplet-biscotti-avtosedez-besafe\/#primaryimage"},"image":{"@id":"https:\/\/najnaj.eu\/sl\/izdelek\/otroski-vozicek-3v1-icandy-peach-7-komplet-biscotti-avtosedez-besafe\/#primaryimage"},"thumbnailUrl":"https:\/\/najnaj.eu\/wp-content\/uploads\/2025\/05\/3u1-biscotti.png","datePublished":"2025-05-05T13:03:45+00:00","dateModified":"2026-04-17T08:50:18+00:00","description":"Otro\u0161ki vozi\u010dek 3v1 iCandy z vrhunskim avtosede\u017eem BeSafe in razli\u010dnimi dodatki","breadcrumb":{"@id":"https:\/\/najnaj.eu\/sl\/izdelek\/otroski-vozicek-3v1-icandy-peach-7-komplet-biscotti-avtosedez-besafe\/#breadcrumb"},"inLanguage":"sl-SI","potentialAction":[{"@type":"ReadAction","target":["https:\/\/najnaj.eu\/sl\/izdelek\/otroski-vozicek-3v1-icandy-peach-7-komplet-biscotti-avtosedez-besafe\/"]}]},{"@type":"ImageObject","inLanguage":"sl-SI","@id":"https:\/\/najnaj.eu\/sl\/izdelek\/otroski-vozicek-3v1-icandy-peach-7-komplet-biscotti-avtosedez-besafe\/#primaryimage","url":"https:\/\/najnaj.eu\/wp-content\/uploads\/2025\/05\/3u1-biscotti.png","contentUrl":"https:\/\/najnaj.eu\/wp-content\/uploads\/2025\/05\/3u1-biscotti.png","width":1080,"height":1080},{"@type":"BreadcrumbList","@id":"https:\/\/najnaj.eu\/sl\/izdelek\/otroski-vozicek-3v1-icandy-peach-7-komplet-biscotti-avtosedez-besafe\/#breadcrumb","itemListElement":[{"@type":"ListItem","position":1,"name":"Po\u010detna stranica","item":"https:\/\/najnaj.eu\/sl\/prednja-stran\/"},{"@type":"ListItem","position":2,"name":"Shop","item":"https:\/\/najnaj.eu\/sl\/shop\/"},{"@type":"ListItem","position":3,"name":"Otro\u0161ki vozi\u010dek 3v1 iCandy Peach 7, komplet, Biscotti + avtosede\u017e BeSafe"}]},{"@type":"WebSite","@id":"https:\/\/najnaj.eu\/sl\/#website","url":"https:\/\/najnaj.eu\/sl\/","name":"NajNaj.eu","description":"Za najva\u017enije!","publisher":{"@id":"https:\/\/najnaj.eu\/sl\/#organization"},"potentialAction":[{"@type":"SearchAction","target":{"@type":"EntryPoint","urlTemplate":"https:\/\/najnaj.eu\/sl\/?s={search_term_string}"},"query-input":{"@type":"PropertyValueSpecification","valueRequired":true,"valueName":"search_term_string"}}],"inLanguage":"sl-SI"},{"@type":"Organization","@id":"https:\/\/najnaj.eu\/sl\/#organization","name":"NajNaj.eu","url":"https:\/\/najnaj.eu\/sl\/","logo":{"@type":"ImageObject","inLanguage":"sl-SI","@id":"https:\/\/najnaj.eu\/sl\/#\/schema\/logo\/image\/","url":"https:\/\/najnaj.eu\/wp-content\/uploads\/2023\/09\/logo_Najnaj_2023.svg","contentUrl":"https:\/\/najnaj.eu\/wp-content\/uploads\/2023\/09\/logo_Najnaj_2023.svg","width":501,"height":278,"caption":"NajNaj.eu"},"image":{"@id":"https:\/\/najnaj.eu\/sl\/#\/schema\/logo\/image\/"},"sameAs":["https:\/\/web.facebook.com\/najnaj.eu\/","https:\/\/www.instagram.com\/najnaj.eu\/","https:\/\/www.tiktok.com\/@najnaj.eu"]}]},"product_brand":"BeSafe","og_availability":"instock","product_availability":"instock","product_retailer_item_id":"IC2728-3u1","product_condition":"new"},"_links":{"self":[{"href":"https:\/\/najnaj.eu\/sl\/wp-json\/wp\/v2\/product\/251996","targetHints":{"allow":["GET"]}}],"collection":[{"href":"https:\/\/najnaj.eu\/sl\/wp-json\/wp\/v2\/product"}],"about":[{"href":"https:\/\/najnaj.eu\/sl\/wp-json\/wp\/v2\/types\/product"}],"replies":[{"embeddable":true,"href":"https:\/\/najnaj.eu\/sl\/wp-json\/wp\/v2\/comments?post=251996"}],"version-history":[{"count":0,"href":"https:\/\/najnaj.eu\/sl\/wp-json\/wp\/v2\/product\/251996\/revisions"}],"wp:featuredmedia":[{"embeddable":true,"href":"https:\/\/najnaj.eu\/sl\/wp-json\/wp\/v2\/media\/288913"}],"wp:attachment":[{"href":"https:\/\/najnaj.eu\/sl\/wp-json\/wp\/v2\/media?parent=251996"}],"wp:term":[{"taxonomy":"product_brand","embeddable":true,"href":"https:\/\/najnaj.eu\/sl\/wp-json\/wp\/v2\/product_brand?post=251996"},{"taxonomy":"product_cat","embeddable":true,"href":"https:\/\/najnaj.eu\/sl\/wp-json\/wp\/v2\/product_cat?post=251996"},{"taxonomy":"product_tag","embeddable":true,"href":"https:\/\/najnaj.eu\/sl\/wp-json\/wp\/v2\/product_tag?post=251996"}],"curies":[{"name":"wp","href":"https:\/\/api.w.org\/{rel}","templated":true}]}}