{"id":251736,"date":"2025-05-21T10:25:50","date_gmt":"2025-05-21T08:25:50","guid":{"rendered":"https:\/\/najnaj.eu\/proizvod\/4v1-vozicek-icandy-peach-7-complete-bundle-truffle-avtosedez-besafe-s-podstavkom\/"},"modified":"2026-03-20T11:34:52","modified_gmt":"2026-03-20T10:34:52","slug":"4v1-vozicek-icandy-peach-7-complete-bundle-truffle-avtosedez-besafe-s-podstavkom","status":"publish","type":"product","link":"https:\/\/najnaj.eu\/sl\/izdelek\/4v1-vozicek-icandy-peach-7-complete-bundle-truffle-avtosedez-besafe-s-podstavkom\/","title":{"rendered":"4v1 vozi\u010dek iCandy Peach 7 Complete Bundle, Truffle + avtosede\u017e BeSafe s podstavkom"},"content":{"rendered":"<p><strong><a href=\"https:\/\/najnaj.eu\/sl\/izdelek\/icandy-peach-7-vozickov-2v1-komplet-biscotti-2-2\/\" target=\"_blank\" rel=\"noopener\">Vozi\u010dek iCandy Peach 7<\/a> je zasnovan tako, da raste z va\u0161o dru\u017eino \u2013 uporablja se lahko od rojstva do 25 kg.<\/strong><\/p>\n<p>Vsak element tega vozi\u010dka je izdelan tako, da zagotavlja maksimalno funkcionalnost, kakovost in varnost, z razko\u0161nimi tkaninami in gladkim upravljanjem na vseh terenih pa zagotavlja izjemno udobje. To je izbira vsakega star\u0161a, ki si \u017eeli vrhunskega dizajna in sloga, ki traja. Z lahkoto se lahko pretvori v vozi\u010dek za dvoj\u010dke ali dva otroka razli\u010dnih starosti z namestitvijo kompleta.  <\/p>\n<p>Klju\u010dne zna\u010dilnosti:<\/p>\n<ul>\n<li>Primerno od rojstva do 25 kg (15 kg na avtosede\u017eih)<\/li>\n<li>Trden aluminijast okvir s pnevmatikami iz PU, odpornimi proti predrtju<\/li>\n<li>Integrirana platforma za starej\u0161e otroke (do 20 kg)<\/li>\n<li>Nastavljiv krmilni ro\u010daj (95\u2013105 cm)<\/li>\n<li>Prilo\u017eeni adapterji za avtosede\u017e &#8211; popoln 3-v-1 potovalni sistem<\/li>\n<li>5-letna garancija vklju\u010dena<\/li>\n<\/ul>\n<p>Prakti\u010dnost in udobje:<\/p>\n<ul>\n<li>Vsestranski polo\u017eaji sedenja &#8211; obrnjeni proti star\u0161em ali proti okolju z dvignjenimi sede\u017ei<\/li>\n<li>Mo\u017enost nadgradnje za dvoj\u010dka ali dva otroka razli\u010dnih starosti<\/li>\n<li>Drsni Pop-Up sistem z nastavljivim vzglavnikom<\/li>\n<li>Enostavna sprememba nagiba v \u0161tirih polo\u017eajih z eno roko<\/li>\n<li>Nastavljiv naslon za noge<\/li>\n<\/ul>\n<p>Dodatne ugodnosti:<\/p>\n<ul>\n<li>Kompaktno zlaganje z eno roko in samodejnim zaklepanjem<\/li>\n<li>Samostoje\u010de, ko je zlo\u017eeno, z nosilnim trakom<\/li>\n<li>Prostorna ko\u0161ara s prostornino 44 l (nosilnost do 10 kg)<\/li>\n<li>Raztegljiva vodoodporna streha z zra\u010denjem in za\u0161\u010dito SPF 50+<\/li>\n<li>Kolesa iz PU pene, odporna proti predrtju, za izjemno gladko vo\u017enjo<\/li>\n<\/ul>\n<p>&nbsp;<\/p>\n<p><strong>Ta sistem 4 v 1 vklju\u010duje najnovej\u0161i avtosede\u017e <a href=\"https:\/\/najnaj.eu\/proizvod\/besafe-go-beyond-fresh-black-cab\/\" target=\"_blank\" rel=\"noopener\"><span style=\"color: #7e5f7d;\">BeSafe Go Beyond<\/span><\/a> z ustrezno <a href=\"https:\/\/najnaj.eu\/proizvod\/besafe-beyond-isofix-baza\/\" target=\"_blank\" rel=\"noopener\">podlago ISOfix<\/a> \u2013 model, ki je zmagal na najnovej\u0161em testu ADAC z najbolj\u0161o mo\u017eno oceno v kategoriji varnosti.<\/strong><\/p>\n<p>BeSafe je norve\u0161ka blagovna znamka z ve\u010d kot 50-letnimi izku\u0161njami pri razvoju otro\u0161kih avtosede\u017eev in velja za sinonim za vrhunsko varnost. Avtosede\u017e BeSafe Go Beyond je namenjen otrokom od 40 do 87 cm oziroma do 13 kg (pribli\u017eno 18 mesecev) in se uporablja v obrnjenem polo\u017eaju v nasprotni smeri vo\u017enje. Je edini avtosede\u017e od rojstva, ki ga je mogo\u010de med vo\u017enjo v avtomobilu namestiti v varen le\u017ee\u010di polo\u017eaj \u2013 \u010de pride do nesre\u010de, se sede\u017e samodejno premakne v sede\u010di polo\u017eaj in tako zagotovi pravi kot, potreben za varnost dojen\u010dka. Ta model ima tudi prakti\u010dno rotacijo za 180\u00b0, ki omogo\u010da, da se sede\u017e obrne proti vratom avtomobila za la\u017ejo namestitev otroka v sede\u017e, kar \u0161\u010diti va\u0161 hrbet. Za uporabo le\u017ee\u010dega polo\u017eaja in vrtenje avtosede\u017ea je potrebna osnova Beyond ISOfix.    <\/p>\n<p>Klju\u010dne zna\u010dilnosti:<\/p>\n<ul>\n<li>Active Lay Flat\u2122 \u2013 v primeru trka se samodejno premakne v sede\u010di polo\u017eaj<\/li>\n<li>Vrtenje za 180\u00b0 &#8211; preprosto obrnite proti vratom za la\u017ejo namestitev otroka<\/li>\n<li>Prilagodljiva namestitev &#8211; prek baze ISOfix ali varnostnega pasu<\/li>\n<li>Stre\u0161nica \u201ePeekaboo\u201c &#8211; raztegljiva za\u0161\u010dita pred soncem s funkcijo hitrega preverjanja dojen\u010dka<\/li>\n<li>Raste z va\u0161im otrokom &#8211; 10-stopinjsko nastavljiv vzglavnik in odstranljive blazine<\/li>\n<li>Ro\u010daj za no\u0161enje z eno roko<\/li>\n<\/ul>\n<p>Napredna varnost:<\/p>\n<ul>\n<li>Notranji petto\u010dkovni varnostni pasovi<\/li>\n<li>Dynamic Force Absorber\u2122 za za\u0161\u010dito glave<\/li>\n<li>Dodatna stranska za\u0161\u010dita (SIP+)<\/li>\n<li>Odobreno za uporabo v letalih<\/li>\n<\/ul>\n<p>Prakti\u010dnost in udobje:<\/p>\n<ul>\n<li>Universal Level Technology\u2122 za optimalen kot v vsakem vozilu<\/li>\n<li>Magnetni pasni asistenti\u2122<\/li>\n<li>Certificirano kot ergonomsko primerno za hrbet (AGR)<\/li>\n<\/ul>\n<p>Trajnost:<\/p>\n<ul>\n<li>Trpe\u017eni materiali z \u017eivljenjsko dobo 15 let<\/li>\n<li>Modularna zasnova za uporabo v ve\u010d vozilih<\/li>\n<\/ul>\n<p><!-- notionvc: cd98442c-d21a-4a5e-87c8-84733cee59a0 --><\/p>\n<p>&nbsp;<\/p>\n<p><img loading=\"lazy\" decoding=\"async\" class=\"alignnone wp-image-250162 size-large\" src=\"https:\/\/najnaj.eu\/wp-content\/uploads\/2025\/05\/New-Project-1024x768.jpg\" alt=\"\" width=\"980\" height=\"735\" srcset=\"https:\/\/najnaj.eu\/wp-content\/uploads\/2025\/05\/New-Project-1024x768.jpg 1024w, https:\/\/najnaj.eu\/wp-content\/uploads\/2025\/05\/New-Project-324x243.jpg 324w, https:\/\/najnaj.eu\/wp-content\/uploads\/2025\/05\/New-Project-1200x899.jpg 1200w, https:\/\/najnaj.eu\/wp-content\/uploads\/2025\/05\/New-Project-300x225.jpg 300w, https:\/\/najnaj.eu\/wp-content\/uploads\/2025\/05\/New-Project-768x576.jpg 768w, https:\/\/najnaj.eu\/wp-content\/uploads\/2025\/05\/New-Project-1536x1151.jpg 1536w, https:\/\/najnaj.eu\/wp-content\/uploads\/2025\/05\/New-Project-2048x1535.jpg 2048w, https:\/\/najnaj.eu\/wp-content\/uploads\/2025\/05\/New-Project-1440x1079.jpg 1440w, https:\/\/najnaj.eu\/wp-content\/uploads\/2025\/05\/New-Project-420x315.jpg 420w\" sizes=\"auto, (max-width: 980px) 100vw, 980px\" \/><\/p>\n","protected":false},"excerpt":{"rendered":"<p>Komplet 4 v 1 vozi\u010dka in avtosede\u017ea z ISOfix podstavkom za uporabo od rojstva.<\/p>\n<p>Komplet vklju\u010duje:<\/p>\n<ul>\n<li>vozi\u010dek (podvozje) z integrirano platformo za starej\u0161ega otroka (Ride on board)<\/li>\n<li>material za ko\u0161aro za novorojen\u010dka z oblazinjenjem in vzmetnico<\/li>\n<li>material za sede\u017e<\/li>\n<li>ogrodje za ko\u0161aro\/sede\u017e za novorojen\u010dka<\/li>\n<li>za\u0161\u010ditni faktor SPF50+<\/li>\n<li>adapterji za avtomobilske sede\u017ee<\/li>\n<li>adapterji za pove\u010danje<\/li>\n<li>de\u017ena prevleka<\/li>\n<li>torba\/nahrbtnik za plenice<\/li>\n<li>zimska torba in prevleka za sede\u017e<\/li>\n<li>univerzalna sen\u010dila in mre\u017ea proti komarjem<\/li>\n<li>dr\u017ealo za steklenice<\/li>\n<li>son\u010dnik<\/li>\n<li>Avtosede\u017e BeSafe Go Beyond<\/li>\n<li>Onkraj baze ISOfix<\/li>\n<\/ul>\n<p><strong>Izberite barvo avtosede\u017ea:<\/strong><\/p>\n","protected":false},"featured_media":288816,"comment_status":"closed","ping_status":"closed","template":"","meta":{"_acf_changed":false,"footnotes":""},"product_brand":[],"product_cat":[2126],"product_tag":[],"class_list":{"0":"post-251736","1":"product","2":"type-product","3":"status-publish","4":"has-post-thumbnail","6":"product_cat-otroski-vozicek-4v1","7":"pa_boja-anthracite-mesh-sl","8":"pa_boja-black-soft-breeze-sl","9":"pa_boja-dark-grey-melange-sl","10":"pa_boja-dark-sand-soft-breeze-sl","11":"pa_boja-meadow-green-soft-breeze-sl","12":"pa_boja-peak-mesh-sl","13":"pa_brand-besafe-sl","14":"pa_brand-icandy-sl","15":"pa_vrsta-kolica-4v1","17":"first","18":"outofstock","19":"shipping-taxable","20":"purchasable","21":"product-type-variable"},"bundled_by":[],"bundle_stock_status":"outofstock","bundle_stock_quantity":null,"bundle_virtual":false,"bundle_layout":"","bundle_add_to_cart_form_location":"","bundle_editable_in_cart":false,"bundle_sold_individually_context":"","bundle_item_grouping":"","bundle_min_size":"","bundle_max_size":"","bundle_price":[],"bundled_items":[],"bundle_sell_ids":[],"acf":[],"yoast_head":"<!-- This site is optimized with the Yoast SEO Premium plugin v21.5 (Yoast SEO v27.4) - https:\/\/yoast.com\/product\/yoast-seo-premium-wordpress\/ -->\n<title>4v1 vozi\u010dek iCandy Peach 7 Complete Bundle, Truffle + avtosede\u017e BeSafe s podstavkom - NajNaj.eu<\/title>\n<meta name=\"description\" content=\"Vozi\u010dek 4v1 iCandy z vrhunskim avtosede\u017eem BeSafe Go Beyond, ISOfix bazo in razli\u010dnimi dodatki\" \/>\n<meta name=\"robots\" content=\"index, follow, max-snippet:-1, max-image-preview:large, max-video-preview:-1\" \/>\n<link rel=\"canonical\" href=\"https:\/\/najnaj.eu\/sl\/izdelek\/4v1-vozicek-icandy-peach-7-complete-bundle-truffle-avtosedez-besafe-s-podstavkom\/\" \/>\n<meta property=\"og:locale\" content=\"sl_SI\" \/>\n<meta property=\"og:type\" content=\"article\" \/>\n<meta property=\"og:title\" content=\"4v1 vozi\u010dek iCandy Peach 7 Complete Bundle, Truffle + avtosede\u017e BeSafe s podstavkom\" \/>\n<meta property=\"og:description\" content=\"Vozi\u010dek 4v1 iCandy z vrhunskim avtosede\u017eem BeSafe Go Beyond, ISOfix bazo in razli\u010dnimi dodatki\" \/>\n<meta property=\"og:url\" content=\"https:\/\/najnaj.eu\/sl\/izdelek\/4v1-vozicek-icandy-peach-7-complete-bundle-truffle-avtosedez-besafe-s-podstavkom\/\" \/>\n<meta property=\"og:site_name\" content=\"NajNaj.eu\" \/>\n<meta property=\"article:publisher\" content=\"https:\/\/web.facebook.com\/najnaj.eu\/\" \/>\n<meta property=\"article:modified_time\" content=\"2026-03-20T10:34:52+00:00\" \/>\n<meta property=\"og:image\" content=\"https:\/\/najnaj.eu\/wp-content\/uploads\/2025\/05\/truffle-go-beyond-4u1.jpg\" \/>\n\t<meta property=\"og:image:width\" content=\"1080\" \/>\n\t<meta property=\"og:image:height\" content=\"1080\" \/>\n\t<meta property=\"og:image:type\" content=\"image\/jpeg\" \/>\n<meta name=\"twitter:card\" content=\"summary_large_image\" \/>\n<meta name=\"twitter:label1\" content=\"Availability\" \/>\n\t<meta name=\"twitter:data1\" content=\"Out of stock\" \/>\n<script type=\"application\/ld+json\" class=\"yoast-schema-graph\">{\"@context\":\"https:\\\/\\\/schema.org\",\"@graph\":[{\"@type\":\"WebPage\",\"@id\":\"https:\\\/\\\/najnaj.eu\\\/sl\\\/izdelek\\\/4v1-vozicek-icandy-peach-7-complete-bundle-truffle-avtosedez-besafe-s-podstavkom\\\/\",\"url\":\"https:\\\/\\\/najnaj.eu\\\/sl\\\/izdelek\\\/4v1-vozicek-icandy-peach-7-complete-bundle-truffle-avtosedez-besafe-s-podstavkom\\\/\",\"name\":\"4v1 vozi\u010dek iCandy Peach 7 Complete Bundle, Truffle + avtosede\u017e BeSafe s podstavkom - NajNaj.eu\",\"isPartOf\":{\"@id\":\"https:\\\/\\\/najnaj.eu\\\/sl\\\/#website\"},\"primaryImageOfPage\":{\"@id\":\"https:\\\/\\\/najnaj.eu\\\/sl\\\/izdelek\\\/4v1-vozicek-icandy-peach-7-complete-bundle-truffle-avtosedez-besafe-s-podstavkom\\\/#primaryimage\"},\"image\":{\"@id\":\"https:\\\/\\\/najnaj.eu\\\/sl\\\/izdelek\\\/4v1-vozicek-icandy-peach-7-complete-bundle-truffle-avtosedez-besafe-s-podstavkom\\\/#primaryimage\"},\"thumbnailUrl\":\"https:\\\/\\\/najnaj.eu\\\/wp-content\\\/uploads\\\/2025\\\/05\\\/4u1-truffle.png\",\"datePublished\":\"2025-05-21T08:25:50+00:00\",\"dateModified\":\"2026-03-20T10:34:52+00:00\",\"description\":\"Vozi\u010dek 4v1 iCandy z vrhunskim avtosede\u017eem BeSafe Go Beyond, ISOfix bazo in razli\u010dnimi dodatki\",\"breadcrumb\":{\"@id\":\"https:\\\/\\\/najnaj.eu\\\/sl\\\/izdelek\\\/4v1-vozicek-icandy-peach-7-complete-bundle-truffle-avtosedez-besafe-s-podstavkom\\\/#breadcrumb\"},\"inLanguage\":\"sl-SI\",\"potentialAction\":[{\"@type\":\"ReadAction\",\"target\":[\"https:\\\/\\\/najnaj.eu\\\/sl\\\/izdelek\\\/4v1-vozicek-icandy-peach-7-complete-bundle-truffle-avtosedez-besafe-s-podstavkom\\\/\"]}]},{\"@type\":\"ImageObject\",\"inLanguage\":\"sl-SI\",\"@id\":\"https:\\\/\\\/najnaj.eu\\\/sl\\\/izdelek\\\/4v1-vozicek-icandy-peach-7-complete-bundle-truffle-avtosedez-besafe-s-podstavkom\\\/#primaryimage\",\"url\":\"https:\\\/\\\/najnaj.eu\\\/wp-content\\\/uploads\\\/2025\\\/05\\\/4u1-truffle.png\",\"contentUrl\":\"https:\\\/\\\/najnaj.eu\\\/wp-content\\\/uploads\\\/2025\\\/05\\\/4u1-truffle.png\",\"width\":1080,\"height\":1080},{\"@type\":\"BreadcrumbList\",\"@id\":\"https:\\\/\\\/najnaj.eu\\\/sl\\\/izdelek\\\/4v1-vozicek-icandy-peach-7-complete-bundle-truffle-avtosedez-besafe-s-podstavkom\\\/#breadcrumb\",\"itemListElement\":[{\"@type\":\"ListItem\",\"position\":1,\"name\":\"Po\u010detna stranica\",\"item\":\"https:\\\/\\\/najnaj.eu\\\/sl\\\/prednja-stran\\\/\"},{\"@type\":\"ListItem\",\"position\":2,\"name\":\"Shop\",\"item\":\"https:\\\/\\\/najnaj.eu\\\/sl\\\/shop\\\/\"},{\"@type\":\"ListItem\",\"position\":3,\"name\":\"4v1 vozi\u010dek iCandy Peach 7 Complete Bundle, Truffle + avtosede\u017e BeSafe s podstavkom\"}]},{\"@type\":\"WebSite\",\"@id\":\"https:\\\/\\\/najnaj.eu\\\/sl\\\/#website\",\"url\":\"https:\\\/\\\/najnaj.eu\\\/sl\\\/\",\"name\":\"NajNaj.eu\",\"description\":\"Za najva\u017enije!\",\"publisher\":{\"@id\":\"https:\\\/\\\/najnaj.eu\\\/sl\\\/#organization\"},\"potentialAction\":[{\"@type\":\"SearchAction\",\"target\":{\"@type\":\"EntryPoint\",\"urlTemplate\":\"https:\\\/\\\/najnaj.eu\\\/sl\\\/?s={search_term_string}\"},\"query-input\":{\"@type\":\"PropertyValueSpecification\",\"valueRequired\":true,\"valueName\":\"search_term_string\"}}],\"inLanguage\":\"sl-SI\"},{\"@type\":\"Organization\",\"@id\":\"https:\\\/\\\/najnaj.eu\\\/sl\\\/#organization\",\"name\":\"NajNaj.eu\",\"url\":\"https:\\\/\\\/najnaj.eu\\\/sl\\\/\",\"logo\":{\"@type\":\"ImageObject\",\"inLanguage\":\"sl-SI\",\"@id\":\"https:\\\/\\\/najnaj.eu\\\/sl\\\/#\\\/schema\\\/logo\\\/image\\\/\",\"url\":\"https:\\\/\\\/najnaj.eu\\\/wp-content\\\/uploads\\\/2023\\\/09\\\/logo_Najnaj_2023.svg\",\"contentUrl\":\"https:\\\/\\\/najnaj.eu\\\/wp-content\\\/uploads\\\/2023\\\/09\\\/logo_Najnaj_2023.svg\",\"width\":501,\"height\":278,\"caption\":\"NajNaj.eu\"},\"image\":{\"@id\":\"https:\\\/\\\/najnaj.eu\\\/sl\\\/#\\\/schema\\\/logo\\\/image\\\/\"},\"sameAs\":[\"https:\\\/\\\/web.facebook.com\\\/najnaj.eu\\\/\",\"https:\\\/\\\/www.instagram.com\\\/najnaj.eu\\\/\",\"https:\\\/\\\/www.tiktok.com\\\/@najnaj.eu\"]}]}<\/script>\n<meta property=\"product:brand\" content=\"BeSafe\" \/>\n<meta property=\"og:availability\" content=\"out of stock\" \/>\n<meta property=\"product:availability\" content=\"out of stock\" \/>\n<meta property=\"product:retailer_item_id\" content=\"IC2569-4u1\" \/>\n<meta property=\"product:condition\" content=\"new\" \/>\n<!-- \/ Yoast SEO Premium plugin. -->","yoast_head_json":{"title":"4v1 vozi\u010dek iCandy Peach 7 Complete Bundle, Truffle + avtosede\u017e BeSafe s podstavkom - NajNaj.eu","description":"Vozi\u010dek 4v1 iCandy z vrhunskim avtosede\u017eem BeSafe Go Beyond, ISOfix bazo in razli\u010dnimi dodatki","robots":{"index":"index","follow":"follow","max-snippet":"max-snippet:-1","max-image-preview":"max-image-preview:large","max-video-preview":"max-video-preview:-1"},"canonical":"https:\/\/najnaj.eu\/sl\/izdelek\/4v1-vozicek-icandy-peach-7-complete-bundle-truffle-avtosedez-besafe-s-podstavkom\/","og_locale":"sl_SI","og_type":"article","og_title":"4v1 vozi\u010dek iCandy Peach 7 Complete Bundle, Truffle + avtosede\u017e BeSafe s podstavkom","og_description":"Vozi\u010dek 4v1 iCandy z vrhunskim avtosede\u017eem BeSafe Go Beyond, ISOfix bazo in razli\u010dnimi dodatki","og_url":"https:\/\/najnaj.eu\/sl\/izdelek\/4v1-vozicek-icandy-peach-7-complete-bundle-truffle-avtosedez-besafe-s-podstavkom\/","og_site_name":"NajNaj.eu","article_publisher":"https:\/\/web.facebook.com\/najnaj.eu\/","article_modified_time":"2026-03-20T10:34:52+00:00","og_image":[{"width":1080,"height":1080,"url":"https:\/\/najnaj.eu\/wp-content\/uploads\/2025\/05\/truffle-go-beyond-4u1.jpg","type":"image\/jpeg"}],"twitter_card":"summary_large_image","twitter_misc":{"Availability":"Out of stock"},"schema":{"@context":"https:\/\/schema.org","@graph":[{"@type":"WebPage","@id":"https:\/\/najnaj.eu\/sl\/izdelek\/4v1-vozicek-icandy-peach-7-complete-bundle-truffle-avtosedez-besafe-s-podstavkom\/","url":"https:\/\/najnaj.eu\/sl\/izdelek\/4v1-vozicek-icandy-peach-7-complete-bundle-truffle-avtosedez-besafe-s-podstavkom\/","name":"4v1 vozi\u010dek iCandy Peach 7 Complete Bundle, Truffle + avtosede\u017e BeSafe s podstavkom - NajNaj.eu","isPartOf":{"@id":"https:\/\/najnaj.eu\/sl\/#website"},"primaryImageOfPage":{"@id":"https:\/\/najnaj.eu\/sl\/izdelek\/4v1-vozicek-icandy-peach-7-complete-bundle-truffle-avtosedez-besafe-s-podstavkom\/#primaryimage"},"image":{"@id":"https:\/\/najnaj.eu\/sl\/izdelek\/4v1-vozicek-icandy-peach-7-complete-bundle-truffle-avtosedez-besafe-s-podstavkom\/#primaryimage"},"thumbnailUrl":"https:\/\/najnaj.eu\/wp-content\/uploads\/2025\/05\/4u1-truffle.png","datePublished":"2025-05-21T08:25:50+00:00","dateModified":"2026-03-20T10:34:52+00:00","description":"Vozi\u010dek 4v1 iCandy z vrhunskim avtosede\u017eem BeSafe Go Beyond, ISOfix bazo in razli\u010dnimi dodatki","breadcrumb":{"@id":"https:\/\/najnaj.eu\/sl\/izdelek\/4v1-vozicek-icandy-peach-7-complete-bundle-truffle-avtosedez-besafe-s-podstavkom\/#breadcrumb"},"inLanguage":"sl-SI","potentialAction":[{"@type":"ReadAction","target":["https:\/\/najnaj.eu\/sl\/izdelek\/4v1-vozicek-icandy-peach-7-complete-bundle-truffle-avtosedez-besafe-s-podstavkom\/"]}]},{"@type":"ImageObject","inLanguage":"sl-SI","@id":"https:\/\/najnaj.eu\/sl\/izdelek\/4v1-vozicek-icandy-peach-7-complete-bundle-truffle-avtosedez-besafe-s-podstavkom\/#primaryimage","url":"https:\/\/najnaj.eu\/wp-content\/uploads\/2025\/05\/4u1-truffle.png","contentUrl":"https:\/\/najnaj.eu\/wp-content\/uploads\/2025\/05\/4u1-truffle.png","width":1080,"height":1080},{"@type":"BreadcrumbList","@id":"https:\/\/najnaj.eu\/sl\/izdelek\/4v1-vozicek-icandy-peach-7-complete-bundle-truffle-avtosedez-besafe-s-podstavkom\/#breadcrumb","itemListElement":[{"@type":"ListItem","position":1,"name":"Po\u010detna stranica","item":"https:\/\/najnaj.eu\/sl\/prednja-stran\/"},{"@type":"ListItem","position":2,"name":"Shop","item":"https:\/\/najnaj.eu\/sl\/shop\/"},{"@type":"ListItem","position":3,"name":"4v1 vozi\u010dek iCandy Peach 7 Complete Bundle, Truffle + avtosede\u017e BeSafe s podstavkom"}]},{"@type":"WebSite","@id":"https:\/\/najnaj.eu\/sl\/#website","url":"https:\/\/najnaj.eu\/sl\/","name":"NajNaj.eu","description":"Za najva\u017enije!","publisher":{"@id":"https:\/\/najnaj.eu\/sl\/#organization"},"potentialAction":[{"@type":"SearchAction","target":{"@type":"EntryPoint","urlTemplate":"https:\/\/najnaj.eu\/sl\/?s={search_term_string}"},"query-input":{"@type":"PropertyValueSpecification","valueRequired":true,"valueName":"search_term_string"}}],"inLanguage":"sl-SI"},{"@type":"Organization","@id":"https:\/\/najnaj.eu\/sl\/#organization","name":"NajNaj.eu","url":"https:\/\/najnaj.eu\/sl\/","logo":{"@type":"ImageObject","inLanguage":"sl-SI","@id":"https:\/\/najnaj.eu\/sl\/#\/schema\/logo\/image\/","url":"https:\/\/najnaj.eu\/wp-content\/uploads\/2023\/09\/logo_Najnaj_2023.svg","contentUrl":"https:\/\/najnaj.eu\/wp-content\/uploads\/2023\/09\/logo_Najnaj_2023.svg","width":501,"height":278,"caption":"NajNaj.eu"},"image":{"@id":"https:\/\/najnaj.eu\/sl\/#\/schema\/logo\/image\/"},"sameAs":["https:\/\/web.facebook.com\/najnaj.eu\/","https:\/\/www.instagram.com\/najnaj.eu\/","https:\/\/www.tiktok.com\/@najnaj.eu"]}]},"product_brand":"BeSafe","og_availability":"out of stock","product_availability":"out of stock","product_retailer_item_id":"IC2569-4u1","product_condition":"new"},"_links":{"self":[{"href":"https:\/\/najnaj.eu\/sl\/wp-json\/wp\/v2\/product\/251736","targetHints":{"allow":["GET"]}}],"collection":[{"href":"https:\/\/najnaj.eu\/sl\/wp-json\/wp\/v2\/product"}],"about":[{"href":"https:\/\/najnaj.eu\/sl\/wp-json\/wp\/v2\/types\/product"}],"replies":[{"embeddable":true,"href":"https:\/\/najnaj.eu\/sl\/wp-json\/wp\/v2\/comments?post=251736"}],"version-history":[{"count":0,"href":"https:\/\/najnaj.eu\/sl\/wp-json\/wp\/v2\/product\/251736\/revisions"}],"wp:featuredmedia":[{"embeddable":true,"href":"https:\/\/najnaj.eu\/sl\/wp-json\/wp\/v2\/media\/288816"}],"wp:attachment":[{"href":"https:\/\/najnaj.eu\/sl\/wp-json\/wp\/v2\/media?parent=251736"}],"wp:term":[{"taxonomy":"product_brand","embeddable":true,"href":"https:\/\/najnaj.eu\/sl\/wp-json\/wp\/v2\/product_brand?post=251736"},{"taxonomy":"product_cat","embeddable":true,"href":"https:\/\/najnaj.eu\/sl\/wp-json\/wp\/v2\/product_cat?post=251736"},{"taxonomy":"product_tag","embeddable":true,"href":"https:\/\/najnaj.eu\/sl\/wp-json\/wp\/v2\/product_tag?post=251736"}],"curies":[{"name":"wp","href":"https:\/\/api.w.org\/{rel}","templated":true}]}}