{"id":250891,"date":"2025-05-19T08:03:57","date_gmt":"2025-05-19T06:03:57","guid":{"rendered":"https:\/\/najnaj.eu\/?post_type=product&#038;p=250891"},"modified":"2026-03-24T10:49:21","modified_gmt":"2026-03-24T09:49:21","slug":"ergobaby-blazina-za-dojenje-s-pasom-siva-kopiraj","status":"publish","type":"product","link":"https:\/\/najnaj.eu\/sl\/izdelek\/ergobaby-blazina-za-dojenje-s-pasom-siva-kopiraj\/","title":{"rendered":"Ergobaby dojilna blazina s pasom &#8211; Starlight Cream"},"content":{"rendered":"<h1 class=\"alt-font\"><span data-text-color=\"secondary\">Udobno dojenje in povezovanje z otrokom.<\/span><\/h1>\n<p><strong>Ni\u010d ni tako naravno lepega kot dojenje. Vendar smo pogosto sli\u0161ali matere re\u010di, da je dojenje neprijetno in povzro\u010da bole\u010dine v hrbtu, zato smo pripravili re\u0161itev: <\/strong><br \/>\n<strong>Dojilna blazina Ergobaby je izdelana iz \u010dvrste pene in ima edinstveno zaobljeno obliko, ki pomaga dojen\u010dku namestiti trebu\u0161\u010dek v idealen polo\u017eaj za dojenje. To zagotavlja, da je va\u0161 dojen\u010dek pravilno name\u0161\u010den, da lahko udobno in varno sesa toliko mleka, kot \u017eeli. Dojen\u010dek je na pravi vi\u0161ini, tako da se mami med dojenjem ni treba sklanjati ali grbiti. Zahvaljujo\u010d \u010dvrsti strukturi blazine, ki s\u010dasoma ohrani svojo obliko, se udoben polo\u017eaj, ki ga mati in dojen\u010dek zavzameta na za\u010detku dojenja, ne bo spremenil. Na ta na\u010din blazina zagotavlja dolgotrajno in ergonomsko oporo.    <\/strong><\/p>\n<p><strong>Zna\u010dilnosti blazine za dojenje:<\/strong><\/p>\n<ul>\n<li>Edinstvena zaobljena oblika omogo\u010da idealen polo\u017eaj od trebuha do trebuha za udobnej\u0161e dojenje.<\/li>\n<li>Podpira otrokovo glavico nad trebu\u0161\u010dkom, kar olaj\u0161a dojenje in prispeva k bolj\u0161i prebavi.<\/li>\n<li>Zagotavlja, da je dojen\u010dek name\u0161\u010den v udobnem polo\u017eaju na ustrezni vi\u0161ini, kar materam olaj\u0161a dojenje in s tem zmanj\u0161a bole\u010dine v hrbtenici.<\/li>\n<li>Gosta, \u010dvrsta pena s\u010dasoma ohrani svojo obliko in zagotavlja dolgotrajno oporo.<\/li>\n<li>Blazina je ovita okoli pasu in nudi oporo in podporo materinim rokam.<\/li>\n<li>Zasnovano v sodelovanju s strokovnjaki za dojenje in \u0161tevilnimi doje\u010dimi materami.<\/li>\n<li>Notranja podloga blazine je vodoodporna.<\/li>\n<li>Udobna in mehka prevleka za vzglavnik je ne\u017ena do otro\u0161ke ko\u017ee in jo je mogo\u010de sneti ter oprati v pralnem stroju.<\/li>\n<li>Na voljo je tudi dodatno oblazinjenje v rjavi, rumeni in sivi barvi.<\/li>\n<\/ul>\n<p><strong>Sestava:<\/strong><br \/>\n Vzglavnik 100 % poliester;<br \/>\n Oblazinjenje 100 % bomba\u017e in 100 % poliester na pli\u0161astem delu oblazinjenja<\/p>\n","protected":false},"excerpt":{"rendered":"<p><strong>Ergobaby blazina za dojenje<\/strong><\/p>\n<ul>\n<li>zagotavlja dolgotrajno podporo za udobno dojenje in navezovanje stikov z va\u0161im dojen\u010dkom<\/li>\n<\/ul>\n","protected":false},"featured_media":250898,"comment_status":"open","ping_status":"closed","template":"","meta":{"_acf_changed":false,"footnotes":""},"product_brand":[],"product_cat":[1141,1140],"product_tag":[],"class_list":{"0":"post-250891","1":"product","2":"type-product","3":"status-publish","4":"has-post-thumbnail","6":"product_cat-jastuci-za-dojenje-sl","7":"product_cat-dojenje-sl","8":"pa_boja-siva-sl","9":"pa_brand-ergobaby-sl","11":"first","12":"outofstock","13":"purchasable","14":"product-type-simple"},"bundled_by":[],"bundle_stock_status":"outofstock","bundle_stock_quantity":0,"bundle_virtual":false,"bundle_layout":"","bundle_add_to_cart_form_location":"","bundle_editable_in_cart":false,"bundle_sold_individually_context":"","bundle_item_grouping":"","bundle_min_size":"","bundle_max_size":"","bundle_price":[],"bundled_items":[],"bundle_sell_ids":[],"acf":[],"yoast_head":"<!-- This site is optimized with the Yoast SEO Premium plugin v21.5 (Yoast SEO v27.3) - https:\/\/yoast.com\/product\/yoast-seo-premium-wordpress\/ -->\n<title>Ergobaby dojilna blazina s pasom - Starlight Cream - NajNaj.eu<\/title>\n<meta name=\"robots\" content=\"index, follow, max-snippet:-1, max-image-preview:large, max-video-preview:-1\" \/>\n<link rel=\"canonical\" href=\"https:\/\/najnaj.eu\/sl\/izdelek\/ergobaby-blazina-za-dojenje-s-pasom-siva-kopiraj\/\" \/>\n<meta property=\"og:locale\" content=\"sl_SI\" \/>\n<meta property=\"og:type\" content=\"article\" \/>\n<meta property=\"og:title\" content=\"Ergobaby dojilna blazina s pasom - Starlight Cream\" \/>\n<meta property=\"og:description\" content=\"Ergobaby blazina za dojenje  zagotavlja dolgotrajno podporo za udobno dojenje in navezovanje stikov z va\u0161im dojen\u010dkom\" \/>\n<meta property=\"og:url\" content=\"https:\/\/najnaj.eu\/sl\/izdelek\/ergobaby-blazina-za-dojenje-s-pasom-siva-kopiraj\/\" \/>\n<meta property=\"og:site_name\" content=\"NajNaj.eu\" \/>\n<meta property=\"article:publisher\" content=\"https:\/\/web.facebook.com\/najnaj.eu\/\" \/>\n<meta property=\"article:modified_time\" content=\"2026-03-24T09:49:21+00:00\" \/>\n<meta property=\"og:image\" content=\"https:\/\/najnaj.eu\/wp-content\/uploads\/2025\/05\/ergobaby-nursing-pillow-starlight-cream-product-NA-inperp.jpg\" \/>\n\t<meta property=\"og:image:width\" content=\"2400\" \/>\n\t<meta property=\"og:image:height\" content=\"1791\" \/>\n\t<meta property=\"og:image:type\" content=\"image\/jpeg\" \/>\n<meta name=\"twitter:card\" content=\"summary_large_image\" \/>\n<meta name=\"twitter:label1\" content=\"Price\" \/>\n\t<meta name=\"twitter:data1\" content=\"59,90&nbsp;&euro;\" \/>\n\t<meta name=\"twitter:label2\" content=\"Availability\" \/>\n\t<meta name=\"twitter:data2\" content=\"Out of stock\" \/>\n<script type=\"application\/ld+json\" class=\"yoast-schema-graph\">{\"@context\":\"https:\\\/\\\/schema.org\",\"@graph\":[{\"@type\":\"WebPage\",\"@id\":\"https:\\\/\\\/najnaj.eu\\\/sl\\\/izdelek\\\/ergobaby-blazina-za-dojenje-s-pasom-siva-kopiraj\\\/\",\"url\":\"https:\\\/\\\/najnaj.eu\\\/sl\\\/izdelek\\\/ergobaby-blazina-za-dojenje-s-pasom-siva-kopiraj\\\/\",\"name\":\"Ergobaby dojilna blazina s pasom - Starlight Cream - NajNaj.eu\",\"isPartOf\":{\"@id\":\"https:\\\/\\\/najnaj.eu\\\/sl\\\/#website\"},\"primaryImageOfPage\":{\"@id\":\"https:\\\/\\\/najnaj.eu\\\/sl\\\/izdelek\\\/ergobaby-blazina-za-dojenje-s-pasom-siva-kopiraj\\\/#primaryimage\"},\"image\":{\"@id\":\"https:\\\/\\\/najnaj.eu\\\/sl\\\/izdelek\\\/ergobaby-blazina-za-dojenje-s-pasom-siva-kopiraj\\\/#primaryimage\"},\"thumbnailUrl\":\"https:\\\/\\\/najnaj.eu\\\/wp-content\\\/uploads\\\/2025\\\/05\\\/ergobaby-nursing-pillow-starlight-cream-product-NA-inperp.jpg\",\"datePublished\":\"2025-05-19T06:03:57+00:00\",\"dateModified\":\"2026-03-24T09:49:21+00:00\",\"breadcrumb\":{\"@id\":\"https:\\\/\\\/najnaj.eu\\\/sl\\\/izdelek\\\/ergobaby-blazina-za-dojenje-s-pasom-siva-kopiraj\\\/#breadcrumb\"},\"inLanguage\":\"sl-SI\",\"potentialAction\":[{\"@type\":\"ReadAction\",\"target\":[\"https:\\\/\\\/najnaj.eu\\\/sl\\\/izdelek\\\/ergobaby-blazina-za-dojenje-s-pasom-siva-kopiraj\\\/\"]}]},{\"@type\":\"ImageObject\",\"inLanguage\":\"sl-SI\",\"@id\":\"https:\\\/\\\/najnaj.eu\\\/sl\\\/izdelek\\\/ergobaby-blazina-za-dojenje-s-pasom-siva-kopiraj\\\/#primaryimage\",\"url\":\"https:\\\/\\\/najnaj.eu\\\/wp-content\\\/uploads\\\/2025\\\/05\\\/ergobaby-nursing-pillow-starlight-cream-product-NA-inperp.jpg\",\"contentUrl\":\"https:\\\/\\\/najnaj.eu\\\/wp-content\\\/uploads\\\/2025\\\/05\\\/ergobaby-nursing-pillow-starlight-cream-product-NA-inperp.jpg\",\"width\":2400,\"height\":1791,\"caption\":\"\u0160ifra artikla: NPASTRCRMSTPNA Specifi\u010dno za predpise Severne Amerike.\"},{\"@type\":\"BreadcrumbList\",\"@id\":\"https:\\\/\\\/najnaj.eu\\\/sl\\\/izdelek\\\/ergobaby-blazina-za-dojenje-s-pasom-siva-kopiraj\\\/#breadcrumb\",\"itemListElement\":[{\"@type\":\"ListItem\",\"position\":1,\"name\":\"Po\u010detna stranica\",\"item\":\"https:\\\/\\\/najnaj.eu\\\/sl\\\/prednja-stran\\\/\"},{\"@type\":\"ListItem\",\"position\":2,\"name\":\"Shop\",\"item\":\"https:\\\/\\\/najnaj.eu\\\/sl\\\/shop\\\/\"},{\"@type\":\"ListItem\",\"position\":3,\"name\":\"Ergobaby dojilna blazina s pasom &#8211; Starlight Cream\"}]},{\"@type\":\"WebSite\",\"@id\":\"https:\\\/\\\/najnaj.eu\\\/sl\\\/#website\",\"url\":\"https:\\\/\\\/najnaj.eu\\\/sl\\\/\",\"name\":\"NajNaj.eu\",\"description\":\"Za najva\u017enije!\",\"publisher\":{\"@id\":\"https:\\\/\\\/najnaj.eu\\\/sl\\\/#organization\"},\"potentialAction\":[{\"@type\":\"SearchAction\",\"target\":{\"@type\":\"EntryPoint\",\"urlTemplate\":\"https:\\\/\\\/najnaj.eu\\\/sl\\\/?s={search_term_string}\"},\"query-input\":{\"@type\":\"PropertyValueSpecification\",\"valueRequired\":true,\"valueName\":\"search_term_string\"}}],\"inLanguage\":\"sl-SI\"},{\"@type\":\"Organization\",\"@id\":\"https:\\\/\\\/najnaj.eu\\\/sl\\\/#organization\",\"name\":\"NajNaj.eu\",\"url\":\"https:\\\/\\\/najnaj.eu\\\/sl\\\/\",\"logo\":{\"@type\":\"ImageObject\",\"inLanguage\":\"sl-SI\",\"@id\":\"https:\\\/\\\/najnaj.eu\\\/sl\\\/#\\\/schema\\\/logo\\\/image\\\/\",\"url\":\"https:\\\/\\\/najnaj.eu\\\/wp-content\\\/uploads\\\/2023\\\/09\\\/logo_Najnaj_2023.svg\",\"contentUrl\":\"https:\\\/\\\/najnaj.eu\\\/wp-content\\\/uploads\\\/2023\\\/09\\\/logo_Najnaj_2023.svg\",\"width\":501,\"height\":278,\"caption\":\"NajNaj.eu\"},\"image\":{\"@id\":\"https:\\\/\\\/najnaj.eu\\\/sl\\\/#\\\/schema\\\/logo\\\/image\\\/\"},\"sameAs\":[\"https:\\\/\\\/web.facebook.com\\\/najnaj.eu\\\/\",\"https:\\\/\\\/www.instagram.com\\\/najnaj.eu\\\/\",\"https:\\\/\\\/www.tiktok.com\\\/@najnaj.eu\"]}]}<\/script>\n<meta property=\"product:brand\" content=\"Ergobaby\" \/>\n<meta property=\"product:price:amount\" content=\"59.90\" \/>\n<meta property=\"product:price:currency\" content=\"EUR\" \/>\n<meta property=\"og:availability\" content=\"out of stock\" \/>\n<meta property=\"product:availability\" content=\"out of stock\" \/>\n<meta property=\"product:retailer_item_id\" content=\"NPASTRCRMSTP\" \/>\n<meta property=\"product:condition\" content=\"new\" \/>\n<!-- \/ Yoast SEO Premium plugin. -->","yoast_head_json":{"title":"Ergobaby dojilna blazina s pasom - Starlight Cream - NajNaj.eu","robots":{"index":"index","follow":"follow","max-snippet":"max-snippet:-1","max-image-preview":"max-image-preview:large","max-video-preview":"max-video-preview:-1"},"canonical":"https:\/\/najnaj.eu\/sl\/izdelek\/ergobaby-blazina-za-dojenje-s-pasom-siva-kopiraj\/","og_locale":"sl_SI","og_type":"article","og_title":"Ergobaby dojilna blazina s pasom - Starlight Cream","og_description":"Ergobaby blazina za dojenje  zagotavlja dolgotrajno podporo za udobno dojenje in navezovanje stikov z va\u0161im dojen\u010dkom","og_url":"https:\/\/najnaj.eu\/sl\/izdelek\/ergobaby-blazina-za-dojenje-s-pasom-siva-kopiraj\/","og_site_name":"NajNaj.eu","article_publisher":"https:\/\/web.facebook.com\/najnaj.eu\/","article_modified_time":"2026-03-24T09:49:21+00:00","og_image":[{"width":2400,"height":1791,"url":"https:\/\/najnaj.eu\/wp-content\/uploads\/2025\/05\/ergobaby-nursing-pillow-starlight-cream-product-NA-inperp.jpg","type":"image\/jpeg"}],"twitter_card":"summary_large_image","twitter_misc":{"Price":"59,90&nbsp;&euro;","Availability":"Out of stock"},"schema":{"@context":"https:\/\/schema.org","@graph":[{"@type":"WebPage","@id":"https:\/\/najnaj.eu\/sl\/izdelek\/ergobaby-blazina-za-dojenje-s-pasom-siva-kopiraj\/","url":"https:\/\/najnaj.eu\/sl\/izdelek\/ergobaby-blazina-za-dojenje-s-pasom-siva-kopiraj\/","name":"Ergobaby dojilna blazina s pasom - Starlight Cream - NajNaj.eu","isPartOf":{"@id":"https:\/\/najnaj.eu\/sl\/#website"},"primaryImageOfPage":{"@id":"https:\/\/najnaj.eu\/sl\/izdelek\/ergobaby-blazina-za-dojenje-s-pasom-siva-kopiraj\/#primaryimage"},"image":{"@id":"https:\/\/najnaj.eu\/sl\/izdelek\/ergobaby-blazina-za-dojenje-s-pasom-siva-kopiraj\/#primaryimage"},"thumbnailUrl":"https:\/\/najnaj.eu\/wp-content\/uploads\/2025\/05\/ergobaby-nursing-pillow-starlight-cream-product-NA-inperp.jpg","datePublished":"2025-05-19T06:03:57+00:00","dateModified":"2026-03-24T09:49:21+00:00","breadcrumb":{"@id":"https:\/\/najnaj.eu\/sl\/izdelek\/ergobaby-blazina-za-dojenje-s-pasom-siva-kopiraj\/#breadcrumb"},"inLanguage":"sl-SI","potentialAction":[{"@type":"ReadAction","target":["https:\/\/najnaj.eu\/sl\/izdelek\/ergobaby-blazina-za-dojenje-s-pasom-siva-kopiraj\/"]}]},{"@type":"ImageObject","inLanguage":"sl-SI","@id":"https:\/\/najnaj.eu\/sl\/izdelek\/ergobaby-blazina-za-dojenje-s-pasom-siva-kopiraj\/#primaryimage","url":"https:\/\/najnaj.eu\/wp-content\/uploads\/2025\/05\/ergobaby-nursing-pillow-starlight-cream-product-NA-inperp.jpg","contentUrl":"https:\/\/najnaj.eu\/wp-content\/uploads\/2025\/05\/ergobaby-nursing-pillow-starlight-cream-product-NA-inperp.jpg","width":2400,"height":1791,"caption":"\u0160ifra artikla: NPASTRCRMSTPNA Specifi\u010dno za predpise Severne Amerike."},{"@type":"BreadcrumbList","@id":"https:\/\/najnaj.eu\/sl\/izdelek\/ergobaby-blazina-za-dojenje-s-pasom-siva-kopiraj\/#breadcrumb","itemListElement":[{"@type":"ListItem","position":1,"name":"Po\u010detna stranica","item":"https:\/\/najnaj.eu\/sl\/prednja-stran\/"},{"@type":"ListItem","position":2,"name":"Shop","item":"https:\/\/najnaj.eu\/sl\/shop\/"},{"@type":"ListItem","position":3,"name":"Ergobaby dojilna blazina s pasom &#8211; Starlight Cream"}]},{"@type":"WebSite","@id":"https:\/\/najnaj.eu\/sl\/#website","url":"https:\/\/najnaj.eu\/sl\/","name":"NajNaj.eu","description":"Za najva\u017enije!","publisher":{"@id":"https:\/\/najnaj.eu\/sl\/#organization"},"potentialAction":[{"@type":"SearchAction","target":{"@type":"EntryPoint","urlTemplate":"https:\/\/najnaj.eu\/sl\/?s={search_term_string}"},"query-input":{"@type":"PropertyValueSpecification","valueRequired":true,"valueName":"search_term_string"}}],"inLanguage":"sl-SI"},{"@type":"Organization","@id":"https:\/\/najnaj.eu\/sl\/#organization","name":"NajNaj.eu","url":"https:\/\/najnaj.eu\/sl\/","logo":{"@type":"ImageObject","inLanguage":"sl-SI","@id":"https:\/\/najnaj.eu\/sl\/#\/schema\/logo\/image\/","url":"https:\/\/najnaj.eu\/wp-content\/uploads\/2023\/09\/logo_Najnaj_2023.svg","contentUrl":"https:\/\/najnaj.eu\/wp-content\/uploads\/2023\/09\/logo_Najnaj_2023.svg","width":501,"height":278,"caption":"NajNaj.eu"},"image":{"@id":"https:\/\/najnaj.eu\/sl\/#\/schema\/logo\/image\/"},"sameAs":["https:\/\/web.facebook.com\/najnaj.eu\/","https:\/\/www.instagram.com\/najnaj.eu\/","https:\/\/www.tiktok.com\/@najnaj.eu"]}]},"product_brand":"Ergobaby","product_price_amount":"59.90","product_price_currency":"EUR","og_availability":"out of stock","product_availability":"out of stock","product_retailer_item_id":"NPASTRCRMSTP","product_condition":"new"},"_links":{"self":[{"href":"https:\/\/najnaj.eu\/sl\/wp-json\/wp\/v2\/product\/250891","targetHints":{"allow":["GET"]}}],"collection":[{"href":"https:\/\/najnaj.eu\/sl\/wp-json\/wp\/v2\/product"}],"about":[{"href":"https:\/\/najnaj.eu\/sl\/wp-json\/wp\/v2\/types\/product"}],"replies":[{"embeddable":true,"href":"https:\/\/najnaj.eu\/sl\/wp-json\/wp\/v2\/comments?post=250891"}],"version-history":[{"count":0,"href":"https:\/\/najnaj.eu\/sl\/wp-json\/wp\/v2\/product\/250891\/revisions"}],"wp:featuredmedia":[{"embeddable":true,"href":"https:\/\/najnaj.eu\/sl\/wp-json\/wp\/v2\/media\/250898"}],"wp:attachment":[{"href":"https:\/\/najnaj.eu\/sl\/wp-json\/wp\/v2\/media?parent=250891"}],"wp:term":[{"taxonomy":"product_brand","embeddable":true,"href":"https:\/\/najnaj.eu\/sl\/wp-json\/wp\/v2\/product_brand?post=250891"},{"taxonomy":"product_cat","embeddable":true,"href":"https:\/\/najnaj.eu\/sl\/wp-json\/wp\/v2\/product_cat?post=250891"},{"taxonomy":"product_tag","embeddable":true,"href":"https:\/\/najnaj.eu\/sl\/wp-json\/wp\/v2\/product_tag?post=250891"}],"curies":[{"name":"wp","href":"https:\/\/api.w.org\/{rel}","templated":true}]}}