{"id":249995,"date":"2024-05-15T12:08:20","date_gmt":"2024-05-15T10:08:20","guid":{"rendered":"https:\/\/najnaj.eu\/proizvod\/voksi-carry-me-mehka-kosara-za-prenasanje-seashell-sand\/"},"modified":"2024-05-15T12:08:20","modified_gmt":"2024-05-15T10:08:20","slug":"voksi-carry-me-mehka-kosara-za-prenasanje-seashell-sand","status":"publish","type":"product","link":"https:\/\/najnaj.eu\/sl\/izdelek\/voksi-carry-me-mehka-kosara-za-prenasanje-seashell-sand\/","title":{"rendered":"Voksi Carry Me, mehka ko\u0161ara za prena\u0161anje Seashell Sand"},"content":{"rendered":"<p>Voksi Carry Me bo va\u0161emu otroku slu\u017eil kot znan in tola\u017eilen prostor \u2013 spanje, po\u010ditek in igranje bo veliko la\u017eje. Izdelek se dobro prilega vsem otro\u0161kim vozi\u010dkom. Voksi Carry Me je prakti\u010den tako za notranjo kot zunanjo uporabo in omogo\u010da nemoten prehod iz dreme\u017ea na prostem v prijetne trenutke v zaprtih prostorih, kar zagotavlja enostavno prenosljivost in maksimalno udobje za va\u0161ega dojen\u010dka. Izdelek je primeren za dojen\u010dka, ki ne more samostojno sedeti, se prevra\u010dati in se ne more postaviti na roke in kolena. Vsi materiali v izdelku Voksi Carry Me so certificirani po standardu OEKO-TEX 100, razred 1, kar je znak kakovosti, ki dokazuje, da noben material v izdelku ne vsebuje \u0161kodljivih kemikalij. Izdelka ni treba oprati pred uporabo.     <\/p>\n<p>Voksi Carry Me je na notranji strani v celoti prekrit s 3D mre\u017eico, ki zagotavlja zra\u010den, udoben in varen prostor za va\u0161ega dojen\u010dka. Prilo\u017eena je enostavno pralna vzmetnica iz organskega bomba\u017ea in 3D mre\u017eice, zaradi \u010desar je to mehak prostor za le\u017eanje va\u0161ega dojen\u010dka. Notranja plo\u0161\u010da iz poliestrskih vlaken zagotavlja trdnost izdelka. Za razliko od drugih podobnih izdelkov na trgu, ki imajo notranjost, napolnjeno s peno, se Voksi zavestno izogiba njeni uporabi, da bi prispeval k okolju prijaznej\u0161im pobudam. Zunanja tkanina je izdelana iz recikliranega poliestra, spodnja stran pa ima povr\u0161ino, ki jo je enostavno obrisati, da ostane \u010dista v vsakdanjem \u017eivljenju. Prevleka ko\u0161are je odporna na veter in vodo ter zagotavlja dodatno za\u0161\u010dito in se enostavno zapre.     <\/p>\n<p>Inovativna funkcija Voksi Soft ReleaseTM omogo\u010da dostop do ro\u010dajev le, ko so vogali zaklenjeni in dvignjeni. Zaradi te funkcije je prena\u0161anje varnej\u0161e, saj pri uporabi ro\u010dajev povle\u010dete vogale navzgor. Funkcija mehkega spro\u0161\u010danja je tiha, zato ne boste motili dojen\u010dka med spanjem, ko boste spustili vogale in mu dali ve\u010d prostora. Z Voksi Carry Me je enostavno sprostiti vsak vogal posebej, samo odprite stran ali dno ko\u0161are in ustvarite udoben prostor za dojen\u010dka. Ko\u0161aro vedno postavite na ravno in varno povr\u0161ino, da prepre\u010dite, da bi se dojen\u010dek skotalil.    <\/p>\n<p>Izdelek izpolnjuje posodobljeno razli\u010dico varnostnih zahtev evropskega standarda EN 1466:2023.<br \/>\n Nikoli ne pu\u0161\u010dajte otroka brez nadzora. Ni priporo\u010dljivo uporabljati tega izdelka za spanje dojen\u010dka in druge osebe na isti povr\u0161ini. Za pravilno uporabo vedno preberite in upo\u0161tevajte navodila in opozorila na izdelku.  <\/p>\n","protected":false},"excerpt":{"rendered":"<p>Voksi\u00ae Carry Me je zra\u010dna in mehka prenosna ko\u0161ara, ki zagotavlja udoben prostor za va\u0161ega otroka in vam olaj\u0161a vsakdanje \u017eivljenje.<\/p>\n<p>Voksi Carry Me je primeren za novorojen\u010dke in dojen\u010dke do 6 mesecev starosti (najve\u010d 9 kg) in ga je mogo\u010de razgrniti. Nosite svojega dojen\u010dka varno in mu zagotovite za\u0161\u010dito, toplino in objem. Popolno doma ali na poti.  <\/p>\n","protected":false},"featured_media":297558,"comment_status":"open","ping_status":"closed","template":"","meta":{"_acf_changed":false,"footnotes":""},"product_brand":[],"product_cat":[1152,1128,2115,1180],"product_tag":[],"class_list":{"0":"post-249995","1":"product","2":"type-product","3":"status-publish","4":"has-post-thumbnail","6":"product_cat-dodaci-za-kolica-sl","7":"product_cat-otroski-vozicki","8":"product_cat-prenosna-kosara","9":"product_cat-proizvodi-sl","10":"pa_boja-bez-sl","11":"pa_brand-voksi-sl","13":"first","14":"instock","15":"shipping-taxable","16":"purchasable","17":"product-type-simple"},"bundled_by":[],"bundle_stock_status":"instock","bundle_stock_quantity":13,"bundle_virtual":false,"bundle_layout":"","bundle_add_to_cart_form_location":"","bundle_editable_in_cart":false,"bundle_sold_individually_context":"","bundle_item_grouping":"","bundle_min_size":"","bundle_max_size":"","bundle_price":[],"bundled_items":[],"bundle_sell_ids":[],"acf":[],"yoast_head":"<!-- This site is optimized with the Yoast SEO Premium plugin v21.5 (Yoast SEO v27.4) - https:\/\/yoast.com\/product\/yoast-seo-premium-wordpress\/ -->\n<title>Voksi Carry Me, mehka ko\u0161ara za prena\u0161anje Seashell Sand - NajNaj.eu<\/title>\n<meta name=\"robots\" content=\"index, follow, max-snippet:-1, max-image-preview:large, max-video-preview:-1\" \/>\n<link rel=\"canonical\" href=\"https:\/\/najnaj.eu\/sl\/izdelek\/voksi-carry-me-mehka-kosara-za-prenasanje-seashell-sand\/\" \/>\n<meta property=\"og:locale\" content=\"sl_SI\" \/>\n<meta property=\"og:type\" content=\"article\" \/>\n<meta property=\"og:title\" content=\"Voksi Carry Me, mehka ko\u0161ara za prena\u0161anje Seashell Sand\" \/>\n<meta property=\"og:description\" content=\"Voksi\u00ae Carry Me je zra\u010dna in mehka prenosna ko\u0161ara, ki zagotavlja udoben prostor za va\u0161ega otroka in vam olaj\u0161a vsakdanje \u017eivljenje. Voksi Carry Me je primeren za novorojen\u010dke in dojen\u010dke do 6 mesecev starosti (najve\u010d 9 kg) in ga je mogo\u010de razgrniti. Nosite svojega dojen\u010dka varno in mu zagotovite za\u0161\u010dito, toplino in objem. Popolno doma ali na poti.\" \/>\n<meta property=\"og:url\" content=\"https:\/\/najnaj.eu\/sl\/izdelek\/voksi-carry-me-mehka-kosara-za-prenasanje-seashell-sand\/\" \/>\n<meta property=\"og:site_name\" content=\"NajNaj.eu\" \/>\n<meta property=\"article:publisher\" content=\"https:\/\/web.facebook.com\/najnaj.eu\/\" \/>\n<meta property=\"og:image\" content=\"https:\/\/najnaj.eu\/wp-content\/uploads\/2024\/05\/11036251-Seashellsa-Cream-1.jpg\" \/>\n\t<meta property=\"og:image:width\" content=\"2400\" \/>\n\t<meta property=\"og:image:height\" content=\"2400\" \/>\n\t<meta property=\"og:image:type\" content=\"image\/jpeg\" \/>\n<meta name=\"twitter:card\" content=\"summary_large_image\" \/>\n<meta name=\"twitter:label1\" content=\"Price\" \/>\n\t<meta name=\"twitter:data1\" content=\"159,90&nbsp;&euro;\" \/>\n\t<meta name=\"twitter:label2\" content=\"Availability\" \/>\n\t<meta name=\"twitter:data2\" content=\"In stock\" \/>\n<script type=\"application\/ld+json\" class=\"yoast-schema-graph\">{\"@context\":\"https:\\\/\\\/schema.org\",\"@graph\":[{\"@type\":\"WebPage\",\"@id\":\"https:\\\/\\\/najnaj.eu\\\/sl\\\/izdelek\\\/voksi-carry-me-mehka-kosara-za-prenasanje-seashell-sand\\\/\",\"url\":\"https:\\\/\\\/najnaj.eu\\\/sl\\\/izdelek\\\/voksi-carry-me-mehka-kosara-za-prenasanje-seashell-sand\\\/\",\"name\":\"Voksi Carry Me, mehka ko\u0161ara za prena\u0161anje Seashell Sand - NajNaj.eu\",\"isPartOf\":{\"@id\":\"https:\\\/\\\/najnaj.eu\\\/sl\\\/#website\"},\"primaryImageOfPage\":{\"@id\":\"https:\\\/\\\/najnaj.eu\\\/sl\\\/izdelek\\\/voksi-carry-me-mehka-kosara-za-prenasanje-seashell-sand\\\/#primaryimage\"},\"image\":{\"@id\":\"https:\\\/\\\/najnaj.eu\\\/sl\\\/izdelek\\\/voksi-carry-me-mehka-kosara-za-prenasanje-seashell-sand\\\/#primaryimage\"},\"thumbnailUrl\":\"https:\\\/\\\/najnaj.eu\\\/wp-content\\\/uploads\\\/2024\\\/05\\\/11036251_Voksi_CarryMe_SeashellSand_Top.jpg\",\"datePublished\":\"2024-05-15T10:08:20+00:00\",\"breadcrumb\":{\"@id\":\"https:\\\/\\\/najnaj.eu\\\/sl\\\/izdelek\\\/voksi-carry-me-mehka-kosara-za-prenasanje-seashell-sand\\\/#breadcrumb\"},\"inLanguage\":\"sl-SI\",\"potentialAction\":[{\"@type\":\"ReadAction\",\"target\":[\"https:\\\/\\\/najnaj.eu\\\/sl\\\/izdelek\\\/voksi-carry-me-mehka-kosara-za-prenasanje-seashell-sand\\\/\"]}]},{\"@type\":\"ImageObject\",\"inLanguage\":\"sl-SI\",\"@id\":\"https:\\\/\\\/najnaj.eu\\\/sl\\\/izdelek\\\/voksi-carry-me-mehka-kosara-za-prenasanje-seashell-sand\\\/#primaryimage\",\"url\":\"https:\\\/\\\/najnaj.eu\\\/wp-content\\\/uploads\\\/2024\\\/05\\\/11036251_Voksi_CarryMe_SeashellSand_Top.jpg\",\"contentUrl\":\"https:\\\/\\\/najnaj.eu\\\/wp-content\\\/uploads\\\/2024\\\/05\\\/11036251_Voksi_CarryMe_SeashellSand_Top.jpg\",\"width\":1000,\"height\":1000},{\"@type\":\"BreadcrumbList\",\"@id\":\"https:\\\/\\\/najnaj.eu\\\/sl\\\/izdelek\\\/voksi-carry-me-mehka-kosara-za-prenasanje-seashell-sand\\\/#breadcrumb\",\"itemListElement\":[{\"@type\":\"ListItem\",\"position\":1,\"name\":\"Po\u010detna stranica\",\"item\":\"https:\\\/\\\/najnaj.eu\\\/sl\\\/prednja-stran\\\/\"},{\"@type\":\"ListItem\",\"position\":2,\"name\":\"Shop\",\"item\":\"https:\\\/\\\/najnaj.eu\\\/sl\\\/shop\\\/\"},{\"@type\":\"ListItem\",\"position\":3,\"name\":\"Voksi Carry Me, mehka ko\u0161ara za prena\u0161anje Seashell Sand\"}]},{\"@type\":\"WebSite\",\"@id\":\"https:\\\/\\\/najnaj.eu\\\/sl\\\/#website\",\"url\":\"https:\\\/\\\/najnaj.eu\\\/sl\\\/\",\"name\":\"NajNaj.eu\",\"description\":\"Za najva\u017enije!\",\"publisher\":{\"@id\":\"https:\\\/\\\/najnaj.eu\\\/sl\\\/#organization\"},\"potentialAction\":[{\"@type\":\"SearchAction\",\"target\":{\"@type\":\"EntryPoint\",\"urlTemplate\":\"https:\\\/\\\/najnaj.eu\\\/sl\\\/?s={search_term_string}\"},\"query-input\":{\"@type\":\"PropertyValueSpecification\",\"valueRequired\":true,\"valueName\":\"search_term_string\"}}],\"inLanguage\":\"sl-SI\"},{\"@type\":\"Organization\",\"@id\":\"https:\\\/\\\/najnaj.eu\\\/sl\\\/#organization\",\"name\":\"NajNaj.eu\",\"url\":\"https:\\\/\\\/najnaj.eu\\\/sl\\\/\",\"logo\":{\"@type\":\"ImageObject\",\"inLanguage\":\"sl-SI\",\"@id\":\"https:\\\/\\\/najnaj.eu\\\/sl\\\/#\\\/schema\\\/logo\\\/image\\\/\",\"url\":\"https:\\\/\\\/najnaj.eu\\\/wp-content\\\/uploads\\\/2023\\\/09\\\/logo_Najnaj_2023.svg\",\"contentUrl\":\"https:\\\/\\\/najnaj.eu\\\/wp-content\\\/uploads\\\/2023\\\/09\\\/logo_Najnaj_2023.svg\",\"width\":501,\"height\":278,\"caption\":\"NajNaj.eu\"},\"image\":{\"@id\":\"https:\\\/\\\/najnaj.eu\\\/sl\\\/#\\\/schema\\\/logo\\\/image\\\/\"},\"sameAs\":[\"https:\\\/\\\/web.facebook.com\\\/najnaj.eu\\\/\",\"https:\\\/\\\/www.instagram.com\\\/najnaj.eu\\\/\",\"https:\\\/\\\/www.tiktok.com\\\/@najnaj.eu\"]}]}<\/script>\n<meta property=\"product:brand\" content=\"Voksi\" \/>\n<meta property=\"product:price:amount\" content=\"159.90\" \/>\n<meta property=\"product:price:currency\" content=\"EUR\" \/>\n<meta property=\"og:availability\" content=\"instock\" \/>\n<meta property=\"product:availability\" content=\"instock\" \/>\n<meta property=\"product:retailer_item_id\" content=\"11036251-SeashellSa-Leaf\" \/>\n<meta property=\"product:condition\" content=\"new\" \/>\n<!-- \/ Yoast SEO Premium plugin. -->","yoast_head_json":{"title":"Voksi Carry Me, mehka ko\u0161ara za prena\u0161anje Seashell Sand - NajNaj.eu","robots":{"index":"index","follow":"follow","max-snippet":"max-snippet:-1","max-image-preview":"max-image-preview:large","max-video-preview":"max-video-preview:-1"},"canonical":"https:\/\/najnaj.eu\/sl\/izdelek\/voksi-carry-me-mehka-kosara-za-prenasanje-seashell-sand\/","og_locale":"sl_SI","og_type":"article","og_title":"Voksi Carry Me, mehka ko\u0161ara za prena\u0161anje Seashell Sand","og_description":"Voksi\u00ae Carry Me je zra\u010dna in mehka prenosna ko\u0161ara, ki zagotavlja udoben prostor za va\u0161ega otroka in vam olaj\u0161a vsakdanje \u017eivljenje. Voksi Carry Me je primeren za novorojen\u010dke in dojen\u010dke do 6 mesecev starosti (najve\u010d 9 kg) in ga je mogo\u010de razgrniti. Nosite svojega dojen\u010dka varno in mu zagotovite za\u0161\u010dito, toplino in objem. Popolno doma ali na poti.","og_url":"https:\/\/najnaj.eu\/sl\/izdelek\/voksi-carry-me-mehka-kosara-za-prenasanje-seashell-sand\/","og_site_name":"NajNaj.eu","article_publisher":"https:\/\/web.facebook.com\/najnaj.eu\/","og_image":[{"width":2400,"height":2400,"url":"https:\/\/najnaj.eu\/wp-content\/uploads\/2024\/05\/11036251-Seashellsa-Cream-1.jpg","type":"image\/jpeg"}],"twitter_card":"summary_large_image","twitter_misc":{"Price":"159,90&nbsp;&euro;","Availability":"In stock"},"schema":{"@context":"https:\/\/schema.org","@graph":[{"@type":"WebPage","@id":"https:\/\/najnaj.eu\/sl\/izdelek\/voksi-carry-me-mehka-kosara-za-prenasanje-seashell-sand\/","url":"https:\/\/najnaj.eu\/sl\/izdelek\/voksi-carry-me-mehka-kosara-za-prenasanje-seashell-sand\/","name":"Voksi Carry Me, mehka ko\u0161ara za prena\u0161anje Seashell Sand - NajNaj.eu","isPartOf":{"@id":"https:\/\/najnaj.eu\/sl\/#website"},"primaryImageOfPage":{"@id":"https:\/\/najnaj.eu\/sl\/izdelek\/voksi-carry-me-mehka-kosara-za-prenasanje-seashell-sand\/#primaryimage"},"image":{"@id":"https:\/\/najnaj.eu\/sl\/izdelek\/voksi-carry-me-mehka-kosara-za-prenasanje-seashell-sand\/#primaryimage"},"thumbnailUrl":"https:\/\/najnaj.eu\/wp-content\/uploads\/2024\/05\/11036251_Voksi_CarryMe_SeashellSand_Top.jpg","datePublished":"2024-05-15T10:08:20+00:00","breadcrumb":{"@id":"https:\/\/najnaj.eu\/sl\/izdelek\/voksi-carry-me-mehka-kosara-za-prenasanje-seashell-sand\/#breadcrumb"},"inLanguage":"sl-SI","potentialAction":[{"@type":"ReadAction","target":["https:\/\/najnaj.eu\/sl\/izdelek\/voksi-carry-me-mehka-kosara-za-prenasanje-seashell-sand\/"]}]},{"@type":"ImageObject","inLanguage":"sl-SI","@id":"https:\/\/najnaj.eu\/sl\/izdelek\/voksi-carry-me-mehka-kosara-za-prenasanje-seashell-sand\/#primaryimage","url":"https:\/\/najnaj.eu\/wp-content\/uploads\/2024\/05\/11036251_Voksi_CarryMe_SeashellSand_Top.jpg","contentUrl":"https:\/\/najnaj.eu\/wp-content\/uploads\/2024\/05\/11036251_Voksi_CarryMe_SeashellSand_Top.jpg","width":1000,"height":1000},{"@type":"BreadcrumbList","@id":"https:\/\/najnaj.eu\/sl\/izdelek\/voksi-carry-me-mehka-kosara-za-prenasanje-seashell-sand\/#breadcrumb","itemListElement":[{"@type":"ListItem","position":1,"name":"Po\u010detna stranica","item":"https:\/\/najnaj.eu\/sl\/prednja-stran\/"},{"@type":"ListItem","position":2,"name":"Shop","item":"https:\/\/najnaj.eu\/sl\/shop\/"},{"@type":"ListItem","position":3,"name":"Voksi Carry Me, mehka ko\u0161ara za prena\u0161anje Seashell Sand"}]},{"@type":"WebSite","@id":"https:\/\/najnaj.eu\/sl\/#website","url":"https:\/\/najnaj.eu\/sl\/","name":"NajNaj.eu","description":"Za najva\u017enije!","publisher":{"@id":"https:\/\/najnaj.eu\/sl\/#organization"},"potentialAction":[{"@type":"SearchAction","target":{"@type":"EntryPoint","urlTemplate":"https:\/\/najnaj.eu\/sl\/?s={search_term_string}"},"query-input":{"@type":"PropertyValueSpecification","valueRequired":true,"valueName":"search_term_string"}}],"inLanguage":"sl-SI"},{"@type":"Organization","@id":"https:\/\/najnaj.eu\/sl\/#organization","name":"NajNaj.eu","url":"https:\/\/najnaj.eu\/sl\/","logo":{"@type":"ImageObject","inLanguage":"sl-SI","@id":"https:\/\/najnaj.eu\/sl\/#\/schema\/logo\/image\/","url":"https:\/\/najnaj.eu\/wp-content\/uploads\/2023\/09\/logo_Najnaj_2023.svg","contentUrl":"https:\/\/najnaj.eu\/wp-content\/uploads\/2023\/09\/logo_Najnaj_2023.svg","width":501,"height":278,"caption":"NajNaj.eu"},"image":{"@id":"https:\/\/najnaj.eu\/sl\/#\/schema\/logo\/image\/"},"sameAs":["https:\/\/web.facebook.com\/najnaj.eu\/","https:\/\/www.instagram.com\/najnaj.eu\/","https:\/\/www.tiktok.com\/@najnaj.eu"]}]},"product_brand":"Voksi","product_price_amount":"159.90","product_price_currency":"EUR","og_availability":"instock","product_availability":"instock","product_retailer_item_id":"11036251-SeashellSa-Leaf","product_condition":"new"},"_links":{"self":[{"href":"https:\/\/najnaj.eu\/sl\/wp-json\/wp\/v2\/product\/249995","targetHints":{"allow":["GET"]}}],"collection":[{"href":"https:\/\/najnaj.eu\/sl\/wp-json\/wp\/v2\/product"}],"about":[{"href":"https:\/\/najnaj.eu\/sl\/wp-json\/wp\/v2\/types\/product"}],"replies":[{"embeddable":true,"href":"https:\/\/najnaj.eu\/sl\/wp-json\/wp\/v2\/comments?post=249995"}],"version-history":[{"count":0,"href":"https:\/\/najnaj.eu\/sl\/wp-json\/wp\/v2\/product\/249995\/revisions"}],"wp:featuredmedia":[{"embeddable":true,"href":"https:\/\/najnaj.eu\/sl\/wp-json\/wp\/v2\/media\/297558"}],"wp:attachment":[{"href":"https:\/\/najnaj.eu\/sl\/wp-json\/wp\/v2\/media?parent=249995"}],"wp:term":[{"taxonomy":"product_brand","embeddable":true,"href":"https:\/\/najnaj.eu\/sl\/wp-json\/wp\/v2\/product_brand?post=249995"},{"taxonomy":"product_cat","embeddable":true,"href":"https:\/\/najnaj.eu\/sl\/wp-json\/wp\/v2\/product_cat?post=249995"},{"taxonomy":"product_tag","embeddable":true,"href":"https:\/\/najnaj.eu\/sl\/wp-json\/wp\/v2\/product_tag?post=249995"}],"curies":[{"name":"wp","href":"https:\/\/api.w.org\/{rel}","templated":true}]}}