{"id":249891,"date":"2024-10-29T08:47:59","date_gmt":"2024-10-29T07:47:59","guid":{"rendered":"https:\/\/najnaj.eu\/?post_type=product&#038;p=249891"},"modified":"2026-02-04T10:02:44","modified_gmt":"2026-02-04T09:02:44","slug":"minimeis-sjenilo","status":"publish","type":"product","link":"https:\/\/najnaj.eu\/sl\/izdelek\/minimeis-sjenilo\/","title":{"rendered":"MiniMeis Sjenilo"},"content":{"rendered":"<p>MAKSIMALNA UDOBNOST<\/p>\n<p>Kako bi va\u0161em malom MiniMeis istra\u017eiva\u010du bilo udobno i kako bi bio za\u0161ti\u0107en od sun\u010devih zraka, napravili smo MiniMeis sjenilo! Va\u0161e dijete sada mo\u017ee u\u017eivati u sjajnom MiniMeis pogledu dok mu je u isto vrijeme ugodno u sjeni. Ne brinite, pobrinuli smo se da ispunjava sve potrebne uvjete: KOMPAKTNO, JEDNOSTAVNO ZA KORI\u0160TENJE i DOBRO IZGLEDA. Nema kompromisa, samo savr\u0161en dodatak napravljen s ljubavlju. Dakle, bilo \u017earko sunce ili nekoliko kapi ki\u0161e, sjenilo \u0107e pokriti va\u0161e dijete!<\/p>\n<p>JEDNOSTAVNO POSTAVLJANJE<\/p>\n<p>Jednostavno otvorite sjenilo, pri\u010dvrstite dvije kop\u010de i gurnite ga niz naslon MiniMeisa. Kako biste napravili mjesta za ve\u0107u djecu, postavite sjenilo vi\u0161e u okvir.<\/p>\n<p>LAKO SKLOPIVO<\/p>\n<p>Kada sjenilo nije u upotrebi, jednostavno ga sklopite i pospremite. Sva MiniMeis dje\u010dja oprema dizajnirana je da bude kompaktna, zgodna i jednostavna za kori\u0161tenje, a MiniMeis sjenilo nije iznimka.<\/p>\n","protected":false},"excerpt":{"rendered":"<p>&gt; Sjenilo za za\u0161titu va\u0161eg djeteta dok se nosi visoko u MiniMeis nosiljci za ramena<br \/>\n&gt; Prikladno za djecu od otprilike 6 mjeseci do 4 godine<br \/>\n&gt; Sklopivo, jednostavno za kori\u0161tenje i u elegantnom dizajnu crne boje<\/p>\n","protected":false},"featured_media":249893,"comment_status":"closed","ping_status":"closed","template":"","meta":{"_acf_changed":false,"footnotes":""},"product_brand":[],"product_cat":[1711],"product_tag":[],"class_list":{"0":"post-249891","1":"product","2":"type-product","3":"status-publish","4":"has-post-thumbnail","6":"product_cat-nosiljka-za-ramena","7":"pa_brand-minimeis","9":"first","10":"instock","11":"shipping-taxable","12":"purchasable","13":"product-type-simple"},"bundled_by":[],"bundle_stock_status":"instock","bundle_stock_quantity":8,"bundle_virtual":false,"bundle_layout":"","bundle_add_to_cart_form_location":"","bundle_editable_in_cart":false,"bundle_sold_individually_context":"","bundle_item_grouping":"","bundle_min_size":"","bundle_max_size":"","bundle_price":[],"bundled_items":[],"bundle_sell_ids":[],"acf":[],"yoast_head":"<!-- This site is optimized with the Yoast SEO Premium plugin v21.5 (Yoast SEO v27.4) - https:\/\/yoast.com\/product\/yoast-seo-premium-wordpress\/ -->\n<title>MiniMeis Sjenilo - NajNaj.eu<\/title>\n<meta name=\"robots\" content=\"index, follow, max-snippet:-1, max-image-preview:large, max-video-preview:-1\" \/>\n<link rel=\"canonical\" href=\"https:\/\/najnaj.eu\/sl\/izdelek\/minimeis-sjenilo\/\" \/>\n<meta property=\"og:locale\" content=\"sl_SI\" \/>\n<meta property=\"og:type\" content=\"article\" \/>\n<meta property=\"og:title\" content=\"MiniMeis Sjenilo\" \/>\n<meta property=\"og:description\" content=\"&gt; Sjenilo za za\u0161titu va\u0161eg djeteta dok se nosi visoko u MiniMeis nosiljci za ramena &gt; Prikladno za djecu od otprilike 6 mjeseci do 4 godine &gt; Sklopivo, jednostavno za kori\u0161tenje i u elegantnom dizajnu crne boje\" \/>\n<meta property=\"og:url\" content=\"https:\/\/najnaj.eu\/sl\/izdelek\/minimeis-sjenilo\/\" \/>\n<meta property=\"og:site_name\" content=\"NajNaj.eu\" \/>\n<meta property=\"article:publisher\" content=\"https:\/\/web.facebook.com\/najnaj.eu\/\" \/>\n<meta property=\"article:modified_time\" content=\"2026-02-04T09:02:44+00:00\" \/>\n<meta property=\"og:image\" content=\"https:\/\/najnaj.eu\/wp-content\/uploads\/2025\/05\/MiniMeis-Sunshade-Product-1.jpg\" \/>\n\t<meta property=\"og:image:width\" content=\"1600\" \/>\n\t<meta property=\"og:image:height\" content=\"2400\" \/>\n\t<meta property=\"og:image:type\" content=\"image\/jpeg\" \/>\n<meta name=\"twitter:card\" content=\"summary_large_image\" \/>\n<meta name=\"twitter:label1\" content=\"Price\" \/>\n\t<meta name=\"twitter:data1\" content=\"34,99&nbsp;&euro;\" \/>\n\t<meta name=\"twitter:label2\" content=\"Availability\" \/>\n\t<meta name=\"twitter:data2\" content=\"In stock\" \/>\n<script type=\"application\/ld+json\" class=\"yoast-schema-graph\">{\"@context\":\"https:\\\/\\\/schema.org\",\"@graph\":[{\"@type\":\"WebPage\",\"@id\":\"https:\\\/\\\/najnaj.eu\\\/sl\\\/izdelek\\\/minimeis-sjenilo\\\/\",\"url\":\"https:\\\/\\\/najnaj.eu\\\/sl\\\/izdelek\\\/minimeis-sjenilo\\\/\",\"name\":\"MiniMeis Sjenilo - NajNaj.eu\",\"isPartOf\":{\"@id\":\"https:\\\/\\\/najnaj.eu\\\/sl\\\/#website\"},\"primaryImageOfPage\":{\"@id\":\"https:\\\/\\\/najnaj.eu\\\/sl\\\/izdelek\\\/minimeis-sjenilo\\\/#primaryimage\"},\"image\":{\"@id\":\"https:\\\/\\\/najnaj.eu\\\/sl\\\/izdelek\\\/minimeis-sjenilo\\\/#primaryimage\"},\"thumbnailUrl\":\"https:\\\/\\\/najnaj.eu\\\/wp-content\\\/uploads\\\/2025\\\/05\\\/MiniMeis-Sunshade-Product-1.jpg\",\"datePublished\":\"2024-10-29T07:47:59+00:00\",\"dateModified\":\"2026-02-04T09:02:44+00:00\",\"breadcrumb\":{\"@id\":\"https:\\\/\\\/najnaj.eu\\\/sl\\\/izdelek\\\/minimeis-sjenilo\\\/#breadcrumb\"},\"inLanguage\":\"sl-SI\",\"potentialAction\":[{\"@type\":\"ReadAction\",\"target\":[\"https:\\\/\\\/najnaj.eu\\\/sl\\\/izdelek\\\/minimeis-sjenilo\\\/\"]}]},{\"@type\":\"ImageObject\",\"inLanguage\":\"sl-SI\",\"@id\":\"https:\\\/\\\/najnaj.eu\\\/sl\\\/izdelek\\\/minimeis-sjenilo\\\/#primaryimage\",\"url\":\"https:\\\/\\\/najnaj.eu\\\/wp-content\\\/uploads\\\/2025\\\/05\\\/MiniMeis-Sunshade-Product-1.jpg\",\"contentUrl\":\"https:\\\/\\\/najnaj.eu\\\/wp-content\\\/uploads\\\/2025\\\/05\\\/MiniMeis-Sunshade-Product-1.jpg\",\"width\":1600,\"height\":2400},{\"@type\":\"BreadcrumbList\",\"@id\":\"https:\\\/\\\/najnaj.eu\\\/sl\\\/izdelek\\\/minimeis-sjenilo\\\/#breadcrumb\",\"itemListElement\":[{\"@type\":\"ListItem\",\"position\":1,\"name\":\"Po\u010detna stranica\",\"item\":\"https:\\\/\\\/najnaj.eu\\\/sl\\\/prednja-stran\\\/\"},{\"@type\":\"ListItem\",\"position\":2,\"name\":\"Shop\",\"item\":\"https:\\\/\\\/najnaj.eu\\\/sl\\\/shop\\\/\"},{\"@type\":\"ListItem\",\"position\":3,\"name\":\"MiniMeis Sjenilo\"}]},{\"@type\":\"WebSite\",\"@id\":\"https:\\\/\\\/najnaj.eu\\\/sl\\\/#website\",\"url\":\"https:\\\/\\\/najnaj.eu\\\/sl\\\/\",\"name\":\"NajNaj.eu\",\"description\":\"Za najva\u017enije!\",\"publisher\":{\"@id\":\"https:\\\/\\\/najnaj.eu\\\/sl\\\/#organization\"},\"potentialAction\":[{\"@type\":\"SearchAction\",\"target\":{\"@type\":\"EntryPoint\",\"urlTemplate\":\"https:\\\/\\\/najnaj.eu\\\/sl\\\/?s={search_term_string}\"},\"query-input\":{\"@type\":\"PropertyValueSpecification\",\"valueRequired\":true,\"valueName\":\"search_term_string\"}}],\"inLanguage\":\"sl-SI\"},{\"@type\":\"Organization\",\"@id\":\"https:\\\/\\\/najnaj.eu\\\/sl\\\/#organization\",\"name\":\"NajNaj.eu\",\"url\":\"https:\\\/\\\/najnaj.eu\\\/sl\\\/\",\"logo\":{\"@type\":\"ImageObject\",\"inLanguage\":\"sl-SI\",\"@id\":\"https:\\\/\\\/najnaj.eu\\\/sl\\\/#\\\/schema\\\/logo\\\/image\\\/\",\"url\":\"https:\\\/\\\/najnaj.eu\\\/wp-content\\\/uploads\\\/2023\\\/09\\\/logo_Najnaj_2023.svg\",\"contentUrl\":\"https:\\\/\\\/najnaj.eu\\\/wp-content\\\/uploads\\\/2023\\\/09\\\/logo_Najnaj_2023.svg\",\"width\":501,\"height\":278,\"caption\":\"NajNaj.eu\"},\"image\":{\"@id\":\"https:\\\/\\\/najnaj.eu\\\/sl\\\/#\\\/schema\\\/logo\\\/image\\\/\"},\"sameAs\":[\"https:\\\/\\\/web.facebook.com\\\/najnaj.eu\\\/\",\"https:\\\/\\\/www.instagram.com\\\/najnaj.eu\\\/\",\"https:\\\/\\\/www.tiktok.com\\\/@najnaj.eu\"]}]}<\/script>\n<meta property=\"product:brand\" content=\"MiniMeis\" \/>\n<meta property=\"product:price:amount\" content=\"34.99\" \/>\n<meta property=\"product:price:currency\" content=\"EUR\" \/>\n<meta property=\"og:availability\" content=\"instock\" \/>\n<meta property=\"product:availability\" content=\"instock\" \/>\n<meta property=\"product:retailer_item_id\" content=\"11038984\" \/>\n<meta property=\"product:condition\" content=\"new\" \/>\n<!-- \/ Yoast SEO Premium plugin. -->","yoast_head_json":{"title":"MiniMeis Sjenilo - NajNaj.eu","robots":{"index":"index","follow":"follow","max-snippet":"max-snippet:-1","max-image-preview":"max-image-preview:large","max-video-preview":"max-video-preview:-1"},"canonical":"https:\/\/najnaj.eu\/sl\/izdelek\/minimeis-sjenilo\/","og_locale":"sl_SI","og_type":"article","og_title":"MiniMeis Sjenilo","og_description":"&gt; Sjenilo za za\u0161titu va\u0161eg djeteta dok se nosi visoko u MiniMeis nosiljci za ramena &gt; Prikladno za djecu od otprilike 6 mjeseci do 4 godine &gt; Sklopivo, jednostavno za kori\u0161tenje i u elegantnom dizajnu crne boje","og_url":"https:\/\/najnaj.eu\/sl\/izdelek\/minimeis-sjenilo\/","og_site_name":"NajNaj.eu","article_publisher":"https:\/\/web.facebook.com\/najnaj.eu\/","article_modified_time":"2026-02-04T09:02:44+00:00","og_image":[{"width":1600,"height":2400,"url":"https:\/\/najnaj.eu\/wp-content\/uploads\/2025\/05\/MiniMeis-Sunshade-Product-1.jpg","type":"image\/jpeg"}],"twitter_card":"summary_large_image","twitter_misc":{"Price":"34,99&nbsp;&euro;","Availability":"In stock"},"schema":{"@context":"https:\/\/schema.org","@graph":[{"@type":"WebPage","@id":"https:\/\/najnaj.eu\/sl\/izdelek\/minimeis-sjenilo\/","url":"https:\/\/najnaj.eu\/sl\/izdelek\/minimeis-sjenilo\/","name":"MiniMeis Sjenilo - NajNaj.eu","isPartOf":{"@id":"https:\/\/najnaj.eu\/sl\/#website"},"primaryImageOfPage":{"@id":"https:\/\/najnaj.eu\/sl\/izdelek\/minimeis-sjenilo\/#primaryimage"},"image":{"@id":"https:\/\/najnaj.eu\/sl\/izdelek\/minimeis-sjenilo\/#primaryimage"},"thumbnailUrl":"https:\/\/najnaj.eu\/wp-content\/uploads\/2025\/05\/MiniMeis-Sunshade-Product-1.jpg","datePublished":"2024-10-29T07:47:59+00:00","dateModified":"2026-02-04T09:02:44+00:00","breadcrumb":{"@id":"https:\/\/najnaj.eu\/sl\/izdelek\/minimeis-sjenilo\/#breadcrumb"},"inLanguage":"sl-SI","potentialAction":[{"@type":"ReadAction","target":["https:\/\/najnaj.eu\/sl\/izdelek\/minimeis-sjenilo\/"]}]},{"@type":"ImageObject","inLanguage":"sl-SI","@id":"https:\/\/najnaj.eu\/sl\/izdelek\/minimeis-sjenilo\/#primaryimage","url":"https:\/\/najnaj.eu\/wp-content\/uploads\/2025\/05\/MiniMeis-Sunshade-Product-1.jpg","contentUrl":"https:\/\/najnaj.eu\/wp-content\/uploads\/2025\/05\/MiniMeis-Sunshade-Product-1.jpg","width":1600,"height":2400},{"@type":"BreadcrumbList","@id":"https:\/\/najnaj.eu\/sl\/izdelek\/minimeis-sjenilo\/#breadcrumb","itemListElement":[{"@type":"ListItem","position":1,"name":"Po\u010detna stranica","item":"https:\/\/najnaj.eu\/sl\/prednja-stran\/"},{"@type":"ListItem","position":2,"name":"Shop","item":"https:\/\/najnaj.eu\/sl\/shop\/"},{"@type":"ListItem","position":3,"name":"MiniMeis Sjenilo"}]},{"@type":"WebSite","@id":"https:\/\/najnaj.eu\/sl\/#website","url":"https:\/\/najnaj.eu\/sl\/","name":"NajNaj.eu","description":"Za najva\u017enije!","publisher":{"@id":"https:\/\/najnaj.eu\/sl\/#organization"},"potentialAction":[{"@type":"SearchAction","target":{"@type":"EntryPoint","urlTemplate":"https:\/\/najnaj.eu\/sl\/?s={search_term_string}"},"query-input":{"@type":"PropertyValueSpecification","valueRequired":true,"valueName":"search_term_string"}}],"inLanguage":"sl-SI"},{"@type":"Organization","@id":"https:\/\/najnaj.eu\/sl\/#organization","name":"NajNaj.eu","url":"https:\/\/najnaj.eu\/sl\/","logo":{"@type":"ImageObject","inLanguage":"sl-SI","@id":"https:\/\/najnaj.eu\/sl\/#\/schema\/logo\/image\/","url":"https:\/\/najnaj.eu\/wp-content\/uploads\/2023\/09\/logo_Najnaj_2023.svg","contentUrl":"https:\/\/najnaj.eu\/wp-content\/uploads\/2023\/09\/logo_Najnaj_2023.svg","width":501,"height":278,"caption":"NajNaj.eu"},"image":{"@id":"https:\/\/najnaj.eu\/sl\/#\/schema\/logo\/image\/"},"sameAs":["https:\/\/web.facebook.com\/najnaj.eu\/","https:\/\/www.instagram.com\/najnaj.eu\/","https:\/\/www.tiktok.com\/@najnaj.eu"]}]},"product_brand":"MiniMeis","product_price_amount":"34.99","product_price_currency":"EUR","og_availability":"instock","product_availability":"instock","product_retailer_item_id":"11038984","product_condition":"new"},"_links":{"self":[{"href":"https:\/\/najnaj.eu\/sl\/wp-json\/wp\/v2\/product\/249891","targetHints":{"allow":["GET"]}}],"collection":[{"href":"https:\/\/najnaj.eu\/sl\/wp-json\/wp\/v2\/product"}],"about":[{"href":"https:\/\/najnaj.eu\/sl\/wp-json\/wp\/v2\/types\/product"}],"replies":[{"embeddable":true,"href":"https:\/\/najnaj.eu\/sl\/wp-json\/wp\/v2\/comments?post=249891"}],"version-history":[{"count":0,"href":"https:\/\/najnaj.eu\/sl\/wp-json\/wp\/v2\/product\/249891\/revisions"}],"wp:featuredmedia":[{"embeddable":true,"href":"https:\/\/najnaj.eu\/sl\/wp-json\/wp\/v2\/media\/249893"}],"wp:attachment":[{"href":"https:\/\/najnaj.eu\/sl\/wp-json\/wp\/v2\/media?parent=249891"}],"wp:term":[{"taxonomy":"product_brand","embeddable":true,"href":"https:\/\/najnaj.eu\/sl\/wp-json\/wp\/v2\/product_brand?post=249891"},{"taxonomy":"product_cat","embeddable":true,"href":"https:\/\/najnaj.eu\/sl\/wp-json\/wp\/v2\/product_cat?post=249891"},{"taxonomy":"product_tag","embeddable":true,"href":"https:\/\/najnaj.eu\/sl\/wp-json\/wp\/v2\/product_tag?post=249891"}],"curies":[{"name":"wp","href":"https:\/\/api.w.org\/{rel}","templated":true}]}}