{"id":246660,"date":"2026-01-01T11:12:31","date_gmt":"2026-01-01T10:12:31","guid":{"rendered":"https:\/\/najnaj.eu\/?post_type=product&#038;p=246660"},"modified":"2025-06-18T09:55:51","modified_gmt":"2025-06-18T07:55:51","slug":"icandy-peach-7-vozickov-2v1-komplet-biscotti-kopiraj","status":"publish","type":"product","link":"https:\/\/najnaj.eu\/sl\/izdelek\/icandy-peach-7-vozickov-2v1-komplet-biscotti-kopiraj\/","title":{"rendered":"iCandy Peach 7 vozi\u010dkov 2v1, Celoten paket Pecan Phantom"},"content":{"rendered":"<p>Zdaj v svoji sedmi generaciji je bil vsak element vozi\u010dka iCandy Peach 7 izdelan tako, da zagotavlja popolnost v funkcionalnosti, kakovosti in varnosti in je izbira vsakega star\u0161a, ki zahteva vrhunski dizajn in stil, ki traja. Poznan po preprostem zlaganju z eno roko in sodobnih materialih, se iCandy Peach 7 zlahka spremeni v vozi\u010dek za dvoj\u010dke ali dva otroka razli\u010dnih starosti z dodatkom inovativnih adapterjev. <\/p>\n<p>Z visokokakovostnim, \u010dvrstim aluminijastim okvirjem, pnevmatikami PU, odpornimi na predrtje, in novo integrirano platformo za starej\u0161e otroke (Ride on Board) boste takoj opazili izjemno gladko vo\u017enjo in lahkotno manevriranje na vseh terenih! Vozi\u010dek iCandy Peach 7 omogo\u010da enostaven dostop do va\u0161ega otroka brez popolne odstranitve sprednjega za\u0161\u010ditnega ro\u010daja in mo\u017enost nastavitve vi\u0161ine krmilnega ro\u010daja vozi\u010dka od 95 do 105 cm, kar je kot nala\u0161\u010d za star\u0161e razli\u010dnih vi\u0161in!<\/p>\n<p>Primerno od rojstva otroka do 25 kilogramov te\u017ee oz. 15 kilogramov na narastke. Prilo\u017een je prilo\u017eenim adapterjem za avtosede\u017e, ki ga spremenijo v popoln potovalni sistem 3v1. Oja\u010devalci dvignejo ko\u0161aro oziroma sede\u017eni del v obe smeri \u2013 obrnjeni proti star\u0161em omogo\u010dajo bolj\u0161o interakcijo z otrokom, obrnjeni proti okolju pa enostavnej\u0161e skupno prehranjevanje za jedilno mizo, brez uporabe podajalnika.   <\/p>\n<p>Dodatne ugodnosti pri vozi\u010dku:<br \/>\n \u2022 Sliding Pop-Up sistem ponuja nastavljiv vzglavnik skupaj s 5-to\u010dkovnim varnostnim pasom.<br \/>\n\u2022 Enostavno spreminjanje naklona naslonjala sede\u017ea v \u0161tirih polo\u017eajih z eno roko.<br \/>\n\u2022 Nastavljiva opora za noge zagotavlja maksimalno udobje za otroka.<br \/>\n\u2022 Popolnoma snemljiv prakti\u010den \u017eep Pip-Zip za pomembne predmete (dokumente, mobilni telefon, denar\u2026) na zadnji strani sede\u017ea.<br \/>\n\u2022 Dodatno oblazinjen sede\u017e za ve\u010dje udobje.<br \/>\n\u2022 Raztegljiva nepremo\u010dljiva strehica z velikim mre\u017eastim zra\u010dnikom in za\u0161\u010dito pred soncem SPF 50+.<br \/>\n\u2022 Integrirana platforma za starej\u0161e otroke (Ride-on Board), z nosilnostjo do 20 kg.<br \/>\n\u2022 Enostavno zlaganje z eno roko, s samodejnim zaklepanjem vozi\u010dka.<br \/>\n\u2022 Ko je vozi\u010dek zlo\u017een, je kompakten in samostoje\u010d, prilo\u017een pa je tudi pas za prena\u0161anje.<br \/>\n\u2022 Prostorna 44-litrska ko\u0161ara, ki podpira do 10 kg te\u017ee, z integriranim odtokom teko\u010dine.<\/p>\n<p>Vozi\u010dek iCandy Peach 7 je zdru\u017eljiv z ve\u010dino avtosede\u017eev, vklju\u010dno z:<\/p>\n<ul>\n<li><a href=\"https:\/\/najnaj.eu\/proizvod\/besafe-go-beyond-fresh-black-cab\/\" target=\"_blank\" rel=\"noopener\">BeSafe Go Beyond<\/a><\/li>\n<li><a href=\"https:\/\/najnaj.eu\/sl\/izdelek\/besafe-izi-go-modular-x2-i-size-40-75-cm-crna-kabina\/\" target=\"_blank\" rel=\"noopener\">BeSafe iZi GO Modular X2<\/a><\/li>\n<li>iCandy Cocoon<\/li>\n<li>Avionaut Pixel Pro 2.0<\/li>\n<li>Maxi-Cosi Coral 360<\/li>\n<li>Maxi-Cosi Pebble<\/li>\n<li>Maxi-Cosi Pebble 360<\/li>\n<li>Maxi-Cosi Pebble Pro 360<\/li>\n<li>Cybex Cloud T<\/li>\n<li>Cybex Cloud G<\/li>\n<li>Cybex Cloud Z\/Z2<\/li>\n<li>Cybex Aton M<\/li>\n<li>Joie in Gemm<\/li>\n<li>Joie iLevel<\/li>\n<li>Joie in Snug<\/li>\n<li>Nuna Arra<\/li>\n<li>Nuna Pipa<\/li>\n<li>Nuna Pipa Lite LX<\/li>\n<\/ul>\n<p>Avtosede\u017ee lahko namestite v razli\u010dnih konfiguracijah:<\/p>\n<p><img loading=\"lazy\" decoding=\"async\" class=\"alignnone wp-image-248054 size-full\" src=\"https:\/\/najnaj.eu\/wp-content\/uploads\/2025\/04\/New-iCandy-carseats.jpg\" alt=\"\" width=\"1500\" height=\"1000\" srcset=\"https:\/\/najnaj.eu\/wp-content\/uploads\/2025\/04\/New-iCandy-carseats.jpg 1500w, https:\/\/najnaj.eu\/wp-content\/uploads\/2025\/04\/New-iCandy-carseats-324x216.jpg 324w, https:\/\/najnaj.eu\/wp-content\/uploads\/2025\/04\/New-iCandy-carseats-1200x800.jpg 1200w, https:\/\/najnaj.eu\/wp-content\/uploads\/2025\/04\/New-iCandy-carseats-300x200.jpg 300w, https:\/\/najnaj.eu\/wp-content\/uploads\/2025\/04\/New-iCandy-carseats-1024x683.jpg 1024w, https:\/\/najnaj.eu\/wp-content\/uploads\/2025\/04\/New-iCandy-carseats-768x512.jpg 768w, https:\/\/najnaj.eu\/wp-content\/uploads\/2025\/04\/New-iCandy-carseats-1440x960.jpg 1440w, https:\/\/najnaj.eu\/wp-content\/uploads\/2025\/04\/New-iCandy-carseats-420x280.jpg 420w\" sizes=\"auto, (max-width: 1500px) 100vw, 1500px\" \/><\/p>\n","protected":false},"excerpt":{"rendered":"<p>Komplet iCandy Complete Bundle je vse, kar potrebujete na enem mestu \u2013 vrhunska kakovost, vsi dodatki in prefinjenost, ki olaj\u0161a vsak korak va\u0161e star\u0161evske poti!<\/p>\n<p>Vrhunski vozi\u010dek za star\u0161e, ki prvi\u010d postanejo star\u0161i. Svetovno znan luksuzni vozi\u010dek, ki ga je mogo\u010de nadgraditi za dvoj\u010dke ali dva otroka razli\u010dnih starosti, zasnovan tako, da se popolnoma prilega vam in va\u0161emu otroku. Primeren od rojstva s prostorno ko\u0161aro, ki jo lahko uporabite tudi za stalno no\u010dno spanje. Z mehkim, modernim pletenim jerseyjem vrhunske kakovosti je popolnoma krojen in zagotavlja udobje za dojen\u010dka ter stil za star\u0161e.   <\/p>\n<p>\u2022 Primerno od rojstva do te\u017ee otroka 25 kilogramov oz. 15 kilogramov na narastkih<br \/>\n \u2022 Ko\u0161ara podlo\u017eena z razko\u0161nim mehkim flisom, primerna za celono\u010dno spanje<br \/>\n \u2022 Enostavna nadgradnja za dvoj\u010dke ali dva razli\u010dno stara otroka<br \/>\n \u2022 Prilo\u017eeni so prilo\u017eeni adapterji za avtosede\u017e \u2013 pretvori se v popoln potovalni sistem 3 v 1<br \/>\n \u2022 Vklju\u010dena 5-letna garancija <\/p>\n","protected":false},"featured_media":246908,"comment_status":"open","ping_status":"closed","template":"","meta":{"_acf_changed":false,"footnotes":""},"product_brand":[],"product_cat":[1128,1180,1359],"product_tag":[],"class_list":{"0":"post-246660","1":"product","2":"type-product","3":"status-publish","4":"has-post-thumbnail","6":"product_cat-otroski-vozicki","7":"product_cat-proizvodi-sl","8":"product_cat-vozicek-2-v-1","9":"pa_boja-rjava","10":"pa_brand-icandy-sl","11":"pa_vrsta-kolica-2v1","13":"first","14":"outofstock","15":"purchasable","16":"product-type-simple"},"bundled_by":[],"bundle_stock_status":"outofstock","bundle_stock_quantity":0,"bundle_virtual":false,"bundle_layout":"","bundle_add_to_cart_form_location":"","bundle_editable_in_cart":false,"bundle_sold_individually_context":"","bundle_item_grouping":"","bundle_min_size":"","bundle_max_size":"","bundle_price":[],"bundled_items":[],"bundle_sell_ids":[],"acf":[],"yoast_head":"<!-- This site is optimized with the Yoast SEO Premium plugin v21.5 (Yoast SEO v27.4) - https:\/\/yoast.com\/product\/yoast-seo-premium-wordpress\/ -->\n<title>iCandy Peach 7 vozi\u010dkov 2v1, Celoten paket Pecan Phantom - NajNaj.eu<\/title>\n<meta name=\"robots\" content=\"index, follow, max-snippet:-1, max-image-preview:large, max-video-preview:-1\" \/>\n<link rel=\"canonical\" href=\"https:\/\/najnaj.eu\/sl\/izdelek\/icandy-peach-7-vozickov-2v1-komplet-biscotti-kopiraj\/\" \/>\n<meta property=\"og:locale\" content=\"sl_SI\" \/>\n<meta property=\"og:type\" content=\"article\" \/>\n<meta property=\"og:title\" content=\"iCandy Peach 7 vozi\u010dkov 2v1, Celoten paket Pecan Phantom\" \/>\n<meta property=\"og:description\" content=\"Komplet iCandy Complete Bundle je vse, kar potrebujete na enem mestu \u2013 vrhunska kakovost, vsi dodatki in prefinjenost, ki olaj\u0161a vsak korak va\u0161e star\u0161evske poti! Vrhunski vozi\u010dek za star\u0161e, ki prvi\u010d postanejo star\u0161i. Svetovno znan luksuzni vozi\u010dek, ki ga je mogo\u010de nadgraditi za dvoj\u010dke ali dva otroka razli\u010dnih starosti, zasnovan tako, da se popolnoma prilega vam in va\u0161emu otroku. Primeren od rojstva s prostorno ko\u0161aro, ki jo lahko uporabite tudi za stalno no\u010dno spanje. Z mehkim, modernim pletenim jerseyjem vrhunske kakovosti je popolnoma krojen in zagotavlja udobje za dojen\u010dka ter stil za star\u0161e.   \u2022 Primerno od rojstva do te\u017ee otroka 25 kilogramov oz. 15 kilogramov na narastkih \u2022 Ko\u0161ara podlo\u017eena z razko\u0161nim mehkim flisom, primerna za celono\u010dno spanje \u2022 Enostavna nadgradnja za dvoj\u010dke ali dva razli\u010dno stara otroka \u2022 Prilo\u017eeni so prilo\u017eeni adapterji za avtosede\u017e \u2013 pretvori se v popoln potovalni sistem 3 v 1 \u2022 Vklju\u010dena 5-letna garancija\" \/>\n<meta property=\"og:url\" content=\"https:\/\/najnaj.eu\/sl\/izdelek\/icandy-peach-7-vozickov-2v1-komplet-biscotti-kopiraj\/\" \/>\n<meta property=\"og:site_name\" content=\"NajNaj.eu\" \/>\n<meta property=\"article:publisher\" content=\"https:\/\/web.facebook.com\/najnaj.eu\/\" \/>\n<meta property=\"og:image\" content=\"https:\/\/najnaj.eu\/wp-content\/uploads\/2025\/04\/Image_1_iCandy_Peach_7_Pecan_Bundle.jpg\" \/>\n\t<meta property=\"og:image:width\" content=\"1464\" \/>\n\t<meta property=\"og:image:height\" content=\"1952\" \/>\n\t<meta property=\"og:image:type\" content=\"image\/jpeg\" \/>\n<meta name=\"twitter:card\" content=\"summary_large_image\" \/>\n<meta name=\"twitter:label1\" content=\"Price\" \/>\n\t<meta name=\"twitter:data1\" content=\"1.399,00&nbsp;&euro;\" \/>\n\t<meta name=\"twitter:label2\" content=\"Availability\" \/>\n\t<meta name=\"twitter:data2\" content=\"Out of stock\" \/>\n<script type=\"application\/ld+json\" class=\"yoast-schema-graph\">{\"@context\":\"https:\\\/\\\/schema.org\",\"@graph\":[{\"@type\":\"WebPage\",\"@id\":\"https:\\\/\\\/najnaj.eu\\\/sl\\\/izdelek\\\/icandy-peach-7-vozickov-2v1-komplet-biscotti-kopiraj\\\/\",\"url\":\"https:\\\/\\\/najnaj.eu\\\/sl\\\/izdelek\\\/icandy-peach-7-vozickov-2v1-komplet-biscotti-kopiraj\\\/\",\"name\":\"iCandy Peach 7 vozi\u010dkov 2v1, Celoten paket Pecan Phantom - NajNaj.eu\",\"isPartOf\":{\"@id\":\"https:\\\/\\\/najnaj.eu\\\/sl\\\/#website\"},\"primaryImageOfPage\":{\"@id\":\"https:\\\/\\\/najnaj.eu\\\/sl\\\/izdelek\\\/icandy-peach-7-vozickov-2v1-komplet-biscotti-kopiraj\\\/#primaryimage\"},\"image\":{\"@id\":\"https:\\\/\\\/najnaj.eu\\\/sl\\\/izdelek\\\/icandy-peach-7-vozickov-2v1-komplet-biscotti-kopiraj\\\/#primaryimage\"},\"thumbnailUrl\":\"https:\\\/\\\/najnaj.eu\\\/wp-content\\\/uploads\\\/2025\\\/04\\\/Image_1_iCandy_Peach_7_Pecan_Bundle.jpg\",\"datePublished\":\"2026-01-01T10:12:31+00:00\",\"breadcrumb\":{\"@id\":\"https:\\\/\\\/najnaj.eu\\\/sl\\\/izdelek\\\/icandy-peach-7-vozickov-2v1-komplet-biscotti-kopiraj\\\/#breadcrumb\"},\"inLanguage\":\"sl-SI\",\"potentialAction\":[{\"@type\":\"ReadAction\",\"target\":[\"https:\\\/\\\/najnaj.eu\\\/sl\\\/izdelek\\\/icandy-peach-7-vozickov-2v1-komplet-biscotti-kopiraj\\\/\"]}]},{\"@type\":\"ImageObject\",\"inLanguage\":\"sl-SI\",\"@id\":\"https:\\\/\\\/najnaj.eu\\\/sl\\\/izdelek\\\/icandy-peach-7-vozickov-2v1-komplet-biscotti-kopiraj\\\/#primaryimage\",\"url\":\"https:\\\/\\\/najnaj.eu\\\/wp-content\\\/uploads\\\/2025\\\/04\\\/Image_1_iCandy_Peach_7_Pecan_Bundle.jpg\",\"contentUrl\":\"https:\\\/\\\/najnaj.eu\\\/wp-content\\\/uploads\\\/2025\\\/04\\\/Image_1_iCandy_Peach_7_Pecan_Bundle.jpg\",\"width\":1464,\"height\":1952},{\"@type\":\"BreadcrumbList\",\"@id\":\"https:\\\/\\\/najnaj.eu\\\/sl\\\/izdelek\\\/icandy-peach-7-vozickov-2v1-komplet-biscotti-kopiraj\\\/#breadcrumb\",\"itemListElement\":[{\"@type\":\"ListItem\",\"position\":1,\"name\":\"Po\u010detna stranica\",\"item\":\"https:\\\/\\\/najnaj.eu\\\/sl\\\/prednja-stran\\\/\"},{\"@type\":\"ListItem\",\"position\":2,\"name\":\"Shop\",\"item\":\"https:\\\/\\\/najnaj.eu\\\/sl\\\/shop\\\/\"},{\"@type\":\"ListItem\",\"position\":3,\"name\":\"iCandy Peach 7 vozi\u010dkov 2v1, Celoten paket Pecan Phantom\"}]},{\"@type\":\"WebSite\",\"@id\":\"https:\\\/\\\/najnaj.eu\\\/sl\\\/#website\",\"url\":\"https:\\\/\\\/najnaj.eu\\\/sl\\\/\",\"name\":\"NajNaj.eu\",\"description\":\"Za najva\u017enije!\",\"publisher\":{\"@id\":\"https:\\\/\\\/najnaj.eu\\\/sl\\\/#organization\"},\"potentialAction\":[{\"@type\":\"SearchAction\",\"target\":{\"@type\":\"EntryPoint\",\"urlTemplate\":\"https:\\\/\\\/najnaj.eu\\\/sl\\\/?s={search_term_string}\"},\"query-input\":{\"@type\":\"PropertyValueSpecification\",\"valueRequired\":true,\"valueName\":\"search_term_string\"}}],\"inLanguage\":\"sl-SI\"},{\"@type\":\"Organization\",\"@id\":\"https:\\\/\\\/najnaj.eu\\\/sl\\\/#organization\",\"name\":\"NajNaj.eu\",\"url\":\"https:\\\/\\\/najnaj.eu\\\/sl\\\/\",\"logo\":{\"@type\":\"ImageObject\",\"inLanguage\":\"sl-SI\",\"@id\":\"https:\\\/\\\/najnaj.eu\\\/sl\\\/#\\\/schema\\\/logo\\\/image\\\/\",\"url\":\"https:\\\/\\\/najnaj.eu\\\/wp-content\\\/uploads\\\/2023\\\/09\\\/logo_Najnaj_2023.svg\",\"contentUrl\":\"https:\\\/\\\/najnaj.eu\\\/wp-content\\\/uploads\\\/2023\\\/09\\\/logo_Najnaj_2023.svg\",\"width\":501,\"height\":278,\"caption\":\"NajNaj.eu\"},\"image\":{\"@id\":\"https:\\\/\\\/najnaj.eu\\\/sl\\\/#\\\/schema\\\/logo\\\/image\\\/\"},\"sameAs\":[\"https:\\\/\\\/web.facebook.com\\\/najnaj.eu\\\/\",\"https:\\\/\\\/www.instagram.com\\\/najnaj.eu\\\/\",\"https:\\\/\\\/www.tiktok.com\\\/@najnaj.eu\"]}]}<\/script>\n<meta property=\"product:brand\" content=\"iCandy\" \/>\n<meta property=\"product:price:amount\" content=\"1399.00\" \/>\n<meta property=\"product:price:currency\" content=\"EUR\" \/>\n<meta property=\"og:availability\" content=\"out of stock\" \/>\n<meta property=\"product:availability\" content=\"out of stock\" \/>\n<meta property=\"product:retailer_item_id\" content=\"IC3129\" \/>\n<meta property=\"product:condition\" content=\"new\" \/>\n<!-- \/ Yoast SEO Premium plugin. -->","yoast_head_json":{"title":"iCandy Peach 7 vozi\u010dkov 2v1, Celoten paket Pecan Phantom - NajNaj.eu","robots":{"index":"index","follow":"follow","max-snippet":"max-snippet:-1","max-image-preview":"max-image-preview:large","max-video-preview":"max-video-preview:-1"},"canonical":"https:\/\/najnaj.eu\/sl\/izdelek\/icandy-peach-7-vozickov-2v1-komplet-biscotti-kopiraj\/","og_locale":"sl_SI","og_type":"article","og_title":"iCandy Peach 7 vozi\u010dkov 2v1, Celoten paket Pecan Phantom","og_description":"Komplet iCandy Complete Bundle je vse, kar potrebujete na enem mestu \u2013 vrhunska kakovost, vsi dodatki in prefinjenost, ki olaj\u0161a vsak korak va\u0161e star\u0161evske poti! Vrhunski vozi\u010dek za star\u0161e, ki prvi\u010d postanejo star\u0161i. Svetovno znan luksuzni vozi\u010dek, ki ga je mogo\u010de nadgraditi za dvoj\u010dke ali dva otroka razli\u010dnih starosti, zasnovan tako, da se popolnoma prilega vam in va\u0161emu otroku. Primeren od rojstva s prostorno ko\u0161aro, ki jo lahko uporabite tudi za stalno no\u010dno spanje. Z mehkim, modernim pletenim jerseyjem vrhunske kakovosti je popolnoma krojen in zagotavlja udobje za dojen\u010dka ter stil za star\u0161e.   \u2022 Primerno od rojstva do te\u017ee otroka 25 kilogramov oz. 15 kilogramov na narastkih \u2022 Ko\u0161ara podlo\u017eena z razko\u0161nim mehkim flisom, primerna za celono\u010dno spanje \u2022 Enostavna nadgradnja za dvoj\u010dke ali dva razli\u010dno stara otroka \u2022 Prilo\u017eeni so prilo\u017eeni adapterji za avtosede\u017e \u2013 pretvori se v popoln potovalni sistem 3 v 1 \u2022 Vklju\u010dena 5-letna garancija","og_url":"https:\/\/najnaj.eu\/sl\/izdelek\/icandy-peach-7-vozickov-2v1-komplet-biscotti-kopiraj\/","og_site_name":"NajNaj.eu","article_publisher":"https:\/\/web.facebook.com\/najnaj.eu\/","og_image":[{"width":1464,"height":1952,"url":"https:\/\/najnaj.eu\/wp-content\/uploads\/2025\/04\/Image_1_iCandy_Peach_7_Pecan_Bundle.jpg","type":"image\/jpeg"}],"twitter_card":"summary_large_image","twitter_misc":{"Price":"1.399,00&nbsp;&euro;","Availability":"Out of stock"},"schema":{"@context":"https:\/\/schema.org","@graph":[{"@type":"WebPage","@id":"https:\/\/najnaj.eu\/sl\/izdelek\/icandy-peach-7-vozickov-2v1-komplet-biscotti-kopiraj\/","url":"https:\/\/najnaj.eu\/sl\/izdelek\/icandy-peach-7-vozickov-2v1-komplet-biscotti-kopiraj\/","name":"iCandy Peach 7 vozi\u010dkov 2v1, Celoten paket Pecan Phantom - NajNaj.eu","isPartOf":{"@id":"https:\/\/najnaj.eu\/sl\/#website"},"primaryImageOfPage":{"@id":"https:\/\/najnaj.eu\/sl\/izdelek\/icandy-peach-7-vozickov-2v1-komplet-biscotti-kopiraj\/#primaryimage"},"image":{"@id":"https:\/\/najnaj.eu\/sl\/izdelek\/icandy-peach-7-vozickov-2v1-komplet-biscotti-kopiraj\/#primaryimage"},"thumbnailUrl":"https:\/\/najnaj.eu\/wp-content\/uploads\/2025\/04\/Image_1_iCandy_Peach_7_Pecan_Bundle.jpg","datePublished":"2026-01-01T10:12:31+00:00","breadcrumb":{"@id":"https:\/\/najnaj.eu\/sl\/izdelek\/icandy-peach-7-vozickov-2v1-komplet-biscotti-kopiraj\/#breadcrumb"},"inLanguage":"sl-SI","potentialAction":[{"@type":"ReadAction","target":["https:\/\/najnaj.eu\/sl\/izdelek\/icandy-peach-7-vozickov-2v1-komplet-biscotti-kopiraj\/"]}]},{"@type":"ImageObject","inLanguage":"sl-SI","@id":"https:\/\/najnaj.eu\/sl\/izdelek\/icandy-peach-7-vozickov-2v1-komplet-biscotti-kopiraj\/#primaryimage","url":"https:\/\/najnaj.eu\/wp-content\/uploads\/2025\/04\/Image_1_iCandy_Peach_7_Pecan_Bundle.jpg","contentUrl":"https:\/\/najnaj.eu\/wp-content\/uploads\/2025\/04\/Image_1_iCandy_Peach_7_Pecan_Bundle.jpg","width":1464,"height":1952},{"@type":"BreadcrumbList","@id":"https:\/\/najnaj.eu\/sl\/izdelek\/icandy-peach-7-vozickov-2v1-komplet-biscotti-kopiraj\/#breadcrumb","itemListElement":[{"@type":"ListItem","position":1,"name":"Po\u010detna stranica","item":"https:\/\/najnaj.eu\/sl\/prednja-stran\/"},{"@type":"ListItem","position":2,"name":"Shop","item":"https:\/\/najnaj.eu\/sl\/shop\/"},{"@type":"ListItem","position":3,"name":"iCandy Peach 7 vozi\u010dkov 2v1, Celoten paket Pecan Phantom"}]},{"@type":"WebSite","@id":"https:\/\/najnaj.eu\/sl\/#website","url":"https:\/\/najnaj.eu\/sl\/","name":"NajNaj.eu","description":"Za najva\u017enije!","publisher":{"@id":"https:\/\/najnaj.eu\/sl\/#organization"},"potentialAction":[{"@type":"SearchAction","target":{"@type":"EntryPoint","urlTemplate":"https:\/\/najnaj.eu\/sl\/?s={search_term_string}"},"query-input":{"@type":"PropertyValueSpecification","valueRequired":true,"valueName":"search_term_string"}}],"inLanguage":"sl-SI"},{"@type":"Organization","@id":"https:\/\/najnaj.eu\/sl\/#organization","name":"NajNaj.eu","url":"https:\/\/najnaj.eu\/sl\/","logo":{"@type":"ImageObject","inLanguage":"sl-SI","@id":"https:\/\/najnaj.eu\/sl\/#\/schema\/logo\/image\/","url":"https:\/\/najnaj.eu\/wp-content\/uploads\/2023\/09\/logo_Najnaj_2023.svg","contentUrl":"https:\/\/najnaj.eu\/wp-content\/uploads\/2023\/09\/logo_Najnaj_2023.svg","width":501,"height":278,"caption":"NajNaj.eu"},"image":{"@id":"https:\/\/najnaj.eu\/sl\/#\/schema\/logo\/image\/"},"sameAs":["https:\/\/web.facebook.com\/najnaj.eu\/","https:\/\/www.instagram.com\/najnaj.eu\/","https:\/\/www.tiktok.com\/@najnaj.eu"]}]},"product_brand":"iCandy","product_price_amount":"1399.00","product_price_currency":"EUR","og_availability":"out of stock","product_availability":"out of stock","product_retailer_item_id":"IC3129","product_condition":"new"},"_links":{"self":[{"href":"https:\/\/najnaj.eu\/sl\/wp-json\/wp\/v2\/product\/246660","targetHints":{"allow":["GET"]}}],"collection":[{"href":"https:\/\/najnaj.eu\/sl\/wp-json\/wp\/v2\/product"}],"about":[{"href":"https:\/\/najnaj.eu\/sl\/wp-json\/wp\/v2\/types\/product"}],"replies":[{"embeddable":true,"href":"https:\/\/najnaj.eu\/sl\/wp-json\/wp\/v2\/comments?post=246660"}],"version-history":[{"count":0,"href":"https:\/\/najnaj.eu\/sl\/wp-json\/wp\/v2\/product\/246660\/revisions"}],"wp:featuredmedia":[{"embeddable":true,"href":"https:\/\/najnaj.eu\/sl\/wp-json\/wp\/v2\/media\/246908"}],"wp:attachment":[{"href":"https:\/\/najnaj.eu\/sl\/wp-json\/wp\/v2\/media?parent=246660"}],"wp:term":[{"taxonomy":"product_brand","embeddable":true,"href":"https:\/\/najnaj.eu\/sl\/wp-json\/wp\/v2\/product_brand?post=246660"},{"taxonomy":"product_cat","embeddable":true,"href":"https:\/\/najnaj.eu\/sl\/wp-json\/wp\/v2\/product_cat?post=246660"},{"taxonomy":"product_tag","embeddable":true,"href":"https:\/\/najnaj.eu\/sl\/wp-json\/wp\/v2\/product_tag?post=246660"}],"curies":[{"name":"wp","href":"https:\/\/api.w.org\/{rel}","templated":true}]}}