{"id":244744,"date":"2025-03-28T13:26:22","date_gmt":"2025-03-28T12:26:22","guid":{"rendered":"https:\/\/najnaj.eu\/?post_type=product&#038;p=244744"},"modified":"2026-03-24T10:50:24","modified_gmt":"2026-03-24T09:50:24","slug":"vozicek-ergobaby-metro-3-onyx-black-kopiraj","status":"publish","type":"product","link":"https:\/\/najnaj.eu\/sl\/izdelek\/vozicek-ergobaby-metro-3-onyx-black-kopiraj\/","title":{"rendered":"Otro\u0161ki vozi\u010dek Ergobaby Metro 3 &#8211; grafitno siv"},"content":{"rendered":"<h3><strong>Ergobaby Metro3 je popoln kompakten vozi\u010dek, zasnovan za dru\u017eine na poti!<\/strong><\/h3>\n<p><img loading=\"lazy\" decoding=\"async\" class=\"alignnone wp-image-244479 size-full\" src=\"https:\/\/najnaj.eu\/wp-content\/uploads\/2025\/03\/Frame-658.jpg\" alt=\"ikone in opisi funkcij vozi\u010dka metro3\" width=\"650\" height=\"400\"><\/p>\n<p><strong>MAJHNE DIMENZIJE, VELIKE AVANTURE<\/strong><br \/>\n Zaradi samodejnega enoro\u010dnega zlaganja in enostavnega odvijanja je Metro3 funkcionalen vozi\u010dek za vsakodnevne avanture. Zlo\u017een vozi\u010dek ustreza dimenzijam ro\u010dne prtljage ve\u010dine letalskih dru\u017eb (56 x 44 x 23 cm). <\/p>\n<p><strong>UDOBJE BREZ KOMPROMISOV<\/strong><br \/>\n Ergonomsko oblikovan sede\u017e z neomejenim \u0161tevilom naklonov v kombinaciji z nastavljivo oporo za noge bo va\u0161emu mal\u010dku zagotovil potrebno udobje. Po vi\u0161ini nastavljiv ro\u010daj z novo ergonomsko zasnovo omogo\u010da star\u0161em pravilnej\u0161o dr\u017eo med vo\u017enjo in prilagajanje glede na zahtevano vi\u0161ino (od 101 do 108 cm). <\/p>\n<p><strong>DOBER SPANEC NA KOLESIH<\/strong><br \/>\n S popolnoma nastavljivim sede\u017eem, ergonomsko zasnovo in bla\u017eenjem udarcev na sprednjih in zadnjih kolesih se Metro3 zlahka spopade z neravnim terenom, zaradi \u010desar je idealen za potovanja in vsakodnevne avanture.<\/p>\n<p><strong>UPORABA OD ROJSTVA<\/strong><br \/>\n Metro3 ima integrirano ko\u0161aro za novorojen\u010dka, ki jo je mogo\u010de enostavno in hitro preurediti iz sede\u017ene enote s pomo\u010djo stranskih pregrad. Metro3 je zdru\u017eljiv z avtosede\u017ei in se lahko uporablja kot sistem 3 v 1 ( <a href=\"https:\/\/najnaj.eu\/sl\/kategorije-izdelkov\/avto-sedezi\/?brand=besafe\" target=\"_blank\" rel=\"noopener\">BeSafe<\/a> , Cybex, Nuna, Maxi-Cosi, Avionaut, Britax). <span style=\"color: ##7e5f7d;\"><a style=\"color: ##7e5f7d;\" href=\"https:\/\/najnaj.eu\/sl\/izdelek\/adapterji-za-avtosedez-ergobaby-metro-3\/\" target=\"_blank\" rel=\"noopener\">Adapterji<\/a><\/span> se prodajajo lo\u010deno. <\/p>\n<p><strong>DNEVNA PRAKTI\u010cNOST<\/strong><br \/>\n Prostorna ko\u0161ara z nosilnostjo do 10 kg vam omogo\u010da shranjevanje vsega, kar potrebujete &#8211; torbe za plenice, osebnih stvari, \u017eivil &#8230; Poleg tega ima Metro3 \u0161e ve\u010djo, raztegljivo streho, ki je vodoodbojna in ima za\u0161\u010dito UPF 50. Okence za dojen\u010dka vam omogo\u010da, da ga vedno nadzorujete in ste blizu.  <\/p>\n<p>&nbsp;<\/p>\n<p>&nbsp;<\/p>\n","protected":false},"excerpt":{"rendered":"<p>Z uporabo od prvega dne do 22 kg in te\u017eo samo 7,6 kg vozi\u010dek Metro3 prina\u0161a udobje in prakti\u010dnost v majhni velikosti, zaradi \u010desar je idealen vozi\u010dek za mestne ulice in potovanja.<\/p>\n<ul>\n<li class=\"first:mt-1.5\">Osupljivo preprost z enoro\u010dno samodejnim zlaganjem in dimenzijami ro\u010dne prtljage za ve\u010dino letalskih dru\u017eb<\/li>\n<li class=\"first:mt-1.5\">Izjemno udobje z ergonomsko oblikovanim sede\u017eem, nastavljivim star\u0161evskim ro\u010dajem in gladko vo\u017enjo zahvaljujo\u010d naprednemu vzmetenju vseh koles<\/li>\n<li class=\"first:mt-1.5\">Popolnoma prilagodljiv z nastavljivim naklonom sede\u017ea in oporo za noge<\/li>\n<li class=\"first:mt-1.5\">Idealen od rojstva z vgrajenim nosilcem ali zdru\u017eljivost z vodilnimi avtomobilskimi sede\u017ei (BeSafe, Cybex, Nuna, Maxi-Cosi, Avionaut, Britax)<\/li>\n<li class=\"first:mt-1.5\">ErgoPromise 10-letna garancija zagotavlja kakovost in dolgo \u017eivljenjsko dobo<\/li>\n<\/ul>\n<p><strong>Ob nakupu vozi\u010dka Metro 3 prejmete brezpla\u010dno nosilko za dojen\u010dka Ergobaby Away!<br \/>\n<\/strong>Barve nosilke ni mogo\u010de izbrati. Ponudba velja do 20.07.2025. ali do odprodaje zalog.<\/p>\n","protected":false},"featured_media":244780,"comment_status":"closed","ping_status":"closed","template":"","meta":{"_acf_changed":false,"footnotes":""},"product_brand":[],"product_cat":[609,551],"product_tag":[],"class_list":{"0":"post-244744","1":"product","2":"type-product","3":"status-publish","4":"has-post-thumbnail","6":"product_cat-kompaktna-kolica","7":"product_cat-djecja-kolica","8":"pa_boja-siva","9":"pa_brand-ergobaby","10":"pa_vrsta-kolica-2u1","11":"pa_vrsta-kolica-kompaktna-kolica","13":"first","14":"instock","15":"shipping-taxable","16":"purchasable","17":"product-type-simple"},"bundled_by":[],"bundle_stock_status":"instock","bundle_stock_quantity":15,"bundle_virtual":false,"bundle_layout":"","bundle_add_to_cart_form_location":"","bundle_editable_in_cart":false,"bundle_sold_individually_context":"","bundle_item_grouping":"","bundle_min_size":"","bundle_max_size":"","bundle_price":[],"bundled_items":[],"bundle_sell_ids":[],"acf":[],"yoast_head":"<!-- This site is optimized with the Yoast SEO Premium plugin v21.5 (Yoast SEO v27.4) - https:\/\/yoast.com\/product\/yoast-seo-premium-wordpress\/ -->\n<title>Otro\u0161ki vozi\u010dek Ergobaby Metro 3 - grafitno siv - NajNaj.eu<\/title>\n<meta name=\"description\" content=\"Kompakten in lahek vozi\u010dek Ergobaby Metro3 za potovanja in mesto: samodejno zlaganje, udobje od rojstva do 22 kg, z 10-letno garancijo.\" \/>\n<meta name=\"robots\" content=\"index, follow, max-snippet:-1, max-image-preview:large, max-video-preview:-1\" \/>\n<link rel=\"canonical\" href=\"https:\/\/najnaj.eu\/sl\/izdelek\/vozicek-ergobaby-metro-3-onyx-black-kopiraj\/\" \/>\n<meta property=\"og:locale\" content=\"sl_SI\" \/>\n<meta property=\"og:type\" content=\"article\" \/>\n<meta property=\"og:title\" content=\"Otro\u0161ki vozi\u010dek Ergobaby Metro 3 - grafitno siv\" \/>\n<meta property=\"og:description\" content=\"Kompakten in lahek vozi\u010dek Ergobaby Metro3 za potovanja in mesto: samodejno zlaganje, udobje od rojstva do 22 kg, z 10-letno garancijo.\" \/>\n<meta property=\"og:url\" content=\"https:\/\/najnaj.eu\/sl\/izdelek\/vozicek-ergobaby-metro-3-onyx-black-kopiraj\/\" \/>\n<meta property=\"og:site_name\" content=\"NajNaj.eu\" \/>\n<meta property=\"article:publisher\" content=\"https:\/\/web.facebook.com\/najnaj.eu\/\" \/>\n<meta property=\"article:modified_time\" content=\"2026-03-24T09:50:24+00:00\" \/>\n<meta property=\"og:image\" content=\"https:\/\/najnaj.eu\/wp-content\/uploads\/2025\/03\/Metro3-Graphite-Grey-away.jpg\" \/>\n\t<meta property=\"og:image:width\" content=\"1080\" \/>\n\t<meta property=\"og:image:height\" content=\"1080\" \/>\n\t<meta property=\"og:image:type\" content=\"image\/jpeg\" \/>\n<meta name=\"twitter:card\" content=\"summary_large_image\" \/>\n<meta name=\"twitter:label1\" content=\"Price\" \/>\n\t<meta name=\"twitter:data1\" content=\"399,90&nbsp;&euro;\" \/>\n\t<meta name=\"twitter:label2\" content=\"Availability\" \/>\n\t<meta name=\"twitter:data2\" content=\"In stock\" \/>\n<script type=\"application\/ld+json\" class=\"yoast-schema-graph\">{\"@context\":\"https:\\\/\\\/schema.org\",\"@graph\":[{\"@type\":\"WebPage\",\"@id\":\"https:\\\/\\\/najnaj.eu\\\/sl\\\/izdelek\\\/vozicek-ergobaby-metro-3-onyx-black-kopiraj\\\/\",\"url\":\"https:\\\/\\\/najnaj.eu\\\/sl\\\/izdelek\\\/vozicek-ergobaby-metro-3-onyx-black-kopiraj\\\/\",\"name\":\"Otro\u0161ki vozi\u010dek Ergobaby Metro 3 - grafitno siv - NajNaj.eu\",\"isPartOf\":{\"@id\":\"https:\\\/\\\/najnaj.eu\\\/sl\\\/#website\"},\"primaryImageOfPage\":{\"@id\":\"https:\\\/\\\/najnaj.eu\\\/sl\\\/izdelek\\\/vozicek-ergobaby-metro-3-onyx-black-kopiraj\\\/#primaryimage\"},\"image\":{\"@id\":\"https:\\\/\\\/najnaj.eu\\\/sl\\\/izdelek\\\/vozicek-ergobaby-metro-3-onyx-black-kopiraj\\\/#primaryimage\"},\"thumbnailUrl\":\"https:\\\/\\\/najnaj.eu\\\/wp-content\\\/uploads\\\/2025\\\/03\\\/metro-3-grey-03-1.jpg\",\"datePublished\":\"2025-03-28T12:26:22+00:00\",\"dateModified\":\"2026-03-24T09:50:24+00:00\",\"description\":\"Kompakten in lahek vozi\u010dek Ergobaby Metro3 za potovanja in mesto: samodejno zlaganje, udobje od rojstva do 22 kg, z 10-letno garancijo.\",\"breadcrumb\":{\"@id\":\"https:\\\/\\\/najnaj.eu\\\/sl\\\/izdelek\\\/vozicek-ergobaby-metro-3-onyx-black-kopiraj\\\/#breadcrumb\"},\"inLanguage\":\"sl-SI\",\"potentialAction\":[{\"@type\":\"ReadAction\",\"target\":[\"https:\\\/\\\/najnaj.eu\\\/sl\\\/izdelek\\\/vozicek-ergobaby-metro-3-onyx-black-kopiraj\\\/\"]}]},{\"@type\":\"ImageObject\",\"inLanguage\":\"sl-SI\",\"@id\":\"https:\\\/\\\/najnaj.eu\\\/sl\\\/izdelek\\\/vozicek-ergobaby-metro-3-onyx-black-kopiraj\\\/#primaryimage\",\"url\":\"https:\\\/\\\/najnaj.eu\\\/wp-content\\\/uploads\\\/2025\\\/03\\\/metro-3-grey-03-1.jpg\",\"contentUrl\":\"https:\\\/\\\/najnaj.eu\\\/wp-content\\\/uploads\\\/2025\\\/03\\\/metro-3-grey-03-1.jpg\",\"width\":2400,\"height\":2400},{\"@type\":\"BreadcrumbList\",\"@id\":\"https:\\\/\\\/najnaj.eu\\\/sl\\\/izdelek\\\/vozicek-ergobaby-metro-3-onyx-black-kopiraj\\\/#breadcrumb\",\"itemListElement\":[{\"@type\":\"ListItem\",\"position\":1,\"name\":\"Po\u010detna stranica\",\"item\":\"https:\\\/\\\/najnaj.eu\\\/sl\\\/prednja-stran\\\/\"},{\"@type\":\"ListItem\",\"position\":2,\"name\":\"Shop\",\"item\":\"https:\\\/\\\/najnaj.eu\\\/sl\\\/shop\\\/\"},{\"@type\":\"ListItem\",\"position\":3,\"name\":\"Otro\u0161ki vozi\u010dek Ergobaby Metro 3 &#8211; grafitno siv\"}]},{\"@type\":\"WebSite\",\"@id\":\"https:\\\/\\\/najnaj.eu\\\/sl\\\/#website\",\"url\":\"https:\\\/\\\/najnaj.eu\\\/sl\\\/\",\"name\":\"NajNaj.eu\",\"description\":\"Za najva\u017enije!\",\"publisher\":{\"@id\":\"https:\\\/\\\/najnaj.eu\\\/sl\\\/#organization\"},\"potentialAction\":[{\"@type\":\"SearchAction\",\"target\":{\"@type\":\"EntryPoint\",\"urlTemplate\":\"https:\\\/\\\/najnaj.eu\\\/sl\\\/?s={search_term_string}\"},\"query-input\":{\"@type\":\"PropertyValueSpecification\",\"valueRequired\":true,\"valueName\":\"search_term_string\"}}],\"inLanguage\":\"sl-SI\"},{\"@type\":\"Organization\",\"@id\":\"https:\\\/\\\/najnaj.eu\\\/sl\\\/#organization\",\"name\":\"NajNaj.eu\",\"url\":\"https:\\\/\\\/najnaj.eu\\\/sl\\\/\",\"logo\":{\"@type\":\"ImageObject\",\"inLanguage\":\"sl-SI\",\"@id\":\"https:\\\/\\\/najnaj.eu\\\/sl\\\/#\\\/schema\\\/logo\\\/image\\\/\",\"url\":\"https:\\\/\\\/najnaj.eu\\\/wp-content\\\/uploads\\\/2023\\\/09\\\/logo_Najnaj_2023.svg\",\"contentUrl\":\"https:\\\/\\\/najnaj.eu\\\/wp-content\\\/uploads\\\/2023\\\/09\\\/logo_Najnaj_2023.svg\",\"width\":501,\"height\":278,\"caption\":\"NajNaj.eu\"},\"image\":{\"@id\":\"https:\\\/\\\/najnaj.eu\\\/sl\\\/#\\\/schema\\\/logo\\\/image\\\/\"},\"sameAs\":[\"https:\\\/\\\/web.facebook.com\\\/najnaj.eu\\\/\",\"https:\\\/\\\/www.instagram.com\\\/najnaj.eu\\\/\",\"https:\\\/\\\/www.tiktok.com\\\/@najnaj.eu\"]}]}<\/script>\n<meta property=\"product:brand\" content=\"Ergobaby\" \/>\n<meta property=\"product:price:amount\" content=\"399.90\" \/>\n<meta property=\"product:price:currency\" content=\"EUR\" \/>\n<meta property=\"og:availability\" content=\"instock\" \/>\n<meta property=\"product:availability\" content=\"instock\" \/>\n<meta property=\"product:retailer_item_id\" content=\"METRO3GRAPHEU\" \/>\n<meta property=\"product:condition\" content=\"new\" \/>\n<!-- \/ Yoast SEO Premium plugin. -->","yoast_head_json":{"title":"Otro\u0161ki vozi\u010dek Ergobaby Metro 3 - grafitno siv - NajNaj.eu","description":"Kompakten in lahek vozi\u010dek Ergobaby Metro3 za potovanja in mesto: samodejno zlaganje, udobje od rojstva do 22 kg, z 10-letno garancijo.","robots":{"index":"index","follow":"follow","max-snippet":"max-snippet:-1","max-image-preview":"max-image-preview:large","max-video-preview":"max-video-preview:-1"},"canonical":"https:\/\/najnaj.eu\/sl\/izdelek\/vozicek-ergobaby-metro-3-onyx-black-kopiraj\/","og_locale":"sl_SI","og_type":"article","og_title":"Otro\u0161ki vozi\u010dek Ergobaby Metro 3 - grafitno siv","og_description":"Kompakten in lahek vozi\u010dek Ergobaby Metro3 za potovanja in mesto: samodejno zlaganje, udobje od rojstva do 22 kg, z 10-letno garancijo.","og_url":"https:\/\/najnaj.eu\/sl\/izdelek\/vozicek-ergobaby-metro-3-onyx-black-kopiraj\/","og_site_name":"NajNaj.eu","article_publisher":"https:\/\/web.facebook.com\/najnaj.eu\/","article_modified_time":"2026-03-24T09:50:24+00:00","og_image":[{"width":1080,"height":1080,"url":"https:\/\/najnaj.eu\/wp-content\/uploads\/2025\/03\/Metro3-Graphite-Grey-away.jpg","type":"image\/jpeg"}],"twitter_card":"summary_large_image","twitter_misc":{"Price":"399,90&nbsp;&euro;","Availability":"In stock"},"schema":{"@context":"https:\/\/schema.org","@graph":[{"@type":"WebPage","@id":"https:\/\/najnaj.eu\/sl\/izdelek\/vozicek-ergobaby-metro-3-onyx-black-kopiraj\/","url":"https:\/\/najnaj.eu\/sl\/izdelek\/vozicek-ergobaby-metro-3-onyx-black-kopiraj\/","name":"Otro\u0161ki vozi\u010dek Ergobaby Metro 3 - grafitno siv - NajNaj.eu","isPartOf":{"@id":"https:\/\/najnaj.eu\/sl\/#website"},"primaryImageOfPage":{"@id":"https:\/\/najnaj.eu\/sl\/izdelek\/vozicek-ergobaby-metro-3-onyx-black-kopiraj\/#primaryimage"},"image":{"@id":"https:\/\/najnaj.eu\/sl\/izdelek\/vozicek-ergobaby-metro-3-onyx-black-kopiraj\/#primaryimage"},"thumbnailUrl":"https:\/\/najnaj.eu\/wp-content\/uploads\/2025\/03\/metro-3-grey-03-1.jpg","datePublished":"2025-03-28T12:26:22+00:00","dateModified":"2026-03-24T09:50:24+00:00","description":"Kompakten in lahek vozi\u010dek Ergobaby Metro3 za potovanja in mesto: samodejno zlaganje, udobje od rojstva do 22 kg, z 10-letno garancijo.","breadcrumb":{"@id":"https:\/\/najnaj.eu\/sl\/izdelek\/vozicek-ergobaby-metro-3-onyx-black-kopiraj\/#breadcrumb"},"inLanguage":"sl-SI","potentialAction":[{"@type":"ReadAction","target":["https:\/\/najnaj.eu\/sl\/izdelek\/vozicek-ergobaby-metro-3-onyx-black-kopiraj\/"]}]},{"@type":"ImageObject","inLanguage":"sl-SI","@id":"https:\/\/najnaj.eu\/sl\/izdelek\/vozicek-ergobaby-metro-3-onyx-black-kopiraj\/#primaryimage","url":"https:\/\/najnaj.eu\/wp-content\/uploads\/2025\/03\/metro-3-grey-03-1.jpg","contentUrl":"https:\/\/najnaj.eu\/wp-content\/uploads\/2025\/03\/metro-3-grey-03-1.jpg","width":2400,"height":2400},{"@type":"BreadcrumbList","@id":"https:\/\/najnaj.eu\/sl\/izdelek\/vozicek-ergobaby-metro-3-onyx-black-kopiraj\/#breadcrumb","itemListElement":[{"@type":"ListItem","position":1,"name":"Po\u010detna stranica","item":"https:\/\/najnaj.eu\/sl\/prednja-stran\/"},{"@type":"ListItem","position":2,"name":"Shop","item":"https:\/\/najnaj.eu\/sl\/shop\/"},{"@type":"ListItem","position":3,"name":"Otro\u0161ki vozi\u010dek Ergobaby Metro 3 &#8211; grafitno siv"}]},{"@type":"WebSite","@id":"https:\/\/najnaj.eu\/sl\/#website","url":"https:\/\/najnaj.eu\/sl\/","name":"NajNaj.eu","description":"Za najva\u017enije!","publisher":{"@id":"https:\/\/najnaj.eu\/sl\/#organization"},"potentialAction":[{"@type":"SearchAction","target":{"@type":"EntryPoint","urlTemplate":"https:\/\/najnaj.eu\/sl\/?s={search_term_string}"},"query-input":{"@type":"PropertyValueSpecification","valueRequired":true,"valueName":"search_term_string"}}],"inLanguage":"sl-SI"},{"@type":"Organization","@id":"https:\/\/najnaj.eu\/sl\/#organization","name":"NajNaj.eu","url":"https:\/\/najnaj.eu\/sl\/","logo":{"@type":"ImageObject","inLanguage":"sl-SI","@id":"https:\/\/najnaj.eu\/sl\/#\/schema\/logo\/image\/","url":"https:\/\/najnaj.eu\/wp-content\/uploads\/2023\/09\/logo_Najnaj_2023.svg","contentUrl":"https:\/\/najnaj.eu\/wp-content\/uploads\/2023\/09\/logo_Najnaj_2023.svg","width":501,"height":278,"caption":"NajNaj.eu"},"image":{"@id":"https:\/\/najnaj.eu\/sl\/#\/schema\/logo\/image\/"},"sameAs":["https:\/\/web.facebook.com\/najnaj.eu\/","https:\/\/www.instagram.com\/najnaj.eu\/","https:\/\/www.tiktok.com\/@najnaj.eu"]}]},"product_brand":"Ergobaby","product_price_amount":"399.90","product_price_currency":"EUR","og_availability":"instock","product_availability":"instock","product_retailer_item_id":"METRO3GRAPHEU","product_condition":"new"},"_links":{"self":[{"href":"https:\/\/najnaj.eu\/sl\/wp-json\/wp\/v2\/product\/244744","targetHints":{"allow":["GET"]}}],"collection":[{"href":"https:\/\/najnaj.eu\/sl\/wp-json\/wp\/v2\/product"}],"about":[{"href":"https:\/\/najnaj.eu\/sl\/wp-json\/wp\/v2\/types\/product"}],"replies":[{"embeddable":true,"href":"https:\/\/najnaj.eu\/sl\/wp-json\/wp\/v2\/comments?post=244744"}],"version-history":[{"count":0,"href":"https:\/\/najnaj.eu\/sl\/wp-json\/wp\/v2\/product\/244744\/revisions"}],"wp:featuredmedia":[{"embeddable":true,"href":"https:\/\/najnaj.eu\/sl\/wp-json\/wp\/v2\/media\/244780"}],"wp:attachment":[{"href":"https:\/\/najnaj.eu\/sl\/wp-json\/wp\/v2\/media?parent=244744"}],"wp:term":[{"taxonomy":"product_brand","embeddable":true,"href":"https:\/\/najnaj.eu\/sl\/wp-json\/wp\/v2\/product_brand?post=244744"},{"taxonomy":"product_cat","embeddable":true,"href":"https:\/\/najnaj.eu\/sl\/wp-json\/wp\/v2\/product_cat?post=244744"},{"taxonomy":"product_tag","embeddable":true,"href":"https:\/\/najnaj.eu\/sl\/wp-json\/wp\/v2\/product_tag?post=244744"}],"curies":[{"name":"wp","href":"https:\/\/api.w.org\/{rel}","templated":true}]}}