{"id":242791,"date":"2025-02-25T15:46:54","date_gmt":"2025-02-25T14:46:54","guid":{"rendered":"https:\/\/najnaj.eu\/?post_type=product&#038;p=242791"},"modified":"2026-03-07T10:23:56","modified_gmt":"2026-03-07T09:23:56","slug":"sleepytroll-baby-rocker-gen-2","status":"publish","type":"product","link":"https:\/\/najnaj.eu\/sl\/izdelek\/sleepytroll-baby-rocker-gen-2\/","title":{"rendered":"Sleepytroll Baby Rocker Gen 2"},"content":{"rendered":"<p><strong>\u0160to je uklju\u010deno?<\/strong><\/p>\n<p>1 x Sleepytroll baby rocker<br \/>\n1 x USB-C kabel<br \/>\n1 x korisni\u010dki priru\u010dnik<\/p>\n<p><strong>Sigurnost shva\u0107amo ozbiljno<\/strong><br \/>\nSigurnost Sleepytrolla testirao je T\u00dcV, jedan od vode\u0107ih svjetskih pru\u017eatelja usluga testiranja. Sukladan je s CE i FCC propisima koji se odnose na izlo\u017eenost elektromagnetskim poljima i ROHS (Smanjenje opasnih tvari).<br \/>\nSleepytroll koristi sigurne NiMH baterije (ne litijeve). Sleepytroll se mo\u017ee sigurno ponijeti u avion.<\/p>\n<p><strong>Jednostavan za kori\u0161tenje<\/strong><br \/>\nPretvorite svoja kolica u oazu za ljuljanje za va\u0161eg mali\u0161ana uz Sleepytroll Baby Rocker. Zahvaljuju\u0107i integriranom remenu, mo\u017eete ga jednostavno montirati na bilo koja kolica, pru\u017eaju\u0107i svojoj bebi udobno i umiruju\u0107e ljuljanje.<\/p>\n<p><strong>Va\u017ene napomene<\/strong><br \/>\nUre\u0111aj treba montirati u okomitom polo\u017eaju. Kori\u0161tenje dok ne visi okomito<br \/>\nskratit \u0107e \u017eivotni vijek motora.<\/p>\n<p>Proizvod treba biti \u010dvrsto pri\u010dvr\u0161\u0107en (ne labav). Kolica se trebaju ljulju\u0161kati, ne i sam ure\u0111aj!<\/p>\n<p><strong>\u017delite li ga koristiti za kreveti\u0107e ili le\u017ealjke?<\/strong><br \/>\nZa kori\u0161tenje na kreveti\u0107u potrebni su adapter za kreveti\u0107 i noge za kreveti\u0107 (kupuju se zasebno).<br \/>\nZa kori\u0161tenje na le\u017ealjci potreban je adapter za le\u017ealjku (kupuje se zasebno).<\/p>\n","protected":false},"excerpt":{"rendered":"<p>Sleepytroll Baby Rocker Gen2 je punjiv, prijenosni ure\u0111aj za ljuljanje mali\u0161ana s ugra\u0111enim senzorima pokreta i zvuka koji nje\u017enim ljuljanjem olak\u0161ava proces usnivanja i odr\u017eava miran san bebe.<\/p>\n<p><strong>Svestran<\/strong>: Jednostavno se postavlja integriranim remenom i mo\u017ee se koristiti na kolicima, le\u017ealjkama*, kreveti\u0107ima* i autosjedalicama<\/p>\n<p><strong>Neprekidno ljuljanje:<\/strong> Nudi do 3 sata nje\u017enog i neprekidnog ljuljanja uz kori\u0161tenje mobilne aplikacije, ili 1 sat ljuljanja pritiskom na gumb ure\u0111aja<\/p>\n<p><strong>Dugotrajno trajanje baterije:<\/strong> Umiruje va\u0161eg mali\u0161ana cijeli dan uz trajanje baterije do 12 sati, uz samo jedno punjenje u trajanju od 2,5 sata<\/p>\n<p><strong>Upravljanje aplikacijom:<\/strong> U\u017eivajte u potpunoj kontroli na dohvat ruke\u2014prilagodite programe spavanja, primajte obavijesti, pristupite stru\u010dnim savjetima i jo\u0161 mnogo toga putem nove aplikacije Sleepytroll.<\/p>\n<p><strong>Senzorni na\u010din rada:<\/strong> S obzirom na ugra\u0111ene senzore pokreta i zvuka, kada beba postane nemirna ili se probudi,<br \/>\nSleepytroll rocker automatski po\u010dinje ljuljati kolica na tri minute \u0161to poma\u017ee bebi pri smirivanju i br\u017eem usnivanju.<\/p>\n<p><strong>Punjenje:<\/strong> U pakiranju dolazi s USB-C kabelom za brzo i jednostavno punjenje.<\/p>\n<p><strong>Sna\u017eni motor:<\/strong> Pode\u0161avanje intenziteta koji odgovara potrebama va\u0161e bebe; ljulja \u010dak i kolica za blizance.<\/p>\n<p><strong>Vodootporan:<\/strong> Osmi\u0161ljen za svakodnevno kori\u0161tenje uz IPX4 ocjenu osiguravaju\u0107i izdr\u017eljivost u razli\u010ditim vremenskim uvjetima.<\/p>\n<p><strong>Dizajnirano u Skandinaviji:<\/strong> Kombinacija kvalitetne izrade s modernom inovacijom za vrhunsko iskustvo.<\/p>\n<p><strong>Testirana sigurnost:<\/strong> Sigurnost Sleepytrolla testirao je T\u00dcV, jedan od vode\u0107ih svjetskih pru\u017eatelja usluga testiranja kako bi se osigurali najvi\u0161i sigurnosni standardi za va\u0161u bebu.<\/p>\n<p><em>*Napomena: <a href=\"https:\/\/najnaj.eu\/kategorija-proizvoda\/odmor\/djecja-sobica\/ostalo-djecja-sobica\/?brand=sleepytroll\" target=\"_blank\" rel=\"noopener\">Adapteri<\/a> se kupuju zasebno.<\/em><\/p>\n","protected":false},"featured_media":242794,"comment_status":"closed","ping_status":"closed","template":"","meta":{"_acf_changed":false,"footnotes":""},"product_brand":[],"product_cat":[604,552,611,2297,649,672,2294],"product_tag":[],"class_list":{"0":"post-242791","1":"product","2":"type-product","3":"status-publish","4":"has-post-thumbnail","6":"product_cat-dodaci-za-djecji-krevetic","7":"product_cat-dodaci-za-kolica","8":"product_cat-lezaljke","9":"product_cat-motori-za-ljuljanje","10":"product_cat-ostalo","11":"product_cat-ostalo-djecja-sobica","12":"product_cat-uspavljivanje-i-ljuljanje","13":"pa_boja-boja-koze","14":"pa_boja-crna","15":"pa_brand-sleepytroll","17":"first","18":"instock","19":"shipping-taxable","20":"purchasable","21":"product-type-simple"},"bundled_by":[],"bundle_stock_status":"instock","bundle_stock_quantity":15,"bundle_virtual":false,"bundle_layout":"","bundle_add_to_cart_form_location":"","bundle_editable_in_cart":false,"bundle_sold_individually_context":"","bundle_item_grouping":"","bundle_min_size":"","bundle_max_size":"","bundle_price":[],"bundled_items":[],"bundle_sell_ids":[],"acf":[],"yoast_head":"<!-- This site is optimized with the Yoast SEO Premium plugin v21.5 (Yoast SEO v27.3) - https:\/\/yoast.com\/product\/yoast-seo-premium-wordpress\/ -->\n<title>Sleepytroll Baby Rocker Gen 2 - NajNaj.eu<\/title>\n<meta name=\"robots\" content=\"index, follow, max-snippet:-1, max-image-preview:large, max-video-preview:-1\" \/>\n<link rel=\"canonical\" href=\"https:\/\/najnaj.eu\/sl\/izdelek\/sleepytroll-baby-rocker-gen-2\/\" \/>\n<meta property=\"og:locale\" content=\"sl_SI\" \/>\n<meta property=\"og:type\" content=\"article\" \/>\n<meta property=\"og:title\" content=\"Sleepytroll Baby Rocker Gen 2\" \/>\n<meta property=\"og:description\" content=\"Sleepytroll Baby Rocker Gen2 je punjiv, prijenosni ure\u0111aj za ljuljanje mali\u0161ana s ugra\u0111enim senzorima pokreta i zvuka koji nje\u017enim ljuljanjem olak\u0161ava proces usnivanja i odr\u017eava miran san bebe.  Svestran: Jednostavno se postavlja integriranim remenom i mo\u017ee se koristiti na kolicima, le\u017ealjkama*, kreveti\u0107ima* i autosjedalicama  Neprekidno ljuljanje: Nudi do 3 sata nje\u017enog i neprekidnog ljuljanja uz kori\u0161tenje mobilne aplikacije, ili 1 sat ljuljanja pritiskom na gumb ure\u0111aja  Dugotrajno trajanje baterije: Umiruje va\u0161eg mali\u0161ana cijeli dan uz trajanje baterije do 12 sati, uz samo jedno punjenje u trajanju od 2,5 sata  Upravljanje aplikacijom: U\u017eivajte u potpunoj kontroli na dohvat ruke\u2014prilagodite programe spavanja, primajte obavijesti, pristupite stru\u010dnim savjetima i jo\u0161 mnogo toga putem nove aplikacije Sleepytroll.  Senzorni na\u010din rada: S obzirom na ugra\u0111ene senzore pokreta i zvuka, kada beba postane nemirna ili se probudi, Sleepytroll rocker automatski po\u010dinje ljuljati kolica na tri minute \u0161to poma\u017ee bebi pri smirivanju i br\u017eem usnivanju.  Punjenje: U pakiranju dolazi s USB-C kabelom za brzo i jednostavno punjenje.  Sna\u017eni motor: Pode\u0161avanje intenziteta koji odgovara potrebama va\u0161e bebe; ljulja \u010dak i kolica za blizance.  Vodootporan: Osmi\u0161ljen za svakodnevno kori\u0161tenje uz IPX4 ocjenu osiguravaju\u0107i izdr\u017eljivost u razli\u010ditim vremenskim uvjetima.  Dizajnirano u Skandinaviji: Kombinacija kvalitetne izrade s modernom inovacijom za vrhunsko iskustvo.  Testirana sigurnost: Sigurnost Sleepytrolla testirao je T\u00dcV, jedan od vode\u0107ih svjetskih pru\u017eatelja usluga testiranja kako bi se osigurali najvi\u0161i sigurnosni standardi za va\u0161u bebu.  *Napomena: Adapteri se kupuju zasebno.\" \/>\n<meta property=\"og:url\" content=\"https:\/\/najnaj.eu\/sl\/izdelek\/sleepytroll-baby-rocker-gen-2\/\" \/>\n<meta property=\"og:site_name\" content=\"NajNaj.eu\" \/>\n<meta property=\"article:publisher\" content=\"https:\/\/web.facebook.com\/najnaj.eu\/\" \/>\n<meta property=\"article:modified_time\" content=\"2026-03-07T09:23:56+00:00\" \/>\n<meta property=\"og:image\" content=\"https:\/\/najnaj.eu\/wp-content\/uploads\/2025\/02\/Sleepytroll-Render-Beige-Transparent-WEB.jpg\" \/>\n\t<meta property=\"og:image:width\" content=\"1872\" \/>\n\t<meta property=\"og:image:height\" content=\"2400\" \/>\n\t<meta property=\"og:image:type\" content=\"image\/jpeg\" \/>\n<meta name=\"twitter:card\" content=\"summary_large_image\" \/>\n<meta name=\"twitter:label1\" content=\"Price\" \/>\n\t<meta name=\"twitter:data1\" content=\"149,90&nbsp;&euro;\" \/>\n\t<meta name=\"twitter:label2\" content=\"Availability\" \/>\n\t<meta name=\"twitter:data2\" content=\"In stock\" \/>\n<script type=\"application\/ld+json\" class=\"yoast-schema-graph\">{\"@context\":\"https:\\\/\\\/schema.org\",\"@graph\":[{\"@type\":\"WebPage\",\"@id\":\"https:\\\/\\\/najnaj.eu\\\/sl\\\/izdelek\\\/sleepytroll-baby-rocker-gen-2\\\/\",\"url\":\"https:\\\/\\\/najnaj.eu\\\/sl\\\/izdelek\\\/sleepytroll-baby-rocker-gen-2\\\/\",\"name\":\"Sleepytroll Baby Rocker Gen 2 - NajNaj.eu\",\"isPartOf\":{\"@id\":\"https:\\\/\\\/najnaj.eu\\\/sl\\\/#website\"},\"primaryImageOfPage\":{\"@id\":\"https:\\\/\\\/najnaj.eu\\\/sl\\\/izdelek\\\/sleepytroll-baby-rocker-gen-2\\\/#primaryimage\"},\"image\":{\"@id\":\"https:\\\/\\\/najnaj.eu\\\/sl\\\/izdelek\\\/sleepytroll-baby-rocker-gen-2\\\/#primaryimage\"},\"thumbnailUrl\":\"https:\\\/\\\/najnaj.eu\\\/wp-content\\\/uploads\\\/2025\\\/02\\\/Sleepytroll-Render-Beige-Transparent-WEB.jpg\",\"datePublished\":\"2025-02-25T14:46:54+00:00\",\"dateModified\":\"2026-03-07T09:23:56+00:00\",\"breadcrumb\":{\"@id\":\"https:\\\/\\\/najnaj.eu\\\/sl\\\/izdelek\\\/sleepytroll-baby-rocker-gen-2\\\/#breadcrumb\"},\"inLanguage\":\"sl-SI\",\"potentialAction\":[{\"@type\":\"ReadAction\",\"target\":[\"https:\\\/\\\/najnaj.eu\\\/sl\\\/izdelek\\\/sleepytroll-baby-rocker-gen-2\\\/\"]}]},{\"@type\":\"ImageObject\",\"inLanguage\":\"sl-SI\",\"@id\":\"https:\\\/\\\/najnaj.eu\\\/sl\\\/izdelek\\\/sleepytroll-baby-rocker-gen-2\\\/#primaryimage\",\"url\":\"https:\\\/\\\/najnaj.eu\\\/wp-content\\\/uploads\\\/2025\\\/02\\\/Sleepytroll-Render-Beige-Transparent-WEB.jpg\",\"contentUrl\":\"https:\\\/\\\/najnaj.eu\\\/wp-content\\\/uploads\\\/2025\\\/02\\\/Sleepytroll-Render-Beige-Transparent-WEB.jpg\",\"width\":1872,\"height\":2400},{\"@type\":\"BreadcrumbList\",\"@id\":\"https:\\\/\\\/najnaj.eu\\\/sl\\\/izdelek\\\/sleepytroll-baby-rocker-gen-2\\\/#breadcrumb\",\"itemListElement\":[{\"@type\":\"ListItem\",\"position\":1,\"name\":\"Po\u010detna stranica\",\"item\":\"https:\\\/\\\/najnaj.eu\\\/sl\\\/prednja-stran\\\/\"},{\"@type\":\"ListItem\",\"position\":2,\"name\":\"Shop\",\"item\":\"https:\\\/\\\/najnaj.eu\\\/sl\\\/shop\\\/\"},{\"@type\":\"ListItem\",\"position\":3,\"name\":\"Sleepytroll Baby Rocker Gen 2\"}]},{\"@type\":\"WebSite\",\"@id\":\"https:\\\/\\\/najnaj.eu\\\/sl\\\/#website\",\"url\":\"https:\\\/\\\/najnaj.eu\\\/sl\\\/\",\"name\":\"NajNaj.eu\",\"description\":\"Za najva\u017enije!\",\"publisher\":{\"@id\":\"https:\\\/\\\/najnaj.eu\\\/sl\\\/#organization\"},\"potentialAction\":[{\"@type\":\"SearchAction\",\"target\":{\"@type\":\"EntryPoint\",\"urlTemplate\":\"https:\\\/\\\/najnaj.eu\\\/sl\\\/?s={search_term_string}\"},\"query-input\":{\"@type\":\"PropertyValueSpecification\",\"valueRequired\":true,\"valueName\":\"search_term_string\"}}],\"inLanguage\":\"sl-SI\"},{\"@type\":\"Organization\",\"@id\":\"https:\\\/\\\/najnaj.eu\\\/sl\\\/#organization\",\"name\":\"NajNaj.eu\",\"url\":\"https:\\\/\\\/najnaj.eu\\\/sl\\\/\",\"logo\":{\"@type\":\"ImageObject\",\"inLanguage\":\"sl-SI\",\"@id\":\"https:\\\/\\\/najnaj.eu\\\/sl\\\/#\\\/schema\\\/logo\\\/image\\\/\",\"url\":\"https:\\\/\\\/najnaj.eu\\\/wp-content\\\/uploads\\\/2023\\\/09\\\/logo_Najnaj_2023.svg\",\"contentUrl\":\"https:\\\/\\\/najnaj.eu\\\/wp-content\\\/uploads\\\/2023\\\/09\\\/logo_Najnaj_2023.svg\",\"width\":501,\"height\":278,\"caption\":\"NajNaj.eu\"},\"image\":{\"@id\":\"https:\\\/\\\/najnaj.eu\\\/sl\\\/#\\\/schema\\\/logo\\\/image\\\/\"},\"sameAs\":[\"https:\\\/\\\/web.facebook.com\\\/najnaj.eu\\\/\",\"https:\\\/\\\/www.instagram.com\\\/najnaj.eu\\\/\",\"https:\\\/\\\/www.tiktok.com\\\/@najnaj.eu\"]}]}<\/script>\n<meta property=\"product:brand\" content=\"Sleepytroll\" \/>\n<meta property=\"product:price:amount\" content=\"149.90\" \/>\n<meta property=\"product:price:currency\" content=\"EUR\" \/>\n<meta property=\"og:availability\" content=\"instock\" \/>\n<meta property=\"product:availability\" content=\"instock\" \/>\n<meta property=\"product:retailer_item_id\" content=\"SLT002\" \/>\n<meta property=\"product:condition\" content=\"new\" \/>\n<!-- \/ Yoast SEO Premium plugin. -->","yoast_head_json":{"title":"Sleepytroll Baby Rocker Gen 2 - NajNaj.eu","robots":{"index":"index","follow":"follow","max-snippet":"max-snippet:-1","max-image-preview":"max-image-preview:large","max-video-preview":"max-video-preview:-1"},"canonical":"https:\/\/najnaj.eu\/sl\/izdelek\/sleepytroll-baby-rocker-gen-2\/","og_locale":"sl_SI","og_type":"article","og_title":"Sleepytroll Baby Rocker Gen 2","og_description":"Sleepytroll Baby Rocker Gen2 je punjiv, prijenosni ure\u0111aj za ljuljanje mali\u0161ana s ugra\u0111enim senzorima pokreta i zvuka koji nje\u017enim ljuljanjem olak\u0161ava proces usnivanja i odr\u017eava miran san bebe.  Svestran: Jednostavno se postavlja integriranim remenom i mo\u017ee se koristiti na kolicima, le\u017ealjkama*, kreveti\u0107ima* i autosjedalicama  Neprekidno ljuljanje: Nudi do 3 sata nje\u017enog i neprekidnog ljuljanja uz kori\u0161tenje mobilne aplikacije, ili 1 sat ljuljanja pritiskom na gumb ure\u0111aja  Dugotrajno trajanje baterije: Umiruje va\u0161eg mali\u0161ana cijeli dan uz trajanje baterije do 12 sati, uz samo jedno punjenje u trajanju od 2,5 sata  Upravljanje aplikacijom: U\u017eivajte u potpunoj kontroli na dohvat ruke\u2014prilagodite programe spavanja, primajte obavijesti, pristupite stru\u010dnim savjetima i jo\u0161 mnogo toga putem nove aplikacije Sleepytroll.  Senzorni na\u010din rada: S obzirom na ugra\u0111ene senzore pokreta i zvuka, kada beba postane nemirna ili se probudi, Sleepytroll rocker automatski po\u010dinje ljuljati kolica na tri minute \u0161to poma\u017ee bebi pri smirivanju i br\u017eem usnivanju.  Punjenje: U pakiranju dolazi s USB-C kabelom za brzo i jednostavno punjenje.  Sna\u017eni motor: Pode\u0161avanje intenziteta koji odgovara potrebama va\u0161e bebe; ljulja \u010dak i kolica za blizance.  Vodootporan: Osmi\u0161ljen za svakodnevno kori\u0161tenje uz IPX4 ocjenu osiguravaju\u0107i izdr\u017eljivost u razli\u010ditim vremenskim uvjetima.  Dizajnirano u Skandinaviji: Kombinacija kvalitetne izrade s modernom inovacijom za vrhunsko iskustvo.  Testirana sigurnost: Sigurnost Sleepytrolla testirao je T\u00dcV, jedan od vode\u0107ih svjetskih pru\u017eatelja usluga testiranja kako bi se osigurali najvi\u0161i sigurnosni standardi za va\u0161u bebu.  *Napomena: Adapteri se kupuju zasebno.","og_url":"https:\/\/najnaj.eu\/sl\/izdelek\/sleepytroll-baby-rocker-gen-2\/","og_site_name":"NajNaj.eu","article_publisher":"https:\/\/web.facebook.com\/najnaj.eu\/","article_modified_time":"2026-03-07T09:23:56+00:00","og_image":[{"width":1872,"height":2400,"url":"https:\/\/najnaj.eu\/wp-content\/uploads\/2025\/02\/Sleepytroll-Render-Beige-Transparent-WEB.jpg","type":"image\/jpeg"}],"twitter_card":"summary_large_image","twitter_misc":{"Price":"149,90&nbsp;&euro;","Availability":"In stock"},"schema":{"@context":"https:\/\/schema.org","@graph":[{"@type":"WebPage","@id":"https:\/\/najnaj.eu\/sl\/izdelek\/sleepytroll-baby-rocker-gen-2\/","url":"https:\/\/najnaj.eu\/sl\/izdelek\/sleepytroll-baby-rocker-gen-2\/","name":"Sleepytroll Baby Rocker Gen 2 - NajNaj.eu","isPartOf":{"@id":"https:\/\/najnaj.eu\/sl\/#website"},"primaryImageOfPage":{"@id":"https:\/\/najnaj.eu\/sl\/izdelek\/sleepytroll-baby-rocker-gen-2\/#primaryimage"},"image":{"@id":"https:\/\/najnaj.eu\/sl\/izdelek\/sleepytroll-baby-rocker-gen-2\/#primaryimage"},"thumbnailUrl":"https:\/\/najnaj.eu\/wp-content\/uploads\/2025\/02\/Sleepytroll-Render-Beige-Transparent-WEB.jpg","datePublished":"2025-02-25T14:46:54+00:00","dateModified":"2026-03-07T09:23:56+00:00","breadcrumb":{"@id":"https:\/\/najnaj.eu\/sl\/izdelek\/sleepytroll-baby-rocker-gen-2\/#breadcrumb"},"inLanguage":"sl-SI","potentialAction":[{"@type":"ReadAction","target":["https:\/\/najnaj.eu\/sl\/izdelek\/sleepytroll-baby-rocker-gen-2\/"]}]},{"@type":"ImageObject","inLanguage":"sl-SI","@id":"https:\/\/najnaj.eu\/sl\/izdelek\/sleepytroll-baby-rocker-gen-2\/#primaryimage","url":"https:\/\/najnaj.eu\/wp-content\/uploads\/2025\/02\/Sleepytroll-Render-Beige-Transparent-WEB.jpg","contentUrl":"https:\/\/najnaj.eu\/wp-content\/uploads\/2025\/02\/Sleepytroll-Render-Beige-Transparent-WEB.jpg","width":1872,"height":2400},{"@type":"BreadcrumbList","@id":"https:\/\/najnaj.eu\/sl\/izdelek\/sleepytroll-baby-rocker-gen-2\/#breadcrumb","itemListElement":[{"@type":"ListItem","position":1,"name":"Po\u010detna stranica","item":"https:\/\/najnaj.eu\/sl\/prednja-stran\/"},{"@type":"ListItem","position":2,"name":"Shop","item":"https:\/\/najnaj.eu\/sl\/shop\/"},{"@type":"ListItem","position":3,"name":"Sleepytroll Baby Rocker Gen 2"}]},{"@type":"WebSite","@id":"https:\/\/najnaj.eu\/sl\/#website","url":"https:\/\/najnaj.eu\/sl\/","name":"NajNaj.eu","description":"Za najva\u017enije!","publisher":{"@id":"https:\/\/najnaj.eu\/sl\/#organization"},"potentialAction":[{"@type":"SearchAction","target":{"@type":"EntryPoint","urlTemplate":"https:\/\/najnaj.eu\/sl\/?s={search_term_string}"},"query-input":{"@type":"PropertyValueSpecification","valueRequired":true,"valueName":"search_term_string"}}],"inLanguage":"sl-SI"},{"@type":"Organization","@id":"https:\/\/najnaj.eu\/sl\/#organization","name":"NajNaj.eu","url":"https:\/\/najnaj.eu\/sl\/","logo":{"@type":"ImageObject","inLanguage":"sl-SI","@id":"https:\/\/najnaj.eu\/sl\/#\/schema\/logo\/image\/","url":"https:\/\/najnaj.eu\/wp-content\/uploads\/2023\/09\/logo_Najnaj_2023.svg","contentUrl":"https:\/\/najnaj.eu\/wp-content\/uploads\/2023\/09\/logo_Najnaj_2023.svg","width":501,"height":278,"caption":"NajNaj.eu"},"image":{"@id":"https:\/\/najnaj.eu\/sl\/#\/schema\/logo\/image\/"},"sameAs":["https:\/\/web.facebook.com\/najnaj.eu\/","https:\/\/www.instagram.com\/najnaj.eu\/","https:\/\/www.tiktok.com\/@najnaj.eu"]}]},"product_brand":"Sleepytroll","product_price_amount":"149.90","product_price_currency":"EUR","og_availability":"instock","product_availability":"instock","product_retailer_item_id":"SLT002","product_condition":"new"},"_links":{"self":[{"href":"https:\/\/najnaj.eu\/sl\/wp-json\/wp\/v2\/product\/242791","targetHints":{"allow":["GET"]}}],"collection":[{"href":"https:\/\/najnaj.eu\/sl\/wp-json\/wp\/v2\/product"}],"about":[{"href":"https:\/\/najnaj.eu\/sl\/wp-json\/wp\/v2\/types\/product"}],"replies":[{"embeddable":true,"href":"https:\/\/najnaj.eu\/sl\/wp-json\/wp\/v2\/comments?post=242791"}],"version-history":[{"count":0,"href":"https:\/\/najnaj.eu\/sl\/wp-json\/wp\/v2\/product\/242791\/revisions"}],"wp:featuredmedia":[{"embeddable":true,"href":"https:\/\/najnaj.eu\/sl\/wp-json\/wp\/v2\/media\/242794"}],"wp:attachment":[{"href":"https:\/\/najnaj.eu\/sl\/wp-json\/wp\/v2\/media?parent=242791"}],"wp:term":[{"taxonomy":"product_brand","embeddable":true,"href":"https:\/\/najnaj.eu\/sl\/wp-json\/wp\/v2\/product_brand?post=242791"},{"taxonomy":"product_cat","embeddable":true,"href":"https:\/\/najnaj.eu\/sl\/wp-json\/wp\/v2\/product_cat?post=242791"},{"taxonomy":"product_tag","embeddable":true,"href":"https:\/\/najnaj.eu\/sl\/wp-json\/wp\/v2\/product_tag?post=242791"}],"curies":[{"name":"wp","href":"https:\/\/api.w.org\/{rel}","templated":true}]}}